{"id":89466,"date":"2021-04-14T10:48:55","date_gmt":"2021-04-14T10:48:55","guid":{"rendered":"https:\/\/radiojingles24.com\/?page_id=89466"},"modified":"2021-04-14T10:48:55","modified_gmt":"2021-04-14T10:48:55","slug":"searching-for-professional-radio-voice-over-artists","status":"publish","type":"page","link":"https:\/\/radiojingles24.com\/es\/searching-for-professional-radio-voice-over-artists\/","title":{"rendered":"Searching for Professional Radio Voice Over Artists?"},"content":{"rendered":"<div id=\"fws_69d408444535c\"  data-midnight=\"dark\"  data-bg-mobile-hidden=\"\" class=\"wpb_row vc_row-fluid vc_row top-level standard_section\"  style=\"padding-top: 0px; padding-bottom: 0px; \"><div class=\"row-bg-wrap\" data-bg-animation=\"none\"><div class=\"inner-wrap\"><div class=\"row-bg\"  style=\"\"><\/div><\/div><div class=\"row-bg-overlay\" ><\/div><\/div><div class=\"col span_12 dark left\">\n\t<div  class=\"vc_col-sm-12 wpb_column column_container vc_column_container col no-extra-padding\"  data-t-w-inherits=\"default\" data-border-radius=\"none\" data-shadow=\"none\" data-border-animation=\"\" data-border-animation-delay=\"\" data-border-width=\"none\" data-border-style=\"solid\" data-border-color=\"\" data-bg-cover=\"\" data-padding-pos=\"all\" data-has-bg-color=\"false\" data-bg-color=\"\" data-bg-opacity=\"1\" data-hover-bg=\"\" data-hover-bg-opacity=\"1\" data-animation=\"\" data-delay=\"0\"><div class=\"column-bg-overlay\"><\/div>\n\t\t<div class=\"vc_column-inner\">\n\t\t\t<div class=\"wpb_wrapper\">\n\t\t\t\t\r\n\t<div class=\"wpb_text_column wpb_content_element\" >\r\n\t\t<div class=\"wpb_wrapper\">\r\n\t\t\t<p><span style=\"font-weight: 400;\">\u00bfQuieres que el audio sea producido por locutores profesionales de radio? Si eso es un s\u00ed, entonces ha venido al lugar correcto. Bienvenido a <\/span><a href=\"https:\/\/radiojingles24.com\/es\/\"><span style=\"font-weight: 400;\">Radio Jingles 24<\/span><\/a><span style=\"font-weight: 400;\">. Somos una empresa independiente que ofrece jingles de radio de alta calidad, presentaciones de DJ, producci\u00f3n de audio comercial y jingles cantados. Todos nuestros jingles de radio se producen r\u00e1pidamente, son f\u00e1ciles de usar y se graban profesionalmente. Podemos crear muestras de voz en off de radio para todos nuestros clientes, y nuestras soluciones son apropiadas para estaciones de radio comunitarias, comerciales y de Internet, as\u00ed como para DJ.<\/span><\/p>\n<p><span style=\"font-weight: 400;\">Hemos colaborado con una variedad de clientes conocidos, incluyendo radio Tameside, radio Corby, Cash Converters, entre otros. Cualesquiera que sean sus necesidades o especificaciones para nuestro equipo de locutores de radio, estamos seguros de que contamos con los expertos en audio que pueden proporcionar una soluci\u00f3n que se adapte a sus necesidades. Si desea comunicarse con nosotros para obtener audio creado por nuestros locutores de radio, comun\u00edquese con nosotros hoy.<\/span><\/p>\n<h2><b>Las soluciones que ofrecemos<\/b><\/h2>\n<p><span style=\"font-weight: 400;\">Cuando vengas a Radio Jingles 24, puedes encontrar una gran selecci\u00f3n de <\/span><a href=\"https:\/\/radiojingles24.com\/es\/#voices\"><span style=\"font-weight: 400;\">locutores de radio<\/span><\/a><span style=\"font-weight: 400;\"> Para escoger de. Hay muchas opciones disponibles, incluso si lo desea seco o completamente desarrollado con m\u00fasica y efectos de sonido; la duraci\u00f3n del audio; c\u00f3mo le gustar\u00eda que fuera el gui\u00f3n; y m\u00e1s.\u00a0<\/span><\/p>\n<p><span style=\"font-weight: 400;\">Si se ha decidido por una voz en off y ha escrito su gui\u00f3n, nuestros locutores de radio comenzar\u00e1n a grabar su voz en off de radio. Cada una de nuestras voces en off se graba en un estudio profesional, lo que se traduce en una mejor calidad de sonido y claridad de audio. Despu\u00e9s de la grabaci\u00f3n, editaremos, produciremos y dominaremos su jingle para asegurarnos de que alcance nuestros altos est\u00e1ndares anteriores. Por lo general, tratamos de producir locuciones de radio en un lapso de 24 horas.<\/span><\/p>\n<p>&nbsp;<\/p>\n<p><span style=\"font-weight: 400;\">Contamos con un equipo de locutores expertos, cada uno de los cuales tiene su propia voz distintiva y puede grabar de una manera \u00fanica. Dependiendo de lo que est\u00e9 buscando, ofrecemos locutores de radio tanto masculinos como femeninos, por lo que hay flexibilidad a la hora de elegir el audio que desea para su estaci\u00f3n de radio. Producimos el audio en varios formatos de archivo diferentes, incluidos HQ Wave, MP3 y AIFF. Todo el audio que creamos est\u00e1 completamente libre de regal\u00edas.\u00a0<\/span><\/p>\n<p><span style=\"font-weight: 400;\">Nuestro equipo de locutores de radio experimentados tiene una s\u00f3lida reputaci\u00f3n por ofrecer locuciones de radio de alta calidad que suenan muy bien y han sido producidas con los m\u00e1s altos est\u00e1ndares. Si no nos cree, simplemente consulte nuestras excelentes cr\u00edticas y testimonios de clientes anteriores felices y satisfechos en nuestro sitio web. Si desea ver qu\u00e9 m\u00e1s tenemos para ofrecer, visite nuestro sitio hoy para obtener m\u00e1s informaci\u00f3n.\u00a0<\/span><\/p>\n<h2><b>\u00bfQuieres hablar con nosotros?<\/b><\/h2>\n<p><span style=\"font-weight: 400;\">No dude en ponerse en contacto con nosotros si tiene alguna pregunta sobre nuestros locutores de radio. Para hablar con un miembro de nuestro equipo, llame al +44 (0) 113 5346686 (Reino Unido) o al +1 (212) 710-1350 (EE. UU.). Si desea ponerse en contacto con nosotros, h\u00e1galo en <\/span><a href=\"mailto:info@radiojingles24.com\"><span style=\"font-weight: 400;\">info@radiojingles24.com<\/span><\/a><span style=\"font-weight: 400;\">y nos pondremos en contacto contigo lo antes posible. Esperamos con inter\u00e9s escuchar de usted.<\/span><\/p>\n\r\n\t\t<\/div>\r\n\t<\/div>\r\n\n\t\t\t<\/div> \n\t\t<\/div>\n\t<\/div> \n<\/div><\/div>","protected":false},"excerpt":{"rendered":"Do you want to get audio produced by professional radio voice over artists? If that\u2019s a yes, then you've come to the right place. Welcome to Radio Jingles 24. We...","protected":false},"author":1,"featured_media":0,"parent":0,"menu_order":0,"comment_status":"closed","ping_status":"closed","template":"","meta":{"_exactmetrics_skip_tracking":false,"_exactmetrics_sitenote_active":false,"_exactmetrics_sitenote_note":"","_exactmetrics_sitenote_category":0,"footnotes":""},"class_list":["post-89466","page","type-page","status-publish"],"yoast_head":"<!-- This site is optimized with the Yoast SEO plugin v26.8 - https:\/\/yoast.com\/product\/yoast-seo-wordpress\/ -->\n<title>Radio Jingles 24: Radio Jingles | DJ Drops | Podcast Intros | Sung Jingles<\/title>\n<meta name=\"description\" content=\"Radio Jingles, Sung Jingles, DJ Drops, and Podcast Intros for commercial, community and internet radio stations. UK Based. Prices from \u00a35. Order online.\" \/>\n<meta name=\"robots\" content=\"index, follow, max-snippet:-1, max-image-preview:large, max-video-preview:-1\" \/>\n<link rel=\"canonical\" href=\"https:\/\/radiojingles24.com\/es\/searching-for-professional-radio-voice-over-artists\/\" \/>\n<meta property=\"og:locale\" content=\"es_ES\" \/>\n<meta property=\"og:type\" content=\"article\" \/>\n<meta property=\"og:title\" content=\"Radio Jingles 24: Radio Jingles | DJ Drops | Podcast Intros | Sung Jingles\" \/>\n<meta property=\"og:description\" content=\"Radio Jingles, Sung Jingles, DJ Drops, and Podcast Intros for commercial, community and internet radio stations. UK Based. Prices from \u00a35. Order online.\" \/>\n<meta property=\"og:url\" content=\"https:\/\/radiojingles24.com\/es\/searching-for-professional-radio-voice-over-artists\/\" \/>\n<meta property=\"og:site_name\" content=\"Radio Jingles 24: Radio Jingles | DJ Drops | Podcast Intros | Sung Jingles\" \/>\n<meta property=\"article:publisher\" content=\"https:\/\/www.facebook.com\/radiojingles24\/\" \/>\n<meta name=\"twitter:card\" content=\"summary_large_image\" \/>\n<meta name=\"twitter:site\" content=\"@radiojingles24\" \/>\n<meta name=\"twitter:label1\" content=\"Tiempo de lectura\" \/>\n\t<meta name=\"twitter:data1\" content=\"3 minutos\" \/>\n<script type=\"application\/ld+json\" class=\"yoast-schema-graph\">{\"@context\":\"https:\/\/schema.org\",\"@graph\":[{\"@type\":\"WebPage\",\"@id\":\"https:\/\/radiojingles24.com\/searching-for-professional-radio-voice-over-artists\/\",\"url\":\"https:\/\/radiojingles24.com\/searching-for-professional-radio-voice-over-artists\/\",\"name\":\"Radio Jingles 24: Radio Jingles | DJ Drops | Podcast Intros | Sung Jingles\",\"isPartOf\":{\"@id\":\"https:\/\/radiojingles24.com\/#website\"},\"datePublished\":\"2021-04-14T10:48:55+00:00\",\"description\":\"Radio Jingles, Sung Jingles, DJ Drops, and Podcast Intros for commercial, community and internet radio stations. UK Based. Prices from \u00a35. Order online.\",\"breadcrumb\":{\"@id\":\"https:\/\/radiojingles24.com\/searching-for-professional-radio-voice-over-artists\/#breadcrumb\"},\"inLanguage\":\"es\",\"potentialAction\":[{\"@type\":\"ReadAction\",\"target\":[\"https:\/\/radiojingles24.com\/searching-for-professional-radio-voice-over-artists\/\"]}]},{\"@type\":\"BreadcrumbList\",\"@id\":\"https:\/\/radiojingles24.com\/searching-for-professional-radio-voice-over-artists\/#breadcrumb\",\"itemListElement\":[{\"@type\":\"ListItem\",\"position\":1,\"name\":\"Home\",\"item\":\"https:\/\/radiojingles24.com\/de\/\"},{\"@type\":\"ListItem\",\"position\":2,\"name\":\"Searching for Professional Radio Voice Over Artists?\"}]},{\"@type\":\"WebSite\",\"@id\":\"https:\/\/radiojingles24.com\/#website\",\"url\":\"https:\/\/radiojingles24.com\/\",\"name\":\"Radio Jingles 24: Radio Jingles | DJ Drops | Podcast Intros | Sung Jingles\",\"description\":\"Radio Jingles, Sung Jingles, DJ Drops, and Podcast Intros for commercial, community and internet radio stations. UK Based. Prices from \u00a35. Order online.\",\"publisher\":{\"@id\":\"https:\/\/radiojingles24.com\/#organization\"},\"potentialAction\":[{\"@type\":\"SearchAction\",\"target\":{\"@type\":\"EntryPoint\",\"urlTemplate\":\"https:\/\/radiojingles24.com\/?s={search_term_string}\"},\"query-input\":{\"@type\":\"PropertyValueSpecification\",\"valueRequired\":true,\"valueName\":\"search_term_string\"}}],\"inLanguage\":\"es\"},{\"@type\":\"Organization\",\"@id\":\"https:\/\/radiojingles24.com\/#organization\",\"name\":\"Radio Jingles 24\",\"url\":\"https:\/\/radiojingles24.com\/\",\"logo\":{\"@type\":\"ImageObject\",\"inLanguage\":\"es\",\"@id\":\"https:\/\/radiojingles24.com\/#\/schema\/logo\/image\/\",\"url\":\"https:\/\/radiojingles24.com\/wp-content\/uploads\/2019\/11\/RadioJingle1-1.jpg\",\"contentUrl\":\"https:\/\/radiojingles24.com\/wp-content\/uploads\/2019\/11\/RadioJingle1-1.jpg\",\"width\":512,\"height\":158,\"caption\":\"Radio Jingles 24\"},\"image\":{\"@id\":\"https:\/\/radiojingles24.com\/#\/schema\/logo\/image\/\"},\"sameAs\":[\"https:\/\/www.facebook.com\/radiojingles24\/\",\"https:\/\/x.com\/radiojingles24\"]}]}<\/script>\n<!-- \/ Yoast SEO plugin. -->","yoast_head_json":{"title":"Radio Jingles 24: Radio Jingles | DJ Drops | Intros de podcasts | Jingles cantados","description":"Radio Jingles, Sung Jingles, DJ Drops e Intros de podcasts para estaciones de radio comerciales, comunitarias y de Internet. Basado en el Reino Unido. Precios desde \u00a3 5. Comprar online.","robots":{"index":"index","follow":"follow","max-snippet":"max-snippet:-1","max-image-preview":"max-image-preview:large","max-video-preview":"max-video-preview:-1"},"canonical":"https:\/\/radiojingles24.com\/es\/searching-for-professional-radio-voice-over-artists\/","og_locale":"es_ES","og_type":"article","og_title":"Radio Jingles 24: Radio Jingles | DJ Drops | Podcast Intros | Sung Jingles","og_description":"Radio Jingles, Sung Jingles, DJ Drops, and Podcast Intros for commercial, community and internet radio stations. UK Based. Prices from \u00a35. Order online.","og_url":"https:\/\/radiojingles24.com\/es\/searching-for-professional-radio-voice-over-artists\/","og_site_name":"Radio Jingles 24: Radio Jingles | DJ Drops | Podcast Intros | Sung Jingles","article_publisher":"https:\/\/www.facebook.com\/radiojingles24\/","twitter_card":"summary_large_image","twitter_site":"@radiojingles24","twitter_misc":{"Tiempo de lectura":"3 minutos"},"schema":{"@context":"https:\/\/schema.org","@graph":[{"@type":"WebPage","@id":"https:\/\/radiojingles24.com\/searching-for-professional-radio-voice-over-artists\/","url":"https:\/\/radiojingles24.com\/searching-for-professional-radio-voice-over-artists\/","name":"Radio Jingles 24: Radio Jingles | DJ Drops | Intros de podcasts | Jingles cantados","isPartOf":{"@id":"https:\/\/radiojingles24.com\/#website"},"datePublished":"2021-04-14T10:48:55+00:00","description":"Radio Jingles, Sung Jingles, DJ Drops e Intros de podcasts para estaciones de radio comerciales, comunitarias y de Internet. Basado en el Reino Unido. Precios desde \u00a3 5. Comprar online.","breadcrumb":{"@id":"https:\/\/radiojingles24.com\/searching-for-professional-radio-voice-over-artists\/#breadcrumb"},"inLanguage":"es","potentialAction":[{"@type":"ReadAction","target":["https:\/\/radiojingles24.com\/searching-for-professional-radio-voice-over-artists\/"]}]},{"@type":"BreadcrumbList","@id":"https:\/\/radiojingles24.com\/searching-for-professional-radio-voice-over-artists\/#breadcrumb","itemListElement":[{"@type":"ListItem","position":1,"name":"Home","item":"https:\/\/radiojingles24.com\/de\/"},{"@type":"ListItem","position":2,"name":"Searching for Professional Radio Voice Over Artists?"}]},{"@type":"WebSite","@id":"https:\/\/radiojingles24.com\/#website","url":"https:\/\/radiojingles24.com\/","name":"Radio Jingles 24: Radio Jingles | DJ Drops | Intros de podcasts | Jingles cantados","description":"Radio Jingles, Sung Jingles, DJ Drops e Intros de podcasts para estaciones de radio comerciales, comunitarias y de Internet. Basado en el Reino Unido. Precios desde \u00a3 5. Comprar online.","publisher":{"@id":"https:\/\/radiojingles24.com\/#organization"},"potentialAction":[{"@type":"SearchAction","target":{"@type":"EntryPoint","urlTemplate":"https:\/\/radiojingles24.com\/?s={search_term_string}"},"query-input":{"@type":"PropertyValueSpecification","valueRequired":true,"valueName":"search_term_string"}}],"inLanguage":"es"},{"@type":"Organization","@id":"https:\/\/radiojingles24.com\/#organization","name":"Radio Jingles 24","url":"https:\/\/radiojingles24.com\/","logo":{"@type":"ImageObject","inLanguage":"es","@id":"https:\/\/radiojingles24.com\/#\/schema\/logo\/image\/","url":"https:\/\/radiojingles24.com\/wp-content\/uploads\/2019\/11\/RadioJingle1-1.jpg","contentUrl":"https:\/\/radiojingles24.com\/wp-content\/uploads\/2019\/11\/RadioJingle1-1.jpg","width":512,"height":158,"caption":"Radio Jingles 24"},"image":{"@id":"https:\/\/radiojingles24.com\/#\/schema\/logo\/image\/"},"sameAs":["https:\/\/www.facebook.com\/radiojingles24\/","https:\/\/x.com\/radiojingles24"]}]}},"jetpack_sharing_enabled":true,"_links":{"self":[{"href":"https:\/\/radiojingles24.com\/es\/wp-json\/wp\/v2\/pages\/89466","targetHints":{"allow":["GET"]}}],"collection":[{"href":"https:\/\/radiojingles24.com\/es\/wp-json\/wp\/v2\/pages"}],"about":[{"href":"https:\/\/radiojingles24.com\/es\/wp-json\/wp\/v2\/types\/page"}],"author":[{"embeddable":true,"href":"https:\/\/radiojingles24.com\/es\/wp-json\/wp\/v2\/users\/1"}],"replies":[{"embeddable":true,"href":"https:\/\/radiojingles24.com\/es\/wp-json\/wp\/v2\/comments?post=89466"}],"version-history":[{"count":1,"href":"https:\/\/radiojingles24.com\/es\/wp-json\/wp\/v2\/pages\/89466\/revisions"}],"predecessor-version":[{"id":89467,"href":"https:\/\/radiojingles24.com\/es\/wp-json\/wp\/v2\/pages\/89466\/revisions\/89467"}],"wp:attachment":[{"href":"https:\/\/radiojingles24.com\/es\/wp-json\/wp\/v2\/media?parent=89466"}],"curies":[{"name":"wp","href":"https:\/\/api.w.org\/{rel}","templated":true}]}}