{"id":90767,"date":"2021-07-27T11:56:55","date_gmt":"2021-07-27T11:56:55","guid":{"rendered":"https:\/\/radiojingles24.com\/?page_id=90767"},"modified":"2021-07-27T11:56:55","modified_gmt":"2021-07-27T11:56:55","slug":"want-to-create-podcast-jingle-music","status":"publish","type":"page","link":"https:\/\/radiojingles24.com\/es\/want-to-create-podcast-jingle-music\/","title":{"rendered":"\u00bfQuieres crear Podcast Jingle Music?"},"content":{"rendered":"<div id=\"fws_69df21333df53\"  data-midnight=\"dark\"  data-bg-mobile-hidden=\"\" class=\"wpb_row vc_row-fluid vc_row top-level standard_section\"  style=\"padding-top: 0px; padding-bottom: 0px; \"><div class=\"row-bg-wrap\" data-bg-animation=\"none\"><div class=\"inner-wrap\"><div class=\"row-bg\"  style=\"\"><\/div><\/div><div class=\"row-bg-overlay\" ><\/div><\/div><div class=\"col span_12 dark left\">\n\t<div  class=\"vc_col-sm-12 wpb_column column_container vc_column_container col no-extra-padding\"  data-t-w-inherits=\"default\" data-border-radius=\"none\" data-shadow=\"none\" data-border-animation=\"\" data-border-animation-delay=\"\" data-border-width=\"none\" data-border-style=\"solid\" data-border-color=\"\" data-bg-cover=\"\" data-padding-pos=\"all\" data-has-bg-color=\"false\" data-bg-color=\"\" data-bg-opacity=\"1\" data-hover-bg=\"\" data-hover-bg-opacity=\"1\" data-animation=\"\" data-delay=\"0\"><div class=\"column-bg-overlay\"><\/div>\n\t\t<div class=\"vc_column-inner\">\n\t\t\t<div class=\"wpb_wrapper\">\n\t\t\t\t\r\n\t<div class=\"wpb_text_column wpb_content_element\" >\r\n\t\t<div class=\"wpb_wrapper\">\r\n\t\t\t<p><span style=\"font-weight: 400;\">\u00bfPresenta un programa de podcasts semanal? \u00bfLe interesar\u00eda tener su propio podcast de m\u00fasica de jingle? Bueno, entonces has venido al lugar correcto. Bienvenido a <\/span><a href=\"https:\/\/radiojingles24.com\/es\/\"><span style=\"font-weight: 400;\">Radio Jingles 24<\/span><\/a><span style=\"font-weight: 400;\">. Podemos producir un sonido de primera calidad para su podcast. Nuestro equipo se especializa en producir jingles de podcasts r\u00e1pidos, simples y profesionales, jingles de radio, jingles cantados, lanzamientos de DJ y producci\u00f3n comercial.\u00a0<\/span><\/p>\n<p><span style=\"font-weight: 400;\">Nuestro servicio es r\u00e1pido y eficiente: nuestro objetivo es que toda nuestra m\u00fasica de jingle de podcasts se entregue en un plazo de 24 horas. Hemos trabajado con una amplia gama de clientes a lo largo de los a\u00f1os, desde podcasts y programas de radio hasta DJ y estaciones, por lo que la m\u00fasica de tu podcast jingle estar\u00e1 en manos extremadamente seguras. Si desea que se produzca un jingle de podcast, cont\u00e1ctenos hoy para obtener m\u00e1s informaci\u00f3n.\u00a0<\/span><\/p>\n<h2>Podcast Jingle Music<\/h2>\n<p><span style=\"font-weight: 400;\">Aqu\u00ed en Radio Jingles 24, podemos ofrecerle calidad profesional. <\/span><a href=\"https:\/\/radiojingles24.com\/es\/producto\/intro-outro-podcast-pack\/\"><span style=\"font-weight: 400;\">podcast jingle music<\/span><\/a><span style=\"font-weight: 400;\"> que se adapte a sus necesidades y requisitos. Ofrecemos un paquete de podcast de introducci\u00f3n y salida, que incluye una introducci\u00f3n de 30 segundos y una salida de 30 segundos para su programa o episodio de podcast. Como parte de este paquete, el jingle ser\u00e1 interpretado por un actor de voz profesional y experimentado de su elecci\u00f3n. Adem\u00e1s, tanto la intro como la outro ser\u00e1n expresadas y completamente producidas con SFX, m\u00fasica y efectos vocales.\u00a0<\/span><\/p>\n<p>&nbsp;<\/p>\n<p><span style=\"font-weight: 400;\">Nos aseguraremos de que obtenga un jingle pegadizo y de alta calidad que se destaque entre la multitud y atraiga a los oyentes a su podcast. Si opta por este paquete de m\u00fasica de jingle de podcast, recibir\u00e1 un total de 4 archivos de audio, ya que tambi\u00e9n incluimos las copias en seco de la intro y outro. Por lo general, nos comprometemos a entregar todo el audio en un plazo m\u00e1ximo de 24 horas y, por lo general, enviamos el audio en unas pocas horas.\u00a0<\/span><\/p>\n<p>&nbsp;<\/p>\n<p><span style=\"font-weight: 400;\">Si personalmente desea obtener su m\u00fasica de podcast jingle incluso m\u00e1s r\u00e1pido que esto, h\u00e1ganoslo saber llamando al 0113 534 6686, y nos encargaremos de que esto suceda. Independientemente de lo que le gustar\u00eda hablar sobre su m\u00fasica de jingle de podcast, no dude en ponerse en contacto con nosotros para explorar las diferentes posibilidades con nuestro equipo.\u00a0<\/span><\/p>\n<p>&nbsp;<\/p>\n<p><b>\u00bfTiene un proyecto de podcast en mente?<\/b><\/p>\n<p>&nbsp;<\/p>\n<p><span style=\"font-weight: 400;\">Si va a grabar un nuevo podcast y le gustar\u00eda obtener su propia m\u00fasica personal, p\u00f3ngase en contacto con Radio Jingles 24 hoy mismo para obtener m\u00e1s informaci\u00f3n. Por favor, si\u00e9ntase libre de <\/span><a href=\"https:\/\/radiojingles24.com\/es\/contact-us\/\"><span style=\"font-weight: 400;\">d\u00e9janos tus datos de contacto<\/span><\/a><span style=\"font-weight: 400;\"> y un mensaje a trav\u00e9s del formulario en l\u00ednea que se muestra en la p\u00e1gina de contacto de nuestro sitio web, y uno de los miembros de nuestro equipo se comunicar\u00e1 con usted.\u00a0<\/span><\/p>\n<p><span style=\"font-weight: 400;\">Si prefiere enviarnos un correo electr\u00f3nico, no dude en escribirnos a: <\/span><a href=\"mailto:info@radiojingles24.com\"><span style=\"font-weight: 400;\">info@radiojingles24.com<\/span><\/a><span style=\"font-weight: 400;\"> y nos comunicaremos con usted con una respuesta lo antes posible. Alternativamente, no dude en llamarnos al +44 0113 5346686 en el Reino Unido o al +1 (212) 710-1350 desde los EE. UU. Estamos disponibles para responder cualquier pregunta que pueda tener y brindarle toda la informaci\u00f3n que necesite. Esperamos tener noticias tuyas pronto.\u00a0<\/span><\/p>\n\r\n\t\t<\/div>\r\n\t<\/div>\r\n\n\t\t\t<\/div> \n\t\t<\/div>\n\t<\/div> \n<\/div><\/div>","protected":false},"excerpt":{"rendered":"\u00bfPresentas un programa de podcast semanal? \u00bfTe interesar\u00eda tener tu propio podcast jingle music? Bueno, entonces has venido al lugar correcto. Bienvenidos a Radio...","protected":false},"author":1,"featured_media":0,"parent":0,"menu_order":0,"comment_status":"closed","ping_status":"closed","template":"","meta":{"_exactmetrics_skip_tracking":false,"_exactmetrics_sitenote_active":false,"_exactmetrics_sitenote_note":"","_exactmetrics_sitenote_category":0,"footnotes":""},"class_list":["post-90767","page","type-page","status-publish"],"yoast_head":"<!-- This site is optimized with the Yoast SEO plugin v26.8 - https:\/\/yoast.com\/product\/yoast-seo-wordpress\/ -->\n<title>Radio Jingles 24: Radio Jingles | DJ Drops | Podcast Intros | Sung Jingles<\/title>\n<meta name=\"description\" content=\"Radio Jingles, Sung Jingles, DJ Drops, and Podcast Intros for commercial, community and internet radio stations. UK Based. Prices from \u00a35. Order online.\" \/>\n<meta name=\"robots\" content=\"index, follow, max-snippet:-1, max-image-preview:large, max-video-preview:-1\" \/>\n<link rel=\"canonical\" href=\"https:\/\/radiojingles24.com\/es\/want-to-create-podcast-jingle-music\/\" \/>\n<meta property=\"og:locale\" content=\"es_ES\" \/>\n<meta property=\"og:type\" content=\"article\" \/>\n<meta property=\"og:title\" content=\"Radio Jingles 24: Radio Jingles | DJ Drops | Podcast Intros | Sung Jingles\" \/>\n<meta property=\"og:description\" content=\"Radio Jingles, Sung Jingles, DJ Drops, and Podcast Intros for commercial, community and internet radio stations. UK Based. Prices from \u00a35. Order online.\" \/>\n<meta property=\"og:url\" content=\"https:\/\/radiojingles24.com\/es\/want-to-create-podcast-jingle-music\/\" \/>\n<meta property=\"og:site_name\" content=\"Radio Jingles 24: Radio Jingles | DJ Drops | Podcast Intros | Sung Jingles\" \/>\n<meta property=\"article:publisher\" content=\"https:\/\/www.facebook.com\/radiojingles24\/\" \/>\n<meta name=\"twitter:card\" content=\"summary_large_image\" \/>\n<meta name=\"twitter:site\" content=\"@radiojingles24\" \/>\n<meta name=\"twitter:label1\" content=\"Tiempo de lectura\" \/>\n\t<meta name=\"twitter:data1\" content=\"3 minutos\" \/>\n<script type=\"application\/ld+json\" class=\"yoast-schema-graph\">{\"@context\":\"https:\/\/schema.org\",\"@graph\":[{\"@type\":\"WebPage\",\"@id\":\"https:\/\/radiojingles24.com\/want-to-create-podcast-jingle-music\/\",\"url\":\"https:\/\/radiojingles24.com\/want-to-create-podcast-jingle-music\/\",\"name\":\"Radio Jingles 24: Radio Jingles | DJ Drops | Podcast Intros | Sung Jingles\",\"isPartOf\":{\"@id\":\"https:\/\/radiojingles24.com\/#website\"},\"datePublished\":\"2021-07-27T11:56:55+00:00\",\"description\":\"Radio Jingles, Sung Jingles, DJ Drops, and Podcast Intros for commercial, community and internet radio stations. UK Based. Prices from \u00a35. Order online.\",\"breadcrumb\":{\"@id\":\"https:\/\/radiojingles24.com\/want-to-create-podcast-jingle-music\/#breadcrumb\"},\"inLanguage\":\"es\",\"potentialAction\":[{\"@type\":\"ReadAction\",\"target\":[\"https:\/\/radiojingles24.com\/want-to-create-podcast-jingle-music\/\"]}]},{\"@type\":\"BreadcrumbList\",\"@id\":\"https:\/\/radiojingles24.com\/want-to-create-podcast-jingle-music\/#breadcrumb\",\"itemListElement\":[{\"@type\":\"ListItem\",\"position\":1,\"name\":\"Home\",\"item\":\"https:\/\/radiojingles24.com\/de\/\"},{\"@type\":\"ListItem\",\"position\":2,\"name\":\"Want to Create Podcast Jingle Music?\"}]},{\"@type\":\"WebSite\",\"@id\":\"https:\/\/radiojingles24.com\/#website\",\"url\":\"https:\/\/radiojingles24.com\/\",\"name\":\"Radio Jingles 24: Radio Jingles | DJ Drops | Podcast Intros | Sung Jingles\",\"description\":\"Radio Jingles, Sung Jingles, DJ Drops, and Podcast Intros for commercial, community and internet radio stations. UK Based. Prices from \u00a35. Order online.\",\"publisher\":{\"@id\":\"https:\/\/radiojingles24.com\/#organization\"},\"potentialAction\":[{\"@type\":\"SearchAction\",\"target\":{\"@type\":\"EntryPoint\",\"urlTemplate\":\"https:\/\/radiojingles24.com\/?s={search_term_string}\"},\"query-input\":{\"@type\":\"PropertyValueSpecification\",\"valueRequired\":true,\"valueName\":\"search_term_string\"}}],\"inLanguage\":\"es\"},{\"@type\":\"Organization\",\"@id\":\"https:\/\/radiojingles24.com\/#organization\",\"name\":\"Radio Jingles 24\",\"url\":\"https:\/\/radiojingles24.com\/\",\"logo\":{\"@type\":\"ImageObject\",\"inLanguage\":\"es\",\"@id\":\"https:\/\/radiojingles24.com\/#\/schema\/logo\/image\/\",\"url\":\"https:\/\/radiojingles24.com\/wp-content\/uploads\/2019\/11\/RadioJingle1-1.jpg\",\"contentUrl\":\"https:\/\/radiojingles24.com\/wp-content\/uploads\/2019\/11\/RadioJingle1-1.jpg\",\"width\":512,\"height\":158,\"caption\":\"Radio Jingles 24\"},\"image\":{\"@id\":\"https:\/\/radiojingles24.com\/#\/schema\/logo\/image\/\"},\"sameAs\":[\"https:\/\/www.facebook.com\/radiojingles24\/\",\"https:\/\/x.com\/radiojingles24\"]}]}<\/script>\n<!-- \/ Yoast SEO plugin. -->","yoast_head_json":{"title":"Radio Jingles 24: Radio Jingles | DJ Drops | Intros de podcasts | Jingles cantados","description":"Radio Jingles, Sung Jingles, DJ Drops e Intros de podcasts para estaciones de radio comerciales, comunitarias y de Internet. Basado en el Reino Unido. Precios desde \u00a3 5. Comprar online.","robots":{"index":"index","follow":"follow","max-snippet":"max-snippet:-1","max-image-preview":"max-image-preview:large","max-video-preview":"max-video-preview:-1"},"canonical":"https:\/\/radiojingles24.com\/es\/want-to-create-podcast-jingle-music\/","og_locale":"es_ES","og_type":"article","og_title":"Radio Jingles 24: Radio Jingles | DJ Drops | Podcast Intros | Sung Jingles","og_description":"Radio Jingles, Sung Jingles, DJ Drops, and Podcast Intros for commercial, community and internet radio stations. UK Based. Prices from \u00a35. Order online.","og_url":"https:\/\/radiojingles24.com\/es\/want-to-create-podcast-jingle-music\/","og_site_name":"Radio Jingles 24: Radio Jingles | DJ Drops | Podcast Intros | Sung Jingles","article_publisher":"https:\/\/www.facebook.com\/radiojingles24\/","twitter_card":"summary_large_image","twitter_site":"@radiojingles24","twitter_misc":{"Tiempo de lectura":"3 minutos"},"schema":{"@context":"https:\/\/schema.org","@graph":[{"@type":"WebPage","@id":"https:\/\/radiojingles24.com\/want-to-create-podcast-jingle-music\/","url":"https:\/\/radiojingles24.com\/want-to-create-podcast-jingle-music\/","name":"Radio Jingles 24: Radio Jingles | DJ Drops | Intros de podcasts | Jingles cantados","isPartOf":{"@id":"https:\/\/radiojingles24.com\/#website"},"datePublished":"2021-07-27T11:56:55+00:00","description":"Radio Jingles, Sung Jingles, DJ Drops e Intros de podcasts para estaciones de radio comerciales, comunitarias y de Internet. Basado en el Reino Unido. Precios desde \u00a3 5. Comprar online.","breadcrumb":{"@id":"https:\/\/radiojingles24.com\/want-to-create-podcast-jingle-music\/#breadcrumb"},"inLanguage":"es","potentialAction":[{"@type":"ReadAction","target":["https:\/\/radiojingles24.com\/want-to-create-podcast-jingle-music\/"]}]},{"@type":"BreadcrumbList","@id":"https:\/\/radiojingles24.com\/want-to-create-podcast-jingle-music\/#breadcrumb","itemListElement":[{"@type":"ListItem","position":1,"name":"Home","item":"https:\/\/radiojingles24.com\/de\/"},{"@type":"ListItem","position":2,"name":"Want to Create Podcast Jingle Music?"}]},{"@type":"WebSite","@id":"https:\/\/radiojingles24.com\/#website","url":"https:\/\/radiojingles24.com\/","name":"Radio Jingles 24: Radio Jingles | DJ Drops | Intros de podcasts | Jingles cantados","description":"Radio Jingles, Sung Jingles, DJ Drops e Intros de podcasts para estaciones de radio comerciales, comunitarias y de Internet. Basado en el Reino Unido. Precios desde \u00a3 5. Comprar online.","publisher":{"@id":"https:\/\/radiojingles24.com\/#organization"},"potentialAction":[{"@type":"SearchAction","target":{"@type":"EntryPoint","urlTemplate":"https:\/\/radiojingles24.com\/?s={search_term_string}"},"query-input":{"@type":"PropertyValueSpecification","valueRequired":true,"valueName":"search_term_string"}}],"inLanguage":"es"},{"@type":"Organization","@id":"https:\/\/radiojingles24.com\/#organization","name":"Radio Jingles 24","url":"https:\/\/radiojingles24.com\/","logo":{"@type":"ImageObject","inLanguage":"es","@id":"https:\/\/radiojingles24.com\/#\/schema\/logo\/image\/","url":"https:\/\/radiojingles24.com\/wp-content\/uploads\/2019\/11\/RadioJingle1-1.jpg","contentUrl":"https:\/\/radiojingles24.com\/wp-content\/uploads\/2019\/11\/RadioJingle1-1.jpg","width":512,"height":158,"caption":"Radio Jingles 24"},"image":{"@id":"https:\/\/radiojingles24.com\/#\/schema\/logo\/image\/"},"sameAs":["https:\/\/www.facebook.com\/radiojingles24\/","https:\/\/x.com\/radiojingles24"]}]}},"jetpack_sharing_enabled":true,"_links":{"self":[{"href":"https:\/\/radiojingles24.com\/es\/wp-json\/wp\/v2\/pages\/90767","targetHints":{"allow":["GET"]}}],"collection":[{"href":"https:\/\/radiojingles24.com\/es\/wp-json\/wp\/v2\/pages"}],"about":[{"href":"https:\/\/radiojingles24.com\/es\/wp-json\/wp\/v2\/types\/page"}],"author":[{"embeddable":true,"href":"https:\/\/radiojingles24.com\/es\/wp-json\/wp\/v2\/users\/1"}],"replies":[{"embeddable":true,"href":"https:\/\/radiojingles24.com\/es\/wp-json\/wp\/v2\/comments?post=90767"}],"version-history":[{"count":1,"href":"https:\/\/radiojingles24.com\/es\/wp-json\/wp\/v2\/pages\/90767\/revisions"}],"predecessor-version":[{"id":90769,"href":"https:\/\/radiojingles24.com\/es\/wp-json\/wp\/v2\/pages\/90767\/revisions\/90769"}],"wp:attachment":[{"href":"https:\/\/radiojingles24.com\/es\/wp-json\/wp\/v2\/media?parent=90767"}],"curies":[{"name":"wp","href":"https:\/\/api.w.org\/{rel}","templated":true}]}}