{"id":90768,"date":"2021-07-27T11:57:56","date_gmt":"2021-07-27T11:57:56","guid":{"rendered":"https:\/\/radiojingles24.com\/?page_id=90768"},"modified":"2021-07-27T11:57:56","modified_gmt":"2021-07-27T11:57:56","slug":"would-you-like-to-create-a-jingle-for-your-business","status":"publish","type":"page","link":"https:\/\/radiojingles24.com\/es\/would-you-like-to-create-a-jingle-for-your-business\/","title":{"rendered":"\u00bfTe gustar\u00eda crear un jingle para tu negocio?"},"content":{"rendered":"<div id=\"fws_69f2d28cb6a7d\"  data-midnight=\"dark\"  data-bg-mobile-hidden=\"\" class=\"wpb_row vc_row-fluid vc_row top-level standard_section\"  style=\"padding-top: 0px; padding-bottom: 0px; \"><div class=\"row-bg-wrap\" data-bg-animation=\"none\"><div class=\"inner-wrap\"><div class=\"row-bg\"  style=\"\"><\/div><\/div><div class=\"row-bg-overlay\" ><\/div><\/div><div class=\"col span_12 dark left\">\n\t<div  class=\"vc_col-sm-12 wpb_column column_container vc_column_container col no-extra-padding\"  data-t-w-inherits=\"default\" data-border-radius=\"none\" data-shadow=\"none\" data-border-animation=\"\" data-border-animation-delay=\"\" data-border-width=\"none\" data-border-style=\"solid\" data-border-color=\"\" data-bg-cover=\"\" data-padding-pos=\"all\" data-has-bg-color=\"false\" data-bg-color=\"\" data-bg-opacity=\"1\" data-hover-bg=\"\" data-hover-bg-opacity=\"1\" data-animation=\"\" data-delay=\"0\"><div class=\"column-bg-overlay\"><\/div>\n\t\t<div class=\"vc_column-inner\">\n\t\t\t<div class=\"wpb_wrapper\">\n\t\t\t\t\r\n\t<div class=\"wpb_text_column wpb_content_element\" >\r\n\t\t<div class=\"wpb_wrapper\">\r\n\t\t\t<p><span style=\"font-weight: 400;\">\u00bfEst\u00e1 buscando una empresa con las mejores calificaciones que pueda crear un jingle para su negocio? Si este es el caso, entonces <\/span><a href=\"https:\/\/radiojingles24.com\/es\/\"><span style=\"font-weight: 400;\">Radio Jingles 24<\/span><\/a><span style=\"font-weight: 400;\"> es la empresa que busca. Somos especialistas en producir jingles de radio y podcast profesionales de alta calidad, DJ drops, producci\u00f3n comercial y jingles cantados. Nuestros jingles son ideales para todo tipo de clientes, desde empresas y organizaciones comerciales hasta estaciones de radio o DJs comunitarios y basados en Internet.\u00a0<\/span><\/p>\n<p><span style=\"font-weight: 400;\">Durante nuestros muchos a\u00f1os trabajando en la industria, hemos trabajado con una amplia variedad de clientes, incluidos Corby Radio, Cash Converters, Canalside Radio, UKRD Group y m\u00e1s. Prometemos un alto nivel de servicio, personalizado para satisfacer las necesidades y requisitos de su negocio. Nos esforzamos por proporcionarle un jingle que 100% coincida con su especificaci\u00f3n y lo deje completamente satisfecho. Si desea crear un jingle para su negocio, p\u00f3ngase en contacto con nosotros hoy.\u00a0<\/span><\/p>\n<h2><b>Crea un jingle para tu negocio<\/b><\/h2>\n<p><span style=\"font-weight: 400;\">Si a ti te gustar\u00eda <\/span><a href=\"https:\/\/radiojingles24.com\/es\/\"><span style=\"font-weight: 400;\">crea un jingle para tu negocio<\/span><\/a><span style=\"font-weight: 400;\">, entonces el proceso es incre\u00edblemente simple. Todo lo que necesita hacer es elegir las opciones que desee. Necesitaremos saber si desea que el jingle se seque o se produzca completamente con Music \/ SFX, cu\u00e1nto tiempo desea que sea el audio, qu\u00e9 voz en off le gustar\u00eda y cu\u00e1l es su gui\u00f3n.\u00a0<\/span><\/p>\n<p><span style=\"font-weight: 400;\">Una vez que sepamos todo esto, nos pondremos a trabajar grabando su jingle en nuestro estudio profesional, antes de editar, producir y masterizar su jingle para que cumpla con todos sus requisitos personales. Por lo general, entregamos jingles dentro de las 24 horas y, a veces, lo hacemos a\u00fan m\u00e1s r\u00e1pido. Hay varios formatos disponibles, desde HQ WAVE y MP3 hasta AIFF, y depende de usted decidir cu\u00e1l le gustar\u00eda elegir. Todos nuestros jingles son 100% libres de derechos.\u00a0<\/span><\/p>\n<p><span style=\"font-weight: 400;\">Hay muchas razones por las que es una excelente decisi\u00f3n crear un jingle para su negocio. Los jingles son una forma brillante de mejorar el conocimiento de la marca, creando un mensaje que se queda en la memoria del oyente. Adem\u00e1s, los jingles atraen a nuevos clientes, porque un jingle atractivo e inteligente crear\u00e1 un nuevo v\u00ednculo con el oyente y lo conectar\u00e1 emocionalmente con su negocio. Los jingles son una forma sencilla de aumentar su base de clientes, as\u00ed que, \u00bfpor qu\u00e9 no se pone en contacto con nosotros hoy para crear el suyo?<\/span><\/p>\n<p><b>\u00bfLe gustar\u00eda hacer una consulta?<\/b><\/p>\n<p><span style=\"font-weight: 400;\">Si desea explorar c\u00f3mo Radio Jingles 24 puede crear un jingle para su negocio, comun\u00edquese con nosotros hoy mismo. Siempre nos complace responder cualquier pregunta que tenga, brindarle m\u00e1s detalles sobre nuestros servicios de jingle y discutir las opciones disponibles para usted. No dude en enviarnos un mensaje y su informaci\u00f3n de contacto a trav\u00e9s del <\/span><a href=\"https:\/\/radiojingles24.com\/es\/contact-us\/\"><span style=\"font-weight: 400;\">formulario en linea<\/span><\/a><span style=\"font-weight: 400;\"> en la p\u00e1gina de contacto de nuestro sitio web y le responderemos lo antes posible.\u00a0<\/span><\/p>\n<p><span style=\"font-weight: 400;\">Si desea tener una consulta telef\u00f3nica con alguien de nuestro equipo, no dude en llamarnos al +44 0113 5346686 si reside en el o al +1 (212) 710-1350 desde los EE. UU. Para enviarnos un correo electr\u00f3nico, escr\u00edbanos a <\/span><a href=\"mailto:info@radiojingles24.com\"><span style=\"font-weight: 400;\">info@radiojingles24.com<\/span><\/a><span style=\"font-weight: 400;\"> y nos comunicaremos contigo a la brevedad. Esperamos poder servirle pronto.<\/span><\/p>\n\r\n\t\t<\/div>\r\n\t<\/div>\r\n\n\t\t\t<\/div> \n\t\t<\/div>\n\t<\/div> \n<\/div><\/div>","protected":false},"excerpt":{"rendered":"\u00bfEst\u00e1 buscando una empresa de primer nivel que pueda crear un jingle para su negocio? Si este es tu caso, entonces Radio Jingles 24 es la empresa que est\u00e1s buscando...","protected":false},"author":1,"featured_media":0,"parent":0,"menu_order":0,"comment_status":"closed","ping_status":"closed","template":"","meta":{"_exactmetrics_skip_tracking":false,"_exactmetrics_sitenote_active":false,"_exactmetrics_sitenote_note":"","_exactmetrics_sitenote_category":0,"footnotes":""},"class_list":["post-90768","page","type-page","status-publish"],"yoast_head":"<!-- This site is optimized with the Yoast SEO plugin v26.8 - https:\/\/yoast.com\/product\/yoast-seo-wordpress\/ -->\n<title>Radio Jingles 24: Radio Jingles | DJ Drops | Podcast Intros | Sung Jingles<\/title>\n<meta name=\"description\" content=\"Radio Jingles, Sung Jingles, DJ Drops, and Podcast Intros for commercial, community and internet radio stations. UK Based. Prices from \u00a35. Order online.\" \/>\n<meta name=\"robots\" content=\"index, follow, max-snippet:-1, max-image-preview:large, max-video-preview:-1\" \/>\n<link rel=\"canonical\" href=\"https:\/\/radiojingles24.com\/es\/would-you-like-to-create-a-jingle-for-your-business\/\" \/>\n<meta property=\"og:locale\" content=\"es_ES\" \/>\n<meta property=\"og:type\" content=\"article\" \/>\n<meta property=\"og:title\" content=\"Radio Jingles 24: Radio Jingles | DJ Drops | Podcast Intros | Sung Jingles\" \/>\n<meta property=\"og:description\" content=\"Radio Jingles, Sung Jingles, DJ Drops, and Podcast Intros for commercial, community and internet radio stations. UK Based. Prices from \u00a35. Order online.\" \/>\n<meta property=\"og:url\" content=\"https:\/\/radiojingles24.com\/es\/would-you-like-to-create-a-jingle-for-your-business\/\" \/>\n<meta property=\"og:site_name\" content=\"Radio Jingles 24: Radio Jingles | DJ Drops | Podcast Intros | Sung Jingles\" \/>\n<meta property=\"article:publisher\" content=\"https:\/\/www.facebook.com\/radiojingles24\/\" \/>\n<meta name=\"twitter:card\" content=\"summary_large_image\" \/>\n<meta name=\"twitter:site\" content=\"@radiojingles24\" \/>\n<meta name=\"twitter:label1\" content=\"Tiempo de lectura\" \/>\n\t<meta name=\"twitter:data1\" content=\"3 minutos\" \/>\n<script type=\"application\/ld+json\" class=\"yoast-schema-graph\">{\"@context\":\"https:\/\/schema.org\",\"@graph\":[{\"@type\":\"WebPage\",\"@id\":\"https:\/\/radiojingles24.com\/fr\/would-you-like-to-create-a-jingle-for-your-business\/\",\"url\":\"https:\/\/radiojingles24.com\/fr\/would-you-like-to-create-a-jingle-for-your-business\/\",\"name\":\"Radio Jingles 24: Radio Jingles | DJ Drops | Podcast Intros | Sung Jingles\",\"isPartOf\":{\"@id\":\"https:\/\/radiojingles24.com\/#website\"},\"datePublished\":\"2021-07-27T11:57:56+00:00\",\"description\":\"Radio Jingles, Sung Jingles, DJ Drops, and Podcast Intros for commercial, community and internet radio stations. UK Based. Prices from \u00a35. Order online.\",\"breadcrumb\":{\"@id\":\"https:\/\/radiojingles24.com\/fr\/would-you-like-to-create-a-jingle-for-your-business\/#breadcrumb\"},\"inLanguage\":\"es\",\"potentialAction\":[{\"@type\":\"ReadAction\",\"target\":[\"https:\/\/radiojingles24.com\/fr\/would-you-like-to-create-a-jingle-for-your-business\/\"]}]},{\"@type\":\"BreadcrumbList\",\"@id\":\"https:\/\/radiojingles24.com\/fr\/would-you-like-to-create-a-jingle-for-your-business\/#breadcrumb\",\"itemListElement\":[{\"@type\":\"ListItem\",\"position\":1,\"name\":\"Home\",\"item\":\"https:\/\/radiojingles24.com\/de\/\"},{\"@type\":\"ListItem\",\"position\":2,\"name\":\"Would you Like to Create a Jingle for your Business?\"}]},{\"@type\":\"WebSite\",\"@id\":\"https:\/\/radiojingles24.com\/#website\",\"url\":\"https:\/\/radiojingles24.com\/\",\"name\":\"Radio Jingles 24: Radio Jingles | DJ Drops | Podcast Intros | Sung Jingles\",\"description\":\"Radio Jingles, Sung Jingles, DJ Drops, and Podcast Intros for commercial, community and internet radio stations. UK Based. Prices from \u00a35. Order online.\",\"publisher\":{\"@id\":\"https:\/\/radiojingles24.com\/#organization\"},\"potentialAction\":[{\"@type\":\"SearchAction\",\"target\":{\"@type\":\"EntryPoint\",\"urlTemplate\":\"https:\/\/radiojingles24.com\/?s={search_term_string}\"},\"query-input\":{\"@type\":\"PropertyValueSpecification\",\"valueRequired\":true,\"valueName\":\"search_term_string\"}}],\"inLanguage\":\"es\"},{\"@type\":\"Organization\",\"@id\":\"https:\/\/radiojingles24.com\/#organization\",\"name\":\"Radio Jingles 24\",\"url\":\"https:\/\/radiojingles24.com\/\",\"logo\":{\"@type\":\"ImageObject\",\"inLanguage\":\"es\",\"@id\":\"https:\/\/radiojingles24.com\/#\/schema\/logo\/image\/\",\"url\":\"https:\/\/radiojingles24.com\/wp-content\/uploads\/2019\/11\/RadioJingle1-1.jpg\",\"contentUrl\":\"https:\/\/radiojingles24.com\/wp-content\/uploads\/2019\/11\/RadioJingle1-1.jpg\",\"width\":512,\"height\":158,\"caption\":\"Radio Jingles 24\"},\"image\":{\"@id\":\"https:\/\/radiojingles24.com\/#\/schema\/logo\/image\/\"},\"sameAs\":[\"https:\/\/www.facebook.com\/radiojingles24\/\",\"https:\/\/x.com\/radiojingles24\"]}]}<\/script>\n<!-- \/ Yoast SEO plugin. -->","yoast_head_json":{"title":"Radio Jingles 24: Radio Jingles | DJ Drops | Intros de podcasts | Jingles cantados","description":"Radio Jingles, Sung Jingles, DJ Drops e Intros de podcasts para estaciones de radio comerciales, comunitarias y de Internet. Basado en el Reino Unido. Precios desde \u00a3 5. Comprar online.","robots":{"index":"index","follow":"follow","max-snippet":"max-snippet:-1","max-image-preview":"max-image-preview:large","max-video-preview":"max-video-preview:-1"},"canonical":"https:\/\/radiojingles24.com\/es\/would-you-like-to-create-a-jingle-for-your-business\/","og_locale":"es_ES","og_type":"article","og_title":"Radio Jingles 24: Radio Jingles | DJ Drops | Podcast Intros | Sung Jingles","og_description":"Radio Jingles, Sung Jingles, DJ Drops, and Podcast Intros for commercial, community and internet radio stations. UK Based. Prices from \u00a35. Order online.","og_url":"https:\/\/radiojingles24.com\/es\/would-you-like-to-create-a-jingle-for-your-business\/","og_site_name":"Radio Jingles 24: Radio Jingles | DJ Drops | Podcast Intros | Sung Jingles","article_publisher":"https:\/\/www.facebook.com\/radiojingles24\/","twitter_card":"summary_large_image","twitter_site":"@radiojingles24","twitter_misc":{"Tiempo de lectura":"3 minutos"},"schema":{"@context":"https:\/\/schema.org","@graph":[{"@type":"WebPage","@id":"https:\/\/radiojingles24.com\/fr\/would-you-like-to-create-a-jingle-for-your-business\/","url":"https:\/\/radiojingles24.com\/fr\/would-you-like-to-create-a-jingle-for-your-business\/","name":"Radio Jingles 24: Radio Jingles | DJ Drops | Intros de podcasts | Jingles cantados","isPartOf":{"@id":"https:\/\/radiojingles24.com\/#website"},"datePublished":"2021-07-27T11:57:56+00:00","description":"Radio Jingles, Sung Jingles, DJ Drops e Intros de podcasts para estaciones de radio comerciales, comunitarias y de Internet. Basado en el Reino Unido. Precios desde \u00a3 5. Comprar online.","breadcrumb":{"@id":"https:\/\/radiojingles24.com\/fr\/would-you-like-to-create-a-jingle-for-your-business\/#breadcrumb"},"inLanguage":"es","potentialAction":[{"@type":"ReadAction","target":["https:\/\/radiojingles24.com\/fr\/would-you-like-to-create-a-jingle-for-your-business\/"]}]},{"@type":"BreadcrumbList","@id":"https:\/\/radiojingles24.com\/fr\/would-you-like-to-create-a-jingle-for-your-business\/#breadcrumb","itemListElement":[{"@type":"ListItem","position":1,"name":"Home","item":"https:\/\/radiojingles24.com\/de\/"},{"@type":"ListItem","position":2,"name":"Would you Like to Create a Jingle for your Business?"}]},{"@type":"WebSite","@id":"https:\/\/radiojingles24.com\/#website","url":"https:\/\/radiojingles24.com\/","name":"Radio Jingles 24: Radio Jingles | DJ Drops | Intros de podcasts | Jingles cantados","description":"Radio Jingles, Sung Jingles, DJ Drops e Intros de podcasts para estaciones de radio comerciales, comunitarias y de Internet. Basado en el Reino Unido. Precios desde \u00a3 5. Comprar online.","publisher":{"@id":"https:\/\/radiojingles24.com\/#organization"},"potentialAction":[{"@type":"SearchAction","target":{"@type":"EntryPoint","urlTemplate":"https:\/\/radiojingles24.com\/?s={search_term_string}"},"query-input":{"@type":"PropertyValueSpecification","valueRequired":true,"valueName":"search_term_string"}}],"inLanguage":"es"},{"@type":"Organization","@id":"https:\/\/radiojingles24.com\/#organization","name":"Radio Jingles 24","url":"https:\/\/radiojingles24.com\/","logo":{"@type":"ImageObject","inLanguage":"es","@id":"https:\/\/radiojingles24.com\/#\/schema\/logo\/image\/","url":"https:\/\/radiojingles24.com\/wp-content\/uploads\/2019\/11\/RadioJingle1-1.jpg","contentUrl":"https:\/\/radiojingles24.com\/wp-content\/uploads\/2019\/11\/RadioJingle1-1.jpg","width":512,"height":158,"caption":"Radio Jingles 24"},"image":{"@id":"https:\/\/radiojingles24.com\/#\/schema\/logo\/image\/"},"sameAs":["https:\/\/www.facebook.com\/radiojingles24\/","https:\/\/x.com\/radiojingles24"]}]}},"jetpack_sharing_enabled":true,"_links":{"self":[{"href":"https:\/\/radiojingles24.com\/es\/wp-json\/wp\/v2\/pages\/90768","targetHints":{"allow":["GET"]}}],"collection":[{"href":"https:\/\/radiojingles24.com\/es\/wp-json\/wp\/v2\/pages"}],"about":[{"href":"https:\/\/radiojingles24.com\/es\/wp-json\/wp\/v2\/types\/page"}],"author":[{"embeddable":true,"href":"https:\/\/radiojingles24.com\/es\/wp-json\/wp\/v2\/users\/1"}],"replies":[{"embeddable":true,"href":"https:\/\/radiojingles24.com\/es\/wp-json\/wp\/v2\/comments?post=90768"}],"version-history":[{"count":1,"href":"https:\/\/radiojingles24.com\/es\/wp-json\/wp\/v2\/pages\/90768\/revisions"}],"predecessor-version":[{"id":90770,"href":"https:\/\/radiojingles24.com\/es\/wp-json\/wp\/v2\/pages\/90768\/revisions\/90770"}],"wp:attachment":[{"href":"https:\/\/radiojingles24.com\/es\/wp-json\/wp\/v2\/media?parent=90768"}],"curies":[{"name":"wp","href":"https:\/\/api.w.org\/{rel}","templated":true}]}}