{"id":91492,"date":"2021-10-14T16:05:33","date_gmt":"2021-10-14T16:05:33","guid":{"rendered":"https:\/\/radiojingles24.com\/?page_id=91492"},"modified":"2021-10-14T16:05:33","modified_gmt":"2021-10-14T16:05:33","slug":"trying-to-find-a-professional-jingle-maker-software","status":"publish","type":"page","link":"https:\/\/radiojingles24.com\/es\/trying-to-find-a-professional-jingle-maker-software\/","title":{"rendered":"\u00bfEst\u00e1s tratando de encontrar un software profesional para crear jingles?"},"content":{"rendered":"<div id=\"fws_69f2fa48604d5\"  data-midnight=\"dark\"  data-bg-mobile-hidden=\"\" class=\"wpb_row vc_row-fluid vc_row top-level standard_section\"  style=\"padding-top: 0px; padding-bottom: 0px; \"><div class=\"row-bg-wrap\" data-bg-animation=\"none\"><div class=\"inner-wrap\"><div class=\"row-bg\"  style=\"\"><\/div><\/div><div class=\"row-bg-overlay\" ><\/div><\/div><div class=\"col span_12 dark left\">\n\t<div  class=\"vc_col-sm-12 wpb_column column_container vc_column_container col no-extra-padding\"  data-t-w-inherits=\"default\" data-border-radius=\"none\" data-shadow=\"none\" data-border-animation=\"\" data-border-animation-delay=\"\" data-border-width=\"none\" data-border-style=\"solid\" data-border-color=\"\" data-bg-cover=\"\" data-padding-pos=\"all\" data-has-bg-color=\"false\" data-bg-color=\"\" data-bg-opacity=\"1\" data-hover-bg=\"\" data-hover-bg-opacity=\"1\" data-animation=\"\" data-delay=\"0\"><div class=\"column-bg-overlay\"><\/div>\n\t\t<div class=\"vc_column-inner\">\n\t\t\t<div class=\"wpb_wrapper\">\n\t\t\t\t\r\n\t<div class=\"wpb_text_column wpb_content_element\" >\r\n\t\t<div class=\"wpb_wrapper\">\r\n\t\t\t<p><span style=\"font-weight: 400;\">\u00bfPresenta un programa de radio o un podcast y necesita un jingle que suene pegadizo? \u00bfEst\u00e1 buscando un software para hacer jingle? Luego <\/span><a href=\"https:\/\/radiojingles24.com\/es\/\"><span style=\"font-weight: 400;\">Radio Jingles 24<\/span><\/a><span style=\"font-weight: 400;\"> tiene exactamente lo que busca. Producimos jingles de radio de calidad profesional, lanzamientos de DJ, jingles cantados y producci\u00f3n comercial. Nuestros especialistas en audio pueden ofrecer un tintineo de primera en solo 24 horas; prometemos una respuesta r\u00e1pida a su consulta.\u00a0<\/span><\/p>\n<p><span style=\"font-weight: 400;\">Hacemos audio para una amplia gama de clientes, incluidas estaciones de radio comunitarias, comerciales y de Internet, as\u00ed como DJ y presentadores de podcasts. Hay una amplia variedad de opciones para elegir que incluyen m\u00fasica, SFX y locutores. Nuestro software de creaci\u00f3n de jingle crear\u00e1 una pieza de audio \u00fanica que suena fant\u00e1stico y capta la atenci\u00f3n de todos sus oyentes. Para crear un jingle hoy, comun\u00edquese con nuestro equipo a trav\u00e9s de los m\u00e9todos a continuaci\u00f3n.\u00a0<\/span><\/p>\n<h2><b>\u00bfQu\u00e9 puedes esperar de Radio Jingles 24?<\/b><\/h2>\n<p><span style=\"font-weight: 400;\">Si necesita un tintineo para su programa o estaci\u00f3n, nuestro <\/span><a href=\"https:\/\/radiojingles24.com\/es\/#voices\"><span style=\"font-weight: 400;\">software moderno para hacer jingle<\/span><\/a><span style=\"font-weight: 400;\"> es la opci\u00f3n perfecta. Con nuestro software, podr\u00e1 crear una pieza de audio a medida que cumpla con todos sus requisitos. Puede elegir un artista espec\u00edfico, escribir su propio gui\u00f3n y elegir la duraci\u00f3n de su audio, de acuerdo con sus necesidades. Todo nuestro audio est\u00e1 grabado y producido por expertos en nuestro estudio de \u00faltima generaci\u00f3n. Esto garantiza una calidad de audio superior a cualquier otro servicio.\u00a0<\/span><\/p>\n<p><span style=\"font-weight: 400;\">Podemos producir sus jingles en una variedad de formatos como HQ WAVE, MP3 o AIFF. Esto le brinda la flexibilidad de elegir el formato de archivo ideal para su proyecto, estaci\u00f3n o programa. El cambio de rumbo de nuestro software de creaci\u00f3n de jingle es r\u00e1pido; Intentaremos enviarle su audio en menos de 24 horas y, por lo general, somos mucho m\u00e1s r\u00e1pidos que esto. No solo esto, sino que todo el audio es 100% libre de regal\u00edas.\u00a0<\/span><\/p>\n<p><span style=\"font-weight: 400;\">Adem\u00e1s, nuestros jingles de calidad profesional pueden ser secos o producidos completamente con SFX o m\u00fasica. Le enviaremos las copias que necesite, brind\u00e1ndole m\u00faltiples opciones para usar su jingle. El servicio al cliente y la experiencia de primera clase son una garant\u00eda cuando vienes a Radio Jingles 24; somos r\u00e1pidos, eficientes y rentables. Para obtener m\u00e1s informaci\u00f3n sobre nuestro software de creaci\u00f3n de jingle, p\u00f3ngase en contacto con nuestros expertos en audio hoy mismo.<\/span><\/p>\n<p><b>Cont\u00e1ctenos para crear un jingle de alta calidad hoy<\/b><\/p>\n<p><span style=\"font-weight: 400;\">Radio Jingles 24 puede producir un tintineo de primer nivel que suena genial. Para realizar una consulta sobre nuestro software de creaci\u00f3n de jingle, cont\u00e1ctenos llenando el formulario en l\u00ednea en la p\u00e1gina de contacto de nuestro sitio web. Responderemos a su mensaje lo antes posible. Alternativamente, no dude en escribirnos a: <\/span><a href=\"mailto:info@radiojingles24.com\"><span style=\"font-weight: 400;\">info@radiojingles24.com<\/span><\/a><span style=\"font-weight: 400;\">.<\/span><\/p>\n<p><span style=\"font-weight: 400;\">Si prefiere hablar con uno de los miembros de nuestro equipo, ll\u00e1menos al +44 0113 5346686 (Reino Unido) o al +1 (212) 710-1350 ahora mismo (EE. UU.). Nuestro personal capacitado est\u00e1 aqu\u00ed para ayudarlo a responder cualquier pregunta que pueda tener y brindarle m\u00e1s detalles sobre nuestro software para hacer jingle. Mientras tanto, visite el sitio web de Radio Jingles 24 para obtener m\u00e1s informaci\u00f3n sobre nuestra gama de soluciones de audio.<\/span><\/p>\n\r\n\t\t<\/div>\r\n\t<\/div>\r\n\n\t\t\t<\/div> \n\t\t<\/div>\n\t<\/div> \n<\/div><\/div>","protected":false},"excerpt":{"rendered":"\u00bfEst\u00e1s organizando un programa de radio o un podcast y necesitas un jingle que suene pegadizo? \u00bfEst\u00e1 buscando software para crear jingles? Entonces Radio Jingles 24 tiene exactamente lo que est\u00e1s buscando. Nosotros producimos...","protected":false},"author":1,"featured_media":0,"parent":0,"menu_order":0,"comment_status":"closed","ping_status":"closed","template":"","meta":{"_exactmetrics_skip_tracking":false,"_exactmetrics_sitenote_active":false,"_exactmetrics_sitenote_note":"","_exactmetrics_sitenote_category":0,"footnotes":""},"class_list":["post-91492","page","type-page","status-publish"],"yoast_head":"<!-- This site is optimized with the Yoast SEO plugin v26.8 - https:\/\/yoast.com\/product\/yoast-seo-wordpress\/ -->\n<title>Radio Jingles 24: Radio Jingles | DJ Drops | Podcast Intros | Sung Jingles<\/title>\n<meta name=\"description\" content=\"Radio Jingles, Sung Jingles, DJ Drops, and Podcast Intros for commercial, community and internet radio stations. UK Based. Prices from \u00a35. Order online.\" \/>\n<meta name=\"robots\" content=\"index, follow, max-snippet:-1, max-image-preview:large, max-video-preview:-1\" \/>\n<link rel=\"canonical\" href=\"https:\/\/radiojingles24.com\/es\/trying-to-find-a-professional-jingle-maker-software\/\" \/>\n<meta property=\"og:locale\" content=\"es_ES\" \/>\n<meta property=\"og:type\" content=\"article\" \/>\n<meta property=\"og:title\" content=\"Radio Jingles 24: Radio Jingles | DJ Drops | Podcast Intros | Sung Jingles\" \/>\n<meta property=\"og:description\" content=\"Radio Jingles, Sung Jingles, DJ Drops, and Podcast Intros for commercial, community and internet radio stations. UK Based. Prices from \u00a35. Order online.\" \/>\n<meta property=\"og:url\" content=\"https:\/\/radiojingles24.com\/es\/trying-to-find-a-professional-jingle-maker-software\/\" \/>\n<meta property=\"og:site_name\" content=\"Radio Jingles 24: Radio Jingles | DJ Drops | Podcast Intros | Sung Jingles\" \/>\n<meta property=\"article:publisher\" content=\"https:\/\/www.facebook.com\/radiojingles24\/\" \/>\n<meta name=\"twitter:card\" content=\"summary_large_image\" \/>\n<meta name=\"twitter:site\" content=\"@radiojingles24\" \/>\n<meta name=\"twitter:label1\" content=\"Tiempo de lectura\" \/>\n\t<meta name=\"twitter:data1\" content=\"3 minutos\" \/>\n<script type=\"application\/ld+json\" class=\"yoast-schema-graph\">{\"@context\":\"https:\/\/schema.org\",\"@graph\":[{\"@type\":\"WebPage\",\"@id\":\"https:\/\/radiojingles24.com\/trying-to-find-a-professional-jingle-maker-software\/\",\"url\":\"https:\/\/radiojingles24.com\/trying-to-find-a-professional-jingle-maker-software\/\",\"name\":\"Radio Jingles 24: Radio Jingles | DJ Drops | Podcast Intros | Sung Jingles\",\"isPartOf\":{\"@id\":\"https:\/\/radiojingles24.com\/#website\"},\"datePublished\":\"2021-10-14T16:05:33+00:00\",\"description\":\"Radio Jingles, Sung Jingles, DJ Drops, and Podcast Intros for commercial, community and internet radio stations. UK Based. Prices from \u00a35. Order online.\",\"breadcrumb\":{\"@id\":\"https:\/\/radiojingles24.com\/trying-to-find-a-professional-jingle-maker-software\/#breadcrumb\"},\"inLanguage\":\"es\",\"potentialAction\":[{\"@type\":\"ReadAction\",\"target\":[\"https:\/\/radiojingles24.com\/trying-to-find-a-professional-jingle-maker-software\/\"]}]},{\"@type\":\"BreadcrumbList\",\"@id\":\"https:\/\/radiojingles24.com\/trying-to-find-a-professional-jingle-maker-software\/#breadcrumb\",\"itemListElement\":[{\"@type\":\"ListItem\",\"position\":1,\"name\":\"Home\",\"item\":\"https:\/\/radiojingles24.com\/de\/\"},{\"@type\":\"ListItem\",\"position\":2,\"name\":\"Trying to Find a Professional Jingle Maker Software?\"}]},{\"@type\":\"WebSite\",\"@id\":\"https:\/\/radiojingles24.com\/#website\",\"url\":\"https:\/\/radiojingles24.com\/\",\"name\":\"Radio Jingles 24: Radio Jingles | DJ Drops | Podcast Intros | Sung Jingles\",\"description\":\"Radio Jingles, Sung Jingles, DJ Drops, and Podcast Intros for commercial, community and internet radio stations. UK Based. Prices from \u00a35. Order online.\",\"publisher\":{\"@id\":\"https:\/\/radiojingles24.com\/#organization\"},\"potentialAction\":[{\"@type\":\"SearchAction\",\"target\":{\"@type\":\"EntryPoint\",\"urlTemplate\":\"https:\/\/radiojingles24.com\/?s={search_term_string}\"},\"query-input\":{\"@type\":\"PropertyValueSpecification\",\"valueRequired\":true,\"valueName\":\"search_term_string\"}}],\"inLanguage\":\"es\"},{\"@type\":\"Organization\",\"@id\":\"https:\/\/radiojingles24.com\/#organization\",\"name\":\"Radio Jingles 24\",\"url\":\"https:\/\/radiojingles24.com\/\",\"logo\":{\"@type\":\"ImageObject\",\"inLanguage\":\"es\",\"@id\":\"https:\/\/radiojingles24.com\/#\/schema\/logo\/image\/\",\"url\":\"https:\/\/radiojingles24.com\/wp-content\/uploads\/2019\/11\/RadioJingle1-1.jpg\",\"contentUrl\":\"https:\/\/radiojingles24.com\/wp-content\/uploads\/2019\/11\/RadioJingle1-1.jpg\",\"width\":512,\"height\":158,\"caption\":\"Radio Jingles 24\"},\"image\":{\"@id\":\"https:\/\/radiojingles24.com\/#\/schema\/logo\/image\/\"},\"sameAs\":[\"https:\/\/www.facebook.com\/radiojingles24\/\",\"https:\/\/x.com\/radiojingles24\"]}]}<\/script>\n<!-- \/ Yoast SEO plugin. -->","yoast_head_json":{"title":"Radio Jingles 24: Radio Jingles | DJ Drops | Intros de podcasts | Jingles cantados","description":"Radio Jingles, Sung Jingles, DJ Drops e Intros de podcasts para estaciones de radio comerciales, comunitarias y de Internet. Basado en el Reino Unido. Precios desde \u00a3 5. Comprar online.","robots":{"index":"index","follow":"follow","max-snippet":"max-snippet:-1","max-image-preview":"max-image-preview:large","max-video-preview":"max-video-preview:-1"},"canonical":"https:\/\/radiojingles24.com\/es\/trying-to-find-a-professional-jingle-maker-software\/","og_locale":"es_ES","og_type":"article","og_title":"Radio Jingles 24: Radio Jingles | DJ Drops | Podcast Intros | Sung Jingles","og_description":"Radio Jingles, Sung Jingles, DJ Drops, and Podcast Intros for commercial, community and internet radio stations. UK Based. Prices from \u00a35. Order online.","og_url":"https:\/\/radiojingles24.com\/es\/trying-to-find-a-professional-jingle-maker-software\/","og_site_name":"Radio Jingles 24: Radio Jingles | DJ Drops | Podcast Intros | Sung Jingles","article_publisher":"https:\/\/www.facebook.com\/radiojingles24\/","twitter_card":"summary_large_image","twitter_site":"@radiojingles24","twitter_misc":{"Tiempo de lectura":"3 minutos"},"schema":{"@context":"https:\/\/schema.org","@graph":[{"@type":"WebPage","@id":"https:\/\/radiojingles24.com\/trying-to-find-a-professional-jingle-maker-software\/","url":"https:\/\/radiojingles24.com\/trying-to-find-a-professional-jingle-maker-software\/","name":"Radio Jingles 24: Radio Jingles | DJ Drops | Intros de podcasts | Jingles cantados","isPartOf":{"@id":"https:\/\/radiojingles24.com\/#website"},"datePublished":"2021-10-14T16:05:33+00:00","description":"Radio Jingles, Sung Jingles, DJ Drops e Intros de podcasts para estaciones de radio comerciales, comunitarias y de Internet. Basado en el Reino Unido. Precios desde \u00a3 5. Comprar online.","breadcrumb":{"@id":"https:\/\/radiojingles24.com\/trying-to-find-a-professional-jingle-maker-software\/#breadcrumb"},"inLanguage":"es","potentialAction":[{"@type":"ReadAction","target":["https:\/\/radiojingles24.com\/trying-to-find-a-professional-jingle-maker-software\/"]}]},{"@type":"BreadcrumbList","@id":"https:\/\/radiojingles24.com\/trying-to-find-a-professional-jingle-maker-software\/#breadcrumb","itemListElement":[{"@type":"ListItem","position":1,"name":"Home","item":"https:\/\/radiojingles24.com\/de\/"},{"@type":"ListItem","position":2,"name":"Trying to Find a Professional Jingle Maker Software?"}]},{"@type":"WebSite","@id":"https:\/\/radiojingles24.com\/#website","url":"https:\/\/radiojingles24.com\/","name":"Radio Jingles 24: Radio Jingles | DJ Drops | Intros de podcasts | Jingles cantados","description":"Radio Jingles, Sung Jingles, DJ Drops e Intros de podcasts para estaciones de radio comerciales, comunitarias y de Internet. Basado en el Reino Unido. Precios desde \u00a3 5. Comprar online.","publisher":{"@id":"https:\/\/radiojingles24.com\/#organization"},"potentialAction":[{"@type":"SearchAction","target":{"@type":"EntryPoint","urlTemplate":"https:\/\/radiojingles24.com\/?s={search_term_string}"},"query-input":{"@type":"PropertyValueSpecification","valueRequired":true,"valueName":"search_term_string"}}],"inLanguage":"es"},{"@type":"Organization","@id":"https:\/\/radiojingles24.com\/#organization","name":"Radio Jingles 24","url":"https:\/\/radiojingles24.com\/","logo":{"@type":"ImageObject","inLanguage":"es","@id":"https:\/\/radiojingles24.com\/#\/schema\/logo\/image\/","url":"https:\/\/radiojingles24.com\/wp-content\/uploads\/2019\/11\/RadioJingle1-1.jpg","contentUrl":"https:\/\/radiojingles24.com\/wp-content\/uploads\/2019\/11\/RadioJingle1-1.jpg","width":512,"height":158,"caption":"Radio Jingles 24"},"image":{"@id":"https:\/\/radiojingles24.com\/#\/schema\/logo\/image\/"},"sameAs":["https:\/\/www.facebook.com\/radiojingles24\/","https:\/\/x.com\/radiojingles24"]}]}},"jetpack_sharing_enabled":true,"_links":{"self":[{"href":"https:\/\/radiojingles24.com\/es\/wp-json\/wp\/v2\/pages\/91492","targetHints":{"allow":["GET"]}}],"collection":[{"href":"https:\/\/radiojingles24.com\/es\/wp-json\/wp\/v2\/pages"}],"about":[{"href":"https:\/\/radiojingles24.com\/es\/wp-json\/wp\/v2\/types\/page"}],"author":[{"embeddable":true,"href":"https:\/\/radiojingles24.com\/es\/wp-json\/wp\/v2\/users\/1"}],"replies":[{"embeddable":true,"href":"https:\/\/radiojingles24.com\/es\/wp-json\/wp\/v2\/comments?post=91492"}],"version-history":[{"count":1,"href":"https:\/\/radiojingles24.com\/es\/wp-json\/wp\/v2\/pages\/91492\/revisions"}],"predecessor-version":[{"id":91494,"href":"https:\/\/radiojingles24.com\/es\/wp-json\/wp\/v2\/pages\/91492\/revisions\/91494"}],"wp:attachment":[{"href":"https:\/\/radiojingles24.com\/es\/wp-json\/wp\/v2\/media?parent=91492"}],"curies":[{"name":"wp","href":"https:\/\/api.w.org\/{rel}","templated":true}]}}