{"id":92382,"date":"2022-01-19T11:20:32","date_gmt":"2022-01-19T11:20:32","guid":{"rendered":"https:\/\/radiojingles24.com\/?page_id=92382"},"modified":"2022-01-19T11:20:32","modified_gmt":"2022-01-19T11:20:32","slug":"are-you-looking-to-buy-jingles","status":"publish","type":"page","link":"https:\/\/radiojingles24.com\/es\/are-you-looking-to-buy-jingles\/","title":{"rendered":"\u00bfEst\u00e1s buscando comprar jingles?"},"content":{"rendered":"<div id=\"fws_69d56b2c4ee91\"  data-midnight=\"dark\"  data-bg-mobile-hidden=\"\" class=\"wpb_row vc_row-fluid vc_row top-level standard_section\"  style=\"padding-top: 0px; padding-bottom: 0px; \"><div class=\"row-bg-wrap\" data-bg-animation=\"none\"><div class=\"inner-wrap\"><div class=\"row-bg\"  style=\"\"><\/div><\/div><div class=\"row-bg-overlay\" ><\/div><\/div><div class=\"col span_12 dark left\">\n\t<div  class=\"vc_col-sm-12 wpb_column column_container vc_column_container col no-extra-padding\"  data-t-w-inherits=\"default\" data-border-radius=\"none\" data-shadow=\"none\" data-border-animation=\"\" data-border-animation-delay=\"\" data-border-width=\"none\" data-border-style=\"solid\" data-border-color=\"\" data-bg-cover=\"\" data-padding-pos=\"all\" data-has-bg-color=\"false\" data-bg-color=\"\" data-bg-opacity=\"1\" data-hover-bg=\"\" data-hover-bg-opacity=\"1\" data-animation=\"\" data-delay=\"0\"><div class=\"column-bg-overlay\"><\/div>\n\t\t<div class=\"vc_column-inner\">\n\t\t\t<div class=\"wpb_wrapper\">\n\t\t\t\t\r\n\t<div class=\"wpb_text_column wpb_content_element\" >\r\n\t\t<div class=\"wpb_wrapper\">\r\n\t\t\t<p><span style=\"font-weight: 400;\">\u00bfHa iniciado recientemente su propia estaci\u00f3n de radio o necesita contenido nuevo y est\u00e1 buscando comprar jingles? Entonces has venido al lugar correcto. Bienvenido a <\/span><a href=\"https:\/\/radiojingles24.com\/es\/\"><span style=\"font-weight: 400;\">Radio Jingles 24<\/span><\/a><span style=\"font-weight: 400;\">, somos una empresa de producci\u00f3n de im\u00e1genes con sede en el Reino Unido con m\u00e1s de 10 a\u00f1os de experiencia en la industria.\u00a0<\/span><\/p>\n<p>&nbsp;<\/p>\n<p><span style=\"font-weight: 400;\">Esta experiencia a lo largo de los a\u00f1os nos ha permitido desarrollar y redise\u00f1ar nuestros productos, de modo que finalmente hemos encontrado algo que se adapta a todos los requisitos y tambi\u00e9n puede mantenerse al d\u00eda con las tendencias en constante cambio. Como empresa, ofrecemos jingles para todo tipo de aspectos creativos dentro de la industria, desde jingles de DJ de radio, jingles de podcast y jingles de producci\u00f3n comercial, solo por nombrar algunos.\u00a0<\/span><\/p>\n<p>&nbsp;<\/p>\n<p><b>Mirando Nuestros Servicios\u00a0<\/b><\/p>\n<p>&nbsp;<\/p>\n<p><span style=\"font-weight: 400;\">Cuando busca comprar jingles, es crucial que sepa exactamente lo que est\u00e1 buscando, para la categor\u00eda en la que desea crear. Por ejemplo, ofrecemos una gama de sonidos y jingles que puede comprar para podcasts, radios y DJs, as\u00ed que seguro que hay una opci\u00f3n para ti.<\/span><\/p>\n<p><span style=\"font-weight: 400;\"><br \/>\n<\/span><span style=\"font-weight: 400;\">Si est\u00e1 buscando comprar jingles para su podcast que acaba de crear, o que tal vez acaba de comenzar a emitirse, entonces nuestro <\/span><a href=\"https:\/\/radiojingles24.com\/es\/producto\/podcastpackvol1\/\"><span style=\"font-weight: 400;\">paquete de podcast vol.1<\/span><\/a><span style=\"font-weight: 400;\"> ser\u00e1 la opci\u00f3n ideal para ti. Dentro de este paquete, tiene la opci\u00f3n de elegir entre una variedad de nuestras voces populares. Esto es excelente para aquellos que reci\u00e9n comienzan y pueden necesitar ideas sobre contenido futuro, o que pueden necesitar ayuda al buscar qu\u00e9 publicar y c\u00f3mo cambiar su contenido habitual de podcast.\u00a0<\/span><\/p>\n<p>&nbsp;<\/p>\n<p><span style=\"font-weight: 400;\">Estos jingles particulares que puedes comprar son frases que son muy \u00fatiles, van desde &quot;bienvenido de nuevo&quot;, hasta &quot;el invitado especial de esta semana es&quot;, as\u00ed que no importa el sonido que necesites, tendremos el adecuado para ti. . A continuaci\u00f3n, tenemos nuestro paquete de podcast de introducci\u00f3n y salida, que cuando compre los jingles, tambi\u00e9n vendr\u00e1 con una variedad para elegir.\u00a0<\/span><\/p>\n<p>&nbsp;<\/p>\n<p><span style=\"font-weight: 400;\">Dentro de este paquete, puede elegir entre una variedad de voces en off pregrabadas, lo que le brinda la oportunidad de escuchar varios tonos y ver cu\u00e1l es el m\u00e1s adecuado para usted. Luego, una vez que haya tomado esta decisi\u00f3n, puede crear su propio gui\u00f3n dise\u00f1ado para su contenido y audiencia, haci\u00e9ndolo completamente suyo.<\/span><\/p>\n<p>&nbsp;<\/p>\n<p><b>\u00bfTe gustar\u00eda m\u00e1s informaci\u00f3n?<\/b><\/p>\n<p>&nbsp;<\/p>\n<p><span style=\"font-weight: 400;\">Aqu\u00ed en Radio Jingles 24, creemos en la satisfacci\u00f3n del cliente y siempre intentaremos superar sus expectativas. Produciremos todos los jingles hechos dentro de las 24 horas. Creemos que comprar jingles debe ser un proceso emocionante y el comienzo de una nueva salida creativa, en lugar del proceso en el que tienes que esperar a que comience algo.<\/span><\/p>\n<p><span style=\"font-weight: 400;\">Si desea obtener m\u00e1s informaci\u00f3n sobre c\u00f3mo comprar jingles, no dude en visitar nuestro sitio web en <\/span><a href=\"http:\/\/radiojingles24.com\/es\/\"><span style=\"font-weight: 400;\">radiojingles24.com<\/span><\/a><span style=\"font-weight: 400;\"> o puede llamar hoy a un miembro de nuestro equipo al +44 (0) 113 5346686 para el Reino Unido o al +1 (212) 710-1350 para los EE. UU.<\/span><\/p>\n\r\n\t\t<\/div>\r\n\t<\/div>\r\n\n\t\t\t<\/div> \n\t\t<\/div>\n\t<\/div> \n<\/div><\/div>","protected":false},"excerpt":{"rendered":"\u00bfHa iniciado recientemente su propia estaci\u00f3n de radio o necesita contenido nuevo y est\u00e1 buscando comprar jingles? Entonces has venido a la derecha...","protected":false},"author":1,"featured_media":0,"parent":0,"menu_order":0,"comment_status":"closed","ping_status":"closed","template":"","meta":{"_exactmetrics_skip_tracking":false,"_exactmetrics_sitenote_active":false,"_exactmetrics_sitenote_note":"","_exactmetrics_sitenote_category":0,"footnotes":""},"class_list":["post-92382","page","type-page","status-publish"],"yoast_head":"<!-- This site is optimized with the Yoast SEO plugin v26.8 - https:\/\/yoast.com\/product\/yoast-seo-wordpress\/ -->\n<title>Radio Jingles 24: Radio Jingles | DJ Drops | Podcast Intros | Sung Jingles<\/title>\n<meta name=\"description\" content=\"Radio Jingles, Sung Jingles, DJ Drops, and Podcast Intros for commercial, community and internet radio stations. UK Based. Prices from \u00a35. Order online.\" \/>\n<meta name=\"robots\" content=\"index, follow, max-snippet:-1, max-image-preview:large, max-video-preview:-1\" \/>\n<link rel=\"canonical\" href=\"https:\/\/radiojingles24.com\/es\/are-you-looking-to-buy-jingles\/\" \/>\n<meta property=\"og:locale\" content=\"es_ES\" \/>\n<meta property=\"og:type\" content=\"article\" \/>\n<meta property=\"og:title\" content=\"Radio Jingles 24: Radio Jingles | DJ Drops | Podcast Intros | Sung Jingles\" \/>\n<meta property=\"og:description\" content=\"Radio Jingles, Sung Jingles, DJ Drops, and Podcast Intros for commercial, community and internet radio stations. UK Based. Prices from \u00a35. Order online.\" \/>\n<meta property=\"og:url\" content=\"https:\/\/radiojingles24.com\/es\/are-you-looking-to-buy-jingles\/\" \/>\n<meta property=\"og:site_name\" content=\"Radio Jingles 24: Radio Jingles | DJ Drops | Podcast Intros | Sung Jingles\" \/>\n<meta property=\"article:publisher\" content=\"https:\/\/www.facebook.com\/radiojingles24\/\" \/>\n<meta name=\"twitter:card\" content=\"summary_large_image\" \/>\n<meta name=\"twitter:site\" content=\"@radiojingles24\" \/>\n<meta name=\"twitter:label1\" content=\"Tiempo de lectura\" \/>\n\t<meta name=\"twitter:data1\" content=\"3 minutos\" \/>\n<script type=\"application\/ld+json\" class=\"yoast-schema-graph\">{\"@context\":\"https:\/\/schema.org\",\"@graph\":[{\"@type\":\"WebPage\",\"@id\":\"https:\/\/radiojingles24.com\/are-you-looking-to-buy-jingles\/\",\"url\":\"https:\/\/radiojingles24.com\/are-you-looking-to-buy-jingles\/\",\"name\":\"Radio Jingles 24: Radio Jingles | DJ Drops | Podcast Intros | Sung Jingles\",\"isPartOf\":{\"@id\":\"https:\/\/radiojingles24.com\/#website\"},\"datePublished\":\"2022-01-19T11:20:32+00:00\",\"description\":\"Radio Jingles, Sung Jingles, DJ Drops, and Podcast Intros for commercial, community and internet radio stations. UK Based. Prices from \u00a35. Order online.\",\"breadcrumb\":{\"@id\":\"https:\/\/radiojingles24.com\/are-you-looking-to-buy-jingles\/#breadcrumb\"},\"inLanguage\":\"es\",\"potentialAction\":[{\"@type\":\"ReadAction\",\"target\":[\"https:\/\/radiojingles24.com\/are-you-looking-to-buy-jingles\/\"]}]},{\"@type\":\"BreadcrumbList\",\"@id\":\"https:\/\/radiojingles24.com\/are-you-looking-to-buy-jingles\/#breadcrumb\",\"itemListElement\":[{\"@type\":\"ListItem\",\"position\":1,\"name\":\"Home\",\"item\":\"https:\/\/radiojingles24.com\/de\/\"},{\"@type\":\"ListItem\",\"position\":2,\"name\":\"Are you Looking to Buy Jingles?\"}]},{\"@type\":\"WebSite\",\"@id\":\"https:\/\/radiojingles24.com\/#website\",\"url\":\"https:\/\/radiojingles24.com\/\",\"name\":\"Radio Jingles 24: Radio Jingles | DJ Drops | Podcast Intros | Sung Jingles\",\"description\":\"Radio Jingles, Sung Jingles, DJ Drops, and Podcast Intros for commercial, community and internet radio stations. UK Based. Prices from \u00a35. Order online.\",\"publisher\":{\"@id\":\"https:\/\/radiojingles24.com\/#organization\"},\"potentialAction\":[{\"@type\":\"SearchAction\",\"target\":{\"@type\":\"EntryPoint\",\"urlTemplate\":\"https:\/\/radiojingles24.com\/?s={search_term_string}\"},\"query-input\":{\"@type\":\"PropertyValueSpecification\",\"valueRequired\":true,\"valueName\":\"search_term_string\"}}],\"inLanguage\":\"es\"},{\"@type\":\"Organization\",\"@id\":\"https:\/\/radiojingles24.com\/#organization\",\"name\":\"Radio Jingles 24\",\"url\":\"https:\/\/radiojingles24.com\/\",\"logo\":{\"@type\":\"ImageObject\",\"inLanguage\":\"es\",\"@id\":\"https:\/\/radiojingles24.com\/#\/schema\/logo\/image\/\",\"url\":\"https:\/\/radiojingles24.com\/wp-content\/uploads\/2019\/11\/RadioJingle1-1.jpg\",\"contentUrl\":\"https:\/\/radiojingles24.com\/wp-content\/uploads\/2019\/11\/RadioJingle1-1.jpg\",\"width\":512,\"height\":158,\"caption\":\"Radio Jingles 24\"},\"image\":{\"@id\":\"https:\/\/radiojingles24.com\/#\/schema\/logo\/image\/\"},\"sameAs\":[\"https:\/\/www.facebook.com\/radiojingles24\/\",\"https:\/\/x.com\/radiojingles24\"]}]}<\/script>\n<!-- \/ Yoast SEO plugin. -->","yoast_head_json":{"title":"Radio Jingles 24: Radio Jingles | DJ Drops | Intros de podcasts | Jingles cantados","description":"Radio Jingles, Sung Jingles, DJ Drops e Intros de podcasts para estaciones de radio comerciales, comunitarias y de Internet. Basado en el Reino Unido. Precios desde \u00a3 5. Comprar online.","robots":{"index":"index","follow":"follow","max-snippet":"max-snippet:-1","max-image-preview":"max-image-preview:large","max-video-preview":"max-video-preview:-1"},"canonical":"https:\/\/radiojingles24.com\/es\/are-you-looking-to-buy-jingles\/","og_locale":"es_ES","og_type":"article","og_title":"Radio Jingles 24: Radio Jingles | DJ Drops | Podcast Intros | Sung Jingles","og_description":"Radio Jingles, Sung Jingles, DJ Drops, and Podcast Intros for commercial, community and internet radio stations. UK Based. Prices from \u00a35. Order online.","og_url":"https:\/\/radiojingles24.com\/es\/are-you-looking-to-buy-jingles\/","og_site_name":"Radio Jingles 24: Radio Jingles | DJ Drops | Podcast Intros | Sung Jingles","article_publisher":"https:\/\/www.facebook.com\/radiojingles24\/","twitter_card":"summary_large_image","twitter_site":"@radiojingles24","twitter_misc":{"Tiempo de lectura":"3 minutos"},"schema":{"@context":"https:\/\/schema.org","@graph":[{"@type":"WebPage","@id":"https:\/\/radiojingles24.com\/are-you-looking-to-buy-jingles\/","url":"https:\/\/radiojingles24.com\/are-you-looking-to-buy-jingles\/","name":"Radio Jingles 24: Radio Jingles | DJ Drops | Intros de podcasts | Jingles cantados","isPartOf":{"@id":"https:\/\/radiojingles24.com\/#website"},"datePublished":"2022-01-19T11:20:32+00:00","description":"Radio Jingles, Sung Jingles, DJ Drops e Intros de podcasts para estaciones de radio comerciales, comunitarias y de Internet. Basado en el Reino Unido. Precios desde \u00a3 5. Comprar online.","breadcrumb":{"@id":"https:\/\/radiojingles24.com\/are-you-looking-to-buy-jingles\/#breadcrumb"},"inLanguage":"es","potentialAction":[{"@type":"ReadAction","target":["https:\/\/radiojingles24.com\/are-you-looking-to-buy-jingles\/"]}]},{"@type":"BreadcrumbList","@id":"https:\/\/radiojingles24.com\/are-you-looking-to-buy-jingles\/#breadcrumb","itemListElement":[{"@type":"ListItem","position":1,"name":"Home","item":"https:\/\/radiojingles24.com\/de\/"},{"@type":"ListItem","position":2,"name":"Are you Looking to Buy Jingles?"}]},{"@type":"WebSite","@id":"https:\/\/radiojingles24.com\/#website","url":"https:\/\/radiojingles24.com\/","name":"Radio Jingles 24: Radio Jingles | DJ Drops | Intros de podcasts | Jingles cantados","description":"Radio Jingles, Sung Jingles, DJ Drops e Intros de podcasts para estaciones de radio comerciales, comunitarias y de Internet. Basado en el Reino Unido. Precios desde \u00a3 5. Comprar online.","publisher":{"@id":"https:\/\/radiojingles24.com\/#organization"},"potentialAction":[{"@type":"SearchAction","target":{"@type":"EntryPoint","urlTemplate":"https:\/\/radiojingles24.com\/?s={search_term_string}"},"query-input":{"@type":"PropertyValueSpecification","valueRequired":true,"valueName":"search_term_string"}}],"inLanguage":"es"},{"@type":"Organization","@id":"https:\/\/radiojingles24.com\/#organization","name":"Radio Jingles 24","url":"https:\/\/radiojingles24.com\/","logo":{"@type":"ImageObject","inLanguage":"es","@id":"https:\/\/radiojingles24.com\/#\/schema\/logo\/image\/","url":"https:\/\/radiojingles24.com\/wp-content\/uploads\/2019\/11\/RadioJingle1-1.jpg","contentUrl":"https:\/\/radiojingles24.com\/wp-content\/uploads\/2019\/11\/RadioJingle1-1.jpg","width":512,"height":158,"caption":"Radio Jingles 24"},"image":{"@id":"https:\/\/radiojingles24.com\/#\/schema\/logo\/image\/"},"sameAs":["https:\/\/www.facebook.com\/radiojingles24\/","https:\/\/x.com\/radiojingles24"]}]}},"jetpack_sharing_enabled":true,"_links":{"self":[{"href":"https:\/\/radiojingles24.com\/es\/wp-json\/wp\/v2\/pages\/92382","targetHints":{"allow":["GET"]}}],"collection":[{"href":"https:\/\/radiojingles24.com\/es\/wp-json\/wp\/v2\/pages"}],"about":[{"href":"https:\/\/radiojingles24.com\/es\/wp-json\/wp\/v2\/types\/page"}],"author":[{"embeddable":true,"href":"https:\/\/radiojingles24.com\/es\/wp-json\/wp\/v2\/users\/1"}],"replies":[{"embeddable":true,"href":"https:\/\/radiojingles24.com\/es\/wp-json\/wp\/v2\/comments?post=92382"}],"version-history":[{"count":1,"href":"https:\/\/radiojingles24.com\/es\/wp-json\/wp\/v2\/pages\/92382\/revisions"}],"predecessor-version":[{"id":92385,"href":"https:\/\/radiojingles24.com\/es\/wp-json\/wp\/v2\/pages\/92382\/revisions\/92385"}],"wp:attachment":[{"href":"https:\/\/radiojingles24.com\/es\/wp-json\/wp\/v2\/media?parent=92382"}],"curies":[{"name":"wp","href":"https:\/\/api.w.org\/{rel}","templated":true}]}}