{"id":93747,"date":"2022-03-21T11:58:23","date_gmt":"2022-03-21T11:58:23","guid":{"rendered":"https:\/\/radiojingles24.com\/?page_id=93747"},"modified":"2022-06-03T12:00:02","modified_gmt":"2022-06-03T12:00:02","slug":"jingle-for-a-podcast","status":"publish","type":"page","link":"https:\/\/radiojingles24.com\/es\/jingle-for-a-podcast\/","title":{"rendered":"\u00bfQuieres saber c\u00f3mo crear un jingle para un podcast?"},"content":{"rendered":"<div id=\"fws_69d685583c1ed\"  data-midnight=\"dark\"  data-bg-mobile-hidden=\"\" class=\"wpb_row vc_row-fluid vc_row top-level standard_section\"  style=\"padding-top: 0px; padding-bottom: 0px; \"><div class=\"row-bg-wrap\" data-bg-animation=\"none\"><div class=\"inner-wrap\"><div class=\"row-bg\"  style=\"\"><\/div><\/div><div class=\"row-bg-overlay\" ><\/div><\/div><div class=\"col span_12 dark left\">\n\t<div  class=\"vc_col-sm-12 wpb_column column_container vc_column_container col no-extra-padding\"  data-t-w-inherits=\"default\" data-border-radius=\"none\" data-shadow=\"none\" data-border-animation=\"\" data-border-animation-delay=\"\" data-border-width=\"none\" data-border-style=\"solid\" data-border-color=\"\" data-bg-cover=\"\" data-padding-pos=\"all\" data-has-bg-color=\"false\" data-bg-color=\"\" data-bg-opacity=\"1\" data-hover-bg=\"\" data-hover-bg-opacity=\"1\" data-animation=\"\" data-delay=\"0\"><div class=\"column-bg-overlay\"><\/div>\n\t\t<div class=\"vc_column-inner\">\n\t\t\t<div class=\"wpb_wrapper\">\n\t\t\t\t\r\n\t<div class=\"wpb_text_column wpb_content_element\" >\r\n\t\t<div class=\"wpb_wrapper\">\r\n\t\t\t<p><span style=\"font-weight: 400;\">\u00bfEst\u00e1s comenzando un nuevo podcast? \u00bfQuiz\u00e1s quieras actualizar tu introducci\u00f3n de podcast existente agregando un jingle est\u00e1ndar profesional? Bueno, aqu\u00ed en <\/span><a href=\"https:\/\/radiojingles24.com\/es\/\"><span style=\"font-weight: 400;\">Radio Jingles 24<\/span><\/a><span style=\"font-weight: 400;\"> lo tenemos cubierto con nuestro creador de jingles personalizado, simple pero efectivo; y solo toma hasta 24 horas para crear. Durante los \u00faltimos 10 a\u00f1os, nuestro equipo de expertos ha buscado por todas partes la mejor soluci\u00f3n f\u00e1cil de usar para aquellos clientes y empresas independientes que quieren saber c\u00f3mo crear un jingle para un podcast y es seguro decir que finalmente lo hemos hecho. Lo encontr\u00e9. Crea tu propio jingle hoy en solo 5 minutos usando <\/span><strong><a href=\"https:\/\/radiojingles24.com\/es\/producto\/spoken-audio\/\">nuestro generador de jingles<\/a><\/strong><span style=\"font-weight: 400;\"> en nuestro sitio web.<\/span><\/p>\n<p>&nbsp;<\/p>\n<p><b>Haz que tu podcast sea memorable<\/b><\/p>\n<p>&nbsp;<\/p>\n<p><span style=\"font-weight: 400;\">Entonces, \u00bfquieres saber c\u00f3mo crear un jingle para un podcast? Comencemos con el primer paso. \u00bfEst\u00e1s buscando un jingle hablado o cantado? Afortunadamente, tenemos una gran variedad de voces; de ambos <\/span><a href=\"https:\/\/radiojingles24.com\/es\/#voices\"><span style=\"font-weight: 400;\"><strong>oradores y cantantes<\/strong><\/span><\/a><span style=\"font-weight: 400;\">, que estamos seguros se adaptar\u00e1 perfectamente a tu podcast. Dependiendo de la voz que elija, puede esperar pagar entre \u00a3 5 y \u00a3 20; esto aumentar\u00e1 a medida que avance en el proceso de generaci\u00f3n.\u00a0<\/span><\/p>\n<p>&nbsp;<\/p>\n<p><span style=\"font-weight: 400;\">Una vez que est\u00e9 satisfecho con su voz, se le pedir\u00e1 un gui\u00f3n, esto es exactamente lo que le gustar\u00eda ser. <\/span><a href=\"https:\/\/radiojingles24.com\/es\/producto\/spoken-audio\/\"><span style=\"font-weight: 400;\"><strong>hablado<\/strong><\/span><\/a><span style=\"font-weight: 400;\"> o <\/span><strong><a href=\"https:\/\/radiojingles24.com\/es\/producto\/sung-audio\/\">cantado<\/a><\/strong><span style=\"font-weight: 400;\"> durante el jingle; nuevamente, el precio depende de la cantidad de palabras que le gustar\u00eda usar y ajustaremos el precio agregado en consecuencia. En esta etapa, tambi\u00e9n tiene la opci\u00f3n de proporcionarnos detalles adicionales, estos podr\u00edan ser consejos sobre la pronunciaci\u00f3n de las palabras o el \u00e9nfasis en alguna palabra en particular.\u00a0<\/span><\/p>\n<p>&nbsp;<\/p>\n<p><span style=\"font-weight: 400;\">Despu\u00e9s de esto, puede agregar producci\u00f3n. \u00bfVes c\u00f3mo se junta tu jingle? En este punto, puede agregar cualquier m\u00fasica, efectos vocales o efectos de sonido para formar su audio por un precio de solo \u00a3 4.50. Finalmente, h\u00e1ganos saber en qu\u00e9 formato le gustar\u00eda recibir su jingle completo; ya sea como MP3, WAVE o AIFF, d\u00e9jenos el resto a nosotros. Simple. \u00bfNo est\u00e1 seguro de estar listo para seguir adelante con este proceso? \u00bfPor qu\u00e9 no echas un vistazo? <\/span><strong><a href=\"https:\/\/radiojingles24.com\/es\/categoria-producto\/podcast-intro\/\">nuestros paquetes de podcasts<\/a><\/strong><span style=\"font-weight: 400;\"> para m\u00e1s inspiraci\u00f3n.<\/span><\/p>\n<p>&nbsp;<\/p>\n<p><b>Crea tu Podcast Jingle en 4 Sencillos Pasos<\/b><\/p>\n<p>&nbsp;<\/p>\n<p><span style=\"font-weight: 400;\">La creaci\u00f3n de jingles nunca ha sido tan f\u00e1cil como con Radio Jingles 24, entonces, \u00bfpor qu\u00e9 perderse cuando puede descubrir c\u00f3mo crear un jingle para un podcast en cuesti\u00f3n de minutos? Al hacer clic en nuestra opci\u00f3n de crear su propio jingle en nuestro sitio web, se lo dirigir\u00e1 instant\u00e1neamente a nuestra selecci\u00f3n de voz en off y cantante, simplemente navegue a trav\u00e9s de las voces y elija la que mejor se adapte a usted y a su podcast. Una vez que tenga su voz, contin\u00fae con los pasos discutidos y observe c\u00f3mo su jingle cobra vida.\u00a0<\/span><\/p>\n<p>&nbsp;<\/p>\n<p><span style=\"font-weight: 400;\">Tropezar con un problema en el camino o simplemente quiere hablar con nuestro equipo antes de seguir adelante con su generaci\u00f3n de jingles, puede <\/span><strong><a href=\"https:\/\/radiojingles24.com\/es\/contact-us\/\">ponerse en contacto<\/a><\/strong><span style=\"font-weight: 400;\"> con nosotros llamando al +44 (0) 113 5346686 o envi\u00e1ndonos un correo electr\u00f3nico a <\/span><a href=\"mailto:info@radiojingles24.com\"><span style=\"font-weight: 400;\">info@radiojingles24.com<\/span><\/a><span style=\"font-weight: 400;\"> y estaremos encantados de resolver cualquier duda o consulta que puedas tener.<\/span><\/p>\n\r\n\t\t<\/div>\r\n\t<\/div>\r\n\n\t\t\t<\/div> \n\t\t<\/div>\n\t<\/div> \n<\/div><\/div>","protected":false},"excerpt":{"rendered":"\u00bfEst\u00e1s comenzando un nuevo podcast? \u00bfQuiz\u00e1s quieras actualizar tu introducci\u00f3n de podcast existente agregando un jingle est\u00e1ndar profesional? Pues aqu\u00ed en Radio Jingles 24 te tenemos...","protected":false},"author":1,"featured_media":0,"parent":0,"menu_order":0,"comment_status":"closed","ping_status":"closed","template":"","meta":{"_exactmetrics_skip_tracking":false,"_exactmetrics_sitenote_active":false,"_exactmetrics_sitenote_note":"","_exactmetrics_sitenote_category":0,"footnotes":""},"class_list":["post-93747","page","type-page","status-publish"],"yoast_head":"<!-- This site is optimized with the Yoast SEO plugin v26.8 - https:\/\/yoast.com\/product\/yoast-seo-wordpress\/ -->\n<title>Radio Jingles 24: Radio Jingles | DJ Drops | Podcast Intros | Sung Jingles<\/title>\n<meta name=\"description\" content=\"Radio Jingles, Sung Jingles, DJ Drops, and Podcast Intros for commercial, community and internet radio stations. UK Based. Prices from \u00a35. Order online.\" \/>\n<meta name=\"robots\" content=\"index, follow, max-snippet:-1, max-image-preview:large, max-video-preview:-1\" \/>\n<link rel=\"canonical\" href=\"https:\/\/radiojingles24.com\/es\/jingle-for-a-podcast\/\" \/>\n<meta property=\"og:locale\" content=\"es_ES\" \/>\n<meta property=\"og:type\" content=\"article\" \/>\n<meta property=\"og:title\" content=\"Radio Jingles 24: Radio Jingles | DJ Drops | Podcast Intros | Sung Jingles\" \/>\n<meta property=\"og:description\" content=\"Radio Jingles, Sung Jingles, DJ Drops, and Podcast Intros for commercial, community and internet radio stations. UK Based. Prices from \u00a35. Order online.\" \/>\n<meta property=\"og:url\" content=\"https:\/\/radiojingles24.com\/es\/jingle-for-a-podcast\/\" \/>\n<meta property=\"og:site_name\" content=\"Radio Jingles 24: Radio Jingles | DJ Drops | Podcast Intros | Sung Jingles\" \/>\n<meta property=\"article:publisher\" content=\"https:\/\/www.facebook.com\/radiojingles24\/\" \/>\n<meta property=\"article:modified_time\" content=\"2022-06-03T12:00:02+00:00\" \/>\n<meta name=\"twitter:card\" content=\"summary_large_image\" \/>\n<meta name=\"twitter:site\" content=\"@radiojingles24\" \/>\n<meta name=\"twitter:label1\" content=\"Tiempo de lectura\" \/>\n\t<meta name=\"twitter:data1\" content=\"3 minutos\" \/>\n<script type=\"application\/ld+json\" class=\"yoast-schema-graph\">{\"@context\":\"https:\/\/schema.org\",\"@graph\":[{\"@type\":\"WebPage\",\"@id\":\"https:\/\/radiojingles24.com\/it\/jingle-for-a-podcast\/\",\"url\":\"https:\/\/radiojingles24.com\/it\/jingle-for-a-podcast\/\",\"name\":\"Radio Jingles 24: Radio Jingles | DJ Drops | Podcast Intros | Sung Jingles\",\"isPartOf\":{\"@id\":\"https:\/\/radiojingles24.com\/#website\"},\"datePublished\":\"2022-03-21T11:58:23+00:00\",\"dateModified\":\"2022-06-03T12:00:02+00:00\",\"description\":\"Radio Jingles, Sung Jingles, DJ Drops, and Podcast Intros for commercial, community and internet radio stations. UK Based. Prices from \u00a35. Order online.\",\"breadcrumb\":{\"@id\":\"https:\/\/radiojingles24.com\/it\/jingle-for-a-podcast\/#breadcrumb\"},\"inLanguage\":\"es\",\"potentialAction\":[{\"@type\":\"ReadAction\",\"target\":[\"https:\/\/radiojingles24.com\/it\/jingle-for-a-podcast\/\"]}]},{\"@type\":\"BreadcrumbList\",\"@id\":\"https:\/\/radiojingles24.com\/it\/jingle-for-a-podcast\/#breadcrumb\",\"itemListElement\":[{\"@type\":\"ListItem\",\"position\":1,\"name\":\"Home\",\"item\":\"https:\/\/radiojingles24.com\/de\/\"},{\"@type\":\"ListItem\",\"position\":2,\"name\":\"Want to Know How To Create A Jingle For a Podcast?\"}]},{\"@type\":\"WebSite\",\"@id\":\"https:\/\/radiojingles24.com\/#website\",\"url\":\"https:\/\/radiojingles24.com\/\",\"name\":\"Radio Jingles 24: Radio Jingles | DJ Drops | Podcast Intros | Sung Jingles\",\"description\":\"Radio Jingles, Sung Jingles, DJ Drops, and Podcast Intros for commercial, community and internet radio stations. UK Based. Prices from \u00a35. Order online.\",\"publisher\":{\"@id\":\"https:\/\/radiojingles24.com\/#organization\"},\"potentialAction\":[{\"@type\":\"SearchAction\",\"target\":{\"@type\":\"EntryPoint\",\"urlTemplate\":\"https:\/\/radiojingles24.com\/?s={search_term_string}\"},\"query-input\":{\"@type\":\"PropertyValueSpecification\",\"valueRequired\":true,\"valueName\":\"search_term_string\"}}],\"inLanguage\":\"es\"},{\"@type\":\"Organization\",\"@id\":\"https:\/\/radiojingles24.com\/#organization\",\"name\":\"Radio Jingles 24\",\"url\":\"https:\/\/radiojingles24.com\/\",\"logo\":{\"@type\":\"ImageObject\",\"inLanguage\":\"es\",\"@id\":\"https:\/\/radiojingles24.com\/#\/schema\/logo\/image\/\",\"url\":\"https:\/\/radiojingles24.com\/wp-content\/uploads\/2019\/11\/RadioJingle1-1.jpg\",\"contentUrl\":\"https:\/\/radiojingles24.com\/wp-content\/uploads\/2019\/11\/RadioJingle1-1.jpg\",\"width\":512,\"height\":158,\"caption\":\"Radio Jingles 24\"},\"image\":{\"@id\":\"https:\/\/radiojingles24.com\/#\/schema\/logo\/image\/\"},\"sameAs\":[\"https:\/\/www.facebook.com\/radiojingles24\/\",\"https:\/\/x.com\/radiojingles24\"]}]}<\/script>\n<!-- \/ Yoast SEO plugin. -->","yoast_head_json":{"title":"Radio Jingles 24: Radio Jingles | DJ Drops | Intros de podcasts | Jingles cantados","description":"Radio Jingles, Sung Jingles, DJ Drops e Intros de podcasts para estaciones de radio comerciales, comunitarias y de Internet. Basado en el Reino Unido. Precios desde \u00a3 5. Comprar online.","robots":{"index":"index","follow":"follow","max-snippet":"max-snippet:-1","max-image-preview":"max-image-preview:large","max-video-preview":"max-video-preview:-1"},"canonical":"https:\/\/radiojingles24.com\/es\/jingle-for-a-podcast\/","og_locale":"es_ES","og_type":"article","og_title":"Radio Jingles 24: Radio Jingles | DJ Drops | Podcast Intros | Sung Jingles","og_description":"Radio Jingles, Sung Jingles, DJ Drops, and Podcast Intros for commercial, community and internet radio stations. UK Based. Prices from \u00a35. Order online.","og_url":"https:\/\/radiojingles24.com\/es\/jingle-for-a-podcast\/","og_site_name":"Radio Jingles 24: Radio Jingles | DJ Drops | Podcast Intros | Sung Jingles","article_publisher":"https:\/\/www.facebook.com\/radiojingles24\/","article_modified_time":"2022-06-03T12:00:02+00:00","twitter_card":"summary_large_image","twitter_site":"@radiojingles24","twitter_misc":{"Tiempo de lectura":"3 minutos"},"schema":{"@context":"https:\/\/schema.org","@graph":[{"@type":"WebPage","@id":"https:\/\/radiojingles24.com\/it\/jingle-for-a-podcast\/","url":"https:\/\/radiojingles24.com\/it\/jingle-for-a-podcast\/","name":"Radio Jingles 24: Radio Jingles | DJ Drops | Intros de podcasts | Jingles cantados","isPartOf":{"@id":"https:\/\/radiojingles24.com\/#website"},"datePublished":"2022-03-21T11:58:23+00:00","dateModified":"2022-06-03T12:00:02+00:00","description":"Radio Jingles, Sung Jingles, DJ Drops e Intros de podcasts para estaciones de radio comerciales, comunitarias y de Internet. Basado en el Reino Unido. Precios desde \u00a3 5. Comprar online.","breadcrumb":{"@id":"https:\/\/radiojingles24.com\/it\/jingle-for-a-podcast\/#breadcrumb"},"inLanguage":"es","potentialAction":[{"@type":"ReadAction","target":["https:\/\/radiojingles24.com\/it\/jingle-for-a-podcast\/"]}]},{"@type":"BreadcrumbList","@id":"https:\/\/radiojingles24.com\/it\/jingle-for-a-podcast\/#breadcrumb","itemListElement":[{"@type":"ListItem","position":1,"name":"Home","item":"https:\/\/radiojingles24.com\/de\/"},{"@type":"ListItem","position":2,"name":"Want to Know How To Create A Jingle For a Podcast?"}]},{"@type":"WebSite","@id":"https:\/\/radiojingles24.com\/#website","url":"https:\/\/radiojingles24.com\/","name":"Radio Jingles 24: Radio Jingles | DJ Drops | Intros de podcasts | Jingles cantados","description":"Radio Jingles, Sung Jingles, DJ Drops e Intros de podcasts para estaciones de radio comerciales, comunitarias y de Internet. Basado en el Reino Unido. Precios desde \u00a3 5. Comprar online.","publisher":{"@id":"https:\/\/radiojingles24.com\/#organization"},"potentialAction":[{"@type":"SearchAction","target":{"@type":"EntryPoint","urlTemplate":"https:\/\/radiojingles24.com\/?s={search_term_string}"},"query-input":{"@type":"PropertyValueSpecification","valueRequired":true,"valueName":"search_term_string"}}],"inLanguage":"es"},{"@type":"Organization","@id":"https:\/\/radiojingles24.com\/#organization","name":"Radio Jingles 24","url":"https:\/\/radiojingles24.com\/","logo":{"@type":"ImageObject","inLanguage":"es","@id":"https:\/\/radiojingles24.com\/#\/schema\/logo\/image\/","url":"https:\/\/radiojingles24.com\/wp-content\/uploads\/2019\/11\/RadioJingle1-1.jpg","contentUrl":"https:\/\/radiojingles24.com\/wp-content\/uploads\/2019\/11\/RadioJingle1-1.jpg","width":512,"height":158,"caption":"Radio Jingles 24"},"image":{"@id":"https:\/\/radiojingles24.com\/#\/schema\/logo\/image\/"},"sameAs":["https:\/\/www.facebook.com\/radiojingles24\/","https:\/\/x.com\/radiojingles24"]}]}},"jetpack_sharing_enabled":true,"_links":{"self":[{"href":"https:\/\/radiojingles24.com\/es\/wp-json\/wp\/v2\/pages\/93747","targetHints":{"allow":["GET"]}}],"collection":[{"href":"https:\/\/radiojingles24.com\/es\/wp-json\/wp\/v2\/pages"}],"about":[{"href":"https:\/\/radiojingles24.com\/es\/wp-json\/wp\/v2\/types\/page"}],"author":[{"embeddable":true,"href":"https:\/\/radiojingles24.com\/es\/wp-json\/wp\/v2\/users\/1"}],"replies":[{"embeddable":true,"href":"https:\/\/radiojingles24.com\/es\/wp-json\/wp\/v2\/comments?post=93747"}],"version-history":[{"count":1,"href":"https:\/\/radiojingles24.com\/es\/wp-json\/wp\/v2\/pages\/93747\/revisions"}],"predecessor-version":[{"id":93748,"href":"https:\/\/radiojingles24.com\/es\/wp-json\/wp\/v2\/pages\/93747\/revisions\/93748"}],"wp:attachment":[{"href":"https:\/\/radiojingles24.com\/es\/wp-json\/wp\/v2\/media?parent=93747"}],"curies":[{"name":"wp","href":"https:\/\/api.w.org\/{rel}","templated":true}]}}