{"id":93879,"date":"2022-05-03T07:51:29","date_gmt":"2022-05-03T07:51:29","guid":{"rendered":"https:\/\/radiojingles24.com\/?page_id=93879"},"modified":"2022-06-17T07:53:22","modified_gmt":"2022-06-17T07:53:22","slug":"professionals-jingle-maker-software","status":"publish","type":"page","link":"https:\/\/radiojingles24.com\/es\/professionals-jingle-maker-software\/","title":{"rendered":"\u00bfNecesita hacer que su estaci\u00f3n sea reconocible con un software profesional Jingle Maker?"},"content":{"rendered":"<div id=\"fws_69d323954de97\"  data-midnight=\"dark\"  data-bg-mobile-hidden=\"\" class=\"wpb_row vc_row-fluid vc_row top-level standard_section\"  style=\"padding-top: 0px; padding-bottom: 0px; \"><div class=\"row-bg-wrap\" data-bg-animation=\"none\"><div class=\"inner-wrap\"><div class=\"row-bg\"  style=\"\"><\/div><\/div><div class=\"row-bg-overlay\" ><\/div><\/div><div class=\"col span_12 dark left\">\n\t<div  class=\"vc_col-sm-12 wpb_column column_container vc_column_container col no-extra-padding\"  data-t-w-inherits=\"default\" data-border-radius=\"none\" data-shadow=\"none\" data-border-animation=\"\" data-border-animation-delay=\"\" data-border-width=\"none\" data-border-style=\"solid\" data-border-color=\"\" data-bg-cover=\"\" data-padding-pos=\"all\" data-has-bg-color=\"false\" data-bg-color=\"\" data-bg-opacity=\"1\" data-hover-bg=\"\" data-hover-bg-opacity=\"1\" data-animation=\"\" data-delay=\"0\"><div class=\"column-bg-overlay\"><\/div>\n\t\t<div class=\"vc_column-inner\">\n\t\t\t<div class=\"wpb_wrapper\">\n\t\t\t\t\r\n\t<div class=\"wpb_text_column wpb_content_element\" >\r\n\t\t<div class=\"wpb_wrapper\">\r\n\t\t\t<p><span style=\"font-weight: 400;\">\u00bfEst\u00e1 buscando un fabricante de software jingle f\u00e1cil de usar? \u00bfNecesitas crear un jingle profesional sin tener que pagar los precios que vienen con \u00e9l? Bueno, con el experto software jingle maker de <\/span><a href=\"https:\/\/radiojingles24.com\/es\/\"><span style=\"font-weight: 400;\">Radio Jingles 24<\/span><\/a><span style=\"font-weight: 400;\"> puedes disfrutar de la libertad de cualquiera <\/span><a href=\"https:\/\/radiojingles24.com\/es\/producto\/spoken-audio\/\"><span style=\"font-weight: 400;\">hablado<\/span><\/a><span style=\"font-weight: 400;\"> o <\/span><a href=\"https:\/\/radiojingles24.com\/es\/producto\/sung-audio\/\"><span style=\"font-weight: 400;\">cantado<\/span><\/a><span style=\"font-weight: 400;\"> plantillas de jingles, m\u00e1s de 10 locutores, una amplia selecci\u00f3n de <\/span><a href=\"https:\/\/radiojingles24.com\/es\/#voices\"><span style=\"font-weight: 400;\">efectos de sonido y musica<\/span><\/a><span style=\"font-weight: 400;\"> y el m\u00e9todo de descarga que elijas, todo al precio m\u00e1s competitivo hasta la fecha en solo 24 horas.<\/span><\/p>\n<p>&nbsp;<\/p>\n<p><span style=\"font-weight: 400;\">Con m\u00e1s de 10 a\u00f1os de experiencia en la industria, Radio Jingles 24 ha podido dominar el arte de crear audios para una diversa variedad de clientes, que incluyen; pero sin limitarse a, anuncios comerciales, estaciones de radio digitales y de Internet, DJ y presentadores de podcasts. Nuestro software creador de jingles crear\u00e1 una pieza de audio \u00fanica que suena fant\u00e1stica y capta la atenci\u00f3n de todos sus oyentes.\u00a0<\/span><\/p>\n<p>&nbsp;<\/p>\n<p><span style=\"font-weight: 400;\">Para crear su propio jingle utilizando nuestro software jingle maker, dir\u00edjase a <\/span><a href=\"https:\/\/radiojingles24.com\/es\/\"><span style=\"font-weight: 400;\">nuestra p\u00e1gina web<\/span><\/a><span style=\"font-weight: 400;\"> o <\/span><a href=\"https:\/\/radiojingles24.com\/es\/contact-us\/\"><span style=\"font-weight: 400;\">contacta a nuestro equipo<\/span><\/a><span style=\"font-weight: 400;\"> Este Dia.<\/span><\/p>\n<p>&nbsp;<\/p>\n<p><b>Jingles profesionales para que todos disfruten<\/b><\/p>\n<p>&nbsp;<\/p>\n<p><span style=\"font-weight: 400;\">Ya sea que sea un DJ experimentado o un creador comercial, un podcaster aficionado o un locutor de radio, nuestro software de creaci\u00f3n de jingles aqu\u00ed en Radio Jingles 24 tiene algo para usted. Ahora, todos entendemos que, a menudo, para recibir los beneficios de un servicio profesional, tambi\u00e9n debe estar preparado para pagar el precio, pero gracias a nuestro software de creaci\u00f3n de jingles f\u00e1cil de usar y econ\u00f3mico, puede elegir lo esencial. caracter\u00edsticas que le gustar\u00eda agregar a su propio jingle por tan solo \u00a3 5.<\/span><\/p>\n<p>&nbsp;<\/p>\n<p><span style=\"font-weight: 400;\">La belleza de nuestro software de creaci\u00f3n de jingles es que durante todo el proceso de creaci\u00f3n puede ver el precio que est\u00e1 buscando actualmente para su jingle, as\u00ed como el precio de los extras opcionales; y no se preocupe, puede experimentar en el camino e incluso retroceder hasta el primer paso si cambia de opini\u00f3n o las cosas comienzan a exceder su presupuesto.<\/span><\/p>\n<p>&nbsp;<\/p>\n<p><b>Atraigamos a su audiencia juntos<\/b><\/p>\n<p>&nbsp;<\/p>\n<p><span style=\"font-weight: 400;\">Entonces, si ha llegado el momento de que obtenga un jingle \u00fanico utilizando nuestro software profesional de creaci\u00f3n de jingles, nos encantar\u00eda saber de usted. Si desea hablar directamente con un miembro de nuestro equipo, puede <\/span><a href=\"https:\/\/radiojingles24.com\/es\/contact-us\/\"><span style=\"font-weight: 400;\">ponerse en contacto<\/span><\/a><span style=\"font-weight: 400;\"> con Radio Jingles 24 llam\u00e1ndonos al +44 (0) 113 5346686 donde estamos disponibles para responder cualquier pregunta que pueda tener sobre nuestros servicios de primera clase y el software de creaci\u00f3n de jingles que utilizamos para todos y cada uno de los jingles de nuestros clientes. .<\/span><\/p>\n<p><span style=\"font-weight: 400;\">Tambi\u00e9n lo invitamos a contactarnos por correo electr\u00f3nico si prefiere enviar su correspondencia digitalmente, todo lo que necesita hacer es enviar su consulta a nuestra direcci\u00f3n. <\/span><a href=\"mailto:info@radiojingles24.com\"><span style=\"font-weight: 400;\">info@radiojingles24.com<\/span><\/a><span style=\"font-weight: 400;\"> y nos pondremos en contacto con usted de inmediato con la informaci\u00f3n adicional que est\u00e1 buscando y todo lo que necesita saber sobre el uso de nuestro software de creaci\u00f3n de jingles aqu\u00ed en Radio Jingles 24.<\/span><\/p>\n\r\n\t\t<\/div>\r\n\t<\/div>\r\n\n\t\t\t<\/div> \n\t\t<\/div>\n\t<\/div> \n<\/div><\/div>","protected":false},"excerpt":{"rendered":"\u00bfEst\u00e1 buscando un fabricante de software jingle f\u00e1cil de usar? \u00bfNecesitas crear un jingle profesional sin tener que pagar los precios que vienen con \u00e9l? Bien,...","protected":false},"author":1,"featured_media":0,"parent":0,"menu_order":0,"comment_status":"closed","ping_status":"closed","template":"","meta":{"_exactmetrics_skip_tracking":false,"_exactmetrics_sitenote_active":false,"_exactmetrics_sitenote_note":"","_exactmetrics_sitenote_category":0,"footnotes":""},"class_list":["post-93879","page","type-page","status-publish"],"yoast_head":"<!-- This site is optimized with the Yoast SEO plugin v26.8 - https:\/\/yoast.com\/product\/yoast-seo-wordpress\/ -->\n<title>Radio Jingles 24: Radio Jingles | DJ Drops | Podcast Intros | Sung Jingles<\/title>\n<meta name=\"description\" content=\"Radio Jingles, Sung Jingles, DJ Drops, and Podcast Intros for commercial, community and internet radio stations. UK Based. Prices from \u00a35. Order online.\" \/>\n<meta name=\"robots\" content=\"index, follow, max-snippet:-1, max-image-preview:large, max-video-preview:-1\" \/>\n<link rel=\"canonical\" href=\"https:\/\/radiojingles24.com\/es\/professionals-jingle-maker-software\/\" \/>\n<meta property=\"og:locale\" content=\"es_ES\" \/>\n<meta property=\"og:type\" content=\"article\" \/>\n<meta property=\"og:title\" content=\"Radio Jingles 24: Radio Jingles | DJ Drops | Podcast Intros | Sung Jingles\" \/>\n<meta property=\"og:description\" content=\"Radio Jingles, Sung Jingles, DJ Drops, and Podcast Intros for commercial, community and internet radio stations. UK Based. Prices from \u00a35. Order online.\" \/>\n<meta property=\"og:url\" content=\"https:\/\/radiojingles24.com\/es\/professionals-jingle-maker-software\/\" \/>\n<meta property=\"og:site_name\" content=\"Radio Jingles 24: Radio Jingles | DJ Drops | Podcast Intros | Sung Jingles\" \/>\n<meta property=\"article:publisher\" content=\"https:\/\/www.facebook.com\/radiojingles24\/\" \/>\n<meta property=\"article:modified_time\" content=\"2022-06-17T07:53:22+00:00\" \/>\n<meta name=\"twitter:card\" content=\"summary_large_image\" \/>\n<meta name=\"twitter:site\" content=\"@radiojingles24\" \/>\n<meta name=\"twitter:label1\" content=\"Tiempo de lectura\" \/>\n\t<meta name=\"twitter:data1\" content=\"3 minutos\" \/>\n<script type=\"application\/ld+json\" class=\"yoast-schema-graph\">{\"@context\":\"https:\/\/schema.org\",\"@graph\":[{\"@type\":\"WebPage\",\"@id\":\"https:\/\/radiojingles24.com\/it\/professionals-jingle-maker-software\/\",\"url\":\"https:\/\/radiojingles24.com\/it\/professionals-jingle-maker-software\/\",\"name\":\"Radio Jingles 24: Radio Jingles | DJ Drops | Podcast Intros | Sung Jingles\",\"isPartOf\":{\"@id\":\"https:\/\/radiojingles24.com\/#website\"},\"datePublished\":\"2022-05-03T07:51:29+00:00\",\"dateModified\":\"2022-06-17T07:53:22+00:00\",\"description\":\"Radio Jingles, Sung Jingles, DJ Drops, and Podcast Intros for commercial, community and internet radio stations. UK Based. Prices from \u00a35. Order online.\",\"breadcrumb\":{\"@id\":\"https:\/\/radiojingles24.com\/it\/professionals-jingle-maker-software\/#breadcrumb\"},\"inLanguage\":\"es\",\"potentialAction\":[{\"@type\":\"ReadAction\",\"target\":[\"https:\/\/radiojingles24.com\/it\/professionals-jingle-maker-software\/\"]}]},{\"@type\":\"BreadcrumbList\",\"@id\":\"https:\/\/radiojingles24.com\/it\/professionals-jingle-maker-software\/#breadcrumb\",\"itemListElement\":[{\"@type\":\"ListItem\",\"position\":1,\"name\":\"Home\",\"item\":\"https:\/\/radiojingles24.com\/de\/\"},{\"@type\":\"ListItem\",\"position\":2,\"name\":\"Need to Make your Station Recognisable with a Professional Jingle Maker Software?\"}]},{\"@type\":\"WebSite\",\"@id\":\"https:\/\/radiojingles24.com\/#website\",\"url\":\"https:\/\/radiojingles24.com\/\",\"name\":\"Radio Jingles 24: Radio Jingles | DJ Drops | Podcast Intros | Sung Jingles\",\"description\":\"Radio Jingles, Sung Jingles, DJ Drops, and Podcast Intros for commercial, community and internet radio stations. UK Based. Prices from \u00a35. Order online.\",\"publisher\":{\"@id\":\"https:\/\/radiojingles24.com\/#organization\"},\"potentialAction\":[{\"@type\":\"SearchAction\",\"target\":{\"@type\":\"EntryPoint\",\"urlTemplate\":\"https:\/\/radiojingles24.com\/?s={search_term_string}\"},\"query-input\":{\"@type\":\"PropertyValueSpecification\",\"valueRequired\":true,\"valueName\":\"search_term_string\"}}],\"inLanguage\":\"es\"},{\"@type\":\"Organization\",\"@id\":\"https:\/\/radiojingles24.com\/#organization\",\"name\":\"Radio Jingles 24\",\"url\":\"https:\/\/radiojingles24.com\/\",\"logo\":{\"@type\":\"ImageObject\",\"inLanguage\":\"es\",\"@id\":\"https:\/\/radiojingles24.com\/#\/schema\/logo\/image\/\",\"url\":\"https:\/\/radiojingles24.com\/wp-content\/uploads\/2019\/11\/RadioJingle1-1.jpg\",\"contentUrl\":\"https:\/\/radiojingles24.com\/wp-content\/uploads\/2019\/11\/RadioJingle1-1.jpg\",\"width\":512,\"height\":158,\"caption\":\"Radio Jingles 24\"},\"image\":{\"@id\":\"https:\/\/radiojingles24.com\/#\/schema\/logo\/image\/\"},\"sameAs\":[\"https:\/\/www.facebook.com\/radiojingles24\/\",\"https:\/\/x.com\/radiojingles24\"]}]}<\/script>\n<!-- \/ Yoast SEO plugin. -->","yoast_head_json":{"title":"Radio Jingles 24: Radio Jingles | DJ Drops | Intros de podcasts | Jingles cantados","description":"Radio Jingles, Sung Jingles, DJ Drops e Intros de podcasts para estaciones de radio comerciales, comunitarias y de Internet. Basado en el Reino Unido. Precios desde \u00a3 5. Comprar online.","robots":{"index":"index","follow":"follow","max-snippet":"max-snippet:-1","max-image-preview":"max-image-preview:large","max-video-preview":"max-video-preview:-1"},"canonical":"https:\/\/radiojingles24.com\/es\/professionals-jingle-maker-software\/","og_locale":"es_ES","og_type":"article","og_title":"Radio Jingles 24: Radio Jingles | DJ Drops | Podcast Intros | Sung Jingles","og_description":"Radio Jingles, Sung Jingles, DJ Drops, and Podcast Intros for commercial, community and internet radio stations. UK Based. Prices from \u00a35. Order online.","og_url":"https:\/\/radiojingles24.com\/es\/professionals-jingle-maker-software\/","og_site_name":"Radio Jingles 24: Radio Jingles | DJ Drops | Podcast Intros | Sung Jingles","article_publisher":"https:\/\/www.facebook.com\/radiojingles24\/","article_modified_time":"2022-06-17T07:53:22+00:00","twitter_card":"summary_large_image","twitter_site":"@radiojingles24","twitter_misc":{"Tiempo de lectura":"3 minutos"},"schema":{"@context":"https:\/\/schema.org","@graph":[{"@type":"WebPage","@id":"https:\/\/radiojingles24.com\/it\/professionals-jingle-maker-software\/","url":"https:\/\/radiojingles24.com\/it\/professionals-jingle-maker-software\/","name":"Radio Jingles 24: Radio Jingles | DJ Drops | Intros de podcasts | Jingles cantados","isPartOf":{"@id":"https:\/\/radiojingles24.com\/#website"},"datePublished":"2022-05-03T07:51:29+00:00","dateModified":"2022-06-17T07:53:22+00:00","description":"Radio Jingles, Sung Jingles, DJ Drops e Intros de podcasts para estaciones de radio comerciales, comunitarias y de Internet. Basado en el Reino Unido. Precios desde \u00a3 5. Comprar online.","breadcrumb":{"@id":"https:\/\/radiojingles24.com\/it\/professionals-jingle-maker-software\/#breadcrumb"},"inLanguage":"es","potentialAction":[{"@type":"ReadAction","target":["https:\/\/radiojingles24.com\/it\/professionals-jingle-maker-software\/"]}]},{"@type":"BreadcrumbList","@id":"https:\/\/radiojingles24.com\/it\/professionals-jingle-maker-software\/#breadcrumb","itemListElement":[{"@type":"ListItem","position":1,"name":"Home","item":"https:\/\/radiojingles24.com\/de\/"},{"@type":"ListItem","position":2,"name":"Need to Make your Station Recognisable with a Professional Jingle Maker Software?"}]},{"@type":"WebSite","@id":"https:\/\/radiojingles24.com\/#website","url":"https:\/\/radiojingles24.com\/","name":"Radio Jingles 24: Radio Jingles | DJ Drops | Intros de podcasts | Jingles cantados","description":"Radio Jingles, Sung Jingles, DJ Drops e Intros de podcasts para estaciones de radio comerciales, comunitarias y de Internet. Basado en el Reino Unido. Precios desde \u00a3 5. Comprar online.","publisher":{"@id":"https:\/\/radiojingles24.com\/#organization"},"potentialAction":[{"@type":"SearchAction","target":{"@type":"EntryPoint","urlTemplate":"https:\/\/radiojingles24.com\/?s={search_term_string}"},"query-input":{"@type":"PropertyValueSpecification","valueRequired":true,"valueName":"search_term_string"}}],"inLanguage":"es"},{"@type":"Organization","@id":"https:\/\/radiojingles24.com\/#organization","name":"Radio Jingles 24","url":"https:\/\/radiojingles24.com\/","logo":{"@type":"ImageObject","inLanguage":"es","@id":"https:\/\/radiojingles24.com\/#\/schema\/logo\/image\/","url":"https:\/\/radiojingles24.com\/wp-content\/uploads\/2019\/11\/RadioJingle1-1.jpg","contentUrl":"https:\/\/radiojingles24.com\/wp-content\/uploads\/2019\/11\/RadioJingle1-1.jpg","width":512,"height":158,"caption":"Radio Jingles 24"},"image":{"@id":"https:\/\/radiojingles24.com\/#\/schema\/logo\/image\/"},"sameAs":["https:\/\/www.facebook.com\/radiojingles24\/","https:\/\/x.com\/radiojingles24"]}]}},"jetpack_sharing_enabled":true,"_links":{"self":[{"href":"https:\/\/radiojingles24.com\/es\/wp-json\/wp\/v2\/pages\/93879","targetHints":{"allow":["GET"]}}],"collection":[{"href":"https:\/\/radiojingles24.com\/es\/wp-json\/wp\/v2\/pages"}],"about":[{"href":"https:\/\/radiojingles24.com\/es\/wp-json\/wp\/v2\/types\/page"}],"author":[{"embeddable":true,"href":"https:\/\/radiojingles24.com\/es\/wp-json\/wp\/v2\/users\/1"}],"replies":[{"embeddable":true,"href":"https:\/\/radiojingles24.com\/es\/wp-json\/wp\/v2\/comments?post=93879"}],"version-history":[{"count":2,"href":"https:\/\/radiojingles24.com\/es\/wp-json\/wp\/v2\/pages\/93879\/revisions"}],"predecessor-version":[{"id":93881,"href":"https:\/\/radiojingles24.com\/es\/wp-json\/wp\/v2\/pages\/93879\/revisions\/93881"}],"wp:attachment":[{"href":"https:\/\/radiojingles24.com\/es\/wp-json\/wp\/v2\/media?parent=93879"}],"curies":[{"name":"wp","href":"https:\/\/api.w.org\/{rel}","templated":true}]}}