{"id":93887,"date":"2022-06-10T07:59:09","date_gmt":"2022-06-10T07:59:09","guid":{"rendered":"https:\/\/radiojingles24.com\/?page_id=93887"},"modified":"2022-06-17T08:00:22","modified_gmt":"2022-06-17T08:00:22","slug":"professional-voice-over-artist","status":"publish","type":"page","link":"https:\/\/radiojingles24.com\/es\/professional-voice-over-artist\/","title":{"rendered":"\u00bfSu estaci\u00f3n de radio est\u00e1 buscando un locutor profesional?"},"content":{"rendered":"<div id=\"fws_6a023e9674e48\"  data-midnight=\"dark\"  data-bg-mobile-hidden=\"\" class=\"wpb_row vc_row-fluid vc_row top-level standard_section\"  style=\"padding-top: 0px; padding-bottom: 0px; \"><div class=\"row-bg-wrap\" data-bg-animation=\"none\"><div class=\"inner-wrap\"><div class=\"row-bg\"  style=\"\"><\/div><\/div><div class=\"row-bg-overlay\" ><\/div><\/div><div class=\"col span_12 dark left\">\n\t<div  class=\"vc_col-sm-12 wpb_column column_container vc_column_container col no-extra-padding\"  data-t-w-inherits=\"default\" data-border-radius=\"none\" data-shadow=\"none\" data-border-animation=\"\" data-border-animation-delay=\"\" data-border-width=\"none\" data-border-style=\"solid\" data-border-color=\"\" data-bg-cover=\"\" data-padding-pos=\"all\" data-has-bg-color=\"false\" data-bg-color=\"\" data-bg-opacity=\"1\" data-hover-bg=\"\" data-hover-bg-opacity=\"1\" data-animation=\"\" data-delay=\"0\"><div class=\"column-bg-overlay\"><\/div>\n\t\t<div class=\"vc_column-inner\">\n\t\t\t<div class=\"wpb_wrapper\">\n\t\t\t\t\r\n\t<div class=\"wpb_text_column wpb_content_element\" >\r\n\t\t<div class=\"wpb_wrapper\">\r\n\t\t\t<p><span style=\"font-weight: 400;\">Si est\u00e1 buscando desesperadamente a un locutor profesional para contratarlo para el jingle de su estaci\u00f3n de radio, entonces <\/span><a href=\"https:\/\/radiojingles24.com\/es\/\"><span style=\"font-weight: 400;\">Radio Jingles 24<\/span><\/a><span style=\"font-weight: 400;\"> tendr\u00e1 exactamente lo que est\u00e1 buscando. Tenemos una amplia gama de incre\u00edbles <\/span><a href=\"https:\/\/radiojingles24.com\/es\/#voices\"><span style=\"font-weight: 400;\">locutores<\/span><\/a><span style=\"font-weight: 400;\"> que puede hablar o cantar tu jingle; tambi\u00e9n podemos producirlo para usted tambi\u00e9n. En Radio Jingles 24, creamos jingles de radio r\u00e1pidos, f\u00e1ciles y profesionales que se pueden entregar en 24 horas; nuestros jingles son ideales para estaciones de radio comunitarias, comerciales y de Internet.\u00a0<\/span><\/p>\n<p>&nbsp;<\/p>\n<p><span style=\"font-weight: 400;\">Solo utilizamos los mejores locutores para nuestros jingles, y con m\u00e1s de 10 a\u00f1os de experiencia, puede confiar en nosotros para crear un jingle de radio para usted que represente su estaci\u00f3n y su marca a la perfecci\u00f3n. Podemos acomodar todas las solicitudes, si hay algo que desea que no puede ver en nuestro sitio web, cont\u00e1ctenos para una cotizaci\u00f3n personalizada. Todos nuestros jingles se entregan de manera experta, con un servicio incre\u00edblemente r\u00e1pido y una calidad de primera clase.\u00a0<\/span><\/p>\n<p>&nbsp;<\/p>\n<p><span style=\"font-weight: 400;\">Si desea que Radio Jingles 24 grabe, produzca y cree el jingle perfecto para su estaci\u00f3n de radio: <\/span><a href=\"https:\/\/radiojingles24.com\/es\/contact-us\/\"><span style=\"font-weight: 400;\">Cont\u00e1ctenos<\/span><\/a><span style=\"font-weight: 400;\"> para m\u00e1s informaci\u00f3n hoy.\u00a0<\/span><\/p>\n<p>&nbsp;<\/p>\n<p><b>C\u00f3mo elegir el locutor de radio para tu estaci\u00f3n<\/b><\/p>\n<p>&nbsp;<\/p>\n<p><span style=\"font-weight: 400;\">Puede ser dif\u00edcil elegir la voz adecuada para el jingle de su estaci\u00f3n de radio, y es una decisi\u00f3n importante ya que su estaci\u00f3n de radio estar\u00e1 representada por la voz que elija. Debe pensar detenidamente si es la voz adecuada para su jingle o su marca: quiere a alguien que se ajuste a su identidad y que tenga el estilo y el tono de voz correctos que se adapten a su estaci\u00f3n.\u00a0<\/span><\/p>\n<p>&nbsp;<\/p>\n<p><span style=\"font-weight: 400;\">\u00bfQu\u00e9 g\u00e9nero crees que representar\u00e1 mejor tu estaci\u00f3n y sonar\u00e1 mejor al leer o cantar el gui\u00f3n o la letra que has escrito? Puede escuchar ejemplos de su trabajo anterior y ver cu\u00e1l cree que encajar\u00eda mejor y qu\u00e9 tono y estilo de artista de voz prefiere. Algunos locutores tienen un tono conversacional m\u00e1s hablador e informativo, mientras que otros suenan mucho m\u00e1s persuasivos y profesionales.\u00a0<\/span><\/p>\n<p>&nbsp;<\/p>\n<p><span style=\"font-weight: 400;\">Si\u00e9ntase libre de escuchar las opciones y pensar en lo que mejor se adapte a su estaci\u00f3n. Tambi\u00e9n tenga en cuenta su p\u00fablico objetivo y qu\u00e9 tipo de voz les gustar\u00eda escuchar y es reconocible al sintonizar su estaci\u00f3n.<\/span><\/p>\n<p>&nbsp;<\/p>\n<p><b>Nuestros locutores<\/b><\/p>\n<p>&nbsp;<\/p>\n<p><span style=\"font-weight: 400;\">Tenemos una amplia gama de locutores en Radio Jingles 24, para satisfacer todas sus necesidades de jingles de radio. Contamos con locutores tanto hablados como cantados, dependiendo de si buscas a alguien que lea un gui\u00f3n o cante. Tenemos un enorme cat\u00e1logo de m\u00fasica libre de regal\u00edas y SFX disponible para acompa\u00f1ar a sus artistas de doblaje, por lo que puede estar seguro de que su audio terminado sonar\u00e1 fant\u00e1stico. Nuestros artistas han grabado jingles para BBC Radio 1 &amp; 2, Sky Radio, Virgin y Beat 92.5 y han cantado para algunas de las mayores compa\u00f1\u00edas de jingles del mundo.\u00a0<\/span><\/p>\n<p>&nbsp;<\/p>\n<p><span style=\"font-weight: 400;\">Puede elegir una voz seria, madura y convincente para su jingle de radio, o una voz alegre, habladora y conversacional. O si est\u00e1 buscando un cantante, tenemos voces suaves, gentiles y relajantes, as\u00ed como voces de amapola alegres y conmovedoras. Puedes escuchar demos de nuestros locutores y cantantes<\/span> <span style=\"font-weight: 400;\">en nuestro sitio web. Una vez que haya elegido la voz para usted, grabaremos su voz en off en nuestro estudio y luego editaremos, produciremos y masterizaremos su jingle por usted.\u00a0<\/span><\/p>\n<p>&nbsp;<\/p>\n<p><b>\u00bfListo para Grabar tu Radio Jingle?<\/b><\/p>\n<p>&nbsp;<\/p>\n<p><span style=\"font-weight: 400;\">Si desea obtener m\u00e1s informaci\u00f3n sobre nuestros locutores de radio y desea comenzar a crear su jingle de radio, entonces <\/span><a href=\"https:\/\/radiojingles24.com\/es\/contact-us\/\"><span style=\"font-weight: 400;\">p\u00f3ngase en contacto con nosotros hoy<\/span><\/a><span style=\"font-weight: 400;\">. Nos pondremos en contacto con usted poco despu\u00e9s de recibir su consulta para comenzar a trabajar en su jingle y trabajaremos en estrecha colaboraci\u00f3n con usted para asegurarnos de que cumpla y supere sus expectativas. Puede completar nuestro <\/span><a href=\"https:\/\/radiojingles24.com\/es\/contact-us\/\"><span style=\"font-weight: 400;\">formulario de consulta en l\u00ednea<\/span><\/a><span style=\"font-weight: 400;\">, o si prefiere contactarnos directamente, puede llamarnos al +44 0113 534 6686 o enviarnos un correo electr\u00f3nico a <\/span><a href=\"mailto:info@radiojingles24.com\"><span style=\"font-weight: 400;\">info@radiojingles24.com<\/span><\/a><span style=\"font-weight: 400;\">.\u00a0<\/span><\/p>\n\r\n\t\t<\/div>\r\n\t<\/div>\r\n\n\t\t\t<\/div> \n\t\t<\/div>\n\t<\/div> \n<\/div><\/div>","protected":false},"excerpt":{"rendered":"Si est\u00e1 buscando desesperadamente un locutor profesional para contratar el jingle de su estaci\u00f3n de radio, entonces Radio Jingles 24 tendr\u00e1 exactamente lo que est\u00e1 buscando. Nosotros...","protected":false},"author":1,"featured_media":0,"parent":0,"menu_order":0,"comment_status":"closed","ping_status":"closed","template":"","meta":{"_exactmetrics_skip_tracking":false,"_exactmetrics_sitenote_active":false,"_exactmetrics_sitenote_note":"","_exactmetrics_sitenote_category":0,"footnotes":""},"class_list":["post-93887","page","type-page","status-publish"],"yoast_head":"<!-- This site is optimized with the Yoast SEO plugin v26.8 - https:\/\/yoast.com\/product\/yoast-seo-wordpress\/ -->\n<title>Radio Jingles 24: Radio Jingles | DJ Drops | Podcast Intros | Sung Jingles<\/title>\n<meta name=\"description\" content=\"Radio Jingles, Sung Jingles, DJ Drops, and Podcast Intros for commercial, community and internet radio stations. UK Based. Prices from \u00a35. Order online.\" \/>\n<meta name=\"robots\" content=\"index, follow, max-snippet:-1, max-image-preview:large, max-video-preview:-1\" \/>\n<link rel=\"canonical\" href=\"https:\/\/radiojingles24.com\/es\/professional-voice-over-artist\/\" \/>\n<meta property=\"og:locale\" content=\"es_ES\" \/>\n<meta property=\"og:type\" content=\"article\" \/>\n<meta property=\"og:title\" content=\"Radio Jingles 24: Radio Jingles | DJ Drops | Podcast Intros | Sung Jingles\" \/>\n<meta property=\"og:description\" content=\"Radio Jingles, Sung Jingles, DJ Drops, and Podcast Intros for commercial, community and internet radio stations. UK Based. Prices from \u00a35. Order online.\" \/>\n<meta property=\"og:url\" content=\"https:\/\/radiojingles24.com\/es\/professional-voice-over-artist\/\" \/>\n<meta property=\"og:site_name\" content=\"Radio Jingles 24: Radio Jingles | DJ Drops | Podcast Intros | Sung Jingles\" \/>\n<meta property=\"article:publisher\" content=\"https:\/\/www.facebook.com\/radiojingles24\/\" \/>\n<meta property=\"article:modified_time\" content=\"2022-06-17T08:00:22+00:00\" \/>\n<meta name=\"twitter:card\" content=\"summary_large_image\" \/>\n<meta name=\"twitter:site\" content=\"@radiojingles24\" \/>\n<meta name=\"twitter:label1\" content=\"Tiempo de lectura\" \/>\n\t<meta name=\"twitter:data1\" content=\"4 minutos\" \/>\n<script type=\"application\/ld+json\" class=\"yoast-schema-graph\">{\"@context\":\"https:\/\/schema.org\",\"@graph\":[{\"@type\":\"WebPage\",\"@id\":\"https:\/\/radiojingles24.com\/it\/professional-voice-over-artist\/\",\"url\":\"https:\/\/radiojingles24.com\/it\/professional-voice-over-artist\/\",\"name\":\"Radio Jingles 24: Radio Jingles | DJ Drops | Podcast Intros | Sung Jingles\",\"isPartOf\":{\"@id\":\"https:\/\/radiojingles24.com\/#website\"},\"datePublished\":\"2022-06-10T07:59:09+00:00\",\"dateModified\":\"2022-06-17T08:00:22+00:00\",\"description\":\"Radio Jingles, Sung Jingles, DJ Drops, and Podcast Intros for commercial, community and internet radio stations. UK Based. Prices from \u00a35. Order online.\",\"breadcrumb\":{\"@id\":\"https:\/\/radiojingles24.com\/it\/professional-voice-over-artist\/#breadcrumb\"},\"inLanguage\":\"es\",\"potentialAction\":[{\"@type\":\"ReadAction\",\"target\":[\"https:\/\/radiojingles24.com\/it\/professional-voice-over-artist\/\"]}]},{\"@type\":\"BreadcrumbList\",\"@id\":\"https:\/\/radiojingles24.com\/it\/professional-voice-over-artist\/#breadcrumb\",\"itemListElement\":[{\"@type\":\"ListItem\",\"position\":1,\"name\":\"Home\",\"item\":\"https:\/\/radiojingles24.com\/de\/\"},{\"@type\":\"ListItem\",\"position\":2,\"name\":\"Is your Radio Station Looking for a Professional Voice Over Artist?\"}]},{\"@type\":\"WebSite\",\"@id\":\"https:\/\/radiojingles24.com\/#website\",\"url\":\"https:\/\/radiojingles24.com\/\",\"name\":\"Radio Jingles 24: Radio Jingles | DJ Drops | Podcast Intros | Sung Jingles\",\"description\":\"Radio Jingles, Sung Jingles, DJ Drops, and Podcast Intros for commercial, community and internet radio stations. UK Based. Prices from \u00a35. Order online.\",\"publisher\":{\"@id\":\"https:\/\/radiojingles24.com\/#organization\"},\"potentialAction\":[{\"@type\":\"SearchAction\",\"target\":{\"@type\":\"EntryPoint\",\"urlTemplate\":\"https:\/\/radiojingles24.com\/?s={search_term_string}\"},\"query-input\":{\"@type\":\"PropertyValueSpecification\",\"valueRequired\":true,\"valueName\":\"search_term_string\"}}],\"inLanguage\":\"es\"},{\"@type\":\"Organization\",\"@id\":\"https:\/\/radiojingles24.com\/#organization\",\"name\":\"Radio Jingles 24\",\"url\":\"https:\/\/radiojingles24.com\/\",\"logo\":{\"@type\":\"ImageObject\",\"inLanguage\":\"es\",\"@id\":\"https:\/\/radiojingles24.com\/#\/schema\/logo\/image\/\",\"url\":\"https:\/\/radiojingles24.com\/wp-content\/uploads\/2019\/11\/RadioJingle1-1.jpg\",\"contentUrl\":\"https:\/\/radiojingles24.com\/wp-content\/uploads\/2019\/11\/RadioJingle1-1.jpg\",\"width\":512,\"height\":158,\"caption\":\"Radio Jingles 24\"},\"image\":{\"@id\":\"https:\/\/radiojingles24.com\/#\/schema\/logo\/image\/\"},\"sameAs\":[\"https:\/\/www.facebook.com\/radiojingles24\/\",\"https:\/\/x.com\/radiojingles24\"]}]}<\/script>\n<!-- \/ Yoast SEO plugin. -->","yoast_head_json":{"title":"Radio Jingles 24: Radio Jingles | DJ Drops | Intros de podcasts | Jingles cantados","description":"Radio Jingles, Sung Jingles, DJ Drops e Intros de podcasts para estaciones de radio comerciales, comunitarias y de Internet. Basado en el Reino Unido. Precios desde \u00a3 5. Comprar online.","robots":{"index":"index","follow":"follow","max-snippet":"max-snippet:-1","max-image-preview":"max-image-preview:large","max-video-preview":"max-video-preview:-1"},"canonical":"https:\/\/radiojingles24.com\/es\/professional-voice-over-artist\/","og_locale":"es_ES","og_type":"article","og_title":"Radio Jingles 24: Radio Jingles | DJ Drops | Podcast Intros | Sung Jingles","og_description":"Radio Jingles, Sung Jingles, DJ Drops, and Podcast Intros for commercial, community and internet radio stations. UK Based. Prices from \u00a35. Order online.","og_url":"https:\/\/radiojingles24.com\/es\/professional-voice-over-artist\/","og_site_name":"Radio Jingles 24: Radio Jingles | DJ Drops | Podcast Intros | Sung Jingles","article_publisher":"https:\/\/www.facebook.com\/radiojingles24\/","article_modified_time":"2022-06-17T08:00:22+00:00","twitter_card":"summary_large_image","twitter_site":"@radiojingles24","twitter_misc":{"Tiempo de lectura":"4 minutos"},"schema":{"@context":"https:\/\/schema.org","@graph":[{"@type":"WebPage","@id":"https:\/\/radiojingles24.com\/it\/professional-voice-over-artist\/","url":"https:\/\/radiojingles24.com\/it\/professional-voice-over-artist\/","name":"Radio Jingles 24: Radio Jingles | DJ Drops | Intros de podcasts | Jingles cantados","isPartOf":{"@id":"https:\/\/radiojingles24.com\/#website"},"datePublished":"2022-06-10T07:59:09+00:00","dateModified":"2022-06-17T08:00:22+00:00","description":"Radio Jingles, Sung Jingles, DJ Drops e Intros de podcasts para estaciones de radio comerciales, comunitarias y de Internet. Basado en el Reino Unido. Precios desde \u00a3 5. Comprar online.","breadcrumb":{"@id":"https:\/\/radiojingles24.com\/it\/professional-voice-over-artist\/#breadcrumb"},"inLanguage":"es","potentialAction":[{"@type":"ReadAction","target":["https:\/\/radiojingles24.com\/it\/professional-voice-over-artist\/"]}]},{"@type":"BreadcrumbList","@id":"https:\/\/radiojingles24.com\/it\/professional-voice-over-artist\/#breadcrumb","itemListElement":[{"@type":"ListItem","position":1,"name":"Home","item":"https:\/\/radiojingles24.com\/de\/"},{"@type":"ListItem","position":2,"name":"Is your Radio Station Looking for a Professional Voice Over Artist?"}]},{"@type":"WebSite","@id":"https:\/\/radiojingles24.com\/#website","url":"https:\/\/radiojingles24.com\/","name":"Radio Jingles 24: Radio Jingles | DJ Drops | Intros de podcasts | Jingles cantados","description":"Radio Jingles, Sung Jingles, DJ Drops e Intros de podcasts para estaciones de radio comerciales, comunitarias y de Internet. Basado en el Reino Unido. Precios desde \u00a3 5. Comprar online.","publisher":{"@id":"https:\/\/radiojingles24.com\/#organization"},"potentialAction":[{"@type":"SearchAction","target":{"@type":"EntryPoint","urlTemplate":"https:\/\/radiojingles24.com\/?s={search_term_string}"},"query-input":{"@type":"PropertyValueSpecification","valueRequired":true,"valueName":"search_term_string"}}],"inLanguage":"es"},{"@type":"Organization","@id":"https:\/\/radiojingles24.com\/#organization","name":"Radio Jingles 24","url":"https:\/\/radiojingles24.com\/","logo":{"@type":"ImageObject","inLanguage":"es","@id":"https:\/\/radiojingles24.com\/#\/schema\/logo\/image\/","url":"https:\/\/radiojingles24.com\/wp-content\/uploads\/2019\/11\/RadioJingle1-1.jpg","contentUrl":"https:\/\/radiojingles24.com\/wp-content\/uploads\/2019\/11\/RadioJingle1-1.jpg","width":512,"height":158,"caption":"Radio Jingles 24"},"image":{"@id":"https:\/\/radiojingles24.com\/#\/schema\/logo\/image\/"},"sameAs":["https:\/\/www.facebook.com\/radiojingles24\/","https:\/\/x.com\/radiojingles24"]}]}},"jetpack_sharing_enabled":true,"_links":{"self":[{"href":"https:\/\/radiojingles24.com\/es\/wp-json\/wp\/v2\/pages\/93887","targetHints":{"allow":["GET"]}}],"collection":[{"href":"https:\/\/radiojingles24.com\/es\/wp-json\/wp\/v2\/pages"}],"about":[{"href":"https:\/\/radiojingles24.com\/es\/wp-json\/wp\/v2\/types\/page"}],"author":[{"embeddable":true,"href":"https:\/\/radiojingles24.com\/es\/wp-json\/wp\/v2\/users\/1"}],"replies":[{"embeddable":true,"href":"https:\/\/radiojingles24.com\/es\/wp-json\/wp\/v2\/comments?post=93887"}],"version-history":[{"count":1,"href":"https:\/\/radiojingles24.com\/es\/wp-json\/wp\/v2\/pages\/93887\/revisions"}],"predecessor-version":[{"id":93888,"href":"https:\/\/radiojingles24.com\/es\/wp-json\/wp\/v2\/pages\/93887\/revisions\/93888"}],"wp:attachment":[{"href":"https:\/\/radiojingles24.com\/es\/wp-json\/wp\/v2\/media?parent=93887"}],"curies":[{"name":"wp","href":"https:\/\/api.w.org\/{rel}","templated":true}]}}