{"id":93895,"date":"2022-06-16T08:07:26","date_gmt":"2022-06-16T08:07:26","guid":{"rendered":"https:\/\/radiojingles24.com\/?page_id=93895"},"modified":"2022-06-17T08:08:39","modified_gmt":"2022-06-17T08:08:39","slug":"radio-jingle-for-your-radio-station","status":"publish","type":"page","link":"https:\/\/radiojingles24.com\/es\/radio-jingle-for-your-radio-station\/","title":{"rendered":"Los beneficios de tener un jingle de radio pegadizo para su estaci\u00f3n de radio"},"content":{"rendered":"<div id=\"fws_69e48c1e15030\"  data-midnight=\"dark\"  data-bg-mobile-hidden=\"\" class=\"wpb_row vc_row-fluid vc_row top-level standard_section\"  style=\"padding-top: 0px; padding-bottom: 0px; \"><div class=\"row-bg-wrap\" data-bg-animation=\"none\"><div class=\"inner-wrap\"><div class=\"row-bg\"  style=\"\"><\/div><\/div><div class=\"row-bg-overlay\" ><\/div><\/div><div class=\"col span_12 dark left\">\n\t<div  class=\"vc_col-sm-12 wpb_column column_container vc_column_container col no-extra-padding\"  data-t-w-inherits=\"default\" data-border-radius=\"none\" data-shadow=\"none\" data-border-animation=\"\" data-border-animation-delay=\"\" data-border-width=\"none\" data-border-style=\"solid\" data-border-color=\"\" data-bg-cover=\"\" data-padding-pos=\"all\" data-has-bg-color=\"false\" data-bg-color=\"\" data-bg-opacity=\"1\" data-hover-bg=\"\" data-hover-bg-opacity=\"1\" data-animation=\"\" data-delay=\"0\"><div class=\"column-bg-overlay\"><\/div>\n\t\t<div class=\"vc_column-inner\">\n\t\t\t<div class=\"wpb_wrapper\">\n\t\t\t\t\r\n\t<div class=\"wpb_text_column wpb_content_element\" >\r\n\t\t<div class=\"wpb_wrapper\">\r\n\t\t\t<p><span style=\"font-weight: 400;\">\u00bfEst\u00e1 buscando formas de hacer que su estaci\u00f3n de radio sea m\u00e1s memorable? \u00bfNecesita un creador de jingles f\u00e1cil de usar y econ\u00f3mico para ayudar a que su estaci\u00f3n de radio despegue? Ya sea que est\u00e9 en el proceso de comenzar su nueva estaci\u00f3n de radio y necesite una forma de ser reconocido por los oyentes o tal vez incluso si est\u00e1 interesado en cambiar el nombre de su estaci\u00f3n actual y desea atraer a una audiencia m\u00e1s amplia con un jingle de radio pegadizo, entonces <\/span><a href=\"https:\/\/radiojingles24.com\/es\/\"><span style=\"font-weight: 400;\">Radio Jingles 24<\/span><\/a><span style=\"font-weight: 400;\"> tiene la herramienta de creaci\u00f3n de jingles r\u00e1pida, f\u00e1cil de usar y de calidad profesional que tiene la capacidad de capturar cada detalle requerido, todo en solo unos pocos pasos simples.<\/span><\/p>\n<p>&nbsp;<\/p>\n<p><span style=\"font-weight: 400;\">Con m\u00e1s de 10 a\u00f1os de experiencia en la industria, tenemos mucha experiencia en comprender lo que nuestros clientes realmente buscan. Entonces, con eso en mente, hemos creado un software de creaci\u00f3n de jingles que ofrece una variedad de diferentes <\/span><a href=\"https:\/\/radiojingles24.com\/es\/producto\/spoken-audio\/\"><span style=\"font-weight: 400;\">hablado<\/span><\/a><span style=\"font-weight: 400;\"> y <\/span><a href=\"https:\/\/radiojingles24.com\/es\/producto\/sung-audio\/\"><span style=\"font-weight: 400;\">cantado<\/span><\/a><span style=\"font-weight: 400;\"> plantillas de jingles, m\u00e1s de 10 voces en off de artistas profesionales, <\/span><a href=\"https:\/\/radiojingles24.com\/es\/#voices\"><span style=\"font-weight: 400;\">una amplia selecci\u00f3n de efectos de sonido y m\u00fasica<\/span><\/a><span style=\"font-weight: 400;\">, una opci\u00f3n de m\u00e9todo de descarga, al tiempo que le permite controlar cu\u00e1nto gasta en cada paso del proceso.<\/span><\/p>\n<p>&nbsp;<\/p>\n<p><b>Crear un jingle de radio pegadizo nunca ha sido tan f\u00e1cil<\/b><\/p>\n<p>&nbsp;<\/p>\n<p><span style=\"font-weight: 400;\">Aqu\u00ed en Radio Jingle 24, nuestra misi\u00f3n es dise\u00f1ar un software de creaci\u00f3n de jingles de primera calidad y f\u00e1cil de usar, teniendo en cuenta a nuestros clientes. A diferencia de algunos de nuestros competidores, entendemos que cada uno de nuestros clientes es diferente y esto a menudo significa que su nivel de competencia en lo que respecta a la tecnolog\u00eda tambi\u00e9n es variado, y eso est\u00e1 bien porque lo hemos tenido en cuenta al establecer el producto final de nuestro Software para hacer jingles.<\/span><\/p>\n<p>&nbsp;<\/p>\n<p><span style=\"font-weight: 400;\">Ahora, en lugar de explicarte los pasos para crear tu propio jingle de radio pegadizo; nuestro sitio web ya hace esto por ti, nos gustar\u00eda hablar contigo sobre los beneficios de tener un jingle de radio pegadizo para tu estaci\u00f3n. Tener un jingle de radio pegadizo ayuda a crear una marca para su estaci\u00f3n y la hace claramente reconocible de los dem\u00e1s porque nada refuerza la presencia de su estaci\u00f3n como un mensaje consistente y de calidad.\u00a0<\/span><\/p>\n<p>&nbsp;<\/p>\n<p><span style=\"font-weight: 400;\">No solo esto, sino que ha demostrado ser una forma rentable de publicitar y atraer a sus oyentes, especialmente si tiene una gran palabra que es f\u00e1cil de recordar y nunca pasar\u00e1 de moda. Todos tenemos ese jingle pegadizo; ya sea por un anuncio, una estaci\u00f3n de radio o un podcast, eso puede ser molesto ya que se nos queda grabado en la cabeza durante horas despu\u00e9s de escucharlo inicialmente, pero funciona, \u00bfverdad? Lo recuerdas y lo reconoces sobre cualquier otra transmisi\u00f3n. Ese es el poder de un jingle de radio pegadizo.<\/span><\/p>\n<p>&nbsp;<\/p>\n<p><b>Estamos aqu\u00ed para ayudar<\/b><\/p>\n<p>&nbsp;<\/p>\n<p><span style=\"font-weight: 400;\">Si est\u00e1 buscando una soluci\u00f3n de creaci\u00f3n de jingles r\u00e1pida y f\u00e1cil de usar que se pueda construir en unos pocos pasos simples sin sacrificar la calidad profesional, entonces Radio Jingles 24 es el lugar para usted. Puede obtener m\u00e1s informaci\u00f3n sobre nuestro software de creaci\u00f3n de jingles de calidad y c\u00f3mo podemos ayudarlo durante el proceso de creaci\u00f3n a trav\u00e9s de nuestro sitio web, pero si desea hablar con nosotros directamente, puede hacerlo llam\u00e1ndonos al +44 (0) 113 5346686 donde un miembro de nuestro equipo estar\u00e1 encantado de responder cualquier pregunta que pueda tener y guiarlo a trav\u00e9s de los pasos para completar su propio jingle de radio pegadizo.<\/span><\/p>\n<p><span style=\"font-weight: 400;\">Si prefieres <\/span><a href=\"https:\/\/radiojingles24.com\/es\/contact-us\/\"><span style=\"font-weight: 400;\">Cont\u00e1ctenos<\/span><\/a><span style=\"font-weight: 400;\"> por correo electr\u00f3nico entonces por favor h\u00e1galo enviando sus consultas a nuestra direcci\u00f3n <\/span><a href=\"mailto:info@radiojingles24.com\"><span style=\"font-weight: 400;\">info@radiojingles24.com<\/span><\/a><span style=\"font-weight: 400;\"> o completando el <\/span><a href=\"https:\/\/radiojingles24.com\/es\/contact-us\/\"><span style=\"font-weight: 400;\">formulario de contacto en l\u00ednea<\/span><\/a><span style=\"font-weight: 400;\"> que se puede encontrar en nuestro sitio web y uno de nuestros expertos se comunicar\u00e1 con usted lo antes posible para analizar su consulta m\u00e1s a fondo y brindarle la informaci\u00f3n adicional que necesita para ayudarlo a crear su jingle de radio pegadizo con Radio Jingles 24.<\/span><\/p>\n\r\n\t\t<\/div>\r\n\t<\/div>\r\n\n\t\t\t<\/div> \n\t\t<\/div>\n\t<\/div> \n<\/div><\/div>","protected":false},"excerpt":{"rendered":"\u00bfEst\u00e1 buscando formas de hacer que su estaci\u00f3n de radio sea m\u00e1s memorable? \u00bfNecesita un creador de jingles f\u00e1cil de usar y econ\u00f3mico para ayudar a que su estaci\u00f3n de radio despegue?...","protected":false},"author":1,"featured_media":0,"parent":0,"menu_order":0,"comment_status":"closed","ping_status":"closed","template":"","meta":{"_exactmetrics_skip_tracking":false,"_exactmetrics_sitenote_active":false,"_exactmetrics_sitenote_note":"","_exactmetrics_sitenote_category":0,"footnotes":""},"class_list":["post-93895","page","type-page","status-publish"],"yoast_head":"<!-- This site is optimized with the Yoast SEO plugin v26.8 - https:\/\/yoast.com\/product\/yoast-seo-wordpress\/ -->\n<title>Radio Jingles 24: Radio Jingles | DJ Drops | Podcast Intros | Sung Jingles<\/title>\n<meta name=\"description\" content=\"Radio Jingles, Sung Jingles, DJ Drops, and Podcast Intros for commercial, community and internet radio stations. UK Based. Prices from \u00a35. Order online.\" \/>\n<meta name=\"robots\" content=\"index, follow, max-snippet:-1, max-image-preview:large, max-video-preview:-1\" \/>\n<link rel=\"canonical\" href=\"https:\/\/radiojingles24.com\/es\/radio-jingle-for-your-radio-station\/\" \/>\n<meta property=\"og:locale\" content=\"es_ES\" \/>\n<meta property=\"og:type\" content=\"article\" \/>\n<meta property=\"og:title\" content=\"Radio Jingles 24: Radio Jingles | DJ Drops | Podcast Intros | Sung Jingles\" \/>\n<meta property=\"og:description\" content=\"Radio Jingles, Sung Jingles, DJ Drops, and Podcast Intros for commercial, community and internet radio stations. UK Based. Prices from \u00a35. Order online.\" \/>\n<meta property=\"og:url\" content=\"https:\/\/radiojingles24.com\/es\/radio-jingle-for-your-radio-station\/\" \/>\n<meta property=\"og:site_name\" content=\"Radio Jingles 24: Radio Jingles | DJ Drops | Podcast Intros | Sung Jingles\" \/>\n<meta property=\"article:publisher\" content=\"https:\/\/www.facebook.com\/radiojingles24\/\" \/>\n<meta property=\"article:modified_time\" content=\"2022-06-17T08:08:39+00:00\" \/>\n<meta name=\"twitter:card\" content=\"summary_large_image\" \/>\n<meta name=\"twitter:site\" content=\"@radiojingles24\" \/>\n<meta name=\"twitter:label1\" content=\"Tiempo de lectura\" \/>\n\t<meta name=\"twitter:data1\" content=\"4 minutos\" \/>\n<script type=\"application\/ld+json\" class=\"yoast-schema-graph\">{\"@context\":\"https:\/\/schema.org\",\"@graph\":[{\"@type\":\"WebPage\",\"@id\":\"https:\/\/radiojingles24.com\/fr\/radio-jingle-for-your-radio-station\/\",\"url\":\"https:\/\/radiojingles24.com\/fr\/radio-jingle-for-your-radio-station\/\",\"name\":\"Radio Jingles 24: Radio Jingles | DJ Drops | Podcast Intros | Sung Jingles\",\"isPartOf\":{\"@id\":\"https:\/\/radiojingles24.com\/#website\"},\"datePublished\":\"2022-06-16T08:07:26+00:00\",\"dateModified\":\"2022-06-17T08:08:39+00:00\",\"description\":\"Radio Jingles, Sung Jingles, DJ Drops, and Podcast Intros for commercial, community and internet radio stations. UK Based. Prices from \u00a35. Order online.\",\"breadcrumb\":{\"@id\":\"https:\/\/radiojingles24.com\/fr\/radio-jingle-for-your-radio-station\/#breadcrumb\"},\"inLanguage\":\"es\",\"potentialAction\":[{\"@type\":\"ReadAction\",\"target\":[\"https:\/\/radiojingles24.com\/fr\/radio-jingle-for-your-radio-station\/\"]}]},{\"@type\":\"BreadcrumbList\",\"@id\":\"https:\/\/radiojingles24.com\/fr\/radio-jingle-for-your-radio-station\/#breadcrumb\",\"itemListElement\":[{\"@type\":\"ListItem\",\"position\":1,\"name\":\"Home\",\"item\":\"https:\/\/radiojingles24.com\/de\/\"},{\"@type\":\"ListItem\",\"position\":2,\"name\":\"The Benefits of Having a Catchy Radio Jingle for your Radio Station\"}]},{\"@type\":\"WebSite\",\"@id\":\"https:\/\/radiojingles24.com\/#website\",\"url\":\"https:\/\/radiojingles24.com\/\",\"name\":\"Radio Jingles 24: Radio Jingles | DJ Drops | Podcast Intros | Sung Jingles\",\"description\":\"Radio Jingles, Sung Jingles, DJ Drops, and Podcast Intros for commercial, community and internet radio stations. UK Based. Prices from \u00a35. Order online.\",\"publisher\":{\"@id\":\"https:\/\/radiojingles24.com\/#organization\"},\"potentialAction\":[{\"@type\":\"SearchAction\",\"target\":{\"@type\":\"EntryPoint\",\"urlTemplate\":\"https:\/\/radiojingles24.com\/?s={search_term_string}\"},\"query-input\":{\"@type\":\"PropertyValueSpecification\",\"valueRequired\":true,\"valueName\":\"search_term_string\"}}],\"inLanguage\":\"es\"},{\"@type\":\"Organization\",\"@id\":\"https:\/\/radiojingles24.com\/#organization\",\"name\":\"Radio Jingles 24\",\"url\":\"https:\/\/radiojingles24.com\/\",\"logo\":{\"@type\":\"ImageObject\",\"inLanguage\":\"es\",\"@id\":\"https:\/\/radiojingles24.com\/#\/schema\/logo\/image\/\",\"url\":\"https:\/\/radiojingles24.com\/wp-content\/uploads\/2019\/11\/RadioJingle1-1.jpg\",\"contentUrl\":\"https:\/\/radiojingles24.com\/wp-content\/uploads\/2019\/11\/RadioJingle1-1.jpg\",\"width\":512,\"height\":158,\"caption\":\"Radio Jingles 24\"},\"image\":{\"@id\":\"https:\/\/radiojingles24.com\/#\/schema\/logo\/image\/\"},\"sameAs\":[\"https:\/\/www.facebook.com\/radiojingles24\/\",\"https:\/\/x.com\/radiojingles24\"]}]}<\/script>\n<!-- \/ Yoast SEO plugin. -->","yoast_head_json":{"title":"Radio Jingles 24: Radio Jingles | DJ Drops | Intros de podcasts | Jingles cantados","description":"Radio Jingles, Sung Jingles, DJ Drops e Intros de podcasts para estaciones de radio comerciales, comunitarias y de Internet. Basado en el Reino Unido. Precios desde \u00a3 5. Comprar online.","robots":{"index":"index","follow":"follow","max-snippet":"max-snippet:-1","max-image-preview":"max-image-preview:large","max-video-preview":"max-video-preview:-1"},"canonical":"https:\/\/radiojingles24.com\/es\/radio-jingle-for-your-radio-station\/","og_locale":"es_ES","og_type":"article","og_title":"Radio Jingles 24: Radio Jingles | DJ Drops | Podcast Intros | Sung Jingles","og_description":"Radio Jingles, Sung Jingles, DJ Drops, and Podcast Intros for commercial, community and internet radio stations. UK Based. Prices from \u00a35. Order online.","og_url":"https:\/\/radiojingles24.com\/es\/radio-jingle-for-your-radio-station\/","og_site_name":"Radio Jingles 24: Radio Jingles | DJ Drops | Podcast Intros | Sung Jingles","article_publisher":"https:\/\/www.facebook.com\/radiojingles24\/","article_modified_time":"2022-06-17T08:08:39+00:00","twitter_card":"summary_large_image","twitter_site":"@radiojingles24","twitter_misc":{"Tiempo de lectura":"4 minutos"},"schema":{"@context":"https:\/\/schema.org","@graph":[{"@type":"WebPage","@id":"https:\/\/radiojingles24.com\/fr\/radio-jingle-for-your-radio-station\/","url":"https:\/\/radiojingles24.com\/fr\/radio-jingle-for-your-radio-station\/","name":"Radio Jingles 24: Radio Jingles | DJ Drops | Intros de podcasts | Jingles cantados","isPartOf":{"@id":"https:\/\/radiojingles24.com\/#website"},"datePublished":"2022-06-16T08:07:26+00:00","dateModified":"2022-06-17T08:08:39+00:00","description":"Radio Jingles, Sung Jingles, DJ Drops e Intros de podcasts para estaciones de radio comerciales, comunitarias y de Internet. Basado en el Reino Unido. Precios desde \u00a3 5. Comprar online.","breadcrumb":{"@id":"https:\/\/radiojingles24.com\/fr\/radio-jingle-for-your-radio-station\/#breadcrumb"},"inLanguage":"es","potentialAction":[{"@type":"ReadAction","target":["https:\/\/radiojingles24.com\/fr\/radio-jingle-for-your-radio-station\/"]}]},{"@type":"BreadcrumbList","@id":"https:\/\/radiojingles24.com\/fr\/radio-jingle-for-your-radio-station\/#breadcrumb","itemListElement":[{"@type":"ListItem","position":1,"name":"Home","item":"https:\/\/radiojingles24.com\/de\/"},{"@type":"ListItem","position":2,"name":"The Benefits of Having a Catchy Radio Jingle for your Radio Station"}]},{"@type":"WebSite","@id":"https:\/\/radiojingles24.com\/#website","url":"https:\/\/radiojingles24.com\/","name":"Radio Jingles 24: Radio Jingles | DJ Drops | Intros de podcasts | Jingles cantados","description":"Radio Jingles, Sung Jingles, DJ Drops e Intros de podcasts para estaciones de radio comerciales, comunitarias y de Internet. Basado en el Reino Unido. Precios desde \u00a3 5. Comprar online.","publisher":{"@id":"https:\/\/radiojingles24.com\/#organization"},"potentialAction":[{"@type":"SearchAction","target":{"@type":"EntryPoint","urlTemplate":"https:\/\/radiojingles24.com\/?s={search_term_string}"},"query-input":{"@type":"PropertyValueSpecification","valueRequired":true,"valueName":"search_term_string"}}],"inLanguage":"es"},{"@type":"Organization","@id":"https:\/\/radiojingles24.com\/#organization","name":"Radio Jingles 24","url":"https:\/\/radiojingles24.com\/","logo":{"@type":"ImageObject","inLanguage":"es","@id":"https:\/\/radiojingles24.com\/#\/schema\/logo\/image\/","url":"https:\/\/radiojingles24.com\/wp-content\/uploads\/2019\/11\/RadioJingle1-1.jpg","contentUrl":"https:\/\/radiojingles24.com\/wp-content\/uploads\/2019\/11\/RadioJingle1-1.jpg","width":512,"height":158,"caption":"Radio Jingles 24"},"image":{"@id":"https:\/\/radiojingles24.com\/#\/schema\/logo\/image\/"},"sameAs":["https:\/\/www.facebook.com\/radiojingles24\/","https:\/\/x.com\/radiojingles24"]}]}},"jetpack_sharing_enabled":true,"_links":{"self":[{"href":"https:\/\/radiojingles24.com\/es\/wp-json\/wp\/v2\/pages\/93895","targetHints":{"allow":["GET"]}}],"collection":[{"href":"https:\/\/radiojingles24.com\/es\/wp-json\/wp\/v2\/pages"}],"about":[{"href":"https:\/\/radiojingles24.com\/es\/wp-json\/wp\/v2\/types\/page"}],"author":[{"embeddable":true,"href":"https:\/\/radiojingles24.com\/es\/wp-json\/wp\/v2\/users\/1"}],"replies":[{"embeddable":true,"href":"https:\/\/radiojingles24.com\/es\/wp-json\/wp\/v2\/comments?post=93895"}],"version-history":[{"count":1,"href":"https:\/\/radiojingles24.com\/es\/wp-json\/wp\/v2\/pages\/93895\/revisions"}],"predecessor-version":[{"id":93896,"href":"https:\/\/radiojingles24.com\/es\/wp-json\/wp\/v2\/pages\/93895\/revisions\/93896"}],"wp:attachment":[{"href":"https:\/\/radiojingles24.com\/es\/wp-json\/wp\/v2\/media?parent=93895"}],"curies":[{"name":"wp","href":"https:\/\/api.w.org\/{rel}","templated":true}]}}