{"id":13816,"date":"2020-01-31T18:52:44","date_gmt":"2020-01-31T18:52:44","guid":{"rendered":"https:\/\/radiojingles24.com\/product\/short-sleeve-unisex-t-shirt\/"},"modified":"2024-07-20T14:16:37","modified_gmt":"2024-07-20T14:16:37","slug":"short-sleeve-unisex-t-shirt","status":"publish","type":"product","link":"https:\/\/radiojingles24.com\/es\/producto\/short-sleeve-unisex-t-shirt\/","title":{"rendered":"Camiseta unisex de manga corta"},"content":{"rendered":"<p>\u00a1Ahora has encontrado la camiseta b\u00e1sica de tu guardarropa y est\u00e1s apoyando a Radio Jingles 24 comprando mercader\u00eda oficial!<\/p>\n<p>Est\u00e1 hecho de un algod\u00f3n m\u00e1s grueso y pesado, pero sigue siendo suave y c\u00f3modo. \u00a1Y las costuras dobles en el escote y las mangas agregan m\u00e1s durabilidad a lo que seguramente ser\u00e1 uno de los favoritos!  <\/p>\n<p>\u2022 Algod\u00f3n hilado en anillos 100%<br \/>\n\u2022 El gris deportivo es algod\u00f3n hilado en anillos 90%, poli\u00e9ster 10%<br \/>\n\u2022 El brezo oscuro es poli\u00e9ster 65%, algod\u00f3n 35%<br \/>\n\u2022 4.5 oz \/ y\u00b2 (153 g \/ m\u00b2)<br \/>\n\u2022 Pre-encogido<br \/>\n\u2022 Cinta de hombro a hombro<br \/>\n\u2022 Un cuarto de vuelta para evitar arrugas en el centro<\/p>","protected":false},"excerpt":{"rendered":"<p>\u00a1Has encontrado la camiseta b\u00e1sica de tu guardarropa y est\u00e1s apoyando a Radio Jingles 24 comprando mercanc\u00eda oficial! Est\u00e1 hecho de un grueso,\u2026<\/p>","protected":false},"featured_media":13867,"comment_status":"open","ping_status":"closed","template":"","meta":{"_exactmetrics_skip_tracking":false,"_exactmetrics_sitenote_active":false,"_exactmetrics_sitenote_note":"","_exactmetrics_sitenote_category":0},"product_brand":[],"product_cat":[547],"product_tag":[],"class_list":{"0":"post-13816","1":"product","2":"type-product","3":"status-publish","4":"has-post-thumbnail","6":"product_cat-merch","7":"tm-no-options","9":"first","10":"instock","11":"taxable","12":"shipping-taxable","13":"purchasable","14":"product-type-variable","15":"has-default-attributes"},"yoast_head":"<!-- This site is optimized with the Yoast SEO plugin v26.8 - https:\/\/yoast.com\/product\/yoast-seo-wordpress\/ -->\n<title>Short-Sleeve Unisex T-Shirt - Radio Jingles 24: Radio Jingles | DJ Drops | Podcast Intros | Sung Jingles<\/title>\n<meta name=\"robots\" content=\"index, follow, max-snippet:-1, max-image-preview:large, max-video-preview:-1\" \/>\n<link rel=\"canonical\" href=\"https:\/\/radiojingles24.com\/es\/producto\/short-sleeve-unisex-t-shirt\/\" \/>\n<meta property=\"og:locale\" content=\"es_ES\" \/>\n<meta property=\"og:type\" content=\"article\" \/>\n<meta property=\"og:title\" content=\"Short-Sleeve Unisex T-Shirt - Radio Jingles 24: Radio Jingles | DJ Drops | Podcast Intros | Sung Jingles\" \/>\n<meta property=\"og:description\" content=\"You&#8217;ve now found the staple t-shirt of your wardrobe, and you&#8217;re supporting Radio Jingles 24 buy buying some official merchandise! It&#8217;s made of a thicker,...\" \/>\n<meta property=\"og:url\" content=\"https:\/\/radiojingles24.com\/es\/producto\/short-sleeve-unisex-t-shirt\/\" \/>\n<meta property=\"og:site_name\" content=\"Radio Jingles 24: Radio Jingles | DJ Drops | Podcast Intros | Sung Jingles\" \/>\n<meta property=\"article:publisher\" content=\"https:\/\/www.facebook.com\/radiojingles24\/\" \/>\n<meta property=\"article:modified_time\" content=\"2024-07-20T14:16:37+00:00\" \/>\n<meta property=\"og:image\" content=\"https:\/\/radiojingles24.com\/wp-content\/uploads\/2020\/01\/mockup-10cd9597.jpg\" \/>\n\t<meta property=\"og:image:width\" content=\"1000\" \/>\n\t<meta property=\"og:image:height\" content=\"1000\" \/>\n\t<meta property=\"og:image:type\" content=\"image\/jpeg\" \/>\n<meta name=\"twitter:card\" content=\"summary_large_image\" \/>\n<meta name=\"twitter:site\" content=\"@radiojingles24\" \/>\n<script type=\"application\/ld+json\" class=\"yoast-schema-graph\">{\"@context\":\"https:\/\/schema.org\",\"@graph\":[{\"@type\":\"WebPage\",\"@id\":\"https:\/\/radiojingles24.com\/product\/short-sleeve-unisex-t-shirt\/\",\"url\":\"https:\/\/radiojingles24.com\/product\/short-sleeve-unisex-t-shirt\/\",\"name\":\"Short-Sleeve Unisex T-Shirt - Radio Jingles 24: Radio Jingles | DJ Drops | Podcast Intros | Sung Jingles\",\"isPartOf\":{\"@id\":\"https:\/\/radiojingles24.com\/#website\"},\"primaryImageOfPage\":{\"@id\":\"https:\/\/radiojingles24.com\/product\/short-sleeve-unisex-t-shirt\/#primaryimage\"},\"image\":{\"@id\":\"https:\/\/radiojingles24.com\/product\/short-sleeve-unisex-t-shirt\/#primaryimage\"},\"thumbnailUrl\":\"https:\/\/radiojingles24.com\/wp-content\/uploads\/2020\/01\/mockup-10cd9597.jpg\",\"datePublished\":\"2020-01-31T18:52:44+00:00\",\"dateModified\":\"2024-07-20T14:16:37+00:00\",\"breadcrumb\":{\"@id\":\"https:\/\/radiojingles24.com\/product\/short-sleeve-unisex-t-shirt\/#breadcrumb\"},\"inLanguage\":\"es\",\"potentialAction\":[{\"@type\":\"ReadAction\",\"target\":[\"https:\/\/radiojingles24.com\/product\/short-sleeve-unisex-t-shirt\/\"]}]},{\"@type\":\"ImageObject\",\"inLanguage\":\"es\",\"@id\":\"https:\/\/radiojingles24.com\/product\/short-sleeve-unisex-t-shirt\/#primaryimage\",\"url\":\"https:\/\/radiojingles24.com\/wp-content\/uploads\/2020\/01\/mockup-10cd9597.jpg\",\"contentUrl\":\"https:\/\/radiojingles24.com\/wp-content\/uploads\/2020\/01\/mockup-10cd9597.jpg\",\"width\":1000,\"height\":1000},{\"@type\":\"BreadcrumbList\",\"@id\":\"https:\/\/radiojingles24.com\/product\/short-sleeve-unisex-t-shirt\/#breadcrumb\",\"itemListElement\":[{\"@type\":\"ListItem\",\"position\":1,\"name\":\"Home\",\"item\":\"https:\/\/radiojingles24.com\/de\/\"},{\"@type\":\"ListItem\",\"position\":2,\"name\":\"Produits\",\"item\":\"https:\/\/radiojingles24.com\/fr\/shop\/\"},{\"@type\":\"ListItem\",\"position\":3,\"name\":\"Short-Sleeve Unisex T-Shirt\"}]},{\"@type\":\"WebSite\",\"@id\":\"https:\/\/radiojingles24.com\/#website\",\"url\":\"https:\/\/radiojingles24.com\/\",\"name\":\"Radio Jingles 24: Radio Jingles | DJ Drops | Podcast Intros | Sung Jingles\",\"description\":\"Radio Jingles, Sung Jingles, DJ Drops, and Podcast Intros for commercial, community and internet radio stations. UK Based. Prices from \u00a35. Order online.\",\"publisher\":{\"@id\":\"https:\/\/radiojingles24.com\/#organization\"},\"potentialAction\":[{\"@type\":\"SearchAction\",\"target\":{\"@type\":\"EntryPoint\",\"urlTemplate\":\"https:\/\/radiojingles24.com\/?s={search_term_string}\"},\"query-input\":{\"@type\":\"PropertyValueSpecification\",\"valueRequired\":true,\"valueName\":\"search_term_string\"}}],\"inLanguage\":\"es\"},{\"@type\":\"Organization\",\"@id\":\"https:\/\/radiojingles24.com\/#organization\",\"name\":\"Radio Jingles 24\",\"url\":\"https:\/\/radiojingles24.com\/\",\"logo\":{\"@type\":\"ImageObject\",\"inLanguage\":\"es\",\"@id\":\"https:\/\/radiojingles24.com\/#\/schema\/logo\/image\/\",\"url\":\"https:\/\/radiojingles24.com\/wp-content\/uploads\/2019\/11\/RadioJingle1-1.jpg\",\"contentUrl\":\"https:\/\/radiojingles24.com\/wp-content\/uploads\/2019\/11\/RadioJingle1-1.jpg\",\"width\":512,\"height\":158,\"caption\":\"Radio Jingles 24\"},\"image\":{\"@id\":\"https:\/\/radiojingles24.com\/#\/schema\/logo\/image\/\"},\"sameAs\":[\"https:\/\/www.facebook.com\/radiojingles24\/\",\"https:\/\/x.com\/radiojingles24\"]}]}<\/script>\n<!-- \/ Yoast SEO plugin. -->","yoast_head_json":{"title":"Camiseta unisex de manga corta - Radio Jingles 24: Radio Jingles | DJ Drops | Intros de podcast | Jingles cantados","robots":{"index":"index","follow":"follow","max-snippet":"max-snippet:-1","max-image-preview":"max-image-preview:large","max-video-preview":"max-video-preview:-1"},"canonical":"https:\/\/radiojingles24.com\/es\/producto\/short-sleeve-unisex-t-shirt\/","og_locale":"es_ES","og_type":"article","og_title":"Short-Sleeve Unisex T-Shirt - Radio Jingles 24: Radio Jingles | DJ Drops | Podcast Intros | Sung Jingles","og_description":"You&#8217;ve now found the staple t-shirt of your wardrobe, and you&#8217;re supporting Radio Jingles 24 buy buying some official merchandise! It&#8217;s made of a thicker,...","og_url":"https:\/\/radiojingles24.com\/es\/producto\/short-sleeve-unisex-t-shirt\/","og_site_name":"Radio Jingles 24: Radio Jingles | DJ Drops | Podcast Intros | Sung Jingles","article_publisher":"https:\/\/www.facebook.com\/radiojingles24\/","article_modified_time":"2024-07-20T14:16:37+00:00","og_image":[{"width":1000,"height":1000,"url":"https:\/\/radiojingles24.com\/wp-content\/uploads\/2020\/01\/mockup-10cd9597.jpg","type":"image\/jpeg"}],"twitter_card":"summary_large_image","twitter_site":"@radiojingles24","schema":{"@context":"https:\/\/schema.org","@graph":[{"@type":"WebPage","@id":"https:\/\/radiojingles24.com\/product\/short-sleeve-unisex-t-shirt\/","url":"https:\/\/radiojingles24.com\/product\/short-sleeve-unisex-t-shirt\/","name":"Camiseta unisex de manga corta - Radio Jingles 24: Radio Jingles | DJ Drops | Intros de podcast | Jingles cantados","isPartOf":{"@id":"https:\/\/radiojingles24.com\/#website"},"primaryImageOfPage":{"@id":"https:\/\/radiojingles24.com\/product\/short-sleeve-unisex-t-shirt\/#primaryimage"},"image":{"@id":"https:\/\/radiojingles24.com\/product\/short-sleeve-unisex-t-shirt\/#primaryimage"},"thumbnailUrl":"https:\/\/radiojingles24.com\/wp-content\/uploads\/2020\/01\/mockup-10cd9597.jpg","datePublished":"2020-01-31T18:52:44+00:00","dateModified":"2024-07-20T14:16:37+00:00","breadcrumb":{"@id":"https:\/\/radiojingles24.com\/product\/short-sleeve-unisex-t-shirt\/#breadcrumb"},"inLanguage":"es","potentialAction":[{"@type":"ReadAction","target":["https:\/\/radiojingles24.com\/product\/short-sleeve-unisex-t-shirt\/"]}]},{"@type":"ImageObject","inLanguage":"es","@id":"https:\/\/radiojingles24.com\/product\/short-sleeve-unisex-t-shirt\/#primaryimage","url":"https:\/\/radiojingles24.com\/wp-content\/uploads\/2020\/01\/mockup-10cd9597.jpg","contentUrl":"https:\/\/radiojingles24.com\/wp-content\/uploads\/2020\/01\/mockup-10cd9597.jpg","width":1000,"height":1000},{"@type":"BreadcrumbList","@id":"https:\/\/radiojingles24.com\/product\/short-sleeve-unisex-t-shirt\/#breadcrumb","itemListElement":[{"@type":"ListItem","position":1,"name":"Home","item":"https:\/\/radiojingles24.com\/de\/"},{"@type":"ListItem","position":2,"name":"Produits","item":"https:\/\/radiojingles24.com\/fr\/shop\/"},{"@type":"ListItem","position":3,"name":"Short-Sleeve Unisex T-Shirt"}]},{"@type":"WebSite","@id":"https:\/\/radiojingles24.com\/#website","url":"https:\/\/radiojingles24.com\/","name":"Radio Jingles 24: Radio Jingles | DJ Drops | Intros de podcasts | Jingles cantados","description":"Radio Jingles, Sung Jingles, DJ Drops e Intros de podcasts para estaciones de radio comerciales, comunitarias y de Internet. Basado en el Reino Unido. Precios desde \u00a3 5. Comprar online.","publisher":{"@id":"https:\/\/radiojingles24.com\/#organization"},"potentialAction":[{"@type":"SearchAction","target":{"@type":"EntryPoint","urlTemplate":"https:\/\/radiojingles24.com\/?s={search_term_string}"},"query-input":{"@type":"PropertyValueSpecification","valueRequired":true,"valueName":"search_term_string"}}],"inLanguage":"es"},{"@type":"Organization","@id":"https:\/\/radiojingles24.com\/#organization","name":"Radio Jingles 24","url":"https:\/\/radiojingles24.com\/","logo":{"@type":"ImageObject","inLanguage":"es","@id":"https:\/\/radiojingles24.com\/#\/schema\/logo\/image\/","url":"https:\/\/radiojingles24.com\/wp-content\/uploads\/2019\/11\/RadioJingle1-1.jpg","contentUrl":"https:\/\/radiojingles24.com\/wp-content\/uploads\/2019\/11\/RadioJingle1-1.jpg","width":512,"height":158,"caption":"Radio Jingles 24"},"image":{"@id":"https:\/\/radiojingles24.com\/#\/schema\/logo\/image\/"},"sameAs":["https:\/\/www.facebook.com\/radiojingles24\/","https:\/\/x.com\/radiojingles24"]}]}},"jetpack_sharing_enabled":true,"_links":{"self":[{"href":"https:\/\/radiojingles24.com\/es\/wp-json\/wp\/v2\/product\/13816","targetHints":{"allow":["GET"]}}],"collection":[{"href":"https:\/\/radiojingles24.com\/es\/wp-json\/wp\/v2\/product"}],"about":[{"href":"https:\/\/radiojingles24.com\/es\/wp-json\/wp\/v2\/types\/product"}],"replies":[{"embeddable":true,"href":"https:\/\/radiojingles24.com\/es\/wp-json\/wp\/v2\/comments?post=13816"}],"wp:featuredmedia":[{"embeddable":true,"href":"https:\/\/radiojingles24.com\/es\/wp-json\/wp\/v2\/media\/13867"}],"wp:attachment":[{"href":"https:\/\/radiojingles24.com\/es\/wp-json\/wp\/v2\/media?parent=13816"}],"wp:term":[{"taxonomy":"product_brand","embeddable":true,"href":"https:\/\/radiojingles24.com\/es\/wp-json\/wp\/v2\/product_brand?post=13816"},{"taxonomy":"product_cat","embeddable":true,"href":"https:\/\/radiojingles24.com\/es\/wp-json\/wp\/v2\/product_cat?post=13816"},{"taxonomy":"product_tag","embeddable":true,"href":"https:\/\/radiojingles24.com\/es\/wp-json\/wp\/v2\/product_tag?post=13816"}],"curies":[{"name":"wp","href":"https:\/\/api.w.org\/{rel}","templated":true}]}}