{"id":7572,"date":"2019-12-03T04:30:56","date_gmt":"2019-12-03T04:30:56","guid":{"rendered":"https:\/\/radiojingles24.com\/?post_type=product&#038;p=7572"},"modified":"2026-04-01T10:51:55","modified_gmt":"2026-04-01T10:51:55","slug":"production-elements-vol-2","status":"publish","type":"product","link":"https:\/\/radiojingles24.com\/es\/producto\/production-elements-vol-2\/","title":{"rendered":"Elementos de producci\u00f3n Vol. 2"},"content":{"rendered":"<audio class=\"wp-audio-shortcode\" id=\"audio-7572-1\" preload=\"none\" style=\"width: 100%;\" controls=\"controls\"><source type=\"audio\/mpeg\" src=\"https:\/\/radiojingles24.com\/wp-content\/uploads\/2019\/12\/Production-Elements_05.mp3?_=1\" \/><a href=\"https:\/\/radiojingles24.com\/wp-content\/uploads\/2019\/12\/Production-Elements_05.mp3\">https:\/\/radiojingles24.com\/wp-content\/uploads\/2019\/12\/Production-Elements_05.mp3<\/a><\/audio>\n<p>Elementos de producci\u00f3n de audio libres de derechos. El paquete contiene 199 elementos de producci\u00f3n de alta calidad en 5 categor\u00edas diferentes.<\/p>\n<p>- Alta frecuencia<\/p>\n<p>- Impactos<\/p>\n<p>- M\u00fasica y ritmos<\/p>\n<p>- Stagers<\/p>\n<p>- Separadores<\/p>\n<p>Todos los archivos estar\u00e1n disponibles instant\u00e1neamente despu\u00e9s de la compra como archivos est\u00e9reo WAV de 16 bits en una descarga ZIP.<\/p>","protected":false},"excerpt":{"rendered":"<p>Elementos de producci\u00f3n de audio libres de regal\u00edas. El paquete contiene 199 elementos de producci\u00f3n de alta calidad en 5 categor\u00edas diferentes. \u2013 Alta frecuencia \u2013 Impactos \u2013 M\u00fasica y ritmos\u2026<\/p>","protected":false},"featured_media":7650,"comment_status":"open","ping_status":"closed","template":"","meta":{"_exactmetrics_skip_tracking":false,"_exactmetrics_sitenote_active":false,"_exactmetrics_sitenote_note":"","_exactmetrics_sitenote_category":0},"product_brand":[],"product_cat":[488,557],"product_tag":[],"class_list":{"0":"post-7572","1":"product","2":"type-product","3":"status-publish","4":"has-post-thumbnail","6":"product_cat-instant-downloads","7":"product_cat-sale","8":"tm-no-options","10":"first","11":"instock","12":"sale","13":"downloadable","14":"taxable","15":"shipping-taxable","16":"purchasable","17":"product-type-simple"},"yoast_head":"<!-- This site is optimized with the Yoast SEO plugin v26.8 - https:\/\/yoast.com\/product\/yoast-seo-wordpress\/ -->\n<title>Production Elements Vol. 2 - Radio Jingles 24: Radio Jingles | DJ Drops | Podcast Intros | Sung Jingles<\/title>\n<meta name=\"robots\" content=\"index, follow, max-snippet:-1, max-image-preview:large, max-video-preview:-1\" \/>\n<link rel=\"canonical\" href=\"https:\/\/radiojingles24.com\/es\/producto\/production-elements-vol-2\/\" \/>\n<meta property=\"og:locale\" content=\"es_ES\" \/>\n<meta property=\"og:type\" content=\"article\" \/>\n<meta property=\"og:title\" content=\"Production Elements Vol. 2 - Radio Jingles 24: Radio Jingles | DJ Drops | Podcast Intros | Sung Jingles\" \/>\n<meta property=\"og:description\" content=\"Royalty free audio production elements. Package contains 199 high quality production elements in 5 different categories. &#8211; High Frequency &#8211; Impacts &#8211; Music &amp; Beats...\" \/>\n<meta property=\"og:url\" content=\"https:\/\/radiojingles24.com\/es\/producto\/production-elements-vol-2\/\" \/>\n<meta property=\"og:site_name\" content=\"Radio Jingles 24: Radio Jingles | DJ Drops | Podcast Intros | Sung Jingles\" \/>\n<meta property=\"article:publisher\" content=\"https:\/\/www.facebook.com\/radiojingles24\/\" \/>\n<meta property=\"article:modified_time\" content=\"2026-04-01T10:51:55+00:00\" \/>\n<meta property=\"og:image\" content=\"https:\/\/radiojingles24.com\/wp-content\/uploads\/2019\/12\/vol22.png\" \/>\n\t<meta property=\"og:image:width\" content=\"512\" \/>\n\t<meta property=\"og:image:height\" content=\"512\" \/>\n\t<meta property=\"og:image:type\" content=\"image\/png\" \/>\n<meta name=\"twitter:card\" content=\"summary_large_image\" \/>\n<meta name=\"twitter:site\" content=\"@radiojingles24\" \/>\n<script type=\"application\/ld+json\" class=\"yoast-schema-graph\">{\"@context\":\"https:\/\/schema.org\",\"@graph\":[{\"@type\":\"WebPage\",\"@id\":\"https:\/\/radiojingles24.com\/product\/production-elements-vol-2\/\",\"url\":\"https:\/\/radiojingles24.com\/product\/production-elements-vol-2\/\",\"name\":\"Production Elements Vol. 2 - Radio Jingles 24: Radio Jingles | DJ Drops | Podcast Intros | Sung Jingles\",\"isPartOf\":{\"@id\":\"https:\/\/radiojingles24.com\/#website\"},\"primaryImageOfPage\":{\"@id\":\"https:\/\/radiojingles24.com\/product\/production-elements-vol-2\/#primaryimage\"},\"image\":{\"@id\":\"https:\/\/radiojingles24.com\/product\/production-elements-vol-2\/#primaryimage\"},\"thumbnailUrl\":\"https:\/\/radiojingles24.com\/wp-content\/uploads\/2019\/12\/vol22.png\",\"datePublished\":\"2019-12-03T04:30:56+00:00\",\"dateModified\":\"2026-04-01T10:51:55+00:00\",\"breadcrumb\":{\"@id\":\"https:\/\/radiojingles24.com\/product\/production-elements-vol-2\/#breadcrumb\"},\"inLanguage\":\"es\",\"potentialAction\":[{\"@type\":\"ReadAction\",\"target\":[\"https:\/\/radiojingles24.com\/product\/production-elements-vol-2\/\"]}]},{\"@type\":\"ImageObject\",\"inLanguage\":\"es\",\"@id\":\"https:\/\/radiojingles24.com\/product\/production-elements-vol-2\/#primaryimage\",\"url\":\"https:\/\/radiojingles24.com\/wp-content\/uploads\/2019\/12\/vol22.png\",\"contentUrl\":\"https:\/\/radiojingles24.com\/wp-content\/uploads\/2019\/12\/vol22.png\",\"width\":512,\"height\":512},{\"@type\":\"BreadcrumbList\",\"@id\":\"https:\/\/radiojingles24.com\/product\/production-elements-vol-2\/#breadcrumb\",\"itemListElement\":[{\"@type\":\"ListItem\",\"position\":1,\"name\":\"Home\",\"item\":\"https:\/\/radiojingles24.com\/de\/\"},{\"@type\":\"ListItem\",\"position\":2,\"name\":\"Produits\",\"item\":\"https:\/\/radiojingles24.com\/fr\/shop\/\"},{\"@type\":\"ListItem\",\"position\":3,\"name\":\"Production Elements Vol. 2\"}]},{\"@type\":\"WebSite\",\"@id\":\"https:\/\/radiojingles24.com\/#website\",\"url\":\"https:\/\/radiojingles24.com\/\",\"name\":\"Radio Jingles 24: Radio Jingles | DJ Drops | Podcast Intros | Sung Jingles\",\"description\":\"Radio Jingles, Sung Jingles, DJ Drops, and Podcast Intros for commercial, community and internet radio stations. UK Based. Prices from \u00a35. Order online.\",\"publisher\":{\"@id\":\"https:\/\/radiojingles24.com\/#organization\"},\"potentialAction\":[{\"@type\":\"SearchAction\",\"target\":{\"@type\":\"EntryPoint\",\"urlTemplate\":\"https:\/\/radiojingles24.com\/?s={search_term_string}\"},\"query-input\":{\"@type\":\"PropertyValueSpecification\",\"valueRequired\":true,\"valueName\":\"search_term_string\"}}],\"inLanguage\":\"es\"},{\"@type\":\"Organization\",\"@id\":\"https:\/\/radiojingles24.com\/#organization\",\"name\":\"Radio Jingles 24\",\"url\":\"https:\/\/radiojingles24.com\/\",\"logo\":{\"@type\":\"ImageObject\",\"inLanguage\":\"es\",\"@id\":\"https:\/\/radiojingles24.com\/#\/schema\/logo\/image\/\",\"url\":\"https:\/\/radiojingles24.com\/wp-content\/uploads\/2019\/11\/RadioJingle1-1.jpg\",\"contentUrl\":\"https:\/\/radiojingles24.com\/wp-content\/uploads\/2019\/11\/RadioJingle1-1.jpg\",\"width\":512,\"height\":158,\"caption\":\"Radio Jingles 24\"},\"image\":{\"@id\":\"https:\/\/radiojingles24.com\/#\/schema\/logo\/image\/\"},\"sameAs\":[\"https:\/\/www.facebook.com\/radiojingles24\/\",\"https:\/\/x.com\/radiojingles24\"]}]}<\/script>\n<!-- \/ Yoast SEO plugin. -->","yoast_head_json":{"title":"Elementos de producci\u00f3n Vol. 2 - Radio Jingles 24: Radio Jingles | DJ Drops | Intros de podcasts | Jingles cantados","robots":{"index":"index","follow":"follow","max-snippet":"max-snippet:-1","max-image-preview":"max-image-preview:large","max-video-preview":"max-video-preview:-1"},"canonical":"https:\/\/radiojingles24.com\/es\/producto\/production-elements-vol-2\/","og_locale":"es_ES","og_type":"article","og_title":"Production Elements Vol. 2 - Radio Jingles 24: Radio Jingles | DJ Drops | Podcast Intros | Sung Jingles","og_description":"Royalty free audio production elements. Package contains 199 high quality production elements in 5 different categories. &#8211; High Frequency &#8211; Impacts &#8211; Music &amp; Beats...","og_url":"https:\/\/radiojingles24.com\/es\/producto\/production-elements-vol-2\/","og_site_name":"Radio Jingles 24: Radio Jingles | DJ Drops | Podcast Intros | Sung Jingles","article_publisher":"https:\/\/www.facebook.com\/radiojingles24\/","article_modified_time":"2026-04-01T10:51:55+00:00","og_image":[{"width":512,"height":512,"url":"https:\/\/radiojingles24.com\/wp-content\/uploads\/2019\/12\/vol22.png","type":"image\/png"}],"twitter_card":"summary_large_image","twitter_site":"@radiojingles24","schema":{"@context":"https:\/\/schema.org","@graph":[{"@type":"WebPage","@id":"https:\/\/radiojingles24.com\/product\/production-elements-vol-2\/","url":"https:\/\/radiojingles24.com\/product\/production-elements-vol-2\/","name":"Elementos de producci\u00f3n Vol. 2 - Radio Jingles 24: Radio Jingles | DJ Drops | Intros de podcasts | Jingles cantados","isPartOf":{"@id":"https:\/\/radiojingles24.com\/#website"},"primaryImageOfPage":{"@id":"https:\/\/radiojingles24.com\/product\/production-elements-vol-2\/#primaryimage"},"image":{"@id":"https:\/\/radiojingles24.com\/product\/production-elements-vol-2\/#primaryimage"},"thumbnailUrl":"https:\/\/radiojingles24.com\/wp-content\/uploads\/2019\/12\/vol22.png","datePublished":"2019-12-03T04:30:56+00:00","dateModified":"2026-04-01T10:51:55+00:00","breadcrumb":{"@id":"https:\/\/radiojingles24.com\/product\/production-elements-vol-2\/#breadcrumb"},"inLanguage":"es","potentialAction":[{"@type":"ReadAction","target":["https:\/\/radiojingles24.com\/product\/production-elements-vol-2\/"]}]},{"@type":"ImageObject","inLanguage":"es","@id":"https:\/\/radiojingles24.com\/product\/production-elements-vol-2\/#primaryimage","url":"https:\/\/radiojingles24.com\/wp-content\/uploads\/2019\/12\/vol22.png","contentUrl":"https:\/\/radiojingles24.com\/wp-content\/uploads\/2019\/12\/vol22.png","width":512,"height":512},{"@type":"BreadcrumbList","@id":"https:\/\/radiojingles24.com\/product\/production-elements-vol-2\/#breadcrumb","itemListElement":[{"@type":"ListItem","position":1,"name":"Home","item":"https:\/\/radiojingles24.com\/de\/"},{"@type":"ListItem","position":2,"name":"Produits","item":"https:\/\/radiojingles24.com\/fr\/shop\/"},{"@type":"ListItem","position":3,"name":"Production Elements Vol. 2"}]},{"@type":"WebSite","@id":"https:\/\/radiojingles24.com\/#website","url":"https:\/\/radiojingles24.com\/","name":"Radio Jingles 24: Radio Jingles | DJ Drops | Intros de podcasts | Jingles cantados","description":"Radio Jingles, Sung Jingles, DJ Drops e Intros de podcasts para estaciones de radio comerciales, comunitarias y de Internet. Basado en el Reino Unido. Precios desde \u00a3 5. Comprar online.","publisher":{"@id":"https:\/\/radiojingles24.com\/#organization"},"potentialAction":[{"@type":"SearchAction","target":{"@type":"EntryPoint","urlTemplate":"https:\/\/radiojingles24.com\/?s={search_term_string}"},"query-input":{"@type":"PropertyValueSpecification","valueRequired":true,"valueName":"search_term_string"}}],"inLanguage":"es"},{"@type":"Organization","@id":"https:\/\/radiojingles24.com\/#organization","name":"Radio Jingles 24","url":"https:\/\/radiojingles24.com\/","logo":{"@type":"ImageObject","inLanguage":"es","@id":"https:\/\/radiojingles24.com\/#\/schema\/logo\/image\/","url":"https:\/\/radiojingles24.com\/wp-content\/uploads\/2019\/11\/RadioJingle1-1.jpg","contentUrl":"https:\/\/radiojingles24.com\/wp-content\/uploads\/2019\/11\/RadioJingle1-1.jpg","width":512,"height":158,"caption":"Radio Jingles 24"},"image":{"@id":"https:\/\/radiojingles24.com\/#\/schema\/logo\/image\/"},"sameAs":["https:\/\/www.facebook.com\/radiojingles24\/","https:\/\/x.com\/radiojingles24"]}]}},"jetpack_sharing_enabled":true,"_links":{"self":[{"href":"https:\/\/radiojingles24.com\/es\/wp-json\/wp\/v2\/product\/7572","targetHints":{"allow":["GET"]}}],"collection":[{"href":"https:\/\/radiojingles24.com\/es\/wp-json\/wp\/v2\/product"}],"about":[{"href":"https:\/\/radiojingles24.com\/es\/wp-json\/wp\/v2\/types\/product"}],"replies":[{"embeddable":true,"href":"https:\/\/radiojingles24.com\/es\/wp-json\/wp\/v2\/comments?post=7572"}],"wp:featuredmedia":[{"embeddable":true,"href":"https:\/\/radiojingles24.com\/es\/wp-json\/wp\/v2\/media\/7650"}],"wp:attachment":[{"href":"https:\/\/radiojingles24.com\/es\/wp-json\/wp\/v2\/media?parent=7572"}],"wp:term":[{"taxonomy":"product_brand","embeddable":true,"href":"https:\/\/radiojingles24.com\/es\/wp-json\/wp\/v2\/product_brand?post=7572"},{"taxonomy":"product_cat","embeddable":true,"href":"https:\/\/radiojingles24.com\/es\/wp-json\/wp\/v2\/product_cat?post=7572"},{"taxonomy":"product_tag","embeddable":true,"href":"https:\/\/radiojingles24.com\/es\/wp-json\/wp\/v2\/product_tag?post=7572"}],"curies":[{"name":"wp","href":"https:\/\/api.w.org\/{rel}","templated":true}]}}