{"id":97920,"date":"2023-09-18T16:34:45","date_gmt":"2023-09-18T16:34:45","guid":{"rendered":"https:\/\/radiojingles24.com\/?post_type=product&#038;p=97920"},"modified":"2026-04-01T10:59:13","modified_gmt":"2026-04-01T10:59:13","slug":"premium-jingle-offer","status":"publish","type":"product","link":"https:\/\/radiojingles24.com\/es\/producto\/premium-jingle-offer\/","title":{"rendered":"SPECIAL OFFER &#8211; Premium Oldies 14 Sung Jingle with Music \u00a379"},"content":{"rendered":"<p>Durante el proceso de pago, aseg\u00farese de que su direcci\u00f3n de correo electr\u00f3nico se ingrese correctamente, ya que aqu\u00ed es donde entregaremos su audio.<\/p>\n<p>Todas las principales tarjetas de cr\u00e9dito \/ d\u00e9bito aceptadas a trav\u00e9s de PayPal.<\/p>\n<p><strong>RECUERDE - TODO EL AUDIO SE ENTREGA DENTRO DE UN M\u00c1XIMO DE 24 HORAS, PERO EN GENERAL DENTRO DE UNAS HORAS.<br \/>\n<\/strong><em>\u00bfNECESITA SU AUDIO S\u00daPER R\u00c1PIDO? NO HAY PROBLEMA - HAZME SABER AL 0113 534 6686<\/em><\/p>\n<p>Si desea discutir algo sobre su audio, o desea discutir algo m\u00e1s personalizado, por favor cont\u00e1ctenos por correo electr\u00f3nico info@radiojingles24.com o ll\u00e1menos\u00a0<em>0113 534 6686<\/em><\/p>","protected":false},"excerpt":{"rendered":"<p>Durante el proceso de pago, aseg\u00farese de ingresar correctamente su direcci\u00f3n de correo electr\u00f3nico, ya que es all\u00ed donde enviaremos su audio. Se aceptan todas las principales tarjetas de cr\u00e9dito\/d\u00e9bito a trav\u00e9s de PayPal\u2026.<\/p>","protected":false},"featured_media":6045,"comment_status":"closed","ping_status":"closed","template":"","meta":{"_exactmetrics_skip_tracking":false,"_exactmetrics_sitenote_active":false,"_exactmetrics_sitenote_note":"","_exactmetrics_sitenote_category":0},"product_brand":[],"product_cat":[89,481,557],"product_tag":[],"class_list":{"0":"post-97920","1":"product","2":"type-product","3":"status-publish","4":"has-post-thumbnail","6":"product_cat-jingles","7":"product_cat-radio","8":"product_cat-sale","9":"tm-has-options","11":"first","12":"instock","13":"sale","14":"virtual","15":"taxable","16":"purchasable","17":"product-type-simple"},"yoast_head":"<!-- This site is optimized with the Yoast SEO plugin v26.8 - https:\/\/yoast.com\/product\/yoast-seo-wordpress\/ -->\n<title>SPECIAL OFFER - Premium Oldies 14 Sung Jingle with Music \u00a379 - Radio Jingles 24: Radio Jingles | DJ Drops | Podcast Intros | Sung Jingles<\/title>\n<meta name=\"robots\" content=\"index, follow, max-snippet:-1, max-image-preview:large, max-video-preview:-1\" \/>\n<link rel=\"canonical\" href=\"https:\/\/radiojingles24.com\/es\/producto\/premium-jingle-offer\/\" \/>\n<meta property=\"og:locale\" content=\"es_ES\" \/>\n<meta property=\"og:type\" content=\"article\" \/>\n<meta property=\"og:title\" content=\"SPECIAL OFFER - Premium Oldies 14 Sung Jingle with Music \u00a379 - Radio Jingles 24: Radio Jingles | DJ Drops | Podcast Intros | Sung Jingles\" \/>\n<meta property=\"og:description\" content=\"During checkout please ensure your email address is entered correctly, as this is where we\u2019ll deliver your audio. All major credit\/debit cards accepted through PayPal....\" \/>\n<meta property=\"og:url\" content=\"https:\/\/radiojingles24.com\/es\/producto\/premium-jingle-offer\/\" \/>\n<meta property=\"og:site_name\" content=\"Radio Jingles 24: Radio Jingles | DJ Drops | Podcast Intros | Sung Jingles\" \/>\n<meta property=\"article:publisher\" content=\"https:\/\/www.facebook.com\/radiojingles24\/\" \/>\n<meta property=\"article:modified_time\" content=\"2026-04-01T10:59:13+00:00\" \/>\n<meta property=\"og:image\" content=\"https:\/\/radiojingles24.com\/wp-content\/uploads\/2019\/11\/7Asset-1.png\" \/>\n\t<meta property=\"og:image:width\" content=\"492\" \/>\n\t<meta property=\"og:image:height\" content=\"492\" \/>\n\t<meta property=\"og:image:type\" content=\"image\/png\" \/>\n<meta name=\"twitter:card\" content=\"summary_large_image\" \/>\n<meta name=\"twitter:site\" content=\"@radiojingles24\" \/>\n<meta name=\"twitter:label1\" content=\"Tiempo de lectura\" \/>\n\t<meta name=\"twitter:data1\" content=\"1 minuto\" \/>\n<script type=\"application\/ld+json\" class=\"yoast-schema-graph\">{\"@context\":\"https:\/\/schema.org\",\"@graph\":[{\"@type\":\"WebPage\",\"@id\":\"https:\/\/radiojingles24.com\/product\/premium-jingle-offer\/\",\"url\":\"https:\/\/radiojingles24.com\/product\/premium-jingle-offer\/\",\"name\":\"SPECIAL OFFER - Premium Oldies 14 Sung Jingle with Music \u00a379 - Radio Jingles 24: Radio Jingles | DJ Drops | Podcast Intros | Sung Jingles\",\"isPartOf\":{\"@id\":\"https:\/\/radiojingles24.com\/#website\"},\"primaryImageOfPage\":{\"@id\":\"https:\/\/radiojingles24.com\/product\/premium-jingle-offer\/#primaryimage\"},\"image\":{\"@id\":\"https:\/\/radiojingles24.com\/product\/premium-jingle-offer\/#primaryimage\"},\"thumbnailUrl\":\"https:\/\/radiojingles24.com\/wp-content\/uploads\/2019\/11\/7Asset-1.png\",\"datePublished\":\"2023-09-18T16:34:45+00:00\",\"dateModified\":\"2026-04-01T10:59:13+00:00\",\"breadcrumb\":{\"@id\":\"https:\/\/radiojingles24.com\/product\/premium-jingle-offer\/#breadcrumb\"},\"inLanguage\":\"es\",\"potentialAction\":[{\"@type\":\"ReadAction\",\"target\":[\"https:\/\/radiojingles24.com\/product\/premium-jingle-offer\/\"]}]},{\"@type\":\"ImageObject\",\"inLanguage\":\"es\",\"@id\":\"https:\/\/radiojingles24.com\/product\/premium-jingle-offer\/#primaryimage\",\"url\":\"https:\/\/radiojingles24.com\/wp-content\/uploads\/2019\/11\/7Asset-1.png\",\"contentUrl\":\"https:\/\/radiojingles24.com\/wp-content\/uploads\/2019\/11\/7Asset-1.png\",\"width\":492,\"height\":492},{\"@type\":\"BreadcrumbList\",\"@id\":\"https:\/\/radiojingles24.com\/product\/premium-jingle-offer\/#breadcrumb\",\"itemListElement\":[{\"@type\":\"ListItem\",\"position\":1,\"name\":\"Home\",\"item\":\"https:\/\/radiojingles24.com\/de\/\"},{\"@type\":\"ListItem\",\"position\":2,\"name\":\"Produits\",\"item\":\"https:\/\/radiojingles24.com\/fr\/shop\/\"},{\"@type\":\"ListItem\",\"position\":3,\"name\":\"SPECIAL OFFER &#8211; Premium Oldies 14 Sung Jingle with Music \u00a379\"}]},{\"@type\":\"WebSite\",\"@id\":\"https:\/\/radiojingles24.com\/#website\",\"url\":\"https:\/\/radiojingles24.com\/\",\"name\":\"Radio Jingles 24: Radio Jingles | DJ Drops | Podcast Intros | Sung Jingles\",\"description\":\"Radio Jingles, Sung Jingles, DJ Drops, and Podcast Intros for commercial, community and internet radio stations. UK Based. Prices from \u00a35. Order online.\",\"publisher\":{\"@id\":\"https:\/\/radiojingles24.com\/#organization\"},\"potentialAction\":[{\"@type\":\"SearchAction\",\"target\":{\"@type\":\"EntryPoint\",\"urlTemplate\":\"https:\/\/radiojingles24.com\/?s={search_term_string}\"},\"query-input\":{\"@type\":\"PropertyValueSpecification\",\"valueRequired\":true,\"valueName\":\"search_term_string\"}}],\"inLanguage\":\"es\"},{\"@type\":\"Organization\",\"@id\":\"https:\/\/radiojingles24.com\/#organization\",\"name\":\"Radio Jingles 24\",\"url\":\"https:\/\/radiojingles24.com\/\",\"logo\":{\"@type\":\"ImageObject\",\"inLanguage\":\"es\",\"@id\":\"https:\/\/radiojingles24.com\/#\/schema\/logo\/image\/\",\"url\":\"https:\/\/radiojingles24.com\/wp-content\/uploads\/2019\/11\/RadioJingle1-1.jpg\",\"contentUrl\":\"https:\/\/radiojingles24.com\/wp-content\/uploads\/2019\/11\/RadioJingle1-1.jpg\",\"width\":512,\"height\":158,\"caption\":\"Radio Jingles 24\"},\"image\":{\"@id\":\"https:\/\/radiojingles24.com\/#\/schema\/logo\/image\/\"},\"sameAs\":[\"https:\/\/www.facebook.com\/radiojingles24\/\",\"https:\/\/x.com\/radiojingles24\"]}]}<\/script>\n<!-- \/ Yoast SEO plugin. -->","yoast_head_json":{"title":"SPECIAL OFFER - Premium Oldies 14 Sung Jingle with Music \u00a379 - Radio Jingles 24: Radio Jingles | DJ Drops | Podcast Intros | Sung Jingles","robots":{"index":"index","follow":"follow","max-snippet":"max-snippet:-1","max-image-preview":"max-image-preview:large","max-video-preview":"max-video-preview:-1"},"canonical":"https:\/\/radiojingles24.com\/es\/producto\/premium-jingle-offer\/","og_locale":"es_ES","og_type":"article","og_title":"SPECIAL OFFER - Premium Oldies 14 Sung Jingle with Music \u00a379 - Radio Jingles 24: Radio Jingles | DJ Drops | Podcast Intros | Sung Jingles","og_description":"During checkout please ensure your email address is entered correctly, as this is where we\u2019ll deliver your audio. All major credit\/debit cards accepted through PayPal....","og_url":"https:\/\/radiojingles24.com\/es\/producto\/premium-jingle-offer\/","og_site_name":"Radio Jingles 24: Radio Jingles | DJ Drops | Podcast Intros | Sung Jingles","article_publisher":"https:\/\/www.facebook.com\/radiojingles24\/","article_modified_time":"2026-04-01T10:59:13+00:00","og_image":[{"width":492,"height":492,"url":"https:\/\/radiojingles24.com\/wp-content\/uploads\/2019\/11\/7Asset-1.png","type":"image\/png"}],"twitter_card":"summary_large_image","twitter_site":"@radiojingles24","twitter_misc":{"Tiempo de lectura":"1 minuto"},"schema":{"@context":"https:\/\/schema.org","@graph":[{"@type":"WebPage","@id":"https:\/\/radiojingles24.com\/product\/premium-jingle-offer\/","url":"https:\/\/radiojingles24.com\/product\/premium-jingle-offer\/","name":"SPECIAL OFFER - Premium Oldies 14 Sung Jingle with Music \u00a379 - Radio Jingles 24: Radio Jingles | DJ Drops | Podcast Intros | Sung Jingles","isPartOf":{"@id":"https:\/\/radiojingles24.com\/#website"},"primaryImageOfPage":{"@id":"https:\/\/radiojingles24.com\/product\/premium-jingle-offer\/#primaryimage"},"image":{"@id":"https:\/\/radiojingles24.com\/product\/premium-jingle-offer\/#primaryimage"},"thumbnailUrl":"https:\/\/radiojingles24.com\/wp-content\/uploads\/2019\/11\/7Asset-1.png","datePublished":"2023-09-18T16:34:45+00:00","dateModified":"2026-04-01T10:59:13+00:00","breadcrumb":{"@id":"https:\/\/radiojingles24.com\/product\/premium-jingle-offer\/#breadcrumb"},"inLanguage":"es","potentialAction":[{"@type":"ReadAction","target":["https:\/\/radiojingles24.com\/product\/premium-jingle-offer\/"]}]},{"@type":"ImageObject","inLanguage":"es","@id":"https:\/\/radiojingles24.com\/product\/premium-jingle-offer\/#primaryimage","url":"https:\/\/radiojingles24.com\/wp-content\/uploads\/2019\/11\/7Asset-1.png","contentUrl":"https:\/\/radiojingles24.com\/wp-content\/uploads\/2019\/11\/7Asset-1.png","width":492,"height":492},{"@type":"BreadcrumbList","@id":"https:\/\/radiojingles24.com\/product\/premium-jingle-offer\/#breadcrumb","itemListElement":[{"@type":"ListItem","position":1,"name":"Home","item":"https:\/\/radiojingles24.com\/de\/"},{"@type":"ListItem","position":2,"name":"Produits","item":"https:\/\/radiojingles24.com\/fr\/shop\/"},{"@type":"ListItem","position":3,"name":"SPECIAL OFFER &#8211; Premium Oldies 14 Sung Jingle with Music \u00a379"}]},{"@type":"WebSite","@id":"https:\/\/radiojingles24.com\/#website","url":"https:\/\/radiojingles24.com\/","name":"Radio Jingles 24: Radio Jingles | DJ Drops | Intros de podcasts | Jingles cantados","description":"Radio Jingles, Sung Jingles, DJ Drops e Intros de podcasts para estaciones de radio comerciales, comunitarias y de Internet. Basado en el Reino Unido. Precios desde \u00a3 5. Comprar online.","publisher":{"@id":"https:\/\/radiojingles24.com\/#organization"},"potentialAction":[{"@type":"SearchAction","target":{"@type":"EntryPoint","urlTemplate":"https:\/\/radiojingles24.com\/?s={search_term_string}"},"query-input":{"@type":"PropertyValueSpecification","valueRequired":true,"valueName":"search_term_string"}}],"inLanguage":"es"},{"@type":"Organization","@id":"https:\/\/radiojingles24.com\/#organization","name":"Radio Jingles 24","url":"https:\/\/radiojingles24.com\/","logo":{"@type":"ImageObject","inLanguage":"es","@id":"https:\/\/radiojingles24.com\/#\/schema\/logo\/image\/","url":"https:\/\/radiojingles24.com\/wp-content\/uploads\/2019\/11\/RadioJingle1-1.jpg","contentUrl":"https:\/\/radiojingles24.com\/wp-content\/uploads\/2019\/11\/RadioJingle1-1.jpg","width":512,"height":158,"caption":"Radio Jingles 24"},"image":{"@id":"https:\/\/radiojingles24.com\/#\/schema\/logo\/image\/"},"sameAs":["https:\/\/www.facebook.com\/radiojingles24\/","https:\/\/x.com\/radiojingles24"]}]}},"jetpack_sharing_enabled":true,"_links":{"self":[{"href":"https:\/\/radiojingles24.com\/es\/wp-json\/wp\/v2\/product\/97920","targetHints":{"allow":["GET"]}}],"collection":[{"href":"https:\/\/radiojingles24.com\/es\/wp-json\/wp\/v2\/product"}],"about":[{"href":"https:\/\/radiojingles24.com\/es\/wp-json\/wp\/v2\/types\/product"}],"replies":[{"embeddable":true,"href":"https:\/\/radiojingles24.com\/es\/wp-json\/wp\/v2\/comments?post=97920"}],"wp:featuredmedia":[{"embeddable":true,"href":"https:\/\/radiojingles24.com\/es\/wp-json\/wp\/v2\/media\/6045"}],"wp:attachment":[{"href":"https:\/\/radiojingles24.com\/es\/wp-json\/wp\/v2\/media?parent=97920"}],"wp:term":[{"taxonomy":"product_brand","embeddable":true,"href":"https:\/\/radiojingles24.com\/es\/wp-json\/wp\/v2\/product_brand?post=97920"},{"taxonomy":"product_cat","embeddable":true,"href":"https:\/\/radiojingles24.com\/es\/wp-json\/wp\/v2\/product_cat?post=97920"},{"taxonomy":"product_tag","embeddable":true,"href":"https:\/\/radiojingles24.com\/es\/wp-json\/wp\/v2\/product_tag?post=97920"}],"curies":[{"name":"wp","href":"https:\/\/api.w.org\/{rel}","templated":true}]}}