{"id":12780,"date":"2020-01-20T15:21:13","date_gmt":"2020-01-20T15:21:13","guid":{"rendered":"https:\/\/radiojingles24.com\/?page_id=12780"},"modified":"2020-01-20T15:21:13","modified_gmt":"2020-01-20T15:21:13","slug":"privacy","status":"publish","type":"page","link":"https:\/\/radiojingles24.com\/fr\/privacy\/","title":{"rendered":"Intimit\u00e9"},"content":{"rendered":"<p>Bienvenue dans notre politique de confidentialit\u00e9<br \/>\n- Votre vie priv\u00e9e est extr\u00eamement importante pour nous.<br \/>\nRadio Jingles 24 Limited est situ\u00e9 au:<\/p>\n<p>Radio Jingles 24 Limited<br \/>\n6 Pennwell Lawn<br \/>\nWest Yorkshire, Royaume-Uni<br \/>\n01135346686<br \/>\nLa politique de Radio Jingles 24 Limited est de respecter votre vie priv\u00e9e concernant toute information que nous pouvons collecter lors de l&#039;exploitation de notre site Web. Cette politique de confidentialit\u00e9 s&#039;applique \u00e0 https:\/\/radiojingles24.com (ci-apr\u00e8s, \u00abnous\u00bb, \u00abnous\u00bb ou \u00abhttps:\/\/radiojingles24.com\u00bb). Nous respectons votre vie priv\u00e9e et nous nous engageons \u00e0 prot\u00e9ger les informations personnellement identifiables que vous pouvez nous fournir via le site Web. Nous avons adopt\u00e9 cette politique de confidentialit\u00e9 (\u00abPolitique de confidentialit\u00e9\u00bb) pour expliquer quelles informations peuvent \u00eatre collect\u00e9es sur notre site Web, comment nous utilisons ces informations et dans quelles circonstances nous pouvons divulguer ces informations \u00e0 des tiers. Cette politique de confidentialit\u00e9 s&#039;applique uniquement aux informations que nous recueillons via le site Web et ne s&#039;applique pas \u00e0 notre collecte d&#039;informations \u00e0 partir d&#039;autres sources.<br \/>\nCette politique de confidentialit\u00e9, ainsi que les conditions g\u00e9n\u00e9rales publi\u00e9es sur notre site Web, \u00e9noncent les r\u00e8gles et politiques g\u00e9n\u00e9rales r\u00e9gissant votre utilisation de notre site Web. En fonction de vos activit\u00e9s lors de la visite de notre site Web, vous devrez peut-\u00eatre accepter des conditions g\u00e9n\u00e9rales suppl\u00e9mentaires.<\/p>\n<p>- Visiteurs du site Web<br \/>\nComme la plupart des op\u00e9rateurs de sites Web, Radio Jingles 24 Limited recueille des informations non personnelles du type que les navigateurs Web et les serveurs mettent g\u00e9n\u00e9ralement \u00e0 disposition, telles que le type de navigateur, la pr\u00e9f\u00e9rence de langue, le site de r\u00e9f\u00e9rence et la date et l&#039;heure de chaque demande de visiteur. L&#039;objectif de Radio Jingles 24 Limited en collectant des informations non personnelles est de mieux comprendre comment les visiteurs de Radio Jingles 24 Limited utilisent son site Web. De temps \u00e0 autre, Radio Jingles 24 Limited peut divulguer des informations non personnelles dans l&#039;ensemble, par exemple, en publiant un rapport sur les tendances d&#039;utilisation de son site Web.<br \/>\nRadio Jingles 24 Limited collecte \u00e9galement des informations potentiellement personnelles telles que les adresses IP (Internet Protocol) pour les utilisateurs connect\u00e9s et pour les utilisateurs laissant des commentaires sur les articles de blog https:\/\/radiojingles24.com. Radio Jingles 24 Limited ne divulgue les adresses IP des utilisateurs et des commentateurs connect\u00e9s que dans les m\u00eames circonstances qu&#039;elle utilise et divulgue les informations d&#039;identification personnelle d\u00e9crites ci-dessous.<\/p>\n<p>- Collecte d&#039;informations d&#039;identification personnelle<br \/>\nCertains visiteurs des sites Web de Radio Jingles 24 Limited choisissent d&#039;interagir avec Radio Jingles 24 Limited d&#039;une mani\u00e8re qui oblige Radio Jingles 24 Limited \u00e0 recueillir des informations d&#039;identification personnelle. La quantit\u00e9 et le type d&#039;informations collect\u00e9es par Radio Jingles 24 Limited d\u00e9pendent de la nature de l&#039;interaction. Par exemple, nous demandons aux visiteurs qui s&#039;inscrivent \u00e0 un blog sur https:\/\/radiojingles24.com de fournir un nom d&#039;utilisateur et une adresse e-mail.<\/p>\n<p>- S\u00e9curit\u00e9<br \/>\nLa s\u00e9curit\u00e9 de vos informations personnelles est importante pour nous, mais rappelez-vous qu&#039;aucune m\u00e9thode de transmission sur Internet ou m\u00e9thode de stockage \u00e9lectronique n&#039;est 100% s\u00e9curis\u00e9e. Bien que nous nous efforcions d&#039;utiliser des moyens commercialement acceptables pour prot\u00e9ger vos informations personnelles, nous ne pouvons garantir leur s\u00e9curit\u00e9 absolue.<\/p>\n<p>- Annonces<br \/>\nLes publicit\u00e9s apparaissant sur notre site Web peuvent \u00eatre livr\u00e9es aux utilisateurs par des partenaires publicitaires, qui peuvent d\u00e9finir des cookies. Ces cookies permettent au serveur publicitaire de reconna\u00eetre votre ordinateur chaque fois qu&#039;il vous envoie une publicit\u00e9 en ligne pour compiler des informations sur vous ou sur les autres utilisateurs de votre ordinateur. Ces informations permettent aux r\u00e9seaux publicitaires, entre autres, de diffuser des publicit\u00e9s cibl\u00e9es qui, selon eux, vous int\u00e9resseront le plus. Cette politique de confidentialit\u00e9 couvre l&#039;utilisation des cookies par Radio Jingles 24 Limited et ne couvre pas l&#039;utilisation de cookies par les annonceurs.<\/p>\n<p>- Liens vers des sites externes<br \/>\nNotre service peut contenir des liens vers des sites externes qui ne sont pas exploit\u00e9s par nous. Si vous cliquez sur un lien tiers, vous serez dirig\u00e9 vers le site de ce tiers. Nous vous conseillons vivement de consulter la politique de confidentialit\u00e9 et les termes et conditions de chaque site que vous visitez.<br \/>\nNous n&#039;avons aucun contr\u00f4le et n&#039;assumons aucune responsabilit\u00e9 pour le contenu, les politiques de confidentialit\u00e9 ou les pratiques de tout site, produit ou service tiers.<\/p>","protected":false},"excerpt":{"rendered":"<p>Bienvenue dans notre politique de confidentialit\u00e9 - Votre vie priv\u00e9e est d&#039;une importance cruciale pour nous. Radio Jingles 24 Limited est situ\u00e9 \u00e0: Radio Jingles 24 Limited 6\u2026<\/p>","protected":false},"author":1,"featured_media":0,"parent":0,"menu_order":0,"comment_status":"closed","ping_status":"closed","template":"","meta":{"_exactmetrics_skip_tracking":false,"_exactmetrics_sitenote_active":false,"_exactmetrics_sitenote_note":"","_exactmetrics_sitenote_category":0,"footnotes":""},"class_list":["post-12780","page","type-page","status-publish"],"yoast_head":"<!-- This site is optimized with the Yoast SEO plugin v26.8 - https:\/\/yoast.com\/product\/yoast-seo-wordpress\/ -->\n<title>Radio Jingles 24: Radio Jingles | DJ Drops | Podcast Intros | Sung Jingles<\/title>\n<meta name=\"description\" content=\"Radio Jingles, Sung Jingles, DJ Drops, and Podcast Intros for commercial, community and internet radio stations. UK Based. Prices from \u00a35. Order online.\" \/>\n<meta name=\"robots\" content=\"index, follow, max-snippet:-1, max-image-preview:large, max-video-preview:-1\" \/>\n<link rel=\"canonical\" href=\"https:\/\/radiojingles24.com\/fr\/privacy\/\" \/>\n<meta property=\"og:locale\" content=\"fr_FR\" \/>\n<meta property=\"og:type\" content=\"article\" \/>\n<meta property=\"og:title\" content=\"Radio Jingles 24: Radio Jingles | DJ Drops | Podcast Intros | Sung Jingles\" \/>\n<meta property=\"og:description\" content=\"Radio Jingles, Sung Jingles, DJ Drops, and Podcast Intros for commercial, community and internet radio stations. UK Based. Prices from \u00a35. Order online.\" \/>\n<meta property=\"og:url\" content=\"https:\/\/radiojingles24.com\/fr\/privacy\/\" \/>\n<meta property=\"og:site_name\" content=\"Radio Jingles 24: Radio Jingles | DJ Drops | Podcast Intros | Sung Jingles\" \/>\n<meta property=\"article:publisher\" content=\"https:\/\/www.facebook.com\/radiojingles24\/\" \/>\n<meta name=\"twitter:card\" content=\"summary_large_image\" \/>\n<meta name=\"twitter:site\" content=\"@radiojingles24\" \/>\n<meta name=\"twitter:label1\" content=\"Dur\u00e9e de lecture estim\u00e9e\" \/>\n\t<meta name=\"twitter:data1\" content=\"3 minutes\" \/>\n<script type=\"application\/ld+json\" class=\"yoast-schema-graph\">{\"@context\":\"https:\/\/schema.org\",\"@graph\":[{\"@type\":\"WebPage\",\"@id\":\"https:\/\/radiojingles24.com\/privacy\/\",\"url\":\"https:\/\/radiojingles24.com\/privacy\/\",\"name\":\"Radio Jingles 24: Radio Jingles | DJ Drops | Podcast Intros | Sung Jingles\",\"isPartOf\":{\"@id\":\"https:\/\/radiojingles24.com\/#website\"},\"datePublished\":\"2020-01-20T15:21:13+00:00\",\"description\":\"Radio Jingles, Sung Jingles, DJ Drops, and Podcast Intros for commercial, community and internet radio stations. UK Based. Prices from \u00a35. Order online.\",\"breadcrumb\":{\"@id\":\"https:\/\/radiojingles24.com\/privacy\/#breadcrumb\"},\"inLanguage\":\"fr-FR\",\"potentialAction\":[{\"@type\":\"ReadAction\",\"target\":[\"https:\/\/radiojingles24.com\/privacy\/\"]}]},{\"@type\":\"BreadcrumbList\",\"@id\":\"https:\/\/radiojingles24.com\/privacy\/#breadcrumb\",\"itemListElement\":[{\"@type\":\"ListItem\",\"position\":1,\"name\":\"Home\",\"item\":\"https:\/\/radiojingles24.com\/de\/\"},{\"@type\":\"ListItem\",\"position\":2,\"name\":\"Privacy\"}]},{\"@type\":\"WebSite\",\"@id\":\"https:\/\/radiojingles24.com\/#website\",\"url\":\"https:\/\/radiojingles24.com\/\",\"name\":\"Radio Jingles 24: Radio Jingles | DJ Drops | Podcast Intros | Sung Jingles\",\"description\":\"Radio Jingles, Sung Jingles, DJ Drops, and Podcast Intros for commercial, community and internet radio stations. UK Based. Prices from \u00a35. Order online.\",\"publisher\":{\"@id\":\"https:\/\/radiojingles24.com\/#organization\"},\"potentialAction\":[{\"@type\":\"SearchAction\",\"target\":{\"@type\":\"EntryPoint\",\"urlTemplate\":\"https:\/\/radiojingles24.com\/?s={search_term_string}\"},\"query-input\":{\"@type\":\"PropertyValueSpecification\",\"valueRequired\":true,\"valueName\":\"search_term_string\"}}],\"inLanguage\":\"fr-FR\"},{\"@type\":\"Organization\",\"@id\":\"https:\/\/radiojingles24.com\/#organization\",\"name\":\"Radio Jingles 24\",\"url\":\"https:\/\/radiojingles24.com\/\",\"logo\":{\"@type\":\"ImageObject\",\"inLanguage\":\"fr-FR\",\"@id\":\"https:\/\/radiojingles24.com\/#\/schema\/logo\/image\/\",\"url\":\"https:\/\/radiojingles24.com\/wp-content\/uploads\/2019\/11\/RadioJingle1-1.jpg\",\"contentUrl\":\"https:\/\/radiojingles24.com\/wp-content\/uploads\/2019\/11\/RadioJingle1-1.jpg\",\"width\":512,\"height\":158,\"caption\":\"Radio Jingles 24\"},\"image\":{\"@id\":\"https:\/\/radiojingles24.com\/#\/schema\/logo\/image\/\"},\"sameAs\":[\"https:\/\/www.facebook.com\/radiojingles24\/\",\"https:\/\/x.com\/radiojingles24\"]}]}<\/script>\n<!-- \/ Yoast SEO plugin. -->","yoast_head_json":{"title":"Radio Jingles 24: Radio Jingles | DJ Drops | Podcast Intros | Jingles chant\u00e9s","description":"Radio Jingles, Sung Jingles, DJ Drops et Podcast Intros pour les stations de radio commerciales, communautaires et Internet. Bas\u00e9 au Royaume-Uni. Prix \u00e0 partir de 5 \u00a3. Commander en ligne.","robots":{"index":"index","follow":"follow","max-snippet":"max-snippet:-1","max-image-preview":"max-image-preview:large","max-video-preview":"max-video-preview:-1"},"canonical":"https:\/\/radiojingles24.com\/fr\/privacy\/","og_locale":"fr_FR","og_type":"article","og_title":"Radio Jingles 24: Radio Jingles | DJ Drops | Podcast Intros | Sung Jingles","og_description":"Radio Jingles, Sung Jingles, DJ Drops, and Podcast Intros for commercial, community and internet radio stations. UK Based. Prices from \u00a35. Order online.","og_url":"https:\/\/radiojingles24.com\/fr\/privacy\/","og_site_name":"Radio Jingles 24: Radio Jingles | DJ Drops | Podcast Intros | Sung Jingles","article_publisher":"https:\/\/www.facebook.com\/radiojingles24\/","twitter_card":"summary_large_image","twitter_site":"@radiojingles24","twitter_misc":{"Dur\u00e9e de lecture estim\u00e9e":"3 minutes"},"schema":{"@context":"https:\/\/schema.org","@graph":[{"@type":"WebPage","@id":"https:\/\/radiojingles24.com\/privacy\/","url":"https:\/\/radiojingles24.com\/privacy\/","name":"Radio Jingles 24: Radio Jingles | DJ Drops | Podcast Intros | Jingles chant\u00e9s","isPartOf":{"@id":"https:\/\/radiojingles24.com\/#website"},"datePublished":"2020-01-20T15:21:13+00:00","description":"Radio Jingles, Sung Jingles, DJ Drops et Podcast Intros pour les stations de radio commerciales, communautaires et Internet. Bas\u00e9 au Royaume-Uni. Prix \u00e0 partir de 5 \u00a3. Commander en ligne.","breadcrumb":{"@id":"https:\/\/radiojingles24.com\/privacy\/#breadcrumb"},"inLanguage":"fr-FR","potentialAction":[{"@type":"ReadAction","target":["https:\/\/radiojingles24.com\/privacy\/"]}]},{"@type":"BreadcrumbList","@id":"https:\/\/radiojingles24.com\/privacy\/#breadcrumb","itemListElement":[{"@type":"ListItem","position":1,"name":"Home","item":"https:\/\/radiojingles24.com\/de\/"},{"@type":"ListItem","position":2,"name":"Privacy"}]},{"@type":"WebSite","@id":"https:\/\/radiojingles24.com\/#website","url":"https:\/\/radiojingles24.com\/","name":"Radio Jingles 24: Radio Jingles | DJ Drops | Podcast Intros | Jingles chant\u00e9s","description":"Radio Jingles, Sung Jingles, DJ Drops et Podcast Intros pour les stations de radio commerciales, communautaires et Internet. Bas\u00e9 au Royaume-Uni. Prix \u00e0 partir de 5 \u00a3. Commander en ligne.","publisher":{"@id":"https:\/\/radiojingles24.com\/#organization"},"potentialAction":[{"@type":"SearchAction","target":{"@type":"EntryPoint","urlTemplate":"https:\/\/radiojingles24.com\/?s={search_term_string}"},"query-input":{"@type":"PropertyValueSpecification","valueRequired":true,"valueName":"search_term_string"}}],"inLanguage":"fr-FR"},{"@type":"Organization","@id":"https:\/\/radiojingles24.com\/#organization","name":"Radio Jingles 24","url":"https:\/\/radiojingles24.com\/","logo":{"@type":"ImageObject","inLanguage":"fr-FR","@id":"https:\/\/radiojingles24.com\/#\/schema\/logo\/image\/","url":"https:\/\/radiojingles24.com\/wp-content\/uploads\/2019\/11\/RadioJingle1-1.jpg","contentUrl":"https:\/\/radiojingles24.com\/wp-content\/uploads\/2019\/11\/RadioJingle1-1.jpg","width":512,"height":158,"caption":"Radio Jingles 24"},"image":{"@id":"https:\/\/radiojingles24.com\/#\/schema\/logo\/image\/"},"sameAs":["https:\/\/www.facebook.com\/radiojingles24\/","https:\/\/x.com\/radiojingles24"]}]}},"jetpack_sharing_enabled":true,"_links":{"self":[{"href":"https:\/\/radiojingles24.com\/fr\/wp-json\/wp\/v2\/pages\/12780","targetHints":{"allow":["GET"]}}],"collection":[{"href":"https:\/\/radiojingles24.com\/fr\/wp-json\/wp\/v2\/pages"}],"about":[{"href":"https:\/\/radiojingles24.com\/fr\/wp-json\/wp\/v2\/types\/page"}],"author":[{"embeddable":true,"href":"https:\/\/radiojingles24.com\/fr\/wp-json\/wp\/v2\/users\/1"}],"replies":[{"embeddable":true,"href":"https:\/\/radiojingles24.com\/fr\/wp-json\/wp\/v2\/comments?post=12780"}],"version-history":[{"count":1,"href":"https:\/\/radiojingles24.com\/fr\/wp-json\/wp\/v2\/pages\/12780\/revisions"}],"predecessor-version":[{"id":12781,"href":"https:\/\/radiojingles24.com\/fr\/wp-json\/wp\/v2\/pages\/12780\/revisions\/12781"}],"wp:attachment":[{"href":"https:\/\/radiojingles24.com\/fr\/wp-json\/wp\/v2\/media?parent=12780"}],"curies":[{"name":"wp","href":"https:\/\/api.w.org\/{rel}","templated":true}]}}