{"id":28621,"date":"2020-07-03T11:00:40","date_gmt":"2020-07-03T11:00:40","guid":{"rendered":"https:\/\/radiojingles24.com\/?page_id=28621"},"modified":"2020-07-20T08:55:35","modified_gmt":"2020-07-20T08:55:35","slug":"how-to-create-a-jingle","status":"publish","type":"page","link":"https:\/\/radiojingles24.com\/fr\/how-to-create-a-jingle\/","title":{"rendered":"Comment cr\u00e9er un jingle"},"content":{"rendered":"<h1>Comment cr\u00e9er un jingle<\/h1>\n<p><span style=\"font-weight: 400;\">Avez-vous cherch\u00e9 un moyen de vous d\u00e9connecter de votre \u00e9mission de radio, mais vous n&#039;avez pas r\u00e9ussi \u00e0 trouver l&#039;outro parfait\u00a0? Vous serez heureux d&#039;apprendre que votre recherche est termin\u00e9e. En travaillant avec Radio Jingles 24, vous avez une entreprise qui se fera un plaisir de vous aider. Notre talentueuse \u00e9quipe de professionnels est comp\u00e9tente dans un certain nombre de domaines diff\u00e9rents, nous sommes donc plus que capables de r\u00e9pondre aux besoins de nos clients. Pour ceux d&#039;entre vous qui aimeraient en savoir un peu plus, n&#039;h\u00e9sitez pas \u00e0 contacter l&#039;un de nos repr\u00e9sentants - notre site Web <\/span><a href=\"https:\/\/radiojingles24.com\/fr\/contact-us\/\"><span style=\"font-weight: 400;\">page contact<\/span><\/a><span style=\"font-weight: 400;\"> contient toutes les informations pertinentes et nous pouvons r\u00e9pondre \u00e0 toutes vos questions. <\/span><span style=\"font-weight: 400;\"><br \/>\n<\/span><span style=\"font-weight: 400;\"><br \/>\n<\/span><b>Qu&#039;est-ce qu&#039;un jingle ?<\/b><span style=\"font-weight: 400;\"><br \/>\n<\/span><span style=\"font-weight: 400;\"><br \/>\n<\/span><span style=\"font-weight: 400;\">Pour tous ceux qui ne le savaient pas auparavant, un jingle est un outil moderne du marketing, utilis\u00e9 de mani\u00e8re \u00e0 faire la publicit\u00e9 d&#039;un service ou d&#039;un produit particulier. Ceux-ci int\u00e8grent g\u00e9n\u00e9ralement le slogan d&#039;une entreprise dans le jingle, car cela permet \u00e9galement d&#039;am\u00e9liorer la reconnaissance globale de la marque. De nombreuses entreprises choisissent de faire appel \u00e0 des organisations tierces pour cr\u00e9er ces jingles, car elles-m\u00eames ne savent pas comment cr\u00e9er un jingle. Si c&#039;est la situation dans laquelle vous vous trouvez, ne cherchez pas plus loin que Radio Jingles 24 pour obtenir de l&#039;aide.<\/span><span style=\"font-weight: 400;\"><br \/>\n<\/span><span style=\"font-weight: 400;\"><br \/>\n<\/span><b>Quels services fournissons-nous?<\/b><span style=\"font-weight: 400;\"><br \/>\n<\/span><span style=\"font-weight: 400;\"><br \/>\n<\/span><span style=\"font-weight: 400;\">Nous comprenons qu&#039;en raison de la nature de niche de nos services, il est probable que d&#039;innombrables clients viennent nous voir sans aucune connaissance pr\u00e9alable de la fa\u00e7on de cr\u00e9er un jingle. Lorsque vous venez nous voir concernant les jingles, vous avez deux options : vous pouvez soit utiliser l&#039;un de nos artistes voix off pour cr\u00e9er un classique. <\/span><a href=\"https:\/\/radiojingles24.com\/fr\/produit\/spoken-audio\/\"><span style=\"font-weight: 400;\">jingle parl\u00e9<\/span><\/a><span style=\"font-weight: 400;\">, ou vous pouvez opter pour une prise plus moderne avec un jingle qui contient <\/span><a href=\"https:\/\/radiojingles24.com\/fr\/produit\/sung-audio\/\"><span style=\"font-weight: 400;\">en chantant<\/span><\/a><span style=\"font-weight: 400;\">. Avec chaque option, vous aurez la possibilit\u00e9 de choisir un chanteur ; il existe diff\u00e9rents \u00e9chantillons de chacun des membres de notre \u00e9quipe, vous pouvez donc faire un choix \u00e9clair\u00e9. \u00c0 partir de l\u00e0, vous pourrez choisir le style de jingle que vous souhaitez cr\u00e9er.\u00a0<\/span><\/p>\n<p><span style=\"font-weight: 400;\"><br \/>\n<\/span><b>Pourquoi travailler avec Radio Jingles 24 ?<\/b><span style=\"font-weight: 400;\"><br \/>\n<\/span><span style=\"font-weight: 400;\"><br \/>\n<\/span><span style=\"font-weight: 400;\">Lorsque vous venez \u00e0 Radio Jingles 24, vous avez la chance de travailler avec une entreprise qui a eu le privil\u00e8ge de travailler sur divers projets au fil des ans. Une \u00e9quipe qui travaille pour la plupart dans la radio commerciale depuis des d\u00e9cennies, et qui la conna\u00eet par c\u0153ur. Une \u00e9quipe qui sait ce qui marche et ce qui ne marche pas en mati\u00e8re d&#039;imagerie ! Ces exp\u00e9riences nous ont permis d&#039;affiner nos capacit\u00e9s sur le terrain et nous sommes consid\u00e9r\u00e9s comme des experts dans l&#039;art de savoir cr\u00e9er un jingle. Nous avons une excellente r\u00e9putation pour notre service client et notre fiabilit\u00e9, que nous sommes tr\u00e8s fiers de maintenir avec chaque client avec lequel nous travaillons.\u00a0<\/span><\/p>\n<p><span style=\"font-weight: 400;\">Si vous souhaitez parler \u00e0 un membre de notre \u00e9quipe de la cr\u00e9ation d&#039;un jingle, nous serions ravis de vous aider. N&#039;h\u00e9sitez pas \u00e0 envoyer un e-mail \u00e0 <\/span><a href=\"mailto:info@radiojingles24.com\"><span style=\"font-weight: 400;\">info@radiojingles24.com<\/span><\/a><span style=\"font-weight: 400;\">, ou vous pouvez remplir le formulaire de contact sur notre <\/span><a href=\"https:\/\/radiojingles24.com\/fr\/contact-us\/\"><span style=\"font-weight: 400;\">site Internet<\/span><\/a><span style=\"font-weight: 400;\">. Incluez toutes vos informations pertinentes et quelqu&#039;un vous r\u00e9pondra pour r\u00e9pondre \u00e0 toutes vos questions. <\/span><span style=\"font-weight: 400;\"><br \/>\n<\/span><\/p>","protected":false},"excerpt":{"rendered":"<p>Comment cr\u00e9er un jingle Avez-vous cherch\u00e9 un moyen de signer votre \u00e9mission de radio, mais n&#039;avez pas pu\u2026<\/p>","protected":false},"author":1,"featured_media":0,"parent":0,"menu_order":0,"comment_status":"closed","ping_status":"closed","template":"","meta":{"_exactmetrics_skip_tracking":false,"_exactmetrics_sitenote_active":false,"_exactmetrics_sitenote_note":"","_exactmetrics_sitenote_category":0,"footnotes":""},"class_list":["post-28621","page","type-page","status-publish"],"yoast_head":"<!-- This site is optimized with the Yoast SEO plugin v26.8 - https:\/\/yoast.com\/product\/yoast-seo-wordpress\/ -->\n<title>Radio Jingles 24: Radio Jingles | DJ Drops | Podcast Intros | Sung Jingles<\/title>\n<meta name=\"description\" content=\"Radio Jingles, Sung Jingles, DJ Drops, and Podcast Intros for commercial, community and internet radio stations. UK Based. Prices from \u00a35. Order online.\" \/>\n<meta name=\"robots\" content=\"index, follow, max-snippet:-1, max-image-preview:large, max-video-preview:-1\" \/>\n<link rel=\"canonical\" href=\"https:\/\/radiojingles24.com\/fr\/how-to-create-a-jingle\/\" \/>\n<meta property=\"og:locale\" content=\"fr_FR\" \/>\n<meta property=\"og:type\" content=\"article\" \/>\n<meta property=\"og:title\" content=\"Radio Jingles 24: Radio Jingles | DJ Drops | Podcast Intros | Sung Jingles\" \/>\n<meta property=\"og:description\" content=\"Radio Jingles, Sung Jingles, DJ Drops, and Podcast Intros for commercial, community and internet radio stations. UK Based. Prices from \u00a35. Order online.\" \/>\n<meta property=\"og:url\" content=\"https:\/\/radiojingles24.com\/fr\/how-to-create-a-jingle\/\" \/>\n<meta property=\"og:site_name\" content=\"Radio Jingles 24: Radio Jingles | DJ Drops | Podcast Intros | Sung Jingles\" \/>\n<meta property=\"article:publisher\" content=\"https:\/\/www.facebook.com\/radiojingles24\/\" \/>\n<meta property=\"article:modified_time\" content=\"2020-07-20T08:55:35+00:00\" \/>\n<meta name=\"twitter:card\" content=\"summary_large_image\" \/>\n<meta name=\"twitter:site\" content=\"@radiojingles24\" \/>\n<meta name=\"twitter:label1\" content=\"Dur\u00e9e de lecture estim\u00e9e\" \/>\n\t<meta name=\"twitter:data1\" content=\"3 minutes\" \/>\n<script type=\"application\/ld+json\" class=\"yoast-schema-graph\">{\"@context\":\"https:\/\/schema.org\",\"@graph\":[{\"@type\":\"WebPage\",\"@id\":\"https:\/\/radiojingles24.com\/how-to-create-a-jingle\/\",\"url\":\"https:\/\/radiojingles24.com\/how-to-create-a-jingle\/\",\"name\":\"Radio Jingles 24: Radio Jingles | DJ Drops | Podcast Intros | Sung Jingles\",\"isPartOf\":{\"@id\":\"https:\/\/radiojingles24.com\/#website\"},\"datePublished\":\"2020-07-03T11:00:40+00:00\",\"dateModified\":\"2020-07-20T08:55:35+00:00\",\"description\":\"Radio Jingles, Sung Jingles, DJ Drops, and Podcast Intros for commercial, community and internet radio stations. UK Based. Prices from \u00a35. Order online.\",\"breadcrumb\":{\"@id\":\"https:\/\/radiojingles24.com\/how-to-create-a-jingle\/#breadcrumb\"},\"inLanguage\":\"fr-FR\",\"potentialAction\":[{\"@type\":\"ReadAction\",\"target\":[\"https:\/\/radiojingles24.com\/how-to-create-a-jingle\/\"]}]},{\"@type\":\"BreadcrumbList\",\"@id\":\"https:\/\/radiojingles24.com\/how-to-create-a-jingle\/#breadcrumb\",\"itemListElement\":[{\"@type\":\"ListItem\",\"position\":1,\"name\":\"Home\",\"item\":\"https:\/\/radiojingles24.com\/de\/\"},{\"@type\":\"ListItem\",\"position\":2,\"name\":\"How to Create a Jingle\"}]},{\"@type\":\"WebSite\",\"@id\":\"https:\/\/radiojingles24.com\/#website\",\"url\":\"https:\/\/radiojingles24.com\/\",\"name\":\"Radio Jingles 24: Radio Jingles | DJ Drops | Podcast Intros | Sung Jingles\",\"description\":\"Radio Jingles, Sung Jingles, DJ Drops, and Podcast Intros for commercial, community and internet radio stations. UK Based. Prices from \u00a35. Order online.\",\"publisher\":{\"@id\":\"https:\/\/radiojingles24.com\/#organization\"},\"potentialAction\":[{\"@type\":\"SearchAction\",\"target\":{\"@type\":\"EntryPoint\",\"urlTemplate\":\"https:\/\/radiojingles24.com\/?s={search_term_string}\"},\"query-input\":{\"@type\":\"PropertyValueSpecification\",\"valueRequired\":true,\"valueName\":\"search_term_string\"}}],\"inLanguage\":\"fr-FR\"},{\"@type\":\"Organization\",\"@id\":\"https:\/\/radiojingles24.com\/#organization\",\"name\":\"Radio Jingles 24\",\"url\":\"https:\/\/radiojingles24.com\/\",\"logo\":{\"@type\":\"ImageObject\",\"inLanguage\":\"fr-FR\",\"@id\":\"https:\/\/radiojingles24.com\/#\/schema\/logo\/image\/\",\"url\":\"https:\/\/radiojingles24.com\/wp-content\/uploads\/2019\/11\/RadioJingle1-1.jpg\",\"contentUrl\":\"https:\/\/radiojingles24.com\/wp-content\/uploads\/2019\/11\/RadioJingle1-1.jpg\",\"width\":512,\"height\":158,\"caption\":\"Radio Jingles 24\"},\"image\":{\"@id\":\"https:\/\/radiojingles24.com\/#\/schema\/logo\/image\/\"},\"sameAs\":[\"https:\/\/www.facebook.com\/radiojingles24\/\",\"https:\/\/x.com\/radiojingles24\"]}]}<\/script>\n<!-- \/ Yoast SEO plugin. -->","yoast_head_json":{"title":"Radio Jingles 24: Radio Jingles | DJ Drops | Podcast Intros | Jingles chant\u00e9s","description":"Radio Jingles, Sung Jingles, DJ Drops et Podcast Intros pour les stations de radio commerciales, communautaires et Internet. Bas\u00e9 au Royaume-Uni. Prix \u00e0 partir de 5 \u00a3. Commander en ligne.","robots":{"index":"index","follow":"follow","max-snippet":"max-snippet:-1","max-image-preview":"max-image-preview:large","max-video-preview":"max-video-preview:-1"},"canonical":"https:\/\/radiojingles24.com\/fr\/how-to-create-a-jingle\/","og_locale":"fr_FR","og_type":"article","og_title":"Radio Jingles 24: Radio Jingles | DJ Drops | Podcast Intros | Sung Jingles","og_description":"Radio Jingles, Sung Jingles, DJ Drops, and Podcast Intros for commercial, community and internet radio stations. UK Based. Prices from \u00a35. Order online.","og_url":"https:\/\/radiojingles24.com\/fr\/how-to-create-a-jingle\/","og_site_name":"Radio Jingles 24: Radio Jingles | DJ Drops | Podcast Intros | Sung Jingles","article_publisher":"https:\/\/www.facebook.com\/radiojingles24\/","article_modified_time":"2020-07-20T08:55:35+00:00","twitter_card":"summary_large_image","twitter_site":"@radiojingles24","twitter_misc":{"Dur\u00e9e de lecture estim\u00e9e":"3 minutes"},"schema":{"@context":"https:\/\/schema.org","@graph":[{"@type":"WebPage","@id":"https:\/\/radiojingles24.com\/how-to-create-a-jingle\/","url":"https:\/\/radiojingles24.com\/how-to-create-a-jingle\/","name":"Radio Jingles 24: Radio Jingles | DJ Drops | Podcast Intros | Jingles chant\u00e9s","isPartOf":{"@id":"https:\/\/radiojingles24.com\/#website"},"datePublished":"2020-07-03T11:00:40+00:00","dateModified":"2020-07-20T08:55:35+00:00","description":"Radio Jingles, Sung Jingles, DJ Drops et Podcast Intros pour les stations de radio commerciales, communautaires et Internet. Bas\u00e9 au Royaume-Uni. Prix \u00e0 partir de 5 \u00a3. Commander en ligne.","breadcrumb":{"@id":"https:\/\/radiojingles24.com\/how-to-create-a-jingle\/#breadcrumb"},"inLanguage":"fr-FR","potentialAction":[{"@type":"ReadAction","target":["https:\/\/radiojingles24.com\/how-to-create-a-jingle\/"]}]},{"@type":"BreadcrumbList","@id":"https:\/\/radiojingles24.com\/how-to-create-a-jingle\/#breadcrumb","itemListElement":[{"@type":"ListItem","position":1,"name":"Home","item":"https:\/\/radiojingles24.com\/de\/"},{"@type":"ListItem","position":2,"name":"How to Create a Jingle"}]},{"@type":"WebSite","@id":"https:\/\/radiojingles24.com\/#website","url":"https:\/\/radiojingles24.com\/","name":"Radio Jingles 24: Radio Jingles | DJ Drops | Podcast Intros | Jingles chant\u00e9s","description":"Radio Jingles, Sung Jingles, DJ Drops et Podcast Intros pour les stations de radio commerciales, communautaires et Internet. Bas\u00e9 au Royaume-Uni. Prix \u00e0 partir de 5 \u00a3. Commander en ligne.","publisher":{"@id":"https:\/\/radiojingles24.com\/#organization"},"potentialAction":[{"@type":"SearchAction","target":{"@type":"EntryPoint","urlTemplate":"https:\/\/radiojingles24.com\/?s={search_term_string}"},"query-input":{"@type":"PropertyValueSpecification","valueRequired":true,"valueName":"search_term_string"}}],"inLanguage":"fr-FR"},{"@type":"Organization","@id":"https:\/\/radiojingles24.com\/#organization","name":"Radio Jingles 24","url":"https:\/\/radiojingles24.com\/","logo":{"@type":"ImageObject","inLanguage":"fr-FR","@id":"https:\/\/radiojingles24.com\/#\/schema\/logo\/image\/","url":"https:\/\/radiojingles24.com\/wp-content\/uploads\/2019\/11\/RadioJingle1-1.jpg","contentUrl":"https:\/\/radiojingles24.com\/wp-content\/uploads\/2019\/11\/RadioJingle1-1.jpg","width":512,"height":158,"caption":"Radio Jingles 24"},"image":{"@id":"https:\/\/radiojingles24.com\/#\/schema\/logo\/image\/"},"sameAs":["https:\/\/www.facebook.com\/radiojingles24\/","https:\/\/x.com\/radiojingles24"]}]}},"jetpack_sharing_enabled":true,"_links":{"self":[{"href":"https:\/\/radiojingles24.com\/fr\/wp-json\/wp\/v2\/pages\/28621","targetHints":{"allow":["GET"]}}],"collection":[{"href":"https:\/\/radiojingles24.com\/fr\/wp-json\/wp\/v2\/pages"}],"about":[{"href":"https:\/\/radiojingles24.com\/fr\/wp-json\/wp\/v2\/types\/page"}],"author":[{"embeddable":true,"href":"https:\/\/radiojingles24.com\/fr\/wp-json\/wp\/v2\/users\/1"}],"replies":[{"embeddable":true,"href":"https:\/\/radiojingles24.com\/fr\/wp-json\/wp\/v2\/comments?post=28621"}],"version-history":[{"count":2,"href":"https:\/\/radiojingles24.com\/fr\/wp-json\/wp\/v2\/pages\/28621\/revisions"}],"predecessor-version":[{"id":28898,"href":"https:\/\/radiojingles24.com\/fr\/wp-json\/wp\/v2\/pages\/28621\/revisions\/28898"}],"wp:attachment":[{"href":"https:\/\/radiojingles24.com\/fr\/wp-json\/wp\/v2\/media?parent=28621"}],"curies":[{"name":"wp","href":"https:\/\/api.w.org\/{rel}","templated":true}]}}