{"id":28623,"date":"2020-07-03T11:04:32","date_gmt":"2020-07-03T11:04:32","guid":{"rendered":"https:\/\/radiojingles24.com\/?page_id=28623"},"modified":"2020-07-20T08:55:27","modified_gmt":"2020-07-20T08:55:27","slug":"online-jingle-maker","status":"publish","type":"page","link":"https:\/\/radiojingles24.com\/fr\/online-jingle-maker\/","title":{"rendered":"Jingle Maker en ligne"},"content":{"rendered":"<h1>Jingle Maker en ligne<\/h1>\n<p><span style=\"font-weight: 400;\">Vous \u00eates \u00e0 la recherche d&#039;un cr\u00e9ateur de jingles en ligne ? Bienvenue sur Radio Jingles 24. Nous sommes une entreprise d\u00e9vou\u00e9e qui a plus de dix ans d&#039;exp\u00e9rience de qualit\u00e9 dans la cr\u00e9ation de pi\u00e8ces audio hypnotisantes, vous aurez du mal \u00e0 trouver une entreprise qui peut \u00e9galer nos services haut de gamme. Si vous souhaitez en savoir plus sur la fa\u00e7on dont nous pouvons vous aider, veuillez utiliser les informations sur notre site Web <\/span><a href=\"https:\/\/radiojingles24.com\/fr\/contact-us\/\"><span style=\"font-weight: 400;\">page contact<\/span><\/a><span style=\"font-weight: 400;\"> pour contacter un membre de notre \u00e9quipe. Nous serions ravis de r\u00e9pondre \u00e0 toutes vos questions. <\/span><span style=\"font-weight: 400;\"><br \/>\n<\/span><span style=\"font-weight: 400;\"><br \/>\n<\/span><b>Pourquoi acheter un jingle ?\u00a0<\/b><\/p>\n<p><span style=\"font-weight: 400;\">Bien que vous ne le reconnaissiez peut-\u00eatre pas, la v\u00e9rit\u00e9 est la suivante : dans le monde de la publicit\u00e9, il est difficile de penser \u00e0 une meilleure fa\u00e7on de commercialiser un produit ou un service que par l&#039;utilisation d&#039;un jingle accrocheur. Que ce soit \u00e0 la radio ou \u00e0 la t\u00e9l\u00e9vision, vous pourrez imm\u00e9diatement profiter des r\u00e9compenses si vous parvenez \u00e0 cr\u00e9er une m\u00e9lodie vraiment contagieuse. Se souvenir d&#039;un produit est plus facile lorsqu&#039;il est associ\u00e9 \u00e0 une m\u00e9lodie entra\u00eenante et \u00e0 des paroles simples et m\u00e9morables.\u00a0<\/span><\/p>\n<p><span style=\"font-weight: 400;\">En combinant des \u00e9l\u00e9ments de musique, des voix off et des effets sonores, vous \u00eates en mesure d&#039;obtenir un produit fini qui non seulement am\u00e9liore la r\u00e9putation de votre marque, mais am\u00e9liore \u00e9galement consid\u00e9rablement votre reconnaissance \u00e0 travers le pays. Si vous \u00eates \u00e0 la recherche d&#039;un cr\u00e9ateur de jingles en ligne, pourquoi ne pas laisser Radio Jingles 24 vous aider ?\u00a0<\/span><\/p>\n<p><b>Que pouvons-nous vous offrir?<\/b><span style=\"font-weight: 400;\"><br \/>\n<\/span><span style=\"font-weight: 400;\"><br \/>\n<\/span><span style=\"font-weight: 400;\">Pour nous, peu importe si vous souhaitez profiter de l&#039;un de nos <\/span><a href=\"https:\/\/radiojingles24.com\/fr\/categorie-produit\/dj-drops\/\"><span style=\"font-weight: 400;\">Forfaits DJ<\/span><\/a><span style=\"font-weight: 400;\">, ou vous cherchez une fa\u00e7on m\u00e9morable de conclure votre <\/span><a href=\"https:\/\/radiojingles24.com\/fr\/categorie-produit\/podcast-intro\/\"><span style=\"font-weight: 400;\">Podcast<\/span><\/a><span style=\"font-weight: 400;\">. Notre mission a toujours \u00e9t\u00e9 de cr\u00e9er un contenu captivant qui interpelle votre public. Nous pouvons vous aider \u00e0 cr\u00e9er votre propre jingle sur mesure et le faire livrer dans les 24 heures, 7 jours par semaine.\u00a0<\/span><\/p>\n<p><span style=\"font-weight: 400;\">Apr\u00e8s avoir entendu un jingle plusieurs fois dans le cadre d&#039;une campagne marketing, les consommateurs cr\u00e9ent souvent leur propre r\u00e9p\u00e9tition, fredonnant la m\u00e9lodie ou chantant les mots dans leur t\u00eate. Les jingles ont aussi g\u00e9n\u00e9ralement une m\u00e9lodie musicale, ce qui signifie que l&#039;auditeur en tirera le meilleur parti lorsqu&#039;il entendra la m\u00e9lodie entra\u00eenante. Un bon jingle est unique, amusant et, surtout, m\u00e9morable, c&#039;est \u00e0 ce moment-l\u00e0 que nous pourrons vous aider.<\/span><\/p>\n<p><b>Souhaitez-vous contacter Radio Jingles 24 ?\u00a0<\/b><\/p>\n<p><span style=\"font-weight: 400;\">En tant qu&#039;organisation, nous avons une r\u00e9putation exceptionnelle pour notre service client et notre fiabilit\u00e9. Nous pouvons aider toute personne qui a besoin de quelque chose d&#039;expressif rapidement et professionnellement, car nous comprenons parfaitement \u00e0 quel point la marque d&#039;un produit est importante pour se d\u00e9marquer de la foule et avoir vraiment un impact. Rien ne renforce votre image comme un message coh\u00e9rent et de qualit\u00e9, alors pourquoi ne pas prendre contact avec un membre de notre \u00e9quipe ?\u00a0<\/span><\/p>\n<p><span style=\"font-weight: 400;\">Pour en savoir plus sur notre cr\u00e9ateur de jingles en ligne et sur les autres services que nous pouvons offrir, n&#039;h\u00e9sitez pas \u00e0 contacter Radio Jingles 24. N&#039;h\u00e9sitez pas \u00e0 envoyer un e-mail \u00e0 <\/span><a href=\"mailto:info@radiojingles24.com\"><span style=\"font-weight: 400;\">info@radiojingles24.com<\/span><\/a><span style=\"font-weight: 400;\"> ou vous pouvez remplir le formulaire de contact sur notre <\/span><a href=\"https:\/\/radiojingles24.com\/fr\/contact-us\/\"><span style=\"font-weight: 400;\">site Internet<\/span><\/a><span style=\"font-weight: 400;\">, et nous vous r\u00e9pondrons dans les plus brefs d\u00e9lais.\u00a0<\/span><\/p>","protected":false},"excerpt":{"rendered":"<p>Cr\u00e9ateur de jingle en ligne Avez-vous \u00e9t\u00e9 \u00e0 la recherche d&#039;un cr\u00e9ateur de jingle en ligne ? Bienvenue sur Radio Jingles 24. Nous sommes une entreprise d\u00e9vou\u00e9e qui a plus\u2026<\/p>","protected":false},"author":1,"featured_media":0,"parent":0,"menu_order":0,"comment_status":"closed","ping_status":"closed","template":"","meta":{"_exactmetrics_skip_tracking":false,"_exactmetrics_sitenote_active":false,"_exactmetrics_sitenote_note":"","_exactmetrics_sitenote_category":0,"footnotes":""},"class_list":["post-28623","page","type-page","status-publish"],"yoast_head":"<!-- This site is optimized with the Yoast SEO plugin v26.8 - https:\/\/yoast.com\/product\/yoast-seo-wordpress\/ -->\n<title>Radio Jingles 24: Radio Jingles | DJ Drops | Podcast Intros | Sung Jingles<\/title>\n<meta name=\"description\" content=\"Radio Jingles, Sung Jingles, DJ Drops, and Podcast Intros for commercial, community and internet radio stations. UK Based. Prices from \u00a35. Order online.\" \/>\n<meta name=\"robots\" content=\"index, follow, max-snippet:-1, max-image-preview:large, max-video-preview:-1\" \/>\n<link rel=\"canonical\" href=\"https:\/\/radiojingles24.com\/fr\/online-jingle-maker\/\" \/>\n<meta property=\"og:locale\" content=\"fr_FR\" \/>\n<meta property=\"og:type\" content=\"article\" \/>\n<meta property=\"og:title\" content=\"Radio Jingles 24: Radio Jingles | DJ Drops | Podcast Intros | Sung Jingles\" \/>\n<meta property=\"og:description\" content=\"Radio Jingles, Sung Jingles, DJ Drops, and Podcast Intros for commercial, community and internet radio stations. UK Based. Prices from \u00a35. Order online.\" \/>\n<meta property=\"og:url\" content=\"https:\/\/radiojingles24.com\/fr\/online-jingle-maker\/\" \/>\n<meta property=\"og:site_name\" content=\"Radio Jingles 24: Radio Jingles | DJ Drops | Podcast Intros | Sung Jingles\" \/>\n<meta property=\"article:publisher\" content=\"https:\/\/www.facebook.com\/radiojingles24\/\" \/>\n<meta property=\"article:modified_time\" content=\"2020-07-20T08:55:27+00:00\" \/>\n<meta name=\"twitter:card\" content=\"summary_large_image\" \/>\n<meta name=\"twitter:site\" content=\"@radiojingles24\" \/>\n<meta name=\"twitter:label1\" content=\"Dur\u00e9e de lecture estim\u00e9e\" \/>\n\t<meta name=\"twitter:data1\" content=\"3 minutes\" \/>\n<script type=\"application\/ld+json\" class=\"yoast-schema-graph\">{\"@context\":\"https:\/\/schema.org\",\"@graph\":[{\"@type\":\"WebPage\",\"@id\":\"https:\/\/radiojingles24.com\/online-jingle-maker\/\",\"url\":\"https:\/\/radiojingles24.com\/online-jingle-maker\/\",\"name\":\"Radio Jingles 24: Radio Jingles | DJ Drops | Podcast Intros | Sung Jingles\",\"isPartOf\":{\"@id\":\"https:\/\/radiojingles24.com\/#website\"},\"datePublished\":\"2020-07-03T11:04:32+00:00\",\"dateModified\":\"2020-07-20T08:55:27+00:00\",\"description\":\"Radio Jingles, Sung Jingles, DJ Drops, and Podcast Intros for commercial, community and internet radio stations. UK Based. Prices from \u00a35. Order online.\",\"breadcrumb\":{\"@id\":\"https:\/\/radiojingles24.com\/online-jingle-maker\/#breadcrumb\"},\"inLanguage\":\"fr-FR\",\"potentialAction\":[{\"@type\":\"ReadAction\",\"target\":[\"https:\/\/radiojingles24.com\/online-jingle-maker\/\"]}]},{\"@type\":\"BreadcrumbList\",\"@id\":\"https:\/\/radiojingles24.com\/online-jingle-maker\/#breadcrumb\",\"itemListElement\":[{\"@type\":\"ListItem\",\"position\":1,\"name\":\"Home\",\"item\":\"https:\/\/radiojingles24.com\/de\/\"},{\"@type\":\"ListItem\",\"position\":2,\"name\":\"Online Jingle Maker\"}]},{\"@type\":\"WebSite\",\"@id\":\"https:\/\/radiojingles24.com\/#website\",\"url\":\"https:\/\/radiojingles24.com\/\",\"name\":\"Radio Jingles 24: Radio Jingles | DJ Drops | Podcast Intros | Sung Jingles\",\"description\":\"Radio Jingles, Sung Jingles, DJ Drops, and Podcast Intros for commercial, community and internet radio stations. UK Based. Prices from \u00a35. Order online.\",\"publisher\":{\"@id\":\"https:\/\/radiojingles24.com\/#organization\"},\"potentialAction\":[{\"@type\":\"SearchAction\",\"target\":{\"@type\":\"EntryPoint\",\"urlTemplate\":\"https:\/\/radiojingles24.com\/?s={search_term_string}\"},\"query-input\":{\"@type\":\"PropertyValueSpecification\",\"valueRequired\":true,\"valueName\":\"search_term_string\"}}],\"inLanguage\":\"fr-FR\"},{\"@type\":\"Organization\",\"@id\":\"https:\/\/radiojingles24.com\/#organization\",\"name\":\"Radio Jingles 24\",\"url\":\"https:\/\/radiojingles24.com\/\",\"logo\":{\"@type\":\"ImageObject\",\"inLanguage\":\"fr-FR\",\"@id\":\"https:\/\/radiojingles24.com\/#\/schema\/logo\/image\/\",\"url\":\"https:\/\/radiojingles24.com\/wp-content\/uploads\/2019\/11\/RadioJingle1-1.jpg\",\"contentUrl\":\"https:\/\/radiojingles24.com\/wp-content\/uploads\/2019\/11\/RadioJingle1-1.jpg\",\"width\":512,\"height\":158,\"caption\":\"Radio Jingles 24\"},\"image\":{\"@id\":\"https:\/\/radiojingles24.com\/#\/schema\/logo\/image\/\"},\"sameAs\":[\"https:\/\/www.facebook.com\/radiojingles24\/\",\"https:\/\/x.com\/radiojingles24\"]}]}<\/script>\n<!-- \/ Yoast SEO plugin. -->","yoast_head_json":{"title":"Radio Jingles 24: Radio Jingles | DJ Drops | Podcast Intros | Jingles chant\u00e9s","description":"Radio Jingles, Sung Jingles, DJ Drops et Podcast Intros pour les stations de radio commerciales, communautaires et Internet. Bas\u00e9 au Royaume-Uni. Prix \u00e0 partir de 5 \u00a3. Commander en ligne.","robots":{"index":"index","follow":"follow","max-snippet":"max-snippet:-1","max-image-preview":"max-image-preview:large","max-video-preview":"max-video-preview:-1"},"canonical":"https:\/\/radiojingles24.com\/fr\/online-jingle-maker\/","og_locale":"fr_FR","og_type":"article","og_title":"Radio Jingles 24: Radio Jingles | DJ Drops | Podcast Intros | Sung Jingles","og_description":"Radio Jingles, Sung Jingles, DJ Drops, and Podcast Intros for commercial, community and internet radio stations. UK Based. Prices from \u00a35. Order online.","og_url":"https:\/\/radiojingles24.com\/fr\/online-jingle-maker\/","og_site_name":"Radio Jingles 24: Radio Jingles | DJ Drops | Podcast Intros | Sung Jingles","article_publisher":"https:\/\/www.facebook.com\/radiojingles24\/","article_modified_time":"2020-07-20T08:55:27+00:00","twitter_card":"summary_large_image","twitter_site":"@radiojingles24","twitter_misc":{"Dur\u00e9e de lecture estim\u00e9e":"3 minutes"},"schema":{"@context":"https:\/\/schema.org","@graph":[{"@type":"WebPage","@id":"https:\/\/radiojingles24.com\/online-jingle-maker\/","url":"https:\/\/radiojingles24.com\/online-jingle-maker\/","name":"Radio Jingles 24: Radio Jingles | DJ Drops | Podcast Intros | Jingles chant\u00e9s","isPartOf":{"@id":"https:\/\/radiojingles24.com\/#website"},"datePublished":"2020-07-03T11:04:32+00:00","dateModified":"2020-07-20T08:55:27+00:00","description":"Radio Jingles, Sung Jingles, DJ Drops et Podcast Intros pour les stations de radio commerciales, communautaires et Internet. Bas\u00e9 au Royaume-Uni. Prix \u00e0 partir de 5 \u00a3. Commander en ligne.","breadcrumb":{"@id":"https:\/\/radiojingles24.com\/online-jingle-maker\/#breadcrumb"},"inLanguage":"fr-FR","potentialAction":[{"@type":"ReadAction","target":["https:\/\/radiojingles24.com\/online-jingle-maker\/"]}]},{"@type":"BreadcrumbList","@id":"https:\/\/radiojingles24.com\/online-jingle-maker\/#breadcrumb","itemListElement":[{"@type":"ListItem","position":1,"name":"Home","item":"https:\/\/radiojingles24.com\/de\/"},{"@type":"ListItem","position":2,"name":"Online Jingle Maker"}]},{"@type":"WebSite","@id":"https:\/\/radiojingles24.com\/#website","url":"https:\/\/radiojingles24.com\/","name":"Radio Jingles 24: Radio Jingles | DJ Drops | Podcast Intros | Jingles chant\u00e9s","description":"Radio Jingles, Sung Jingles, DJ Drops et Podcast Intros pour les stations de radio commerciales, communautaires et Internet. Bas\u00e9 au Royaume-Uni. Prix \u00e0 partir de 5 \u00a3. Commander en ligne.","publisher":{"@id":"https:\/\/radiojingles24.com\/#organization"},"potentialAction":[{"@type":"SearchAction","target":{"@type":"EntryPoint","urlTemplate":"https:\/\/radiojingles24.com\/?s={search_term_string}"},"query-input":{"@type":"PropertyValueSpecification","valueRequired":true,"valueName":"search_term_string"}}],"inLanguage":"fr-FR"},{"@type":"Organization","@id":"https:\/\/radiojingles24.com\/#organization","name":"Radio Jingles 24","url":"https:\/\/radiojingles24.com\/","logo":{"@type":"ImageObject","inLanguage":"fr-FR","@id":"https:\/\/radiojingles24.com\/#\/schema\/logo\/image\/","url":"https:\/\/radiojingles24.com\/wp-content\/uploads\/2019\/11\/RadioJingle1-1.jpg","contentUrl":"https:\/\/radiojingles24.com\/wp-content\/uploads\/2019\/11\/RadioJingle1-1.jpg","width":512,"height":158,"caption":"Radio Jingles 24"},"image":{"@id":"https:\/\/radiojingles24.com\/#\/schema\/logo\/image\/"},"sameAs":["https:\/\/www.facebook.com\/radiojingles24\/","https:\/\/x.com\/radiojingles24"]}]}},"jetpack_sharing_enabled":true,"_links":{"self":[{"href":"https:\/\/radiojingles24.com\/fr\/wp-json\/wp\/v2\/pages\/28623","targetHints":{"allow":["GET"]}}],"collection":[{"href":"https:\/\/radiojingles24.com\/fr\/wp-json\/wp\/v2\/pages"}],"about":[{"href":"https:\/\/radiojingles24.com\/fr\/wp-json\/wp\/v2\/types\/page"}],"author":[{"embeddable":true,"href":"https:\/\/radiojingles24.com\/fr\/wp-json\/wp\/v2\/users\/1"}],"replies":[{"embeddable":true,"href":"https:\/\/radiojingles24.com\/fr\/wp-json\/wp\/v2\/comments?post=28623"}],"version-history":[{"count":3,"href":"https:\/\/radiojingles24.com\/fr\/wp-json\/wp\/v2\/pages\/28623\/revisions"}],"predecessor-version":[{"id":28897,"href":"https:\/\/radiojingles24.com\/fr\/wp-json\/wp\/v2\/pages\/28623\/revisions\/28897"}],"wp:attachment":[{"href":"https:\/\/radiojingles24.com\/fr\/wp-json\/wp\/v2\/media?parent=28623"}],"curies":[{"name":"wp","href":"https:\/\/api.w.org\/{rel}","templated":true}]}}