{"id":29928,"date":"2020-09-29T15:00:58","date_gmt":"2020-09-29T15:00:58","guid":{"rendered":"https:\/\/radiojingles24.com\/?page_id=29928"},"modified":"2020-09-29T15:00:58","modified_gmt":"2020-09-29T15:00:58","slug":"professional-catchy-jingle-maker","status":"publish","type":"page","link":"https:\/\/radiojingles24.com\/fr\/professional-catchy-jingle-maker\/","title":{"rendered":"Cr\u00e9ateur de jingle professionnel et accrocheur"},"content":{"rendered":"<p><span style=\"font-weight: 400;\">\u00cates-vous int\u00e9ress\u00e9 \u00e0 utiliser un fabricant de jingles professionnel et accrocheur? Bienvenue \u00e0 <\/span><a href=\"https:\/\/radiojingles24.com\/fr\/\"><span style=\"font-weight: 400;\">Radio Jingles 24<\/span><\/a><span style=\"font-weight: 400;\">. Que vous recherchiez des jingles parl\u00e9s ou chant\u00e9s, nous offrons des services qualifi\u00e9s qui sauront d\u00e9passer vos attentes. Nous avons un large choix de services parmi lesquels vous pouvez travailler avec nous pour cr\u00e9er un jingle passionnant et m\u00e9morable que votre public appr\u00e9ciera. Avec notre aide, vous recevrez des audios de qualit\u00e9 sup\u00e9rieure parfaitement personnalis\u00e9s selon vos besoins. Pourquoi ne pas nous contacter aujourd&#039;hui pour voir comment nous pouvons vous aider ?<\/span><\/p>\n<h1><b>Jingle Maker professionnel et accrocheur<\/b><\/h1>\n<p><span style=\"font-weight: 400;\">Chez Radio Jingles 24, nous comprenons que chaque client a des demandes diff\u00e9rentes, c&#039;est pourquoi nous faisons toujours un effort suppl\u00e9mentaire pour fournir des audios uniques qui peuvent vous aider \u00e0 vous d\u00e9marquer des autres. Nous sommes une entreprise sp\u00e9cialis\u00e9e qui fournit \u00e0 ses clients du Royaume-Uni et des \u00c9tats-Unis des airs amusants et passionnants qui peuvent \u00eatre utilis\u00e9s pour pr\u00e9senter votre <\/span><a href=\"https:\/\/radiojingles24.com\/fr\/categorie-produit\/free-radio-jingles\/\"><span style=\"font-weight: 400;\">\u00e9mission de radio<\/span><\/a><span style=\"font-weight: 400;\">, <\/span><a href=\"https:\/\/radiojingles24.com\/fr\/categorie-produit\/podcast-intro\/\"><span style=\"font-weight: 400;\">Podcast<\/span><\/a><span style=\"font-weight: 400;\"> ou alors <\/span><a href=\"https:\/\/radiojingles24.com\/fr\/categorie-produit\/commercial-production\/\"><span style=\"font-weight: 400;\">commercial<\/span><\/a><span style=\"font-weight: 400;\">. Les jingles sont essentiellement une autre forme de marketing qui est utilis\u00e9e de diverses mani\u00e8res afin d&#039;attirer et de fid\u00e9liser les clients. Ils peuvent \u00eatre acapella ou inclure de la musique avec des chansons qui contiennent un ou plusieurs crochets qui vous permettent de promouvoir votre marque, votre \u00e9mission, etc. C&#039;est l\u00e0 qu&#039;intervient notre cr\u00e9ateur de jingles accrocheurs. C&#039;est un outil extr\u00eamement polyvalent et rapide qui cr\u00e9e des audios impeccables. qui vous sont ensuite envoy\u00e9s en seulement 24 heures.<\/span><\/p>\n<p>&nbsp;<\/p>\n<p><span style=\"font-weight: 400;\">En tant que principal fournisseur de jingles distinctifs, nous utilisons un fabricant de jingles expert et accrocheur avec l&#039;aide de nombreux talentueux <\/span><a href=\"https:\/\/radiojingles24.com\/fr\/#voices\"><span style=\"font-weight: 400;\">acteurs de la voix<\/span><\/a><span style=\"font-weight: 400;\"> que vous pourrez \u00e9couter et choisir. Cela vous donnera la possibilit\u00e9 de choisir la voix la plus appropri\u00e9e qui refl\u00e8te votre marque ou votre campagne. Nous recommandons fortement notre <\/span><a href=\"https:\/\/radiojingles24.com\/fr\/produit\/sung-jingle-packages\/\"><span style=\"font-weight: 400;\">Forfaits audio chant\u00e9s<\/span><\/a><span style=\"font-weight: 400;\">. Il s&#039;agit d&#039;une cr\u00e9ation de jingle \u00e9conomique qui peut \u00eatre adapt\u00e9e au son de votre station de radio, que ce soit AC \/ Hot AC, CHR ou Oldies.\u00a0<\/span><\/p>\n<p>&nbsp;<\/p>\n<p><span style=\"font-weight: 400;\">Les jingles seront chant\u00e9s par nos acteurs qualifi\u00e9s, y compris votre nom, votre marque et votre slogan que vous pourrez ensuite utiliser pour les ann\u00e9es \u00e0 venir. Tout ce que vous avez \u00e0 faire est de nous envoyer votre script via notre formulaire en ligne, d&#039;inclure des instructions sp\u00e9cifiques pour notre \u00e9quipe et nous pourrons ensuite commencer \u00e0 utiliser le cr\u00e9ateur de jingle accrocheur. L&#039;audio peut \u00eatre envoy\u00e9 dans n&#039;importe quel format que vous choisissez comme MP3, WAVE ou AIFF selon vos pr\u00e9f\u00e9rences. Nous pouvons m\u00eame inclure n&#039;importe quel audio acapella, ce qui vous permet de choisir parmi plusieurs jingles et vous permet d&#039;obtenir le meilleur rapport qualit\u00e9-prix.\u00a0<\/span><\/p>\n<p>&nbsp;<\/p>\n<h2><b>Comment un jingle transmettra-t-il votre message\u00a0?<\/b><\/h2>\n<p>&nbsp;<\/p>\n<p><span style=\"font-weight: 400;\">Non seulement ils compl\u00e9teront vos \u00e9missions, mais notre cr\u00e9ateur de jingles accrocheurs s&#039;assurera que votre audio est facile \u00e0 retenir, lui permettant d&#039;engager votre public et finalement de le coincer dans leur t\u00eate. Les jingles sont essentiels pour toutes les entreprises et organisations car ils peuvent aider \u00e0 renforcer votre image et vous offrir une pr\u00e9sence respectable aupr\u00e8s de vos auditeurs. Les jingles ont fait leurs preuves en aidant les grandes marques au fil des ans, c&#039;est pourquoi nous pensons qu&#039;il s&#039;agit d&#039;un investissement rentable \u00e0 faire pour soutenir votre entreprise.<\/span><\/p>\n<p><span style=\"font-weight: 400;\">Pour en savoir plus sur notre cr\u00e9ateur de jingles accrocheurs, n&#039;h\u00e9sitez pas \u00e0 <\/span><a href=\"https:\/\/radiojingles24.com\/fr\/contact-us\/\"><span style=\"font-weight: 400;\">Nous contacter<\/span><\/a><span style=\"font-weight: 400;\"> aujourd&#039;hui et nous serons plus qu&#039;heureux de discuter de vos sp\u00e9cifications particuli\u00e8res. Pour toute demande de renseignements, n&#039;h\u00e9sitez pas \u00e0 nous appeler sur notre num\u00e9ro britannique, +44 (0) 113 534 6686 ou notre num\u00e9ro am\u00e9ricain, +1 (212) 710-1350 et notre \u00e9quipe de service client vous contactera sous peu pour vous aider. . Alternativement, vous pouvez nous envoyer un e-mail en utilisant <\/span><a href=\"mailto:info@radiojingles24.com\"><span style=\"font-weight: 400;\">info@radiojingles24.com<\/span><\/a><span style=\"font-weight: 400;\"> et nous pouvons vous fournir toute information compl\u00e9mentaire dont vous avez besoin<\/span><\/p>","protected":false},"excerpt":{"rendered":"<p>\u00cates-vous int\u00e9ress\u00e9 \u00e0 faire appel \u00e0 un cr\u00e9ateur de jingle professionnel et accrocheur\u00a0? Bienvenue sur Radio Jingles 24. Que vous souhaitiez des jingles parl\u00e9s ou chant\u00e9s, nous vous proposons\u2026<\/p>","protected":false},"author":1,"featured_media":0,"parent":0,"menu_order":0,"comment_status":"closed","ping_status":"closed","template":"","meta":{"_exactmetrics_skip_tracking":false,"_exactmetrics_sitenote_active":false,"_exactmetrics_sitenote_note":"","_exactmetrics_sitenote_category":0,"footnotes":""},"class_list":["post-29928","page","type-page","status-publish"],"yoast_head":"<!-- This site is optimized with the Yoast SEO plugin v26.8 - https:\/\/yoast.com\/product\/yoast-seo-wordpress\/ -->\n<title>Radio Jingles 24: Radio Jingles | DJ Drops | Podcast Intros | Sung Jingles<\/title>\n<meta name=\"description\" content=\"Radio Jingles, Sung Jingles, DJ Drops, and Podcast Intros for commercial, community and internet radio stations. UK Based. Prices from \u00a35. Order online.\" \/>\n<meta name=\"robots\" content=\"index, follow, max-snippet:-1, max-image-preview:large, max-video-preview:-1\" \/>\n<link rel=\"canonical\" href=\"https:\/\/radiojingles24.com\/fr\/professional-catchy-jingle-maker\/\" \/>\n<meta property=\"og:locale\" content=\"fr_FR\" \/>\n<meta property=\"og:type\" content=\"article\" \/>\n<meta property=\"og:title\" content=\"Radio Jingles 24: Radio Jingles | DJ Drops | Podcast Intros | Sung Jingles\" \/>\n<meta property=\"og:description\" content=\"Radio Jingles, Sung Jingles, DJ Drops, and Podcast Intros for commercial, community and internet radio stations. UK Based. Prices from \u00a35. Order online.\" \/>\n<meta property=\"og:url\" content=\"https:\/\/radiojingles24.com\/fr\/professional-catchy-jingle-maker\/\" \/>\n<meta property=\"og:site_name\" content=\"Radio Jingles 24: Radio Jingles | DJ Drops | Podcast Intros | Sung Jingles\" \/>\n<meta property=\"article:publisher\" content=\"https:\/\/www.facebook.com\/radiojingles24\/\" \/>\n<meta name=\"twitter:card\" content=\"summary_large_image\" \/>\n<meta name=\"twitter:site\" content=\"@radiojingles24\" \/>\n<meta name=\"twitter:label1\" content=\"Dur\u00e9e de lecture estim\u00e9e\" \/>\n\t<meta name=\"twitter:data1\" content=\"3 minutes\" \/>\n<script type=\"application\/ld+json\" class=\"yoast-schema-graph\">{\"@context\":\"https:\/\/schema.org\",\"@graph\":[{\"@type\":\"WebPage\",\"@id\":\"https:\/\/radiojingles24.com\/de\/professional-catchy-jingle-maker\/\",\"url\":\"https:\/\/radiojingles24.com\/de\/professional-catchy-jingle-maker\/\",\"name\":\"Radio Jingles 24: Radio Jingles | DJ Drops | Podcast Intros | Sung Jingles\",\"isPartOf\":{\"@id\":\"https:\/\/radiojingles24.com\/#website\"},\"datePublished\":\"2020-09-29T15:00:58+00:00\",\"description\":\"Radio Jingles, Sung Jingles, DJ Drops, and Podcast Intros for commercial, community and internet radio stations. UK Based. Prices from \u00a35. Order online.\",\"breadcrumb\":{\"@id\":\"https:\/\/radiojingles24.com\/de\/professional-catchy-jingle-maker\/#breadcrumb\"},\"inLanguage\":\"fr-FR\",\"potentialAction\":[{\"@type\":\"ReadAction\",\"target\":[\"https:\/\/radiojingles24.com\/de\/professional-catchy-jingle-maker\/\"]}]},{\"@type\":\"BreadcrumbList\",\"@id\":\"https:\/\/radiojingles24.com\/de\/professional-catchy-jingle-maker\/#breadcrumb\",\"itemListElement\":[{\"@type\":\"ListItem\",\"position\":1,\"name\":\"Home\",\"item\":\"https:\/\/radiojingles24.com\/de\/\"},{\"@type\":\"ListItem\",\"position\":2,\"name\":\"Professional &#038; Catchy Jingle Maker\"}]},{\"@type\":\"WebSite\",\"@id\":\"https:\/\/radiojingles24.com\/#website\",\"url\":\"https:\/\/radiojingles24.com\/\",\"name\":\"Radio Jingles 24: Radio Jingles | DJ Drops | Podcast Intros | Sung Jingles\",\"description\":\"Radio Jingles, Sung Jingles, DJ Drops, and Podcast Intros for commercial, community and internet radio stations. UK Based. Prices from \u00a35. Order online.\",\"publisher\":{\"@id\":\"https:\/\/radiojingles24.com\/#organization\"},\"potentialAction\":[{\"@type\":\"SearchAction\",\"target\":{\"@type\":\"EntryPoint\",\"urlTemplate\":\"https:\/\/radiojingles24.com\/?s={search_term_string}\"},\"query-input\":{\"@type\":\"PropertyValueSpecification\",\"valueRequired\":true,\"valueName\":\"search_term_string\"}}],\"inLanguage\":\"fr-FR\"},{\"@type\":\"Organization\",\"@id\":\"https:\/\/radiojingles24.com\/#organization\",\"name\":\"Radio Jingles 24\",\"url\":\"https:\/\/radiojingles24.com\/\",\"logo\":{\"@type\":\"ImageObject\",\"inLanguage\":\"fr-FR\",\"@id\":\"https:\/\/radiojingles24.com\/#\/schema\/logo\/image\/\",\"url\":\"https:\/\/radiojingles24.com\/wp-content\/uploads\/2019\/11\/RadioJingle1-1.jpg\",\"contentUrl\":\"https:\/\/radiojingles24.com\/wp-content\/uploads\/2019\/11\/RadioJingle1-1.jpg\",\"width\":512,\"height\":158,\"caption\":\"Radio Jingles 24\"},\"image\":{\"@id\":\"https:\/\/radiojingles24.com\/#\/schema\/logo\/image\/\"},\"sameAs\":[\"https:\/\/www.facebook.com\/radiojingles24\/\",\"https:\/\/x.com\/radiojingles24\"]}]}<\/script>\n<!-- \/ Yoast SEO plugin. -->","yoast_head_json":{"title":"Radio Jingles 24: Radio Jingles | DJ Drops | Podcast Intros | Jingles chant\u00e9s","description":"Radio Jingles, Sung Jingles, DJ Drops et Podcast Intros pour les stations de radio commerciales, communautaires et Internet. Bas\u00e9 au Royaume-Uni. Prix \u00e0 partir de 5 \u00a3. Commander en ligne.","robots":{"index":"index","follow":"follow","max-snippet":"max-snippet:-1","max-image-preview":"max-image-preview:large","max-video-preview":"max-video-preview:-1"},"canonical":"https:\/\/radiojingles24.com\/fr\/professional-catchy-jingle-maker\/","og_locale":"fr_FR","og_type":"article","og_title":"Radio Jingles 24: Radio Jingles | DJ Drops | Podcast Intros | Sung Jingles","og_description":"Radio Jingles, Sung Jingles, DJ Drops, and Podcast Intros for commercial, community and internet radio stations. UK Based. Prices from \u00a35. Order online.","og_url":"https:\/\/radiojingles24.com\/fr\/professional-catchy-jingle-maker\/","og_site_name":"Radio Jingles 24: Radio Jingles | DJ Drops | Podcast Intros | Sung Jingles","article_publisher":"https:\/\/www.facebook.com\/radiojingles24\/","twitter_card":"summary_large_image","twitter_site":"@radiojingles24","twitter_misc":{"Dur\u00e9e de lecture estim\u00e9e":"3 minutes"},"schema":{"@context":"https:\/\/schema.org","@graph":[{"@type":"WebPage","@id":"https:\/\/radiojingles24.com\/de\/professional-catchy-jingle-maker\/","url":"https:\/\/radiojingles24.com\/de\/professional-catchy-jingle-maker\/","name":"Radio Jingles 24: Radio Jingles | DJ Drops | Podcast Intros | Jingles chant\u00e9s","isPartOf":{"@id":"https:\/\/radiojingles24.com\/#website"},"datePublished":"2020-09-29T15:00:58+00:00","description":"Radio Jingles, Sung Jingles, DJ Drops et Podcast Intros pour les stations de radio commerciales, communautaires et Internet. Bas\u00e9 au Royaume-Uni. Prix \u00e0 partir de 5 \u00a3. Commander en ligne.","breadcrumb":{"@id":"https:\/\/radiojingles24.com\/de\/professional-catchy-jingle-maker\/#breadcrumb"},"inLanguage":"fr-FR","potentialAction":[{"@type":"ReadAction","target":["https:\/\/radiojingles24.com\/de\/professional-catchy-jingle-maker\/"]}]},{"@type":"BreadcrumbList","@id":"https:\/\/radiojingles24.com\/de\/professional-catchy-jingle-maker\/#breadcrumb","itemListElement":[{"@type":"ListItem","position":1,"name":"Home","item":"https:\/\/radiojingles24.com\/de\/"},{"@type":"ListItem","position":2,"name":"Professional &#038; Catchy Jingle Maker"}]},{"@type":"WebSite","@id":"https:\/\/radiojingles24.com\/#website","url":"https:\/\/radiojingles24.com\/","name":"Radio Jingles 24: Radio Jingles | DJ Drops | Podcast Intros | Jingles chant\u00e9s","description":"Radio Jingles, Sung Jingles, DJ Drops et Podcast Intros pour les stations de radio commerciales, communautaires et Internet. Bas\u00e9 au Royaume-Uni. Prix \u00e0 partir de 5 \u00a3. Commander en ligne.","publisher":{"@id":"https:\/\/radiojingles24.com\/#organization"},"potentialAction":[{"@type":"SearchAction","target":{"@type":"EntryPoint","urlTemplate":"https:\/\/radiojingles24.com\/?s={search_term_string}"},"query-input":{"@type":"PropertyValueSpecification","valueRequired":true,"valueName":"search_term_string"}}],"inLanguage":"fr-FR"},{"@type":"Organization","@id":"https:\/\/radiojingles24.com\/#organization","name":"Radio Jingles 24","url":"https:\/\/radiojingles24.com\/","logo":{"@type":"ImageObject","inLanguage":"fr-FR","@id":"https:\/\/radiojingles24.com\/#\/schema\/logo\/image\/","url":"https:\/\/radiojingles24.com\/wp-content\/uploads\/2019\/11\/RadioJingle1-1.jpg","contentUrl":"https:\/\/radiojingles24.com\/wp-content\/uploads\/2019\/11\/RadioJingle1-1.jpg","width":512,"height":158,"caption":"Radio Jingles 24"},"image":{"@id":"https:\/\/radiojingles24.com\/#\/schema\/logo\/image\/"},"sameAs":["https:\/\/www.facebook.com\/radiojingles24\/","https:\/\/x.com\/radiojingles24"]}]}},"jetpack_sharing_enabled":true,"_links":{"self":[{"href":"https:\/\/radiojingles24.com\/fr\/wp-json\/wp\/v2\/pages\/29928","targetHints":{"allow":["GET"]}}],"collection":[{"href":"https:\/\/radiojingles24.com\/fr\/wp-json\/wp\/v2\/pages"}],"about":[{"href":"https:\/\/radiojingles24.com\/fr\/wp-json\/wp\/v2\/types\/page"}],"author":[{"embeddable":true,"href":"https:\/\/radiojingles24.com\/fr\/wp-json\/wp\/v2\/users\/1"}],"replies":[{"embeddable":true,"href":"https:\/\/radiojingles24.com\/fr\/wp-json\/wp\/v2\/comments?post=29928"}],"version-history":[{"count":1,"href":"https:\/\/radiojingles24.com\/fr\/wp-json\/wp\/v2\/pages\/29928\/revisions"}],"predecessor-version":[{"id":29930,"href":"https:\/\/radiojingles24.com\/fr\/wp-json\/wp\/v2\/pages\/29928\/revisions\/29930"}],"wp:attachment":[{"href":"https:\/\/radiojingles24.com\/fr\/wp-json\/wp\/v2\/media?parent=29928"}],"curies":[{"name":"wp","href":"https:\/\/api.w.org\/{rel}","templated":true}]}}