{"id":29931,"date":"2020-09-29T15:03:04","date_gmt":"2020-09-29T15:03:04","guid":{"rendered":"https:\/\/radiojingles24.com\/?page_id=29931"},"modified":"2020-09-29T15:03:04","modified_gmt":"2020-09-29T15:03:04","slug":"professional-dj-voice-overs","status":"publish","type":"page","link":"https:\/\/radiojingles24.com\/fr\/professional-dj-voice-overs\/","title":{"rendered":"Voix off DJ professionnelles"},"content":{"rendered":"<p><span style=\"font-weight: 400;\">Vous cherchez des voix off professionnelles pour DJ ? Bienvenue \u00e0 <\/span><a href=\"https:\/\/radiojingles24.com\/fr\/\"><span style=\"font-weight: 400;\">Radio Jingles 24<\/span><\/a><span style=\"font-weight: 400;\">, nous sommes une entreprise sp\u00e9cialis\u00e9e qui peut fournir des gouttes DJ exceptionnelles qui sont totalement uniques. Nous pouvons g\u00e9rer tous les aspects des voix off, du montage \u00e0 la production compl\u00e8te, qui peuvent ensuite vous \u00eatre envoy\u00e9es dans les 24 heures, vous permettant de recevoir des services rapides \u00e0 votre convenance. Avec plus de 10 ans d&#039;exp\u00e9rience dans l&#039;industrie, nous savons \u00e0 quel point votre audio est important, vous pouvez donc avoir confiance que vous \u00eates entre de bonnes mains. Pourquoi ne pas nous contacter aujourd&#039;hui et voir comment nous pouvons vous aider ?<\/span><\/p>\n<h1>Voix off DJ professionnelles<\/h1>\n<p><span style=\"font-weight: 400;\">Ici \u00e0 Radio Jingles 24, nous livrons totalement distinctif <\/span><a href=\"https:\/\/radiojingles24.com\/fr\/categorie-produit\/dj-drops\/\"><span style=\"font-weight: 400;\">voix off DJ<\/span><\/a><span style=\"font-weight: 400;\"> pour les clients du Royaume-Uni et des \u00c9tats-Unis. Nous proposons deux forfaits diff\u00e9rents, qui peuvent tous deux vous aider \u00e0 obtenir une voix off unique qui garantira l&#039;engagement de votre public. Votre audio sera enregistr\u00e9 dans notre Pro Studio \u00e0 l&#039;aide d&#039;un acteur vocal de votre choix. Tous nos acteurs de la voix sont dans cette industrie depuis de nombreuses ann\u00e9es, devenant des professionnels de premier plan dans le m\u00e9tier et peuvent ajouter une touche originale \u00e0 votre d\u00e9cor. C&#039;est une excellente occasion pour vous d&#039;\u00e9tendre votre port\u00e9e cr\u00e9ative \u00e0 un prix abordable et de soutenir la croissance de votre carri\u00e8re.<\/span><\/p>\n<p><span style=\"font-weight: 400;\">Vous avez le choix entre deux forfaits en ce qui concerne les voix off DJ. Cela inclut le <\/span><a href=\"https:\/\/radiojingles24.com\/fr\/produit\/essential-dj-pack\/\"><span style=\"font-weight: 400;\">Pack DJ essentiel<\/span><\/a><span style=\"font-weight: 400;\"> o\u00f9 vous pouvez recevoir 3 gouttes avec des effets vocaux et nous pouvons \u00e9galement vous envoyer des copies s\u00e8ches, vous donnant 6 fichiers audio au total. Alternativement, nous avons le <\/span><a href=\"https:\/\/radiojingles24.com\/fr\/produit\/pro-dj-drop-pack\/\"><span style=\"font-weight: 400;\">Pack Pro DJ Drop<\/span><\/a><span style=\"font-weight: 400;\">. Avec ce service particulier, vous pouvez recevoir deux gouttes DJ enti\u00e8rement produites et jusqu&#039;\u00e0 10 secondes avec de la musique, des effets sonores et des effets vocaux. Vous recevrez \u00e9galement les copies s\u00e8ches, vous permettant de gagner 10 fichiers audio diff\u00e9rents.<\/span><\/p>\n<p><span style=\"font-weight: 400;\">Pour les deux forfaits, vous aurez la chance d&#039;\u00e9couter chacun de nos com\u00e9diens afin de d\u00e9cider quelle voix correspond \u00e0 votre set. \u00c0 partir de l\u00e0, vous devrez nous fournir un script final ainsi que toutes les sp\u00e9cifications que vous avez pour nous. Une fois que cela a \u00e9t\u00e9 \u00e9tabli, nous pouvons commencer sur vos voix off DJ.<\/span><\/p>\n<h2><b>Pourquoi choisir Radio Jingles 24?<\/b><\/h2>\n<p><span style=\"font-weight: 400;\">En tant que fournisseur leader de gouttes DJ de qualit\u00e9, nous garantissons que vos voix off DJ seront ma\u00eetris\u00e9es et compl\u00e9t\u00e9es selon les normes les plus \u00e9lev\u00e9es possibles. Non seulement ils d\u00e9passeront vos attentes, mais ils peuvent aider \u00e0 garder votre public engag\u00e9 tout au long de votre set. \u00c0 son tour, cela peut augmenter votre base de fans et finalement \u00e9largir vos horizons. En raison du fait que les services sont rapides et \u00e0 des prix comp\u00e9titifs, nous pensons que cela vous aidera \u00e0 introduire les voix off dans votre ensemble rapidement, sans aucun retard inutile. En cr\u00e9ant un set de DJ de qualit\u00e9 et une voix off amusante, vous pouvez potentiellement obtenir des opportunit\u00e9s d&#039;emploi passionnantes, vous pouvez donc \u00eatre s\u00fbr de savoir que vous faites le bon investissement avec nous.<\/span><\/p>\n<p><span style=\"font-weight: 400;\">Pour en savoir plus sur nos services de voix off DJ, n&#039;h\u00e9sitez pas \u00e0 <\/span><a href=\"https:\/\/radiojingles24.com\/fr\/contact-us\/\"><span style=\"font-weight: 400;\">Nous contacter<\/span><\/a><span style=\"font-weight: 400;\"> aujourd&#039;hui et nous serons plus qu&#039;heureux de discuter de vos sp\u00e9cifications particuli\u00e8res. Pour toute demande de renseignements, n&#039;h\u00e9sitez pas \u00e0 nous appeler sur notre num\u00e9ro britannique, +44 (0) 113 534 6686 ou notre num\u00e9ro am\u00e9ricain, +1 (212) 710-1350 et notre \u00e9quipe de service client vous contactera sous peu pour vous aider. . Alternativement, vous pouvez nous envoyer un e-mail en utilisant <\/span><a href=\"mailto:info@radiojingles24.com\"><span style=\"font-weight: 400;\">info@radiojingles24.com<\/span><\/a><span style=\"font-weight: 400;\"> et nous pouvons vous fournir toutes les informations compl\u00e9mentaires dont vous avez besoin.\u00a0<\/span><\/p>","protected":false},"excerpt":{"rendered":"<p>Are you trying to find professional DJ voice overs? Welcome to Radio Jingles 24, we are a specialist company that can provide exceptional DJ drops&#8230;<\/p>","protected":false},"author":1,"featured_media":0,"parent":0,"menu_order":0,"comment_status":"closed","ping_status":"closed","template":"","meta":{"_exactmetrics_skip_tracking":false,"_exactmetrics_sitenote_active":false,"_exactmetrics_sitenote_note":"","_exactmetrics_sitenote_category":0,"footnotes":""},"class_list":["post-29931","page","type-page","status-publish"],"yoast_head":"<!-- This site is optimized with the Yoast SEO plugin v26.8 - https:\/\/yoast.com\/product\/yoast-seo-wordpress\/ -->\n<title>Radio Jingles 24: Radio Jingles | DJ Drops | Podcast Intros | Sung Jingles<\/title>\n<meta name=\"description\" content=\"Radio Jingles, Sung Jingles, DJ Drops, and Podcast Intros for commercial, community and internet radio stations. UK Based. Prices from \u00a35. Order online.\" \/>\n<meta name=\"robots\" content=\"index, follow, max-snippet:-1, max-image-preview:large, max-video-preview:-1\" \/>\n<link rel=\"canonical\" href=\"https:\/\/radiojingles24.com\/fr\/professional-dj-voice-overs\/\" \/>\n<meta property=\"og:locale\" content=\"fr_FR\" \/>\n<meta property=\"og:type\" content=\"article\" \/>\n<meta property=\"og:title\" content=\"Radio Jingles 24: Radio Jingles | DJ Drops | Podcast Intros | Sung Jingles\" \/>\n<meta property=\"og:description\" content=\"Radio Jingles, Sung Jingles, DJ Drops, and Podcast Intros for commercial, community and internet radio stations. UK Based. Prices from \u00a35. Order online.\" \/>\n<meta property=\"og:url\" content=\"https:\/\/radiojingles24.com\/fr\/professional-dj-voice-overs\/\" \/>\n<meta property=\"og:site_name\" content=\"Radio Jingles 24: Radio Jingles | DJ Drops | Podcast Intros | Sung Jingles\" \/>\n<meta property=\"article:publisher\" content=\"https:\/\/www.facebook.com\/radiojingles24\/\" \/>\n<meta name=\"twitter:card\" content=\"summary_large_image\" \/>\n<meta name=\"twitter:site\" content=\"@radiojingles24\" \/>\n<meta name=\"twitter:label1\" content=\"Dur\u00e9e de lecture estim\u00e9e\" \/>\n\t<meta name=\"twitter:data1\" content=\"3 minutes\" \/>\n<script type=\"application\/ld+json\" class=\"yoast-schema-graph\">{\"@context\":\"https:\/\/schema.org\",\"@graph\":[{\"@type\":\"WebPage\",\"@id\":\"https:\/\/radiojingles24.com\/es\/professional-dj-voice-overs\/\",\"url\":\"https:\/\/radiojingles24.com\/es\/professional-dj-voice-overs\/\",\"name\":\"Radio Jingles 24: Radio Jingles | DJ Drops | Podcast Intros | Sung Jingles\",\"isPartOf\":{\"@id\":\"https:\/\/radiojingles24.com\/#website\"},\"datePublished\":\"2020-09-29T15:03:04+00:00\",\"description\":\"Radio Jingles, Sung Jingles, DJ Drops, and Podcast Intros for commercial, community and internet radio stations. UK Based. Prices from \u00a35. Order online.\",\"breadcrumb\":{\"@id\":\"https:\/\/radiojingles24.com\/es\/professional-dj-voice-overs\/#breadcrumb\"},\"inLanguage\":\"fr-FR\",\"potentialAction\":[{\"@type\":\"ReadAction\",\"target\":[\"https:\/\/radiojingles24.com\/es\/professional-dj-voice-overs\/\"]}]},{\"@type\":\"BreadcrumbList\",\"@id\":\"https:\/\/radiojingles24.com\/es\/professional-dj-voice-overs\/#breadcrumb\",\"itemListElement\":[{\"@type\":\"ListItem\",\"position\":1,\"name\":\"Home\",\"item\":\"https:\/\/radiojingles24.com\/de\/\"},{\"@type\":\"ListItem\",\"position\":2,\"name\":\"Professional DJ Voice Overs\"}]},{\"@type\":\"WebSite\",\"@id\":\"https:\/\/radiojingles24.com\/#website\",\"url\":\"https:\/\/radiojingles24.com\/\",\"name\":\"Radio Jingles 24: Radio Jingles | DJ Drops | Podcast Intros | Sung Jingles\",\"description\":\"Radio Jingles, Sung Jingles, DJ Drops, and Podcast Intros for commercial, community and internet radio stations. UK Based. Prices from \u00a35. Order online.\",\"publisher\":{\"@id\":\"https:\/\/radiojingles24.com\/#organization\"},\"potentialAction\":[{\"@type\":\"SearchAction\",\"target\":{\"@type\":\"EntryPoint\",\"urlTemplate\":\"https:\/\/radiojingles24.com\/?s={search_term_string}\"},\"query-input\":{\"@type\":\"PropertyValueSpecification\",\"valueRequired\":true,\"valueName\":\"search_term_string\"}}],\"inLanguage\":\"fr-FR\"},{\"@type\":\"Organization\",\"@id\":\"https:\/\/radiojingles24.com\/#organization\",\"name\":\"Radio Jingles 24\",\"url\":\"https:\/\/radiojingles24.com\/\",\"logo\":{\"@type\":\"ImageObject\",\"inLanguage\":\"fr-FR\",\"@id\":\"https:\/\/radiojingles24.com\/#\/schema\/logo\/image\/\",\"url\":\"https:\/\/radiojingles24.com\/wp-content\/uploads\/2019\/11\/RadioJingle1-1.jpg\",\"contentUrl\":\"https:\/\/radiojingles24.com\/wp-content\/uploads\/2019\/11\/RadioJingle1-1.jpg\",\"width\":512,\"height\":158,\"caption\":\"Radio Jingles 24\"},\"image\":{\"@id\":\"https:\/\/radiojingles24.com\/#\/schema\/logo\/image\/\"},\"sameAs\":[\"https:\/\/www.facebook.com\/radiojingles24\/\",\"https:\/\/x.com\/radiojingles24\"]}]}<\/script>\n<!-- \/ Yoast SEO plugin. -->","yoast_head_json":{"title":"Radio Jingles 24: Radio Jingles | DJ Drops | Podcast Intros | Jingles chant\u00e9s","description":"Radio Jingles, Sung Jingles, DJ Drops et Podcast Intros pour les stations de radio commerciales, communautaires et Internet. Bas\u00e9 au Royaume-Uni. Prix \u00e0 partir de 5 \u00a3. Commander en ligne.","robots":{"index":"index","follow":"follow","max-snippet":"max-snippet:-1","max-image-preview":"max-image-preview:large","max-video-preview":"max-video-preview:-1"},"canonical":"https:\/\/radiojingles24.com\/fr\/professional-dj-voice-overs\/","og_locale":"fr_FR","og_type":"article","og_title":"Radio Jingles 24: Radio Jingles | DJ Drops | Podcast Intros | Sung Jingles","og_description":"Radio Jingles, Sung Jingles, DJ Drops, and Podcast Intros for commercial, community and internet radio stations. UK Based. Prices from \u00a35. Order online.","og_url":"https:\/\/radiojingles24.com\/fr\/professional-dj-voice-overs\/","og_site_name":"Radio Jingles 24: Radio Jingles | DJ Drops | Podcast Intros | Sung Jingles","article_publisher":"https:\/\/www.facebook.com\/radiojingles24\/","twitter_card":"summary_large_image","twitter_site":"@radiojingles24","twitter_misc":{"Dur\u00e9e de lecture estim\u00e9e":"3 minutes"},"schema":{"@context":"https:\/\/schema.org","@graph":[{"@type":"WebPage","@id":"https:\/\/radiojingles24.com\/es\/professional-dj-voice-overs\/","url":"https:\/\/radiojingles24.com\/es\/professional-dj-voice-overs\/","name":"Radio Jingles 24: Radio Jingles | DJ Drops | Podcast Intros | Jingles chant\u00e9s","isPartOf":{"@id":"https:\/\/radiojingles24.com\/#website"},"datePublished":"2020-09-29T15:03:04+00:00","description":"Radio Jingles, Sung Jingles, DJ Drops et Podcast Intros pour les stations de radio commerciales, communautaires et Internet. Bas\u00e9 au Royaume-Uni. Prix \u00e0 partir de 5 \u00a3. Commander en ligne.","breadcrumb":{"@id":"https:\/\/radiojingles24.com\/es\/professional-dj-voice-overs\/#breadcrumb"},"inLanguage":"fr-FR","potentialAction":[{"@type":"ReadAction","target":["https:\/\/radiojingles24.com\/es\/professional-dj-voice-overs\/"]}]},{"@type":"BreadcrumbList","@id":"https:\/\/radiojingles24.com\/es\/professional-dj-voice-overs\/#breadcrumb","itemListElement":[{"@type":"ListItem","position":1,"name":"Home","item":"https:\/\/radiojingles24.com\/de\/"},{"@type":"ListItem","position":2,"name":"Professional DJ Voice Overs"}]},{"@type":"WebSite","@id":"https:\/\/radiojingles24.com\/#website","url":"https:\/\/radiojingles24.com\/","name":"Radio Jingles 24: Radio Jingles | DJ Drops | Podcast Intros | Jingles chant\u00e9s","description":"Radio Jingles, Sung Jingles, DJ Drops et Podcast Intros pour les stations de radio commerciales, communautaires et Internet. Bas\u00e9 au Royaume-Uni. Prix \u00e0 partir de 5 \u00a3. Commander en ligne.","publisher":{"@id":"https:\/\/radiojingles24.com\/#organization"},"potentialAction":[{"@type":"SearchAction","target":{"@type":"EntryPoint","urlTemplate":"https:\/\/radiojingles24.com\/?s={search_term_string}"},"query-input":{"@type":"PropertyValueSpecification","valueRequired":true,"valueName":"search_term_string"}}],"inLanguage":"fr-FR"},{"@type":"Organization","@id":"https:\/\/radiojingles24.com\/#organization","name":"Radio Jingles 24","url":"https:\/\/radiojingles24.com\/","logo":{"@type":"ImageObject","inLanguage":"fr-FR","@id":"https:\/\/radiojingles24.com\/#\/schema\/logo\/image\/","url":"https:\/\/radiojingles24.com\/wp-content\/uploads\/2019\/11\/RadioJingle1-1.jpg","contentUrl":"https:\/\/radiojingles24.com\/wp-content\/uploads\/2019\/11\/RadioJingle1-1.jpg","width":512,"height":158,"caption":"Radio Jingles 24"},"image":{"@id":"https:\/\/radiojingles24.com\/#\/schema\/logo\/image\/"},"sameAs":["https:\/\/www.facebook.com\/radiojingles24\/","https:\/\/x.com\/radiojingles24"]}]}},"jetpack_sharing_enabled":true,"_links":{"self":[{"href":"https:\/\/radiojingles24.com\/fr\/wp-json\/wp\/v2\/pages\/29931","targetHints":{"allow":["GET"]}}],"collection":[{"href":"https:\/\/radiojingles24.com\/fr\/wp-json\/wp\/v2\/pages"}],"about":[{"href":"https:\/\/radiojingles24.com\/fr\/wp-json\/wp\/v2\/types\/page"}],"author":[{"embeddable":true,"href":"https:\/\/radiojingles24.com\/fr\/wp-json\/wp\/v2\/users\/1"}],"replies":[{"embeddable":true,"href":"https:\/\/radiojingles24.com\/fr\/wp-json\/wp\/v2\/comments?post=29931"}],"version-history":[{"count":1,"href":"https:\/\/radiojingles24.com\/fr\/wp-json\/wp\/v2\/pages\/29931\/revisions"}],"predecessor-version":[{"id":29932,"href":"https:\/\/radiojingles24.com\/fr\/wp-json\/wp\/v2\/pages\/29931\/revisions\/29932"}],"wp:attachment":[{"href":"https:\/\/radiojingles24.com\/fr\/wp-json\/wp\/v2\/media?parent=29931"}],"curies":[{"name":"wp","href":"https:\/\/api.w.org\/{rel}","templated":true}]}}