{"id":30042,"date":"2020-10-06T15:55:59","date_gmt":"2020-10-06T15:55:59","guid":{"rendered":"https:\/\/radiojingles24.com\/affiliate-area-copy\/"},"modified":"2020-10-06T17:12:58","modified_gmt":"2020-10-06T17:12:58","slug":"affiliates","status":"publish","type":"page","link":"https:\/\/radiojingles24.com\/fr\/affiliates\/","title":{"rendered":"Affili\u00e9s"},"content":{"rendered":"<h2 style=\"text-align: center;\">Envie de rejoindre notre \u00e9quipe?<\/h2>\n<p style=\"text-align: center;\">L&#039;adh\u00e9sion en tant qu&#039;affili\u00e9 \u00e0 Radio Jingles 24 est gratuite.<br \/>\nNous payons des commissions pour TOUTES les ventes que vous r\u00e9f\u00e9rez.<br \/>\nGagnez une commission de 5% sur TOUTES les ventes de produits!<\/p>\n<p><a href=\"https:\/\/radiojingles24.com\/fr\/affiliate-area\/\"><img decoding=\"async\" class=\"size-medium wp-image-30065 aligncenter\" src=\"https:\/\/radiojingles24.com\/wp-content\/uploads\/2020\/10\/button_click-here-to-register-login-300x38.png\" alt=\"\" width=\"300\" height=\"38\" srcset=\"https:\/\/radiojingles24.com\/wp-content\/uploads\/2020\/10\/button_click-here-to-register-login-300x38.png 300w, https:\/\/radiojingles24.com\/wp-content\/uploads\/2020\/10\/button_click-here-to-register-login.png 517w\" sizes=\"(max-width: 300px) 100vw, 300px\" \/><\/a><\/p>\n<p>&nbsp;<\/p>\n<ul>\n<li>Nous payons 5% sur toutes les ventes que vous nous r\u00e9f\u00e9rez, vous contribuez \u00e0 faire conna\u00eetre Radio Jingles 24 et nous vous en r\u00e9compenserons!<\/li>\n<li>Nous avons des conversions \u00e9lev\u00e9es ici, et si vous envoyez des DJ, des pr\u00e9sentateurs, des animateurs de podcast, la direction de la radio vers nous, il y a de fortes chances qu&#039;ils ach\u00e8tent quelque chose et vous obtiendrez une commission!<\/li>\n<li>Si un client vient de votre site vers le n\u00f4tre, tant qu&#039;il revient dans les 30 jours, vous obtiendrez un cr\u00e9dit!<\/li>\n<li>Il ne vous reste plus qu&#039;\u00e0 vous inscrire, vous aurez alors acc\u00e8s \u00e0 un tableau de bord personnalis\u00e9 qui suivra toutes vos filleuls!<\/li>\n<li>Vous avez \u00e9galement acc\u00e8s \u00e0 des banni\u00e8res que vous pouvez afficher sur votre site Web avec votre adresse de r\u00e9f\u00e9rence unique, donc quand quelqu&#039;un clique sur la banni\u00e8re et ach\u00e8te sur notre site, vous obtenez la commission!<\/li>\n<\/ul>\n<p>&nbsp;<\/p>\n<p><strong>Comment \u00e7a marche?<\/strong><\/p>\n<ol>\n<li>Un visiteur clique sur un lien d&#039;affiliation sur votre site Web ou dans un e-mail.<\/li>\n<li>L&#039;adresse IP des visiteurs est enregistr\u00e9e et un cookie est plac\u00e9 dans leur navigateur \u00e0 des fins de suivi.<\/li>\n<li>Le visiteur navigue sur notre site, et d\u00e9cide de passer commande.<\/li>\n<li>Si le visiteur commande, la commande sera enregistr\u00e9e comme une vente pour vous.<\/li>\n<li>Nous examinerons et approuverons la vente.<\/li>\n<li>Vous recevrez des paiements de commission.<\/li>\n<\/ol>\n<p>&nbsp;<\/p>\n<p><strong>termes et conditions<\/strong><\/p>\n<p>Nous payons le ou vers le 1er de chaque mois, vous devez avoir au moins 30 \u00a3 de cr\u00e9dit pour \u00eatre \u00e9ligible au paiement, et vous devez avoir des r\u00e9f\u00e9rences d&#039;au moins 2 personnes diff\u00e9rentes.<\/p>\n<p>&nbsp;<\/p>","protected":false},"excerpt":{"rendered":"<p>Vous voulez rejoindre notre \u00e9quipe ? Il n&#039;y a aucun frais pour devenir affili\u00e9 \u00e0 Radio Jingles 24. Nous payons des commissions pour TOUTES les ventes que vous parrainez\u2026.<\/p>","protected":false},"author":1,"featured_media":0,"parent":0,"menu_order":0,"comment_status":"closed","ping_status":"closed","template":"","meta":{"_exactmetrics_skip_tracking":false,"_exactmetrics_sitenote_active":false,"_exactmetrics_sitenote_note":"","_exactmetrics_sitenote_category":0,"footnotes":""},"class_list":["post-30042","page","type-page","status-publish"],"yoast_head":"<!-- This site is optimized with the Yoast SEO plugin v26.8 - https:\/\/yoast.com\/product\/yoast-seo-wordpress\/ -->\n<title>Radio Jingles 24: Radio Jingles | DJ Drops | Podcast Intros | Sung Jingles<\/title>\n<meta name=\"description\" content=\"Radio Jingles, Sung Jingles, DJ Drops, and Podcast Intros for commercial, community and internet radio stations. UK Based. Prices from \u00a35. Order online.\" \/>\n<meta name=\"robots\" content=\"index, follow, max-snippet:-1, max-image-preview:large, max-video-preview:-1\" \/>\n<link rel=\"canonical\" href=\"https:\/\/radiojingles24.com\/fr\/affiliates\/\" \/>\n<meta property=\"og:locale\" content=\"fr_FR\" \/>\n<meta property=\"og:type\" content=\"article\" \/>\n<meta property=\"og:title\" content=\"Radio Jingles 24: Radio Jingles | DJ Drops | Podcast Intros | Sung Jingles\" \/>\n<meta property=\"og:description\" content=\"Radio Jingles, Sung Jingles, DJ Drops, and Podcast Intros for commercial, community and internet radio stations. UK Based. Prices from \u00a35. Order online.\" \/>\n<meta property=\"og:url\" content=\"https:\/\/radiojingles24.com\/fr\/affiliates\/\" \/>\n<meta property=\"og:site_name\" content=\"Radio Jingles 24: Radio Jingles | DJ Drops | Podcast Intros | Sung Jingles\" \/>\n<meta property=\"article:publisher\" content=\"https:\/\/www.facebook.com\/radiojingles24\/\" \/>\n<meta property=\"article:modified_time\" content=\"2020-10-06T17:12:58+00:00\" \/>\n<meta property=\"og:image\" content=\"https:\/\/radiojingles24.com\/wp-content\/uploads\/2020\/10\/button_click-here-to-register-login-300x38.png\" \/>\n<meta name=\"twitter:card\" content=\"summary_large_image\" \/>\n<meta name=\"twitter:site\" content=\"@radiojingles24\" \/>\n<meta name=\"twitter:label1\" content=\"Dur\u00e9e de lecture estim\u00e9e\" \/>\n\t<meta name=\"twitter:data1\" content=\"1 minute\" \/>\n<script type=\"application\/ld+json\" class=\"yoast-schema-graph\">{\"@context\":\"https:\/\/schema.org\",\"@graph\":[{\"@type\":\"WebPage\",\"@id\":\"https:\/\/radiojingles24.com\/de\/affiliates\/\",\"url\":\"https:\/\/radiojingles24.com\/de\/affiliates\/\",\"name\":\"Radio Jingles 24: Radio Jingles | DJ Drops | Podcast Intros | Sung Jingles\",\"isPartOf\":{\"@id\":\"https:\/\/radiojingles24.com\/#website\"},\"primaryImageOfPage\":{\"@id\":\"https:\/\/radiojingles24.com\/de\/affiliates\/#primaryimage\"},\"image\":{\"@id\":\"https:\/\/radiojingles24.com\/de\/affiliates\/#primaryimage\"},\"thumbnailUrl\":\"https:\/\/radiojingles24.com\/wp-content\/uploads\/2020\/10\/button_click-here-to-register-login-300x38.png\",\"datePublished\":\"2020-10-06T15:55:59+00:00\",\"dateModified\":\"2020-10-06T17:12:58+00:00\",\"description\":\"Radio Jingles, Sung Jingles, DJ Drops, and Podcast Intros for commercial, community and internet radio stations. UK Based. Prices from \u00a35. Order online.\",\"breadcrumb\":{\"@id\":\"https:\/\/radiojingles24.com\/de\/affiliates\/#breadcrumb\"},\"inLanguage\":\"fr-FR\",\"potentialAction\":[{\"@type\":\"ReadAction\",\"target\":[\"https:\/\/radiojingles24.com\/de\/affiliates\/\"]}]},{\"@type\":\"ImageObject\",\"inLanguage\":\"fr-FR\",\"@id\":\"https:\/\/radiojingles24.com\/de\/affiliates\/#primaryimage\",\"url\":\"https:\/\/radiojingles24.com\/wp-content\/uploads\/2020\/10\/button_click-here-to-register-login-300x38.png\",\"contentUrl\":\"https:\/\/radiojingles24.com\/wp-content\/uploads\/2020\/10\/button_click-here-to-register-login-300x38.png\"},{\"@type\":\"BreadcrumbList\",\"@id\":\"https:\/\/radiojingles24.com\/de\/affiliates\/#breadcrumb\",\"itemListElement\":[{\"@type\":\"ListItem\",\"position\":1,\"name\":\"Home\",\"item\":\"https:\/\/radiojingles24.com\/de\/\"},{\"@type\":\"ListItem\",\"position\":2,\"name\":\"Affiliates\"}]},{\"@type\":\"WebSite\",\"@id\":\"https:\/\/radiojingles24.com\/#website\",\"url\":\"https:\/\/radiojingles24.com\/\",\"name\":\"Radio Jingles 24: Radio Jingles | DJ Drops | Podcast Intros | Sung Jingles\",\"description\":\"Radio Jingles, Sung Jingles, DJ Drops, and Podcast Intros for commercial, community and internet radio stations. UK Based. Prices from \u00a35. Order online.\",\"publisher\":{\"@id\":\"https:\/\/radiojingles24.com\/#organization\"},\"potentialAction\":[{\"@type\":\"SearchAction\",\"target\":{\"@type\":\"EntryPoint\",\"urlTemplate\":\"https:\/\/radiojingles24.com\/?s={search_term_string}\"},\"query-input\":{\"@type\":\"PropertyValueSpecification\",\"valueRequired\":true,\"valueName\":\"search_term_string\"}}],\"inLanguage\":\"fr-FR\"},{\"@type\":\"Organization\",\"@id\":\"https:\/\/radiojingles24.com\/#organization\",\"name\":\"Radio Jingles 24\",\"url\":\"https:\/\/radiojingles24.com\/\",\"logo\":{\"@type\":\"ImageObject\",\"inLanguage\":\"fr-FR\",\"@id\":\"https:\/\/radiojingles24.com\/#\/schema\/logo\/image\/\",\"url\":\"https:\/\/radiojingles24.com\/wp-content\/uploads\/2019\/11\/RadioJingle1-1.jpg\",\"contentUrl\":\"https:\/\/radiojingles24.com\/wp-content\/uploads\/2019\/11\/RadioJingle1-1.jpg\",\"width\":512,\"height\":158,\"caption\":\"Radio Jingles 24\"},\"image\":{\"@id\":\"https:\/\/radiojingles24.com\/#\/schema\/logo\/image\/\"},\"sameAs\":[\"https:\/\/www.facebook.com\/radiojingles24\/\",\"https:\/\/x.com\/radiojingles24\"]}]}<\/script>\n<!-- \/ Yoast SEO plugin. -->","yoast_head_json":{"title":"Radio Jingles 24: Radio Jingles | DJ Drops | Podcast Intros | Jingles chant\u00e9s","description":"Radio Jingles, Sung Jingles, DJ Drops et Podcast Intros pour les stations de radio commerciales, communautaires et Internet. Bas\u00e9 au Royaume-Uni. Prix \u00e0 partir de 5 \u00a3. Commander en ligne.","robots":{"index":"index","follow":"follow","max-snippet":"max-snippet:-1","max-image-preview":"max-image-preview:large","max-video-preview":"max-video-preview:-1"},"canonical":"https:\/\/radiojingles24.com\/fr\/affiliates\/","og_locale":"fr_FR","og_type":"article","og_title":"Radio Jingles 24: Radio Jingles | DJ Drops | Podcast Intros | Sung Jingles","og_description":"Radio Jingles, Sung Jingles, DJ Drops, and Podcast Intros for commercial, community and internet radio stations. UK Based. Prices from \u00a35. Order online.","og_url":"https:\/\/radiojingles24.com\/fr\/affiliates\/","og_site_name":"Radio Jingles 24: Radio Jingles | DJ Drops | Podcast Intros | Sung Jingles","article_publisher":"https:\/\/www.facebook.com\/radiojingles24\/","article_modified_time":"2020-10-06T17:12:58+00:00","og_image":[{"url":"https:\/\/radiojingles24.com\/wp-content\/uploads\/2020\/10\/button_click-here-to-register-login-300x38.png","type":"","width":"","height":""}],"twitter_card":"summary_large_image","twitter_site":"@radiojingles24","twitter_misc":{"Dur\u00e9e de lecture estim\u00e9e":"1 minute"},"schema":{"@context":"https:\/\/schema.org","@graph":[{"@type":"WebPage","@id":"https:\/\/radiojingles24.com\/de\/affiliates\/","url":"https:\/\/radiojingles24.com\/de\/affiliates\/","name":"Radio Jingles 24: Radio Jingles | DJ Drops | Podcast Intros | Jingles chant\u00e9s","isPartOf":{"@id":"https:\/\/radiojingles24.com\/#website"},"primaryImageOfPage":{"@id":"https:\/\/radiojingles24.com\/de\/affiliates\/#primaryimage"},"image":{"@id":"https:\/\/radiojingles24.com\/de\/affiliates\/#primaryimage"},"thumbnailUrl":"https:\/\/radiojingles24.com\/wp-content\/uploads\/2020\/10\/button_click-here-to-register-login-300x38.png","datePublished":"2020-10-06T15:55:59+00:00","dateModified":"2020-10-06T17:12:58+00:00","description":"Radio Jingles, Sung Jingles, DJ Drops et Podcast Intros pour les stations de radio commerciales, communautaires et Internet. Bas\u00e9 au Royaume-Uni. Prix \u00e0 partir de 5 \u00a3. Commander en ligne.","breadcrumb":{"@id":"https:\/\/radiojingles24.com\/de\/affiliates\/#breadcrumb"},"inLanguage":"fr-FR","potentialAction":[{"@type":"ReadAction","target":["https:\/\/radiojingles24.com\/de\/affiliates\/"]}]},{"@type":"ImageObject","inLanguage":"fr-FR","@id":"https:\/\/radiojingles24.com\/de\/affiliates\/#primaryimage","url":"https:\/\/radiojingles24.com\/wp-content\/uploads\/2020\/10\/button_click-here-to-register-login-300x38.png","contentUrl":"https:\/\/radiojingles24.com\/wp-content\/uploads\/2020\/10\/button_click-here-to-register-login-300x38.png"},{"@type":"BreadcrumbList","@id":"https:\/\/radiojingles24.com\/de\/affiliates\/#breadcrumb","itemListElement":[{"@type":"ListItem","position":1,"name":"Home","item":"https:\/\/radiojingles24.com\/de\/"},{"@type":"ListItem","position":2,"name":"Affiliates"}]},{"@type":"WebSite","@id":"https:\/\/radiojingles24.com\/#website","url":"https:\/\/radiojingles24.com\/","name":"Radio Jingles 24: Radio Jingles | DJ Drops | Podcast Intros | Jingles chant\u00e9s","description":"Radio Jingles, Sung Jingles, DJ Drops et Podcast Intros pour les stations de radio commerciales, communautaires et Internet. Bas\u00e9 au Royaume-Uni. Prix \u00e0 partir de 5 \u00a3. Commander en ligne.","publisher":{"@id":"https:\/\/radiojingles24.com\/#organization"},"potentialAction":[{"@type":"SearchAction","target":{"@type":"EntryPoint","urlTemplate":"https:\/\/radiojingles24.com\/?s={search_term_string}"},"query-input":{"@type":"PropertyValueSpecification","valueRequired":true,"valueName":"search_term_string"}}],"inLanguage":"fr-FR"},{"@type":"Organization","@id":"https:\/\/radiojingles24.com\/#organization","name":"Radio Jingles 24","url":"https:\/\/radiojingles24.com\/","logo":{"@type":"ImageObject","inLanguage":"fr-FR","@id":"https:\/\/radiojingles24.com\/#\/schema\/logo\/image\/","url":"https:\/\/radiojingles24.com\/wp-content\/uploads\/2019\/11\/RadioJingle1-1.jpg","contentUrl":"https:\/\/radiojingles24.com\/wp-content\/uploads\/2019\/11\/RadioJingle1-1.jpg","width":512,"height":158,"caption":"Radio Jingles 24"},"image":{"@id":"https:\/\/radiojingles24.com\/#\/schema\/logo\/image\/"},"sameAs":["https:\/\/www.facebook.com\/radiojingles24\/","https:\/\/x.com\/radiojingles24"]}]}},"jetpack_sharing_enabled":true,"_links":{"self":[{"href":"https:\/\/radiojingles24.com\/fr\/wp-json\/wp\/v2\/pages\/30042","targetHints":{"allow":["GET"]}}],"collection":[{"href":"https:\/\/radiojingles24.com\/fr\/wp-json\/wp\/v2\/pages"}],"about":[{"href":"https:\/\/radiojingles24.com\/fr\/wp-json\/wp\/v2\/types\/page"}],"author":[{"embeddable":true,"href":"https:\/\/radiojingles24.com\/fr\/wp-json\/wp\/v2\/users\/1"}],"replies":[{"embeddable":true,"href":"https:\/\/radiojingles24.com\/fr\/wp-json\/wp\/v2\/comments?post=30042"}],"version-history":[{"count":4,"href":"https:\/\/radiojingles24.com\/fr\/wp-json\/wp\/v2\/pages\/30042\/revisions"}],"predecessor-version":[{"id":30067,"href":"https:\/\/radiojingles24.com\/fr\/wp-json\/wp\/v2\/pages\/30042\/revisions\/30067"}],"wp:attachment":[{"href":"https:\/\/radiojingles24.com\/fr\/wp-json\/wp\/v2\/media?parent=30042"}],"curies":[{"name":"wp","href":"https:\/\/api.w.org\/{rel}","templated":true}]}}