{"id":35645,"date":"2020-10-12T13:49:32","date_gmt":"2020-10-12T13:49:32","guid":{"rendered":"https:\/\/radiojingles24.com\/?page_id=35645"},"modified":"2020-10-12T13:49:32","modified_gmt":"2020-10-12T13:49:32","slug":"need-unique-voice-over-jingles","status":"publish","type":"page","link":"https:\/\/radiojingles24.com\/fr\/need-unique-voice-over-jingles\/","title":{"rendered":"Besoin de jingles voix off uniques"},"content":{"rendered":"<p><span style=\"font-weight: 400;\">Avez-vous besoin de jingles de voix off uniques? Puis <\/span><a href=\"https:\/\/radiojingles24.com\/fr\/\"><span style=\"font-weight: 400;\">Radio Jingles 24<\/span><\/a><span style=\"font-weight: 400;\"> Ici pour aider. Nous cr\u00e9ons et envoyons un son de qualit\u00e9 pour chaque client avec lequel nous travaillons. Que vous soyez DJ, animateur radio, producteur commercial ou cr\u00e9ateur de podcast, nous pouvons adapter nos services en fonction de vos sp\u00e9cifications en utilisant un \u00e9quipement d&#039;enregistrement de pointe avec l&#039;aide d&#039;acteurs de voix professionnels. Nous pouvons soutenir les clients britanniques et am\u00e9ricains, leur permettant de recevoir des voix off distinctives qui repr\u00e9sentent parfaitement leur marque, afin que vous puissiez \u00eatre s\u00fbr de savoir que vous \u00eates au bon endroit.\u00a0<\/span><\/p>\n<h2>Jingles de voix off uniques<\/h2>\n<p><span style=\"font-weight: 400;\">Ici \u00e0 Radio Jingles 24, nous sommes extr\u00eamement passionn\u00e9s, ne livrant que les meilleurs audios pour <\/span><a href=\"https:\/\/radiojingles24.com\/fr\/#cat-cks\"><span style=\"font-weight: 400;\">voix off jingles<\/span><\/a><span style=\"font-weight: 400;\">. Notre \u00e9quipe peut enti\u00e8rement produire et ma\u00eetriser vos voix off au sein de notre Pro Studio qui peut ensuite vous \u00eatre envoy\u00e9e en seulement 24 heures. Ceux-ci peuvent \u00eatre utilis\u00e9s pour pr\u00e9senter votre station de radio, d\u00e9marrer votre set et g\u00e9n\u00e9ralement enthousiasmer vos auditeurs pour les \u00e9missions \u00e0 venir. Les audios peuvent \u00eatre secs ou enti\u00e8rement produits avec des formats Music Acapella ou SFX, longs ou courts selon vos besoins. Il ne vous reste plus qu&#039;\u00e0 choisir votre doubleur parmi nos <\/span><a href=\"https:\/\/radiojingles24.com\/fr\/#voices\"><span style=\"font-weight: 400;\">gamme de d\u00e9mos<\/span><\/a><span style=\"font-weight: 400;\">, puis envoyez-nous votre script avec les instructions sp\u00e9cifiques que vous souhaitez que nous suivions. \u00c0 partir de l\u00e0, nous pouvons commencer \u00e0 cr\u00e9er vos audios.<\/span><\/p>\n<p><span style=\"font-weight: 400;\">Au fil des ans, les jingles de voix off ont \u00e9t\u00e9 utilis\u00e9s par des centaines d&#039;organisations. Des publicit\u00e9s et podcasts aux \u00e9missions de radio et aux DJ sets, nous pouvons fournir des audios qui font parfaitement la promotion de votre marque, vous permettant aux consommateurs de rester int\u00e9ress\u00e9s et engag\u00e9s dans ce que vous essayez de promouvoir. Ils peuvent non seulement \u00e9lever votre entreprise, mais peuvent aussi raconter votre histoire de mani\u00e8re engageante. Que vous souhaitiez recevoir <\/span><a href=\"https:\/\/radiojingles24.com\/fr\/produit\/spoken-audio\/\"><span style=\"font-weight: 400;\">parl\u00e9<\/span><\/a><span style=\"font-weight: 400;\">, ou alors <\/span><a href=\"https:\/\/radiojingles24.com\/fr\/produit\/sung-audio\/\"><span style=\"font-weight: 400;\">voix off chant\u00e9es<\/span><\/a><span style=\"font-weight: 400;\">, nous pouvons livrer vos audios dans une vari\u00e9t\u00e9 de fichiers, y compris MP3, AIFF ou HQ WAVE. Nos services sont 100% libres de droits et produits avec une qualit\u00e9 exceptionnelle utilisable pour les ann\u00e9es \u00e0 venir.<\/span><\/p>\n<h2><b>Pourquoi choisir Radio Jingles 24?<\/b><\/h2>\n<p><span style=\"font-weight: 400;\">En tant que fournisseur leader d&#039;audios uniques, nous pouvons fournir des services professionnels totalement uniques. \u00c0 l&#039;aide de vos instructions, nous pouvons cr\u00e9er des jingles de voix off avec diff\u00e9rentes expressions, accents et voix qui vous aident \u00e0 vous d\u00e9marquer des autres. Nous pouvons enregistrer, produire, \u00e9diter et ma\u00eetriser vos audios du d\u00e9but \u00e0 la fin, vous aidant \u00e0 cr\u00e9er une impression durable sur vos auditeurs. Avec nos voix off passionnantes, amusantes et engageantes, nous garantissons que vos attentes seront d\u00e9pass\u00e9es, tout en fid\u00e9lisant vos consommateurs \u00e0 tout moment.\u00a0<\/span><\/p>\n<p><span style=\"font-weight: 400;\">Donc, si vous avez besoin de jingles voix off, n&#039;h\u00e9sitez pas \u00e0 <\/span><a href=\"https:\/\/radiojingles24.com\/fr\/contact-us\/\"><span style=\"font-weight: 400;\">Nous contacter<\/span><\/a><span style=\"font-weight: 400;\"> aujourd&#039;hui et nous serons plus qu&#039;heureux de vous fournir des audios professionnels et personnalis\u00e9s que nous savons que vous allez adorer. Pour toute demande de renseignements, n&#039;h\u00e9sitez pas \u00e0 nous appeler via notre num\u00e9ro am\u00e9ricain, +1 (212) 710-1350 ou utilisez notre num\u00e9ro britannique, +44 (0) 113 5346686 et notre service client vous contactera pour r\u00e9pondre \u00e0 vos questions. . Alternativement, vous pouvez nous envoyer un e-mail en utilisant <\/span><a href=\"mailto:info@radiojingles24.com\"><span style=\"font-weight: 400;\">info@radiojingles24.com<\/span><\/a><span style=\"font-weight: 400;\"> et nous pouvons vous fournir toutes les informations compl\u00e9mentaires dont vous avez besoin.\u00a0<\/span><\/p>","protected":false},"excerpt":{"rendered":"<p>Avez-vous besoin d&#039;une voix unique sur des jingles? Alors Radio Jingles 24 ici pour vous aider. Nous cr\u00e9ons et envoyons un son de qualit\u00e9 pour chaque client sur lequel nous travaillons\u2026<\/p>","protected":false},"author":1,"featured_media":0,"parent":0,"menu_order":0,"comment_status":"closed","ping_status":"closed","template":"","meta":{"_exactmetrics_skip_tracking":false,"_exactmetrics_sitenote_active":false,"_exactmetrics_sitenote_note":"","_exactmetrics_sitenote_category":0,"footnotes":""},"class_list":["post-35645","page","type-page","status-publish"],"yoast_head":"<!-- This site is optimized with the Yoast SEO plugin v26.8 - https:\/\/yoast.com\/product\/yoast-seo-wordpress\/ -->\n<title>Radio Jingles 24: Radio Jingles | DJ Drops | Podcast Intros | Sung Jingles<\/title>\n<meta name=\"description\" content=\"Radio Jingles, Sung Jingles, DJ Drops, and Podcast Intros for commercial, community and internet radio stations. UK Based. Prices from \u00a35. Order online.\" \/>\n<meta name=\"robots\" content=\"index, follow, max-snippet:-1, max-image-preview:large, max-video-preview:-1\" \/>\n<link rel=\"canonical\" href=\"https:\/\/radiojingles24.com\/fr\/need-unique-voice-over-jingles\/\" \/>\n<meta property=\"og:locale\" content=\"fr_FR\" \/>\n<meta property=\"og:type\" content=\"article\" \/>\n<meta property=\"og:title\" content=\"Radio Jingles 24: Radio Jingles | DJ Drops | Podcast Intros | Sung Jingles\" \/>\n<meta property=\"og:description\" content=\"Radio Jingles, Sung Jingles, DJ Drops, and Podcast Intros for commercial, community and internet radio stations. UK Based. Prices from \u00a35. Order online.\" \/>\n<meta property=\"og:url\" content=\"https:\/\/radiojingles24.com\/fr\/need-unique-voice-over-jingles\/\" \/>\n<meta property=\"og:site_name\" content=\"Radio Jingles 24: Radio Jingles | DJ Drops | Podcast Intros | Sung Jingles\" \/>\n<meta property=\"article:publisher\" content=\"https:\/\/www.facebook.com\/radiojingles24\/\" \/>\n<meta name=\"twitter:card\" content=\"summary_large_image\" \/>\n<meta name=\"twitter:site\" content=\"@radiojingles24\" \/>\n<meta name=\"twitter:label1\" content=\"Dur\u00e9e de lecture estim\u00e9e\" \/>\n\t<meta name=\"twitter:data1\" content=\"3 minutes\" \/>\n<script type=\"application\/ld+json\" class=\"yoast-schema-graph\">{\"@context\":\"https:\/\/schema.org\",\"@graph\":[{\"@type\":\"WebPage\",\"@id\":\"https:\/\/radiojingles24.com\/need-unique-voice-over-jingles\/\",\"url\":\"https:\/\/radiojingles24.com\/need-unique-voice-over-jingles\/\",\"name\":\"Radio Jingles 24: Radio Jingles | DJ Drops | Podcast Intros | Sung Jingles\",\"isPartOf\":{\"@id\":\"https:\/\/radiojingles24.com\/#website\"},\"datePublished\":\"2020-10-12T13:49:32+00:00\",\"description\":\"Radio Jingles, Sung Jingles, DJ Drops, and Podcast Intros for commercial, community and internet radio stations. UK Based. Prices from \u00a35. Order online.\",\"breadcrumb\":{\"@id\":\"https:\/\/radiojingles24.com\/need-unique-voice-over-jingles\/#breadcrumb\"},\"inLanguage\":\"fr-FR\",\"potentialAction\":[{\"@type\":\"ReadAction\",\"target\":[\"https:\/\/radiojingles24.com\/need-unique-voice-over-jingles\/\"]}]},{\"@type\":\"BreadcrumbList\",\"@id\":\"https:\/\/radiojingles24.com\/need-unique-voice-over-jingles\/#breadcrumb\",\"itemListElement\":[{\"@type\":\"ListItem\",\"position\":1,\"name\":\"Home\",\"item\":\"https:\/\/radiojingles24.com\/de\/\"},{\"@type\":\"ListItem\",\"position\":2,\"name\":\"Need Unique Voice over Jingles\"}]},{\"@type\":\"WebSite\",\"@id\":\"https:\/\/radiojingles24.com\/#website\",\"url\":\"https:\/\/radiojingles24.com\/\",\"name\":\"Radio Jingles 24: Radio Jingles | DJ Drops | Podcast Intros | Sung Jingles\",\"description\":\"Radio Jingles, Sung Jingles, DJ Drops, and Podcast Intros for commercial, community and internet radio stations. UK Based. Prices from \u00a35. Order online.\",\"publisher\":{\"@id\":\"https:\/\/radiojingles24.com\/#organization\"},\"potentialAction\":[{\"@type\":\"SearchAction\",\"target\":{\"@type\":\"EntryPoint\",\"urlTemplate\":\"https:\/\/radiojingles24.com\/?s={search_term_string}\"},\"query-input\":{\"@type\":\"PropertyValueSpecification\",\"valueRequired\":true,\"valueName\":\"search_term_string\"}}],\"inLanguage\":\"fr-FR\"},{\"@type\":\"Organization\",\"@id\":\"https:\/\/radiojingles24.com\/#organization\",\"name\":\"Radio Jingles 24\",\"url\":\"https:\/\/radiojingles24.com\/\",\"logo\":{\"@type\":\"ImageObject\",\"inLanguage\":\"fr-FR\",\"@id\":\"https:\/\/radiojingles24.com\/#\/schema\/logo\/image\/\",\"url\":\"https:\/\/radiojingles24.com\/wp-content\/uploads\/2019\/11\/RadioJingle1-1.jpg\",\"contentUrl\":\"https:\/\/radiojingles24.com\/wp-content\/uploads\/2019\/11\/RadioJingle1-1.jpg\",\"width\":512,\"height\":158,\"caption\":\"Radio Jingles 24\"},\"image\":{\"@id\":\"https:\/\/radiojingles24.com\/#\/schema\/logo\/image\/\"},\"sameAs\":[\"https:\/\/www.facebook.com\/radiojingles24\/\",\"https:\/\/x.com\/radiojingles24\"]}]}<\/script>\n<!-- \/ Yoast SEO plugin. -->","yoast_head_json":{"title":"Radio Jingles 24: Radio Jingles | DJ Drops | Podcast Intros | Jingles chant\u00e9s","description":"Radio Jingles, Sung Jingles, DJ Drops et Podcast Intros pour les stations de radio commerciales, communautaires et Internet. Bas\u00e9 au Royaume-Uni. Prix \u00e0 partir de 5 \u00a3. Commander en ligne.","robots":{"index":"index","follow":"follow","max-snippet":"max-snippet:-1","max-image-preview":"max-image-preview:large","max-video-preview":"max-video-preview:-1"},"canonical":"https:\/\/radiojingles24.com\/fr\/need-unique-voice-over-jingles\/","og_locale":"fr_FR","og_type":"article","og_title":"Radio Jingles 24: Radio Jingles | DJ Drops | Podcast Intros | Sung Jingles","og_description":"Radio Jingles, Sung Jingles, DJ Drops, and Podcast Intros for commercial, community and internet radio stations. UK Based. Prices from \u00a35. Order online.","og_url":"https:\/\/radiojingles24.com\/fr\/need-unique-voice-over-jingles\/","og_site_name":"Radio Jingles 24: Radio Jingles | DJ Drops | Podcast Intros | Sung Jingles","article_publisher":"https:\/\/www.facebook.com\/radiojingles24\/","twitter_card":"summary_large_image","twitter_site":"@radiojingles24","twitter_misc":{"Dur\u00e9e de lecture estim\u00e9e":"3 minutes"},"schema":{"@context":"https:\/\/schema.org","@graph":[{"@type":"WebPage","@id":"https:\/\/radiojingles24.com\/need-unique-voice-over-jingles\/","url":"https:\/\/radiojingles24.com\/need-unique-voice-over-jingles\/","name":"Radio Jingles 24: Radio Jingles | DJ Drops | Podcast Intros | Jingles chant\u00e9s","isPartOf":{"@id":"https:\/\/radiojingles24.com\/#website"},"datePublished":"2020-10-12T13:49:32+00:00","description":"Radio Jingles, Sung Jingles, DJ Drops et Podcast Intros pour les stations de radio commerciales, communautaires et Internet. Bas\u00e9 au Royaume-Uni. Prix \u00e0 partir de 5 \u00a3. Commander en ligne.","breadcrumb":{"@id":"https:\/\/radiojingles24.com\/need-unique-voice-over-jingles\/#breadcrumb"},"inLanguage":"fr-FR","potentialAction":[{"@type":"ReadAction","target":["https:\/\/radiojingles24.com\/need-unique-voice-over-jingles\/"]}]},{"@type":"BreadcrumbList","@id":"https:\/\/radiojingles24.com\/need-unique-voice-over-jingles\/#breadcrumb","itemListElement":[{"@type":"ListItem","position":1,"name":"Home","item":"https:\/\/radiojingles24.com\/de\/"},{"@type":"ListItem","position":2,"name":"Need Unique Voice over Jingles"}]},{"@type":"WebSite","@id":"https:\/\/radiojingles24.com\/#website","url":"https:\/\/radiojingles24.com\/","name":"Radio Jingles 24: Radio Jingles | DJ Drops | Podcast Intros | Jingles chant\u00e9s","description":"Radio Jingles, Sung Jingles, DJ Drops et Podcast Intros pour les stations de radio commerciales, communautaires et Internet. Bas\u00e9 au Royaume-Uni. Prix \u00e0 partir de 5 \u00a3. Commander en ligne.","publisher":{"@id":"https:\/\/radiojingles24.com\/#organization"},"potentialAction":[{"@type":"SearchAction","target":{"@type":"EntryPoint","urlTemplate":"https:\/\/radiojingles24.com\/?s={search_term_string}"},"query-input":{"@type":"PropertyValueSpecification","valueRequired":true,"valueName":"search_term_string"}}],"inLanguage":"fr-FR"},{"@type":"Organization","@id":"https:\/\/radiojingles24.com\/#organization","name":"Radio Jingles 24","url":"https:\/\/radiojingles24.com\/","logo":{"@type":"ImageObject","inLanguage":"fr-FR","@id":"https:\/\/radiojingles24.com\/#\/schema\/logo\/image\/","url":"https:\/\/radiojingles24.com\/wp-content\/uploads\/2019\/11\/RadioJingle1-1.jpg","contentUrl":"https:\/\/radiojingles24.com\/wp-content\/uploads\/2019\/11\/RadioJingle1-1.jpg","width":512,"height":158,"caption":"Radio Jingles 24"},"image":{"@id":"https:\/\/radiojingles24.com\/#\/schema\/logo\/image\/"},"sameAs":["https:\/\/www.facebook.com\/radiojingles24\/","https:\/\/x.com\/radiojingles24"]}]}},"jetpack_sharing_enabled":true,"_links":{"self":[{"href":"https:\/\/radiojingles24.com\/fr\/wp-json\/wp\/v2\/pages\/35645","targetHints":{"allow":["GET"]}}],"collection":[{"href":"https:\/\/radiojingles24.com\/fr\/wp-json\/wp\/v2\/pages"}],"about":[{"href":"https:\/\/radiojingles24.com\/fr\/wp-json\/wp\/v2\/types\/page"}],"author":[{"embeddable":true,"href":"https:\/\/radiojingles24.com\/fr\/wp-json\/wp\/v2\/users\/1"}],"replies":[{"embeddable":true,"href":"https:\/\/radiojingles24.com\/fr\/wp-json\/wp\/v2\/comments?post=35645"}],"version-history":[{"count":1,"href":"https:\/\/radiojingles24.com\/fr\/wp-json\/wp\/v2\/pages\/35645\/revisions"}],"predecessor-version":[{"id":35647,"href":"https:\/\/radiojingles24.com\/fr\/wp-json\/wp\/v2\/pages\/35645\/revisions\/35647"}],"wp:attachment":[{"href":"https:\/\/radiojingles24.com\/fr\/wp-json\/wp\/v2\/media?parent=35645"}],"curies":[{"name":"wp","href":"https:\/\/api.w.org\/{rel}","templated":true}]}}