{"id":35652,"date":"2020-10-12T13:51:16","date_gmt":"2020-10-12T13:51:16","guid":{"rendered":"https:\/\/radiojingles24.com\/?page_id=35652"},"modified":"2020-10-12T14:00:13","modified_gmt":"2020-10-12T14:00:13","slug":"personal-radio-station-jingles","status":"publish","type":"page","link":"https:\/\/radiojingles24.com\/fr\/personal-radio-station-jingles\/","title":{"rendered":"Vous recherchez des jingles de station de radio personnelle\u00a0?"},"content":{"rendered":"<p><span style=\"font-weight: 400;\">Vous essayez de trouver des jingles de stations de radio personnelles\u00a0? Puis <\/span><a href=\"https:\/\/radiojingles24.com\/fr\/\"><span style=\"font-weight: 400;\">Radio Jingles 24<\/span><\/a><span style=\"font-weight: 400;\"> sont \u00e0 votre disposition pour r\u00e9pondre \u00e0 vos besoins. Nous sommes une entreprise sp\u00e9cialis\u00e9e dans la cr\u00e9ation de jingles parl\u00e9s et chant\u00e9s pour les clients en seulement 24 heures. Avec une technologie de pointe et l&#039;aide de com\u00e9diens professionnels, nous pouvons vous aider \u00e0 cr\u00e9er des jingles uniques et amusants qui sont adapt\u00e9s exactement \u00e0 vos sp\u00e9cifications et \u00e0 votre public. Pour ajouter une touche personnelle suppl\u00e9mentaire au service, vous pouvez m\u00eame choisir la voix off que vous souhaitez pour votre projet. Pourquoi ne pas visiter notre gamme de voix sur notre site Web et commencer \u00e0 cr\u00e9er votre propre jingle\u00a0?<\/span><\/p>\n<h2>Jingles de station de radio personnelle<\/h2>\n<p><span style=\"font-weight: 400;\">Chez Radio Jingles 24, nous proposons des images de stations de radio rapides et faciles, des jingles de radio chant\u00e9s, des publicit\u00e9s, des podcasts audio et des DJ drops. Cela vous donne la gamme parfaite de choix pour les jingles de stations de radio, car nous pouvons cr\u00e9er des <\/span><a href=\"https:\/\/radiojingles24.com\/fr\/produit\/sung-audio\/\"><span style=\"font-weight: 400;\">Chansons<\/span><\/a><span style=\"font-weight: 400;\"> ou alors <\/span><a href=\"https:\/\/radiojingles24.com\/fr\/produit\/spoken-audio\/\"><span style=\"font-weight: 400;\">parl\u00e9<\/span><\/a><span style=\"font-weight: 400;\"> des phrases qui ne manqueront pas de rester dans l&#039;esprit de votre auditoire. Nos com\u00e9diens de doublage sont hautement qualifi\u00e9s et exp\u00e9riment\u00e9s dans le domaine, offrant des audios de qualit\u00e9. Ces voix et musiques seront enregistr\u00e9es dans notre Pro Studio, \u00e9dit\u00e9es, enti\u00e8rement produites et masteris\u00e9es selon les normes les plus \u00e9lev\u00e9es. \u00c0 partir de l\u00e0, ils peuvent \u00eatre envoy\u00e9s sous forme de fichier HQ WAVE, MP3 ou AIFF, qui vous sont tous fournis sans redevance 100%, vous offrant le meilleur rapport qualit\u00e9-prix.<\/span><\/p>\n<p><span style=\"font-weight: 400;\">Depuis notre cr\u00e9ation, nous avons soutenu un \u00e9ventail de clients de nombreux genres diff\u00e9rents. Que vous ayez une station rock, classique ou plus, nous saurons r\u00e9pondre \u00e0 vos besoins avec brio en vous offrant des services audio d\u00e9di\u00e9s et efficaces. Ce faisant, vous pouvez recevoir des audios clairs et nets qui constituent une excellente introduction \u00e0 votre \u00e9mission. Nous savons \u00e0 quel point il est important de se d\u00e9marquer de la concurrence, c&#039;est pourquoi nous travaillerons avec vous pour produire uniquement les jingles de radio les plus uniques. Tout ce que vous avez \u00e0 faire est de choisir votre acteur vocal et vous pouvez \u00e9couter leurs d\u00e9mos en ligne. \u00c0 partir de l\u00e0, vous pouvez nous envoyer votre script ainsi que les instructions sp\u00e9cifiques que vous souhaitez que nous suivions et nous pouvons ensuite ex\u00e9cuter vos demandes sans probl\u00e8me.\u00a0<\/span><\/p>\n<h2><b>Pourquoi avez-vous besoin d&#039;un jingle radio ?<\/b><\/h2>\n<p><span style=\"font-weight: 400;\">Partout dans le monde, les jingles sont utilis\u00e9s par de nombreuses organisations et marques diff\u00e9rentes. Ils int\u00e9ressent un large \u00e9ventail d&#039;auditeurs, y compris les enfants et les adultes. Avec l&#039;aide de nos experts, vous pouvez recevoir des jingles de stations de radio faciles \u00e0 m\u00e9moriser, tout en faisant la promotion de votre \u00e9mission de mani\u00e8re exceptionnelle. Vos audios peuvent \u00eatre secs ou enti\u00e8rement produits avec Music SFX, longs ou courts, selon vos sp\u00e9cifications particuli\u00e8res. Nous pouvons m\u00eame vous envoyer des formats acapella si n\u00e9cessaire, afin que vous soyez s\u00fbr d&#039;obtenir tout ce dont vous avez besoin et plus encore pour cr\u00e9er une pr\u00e9sence m\u00e9morable aupr\u00e8s de vos auditeurs.\u00a0\u00a0<\/span><\/p>\n<p><span style=\"font-weight: 400;\">Pour en savoir plus sur la r\u00e9ception d&#039;un jingle de station de radio professionnelle, n&#039;h\u00e9sitez pas \u00e0 <\/span><a href=\"https:\/\/radiojingles24.com\/fr\/contact-us\/\"><span style=\"font-weight: 400;\">Nous contacter<\/span><\/a><span style=\"font-weight: 400;\"> aujourd&#039;hui et nous serons plus qu&#039;heureux de vous fournir des audios professionnels et personnalis\u00e9s que nous savons que vous allez adorer. Pour toute demande de renseignements, n&#039;h\u00e9sitez pas \u00e0 nous appeler via notre num\u00e9ro am\u00e9ricain, +1 (212) 710-1350 ou utilisez notre num\u00e9ro britannique, +44 (0) 113 5346686 et notre service client vous contactera pour r\u00e9pondre \u00e0 vos questions. . Alternativement, vous pouvez nous envoyer un e-mail en utilisant <\/span><a href=\"mailto:info@radiojingles24.com\"><span style=\"font-weight: 400;\">info@radiojingles24.com<\/span><\/a><span style=\"font-weight: 400;\"> et nous pouvons vous fournir toutes les informations compl\u00e9mentaires dont vous avez besoin.\u00a0<\/span><\/p>","protected":false},"excerpt":{"rendered":"<p>Vous essayez de trouver des jingles de stations de radio personnelles\u00a0? Alors Radio Jingles 24 sont \u00e0 votre disposition pour r\u00e9pondre \u00e0 vos besoins. Nous sommes une entreprise sp\u00e9cialis\u00e9e dans\u2026<\/p>","protected":false},"author":1,"featured_media":0,"parent":0,"menu_order":0,"comment_status":"closed","ping_status":"closed","template":"","meta":{"_exactmetrics_skip_tracking":false,"_exactmetrics_sitenote_active":false,"_exactmetrics_sitenote_note":"","_exactmetrics_sitenote_category":0,"footnotes":""},"class_list":["post-35652","page","type-page","status-publish"],"yoast_head":"<!-- This site is optimized with the Yoast SEO plugin v26.8 - https:\/\/yoast.com\/product\/yoast-seo-wordpress\/ -->\n<title>Radio Jingles 24: Radio Jingles | DJ Drops | Podcast Intros | Sung Jingles<\/title>\n<meta name=\"description\" content=\"Radio Jingles, Sung Jingles, DJ Drops, and Podcast Intros for commercial, community and internet radio stations. UK Based. Prices from \u00a35. Order online.\" \/>\n<meta name=\"robots\" content=\"index, follow, max-snippet:-1, max-image-preview:large, max-video-preview:-1\" \/>\n<link rel=\"canonical\" href=\"https:\/\/radiojingles24.com\/fr\/personal-radio-station-jingles\/\" \/>\n<meta property=\"og:locale\" content=\"fr_FR\" \/>\n<meta property=\"og:type\" content=\"article\" \/>\n<meta property=\"og:title\" content=\"Radio Jingles 24: Radio Jingles | DJ Drops | Podcast Intros | Sung Jingles\" \/>\n<meta property=\"og:description\" content=\"Radio Jingles, Sung Jingles, DJ Drops, and Podcast Intros for commercial, community and internet radio stations. UK Based. Prices from \u00a35. Order online.\" \/>\n<meta property=\"og:url\" content=\"https:\/\/radiojingles24.com\/fr\/personal-radio-station-jingles\/\" \/>\n<meta property=\"og:site_name\" content=\"Radio Jingles 24: Radio Jingles | DJ Drops | Podcast Intros | Sung Jingles\" \/>\n<meta property=\"article:publisher\" content=\"https:\/\/www.facebook.com\/radiojingles24\/\" \/>\n<meta property=\"article:modified_time\" content=\"2020-10-12T14:00:13+00:00\" \/>\n<meta name=\"twitter:card\" content=\"summary_large_image\" \/>\n<meta name=\"twitter:site\" content=\"@radiojingles24\" \/>\n<meta name=\"twitter:label1\" content=\"Dur\u00e9e de lecture estim\u00e9e\" \/>\n\t<meta name=\"twitter:data1\" content=\"3 minutes\" \/>\n<script type=\"application\/ld+json\" class=\"yoast-schema-graph\">{\"@context\":\"https:\/\/schema.org\",\"@graph\":[{\"@type\":\"WebPage\",\"@id\":\"https:\/\/radiojingles24.com\/fr\/personal-radio-station-jingles\/\",\"url\":\"https:\/\/radiojingles24.com\/fr\/personal-radio-station-jingles\/\",\"name\":\"Radio Jingles 24: Radio Jingles | DJ Drops | Podcast Intros | Sung Jingles\",\"isPartOf\":{\"@id\":\"https:\/\/radiojingles24.com\/#website\"},\"datePublished\":\"2020-10-12T13:51:16+00:00\",\"dateModified\":\"2020-10-12T14:00:13+00:00\",\"description\":\"Radio Jingles, Sung Jingles, DJ Drops, and Podcast Intros for commercial, community and internet radio stations. UK Based. Prices from \u00a35. Order online.\",\"breadcrumb\":{\"@id\":\"https:\/\/radiojingles24.com\/fr\/personal-radio-station-jingles\/#breadcrumb\"},\"inLanguage\":\"fr-FR\",\"potentialAction\":[{\"@type\":\"ReadAction\",\"target\":[\"https:\/\/radiojingles24.com\/fr\/personal-radio-station-jingles\/\"]}]},{\"@type\":\"BreadcrumbList\",\"@id\":\"https:\/\/radiojingles24.com\/fr\/personal-radio-station-jingles\/#breadcrumb\",\"itemListElement\":[{\"@type\":\"ListItem\",\"position\":1,\"name\":\"Home\",\"item\":\"https:\/\/radiojingles24.com\/de\/\"},{\"@type\":\"ListItem\",\"position\":2,\"name\":\"Searching for Personal Radio Station Jingles?\"}]},{\"@type\":\"WebSite\",\"@id\":\"https:\/\/radiojingles24.com\/#website\",\"url\":\"https:\/\/radiojingles24.com\/\",\"name\":\"Radio Jingles 24: Radio Jingles | DJ Drops | Podcast Intros | Sung Jingles\",\"description\":\"Radio Jingles, Sung Jingles, DJ Drops, and Podcast Intros for commercial, community and internet radio stations. UK Based. Prices from \u00a35. Order online.\",\"publisher\":{\"@id\":\"https:\/\/radiojingles24.com\/#organization\"},\"potentialAction\":[{\"@type\":\"SearchAction\",\"target\":{\"@type\":\"EntryPoint\",\"urlTemplate\":\"https:\/\/radiojingles24.com\/?s={search_term_string}\"},\"query-input\":{\"@type\":\"PropertyValueSpecification\",\"valueRequired\":true,\"valueName\":\"search_term_string\"}}],\"inLanguage\":\"fr-FR\"},{\"@type\":\"Organization\",\"@id\":\"https:\/\/radiojingles24.com\/#organization\",\"name\":\"Radio Jingles 24\",\"url\":\"https:\/\/radiojingles24.com\/\",\"logo\":{\"@type\":\"ImageObject\",\"inLanguage\":\"fr-FR\",\"@id\":\"https:\/\/radiojingles24.com\/#\/schema\/logo\/image\/\",\"url\":\"https:\/\/radiojingles24.com\/wp-content\/uploads\/2019\/11\/RadioJingle1-1.jpg\",\"contentUrl\":\"https:\/\/radiojingles24.com\/wp-content\/uploads\/2019\/11\/RadioJingle1-1.jpg\",\"width\":512,\"height\":158,\"caption\":\"Radio Jingles 24\"},\"image\":{\"@id\":\"https:\/\/radiojingles24.com\/#\/schema\/logo\/image\/\"},\"sameAs\":[\"https:\/\/www.facebook.com\/radiojingles24\/\",\"https:\/\/x.com\/radiojingles24\"]}]}<\/script>\n<!-- \/ Yoast SEO plugin. -->","yoast_head_json":{"title":"Radio Jingles 24: Radio Jingles | DJ Drops | Podcast Intros | Jingles chant\u00e9s","description":"Radio Jingles, Sung Jingles, DJ Drops et Podcast Intros pour les stations de radio commerciales, communautaires et Internet. Bas\u00e9 au Royaume-Uni. Prix \u00e0 partir de 5 \u00a3. Commander en ligne.","robots":{"index":"index","follow":"follow","max-snippet":"max-snippet:-1","max-image-preview":"max-image-preview:large","max-video-preview":"max-video-preview:-1"},"canonical":"https:\/\/radiojingles24.com\/fr\/personal-radio-station-jingles\/","og_locale":"fr_FR","og_type":"article","og_title":"Radio Jingles 24: Radio Jingles | DJ Drops | Podcast Intros | Sung Jingles","og_description":"Radio Jingles, Sung Jingles, DJ Drops, and Podcast Intros for commercial, community and internet radio stations. UK Based. Prices from \u00a35. Order online.","og_url":"https:\/\/radiojingles24.com\/fr\/personal-radio-station-jingles\/","og_site_name":"Radio Jingles 24: Radio Jingles | DJ Drops | Podcast Intros | Sung Jingles","article_publisher":"https:\/\/www.facebook.com\/radiojingles24\/","article_modified_time":"2020-10-12T14:00:13+00:00","twitter_card":"summary_large_image","twitter_site":"@radiojingles24","twitter_misc":{"Dur\u00e9e de lecture estim\u00e9e":"3 minutes"},"schema":{"@context":"https:\/\/schema.org","@graph":[{"@type":"WebPage","@id":"https:\/\/radiojingles24.com\/fr\/personal-radio-station-jingles\/","url":"https:\/\/radiojingles24.com\/fr\/personal-radio-station-jingles\/","name":"Radio Jingles 24: Radio Jingles | DJ Drops | Podcast Intros | Jingles chant\u00e9s","isPartOf":{"@id":"https:\/\/radiojingles24.com\/#website"},"datePublished":"2020-10-12T13:51:16+00:00","dateModified":"2020-10-12T14:00:13+00:00","description":"Radio Jingles, Sung Jingles, DJ Drops et Podcast Intros pour les stations de radio commerciales, communautaires et Internet. Bas\u00e9 au Royaume-Uni. Prix \u00e0 partir de 5 \u00a3. Commander en ligne.","breadcrumb":{"@id":"https:\/\/radiojingles24.com\/fr\/personal-radio-station-jingles\/#breadcrumb"},"inLanguage":"fr-FR","potentialAction":[{"@type":"ReadAction","target":["https:\/\/radiojingles24.com\/fr\/personal-radio-station-jingles\/"]}]},{"@type":"BreadcrumbList","@id":"https:\/\/radiojingles24.com\/fr\/personal-radio-station-jingles\/#breadcrumb","itemListElement":[{"@type":"ListItem","position":1,"name":"Home","item":"https:\/\/radiojingles24.com\/de\/"},{"@type":"ListItem","position":2,"name":"Searching for Personal Radio Station Jingles?"}]},{"@type":"WebSite","@id":"https:\/\/radiojingles24.com\/#website","url":"https:\/\/radiojingles24.com\/","name":"Radio Jingles 24: Radio Jingles | DJ Drops | Podcast Intros | Jingles chant\u00e9s","description":"Radio Jingles, Sung Jingles, DJ Drops et Podcast Intros pour les stations de radio commerciales, communautaires et Internet. Bas\u00e9 au Royaume-Uni. Prix \u00e0 partir de 5 \u00a3. Commander en ligne.","publisher":{"@id":"https:\/\/radiojingles24.com\/#organization"},"potentialAction":[{"@type":"SearchAction","target":{"@type":"EntryPoint","urlTemplate":"https:\/\/radiojingles24.com\/?s={search_term_string}"},"query-input":{"@type":"PropertyValueSpecification","valueRequired":true,"valueName":"search_term_string"}}],"inLanguage":"fr-FR"},{"@type":"Organization","@id":"https:\/\/radiojingles24.com\/#organization","name":"Radio Jingles 24","url":"https:\/\/radiojingles24.com\/","logo":{"@type":"ImageObject","inLanguage":"fr-FR","@id":"https:\/\/radiojingles24.com\/#\/schema\/logo\/image\/","url":"https:\/\/radiojingles24.com\/wp-content\/uploads\/2019\/11\/RadioJingle1-1.jpg","contentUrl":"https:\/\/radiojingles24.com\/wp-content\/uploads\/2019\/11\/RadioJingle1-1.jpg","width":512,"height":158,"caption":"Radio Jingles 24"},"image":{"@id":"https:\/\/radiojingles24.com\/#\/schema\/logo\/image\/"},"sameAs":["https:\/\/www.facebook.com\/radiojingles24\/","https:\/\/x.com\/radiojingles24"]}]}},"jetpack_sharing_enabled":true,"_links":{"self":[{"href":"https:\/\/radiojingles24.com\/fr\/wp-json\/wp\/v2\/pages\/35652","targetHints":{"allow":["GET"]}}],"collection":[{"href":"https:\/\/radiojingles24.com\/fr\/wp-json\/wp\/v2\/pages"}],"about":[{"href":"https:\/\/radiojingles24.com\/fr\/wp-json\/wp\/v2\/types\/page"}],"author":[{"embeddable":true,"href":"https:\/\/radiojingles24.com\/fr\/wp-json\/wp\/v2\/users\/1"}],"replies":[{"embeddable":true,"href":"https:\/\/radiojingles24.com\/fr\/wp-json\/wp\/v2\/comments?post=35652"}],"version-history":[{"count":1,"href":"https:\/\/radiojingles24.com\/fr\/wp-json\/wp\/v2\/pages\/35652\/revisions"}],"predecessor-version":[{"id":35656,"href":"https:\/\/radiojingles24.com\/fr\/wp-json\/wp\/v2\/pages\/35652\/revisions\/35656"}],"wp:attachment":[{"href":"https:\/\/radiojingles24.com\/fr\/wp-json\/wp\/v2\/media?parent=35652"}],"curies":[{"name":"wp","href":"https:\/\/api.w.org\/{rel}","templated":true}]}}