{"id":7500,"date":"2019-12-02T11:41:29","date_gmt":"2019-12-02T11:41:29","guid":{"rendered":"https:\/\/radiojingles24.com\/?page_id=7500"},"modified":"2020-01-18T11:58:09","modified_gmt":"2020-01-18T11:58:09","slug":"faq","status":"publish","type":"page","link":"https:\/\/radiojingles24.com\/fr\/faq\/","title":{"rendered":"FAQ"},"content":{"rendered":"<div id=\"fws_69dc4a6ff3f87\"  data-midnight=\"dark\" data-top-percent=\"10%\" data-bottom-percent=\"10%\"  data-bg-mobile-hidden=\"\" class=\"wpb_row vc_row-fluid vc_row top-level full-width-section  vc_row-o-equal-height vc_row-flex  vc_row-o-content-middle standard_section  faq_n\"  style=\"padding-top: calc(100vw * 0.10); padding-bottom: calc(100vw * 0.10); \"><div class=\"row-bg-wrap\" data-bg-animation=\"none\"><div class=\"inner-wrap\"><div class=\"row-bg  using-bg-color\"  style=\"background-color: #000000; \"><\/div><\/div><div class=\"row-bg-overlay\" style=\"background: #bc28c4; background: linear-gradient(90deg,#bc28c4 0%,#8132d9 100%);  opacity: 0.8; \"><\/div><\/div><div class=\"col span_12 dark left\">\n\t<div  class=\"vc_col-sm-12 wpb_column column_container vc_column_container col no-extra-padding\"  data-t-w-inherits=\"default\" data-border-radius=\"none\" data-shadow=\"none\" data-border-animation=\"\" data-border-animation-delay=\"\" data-border-width=\"none\" data-border-style=\"solid\" data-border-color=\"\" data-bg-cover=\"\" data-padding-pos=\"all\" data-has-bg-color=\"false\" data-bg-color=\"\" data-bg-opacity=\"1\" data-hover-bg=\"\" data-hover-bg-opacity=\"1\" data-animation=\"\" data-delay=\"0\"><div class=\"column-bg-overlay\"><\/div>\n\t\t<div class=\"vc_column-inner\">\n\t\t\t<div class=\"wpb_wrapper\">\n\t\t\t\t\r\n\t<div class=\"wpb_text_column wpb_content_element\" >\r\n\t\t<div class=\"wpb_wrapper\">\r\n\t\t\t<h5 style=\"text-align: center;\"><span style=\"color: #ffffff;\">Questions fr\u00e9quemment pos\u00e9es<\/span><\/h5>\n\r\n\t\t<\/div>\r\n\t<\/div>\r\n<div class=\"divider-wrap\" data-alignment=\"default\"><div style=\"height: 40px;\" class=\"divider\"><\/div><\/div><div class=\"toggles accordion\" data-style=\"default\"><div class=\"toggle accent-color\"><h3><a href=\"#\"><i class=\"icon-plus-sign\"><\/i>Allez-vous vraiment livrer ma commande en moins de 24 heures?<\/a><\/h3><div>\r\n\t<div class=\"wpb_text_column wpb_content_element\" >\r\n\t\t<div class=\"wpb_wrapper\">\r\n\t\t\t<p>Oui, tous les colis que vous commandez sur le site Web seront livr\u00e9s dans les 24 heures. La seule exception \u00e0 cela serait que si vous commandez quelque chose sur mesure en nous contactant directement, nous vous citerons alors et vous informerons des d\u00e9lais.<\/p>\n\r\n\t\t<\/div>\r\n\t<\/div>\r\n<\/div><\/div><div class=\"toggle accent-color\"><h3><a href=\"#\"><i class=\"icon-plus-sign\"><\/i>Je veux commander quelque chose qui ne figure pas sur votre site Web?<\/a><\/h3><div>\r\n\t<div class=\"wpb_text_column wpb_content_element\" >\r\n\t\t<div class=\"wpb_wrapper\">\r\n\t\t\t<p>Bien s\u00fbr, contactez-nous pour un devis personnalis\u00e9.<\/p>\n\r\n\t\t<\/div>\r\n\t<\/div>\r\n<\/div><\/div><div class=\"toggle accent-color\"><h3><a href=\"#\"><i class=\"icon-plus-sign\"><\/i>Que dois-je faire si je perds mon audio?<\/a><\/h3><div>\r\n\t<div class=\"wpb_text_column wpb_content_element\" >\r\n\t\t<div class=\"wpb_wrapper\">\r\n\t\t\t<p>Pas de probl\u00e8me, envoyez-nous simplement votre identifiant de commande ou votre adresse e-mail et nous vous le renverrons.<\/p>\n\r\n\t\t<\/div>\r\n\t<\/div>\r\n<\/div><\/div><div class=\"toggle accent-color\"><h3><a href=\"#\"><i class=\"icon-plus-sign\"><\/i>J&#039;ai ma propre voix off, pouvez-vous me produire un jingle en utilisant cet enregistrement?<\/a><\/h3><div>\r\n\t<div class=\"wpb_text_column wpb_content_element\" >\r\n\t\t<div class=\"wpb_wrapper\">\r\n\t\t\t<p>Bien s\u00fbr, contactez-nous pour un devis.<\/p>\n\r\n\t\t<\/div>\r\n\t<\/div>\r\n<\/div><\/div><div class=\"toggle accent-color\"><h3><a href=\"#\"><i class=\"icon-plus-sign\"><\/i>Je suis un op\u00e9rateur commercial, puis-je mettre en place un syst\u00e8me de facturation avec vous?<\/a><\/h3><div>\r\n\t<div class=\"wpb_text_column wpb_content_element\" >\r\n\t\t<div class=\"wpb_wrapper\">\r\n\t\t\t<p>Nous vous enverrons une facture une fois que vous aurez pay\u00e9 votre commande et nous acceptons les cartes de cr\u00e9dit \/ d\u00e9bit et PayPal.<br \/>\nCependant, si vous souhaitez nous contacter, nous serions plus qu&#039;heureux de mettre en place un syst\u00e8me de facturation en dehors du site Web.<\/p>\n\r\n\t\t<\/div>\r\n\t<\/div>\r\n<\/div><\/div><div class=\"toggle accent-color\"><h3><a href=\"#\"><i class=\"icon-plus-sign\"><\/i>Et si je n&#039;aime pas la production que vous avez utilis\u00e9e?<\/a><\/h3><div>\r\n\t<div class=\"wpb_text_column wpb_content_element\" >\r\n\t\t<div class=\"wpb_wrapper\">\r\n\t\t\t<p>Notre objectif est de faire les choses correctement du premier coup, mais si ce n&#039;est pas le cas, contactez-nous et nous ferons tout notre possible pour vous aider.<\/p>\n\r\n\t\t<\/div>\r\n\t<\/div>\r\n<\/div><\/div><div class=\"toggle accent-color\"><h3><a href=\"#\"><i class=\"icon-plus-sign\"><\/i>Toute production est-elle libre de droits?<\/a><\/h3><div>\r\n\t<div class=\"wpb_text_column wpb_content_element\" >\r\n\t\t<div class=\"wpb_wrapper\">\r\n\t\t\t<p>Oui, toute la production que nous utilisons est libre de droits et peut \u00eatre utilis\u00e9e \u00e0 votre guise.<\/p>\n\r\n\t\t<\/div>\r\n\t<\/div>\r\n<\/div><\/div><div class=\"toggle accent-color\"><h3><a href=\"#\"><i class=\"icon-plus-sign\"><\/i>Lorsque j&#039;ach\u00e8te un jingle, est-ce que j&#039;obtiens \u00e9galement tous les droits de rachat?<\/a><\/h3><div>\r\n\t<div class=\"wpb_text_column wpb_content_element\" >\r\n\t\t<div class=\"wpb_wrapper\">\r\n\t\t\t<p>Oui, une fois achet\u00e9, vous poss\u00e9dez le jingle.<\/p>\n\r\n\t\t<\/div>\r\n\t<\/div>\r\n<\/div><\/div><div class=\"toggle accent-color\"><h3><a href=\"#\"><i class=\"icon-plus-sign\"><\/i>Quels modes de paiement acceptez-vous?<\/a><\/h3><div>\r\n\t<div class=\"wpb_text_column wpb_content_element\" >\r\n\t\t<div class=\"wpb_wrapper\">\r\n\t\t\t<p>Nous acceptons les cartes de cr\u00e9dit \/ d\u00e9bit et PayPal.<\/p>\n\r\n\t\t<\/div>\r\n\t<\/div>\r\n<\/div><\/div><div class=\"toggle accent-color\"><h3><a href=\"#\"><i class=\"icon-plus-sign\"><\/i>J&#039;ai une commande importante, pouvez-vous m&#039;offrir une r\u00e9duction?<\/a><\/h3><div>\r\n\t<div class=\"wpb_text_column wpb_content_element\" >\r\n\t\t<div class=\"wpb_wrapper\">\r\n\t\t\t<p>Nous avons de nombreux packages que vous pouvez commander (\u00e0 partir de notre page Packages), ceux-ci b\u00e9n\u00e9ficient d\u00e9j\u00e0 de r\u00e9ductions. Mais si vous avez quelque chose de plus sp\u00e9cifique en t\u00eate, veuillez nous contacter et nous vous citerons. Nous offrons des rabais sur les achats en gros.<\/p>\n\r\n\t\t<\/div>\r\n\t<\/div>\r\n<\/div><\/div><div class=\"toggle accent-color\"><h3><a href=\"#\"><i class=\"icon-plus-sign\"><\/i>Combien de mots puis-je ins\u00e9rer dans un jingle de 10 secondes?<\/a><\/h3><div>\r\n\t<div class=\"wpb_text_column wpb_content_element\" >\r\n\t\t<div class=\"wpb_wrapper\">\r\n\t\t\t<p>Cela varie g\u00e9n\u00e9ralement, mais g\u00e9n\u00e9ralement entre 20 et 25 mots.<\/p>\n\r\n\t\t<\/div>\r\n\t<\/div>\r\n<\/div><\/div><div class=\"toggle accent-color\"><h3><a href=\"#\"><i class=\"icon-plus-sign\"><\/i>Combien de mots puis-je ins\u00e9rer dans un jingle d&#039;une minute?<\/a><\/h3><div>\r\n\t<div class=\"wpb_text_column wpb_content_element\" >\r\n\t\t<div class=\"wpb_wrapper\">\r\n\t\t\t<p>Cela varie g\u00e9n\u00e9ralement, mais g\u00e9n\u00e9ralement entre 120 et 150 mots.<\/p>\n\r\n\t\t<\/div>\r\n\t<\/div>\r\n<\/div><\/div><div class=\"toggle accent-color\"><h3><a href=\"#\"><i class=\"icon-plus-sign\"><\/i>Vous \u00eates une nouvelle entreprise, donc je suis un peu nerveux \u00e0 l&#039;id\u00e9e de commander chez vous<\/a><\/h3><div>\r\n\t<div class=\"wpb_text_column wpb_content_element\" >\r\n\t\t<div class=\"wpb_wrapper\">\r\n\t\t\t<p>Bien que ce site Web soit assez r\u00e9cent, avant cela, nous avons lanc\u00e9 JingleBooth.com, et toutes nos voix sont r\u00e9pandues dans le monde de la voix off, en plus de travailler comme pr\u00e9sentateurs de radio commerciale. Nous aimons ce que nous faisons et aimons cr\u00e9er de superbes jingles radio. Vous \u00eates entre de bonnes mains avec nous.<\/p>\n\r\n\t\t<\/div>\r\n\t<\/div>\r\n<\/div><\/div><div class=\"toggle accent-color\"><h3><a href=\"#\"><i class=\"icon-plus-sign\"><\/i>Puis-je cr\u00e9er un lien vers votre site Web depuis le mien?<\/a><\/h3><div>\r\n\t<div class=\"wpb_text_column wpb_content_element\" >\r\n\t\t<div class=\"wpb_wrapper\">\r\n\t\t\t<p>Absolument! N&#039;h\u00e9sitez pas \u00e0 utiliser \u00e9galement notre logo, que vous pouvez t\u00e9l\u00e9charger ci-dessous!<a href=\"https:\/\/radiojingles24.com\/wp-content\/uploads\/2019\/11\/RadioJingle1-1.jpg\"><img decoding=\"async\" class=\"aligncenter wp-image-6862\" src=\"https:\/\/radiojingles24.com\/wp-content\/uploads\/2019\/11\/RadioJingle1-1.jpg\" alt=\"\" width=\"308\" height=\"95\" srcset=\"https:\/\/radiojingles24.com\/wp-content\/uploads\/2019\/11\/RadioJingle1-1.jpg 512w, https:\/\/radiojingles24.com\/wp-content\/uploads\/2019\/11\/RadioJingle1-1-300x93.jpg 300w\" sizes=\"(max-width: 308px) 100vw, 308px\" \/><\/a><\/p>\n\r\n\t\t<\/div>\r\n\t<\/div>\r\n<\/div><\/div><\/div>\n\t\t\t<\/div> \n\t\t<\/div>\n\t<\/div> \n<\/div><\/div>","protected":false},"excerpt":{"rendered":"Foire Aux Questions Livrerez-vous vraiment ma commande en moins de 24 heures ? Oui, tous les colis que vous commandez sur le site Web seront livr\u00e9s dans les 24 heures. La seule exception...","protected":false},"author":1,"featured_media":0,"parent":0,"menu_order":0,"comment_status":"closed","ping_status":"closed","template":"","meta":{"_exactmetrics_skip_tracking":false,"_exactmetrics_sitenote_active":false,"_exactmetrics_sitenote_note":"","_exactmetrics_sitenote_category":0,"footnotes":""},"class_list":["post-7500","page","type-page","status-publish"],"yoast_head":"<!-- This site is optimized with the Yoast SEO plugin v26.8 - https:\/\/yoast.com\/product\/yoast-seo-wordpress\/ -->\n<title>Radio Jingles 24: Radio Jingles | DJ Drops | Podcast Intros | Sung Jingles<\/title>\n<meta name=\"description\" content=\"Radio Jingles, Sung Jingles, DJ Drops, and Podcast Intros for commercial, community and internet radio stations. UK Based. Prices from \u00a35. Order online.\" \/>\n<meta name=\"robots\" content=\"index, follow, max-snippet:-1, max-image-preview:large, max-video-preview:-1\" \/>\n<link rel=\"canonical\" href=\"https:\/\/radiojingles24.com\/fr\/faq\/\" \/>\n<meta property=\"og:locale\" content=\"fr_FR\" \/>\n<meta property=\"og:type\" content=\"article\" \/>\n<meta property=\"og:title\" content=\"Radio Jingles 24: Radio Jingles | DJ Drops | Podcast Intros | Sung Jingles\" \/>\n<meta property=\"og:description\" content=\"Radio Jingles, Sung Jingles, DJ Drops, and Podcast Intros for commercial, community and internet radio stations. UK Based. Prices from \u00a35. Order online.\" \/>\n<meta property=\"og:url\" content=\"https:\/\/radiojingles24.com\/fr\/faq\/\" \/>\n<meta property=\"og:site_name\" content=\"Radio Jingles 24: Radio Jingles | DJ Drops | Podcast Intros | Sung Jingles\" \/>\n<meta property=\"article:publisher\" content=\"https:\/\/www.facebook.com\/radiojingles24\/\" \/>\n<meta property=\"article:modified_time\" content=\"2020-01-18T11:58:09+00:00\" \/>\n<meta property=\"og:image\" content=\"https:\/\/radiojingles24.com\/wp-content\/uploads\/2019\/11\/RadioJingle1-1.jpg\" \/>\n<meta name=\"twitter:card\" content=\"summary_large_image\" \/>\n<meta name=\"twitter:site\" content=\"@radiojingles24\" \/>\n<meta name=\"twitter:label1\" content=\"Dur\u00e9e de lecture estim\u00e9e\" \/>\n\t<meta name=\"twitter:data1\" content=\"4 minutes\" \/>\n<script type=\"application\/ld+json\" class=\"yoast-schema-graph\">{\"@context\":\"https:\/\/schema.org\",\"@graph\":[{\"@type\":\"WebPage\",\"@id\":\"https:\/\/radiojingles24.com\/faq\/\",\"url\":\"https:\/\/radiojingles24.com\/faq\/\",\"name\":\"Radio Jingles 24: Radio Jingles | DJ Drops | Podcast Intros | Sung Jingles\",\"isPartOf\":{\"@id\":\"https:\/\/radiojingles24.com\/#website\"},\"primaryImageOfPage\":{\"@id\":\"https:\/\/radiojingles24.com\/faq\/#primaryimage\"},\"image\":{\"@id\":\"https:\/\/radiojingles24.com\/faq\/#primaryimage\"},\"thumbnailUrl\":\"https:\/\/radiojingles24.com\/wp-content\/uploads\/2019\/11\/RadioJingle1-1.jpg\",\"datePublished\":\"2019-12-02T11:41:29+00:00\",\"dateModified\":\"2020-01-18T11:58:09+00:00\",\"description\":\"Radio Jingles, Sung Jingles, DJ Drops, and Podcast Intros for commercial, community and internet radio stations. UK Based. Prices from \u00a35. Order online.\",\"breadcrumb\":{\"@id\":\"https:\/\/radiojingles24.com\/faq\/#breadcrumb\"},\"inLanguage\":\"fr-FR\",\"potentialAction\":[{\"@type\":\"ReadAction\",\"target\":[\"https:\/\/radiojingles24.com\/faq\/\"]}]},{\"@type\":\"ImageObject\",\"inLanguage\":\"fr-FR\",\"@id\":\"https:\/\/radiojingles24.com\/faq\/#primaryimage\",\"url\":\"https:\/\/radiojingles24.com\/wp-content\/uploads\/2019\/11\/RadioJingle1-1.jpg\",\"contentUrl\":\"https:\/\/radiojingles24.com\/wp-content\/uploads\/2019\/11\/RadioJingle1-1.jpg\"},{\"@type\":\"BreadcrumbList\",\"@id\":\"https:\/\/radiojingles24.com\/faq\/#breadcrumb\",\"itemListElement\":[{\"@type\":\"ListItem\",\"position\":1,\"name\":\"Home\",\"item\":\"https:\/\/radiojingles24.com\/de\/\"},{\"@type\":\"ListItem\",\"position\":2,\"name\":\"FAQ\"}]},{\"@type\":\"WebSite\",\"@id\":\"https:\/\/radiojingles24.com\/#website\",\"url\":\"https:\/\/radiojingles24.com\/\",\"name\":\"Radio Jingles 24: Radio Jingles | DJ Drops | Podcast Intros | Sung Jingles\",\"description\":\"Radio Jingles, Sung Jingles, DJ Drops, and Podcast Intros for commercial, community and internet radio stations. UK Based. Prices from \u00a35. Order online.\",\"publisher\":{\"@id\":\"https:\/\/radiojingles24.com\/#organization\"},\"potentialAction\":[{\"@type\":\"SearchAction\",\"target\":{\"@type\":\"EntryPoint\",\"urlTemplate\":\"https:\/\/radiojingles24.com\/?s={search_term_string}\"},\"query-input\":{\"@type\":\"PropertyValueSpecification\",\"valueRequired\":true,\"valueName\":\"search_term_string\"}}],\"inLanguage\":\"fr-FR\"},{\"@type\":\"Organization\",\"@id\":\"https:\/\/radiojingles24.com\/#organization\",\"name\":\"Radio Jingles 24\",\"url\":\"https:\/\/radiojingles24.com\/\",\"logo\":{\"@type\":\"ImageObject\",\"inLanguage\":\"fr-FR\",\"@id\":\"https:\/\/radiojingles24.com\/#\/schema\/logo\/image\/\",\"url\":\"https:\/\/radiojingles24.com\/wp-content\/uploads\/2019\/11\/RadioJingle1-1.jpg\",\"contentUrl\":\"https:\/\/radiojingles24.com\/wp-content\/uploads\/2019\/11\/RadioJingle1-1.jpg\",\"width\":512,\"height\":158,\"caption\":\"Radio Jingles 24\"},\"image\":{\"@id\":\"https:\/\/radiojingles24.com\/#\/schema\/logo\/image\/\"},\"sameAs\":[\"https:\/\/www.facebook.com\/radiojingles24\/\",\"https:\/\/x.com\/radiojingles24\"]}]}<\/script>\n<!-- \/ Yoast SEO plugin. -->","yoast_head_json":{"title":"Radio Jingles 24: Radio Jingles | DJ Drops | Podcast Intros | Jingles chant\u00e9s","description":"Radio Jingles, Sung Jingles, DJ Drops et Podcast Intros pour les stations de radio commerciales, communautaires et Internet. Bas\u00e9 au Royaume-Uni. Prix \u00e0 partir de 5 \u00a3. Commander en ligne.","robots":{"index":"index","follow":"follow","max-snippet":"max-snippet:-1","max-image-preview":"max-image-preview:large","max-video-preview":"max-video-preview:-1"},"canonical":"https:\/\/radiojingles24.com\/fr\/faq\/","og_locale":"fr_FR","og_type":"article","og_title":"Radio Jingles 24: Radio Jingles | DJ Drops | Podcast Intros | Sung Jingles","og_description":"Radio Jingles, Sung Jingles, DJ Drops, and Podcast Intros for commercial, community and internet radio stations. UK Based. Prices from \u00a35. Order online.","og_url":"https:\/\/radiojingles24.com\/fr\/faq\/","og_site_name":"Radio Jingles 24: Radio Jingles | DJ Drops | Podcast Intros | Sung Jingles","article_publisher":"https:\/\/www.facebook.com\/radiojingles24\/","article_modified_time":"2020-01-18T11:58:09+00:00","og_image":[{"url":"https:\/\/radiojingles24.com\/wp-content\/uploads\/2019\/11\/RadioJingle1-1.jpg","type":"","width":"","height":""}],"twitter_card":"summary_large_image","twitter_site":"@radiojingles24","twitter_misc":{"Dur\u00e9e de lecture estim\u00e9e":"4 minutes"},"schema":{"@context":"https:\/\/schema.org","@graph":[{"@type":"WebPage","@id":"https:\/\/radiojingles24.com\/faq\/","url":"https:\/\/radiojingles24.com\/faq\/","name":"Radio Jingles 24: Radio Jingles | DJ Drops | Podcast Intros | Jingles chant\u00e9s","isPartOf":{"@id":"https:\/\/radiojingles24.com\/#website"},"primaryImageOfPage":{"@id":"https:\/\/radiojingles24.com\/faq\/#primaryimage"},"image":{"@id":"https:\/\/radiojingles24.com\/faq\/#primaryimage"},"thumbnailUrl":"https:\/\/radiojingles24.com\/wp-content\/uploads\/2019\/11\/RadioJingle1-1.jpg","datePublished":"2019-12-02T11:41:29+00:00","dateModified":"2020-01-18T11:58:09+00:00","description":"Radio Jingles, Sung Jingles, DJ Drops et Podcast Intros pour les stations de radio commerciales, communautaires et Internet. Bas\u00e9 au Royaume-Uni. Prix \u00e0 partir de 5 \u00a3. Commander en ligne.","breadcrumb":{"@id":"https:\/\/radiojingles24.com\/faq\/#breadcrumb"},"inLanguage":"fr-FR","potentialAction":[{"@type":"ReadAction","target":["https:\/\/radiojingles24.com\/faq\/"]}]},{"@type":"ImageObject","inLanguage":"fr-FR","@id":"https:\/\/radiojingles24.com\/faq\/#primaryimage","url":"https:\/\/radiojingles24.com\/wp-content\/uploads\/2019\/11\/RadioJingle1-1.jpg","contentUrl":"https:\/\/radiojingles24.com\/wp-content\/uploads\/2019\/11\/RadioJingle1-1.jpg"},{"@type":"BreadcrumbList","@id":"https:\/\/radiojingles24.com\/faq\/#breadcrumb","itemListElement":[{"@type":"ListItem","position":1,"name":"Home","item":"https:\/\/radiojingles24.com\/de\/"},{"@type":"ListItem","position":2,"name":"FAQ"}]},{"@type":"WebSite","@id":"https:\/\/radiojingles24.com\/#website","url":"https:\/\/radiojingles24.com\/","name":"Radio Jingles 24: Radio Jingles | DJ Drops | Podcast Intros | Jingles chant\u00e9s","description":"Radio Jingles, Sung Jingles, DJ Drops et Podcast Intros pour les stations de radio commerciales, communautaires et Internet. Bas\u00e9 au Royaume-Uni. Prix \u00e0 partir de 5 \u00a3. Commander en ligne.","publisher":{"@id":"https:\/\/radiojingles24.com\/#organization"},"potentialAction":[{"@type":"SearchAction","target":{"@type":"EntryPoint","urlTemplate":"https:\/\/radiojingles24.com\/?s={search_term_string}"},"query-input":{"@type":"PropertyValueSpecification","valueRequired":true,"valueName":"search_term_string"}}],"inLanguage":"fr-FR"},{"@type":"Organization","@id":"https:\/\/radiojingles24.com\/#organization","name":"Radio Jingles 24","url":"https:\/\/radiojingles24.com\/","logo":{"@type":"ImageObject","inLanguage":"fr-FR","@id":"https:\/\/radiojingles24.com\/#\/schema\/logo\/image\/","url":"https:\/\/radiojingles24.com\/wp-content\/uploads\/2019\/11\/RadioJingle1-1.jpg","contentUrl":"https:\/\/radiojingles24.com\/wp-content\/uploads\/2019\/11\/RadioJingle1-1.jpg","width":512,"height":158,"caption":"Radio Jingles 24"},"image":{"@id":"https:\/\/radiojingles24.com\/#\/schema\/logo\/image\/"},"sameAs":["https:\/\/www.facebook.com\/radiojingles24\/","https:\/\/x.com\/radiojingles24"]}]}},"jetpack_sharing_enabled":true,"_links":{"self":[{"href":"https:\/\/radiojingles24.com\/fr\/wp-json\/wp\/v2\/pages\/7500","targetHints":{"allow":["GET"]}}],"collection":[{"href":"https:\/\/radiojingles24.com\/fr\/wp-json\/wp\/v2\/pages"}],"about":[{"href":"https:\/\/radiojingles24.com\/fr\/wp-json\/wp\/v2\/types\/page"}],"author":[{"embeddable":true,"href":"https:\/\/radiojingles24.com\/fr\/wp-json\/wp\/v2\/users\/1"}],"replies":[{"embeddable":true,"href":"https:\/\/radiojingles24.com\/fr\/wp-json\/wp\/v2\/comments?post=7500"}],"version-history":[{"count":17,"href":"https:\/\/radiojingles24.com\/fr\/wp-json\/wp\/v2\/pages\/7500\/revisions"}],"predecessor-version":[{"id":12591,"href":"https:\/\/radiojingles24.com\/fr\/wp-json\/wp\/v2\/pages\/7500\/revisions\/12591"}],"wp:attachment":[{"href":"https:\/\/radiojingles24.com\/fr\/wp-json\/wp\/v2\/media?parent=7500"}],"curies":[{"name":"wp","href":"https:\/\/api.w.org\/{rel}","templated":true}]}}