{"id":80248,"date":"2020-12-08T15:24:03","date_gmt":"2020-12-08T15:24:03","guid":{"rendered":"https:\/\/radiojingles24.com\/?page_id=80248"},"modified":"2020-12-08T15:24:03","modified_gmt":"2020-12-08T15:24:03","slug":"interested-in-sourcing-unique-radio-jingles","status":"publish","type":"page","link":"https:\/\/radiojingles24.com\/fr\/interested-in-sourcing-unique-radio-jingles\/","title":{"rendered":"Interested in Sourcing Unique Radio Jingles?"},"content":{"rendered":"<p><span style=\"font-weight: 400;\">Vous essayez de trouver des jingles radio uniques\u00a0? Alors vous serez heureux de savoir que <\/span><a href=\"https:\/\/radiojingles24.com\/fr\/\"><span style=\"font-weight: 400;\">Radio Jingles 24<\/span><\/a><span style=\"font-weight: 400;\"> est l\u00e0 pour vous aider. Nous sommes \u00e0 votre disposition pour aider les clients britanniques et am\u00e9ricains \u00e0 recevoir des audios radio de qualit\u00e9. Ces jingles particuliers sont une de nos sp\u00e9cialit\u00e9s car nous produisons des audios professionnels et personnalis\u00e9s qui conviennent \u00e0 votre station de mani\u00e8re appropri\u00e9e. Nous sommes des cr\u00e9ateurs polyvalents qui utilisent un \u00e9quipement d&#039;enregistrement de pointe et l&#039;aide d&#039;acteurs vocaux experts pour des jingles clairs et nets qui peuvent impressionner vos auditeurs. Nos services sont \u00e0 votre disposition et nous pouvons travailler ensemble pour cr\u00e9er un son distinctif, pas comme les autres.<\/span><\/p>\n<h2>Jingles radio uniques<\/h2>\n<p><span style=\"font-weight: 400;\">Ici \u00e0 Radio Jingles 24, on pense qu&#039;il est essentiel d&#039;avoir du catchy <\/span><a href=\"https:\/\/radiojingles24.com\/fr\/categorie-produit\/free-radio-jingles\/\"><span style=\"font-weight: 400;\">jingles radio<\/span><\/a><span style=\"font-weight: 400;\">, qu&#039;ils soient <\/span><a href=\"https:\/\/radiojingles24.com\/fr\/produit\/spoken-audio\/\"><span style=\"font-weight: 400;\">parl\u00e9<\/span><\/a><span style=\"font-weight: 400;\"> ou alors <\/span><a href=\"https:\/\/radiojingles24.com\/fr\/produit\/sung-audio\/\"><span style=\"font-weight: 400;\">chant\u00e9<\/span><\/a><span style=\"font-weight: 400;\">. C&#039;est parce qu&#039;ils peuvent donner la marque \u00e0 votre public pour pr\u00e9senter le spectacle et rester dans sa t\u00eate tout au long de la journ\u00e9e. Un jingle est utilis\u00e9 pour repr\u00e9senter votre marque, mais devrait \u00e9galement inciter les auditeurs \u00e0 leur donner envie d&#039;entendre ce que vous avez \u00e0 dire. C&#039;est pourquoi nous offrons une assistance diversifi\u00e9e pour accueillir AC\/Hot AC, CHR ainsi que Oldies. Les jingles sont parfaits \u00e0 utiliser dans toute votre station de radio, qu&#039;il s&#039;agisse de pr\u00e9senter l&#039;\u00e9mission dans son ensemble, de pr\u00e9senter des invit\u00e9s sp\u00e9ciaux, des mises \u00e0 jour m\u00e9t\u00e9o ou des bulletins de voyage. Les possibilit\u00e9s sont infinies.<\/span><\/p>\n<p><span style=\"font-weight: 400;\">En tant qu&#039;entreprise leader dans l&#039;industrie, nous sommes fiers de la rapidit\u00e9 et de la qualit\u00e9 de notre travail. Nos clients garderont le contr\u00f4le total de leurs audios, en choisissant la dur\u00e9e du jingle, qu&#039;il soit sec ou enti\u00e8rement produit et s&#039;ils le souhaitent avec de la musique ou des effets sp\u00e9ciaux. Une fois que cela est d\u00e9cid\u00e9, l&#039;acteur de la voix est ensuite s\u00e9lectionn\u00e9 et un script lui est fourni en fonction de vos demandes. De l\u00e0, nous pouvons enregistrer vos jingles radio dans notre Pro Studio, \u00e9dit\u00e9s, produits et enti\u00e8rement masteris\u00e9s. Ceci est ensuite termin\u00e9 dans les 24 heures, vous aidant \u00e0 utiliser votre nouvel audio d\u00e8s que possible, cependant, nous sommes heureux d&#039;apporter les modifications n\u00e9cessaires pour r\u00e9pondre \u00e0 votre satisfaction.<\/span><\/p>\n<h2><b>Pourquoi nous choisir?<\/b><\/h2>\n<p><span style=\"font-weight: 400;\">Pendant de nombreuses ann\u00e9es, nous nous sommes fix\u00e9 pour objectif de soutenir les radios commerciales, communautaires et Internet en recevant des audios professionnels mais amusants avec lesquels le public s&#039;est connect\u00e9. Avec une abondance d&#039;exp\u00e9rience dans le domaine, nous pouvons nous assurer que votre produit fini excelle en substance et en qualit\u00e9, vous aidant \u00e0 vous d\u00e9marquer de la foule. Peu importe la taille de vos demandes, nos techniciens feront toujours un effort suppl\u00e9mentaire pour adapter vos jingles radio selon vos sp\u00e9cifications exactes. Ce faisant, vous pouvez utiliser un son attrayant que votre public appr\u00e9ciera dans un avenir pr\u00e9visible, vous offrant ainsi le meilleur retour sur investissement.\u00a0<\/span><\/p>\n<p>&nbsp;<\/p>\n<p><span style=\"font-weight: 400;\">Donc, si vous recherchez des jingles radio uniques, n&#039;h\u00e9sitez pas \u00e0 nous appeler via notre num\u00e9ro britannique, +44 (0)113 5346686 ou utilisez notre num\u00e9ro am\u00e9ricain, +1 (212)710-1350 et nos experts se feront un plaisir d&#039;organiser un bref consultation dans les meilleurs d\u00e9lais. Pour toute demande de renseignements, n&#039;h\u00e9sitez pas \u00e0 <\/span><a href=\"https:\/\/radiojingles24.com\/fr\/contact-us\/\"><span style=\"font-weight: 400;\">Nous contacter<\/span><\/a><span style=\"font-weight: 400;\"> via notre formulaire en ligne et nos repr\u00e9sentants du service client vous contacteront sous peu pour r\u00e9pondre \u00e0 vos questions. Alternativement, vous pouvez nous envoyer un e-mail directement en utilisant <\/span><a href=\"mailto:info@radiojingles24.com\"><span style=\"font-weight: 400;\">info@radiojingles24.com<\/span><\/a><span style=\"font-weight: 400;\"> et nous pouvons vous fournir toute information compl\u00e9mentaire dont vous avez besoin.<\/span><\/p>\n<p>&nbsp;<\/p>","protected":false},"excerpt":{"rendered":"<p>Trying to source unique radio jingles? Then you will be pleased to know that Radio Jingles 24 is here to help. We are on hand&#8230;<\/p>","protected":false},"author":1,"featured_media":0,"parent":0,"menu_order":0,"comment_status":"closed","ping_status":"closed","template":"","meta":{"_exactmetrics_skip_tracking":false,"_exactmetrics_sitenote_active":false,"_exactmetrics_sitenote_note":"","_exactmetrics_sitenote_category":0,"footnotes":""},"class_list":["post-80248","page","type-page","status-publish"],"yoast_head":"<!-- This site is optimized with the Yoast SEO plugin v26.8 - https:\/\/yoast.com\/product\/yoast-seo-wordpress\/ -->\n<title>Radio Jingles 24: Radio Jingles | DJ Drops | Podcast Intros | Sung Jingles<\/title>\n<meta name=\"description\" content=\"Radio Jingles, Sung Jingles, DJ Drops, and Podcast Intros for commercial, community and internet radio stations. UK Based. Prices from \u00a35. Order online.\" \/>\n<meta name=\"robots\" content=\"index, follow, max-snippet:-1, max-image-preview:large, max-video-preview:-1\" \/>\n<link rel=\"canonical\" href=\"https:\/\/radiojingles24.com\/fr\/interested-in-sourcing-unique-radio-jingles\/\" \/>\n<meta property=\"og:locale\" content=\"fr_FR\" \/>\n<meta property=\"og:type\" content=\"article\" \/>\n<meta property=\"og:title\" content=\"Radio Jingles 24: Radio Jingles | DJ Drops | Podcast Intros | Sung Jingles\" \/>\n<meta property=\"og:description\" content=\"Radio Jingles, Sung Jingles, DJ Drops, and Podcast Intros for commercial, community and internet radio stations. UK Based. Prices from \u00a35. Order online.\" \/>\n<meta property=\"og:url\" content=\"https:\/\/radiojingles24.com\/fr\/interested-in-sourcing-unique-radio-jingles\/\" \/>\n<meta property=\"og:site_name\" content=\"Radio Jingles 24: Radio Jingles | DJ Drops | Podcast Intros | Sung Jingles\" \/>\n<meta property=\"article:publisher\" content=\"https:\/\/www.facebook.com\/radiojingles24\/\" \/>\n<meta name=\"twitter:card\" content=\"summary_large_image\" \/>\n<meta name=\"twitter:site\" content=\"@radiojingles24\" \/>\n<meta name=\"twitter:label1\" content=\"Dur\u00e9e de lecture estim\u00e9e\" \/>\n\t<meta name=\"twitter:data1\" content=\"3 minutes\" \/>\n<script type=\"application\/ld+json\" class=\"yoast-schema-graph\">{\"@context\":\"https:\/\/schema.org\",\"@graph\":[{\"@type\":\"WebPage\",\"@id\":\"https:\/\/radiojingles24.com\/it\/interested-in-sourcing-unique-radio-jingles\/\",\"url\":\"https:\/\/radiojingles24.com\/it\/interested-in-sourcing-unique-radio-jingles\/\",\"name\":\"Radio Jingles 24: Radio Jingles | DJ Drops | Podcast Intros | Sung Jingles\",\"isPartOf\":{\"@id\":\"https:\/\/radiojingles24.com\/#website\"},\"datePublished\":\"2020-12-08T15:24:03+00:00\",\"description\":\"Radio Jingles, Sung Jingles, DJ Drops, and Podcast Intros for commercial, community and internet radio stations. UK Based. Prices from \u00a35. Order online.\",\"breadcrumb\":{\"@id\":\"https:\/\/radiojingles24.com\/it\/interested-in-sourcing-unique-radio-jingles\/#breadcrumb\"},\"inLanguage\":\"fr-FR\",\"potentialAction\":[{\"@type\":\"ReadAction\",\"target\":[\"https:\/\/radiojingles24.com\/it\/interested-in-sourcing-unique-radio-jingles\/\"]}]},{\"@type\":\"BreadcrumbList\",\"@id\":\"https:\/\/radiojingles24.com\/it\/interested-in-sourcing-unique-radio-jingles\/#breadcrumb\",\"itemListElement\":[{\"@type\":\"ListItem\",\"position\":1,\"name\":\"Home\",\"item\":\"https:\/\/radiojingles24.com\/de\/\"},{\"@type\":\"ListItem\",\"position\":2,\"name\":\"Interested in Sourcing Unique Radio Jingles?\"}]},{\"@type\":\"WebSite\",\"@id\":\"https:\/\/radiojingles24.com\/#website\",\"url\":\"https:\/\/radiojingles24.com\/\",\"name\":\"Radio Jingles 24: Radio Jingles | DJ Drops | Podcast Intros | Sung Jingles\",\"description\":\"Radio Jingles, Sung Jingles, DJ Drops, and Podcast Intros for commercial, community and internet radio stations. UK Based. Prices from \u00a35. Order online.\",\"publisher\":{\"@id\":\"https:\/\/radiojingles24.com\/#organization\"},\"potentialAction\":[{\"@type\":\"SearchAction\",\"target\":{\"@type\":\"EntryPoint\",\"urlTemplate\":\"https:\/\/radiojingles24.com\/?s={search_term_string}\"},\"query-input\":{\"@type\":\"PropertyValueSpecification\",\"valueRequired\":true,\"valueName\":\"search_term_string\"}}],\"inLanguage\":\"fr-FR\"},{\"@type\":\"Organization\",\"@id\":\"https:\/\/radiojingles24.com\/#organization\",\"name\":\"Radio Jingles 24\",\"url\":\"https:\/\/radiojingles24.com\/\",\"logo\":{\"@type\":\"ImageObject\",\"inLanguage\":\"fr-FR\",\"@id\":\"https:\/\/radiojingles24.com\/#\/schema\/logo\/image\/\",\"url\":\"https:\/\/radiojingles24.com\/wp-content\/uploads\/2019\/11\/RadioJingle1-1.jpg\",\"contentUrl\":\"https:\/\/radiojingles24.com\/wp-content\/uploads\/2019\/11\/RadioJingle1-1.jpg\",\"width\":512,\"height\":158,\"caption\":\"Radio Jingles 24\"},\"image\":{\"@id\":\"https:\/\/radiojingles24.com\/#\/schema\/logo\/image\/\"},\"sameAs\":[\"https:\/\/www.facebook.com\/radiojingles24\/\",\"https:\/\/x.com\/radiojingles24\"]}]}<\/script>\n<!-- \/ Yoast SEO plugin. -->","yoast_head_json":{"title":"Radio Jingles 24: Radio Jingles | DJ Drops | Podcast Intros | Jingles chant\u00e9s","description":"Radio Jingles, Sung Jingles, DJ Drops et Podcast Intros pour les stations de radio commerciales, communautaires et Internet. Bas\u00e9 au Royaume-Uni. Prix \u00e0 partir de 5 \u00a3. Commander en ligne.","robots":{"index":"index","follow":"follow","max-snippet":"max-snippet:-1","max-image-preview":"max-image-preview:large","max-video-preview":"max-video-preview:-1"},"canonical":"https:\/\/radiojingles24.com\/fr\/interested-in-sourcing-unique-radio-jingles\/","og_locale":"fr_FR","og_type":"article","og_title":"Radio Jingles 24: Radio Jingles | DJ Drops | Podcast Intros | Sung Jingles","og_description":"Radio Jingles, Sung Jingles, DJ Drops, and Podcast Intros for commercial, community and internet radio stations. UK Based. Prices from \u00a35. Order online.","og_url":"https:\/\/radiojingles24.com\/fr\/interested-in-sourcing-unique-radio-jingles\/","og_site_name":"Radio Jingles 24: Radio Jingles | DJ Drops | Podcast Intros | Sung Jingles","article_publisher":"https:\/\/www.facebook.com\/radiojingles24\/","twitter_card":"summary_large_image","twitter_site":"@radiojingles24","twitter_misc":{"Dur\u00e9e de lecture estim\u00e9e":"3 minutes"},"schema":{"@context":"https:\/\/schema.org","@graph":[{"@type":"WebPage","@id":"https:\/\/radiojingles24.com\/it\/interested-in-sourcing-unique-radio-jingles\/","url":"https:\/\/radiojingles24.com\/it\/interested-in-sourcing-unique-radio-jingles\/","name":"Radio Jingles 24: Radio Jingles | DJ Drops | Podcast Intros | Jingles chant\u00e9s","isPartOf":{"@id":"https:\/\/radiojingles24.com\/#website"},"datePublished":"2020-12-08T15:24:03+00:00","description":"Radio Jingles, Sung Jingles, DJ Drops et Podcast Intros pour les stations de radio commerciales, communautaires et Internet. Bas\u00e9 au Royaume-Uni. Prix \u00e0 partir de 5 \u00a3. Commander en ligne.","breadcrumb":{"@id":"https:\/\/radiojingles24.com\/it\/interested-in-sourcing-unique-radio-jingles\/#breadcrumb"},"inLanguage":"fr-FR","potentialAction":[{"@type":"ReadAction","target":["https:\/\/radiojingles24.com\/it\/interested-in-sourcing-unique-radio-jingles\/"]}]},{"@type":"BreadcrumbList","@id":"https:\/\/radiojingles24.com\/it\/interested-in-sourcing-unique-radio-jingles\/#breadcrumb","itemListElement":[{"@type":"ListItem","position":1,"name":"Home","item":"https:\/\/radiojingles24.com\/de\/"},{"@type":"ListItem","position":2,"name":"Interested in Sourcing Unique Radio Jingles?"}]},{"@type":"WebSite","@id":"https:\/\/radiojingles24.com\/#website","url":"https:\/\/radiojingles24.com\/","name":"Radio Jingles 24: Radio Jingles | DJ Drops | Podcast Intros | Jingles chant\u00e9s","description":"Radio Jingles, Sung Jingles, DJ Drops et Podcast Intros pour les stations de radio commerciales, communautaires et Internet. Bas\u00e9 au Royaume-Uni. Prix \u00e0 partir de 5 \u00a3. Commander en ligne.","publisher":{"@id":"https:\/\/radiojingles24.com\/#organization"},"potentialAction":[{"@type":"SearchAction","target":{"@type":"EntryPoint","urlTemplate":"https:\/\/radiojingles24.com\/?s={search_term_string}"},"query-input":{"@type":"PropertyValueSpecification","valueRequired":true,"valueName":"search_term_string"}}],"inLanguage":"fr-FR"},{"@type":"Organization","@id":"https:\/\/radiojingles24.com\/#organization","name":"Radio Jingles 24","url":"https:\/\/radiojingles24.com\/","logo":{"@type":"ImageObject","inLanguage":"fr-FR","@id":"https:\/\/radiojingles24.com\/#\/schema\/logo\/image\/","url":"https:\/\/radiojingles24.com\/wp-content\/uploads\/2019\/11\/RadioJingle1-1.jpg","contentUrl":"https:\/\/radiojingles24.com\/wp-content\/uploads\/2019\/11\/RadioJingle1-1.jpg","width":512,"height":158,"caption":"Radio Jingles 24"},"image":{"@id":"https:\/\/radiojingles24.com\/#\/schema\/logo\/image\/"},"sameAs":["https:\/\/www.facebook.com\/radiojingles24\/","https:\/\/x.com\/radiojingles24"]}]}},"jetpack_sharing_enabled":true,"_links":{"self":[{"href":"https:\/\/radiojingles24.com\/fr\/wp-json\/wp\/v2\/pages\/80248","targetHints":{"allow":["GET"]}}],"collection":[{"href":"https:\/\/radiojingles24.com\/fr\/wp-json\/wp\/v2\/pages"}],"about":[{"href":"https:\/\/radiojingles24.com\/fr\/wp-json\/wp\/v2\/types\/page"}],"author":[{"embeddable":true,"href":"https:\/\/radiojingles24.com\/fr\/wp-json\/wp\/v2\/users\/1"}],"replies":[{"embeddable":true,"href":"https:\/\/radiojingles24.com\/fr\/wp-json\/wp\/v2\/comments?post=80248"}],"version-history":[{"count":1,"href":"https:\/\/radiojingles24.com\/fr\/wp-json\/wp\/v2\/pages\/80248\/revisions"}],"predecessor-version":[{"id":80250,"href":"https:\/\/radiojingles24.com\/fr\/wp-json\/wp\/v2\/pages\/80248\/revisions\/80250"}],"wp:attachment":[{"href":"https:\/\/radiojingles24.com\/fr\/wp-json\/wp\/v2\/media?parent=80248"}],"curies":[{"name":"wp","href":"https:\/\/api.w.org\/{rel}","templated":true}]}}