{"id":87784,"date":"2021-01-03T15:12:21","date_gmt":"2021-01-03T15:12:21","guid":{"rendered":"https:\/\/radiojingles24.com\/?page_id=87784"},"modified":"2021-01-03T15:12:21","modified_gmt":"2021-01-03T15:12:21","slug":"terms-conditions","status":"publish","type":"page","link":"https:\/\/radiojingles24.com\/fr\/terms-conditions\/","title":{"rendered":"termes et conditions"},"content":{"rendered":"<div id=\"fws_69de47d95d67e\"  data-midnight=\"dark\"  data-bg-mobile-hidden=\"\" class=\"wpb_row vc_row-fluid vc_row top-level standard_section\"  style=\"padding-top: 0px; padding-bottom: 0px; \"><div class=\"row-bg-wrap\" data-bg-animation=\"none\"><div class=\"inner-wrap\"><div class=\"row-bg\"  style=\"\"><\/div><\/div><div class=\"row-bg-overlay\" ><\/div><\/div><div class=\"col span_12 dark left\">\n\t<div  class=\"vc_col-sm-12 wpb_column column_container vc_column_container col no-extra-padding\"  data-t-w-inherits=\"default\" data-border-radius=\"none\" data-shadow=\"none\" data-border-animation=\"\" data-border-animation-delay=\"\" data-border-width=\"none\" data-border-style=\"solid\" data-border-color=\"\" data-bg-cover=\"\" data-padding-pos=\"all\" data-has-bg-color=\"false\" data-bg-color=\"\" data-bg-opacity=\"1\" data-hover-bg=\"\" data-hover-bg-opacity=\"1\" data-animation=\"\" data-delay=\"0\"><div class=\"column-bg-overlay\"><\/div>\n\t\t<div class=\"vc_column-inner\">\n\t\t\t<div class=\"wpb_wrapper\">\n\t\t\t\t\n\t<div class=\"wpb_raw_code wpb_content_element wpb_raw_html\" >\n\t\t<div class=\"wpb_wrapper\">\n\t\t\t<p>Bienvenue sur Radio Jingles 24!<\/p>\n\n<p>These terms and conditions outline the rules and regulations for the use of Radio Jingles 24 Limited's Website, located at https:\/\/www.radiojingles24.com.<\/p>\n\n<p>En acc\u00e9dant \u00e0 ce site Web, nous supposons que vous acceptez ces termes et conditions. Ne continuez pas \u00e0 utiliser Radio Jingles 24 si vous n&#039;acceptez pas toutes les conditions g\u00e9n\u00e9rales \u00e9nonc\u00e9es sur cette page.<\/p>\n\n<p>La terminologie suivante s&#039;applique aux pr\u00e9sentes conditions g\u00e9n\u00e9rales, \u00e0 la d\u00e9claration de confidentialit\u00e9 et \u00e0 l&#039;avis de non-responsabilit\u00e9 et \u00e0 tous les accords: \u00abClient\u00bb, \u00abVous\u00bb et \u00abVotre\u00bb se r\u00e9f\u00e8rent \u00e0 vous, la personne connect\u00e9e \u00e0 ce site Web et conforme aux termes et conditions de la soci\u00e9t\u00e9. \u00abL&#039;entreprise\u00bb, \u00abnous-m\u00eames\u00bb, \u00abnous\u00bb, \u00abnos\u00bb et \u00abnous\u00bb d\u00e9signent notre entreprise. \u00abPartie\u00bb, \u00abParties\u00bb ou \u00abNous\u00bb d\u00e9signe \u00e0 la fois le Client et nous-m\u00eames. Toutes les conditions font r\u00e9f\u00e9rence \u00e0 l&#039;offre, \u00e0 l&#039;acceptation et \u00e0 la prise en compte du paiement n\u00e9cessaires pour entreprendre le processus de notre assistance au client de la mani\u00e8re la plus appropri\u00e9e dans le but expr\u00e8s de r\u00e9pondre aux besoins du client en ce qui concerne la fourniture des services d\u00e9clar\u00e9s de la soci\u00e9t\u00e9, conform\u00e9ment \u00e0 et sous r\u00e9serve de la loi en vigueur aux Pays-Bas. Toute utilisation de la terminologie ci-dessus ou d&#039;autres mots au singulier, au pluriel, en majuscules et \/ ou il \/ elle ou eux, sont consid\u00e9r\u00e9s comme interchangeables et donc comme faisant r\u00e9f\u00e9rence \u00e0 ceux-ci.<\/p>\n\n<h3><strong>Biscuits<\/strong><\/h3>\n\n<p>Nous utilisons des cookies. En acc\u00e9dant \u00e0 Radio Jingles 24, vous avez accept\u00e9 d&#039;utiliser des cookies en accord avec la politique de confidentialit\u00e9 de Radio Jingles 24 Limited. <\/p>\n\n<p>La plupart des sites Web interactifs utilisent des cookies pour nous permettre de r\u00e9cup\u00e9rer les d\u00e9tails de l&#039;utilisateur \u00e0 chaque visite. Les cookies sont utilis\u00e9s par notre site Web pour activer la fonctionnalit\u00e9 de certaines zones afin de faciliter la visite des personnes visitant notre site Web. Certains de nos partenaires affili\u00e9s \/ publicitaires peuvent \u00e9galement utiliser des cookies.<\/p>\n\n<h3><strong>Licence<\/strong><\/h3>\n\n<p>Sauf indication contraire, Radio Jingles 24 Limited et \/ ou ses conc\u00e9dants de licence d\u00e9tiennent les droits de propri\u00e9t\u00e9 intellectuelle pour tout le mat\u00e9riel sur Radio Jingles 24. Tous les droits de propri\u00e9t\u00e9 intellectuelle sont r\u00e9serv\u00e9s. Vous pouvez y acc\u00e9der \u00e0 partir de Radio Jingles 24 pour votre usage personnel, sous r\u00e9serve des restrictions d\u00e9finies dans ces termes et conditions.<\/p>\n\n<p>Vous ne devez pas:<\/p>\n<ul>\n    <li>Republier le mat\u00e9riel de Radio Jingles 24<\/li>\n    <li>Vendre, louer ou sous-licencier du mat\u00e9riel de Radio Jingles 24<\/li>\n    <li>Reproduire, dupliquer ou copier du mat\u00e9riel de Radio Jingles 24<\/li>\n    <li>Redistribuer le contenu de Radio Jingles 24<\/li>\n<\/ul>\n\n<p>Le pr\u00e9sent accord commencera \u00e0 la date des pr\u00e9sentes. Nos conditions g\u00e9n\u00e9rales ont \u00e9t\u00e9 cr\u00e9\u00e9es avec l&#039;aide du <a href=\"https:\/\/www.termsandconditionsgenerator.com\">G\u00e9n\u00e9rateur de conditions g\u00e9n\u00e9rales<\/a> et le <a href=\"https:\/\/www.generateprivacypolicy.com\">G\u00e9n\u00e9rateur de politique de confidentialit\u00e9<\/a>.<\/p>\n\n<p>Certaines parties de ce site Web offrent aux utilisateurs la possibilit\u00e9 de publier et d&#039;\u00e9changer des opinions et des informations dans certaines zones du site Web. Radio Jingles 24 Limited ne filtre pas, ne modifie pas, ne publie pas et ne r\u00e9vise pas les Commentaires avant leur pr\u00e9sence sur le site Web. Les commentaires ne refl\u00e8tent pas les points de vue et les opinions de Radio Jingles 24 Limited, de ses agents et \/ ou affili\u00e9s. Les commentaires refl\u00e8tent les points de vue et les opinions de la personne qui publie ses points de vue et opinions. Dans la mesure permise par les lois applicables, Radio Jingles 24 Limited ne sera pas responsable des commentaires ou de toute responsabilit\u00e9, dommages ou d\u00e9penses caus\u00e9s et \/ ou subis \u00e0 la suite de toute utilisation et \/ ou publication et \/ ou apparence du Commentaires sur ce site.<\/p>\n\n<p>Radio Jingles 24 Limited se r\u00e9serve le droit de surveiller tous les commentaires et de supprimer tout commentaire qui peut \u00eatre consid\u00e9r\u00e9 comme inappropri\u00e9, offensant ou qui entra\u00eene une violation des pr\u00e9sentes conditions g\u00e9n\u00e9rales.<\/p>\n\n<p>Vous garantissez et d\u00e9clarez que:<\/p>\n\n<ul>\n    <li>Vous avez le droit de publier les commentaires sur notre site Web et disposez de toutes les licences et consentements n\u00e9cessaires pour le faire;<\/li>\n    <li>Les Commentaires n&#039;envahissent aucun droit de propri\u00e9t\u00e9 intellectuelle, y compris, sans limitation, les droits d&#039;auteur, brevets ou marques de commerce d&#039;un tiers;<\/li>\n    <li>Les commentaires ne contiennent aucun mat\u00e9riel diffamatoire, calomnieux, offensant, ind\u00e9cent ou autrement ill\u00e9gal qui constitue une atteinte \u00e0 la vie priv\u00e9e<\/li>\n    <li>Les commentaires ne seront pas utilis\u00e9s pour solliciter ou promouvoir des activit\u00e9s commerciales ou personnalis\u00e9es ou pr\u00e9senter des activit\u00e9s commerciales ou des activit\u00e9s ill\u00e9gales.<\/li>\n<\/ul>\n\n<p>Vous accordez par la pr\u00e9sente \u00e0 Radio Jingles 24 Limited une licence non exclusive pour utiliser, reproduire, \u00e9diter et autoriser d&#039;autres personnes \u00e0 utiliser, reproduire et \u00e9diter l&#039;un de vos commentaires sous toutes formes, formats ou supports.<\/p>\n\n<h3><strong>Hyperliens vers notre contenu<\/strong><\/h3>\n\n<p>Les organisations suivantes peuvent cr\u00e9er un lien vers notre site Web sans autorisation \u00e9crite pr\u00e9alable:<\/p>\n\n<ul>\n    <li>Organismes gouvernementaux;<\/li>\n    <li>Moteurs de recherche;<\/li>\n    <li>Organisations de presse;<\/li>\n    <li>Les distributeurs d&#039;annuaires en ligne peuvent cr\u00e9er un lien vers notre site Web de la m\u00eame mani\u00e8re qu&#039;ils cr\u00e9ent un lien hypertexte vers les sites Web d&#039;autres entreprises cot\u00e9es; et<\/li>\n    <li>Entreprises accr\u00e9dit\u00e9es \u00e0 l&#039;\u00e9chelle du syst\u00e8me, \u00e0 l&#039;exception de la sollicitation d&#039;organisations \u00e0 but non lucratif, de centres commerciaux caritatifs et de groupes de collecte de fonds caritatifs qui ne peuvent pas cr\u00e9er de lien hypertexte vers notre site Web.<\/li>\n<\/ul>\n\n<p>Ces organisations peuvent cr\u00e9er un lien vers notre page d&#039;accueil, vers des publications ou vers d&#039;autres informations du site Web tant que le lien: (a) n&#039;est en aucun cas trompeur; (b) n&#039;implique pas \u00e0 tort un parrainage, une approbation ou une approbation de la partie liante et de ses produits et \/ ou services; et (c) s&#039;inscrit dans le contexte du site de la partie liante.<\/p>\n\n<p>Nous pouvons consid\u00e9rer et approuver d&#039;autres demandes de lien provenant des types d&#039;organisations suivants:<\/p>\n\n<ul>\n    <li>des sources d&#039;informations bien connues sur les consommateurs et \/ ou les entreprises;<\/li>\n    <li>sites communautaires dot.com;<\/li>\n    <li>associations ou autres groupes repr\u00e9sentant des organismes de bienfaisance;<\/li>\n    <li>distributeurs d&#039;annuaires en ligne;<\/li>\n    <li>portails Internet;<\/li>\n    <li>cabinets comptables, juridiques et de conseil; et<\/li>\n    <li>\u00e9tablissements d&#039;enseignement et associations professionnelles.<\/li>\n<\/ul>\n\n<p>Nous approuverons les demandes de lien de ces organisations si nous d\u00e9cidons que: (a) le lien ne nous ferait pas para\u00eetre d\u00e9favorable \u00e0 nous-m\u00eames ou \u00e0 nos entreprises accr\u00e9dit\u00e9es; (b) l&#039;organisation n&#039;a aucun dossier n\u00e9gatif avec nous; (c) le b\u00e9n\u00e9fice pour nous de la visibilit\u00e9 du lien hypertexte compense l&#039;absence de Radio Jingles 24 Limited; et (d) le lien est dans le contexte d&#039;informations g\u00e9n\u00e9rales sur les ressources.<\/p>\n\n<p>Ces organisations peuvent cr\u00e9er un lien vers notre page d&#039;accueil tant que le lien: (a) n&#039;est en aucun cas trompeur; (b) n&#039;implique pas \u00e0 tort un parrainage, une approbation ou une approbation de la partie liante et de ses produits ou services; et (c) s&#039;inscrit dans le contexte du site de la partie liante.<\/p>\n\n<p>Si vous \u00eates l&#039;une des organisations \u00e9num\u00e9r\u00e9es au paragraphe 2 ci-dessus et que vous souhaitez cr\u00e9er un lien vers notre site Web, vous devez nous en informer en envoyant un e-mail \u00e0 Radio Jingles 24 Limited. Veuillez inclure votre nom, le nom de votre organisation, vos coordonn\u00e9es ainsi que l&#039;URL de votre site, une liste de toutes les URL \u00e0 partir desquelles vous avez l&#039;intention de cr\u00e9er un lien vers notre site Web et une liste des URL de notre site vers lesquelles vous souhaitez lien. Attendez 2-3 semaines pour une r\u00e9ponse.<\/p>\n\n<p>Les organisations approuv\u00e9es peuvent cr\u00e9er un hyperlien vers notre site Web comme suit:<\/p>\n\n<ul>\n    <li>En utilisant notre d\u00e9nomination sociale; ou<\/li>\n    <li>En utilisant le localisateur de ressources uniforme li\u00e9 \u00e0; ou<\/li>\n    <li>En utilisant toute autre description de notre site Web li\u00e9 \u00e0 qui a du sens dans le contexte et le format du contenu sur le site de la partie liante.<\/li>\n<\/ul>\n\n<p>Aucune utilisation du logo de Radio Jingles 24 Limited ou d&#039;autres illustrations ne sera autoris\u00e9e pour cr\u00e9er des liens en l&#039;absence d&#039;un accord de licence de marque.<\/p>\n\n<h3><strong>iFrames<\/strong><\/h3>\n\n<p>Sans approbation pr\u00e9alable et autorisation \u00e9crite, vous ne pouvez pas cr\u00e9er de cadres autour de nos pages Web qui modifient de quelque mani\u00e8re que ce soit la pr\u00e9sentation visuelle ou l&#039;apparence de notre site Web.<\/p>\n\n<h3><strong>Responsabilit\u00e9 du contenu<\/strong><\/h3>\n\n<p>Nous ne serons pas tenus responsables de tout contenu qui appara\u00eet sur votre site Web. Vous acceptez de nous prot\u00e9ger et de nous d\u00e9fendre contre toutes les r\u00e9clamations qui s&#039;\u00e9l\u00e8vent sur votre site Web. Aucun lien ne doit appara\u00eetre sur un site Web qui peut \u00eatre interpr\u00e9t\u00e9 comme diffamatoire, obsc\u00e8ne ou criminel, ou qui enfreint, viole ou pr\u00e9conise la violation ou toute autre violation des droits de tiers.<\/p>\n\n<h3><strong>Votre vie priv\u00e9e<\/strong><\/h3>\n\n<p>Veuillez lire la politique de confidentialit\u00e9<\/p>\n\n<h3><strong>R\u00e9servation de droits<\/strong><\/h3>\n\n<p>Nous nous r\u00e9servons le droit de vous demander de supprimer tous les liens ou tout lien particulier vers notre site Web. Vous acceptez de supprimer imm\u00e9diatement tous les liens vers notre site Web sur demande. Nous nous r\u00e9servons \u00e9galement le droit de modifier ces termes et conditions et sa politique de liaison \u00e0 tout moment. En vous connectant en permanence \u00e0 notre site Web, vous acceptez d&#039;\u00eatre li\u00e9 et de suivre ces termes et conditions de liaison.<\/p>\n\n<h3><strong>Suppression des liens de notre site Web<\/strong><\/h3>\n\n<p>Si vous trouvez un lien sur notre site Web qui est offensant pour une raison quelconque, vous \u00eates libre de nous contacter et de nous informer \u00e0 tout moment. Nous examinerons les demandes de suppression de liens, mais nous ne sommes pas oblig\u00e9s de le faire ou de vous r\u00e9pondre directement.<\/p>\n\n<p>Nous ne garantissons pas que les informations sur ce site Web sont correctes, nous ne garantissons pas leur exhaustivit\u00e9 ou leur exactitude; nous ne promettons pas non plus de garantir que le site Web reste disponible ou que le mat\u00e9riel sur le site Web est tenu \u00e0 jour.<\/p>\n\n<h3><strong>Avertissement<\/strong><\/h3>\n\n<p>Dans la mesure maximale permise par la loi applicable, nous excluons toutes les repr\u00e9sentations, garanties et conditions relatives \u00e0 notre site Web et \u00e0 l&#039;utilisation de ce site Web. Rien dans cette clause de non-responsabilit\u00e9:<\/p>\n\n<ul>\n    <li>limiter ou exclure notre ou votre responsabilit\u00e9 en cas de d\u00e9c\u00e8s ou de blessures corporelles;<\/li>\n    <li>limiter ou exclure notre ou votre responsabilit\u00e9 en cas de fraude ou de fausse d\u00e9claration frauduleuse;<\/li>\n    <li>limiter l&#039;une de nos ou vos responsabilit\u00e9s d&#039;une mani\u00e8re non autoris\u00e9e par la loi applicable; ou<\/li>\n    <li>exclure l&#039;une de nos ou vos responsabilit\u00e9s qui ne peuvent \u00eatre exclues en vertu de la loi applicable.<\/li>\n<\/ul>\n\n<p>Les limitations et interdictions de responsabilit\u00e9 d\u00e9finies dans la pr\u00e9sente section et ailleurs dans cette clause de non-responsabilit\u00e9: (a) sont soumises au paragraphe pr\u00e9c\u00e9dent; et (b) r\u00e9gir toutes les responsabilit\u00e9s d\u00e9coulant de la clause de non-responsabilit\u00e9, y compris les responsabilit\u00e9s contractuelles, d\u00e9lictuelles et pour manquement \u00e0 une obligation l\u00e9gale.<\/p>\n\n<p>Tant que le site Web et les informations et services sur le site Web sont fournis gratuitement, nous ne serons pas responsables de toute perte ou dommage de quelque nature que ce soit.<\/p>\n\t\t<\/div>\n\t<\/div>\n\n\t\t\t<\/div> \n\t\t<\/div>\n\t<\/div> \n<\/div><\/div>","protected":false},"excerpt":{"rendered":"Welcome to Radio Jingles 24! These terms and conditions outline the rules and regulations for the use of Radio Jingles 24 Limited's Website, located at https:\/\/www.radiojingles24.com. By accessing this website...","protected":false},"author":1,"featured_media":0,"parent":0,"menu_order":0,"comment_status":"closed","ping_status":"closed","template":"","meta":{"_exactmetrics_skip_tracking":false,"_exactmetrics_sitenote_active":false,"_exactmetrics_sitenote_note":"","_exactmetrics_sitenote_category":0,"footnotes":""},"class_list":["post-87784","page","type-page","status-publish"],"yoast_head":"<!-- This site is optimized with the Yoast SEO plugin v26.8 - https:\/\/yoast.com\/product\/yoast-seo-wordpress\/ -->\n<title>Radio Jingles 24: Radio Jingles | DJ Drops | Podcast Intros | Sung Jingles<\/title>\n<meta name=\"description\" content=\"Radio Jingles, Sung Jingles, DJ Drops, and Podcast Intros for commercial, community and internet radio stations. UK Based. Prices from \u00a35. Order online.\" \/>\n<meta name=\"robots\" content=\"index, follow, max-snippet:-1, max-image-preview:large, max-video-preview:-1\" \/>\n<link rel=\"canonical\" href=\"https:\/\/radiojingles24.com\/fr\/terms-conditions\/\" \/>\n<meta property=\"og:locale\" content=\"fr_FR\" \/>\n<meta property=\"og:type\" content=\"article\" \/>\n<meta property=\"og:title\" content=\"Radio Jingles 24: Radio Jingles | DJ Drops | Podcast Intros | Sung Jingles\" \/>\n<meta property=\"og:description\" content=\"Radio Jingles, Sung Jingles, DJ Drops, and Podcast Intros for commercial, community and internet radio stations. UK Based. Prices from \u00a35. Order online.\" \/>\n<meta property=\"og:url\" content=\"https:\/\/radiojingles24.com\/fr\/terms-conditions\/\" \/>\n<meta property=\"og:site_name\" content=\"Radio Jingles 24: Radio Jingles | DJ Drops | Podcast Intros | Sung Jingles\" \/>\n<meta property=\"article:publisher\" content=\"https:\/\/www.facebook.com\/radiojingles24\/\" \/>\n<meta name=\"twitter:card\" content=\"summary_large_image\" \/>\n<meta name=\"twitter:site\" content=\"@radiojingles24\" \/>\n<meta name=\"twitter:label1\" content=\"Dur\u00e9e de lecture estim\u00e9e\" \/>\n\t<meta name=\"twitter:data1\" content=\"7 minutes\" \/>\n<script type=\"application\/ld+json\" class=\"yoast-schema-graph\">{\"@context\":\"https:\/\/schema.org\",\"@graph\":[{\"@type\":\"WebPage\",\"@id\":\"https:\/\/radiojingles24.com\/terms-conditions\/\",\"url\":\"https:\/\/radiojingles24.com\/terms-conditions\/\",\"name\":\"Radio Jingles 24: Radio Jingles | DJ Drops | Podcast Intros | Sung Jingles\",\"isPartOf\":{\"@id\":\"https:\/\/radiojingles24.com\/#website\"},\"datePublished\":\"2021-01-03T15:12:21+00:00\",\"description\":\"Radio Jingles, Sung Jingles, DJ Drops, and Podcast Intros for commercial, community and internet radio stations. UK Based. Prices from \u00a35. Order online.\",\"breadcrumb\":{\"@id\":\"https:\/\/radiojingles24.com\/terms-conditions\/#breadcrumb\"},\"inLanguage\":\"fr-FR\",\"potentialAction\":[{\"@type\":\"ReadAction\",\"target\":[\"https:\/\/radiojingles24.com\/terms-conditions\/\"]}]},{\"@type\":\"BreadcrumbList\",\"@id\":\"https:\/\/radiojingles24.com\/terms-conditions\/#breadcrumb\",\"itemListElement\":[{\"@type\":\"ListItem\",\"position\":1,\"name\":\"Home\",\"item\":\"https:\/\/radiojingles24.com\/de\/\"},{\"@type\":\"ListItem\",\"position\":2,\"name\":\"Terms &#038; Conditions\"}]},{\"@type\":\"WebSite\",\"@id\":\"https:\/\/radiojingles24.com\/#website\",\"url\":\"https:\/\/radiojingles24.com\/\",\"name\":\"Radio Jingles 24: Radio Jingles | DJ Drops | Podcast Intros | Sung Jingles\",\"description\":\"Radio Jingles, Sung Jingles, DJ Drops, and Podcast Intros for commercial, community and internet radio stations. UK Based. Prices from \u00a35. Order online.\",\"publisher\":{\"@id\":\"https:\/\/radiojingles24.com\/#organization\"},\"potentialAction\":[{\"@type\":\"SearchAction\",\"target\":{\"@type\":\"EntryPoint\",\"urlTemplate\":\"https:\/\/radiojingles24.com\/?s={search_term_string}\"},\"query-input\":{\"@type\":\"PropertyValueSpecification\",\"valueRequired\":true,\"valueName\":\"search_term_string\"}}],\"inLanguage\":\"fr-FR\"},{\"@type\":\"Organization\",\"@id\":\"https:\/\/radiojingles24.com\/#organization\",\"name\":\"Radio Jingles 24\",\"url\":\"https:\/\/radiojingles24.com\/\",\"logo\":{\"@type\":\"ImageObject\",\"inLanguage\":\"fr-FR\",\"@id\":\"https:\/\/radiojingles24.com\/#\/schema\/logo\/image\/\",\"url\":\"https:\/\/radiojingles24.com\/wp-content\/uploads\/2019\/11\/RadioJingle1-1.jpg\",\"contentUrl\":\"https:\/\/radiojingles24.com\/wp-content\/uploads\/2019\/11\/RadioJingle1-1.jpg\",\"width\":512,\"height\":158,\"caption\":\"Radio Jingles 24\"},\"image\":{\"@id\":\"https:\/\/radiojingles24.com\/#\/schema\/logo\/image\/\"},\"sameAs\":[\"https:\/\/www.facebook.com\/radiojingles24\/\",\"https:\/\/x.com\/radiojingles24\"]}]}<\/script>\n<!-- \/ Yoast SEO plugin. -->","yoast_head_json":{"title":"Radio Jingles 24: Radio Jingles | DJ Drops | Podcast Intros | Jingles chant\u00e9s","description":"Radio Jingles, Sung Jingles, DJ Drops et Podcast Intros pour les stations de radio commerciales, communautaires et Internet. Bas\u00e9 au Royaume-Uni. Prix \u00e0 partir de 5 \u00a3. Commander en ligne.","robots":{"index":"index","follow":"follow","max-snippet":"max-snippet:-1","max-image-preview":"max-image-preview:large","max-video-preview":"max-video-preview:-1"},"canonical":"https:\/\/radiojingles24.com\/fr\/terms-conditions\/","og_locale":"fr_FR","og_type":"article","og_title":"Radio Jingles 24: Radio Jingles | DJ Drops | Podcast Intros | Sung Jingles","og_description":"Radio Jingles, Sung Jingles, DJ Drops, and Podcast Intros for commercial, community and internet radio stations. UK Based. Prices from \u00a35. Order online.","og_url":"https:\/\/radiojingles24.com\/fr\/terms-conditions\/","og_site_name":"Radio Jingles 24: Radio Jingles | DJ Drops | Podcast Intros | Sung Jingles","article_publisher":"https:\/\/www.facebook.com\/radiojingles24\/","twitter_card":"summary_large_image","twitter_site":"@radiojingles24","twitter_misc":{"Dur\u00e9e de lecture estim\u00e9e":"7 minutes"},"schema":{"@context":"https:\/\/schema.org","@graph":[{"@type":"WebPage","@id":"https:\/\/radiojingles24.com\/terms-conditions\/","url":"https:\/\/radiojingles24.com\/terms-conditions\/","name":"Radio Jingles 24: Radio Jingles | DJ Drops | Podcast Intros | Jingles chant\u00e9s","isPartOf":{"@id":"https:\/\/radiojingles24.com\/#website"},"datePublished":"2021-01-03T15:12:21+00:00","description":"Radio Jingles, Sung Jingles, DJ Drops et Podcast Intros pour les stations de radio commerciales, communautaires et Internet. Bas\u00e9 au Royaume-Uni. Prix \u00e0 partir de 5 \u00a3. Commander en ligne.","breadcrumb":{"@id":"https:\/\/radiojingles24.com\/terms-conditions\/#breadcrumb"},"inLanguage":"fr-FR","potentialAction":[{"@type":"ReadAction","target":["https:\/\/radiojingles24.com\/terms-conditions\/"]}]},{"@type":"BreadcrumbList","@id":"https:\/\/radiojingles24.com\/terms-conditions\/#breadcrumb","itemListElement":[{"@type":"ListItem","position":1,"name":"Home","item":"https:\/\/radiojingles24.com\/de\/"},{"@type":"ListItem","position":2,"name":"Terms &#038; Conditions"}]},{"@type":"WebSite","@id":"https:\/\/radiojingles24.com\/#website","url":"https:\/\/radiojingles24.com\/","name":"Radio Jingles 24: Radio Jingles | DJ Drops | Podcast Intros | Jingles chant\u00e9s","description":"Radio Jingles, Sung Jingles, DJ Drops et Podcast Intros pour les stations de radio commerciales, communautaires et Internet. Bas\u00e9 au Royaume-Uni. Prix \u00e0 partir de 5 \u00a3. Commander en ligne.","publisher":{"@id":"https:\/\/radiojingles24.com\/#organization"},"potentialAction":[{"@type":"SearchAction","target":{"@type":"EntryPoint","urlTemplate":"https:\/\/radiojingles24.com\/?s={search_term_string}"},"query-input":{"@type":"PropertyValueSpecification","valueRequired":true,"valueName":"search_term_string"}}],"inLanguage":"fr-FR"},{"@type":"Organization","@id":"https:\/\/radiojingles24.com\/#organization","name":"Radio Jingles 24","url":"https:\/\/radiojingles24.com\/","logo":{"@type":"ImageObject","inLanguage":"fr-FR","@id":"https:\/\/radiojingles24.com\/#\/schema\/logo\/image\/","url":"https:\/\/radiojingles24.com\/wp-content\/uploads\/2019\/11\/RadioJingle1-1.jpg","contentUrl":"https:\/\/radiojingles24.com\/wp-content\/uploads\/2019\/11\/RadioJingle1-1.jpg","width":512,"height":158,"caption":"Radio Jingles 24"},"image":{"@id":"https:\/\/radiojingles24.com\/#\/schema\/logo\/image\/"},"sameAs":["https:\/\/www.facebook.com\/radiojingles24\/","https:\/\/x.com\/radiojingles24"]}]}},"jetpack_sharing_enabled":true,"_links":{"self":[{"href":"https:\/\/radiojingles24.com\/fr\/wp-json\/wp\/v2\/pages\/87784","targetHints":{"allow":["GET"]}}],"collection":[{"href":"https:\/\/radiojingles24.com\/fr\/wp-json\/wp\/v2\/pages"}],"about":[{"href":"https:\/\/radiojingles24.com\/fr\/wp-json\/wp\/v2\/types\/page"}],"author":[{"embeddable":true,"href":"https:\/\/radiojingles24.com\/fr\/wp-json\/wp\/v2\/users\/1"}],"replies":[{"embeddable":true,"href":"https:\/\/radiojingles24.com\/fr\/wp-json\/wp\/v2\/comments?post=87784"}],"version-history":[{"count":1,"href":"https:\/\/radiojingles24.com\/fr\/wp-json\/wp\/v2\/pages\/87784\/revisions"}],"predecessor-version":[{"id":87785,"href":"https:\/\/radiojingles24.com\/fr\/wp-json\/wp\/v2\/pages\/87784\/revisions\/87785"}],"wp:attachment":[{"href":"https:\/\/radiojingles24.com\/fr\/wp-json\/wp\/v2\/media?parent=87784"}],"curies":[{"name":"wp","href":"https:\/\/api.w.org\/{rel}","templated":true}]}}