{"id":88323,"date":"2021-02-02T14:37:06","date_gmt":"2021-02-02T14:37:06","guid":{"rendered":"https:\/\/radiojingles24.com\/?page_id=88323"},"modified":"2021-02-02T14:39:12","modified_gmt":"2021-02-02T14:39:12","slug":"make-engaging-podcast-jingle-music","status":"publish","type":"page","link":"https:\/\/radiojingles24.com\/fr\/make-engaging-podcast-jingle-music\/","title":{"rendered":"Faire de la musique jingle de podcast engageante"},"content":{"rendered":"<div id=\"fws_69e3bd3471466\"  data-midnight=\"dark\"  data-bg-mobile-hidden=\"\" class=\"wpb_row vc_row-fluid vc_row top-level standard_section\"  style=\"padding-top: 0px; padding-bottom: 0px; \"><div class=\"row-bg-wrap\" data-bg-animation=\"none\"><div class=\"inner-wrap\"><div class=\"row-bg\"  style=\"\"><\/div><\/div><div class=\"row-bg-overlay\" ><\/div><\/div><div class=\"col span_12 dark left\">\n\t<div  class=\"vc_col-sm-12 wpb_column column_container vc_column_container col no-extra-padding\"  data-t-w-inherits=\"default\" data-border-radius=\"none\" data-shadow=\"none\" data-border-animation=\"\" data-border-animation-delay=\"\" data-border-width=\"none\" data-border-style=\"solid\" data-border-color=\"\" data-bg-cover=\"\" data-padding-pos=\"all\" data-has-bg-color=\"false\" data-bg-color=\"\" data-bg-opacity=\"1\" data-hover-bg=\"\" data-hover-bg-opacity=\"1\" data-animation=\"\" data-delay=\"0\"><div class=\"column-bg-overlay\"><\/div>\n\t\t<div class=\"vc_column-inner\">\n\t\t\t<div class=\"wpb_wrapper\">\n\t\t\t\t\r\n\t<div class=\"wpb_text_column wpb_content_element\" >\r\n\t\t<div class=\"wpb_wrapper\">\r\n\t\t\t<h1>Faire de la musique jingle de podcast engageante<\/h1>\n<p><span style=\"font-weight: 400;\">Lorsqu&#039;il s&#039;agit de trouver une entreprise qui poss\u00e8de les comp\u00e9tences et les outils n\u00e9cessaires pour cr\u00e9er une musique jingle de podcast de haute qualit\u00e9 qui attirera l&#039;attention de tous ceux qui l&#039;entendent, vous aurez du mal \u00e0 trouver une alternative viable \u00e0 <\/span><a href=\"https:\/\/radiojingles24.com\/fr\/\"><span style=\"font-weight: 400;\">Radio Jingles 24<\/span><\/a><span style=\"font-weight: 400;\">. Quel que soit le type de projet sur lequel vous travaillez, nous nous efforcerons de faire tout notre possible pour r\u00e9pondre \u00e0 vos besoins particuliers.\u00a0<\/span><\/p>\n<p><span style=\"font-weight: 400;\">Les artistes que nous avons dans notre \u00e9quipe sont incroyablement talentueux et ont d\u00e9j\u00e0 accumul\u00e9 une riche exp\u00e9rience dans ce domaine. En raison du secteur de niche dans lequel nous op\u00e9rons, il est tout \u00e0 fait compr\u00e9hensible que vous ayez des questions et des questions. Dans ces situations, nous vous demandons de nous contacter en utilisant soit notre num\u00e9ro de t\u00e9l\u00e9phone, qui est le 01135 346686, soit en nous \u00e9crivant un message, puis en l&#039;envoyant \u00e0 <\/span><a href=\"mailto:info@radiojingles24.com\"><span style=\"font-weight: 400;\">info@radiojingles24.com<\/span><\/a><span style=\"font-weight: 400;\">. <\/span><span style=\"font-weight: 400;\"><br \/>\n<\/span><span style=\"font-weight: 400;\"><br \/>\n<\/span><b>L&#039;attrait des podcasts<\/b><span style=\"font-weight: 400;\"><br \/>\n<\/span><span style=\"font-weight: 400;\"><br \/>\n<\/span><span style=\"font-weight: 400;\">Certaines des personnes qui lisent ceci se demandent peut-\u00eatre pourquoi des millions de personnes \u00e0 travers le pays aiment passer le temps en \u00e9coutant des podcasts. Bien qu&#039;ils existent depuis un certain nombre d&#039;ann\u00e9es, ce n&#039;est que r\u00e9cemment que leur popularit\u00e9 a vraiment commenc\u00e9 \u00e0 d\u00e9coller. Le fait est qu&#039;ils peuvent \u00eatre d\u00e9gust\u00e9s dans une vari\u00e9t\u00e9 d&#039;endroits.\u00a0<\/span><\/p>\n<p>&nbsp;<\/p>\n<p><span style=\"font-weight: 400;\">Certains aiment les utiliser comme une distraction lors d&#039;une longue marche, tandis que d&#039;autres les utilisent comme un accompagnement int\u00e9ressant \u00e0 un entra\u00eenement particuli\u00e8rement difficile. Par cons\u00e9quent, si vous cherchez \u00e0 cr\u00e9er un nouveau podcast, vous serez heureux d&#039;apprendre qu&#039;il existe un vaste march\u00e9 auquel faire appel. Cependant, vous devez d&#039;abord cr\u00e9er une musique de jingle de podcast entra\u00eenante, et c&#039;est l\u00e0 que Radio Jingles 24 entre en sc\u00e8ne. <\/span><span style=\"font-weight: 400;\"><br \/>\n<\/span><span style=\"font-weight: 400;\"><br \/>\n<\/span><b>Que pouvons-nous vous offrir?<\/b><span style=\"font-weight: 400;\"><br \/>\n<\/span><span style=\"font-weight: 400;\"><br \/>\n<\/span><span style=\"font-weight: 400;\">Pour ceux d&#039;entre vous qui se rendent compte que Radio Jingles 24 est la soci\u00e9t\u00e9 la mieux adapt\u00e9e pour vous aider avec votre musique jingle podcast, il est important que vous reconnaissiez les diff\u00e9rents <\/span><a href=\"https:\/\/radiojingles24.com\/fr\/produit\/sung-packages\/\"><span style=\"font-weight: 400;\">paquets<\/span><\/a><span style=\"font-weight: 400;\"> que nous proposons. Si vous preniez le temps de visiter notre page de forfaits, vous concluriez rapidement que les options disponibles ne manquent pas, qui sont toutes de premi\u00e8re classe en termes de qualit\u00e9.\u00a0<\/span><\/p>\n<p>&nbsp;<\/p>\n<p><span style=\"font-weight: 400;\">Chacune de ces offres vous permet de profiter de quatre jingles qui ont \u00e9t\u00e9 chant\u00e9s, ainsi que des versions acapella. Si vous souhaitez pousser le bateau un peu plus loin, vous souhaiterez peut-\u00eatre inclure une rampe suppl\u00e9mentaire. <\/span><span style=\"font-weight: 400;\"><br \/>\n<\/span><span style=\"font-weight: 400;\"><br \/>\n<\/span><b>D\u00e9composition de nos produits<\/b><span style=\"font-weight: 400;\"><br \/>\n<\/span><span style=\"font-weight: 400;\"><br \/>\n<\/span><span style=\"font-weight: 400;\">Bien que la majorit\u00e9 du travail que nous fournissons soit en relation avec la musique jingle de podcast, c&#039;est loin d&#039;\u00eatre la seule comp\u00e9tence de notre r\u00e9pertoire. Lorsque vous entendez le nom \u00abRadio Jingles 24\u00bb, cela devrait \u00e9voquer l&#039;image d&#039;une entreprise multidisciplinaire qui, quelle que soit la situation, peut offrir un service sans tracas. Si vous essayez d&#039;am\u00e9liorer votre <\/span><a href=\"https:\/\/radiojingles24.com\/fr\/categorie-produit\/djs\/\"><span style=\"font-weight: 400;\">DJ<\/span><\/a><span style=\"font-weight: 400;\"> configuration, ou souhaitez obtenir des conseils d&#039;experts sur la cr\u00e9ation d&#039;un fichier audio <\/span><a href=\"https:\/\/radiojingles24.com\/fr\/categorie-produit\/commercial-production\/\"><span style=\"font-weight: 400;\">commercial<\/span><\/a><span style=\"font-weight: 400;\">, nous ne vous laisserons pas d\u00e9\u00e7u.<\/span><span style=\"font-weight: 400;\"><br \/>\n<\/span><\/p>\n\r\n\t\t<\/div>\r\n\t<\/div>\r\n\n\t\t\t<\/div> \n\t\t<\/div>\n\t<\/div> \n<\/div><\/div>","protected":false},"excerpt":{"rendered":"Cr\u00e9ez une musique de jingle de podcast engageante Lorsqu&#039;il s&#039;agit de trouver une entreprise qui poss\u00e8de les comp\u00e9tences et les outils n\u00e9cessaires pour cr\u00e9er une musique de jingle de podcast de haute qualit\u00e9 qui attirera l&#039;attention ...","protected":false},"author":1,"featured_media":0,"parent":0,"menu_order":0,"comment_status":"closed","ping_status":"closed","template":"","meta":{"_exactmetrics_skip_tracking":false,"_exactmetrics_sitenote_active":false,"_exactmetrics_sitenote_note":"","_exactmetrics_sitenote_category":0,"footnotes":""},"class_list":["post-88323","page","type-page","status-publish"],"yoast_head":"<!-- This site is optimized with the Yoast SEO plugin v26.8 - https:\/\/yoast.com\/product\/yoast-seo-wordpress\/ -->\n<title>Radio Jingles 24: Radio Jingles | DJ Drops | Podcast Intros | Sung Jingles<\/title>\n<meta name=\"description\" content=\"Radio Jingles, Sung Jingles, DJ Drops, and Podcast Intros for commercial, community and internet radio stations. UK Based. Prices from \u00a35. Order online.\" \/>\n<meta name=\"robots\" content=\"index, follow, max-snippet:-1, max-image-preview:large, max-video-preview:-1\" \/>\n<link rel=\"canonical\" href=\"https:\/\/radiojingles24.com\/fr\/make-engaging-podcast-jingle-music\/\" \/>\n<meta property=\"og:locale\" content=\"fr_FR\" \/>\n<meta property=\"og:type\" content=\"article\" \/>\n<meta property=\"og:title\" content=\"Radio Jingles 24: Radio Jingles | DJ Drops | Podcast Intros | Sung Jingles\" \/>\n<meta property=\"og:description\" content=\"Radio Jingles, Sung Jingles, DJ Drops, and Podcast Intros for commercial, community and internet radio stations. UK Based. Prices from \u00a35. Order online.\" \/>\n<meta property=\"og:url\" content=\"https:\/\/radiojingles24.com\/fr\/make-engaging-podcast-jingle-music\/\" \/>\n<meta property=\"og:site_name\" content=\"Radio Jingles 24: Radio Jingles | DJ Drops | Podcast Intros | Sung Jingles\" \/>\n<meta property=\"article:publisher\" content=\"https:\/\/www.facebook.com\/radiojingles24\/\" \/>\n<meta property=\"article:modified_time\" content=\"2021-02-02T14:39:12+00:00\" \/>\n<meta name=\"twitter:card\" content=\"summary_large_image\" \/>\n<meta name=\"twitter:site\" content=\"@radiojingles24\" \/>\n<meta name=\"twitter:label1\" content=\"Dur\u00e9e de lecture estim\u00e9e\" \/>\n\t<meta name=\"twitter:data1\" content=\"3 minutes\" \/>\n<script type=\"application\/ld+json\" class=\"yoast-schema-graph\">{\"@context\":\"https:\/\/schema.org\",\"@graph\":[{\"@type\":\"WebPage\",\"@id\":\"https:\/\/radiojingles24.com\/it\/make-engaging-podcast-jingle-music\/\",\"url\":\"https:\/\/radiojingles24.com\/it\/make-engaging-podcast-jingle-music\/\",\"name\":\"Radio Jingles 24: Radio Jingles | DJ Drops | Podcast Intros | Sung Jingles\",\"isPartOf\":{\"@id\":\"https:\/\/radiojingles24.com\/#website\"},\"datePublished\":\"2021-02-02T14:37:06+00:00\",\"dateModified\":\"2021-02-02T14:39:12+00:00\",\"description\":\"Radio Jingles, Sung Jingles, DJ Drops, and Podcast Intros for commercial, community and internet radio stations. UK Based. Prices from \u00a35. Order online.\",\"breadcrumb\":{\"@id\":\"https:\/\/radiojingles24.com\/it\/make-engaging-podcast-jingle-music\/#breadcrumb\"},\"inLanguage\":\"fr-FR\",\"potentialAction\":[{\"@type\":\"ReadAction\",\"target\":[\"https:\/\/radiojingles24.com\/it\/make-engaging-podcast-jingle-music\/\"]}]},{\"@type\":\"BreadcrumbList\",\"@id\":\"https:\/\/radiojingles24.com\/it\/make-engaging-podcast-jingle-music\/#breadcrumb\",\"itemListElement\":[{\"@type\":\"ListItem\",\"position\":1,\"name\":\"Home\",\"item\":\"https:\/\/radiojingles24.com\/de\/\"},{\"@type\":\"ListItem\",\"position\":2,\"name\":\"Make Engaging Podcast Jingle Music\"}]},{\"@type\":\"WebSite\",\"@id\":\"https:\/\/radiojingles24.com\/#website\",\"url\":\"https:\/\/radiojingles24.com\/\",\"name\":\"Radio Jingles 24: Radio Jingles | DJ Drops | Podcast Intros | Sung Jingles\",\"description\":\"Radio Jingles, Sung Jingles, DJ Drops, and Podcast Intros for commercial, community and internet radio stations. UK Based. Prices from \u00a35. Order online.\",\"publisher\":{\"@id\":\"https:\/\/radiojingles24.com\/#organization\"},\"potentialAction\":[{\"@type\":\"SearchAction\",\"target\":{\"@type\":\"EntryPoint\",\"urlTemplate\":\"https:\/\/radiojingles24.com\/?s={search_term_string}\"},\"query-input\":{\"@type\":\"PropertyValueSpecification\",\"valueRequired\":true,\"valueName\":\"search_term_string\"}}],\"inLanguage\":\"fr-FR\"},{\"@type\":\"Organization\",\"@id\":\"https:\/\/radiojingles24.com\/#organization\",\"name\":\"Radio Jingles 24\",\"url\":\"https:\/\/radiojingles24.com\/\",\"logo\":{\"@type\":\"ImageObject\",\"inLanguage\":\"fr-FR\",\"@id\":\"https:\/\/radiojingles24.com\/#\/schema\/logo\/image\/\",\"url\":\"https:\/\/radiojingles24.com\/wp-content\/uploads\/2019\/11\/RadioJingle1-1.jpg\",\"contentUrl\":\"https:\/\/radiojingles24.com\/wp-content\/uploads\/2019\/11\/RadioJingle1-1.jpg\",\"width\":512,\"height\":158,\"caption\":\"Radio Jingles 24\"},\"image\":{\"@id\":\"https:\/\/radiojingles24.com\/#\/schema\/logo\/image\/\"},\"sameAs\":[\"https:\/\/www.facebook.com\/radiojingles24\/\",\"https:\/\/x.com\/radiojingles24\"]}]}<\/script>\n<!-- \/ Yoast SEO plugin. -->","yoast_head_json":{"title":"Radio Jingles 24: Radio Jingles | DJ Drops | Podcast Intros | Jingles chant\u00e9s","description":"Radio Jingles, Sung Jingles, DJ Drops et Podcast Intros pour les stations de radio commerciales, communautaires et Internet. Bas\u00e9 au Royaume-Uni. Prix \u00e0 partir de 5 \u00a3. Commander en ligne.","robots":{"index":"index","follow":"follow","max-snippet":"max-snippet:-1","max-image-preview":"max-image-preview:large","max-video-preview":"max-video-preview:-1"},"canonical":"https:\/\/radiojingles24.com\/fr\/make-engaging-podcast-jingle-music\/","og_locale":"fr_FR","og_type":"article","og_title":"Radio Jingles 24: Radio Jingles | DJ Drops | Podcast Intros | Sung Jingles","og_description":"Radio Jingles, Sung Jingles, DJ Drops, and Podcast Intros for commercial, community and internet radio stations. UK Based. Prices from \u00a35. Order online.","og_url":"https:\/\/radiojingles24.com\/fr\/make-engaging-podcast-jingle-music\/","og_site_name":"Radio Jingles 24: Radio Jingles | DJ Drops | Podcast Intros | Sung Jingles","article_publisher":"https:\/\/www.facebook.com\/radiojingles24\/","article_modified_time":"2021-02-02T14:39:12+00:00","twitter_card":"summary_large_image","twitter_site":"@radiojingles24","twitter_misc":{"Dur\u00e9e de lecture estim\u00e9e":"3 minutes"},"schema":{"@context":"https:\/\/schema.org","@graph":[{"@type":"WebPage","@id":"https:\/\/radiojingles24.com\/it\/make-engaging-podcast-jingle-music\/","url":"https:\/\/radiojingles24.com\/it\/make-engaging-podcast-jingle-music\/","name":"Radio Jingles 24: Radio Jingles | DJ Drops | Podcast Intros | Jingles chant\u00e9s","isPartOf":{"@id":"https:\/\/radiojingles24.com\/#website"},"datePublished":"2021-02-02T14:37:06+00:00","dateModified":"2021-02-02T14:39:12+00:00","description":"Radio Jingles, Sung Jingles, DJ Drops et Podcast Intros pour les stations de radio commerciales, communautaires et Internet. Bas\u00e9 au Royaume-Uni. Prix \u00e0 partir de 5 \u00a3. Commander en ligne.","breadcrumb":{"@id":"https:\/\/radiojingles24.com\/it\/make-engaging-podcast-jingle-music\/#breadcrumb"},"inLanguage":"fr-FR","potentialAction":[{"@type":"ReadAction","target":["https:\/\/radiojingles24.com\/it\/make-engaging-podcast-jingle-music\/"]}]},{"@type":"BreadcrumbList","@id":"https:\/\/radiojingles24.com\/it\/make-engaging-podcast-jingle-music\/#breadcrumb","itemListElement":[{"@type":"ListItem","position":1,"name":"Home","item":"https:\/\/radiojingles24.com\/de\/"},{"@type":"ListItem","position":2,"name":"Make Engaging Podcast Jingle Music"}]},{"@type":"WebSite","@id":"https:\/\/radiojingles24.com\/#website","url":"https:\/\/radiojingles24.com\/","name":"Radio Jingles 24: Radio Jingles | DJ Drops | Podcast Intros | Jingles chant\u00e9s","description":"Radio Jingles, Sung Jingles, DJ Drops et Podcast Intros pour les stations de radio commerciales, communautaires et Internet. Bas\u00e9 au Royaume-Uni. Prix \u00e0 partir de 5 \u00a3. Commander en ligne.","publisher":{"@id":"https:\/\/radiojingles24.com\/#organization"},"potentialAction":[{"@type":"SearchAction","target":{"@type":"EntryPoint","urlTemplate":"https:\/\/radiojingles24.com\/?s={search_term_string}"},"query-input":{"@type":"PropertyValueSpecification","valueRequired":true,"valueName":"search_term_string"}}],"inLanguage":"fr-FR"},{"@type":"Organization","@id":"https:\/\/radiojingles24.com\/#organization","name":"Radio Jingles 24","url":"https:\/\/radiojingles24.com\/","logo":{"@type":"ImageObject","inLanguage":"fr-FR","@id":"https:\/\/radiojingles24.com\/#\/schema\/logo\/image\/","url":"https:\/\/radiojingles24.com\/wp-content\/uploads\/2019\/11\/RadioJingle1-1.jpg","contentUrl":"https:\/\/radiojingles24.com\/wp-content\/uploads\/2019\/11\/RadioJingle1-1.jpg","width":512,"height":158,"caption":"Radio Jingles 24"},"image":{"@id":"https:\/\/radiojingles24.com\/#\/schema\/logo\/image\/"},"sameAs":["https:\/\/www.facebook.com\/radiojingles24\/","https:\/\/x.com\/radiojingles24"]}]}},"jetpack_sharing_enabled":true,"_links":{"self":[{"href":"https:\/\/radiojingles24.com\/fr\/wp-json\/wp\/v2\/pages\/88323","targetHints":{"allow":["GET"]}}],"collection":[{"href":"https:\/\/radiojingles24.com\/fr\/wp-json\/wp\/v2\/pages"}],"about":[{"href":"https:\/\/radiojingles24.com\/fr\/wp-json\/wp\/v2\/types\/page"}],"author":[{"embeddable":true,"href":"https:\/\/radiojingles24.com\/fr\/wp-json\/wp\/v2\/users\/1"}],"replies":[{"embeddable":true,"href":"https:\/\/radiojingles24.com\/fr\/wp-json\/wp\/v2\/comments?post=88323"}],"version-history":[{"count":2,"href":"https:\/\/radiojingles24.com\/fr\/wp-json\/wp\/v2\/pages\/88323\/revisions"}],"predecessor-version":[{"id":88328,"href":"https:\/\/radiojingles24.com\/fr\/wp-json\/wp\/v2\/pages\/88323\/revisions\/88328"}],"wp:attachment":[{"href":"https:\/\/radiojingles24.com\/fr\/wp-json\/wp\/v2\/media?parent=88323"}],"curies":[{"name":"wp","href":"https:\/\/api.w.org\/{rel}","templated":true}]}}