{"id":88325,"date":"2021-02-02T14:37:57","date_gmt":"2021-02-02T14:37:57","guid":{"rendered":"https:\/\/radiojingles24.com\/?page_id=88325"},"modified":"2021-02-02T14:39:09","modified_gmt":"2021-02-02T14:39:09","slug":"first-class-voice-over-agency","status":"publish","type":"page","link":"https:\/\/radiojingles24.com\/fr\/first-class-voice-over-agency\/","title":{"rendered":"Agence de voix off de premi\u00e8re classe"},"content":{"rendered":"<div id=\"fws_69e154c662818\"  data-midnight=\"dark\"  data-bg-mobile-hidden=\"\" class=\"wpb_row vc_row-fluid vc_row top-level standard_section\"  style=\"padding-top: 0px; padding-bottom: 0px; \"><div class=\"row-bg-wrap\" data-bg-animation=\"none\"><div class=\"inner-wrap\"><div class=\"row-bg\"  style=\"\"><\/div><\/div><div class=\"row-bg-overlay\" ><\/div><\/div><div class=\"col span_12 dark left\">\n\t<div  class=\"vc_col-sm-12 wpb_column column_container vc_column_container col no-extra-padding\"  data-t-w-inherits=\"default\" data-border-radius=\"none\" data-shadow=\"none\" data-border-animation=\"\" data-border-animation-delay=\"\" data-border-width=\"none\" data-border-style=\"solid\" data-border-color=\"\" data-bg-cover=\"\" data-padding-pos=\"all\" data-has-bg-color=\"false\" data-bg-color=\"\" data-bg-opacity=\"1\" data-hover-bg=\"\" data-hover-bg-opacity=\"1\" data-animation=\"\" data-delay=\"0\"><div class=\"column-bg-overlay\"><\/div>\n\t\t<div class=\"vc_column-inner\">\n\t\t\t<div class=\"wpb_wrapper\">\n\t\t\t\t\r\n\t<div class=\"wpb_text_column wpb_content_element\" >\r\n\t\t<div class=\"wpb_wrapper\">\r\n\t\t\t<h1>Agence de voix off de premi\u00e8re classe<\/h1>\n<p><span style=\"font-weight: 400;\">Avez-vous r\u00e9cemment d\u00e9cid\u00e9 de lancer un podcast d\u00e9di\u00e9 \u00e0 votre sujet pr\u00e9f\u00e9r\u00e9, mais avez du mal \u00e0 trouver un jingle accrocheur? Vous souhaitez travailler avec une agence de voix off de premier ordre qui peut utiliser sa vaste expertise pour vous orienter dans la bonne direction? Si ces situations vous semblent famili\u00e8res, il y a de fortes chances que vous soyez parfaitement apte \u00e0 travailler aux c\u00f4t\u00e9s du <\/span><a href=\"https:\/\/radiojingles24.com\/fr\/\"><span style=\"font-weight: 400;\">Radio Jingles 24<\/span><\/a><span style=\"font-weight: 400;\">.\u00a0<\/span><\/p>\n<p><span style=\"font-weight: 400;\">Outre la gamme de produits et de services que nous avons \u00e0 offrir, beaucoup de nos clients citent notre fantastique niveau de service \u00e0 la client\u00e8le comme l&#039;une des principales raisons pour lesquelles ils nous confient leurs projets. Pour ceux d&#039;entre vous qui souhaitent discuter de vos id\u00e9es de mani\u00e8re plus approfondie avec l&#039;un de nos repr\u00e9sentants, vous pouvez trouver les m\u00e9thodes utiles d\u00e9crites sur notre <\/span><a href=\"https:\/\/radiojingles24.com\/fr\/contact-us\/\"><span style=\"font-weight: 400;\">page contact<\/span><\/a><span style=\"font-weight: 400;\">.<\/span><span style=\"font-weight: 400;\"><br \/>\n<\/span><b><\/b><\/p>\n<h2><b>Importance des jingles<\/b><span style=\"font-weight: 400;\"><br \/>\n<\/span><\/h2>\n<p><span style=\"font-weight: 400;\">Si vous n&#039;avez pas \u00e9t\u00e9 expos\u00e9 de mani\u00e8re significative au monde du marketing, vous serez peut-\u00eatre curieux de savoir pourquoi les jingles restent un moyen extr\u00eamement populaire de faire la publicit\u00e9 de produits et de services. Comme notre nom l&#039;indique, Radio Jingles 24 est l&#039;entreprise id\u00e9ale avec laquelle travailler si vous souhaitez investir lors de l&#039;embauche d&#039;une agence de voix off. Ces types de publicit\u00e9s musicales sont con\u00e7us pour durer longtemps et peuvent \u00eatre utilis\u00e9s pour identifier imm\u00e9diatement une entreprise particuli\u00e8re ou son produit phare. Peu importe si elle est diffus\u00e9e \u00e0 la radio ou accompagne une sc\u00e8ne visuelle \u00e0 la t\u00e9l\u00e9vision, les r\u00e9sultats resteront les m\u00eames. <\/span><span style=\"font-weight: 400;\"><br \/>\n<\/span><span style=\"font-weight: 400;\"><br \/>\n<\/span><b>Quels services fournissons-nous?<\/b><span style=\"font-weight: 400;\"><br \/>\n<\/span><span style=\"font-weight: 400;\"><br \/>\n<\/span><span style=\"font-weight: 400;\">Contrairement \u00e0 certaines des agences de voix off traditionnelles que vous trouverez au Royaume-Uni, nous pensons qu&#039;il est important d&#039;op\u00e9rer dans un certain nombre de secteurs diff\u00e9rents. Pour de nombreuses entreprises, notre fonction premi\u00e8re consiste \u00e0 enregistrer des jingles qui vivront longtemps dans la m\u00e9moire de tous ceux qui l&#039;entendent. Cependant, ce n&#039;est qu&#039;un petit aspect de nos capacit\u00e9s globales. Que ce soit notre <\/span><a href=\"https:\/\/radiojingles24.com\/fr\/produit\/pro-dj-drop-pack\/\"><span style=\"font-weight: 400;\">Pack Pro DJ Drop<\/span><\/a><span style=\"font-weight: 400;\"> qui r\u00e9pondra \u00e0 vos besoins, ou voudrait acheter un pr\u00e9-fait <\/span><a href=\"https:\/\/radiojingles24.com\/fr\/produit\/commercial-promo-package\/\"><span style=\"font-weight: 400;\">Forfait commercial<\/span><\/a><span style=\"font-weight: 400;\">, vous pouvez \u00eatre s\u00fbr que le r\u00e9sultat vous laissera compl\u00e8tement satisfait. <\/span><span style=\"font-weight: 400;\"><br \/>\n<\/span><span style=\"font-weight: 400;\"><br \/>\n<\/span><b>\u00c0 quoi ressemblons-nous?<\/b><span style=\"font-weight: 400;\"><br \/>\n<\/span><span style=\"font-weight: 400;\"><br \/>\n<\/span><span style=\"font-weight: 400;\">Lorsque vous explorez les diff\u00e9rentes agences de voix off qui op\u00e8rent au Royaume-Uni, il est important que vous formuliez une compr\u00e9hension approfondie de ce qu&#039;elles ont \u00e0 offrir. Vous pouvez avoir une direction particuli\u00e8re pour ce que vous voulez que votre jingle ressemble, et cela peut signifier qu&#039;il y a une certaine hauteur dont vous avez besoin.\u00a0<\/span><\/p>\n<p><span style=\"font-weight: 400;\">Heureusement, ces types de probl\u00e8mes seront facilement r\u00e9solus lorsque vous viendrez nous voir ici \u00e0 Radio Jingles 24. Dans notre \u00e9quipe, nous avons un certain nombre d&#039;artistes talentueux, et leurs exp\u00e9riences dans ce secteur garantissent qu&#039;ils ne vous laisseront pas d\u00e9\u00e7u. Sur notre site Web, vous pouvez <\/span><a href=\"https:\/\/radiojingles24.com\/fr\/#voices\"><span style=\"font-weight: 400;\">Ecoutez<\/span><\/a><span style=\"font-weight: 400;\"> \u00e0 des \u00e9chantillons de membres de notre \u00e9quipe, et cela devrait vous fournir les informations dont vous avez besoin pour prendre une d\u00e9cision \u00e9clair\u00e9e concernant la personne la mieux adapt\u00e9e \u00e0 votre projet.<\/span><\/p>\n\r\n\t\t<\/div>\r\n\t<\/div>\r\n\n\t\t\t<\/div> \n\t\t<\/div>\n\t<\/div> \n<\/div><\/div>","protected":false},"excerpt":{"rendered":"First-Class Voice Over Agency Have you recently decided to start a podcast which is dedicated to your favourite topic, but are struggling to come up with a catchy jingle? Interested...","protected":false},"author":1,"featured_media":0,"parent":0,"menu_order":0,"comment_status":"closed","ping_status":"closed","template":"","meta":{"_exactmetrics_skip_tracking":false,"_exactmetrics_sitenote_active":false,"_exactmetrics_sitenote_note":"","_exactmetrics_sitenote_category":0,"footnotes":""},"class_list":["post-88325","page","type-page","status-publish"],"yoast_head":"<!-- This site is optimized with the Yoast SEO plugin v26.8 - https:\/\/yoast.com\/product\/yoast-seo-wordpress\/ -->\n<title>Radio Jingles 24: Radio Jingles | DJ Drops | Podcast Intros | Sung Jingles<\/title>\n<meta name=\"description\" content=\"Radio Jingles, Sung Jingles, DJ Drops, and Podcast Intros for commercial, community and internet radio stations. UK Based. Prices from \u00a35. Order online.\" \/>\n<meta name=\"robots\" content=\"index, follow, max-snippet:-1, max-image-preview:large, max-video-preview:-1\" \/>\n<link rel=\"canonical\" href=\"https:\/\/radiojingles24.com\/fr\/first-class-voice-over-agency\/\" \/>\n<meta property=\"og:locale\" content=\"fr_FR\" \/>\n<meta property=\"og:type\" content=\"article\" \/>\n<meta property=\"og:title\" content=\"Radio Jingles 24: Radio Jingles | DJ Drops | Podcast Intros | Sung Jingles\" \/>\n<meta property=\"og:description\" content=\"Radio Jingles, Sung Jingles, DJ Drops, and Podcast Intros for commercial, community and internet radio stations. UK Based. Prices from \u00a35. Order online.\" \/>\n<meta property=\"og:url\" content=\"https:\/\/radiojingles24.com\/fr\/first-class-voice-over-agency\/\" \/>\n<meta property=\"og:site_name\" content=\"Radio Jingles 24: Radio Jingles | DJ Drops | Podcast Intros | Sung Jingles\" \/>\n<meta property=\"article:publisher\" content=\"https:\/\/www.facebook.com\/radiojingles24\/\" \/>\n<meta property=\"article:modified_time\" content=\"2021-02-02T14:39:09+00:00\" \/>\n<meta name=\"twitter:card\" content=\"summary_large_image\" \/>\n<meta name=\"twitter:site\" content=\"@radiojingles24\" \/>\n<meta name=\"twitter:label1\" content=\"Dur\u00e9e de lecture estim\u00e9e\" \/>\n\t<meta name=\"twitter:data1\" content=\"3 minutes\" \/>\n<script type=\"application\/ld+json\" class=\"yoast-schema-graph\">{\"@context\":\"https:\/\/schema.org\",\"@graph\":[{\"@type\":\"WebPage\",\"@id\":\"https:\/\/radiojingles24.com\/de\/first-class-voice-over-agency\/\",\"url\":\"https:\/\/radiojingles24.com\/de\/first-class-voice-over-agency\/\",\"name\":\"Radio Jingles 24: Radio Jingles | DJ Drops | Podcast Intros | Sung Jingles\",\"isPartOf\":{\"@id\":\"https:\/\/radiojingles24.com\/#website\"},\"datePublished\":\"2021-02-02T14:37:57+00:00\",\"dateModified\":\"2021-02-02T14:39:09+00:00\",\"description\":\"Radio Jingles, Sung Jingles, DJ Drops, and Podcast Intros for commercial, community and internet radio stations. UK Based. Prices from \u00a35. Order online.\",\"breadcrumb\":{\"@id\":\"https:\/\/radiojingles24.com\/de\/first-class-voice-over-agency\/#breadcrumb\"},\"inLanguage\":\"fr-FR\",\"potentialAction\":[{\"@type\":\"ReadAction\",\"target\":[\"https:\/\/radiojingles24.com\/de\/first-class-voice-over-agency\/\"]}]},{\"@type\":\"BreadcrumbList\",\"@id\":\"https:\/\/radiojingles24.com\/de\/first-class-voice-over-agency\/#breadcrumb\",\"itemListElement\":[{\"@type\":\"ListItem\",\"position\":1,\"name\":\"Home\",\"item\":\"https:\/\/radiojingles24.com\/de\/\"},{\"@type\":\"ListItem\",\"position\":2,\"name\":\"First-Class Voice Over Agency\"}]},{\"@type\":\"WebSite\",\"@id\":\"https:\/\/radiojingles24.com\/#website\",\"url\":\"https:\/\/radiojingles24.com\/\",\"name\":\"Radio Jingles 24: Radio Jingles | DJ Drops | Podcast Intros | Sung Jingles\",\"description\":\"Radio Jingles, Sung Jingles, DJ Drops, and Podcast Intros for commercial, community and internet radio stations. UK Based. Prices from \u00a35. Order online.\",\"publisher\":{\"@id\":\"https:\/\/radiojingles24.com\/#organization\"},\"potentialAction\":[{\"@type\":\"SearchAction\",\"target\":{\"@type\":\"EntryPoint\",\"urlTemplate\":\"https:\/\/radiojingles24.com\/?s={search_term_string}\"},\"query-input\":{\"@type\":\"PropertyValueSpecification\",\"valueRequired\":true,\"valueName\":\"search_term_string\"}}],\"inLanguage\":\"fr-FR\"},{\"@type\":\"Organization\",\"@id\":\"https:\/\/radiojingles24.com\/#organization\",\"name\":\"Radio Jingles 24\",\"url\":\"https:\/\/radiojingles24.com\/\",\"logo\":{\"@type\":\"ImageObject\",\"inLanguage\":\"fr-FR\",\"@id\":\"https:\/\/radiojingles24.com\/#\/schema\/logo\/image\/\",\"url\":\"https:\/\/radiojingles24.com\/wp-content\/uploads\/2019\/11\/RadioJingle1-1.jpg\",\"contentUrl\":\"https:\/\/radiojingles24.com\/wp-content\/uploads\/2019\/11\/RadioJingle1-1.jpg\",\"width\":512,\"height\":158,\"caption\":\"Radio Jingles 24\"},\"image\":{\"@id\":\"https:\/\/radiojingles24.com\/#\/schema\/logo\/image\/\"},\"sameAs\":[\"https:\/\/www.facebook.com\/radiojingles24\/\",\"https:\/\/x.com\/radiojingles24\"]}]}<\/script>\n<!-- \/ Yoast SEO plugin. -->","yoast_head_json":{"title":"Radio Jingles 24: Radio Jingles | DJ Drops | Podcast Intros | Jingles chant\u00e9s","description":"Radio Jingles, Sung Jingles, DJ Drops et Podcast Intros pour les stations de radio commerciales, communautaires et Internet. Bas\u00e9 au Royaume-Uni. Prix \u00e0 partir de 5 \u00a3. Commander en ligne.","robots":{"index":"index","follow":"follow","max-snippet":"max-snippet:-1","max-image-preview":"max-image-preview:large","max-video-preview":"max-video-preview:-1"},"canonical":"https:\/\/radiojingles24.com\/fr\/first-class-voice-over-agency\/","og_locale":"fr_FR","og_type":"article","og_title":"Radio Jingles 24: Radio Jingles | DJ Drops | Podcast Intros | Sung Jingles","og_description":"Radio Jingles, Sung Jingles, DJ Drops, and Podcast Intros for commercial, community and internet radio stations. UK Based. Prices from \u00a35. Order online.","og_url":"https:\/\/radiojingles24.com\/fr\/first-class-voice-over-agency\/","og_site_name":"Radio Jingles 24: Radio Jingles | DJ Drops | Podcast Intros | Sung Jingles","article_publisher":"https:\/\/www.facebook.com\/radiojingles24\/","article_modified_time":"2021-02-02T14:39:09+00:00","twitter_card":"summary_large_image","twitter_site":"@radiojingles24","twitter_misc":{"Dur\u00e9e de lecture estim\u00e9e":"3 minutes"},"schema":{"@context":"https:\/\/schema.org","@graph":[{"@type":"WebPage","@id":"https:\/\/radiojingles24.com\/de\/first-class-voice-over-agency\/","url":"https:\/\/radiojingles24.com\/de\/first-class-voice-over-agency\/","name":"Radio Jingles 24: Radio Jingles | DJ Drops | Podcast Intros | Jingles chant\u00e9s","isPartOf":{"@id":"https:\/\/radiojingles24.com\/#website"},"datePublished":"2021-02-02T14:37:57+00:00","dateModified":"2021-02-02T14:39:09+00:00","description":"Radio Jingles, Sung Jingles, DJ Drops et Podcast Intros pour les stations de radio commerciales, communautaires et Internet. Bas\u00e9 au Royaume-Uni. Prix \u00e0 partir de 5 \u00a3. Commander en ligne.","breadcrumb":{"@id":"https:\/\/radiojingles24.com\/de\/first-class-voice-over-agency\/#breadcrumb"},"inLanguage":"fr-FR","potentialAction":[{"@type":"ReadAction","target":["https:\/\/radiojingles24.com\/de\/first-class-voice-over-agency\/"]}]},{"@type":"BreadcrumbList","@id":"https:\/\/radiojingles24.com\/de\/first-class-voice-over-agency\/#breadcrumb","itemListElement":[{"@type":"ListItem","position":1,"name":"Home","item":"https:\/\/radiojingles24.com\/de\/"},{"@type":"ListItem","position":2,"name":"First-Class Voice Over Agency"}]},{"@type":"WebSite","@id":"https:\/\/radiojingles24.com\/#website","url":"https:\/\/radiojingles24.com\/","name":"Radio Jingles 24: Radio Jingles | DJ Drops | Podcast Intros | Jingles chant\u00e9s","description":"Radio Jingles, Sung Jingles, DJ Drops et Podcast Intros pour les stations de radio commerciales, communautaires et Internet. Bas\u00e9 au Royaume-Uni. Prix \u00e0 partir de 5 \u00a3. Commander en ligne.","publisher":{"@id":"https:\/\/radiojingles24.com\/#organization"},"potentialAction":[{"@type":"SearchAction","target":{"@type":"EntryPoint","urlTemplate":"https:\/\/radiojingles24.com\/?s={search_term_string}"},"query-input":{"@type":"PropertyValueSpecification","valueRequired":true,"valueName":"search_term_string"}}],"inLanguage":"fr-FR"},{"@type":"Organization","@id":"https:\/\/radiojingles24.com\/#organization","name":"Radio Jingles 24","url":"https:\/\/radiojingles24.com\/","logo":{"@type":"ImageObject","inLanguage":"fr-FR","@id":"https:\/\/radiojingles24.com\/#\/schema\/logo\/image\/","url":"https:\/\/radiojingles24.com\/wp-content\/uploads\/2019\/11\/RadioJingle1-1.jpg","contentUrl":"https:\/\/radiojingles24.com\/wp-content\/uploads\/2019\/11\/RadioJingle1-1.jpg","width":512,"height":158,"caption":"Radio Jingles 24"},"image":{"@id":"https:\/\/radiojingles24.com\/#\/schema\/logo\/image\/"},"sameAs":["https:\/\/www.facebook.com\/radiojingles24\/","https:\/\/x.com\/radiojingles24"]}]}},"jetpack_sharing_enabled":true,"_links":{"self":[{"href":"https:\/\/radiojingles24.com\/fr\/wp-json\/wp\/v2\/pages\/88325","targetHints":{"allow":["GET"]}}],"collection":[{"href":"https:\/\/radiojingles24.com\/fr\/wp-json\/wp\/v2\/pages"}],"about":[{"href":"https:\/\/radiojingles24.com\/fr\/wp-json\/wp\/v2\/types\/page"}],"author":[{"embeddable":true,"href":"https:\/\/radiojingles24.com\/fr\/wp-json\/wp\/v2\/users\/1"}],"replies":[{"embeddable":true,"href":"https:\/\/radiojingles24.com\/fr\/wp-json\/wp\/v2\/comments?post=88325"}],"version-history":[{"count":2,"href":"https:\/\/radiojingles24.com\/fr\/wp-json\/wp\/v2\/pages\/88325\/revisions"}],"predecessor-version":[{"id":88327,"href":"https:\/\/radiojingles24.com\/fr\/wp-json\/wp\/v2\/pages\/88325\/revisions\/88327"}],"wp:attachment":[{"href":"https:\/\/radiojingles24.com\/fr\/wp-json\/wp\/v2\/media?parent=88325"}],"curies":[{"name":"wp","href":"https:\/\/api.w.org\/{rel}","templated":true}]}}