{"id":88474,"date":"2021-02-10T16:41:42","date_gmt":"2021-02-10T16:41:42","guid":{"rendered":"https:\/\/radiojingles24.com\/?page_id=88474"},"modified":"2021-02-10T16:41:42","modified_gmt":"2021-02-10T16:41:42","slug":"dj-intro-voice-to-download-2","status":"publish","type":"page","link":"https:\/\/radiojingles24.com\/fr\/dj-intro-voice-to-download-2\/","title":{"rendered":"DJ Intro Voice \u00e0 t\u00e9l\u00e9charger"},"content":{"rendered":"<div id=\"fws_69e075a62be01\"  data-midnight=\"dark\"  data-bg-mobile-hidden=\"\" class=\"wpb_row vc_row-fluid vc_row top-level standard_section\"  style=\"padding-top: 0px; padding-bottom: 0px; \"><div class=\"row-bg-wrap\" data-bg-animation=\"none\"><div class=\"inner-wrap\"><div class=\"row-bg\"  style=\"\"><\/div><\/div><div class=\"row-bg-overlay\" ><\/div><\/div><div class=\"col span_12 dark left\">\n\t<div  class=\"vc_col-sm-12 wpb_column column_container vc_column_container col no-extra-padding\"  data-t-w-inherits=\"default\" data-border-radius=\"none\" data-shadow=\"none\" data-border-animation=\"\" data-border-animation-delay=\"\" data-border-width=\"none\" data-border-style=\"solid\" data-border-color=\"\" data-bg-cover=\"\" data-padding-pos=\"all\" data-has-bg-color=\"false\" data-bg-color=\"\" data-bg-opacity=\"1\" data-hover-bg=\"\" data-hover-bg-opacity=\"1\" data-animation=\"\" data-delay=\"0\"><div class=\"column-bg-overlay\"><\/div>\n\t\t<div class=\"vc_column-inner\">\n\t\t\t<div class=\"wpb_wrapper\">\n\t\t\t\t\r\n\t<div class=\"wpb_text_column wpb_content_element\" >\r\n\t\t<div class=\"wpb_wrapper\">\r\n\t\t\t<p><span style=\"font-weight: 400;\">Souhaitez-vous t\u00e9l\u00e9charger une voix d&#039;intro DJ \u00e0 un prix abordable et produite rapidement? Vous \u00eates une radio commerciale ou communautaire \u00e0 la recherche d&#039;un son professionnel de haute qualit\u00e9? Si vous avez r\u00e9pondu oui \u00e0 l&#039;une ou l&#039;autre de ces questions, alors vous \u00eates venu aux bonnes personnes. Bienvenue \u00e0 <\/span><a href=\"https:\/\/radiojingles24.com\/fr\/\"><span style=\"font-weight: 400;\">Radio Jingles 24<\/span><\/a><span style=\"font-weight: 400;\">, nous sommes des sp\u00e9cialistes de la production audio, offrant une large gamme de solutions audio pour les clients bas\u00e9s \u00e0 travers le Royaume-Uni.\u00a0<\/span><\/p>\n<p><span style=\"font-weight: 400;\">Notre \u00e9quipe d&#039;experts cr\u00e9e tout, des images de stations de radio et des jingles radio chant\u00e9s aux publicit\u00e9s, aux podcasts audio et aux DJ drops. Avec plus de 10 ans d&#039;exp\u00e9rience dans l&#039;industrie, nous sommes des fournisseurs audio de premi\u00e8re classe sur lesquels vous pouvez compter pour tous vos besoins sonores. Contactez-nous pour profiter de notre vaste catalogue de musique libre de droits et SFX.\u00a0<\/span><\/p>\n<p>&nbsp;<\/p>\n<h2>DJ Intro Voice \u00e0 t\u00e9l\u00e9charger<\/h2>\n<p>&nbsp;<\/p>\n<p><span style=\"font-weight: 400;\">Nous sommes un leader <\/span><a href=\"https:\/\/radiojingles24.com\/fr\/about\/\"><span style=\"font-weight: 400;\">soci\u00e9t\u00e9 de production audio<\/span><\/a><span style=\"font-weight: 400;\"> bas\u00e9 \u00e0 Leeds. Notre \u00e9quipe a une longue histoire de travail dans l&#039;industrie audio avec des clients tels que des podcasteurs, des DJ et des stations de radio. Nous avons travaill\u00e9 en collaboration avec des clients bien connus comme Corby Radio, Cash Converters et le groupe UKRD. Nous avons 10 ans d&#039;exp\u00e9rience \u00e0 travailler avec les meilleurs talents de l&#039;industrie de la voix off et de l&#039;audio. Nous fournissons un son de premi\u00e8re classe d&#039;artistes professionnels renomm\u00e9s qui offrent des r\u00e9sultats coh\u00e9rents.\u00a0<\/span><\/p>\n<p>&nbsp;<\/p>\n<p><span style=\"font-weight: 400;\">Notre audio est produit dans une vari\u00e9t\u00e9 de formats de fichiers, y compris HQ MP3, WAVE et AIFF. Cela vous donne la flexibilit\u00e9 de choisir le bon format pour votre projet. Nous vous garantissons que votre audio vous sera livr\u00e9 dans un d\u00e9lai maximum de 24 heures, au plus tard. Nous sommes les plus rapides du secteur! Si vous avez d\u00e9sesp\u00e9r\u00e9ment besoin de votre audio encore plus t\u00f4t, faites-le nous savoir et nous verrons ce que nous pouvons faire pour vous. Pour t\u00e9l\u00e9charger une voix d&#039;introduction DJ, choisissez Radio Jingles 24.<\/span><\/p>\n<p>&nbsp;<\/p>\n<p><b>Int\u00e9ress\u00e9 par une voix d&#039;introduction DJ \u00e0 t\u00e9l\u00e9charger?<\/b><\/p>\n<p>&nbsp;<\/p>\n<p><span style=\"font-weight: 400;\">Si vous recherchez un son authentique et professionnel <\/span><a href=\"https:\/\/radiojingles24.com\/fr\/categorie-produit\/dj-drops\/\"><span style=\"font-weight: 400;\">Voix d&#039;intro DJ \u00e0 t\u00e9l\u00e9charger<\/span><\/a><span style=\"font-weight: 400;\">, nous pouvons vous proposer deux options fantastiques. Nos forfaits se composent du Pack Essential DJ et du Pro DJ Drop Pack. Dans la collection Essential DJ, vous recevrez 3 x DJ Drops avec Vocal FX, ainsi que les copies s\u00e8ches individuelles de ces fichiers. Au total, cette option fournit 6 fichiers audio pour un tarif comp\u00e9titif de 25 \u00a3 - une valeur incroyable.\u00a0<\/span><\/p>\n<p>&nbsp;<\/p>\n<p><span style=\"font-weight: 400;\">Si vous souhaitez opter pour quelque chose de plus grand, le Pro DJ Drop PAck est parfait. Il contient 3 x 10 secondes DJ Drops avec Vocal FX plus les copies s\u00e8ches; 2 x Drops DJ enti\u00e8rement produits d&#039;une dur\u00e9e maximale de 10 secondes avec les options Musique, SFX et Vocal FX, et les copies s\u00e8ches. Tout cela pour seulement 55 \u00a3. Ces deux options vous permettent d&#039;\u00e9conomiser de l&#039;argent sur le long terme en vous permettant d&#039;acheter plusieurs DJ Drops en une seule solution simple. Non seulement nous vous faisons \u00e9conomiser de l&#039;argent, mais nous fournissons une qualit\u00e9 sonore, des performances et une voix off de premi\u00e8re classe.\u00a0<\/span><\/p>\n<p>&nbsp;<\/p>\n<p><b>Besoin d&#039;audio pour votre prochain projet?\u00a0<\/b><\/p>\n<p>&nbsp;<\/p>\n<p><span style=\"font-weight: 400;\">Si vous avez besoin d&#039;une voix d&#039;intro DJ \u00e0 t\u00e9l\u00e9charger, Radio Jingles 24 a la solution. Avec une riche exp\u00e9rience derri\u00e8re nous, nous pouvons fournir un son professionnel et personnalis\u00e9. Pour parler \u00e0 l&#039;une de nos \u00e9quipes des options, vous pouvez nous appeler au <\/span><span style=\"font-weight: 400;\">+44 0113 5346686 (Royaume-Uni) ou +1 (212) 710-1350 (\u00c9tats-Unis). Sinon, n&#039;h\u00e9sitez pas \u00e0 nous envoyer un e-mail \u00e0 <\/span><a href=\"mailto:info@radiojingles24.com\"><span style=\"font-weight: 400;\">info@radiojingles24.com<\/span><\/a><span style=\"font-weight: 400;\"> et nous vous r\u00e9pondrons dans les plus brefs d\u00e9lais. Vous pouvez \u00e9galement <\/span><a href=\"https:\/\/radiojingles24.com\/fr\/contact-us\/\"><span style=\"font-weight: 400;\">envoyez-nous un message<\/span><\/a><span style=\"font-weight: 400;\"> via le formulaire de contact sur notre site internet. Nous esp\u00e9rons avoir de vos nouvelles bient\u00f4t.\u00a0<\/span><\/p>\n\r\n\t\t<\/div>\r\n\t<\/div>\r\n\n\t\t\t<\/div> \n\t\t<\/div>\n\t<\/div> \n<\/div><\/div>","protected":false},"excerpt":{"rendered":"Souhaitez-vous t\u00e9l\u00e9charger une voix d&#039;intro DJ produite rapidement et \u00e0 un prix abordable\u00a0? \u00cates-vous une station de radio commerciale ou communautaire \u00e0 la recherche d&#039;un son professionnel de haute qualit\u00e9\u00a0? Si vous...","protected":false},"author":1,"featured_media":0,"parent":0,"menu_order":0,"comment_status":"closed","ping_status":"closed","template":"","meta":{"_exactmetrics_skip_tracking":false,"_exactmetrics_sitenote_active":false,"_exactmetrics_sitenote_note":"","_exactmetrics_sitenote_category":0,"footnotes":""},"class_list":["post-88474","page","type-page","status-publish"],"yoast_head":"<!-- This site is optimized with the Yoast SEO plugin v26.8 - https:\/\/yoast.com\/product\/yoast-seo-wordpress\/ -->\n<title>Radio Jingles 24: Radio Jingles | DJ Drops | Podcast Intros | Sung Jingles<\/title>\n<meta name=\"description\" content=\"Radio Jingles, Sung Jingles, DJ Drops, and Podcast Intros for commercial, community and internet radio stations. UK Based. Prices from \u00a35. Order online.\" \/>\n<meta name=\"robots\" content=\"index, follow, max-snippet:-1, max-image-preview:large, max-video-preview:-1\" \/>\n<link rel=\"canonical\" href=\"https:\/\/radiojingles24.com\/fr\/dj-intro-voice-to-download-2\/\" \/>\n<meta property=\"og:locale\" content=\"fr_FR\" \/>\n<meta property=\"og:type\" content=\"article\" \/>\n<meta property=\"og:title\" content=\"Radio Jingles 24: Radio Jingles | DJ Drops | Podcast Intros | Sung Jingles\" \/>\n<meta property=\"og:description\" content=\"Radio Jingles, Sung Jingles, DJ Drops, and Podcast Intros for commercial, community and internet radio stations. UK Based. Prices from \u00a35. Order online.\" \/>\n<meta property=\"og:url\" content=\"https:\/\/radiojingles24.com\/fr\/dj-intro-voice-to-download-2\/\" \/>\n<meta property=\"og:site_name\" content=\"Radio Jingles 24: Radio Jingles | DJ Drops | Podcast Intros | Sung Jingles\" \/>\n<meta property=\"article:publisher\" content=\"https:\/\/www.facebook.com\/radiojingles24\/\" \/>\n<meta name=\"twitter:card\" content=\"summary_large_image\" \/>\n<meta name=\"twitter:site\" content=\"@radiojingles24\" \/>\n<meta name=\"twitter:label1\" content=\"Dur\u00e9e de lecture estim\u00e9e\" \/>\n\t<meta name=\"twitter:data1\" content=\"3 minutes\" \/>\n<script type=\"application\/ld+json\" class=\"yoast-schema-graph\">{\"@context\":\"https:\/\/schema.org\",\"@graph\":[{\"@type\":\"WebPage\",\"@id\":\"https:\/\/radiojingles24.com\/dj-intro-voice-to-download-2\/\",\"url\":\"https:\/\/radiojingles24.com\/dj-intro-voice-to-download-2\/\",\"name\":\"Radio Jingles 24: Radio Jingles | DJ Drops | Podcast Intros | Sung Jingles\",\"isPartOf\":{\"@id\":\"https:\/\/radiojingles24.com\/#website\"},\"datePublished\":\"2021-02-10T16:41:42+00:00\",\"description\":\"Radio Jingles, Sung Jingles, DJ Drops, and Podcast Intros for commercial, community and internet radio stations. UK Based. Prices from \u00a35. Order online.\",\"breadcrumb\":{\"@id\":\"https:\/\/radiojingles24.com\/dj-intro-voice-to-download-2\/#breadcrumb\"},\"inLanguage\":\"fr-FR\",\"potentialAction\":[{\"@type\":\"ReadAction\",\"target\":[\"https:\/\/radiojingles24.com\/dj-intro-voice-to-download-2\/\"]}]},{\"@type\":\"BreadcrumbList\",\"@id\":\"https:\/\/radiojingles24.com\/dj-intro-voice-to-download-2\/#breadcrumb\",\"itemListElement\":[{\"@type\":\"ListItem\",\"position\":1,\"name\":\"Home\",\"item\":\"https:\/\/radiojingles24.com\/de\/\"},{\"@type\":\"ListItem\",\"position\":2,\"name\":\"DJ Intro Voice to Download\"}]},{\"@type\":\"WebSite\",\"@id\":\"https:\/\/radiojingles24.com\/#website\",\"url\":\"https:\/\/radiojingles24.com\/\",\"name\":\"Radio Jingles 24: Radio Jingles | DJ Drops | Podcast Intros | Sung Jingles\",\"description\":\"Radio Jingles, Sung Jingles, DJ Drops, and Podcast Intros for commercial, community and internet radio stations. UK Based. Prices from \u00a35. Order online.\",\"publisher\":{\"@id\":\"https:\/\/radiojingles24.com\/#organization\"},\"potentialAction\":[{\"@type\":\"SearchAction\",\"target\":{\"@type\":\"EntryPoint\",\"urlTemplate\":\"https:\/\/radiojingles24.com\/?s={search_term_string}\"},\"query-input\":{\"@type\":\"PropertyValueSpecification\",\"valueRequired\":true,\"valueName\":\"search_term_string\"}}],\"inLanguage\":\"fr-FR\"},{\"@type\":\"Organization\",\"@id\":\"https:\/\/radiojingles24.com\/#organization\",\"name\":\"Radio Jingles 24\",\"url\":\"https:\/\/radiojingles24.com\/\",\"logo\":{\"@type\":\"ImageObject\",\"inLanguage\":\"fr-FR\",\"@id\":\"https:\/\/radiojingles24.com\/#\/schema\/logo\/image\/\",\"url\":\"https:\/\/radiojingles24.com\/wp-content\/uploads\/2019\/11\/RadioJingle1-1.jpg\",\"contentUrl\":\"https:\/\/radiojingles24.com\/wp-content\/uploads\/2019\/11\/RadioJingle1-1.jpg\",\"width\":512,\"height\":158,\"caption\":\"Radio Jingles 24\"},\"image\":{\"@id\":\"https:\/\/radiojingles24.com\/#\/schema\/logo\/image\/\"},\"sameAs\":[\"https:\/\/www.facebook.com\/radiojingles24\/\",\"https:\/\/x.com\/radiojingles24\"]}]}<\/script>\n<!-- \/ Yoast SEO plugin. -->","yoast_head_json":{"title":"Radio Jingles 24: Radio Jingles | DJ Drops | Podcast Intros | Jingles chant\u00e9s","description":"Radio Jingles, Sung Jingles, DJ Drops et Podcast Intros pour les stations de radio commerciales, communautaires et Internet. Bas\u00e9 au Royaume-Uni. Prix \u00e0 partir de 5 \u00a3. Commander en ligne.","robots":{"index":"index","follow":"follow","max-snippet":"max-snippet:-1","max-image-preview":"max-image-preview:large","max-video-preview":"max-video-preview:-1"},"canonical":"https:\/\/radiojingles24.com\/fr\/dj-intro-voice-to-download-2\/","og_locale":"fr_FR","og_type":"article","og_title":"Radio Jingles 24: Radio Jingles | DJ Drops | Podcast Intros | Sung Jingles","og_description":"Radio Jingles, Sung Jingles, DJ Drops, and Podcast Intros for commercial, community and internet radio stations. UK Based. Prices from \u00a35. Order online.","og_url":"https:\/\/radiojingles24.com\/fr\/dj-intro-voice-to-download-2\/","og_site_name":"Radio Jingles 24: Radio Jingles | DJ Drops | Podcast Intros | Sung Jingles","article_publisher":"https:\/\/www.facebook.com\/radiojingles24\/","twitter_card":"summary_large_image","twitter_site":"@radiojingles24","twitter_misc":{"Dur\u00e9e de lecture estim\u00e9e":"3 minutes"},"schema":{"@context":"https:\/\/schema.org","@graph":[{"@type":"WebPage","@id":"https:\/\/radiojingles24.com\/dj-intro-voice-to-download-2\/","url":"https:\/\/radiojingles24.com\/dj-intro-voice-to-download-2\/","name":"Radio Jingles 24: Radio Jingles | DJ Drops | Podcast Intros | Jingles chant\u00e9s","isPartOf":{"@id":"https:\/\/radiojingles24.com\/#website"},"datePublished":"2021-02-10T16:41:42+00:00","description":"Radio Jingles, Sung Jingles, DJ Drops et Podcast Intros pour les stations de radio commerciales, communautaires et Internet. Bas\u00e9 au Royaume-Uni. Prix \u00e0 partir de 5 \u00a3. Commander en ligne.","breadcrumb":{"@id":"https:\/\/radiojingles24.com\/dj-intro-voice-to-download-2\/#breadcrumb"},"inLanguage":"fr-FR","potentialAction":[{"@type":"ReadAction","target":["https:\/\/radiojingles24.com\/dj-intro-voice-to-download-2\/"]}]},{"@type":"BreadcrumbList","@id":"https:\/\/radiojingles24.com\/dj-intro-voice-to-download-2\/#breadcrumb","itemListElement":[{"@type":"ListItem","position":1,"name":"Home","item":"https:\/\/radiojingles24.com\/de\/"},{"@type":"ListItem","position":2,"name":"DJ Intro Voice to Download"}]},{"@type":"WebSite","@id":"https:\/\/radiojingles24.com\/#website","url":"https:\/\/radiojingles24.com\/","name":"Radio Jingles 24: Radio Jingles | DJ Drops | Podcast Intros | Jingles chant\u00e9s","description":"Radio Jingles, Sung Jingles, DJ Drops et Podcast Intros pour les stations de radio commerciales, communautaires et Internet. Bas\u00e9 au Royaume-Uni. Prix \u00e0 partir de 5 \u00a3. Commander en ligne.","publisher":{"@id":"https:\/\/radiojingles24.com\/#organization"},"potentialAction":[{"@type":"SearchAction","target":{"@type":"EntryPoint","urlTemplate":"https:\/\/radiojingles24.com\/?s={search_term_string}"},"query-input":{"@type":"PropertyValueSpecification","valueRequired":true,"valueName":"search_term_string"}}],"inLanguage":"fr-FR"},{"@type":"Organization","@id":"https:\/\/radiojingles24.com\/#organization","name":"Radio Jingles 24","url":"https:\/\/radiojingles24.com\/","logo":{"@type":"ImageObject","inLanguage":"fr-FR","@id":"https:\/\/radiojingles24.com\/#\/schema\/logo\/image\/","url":"https:\/\/radiojingles24.com\/wp-content\/uploads\/2019\/11\/RadioJingle1-1.jpg","contentUrl":"https:\/\/radiojingles24.com\/wp-content\/uploads\/2019\/11\/RadioJingle1-1.jpg","width":512,"height":158,"caption":"Radio Jingles 24"},"image":{"@id":"https:\/\/radiojingles24.com\/#\/schema\/logo\/image\/"},"sameAs":["https:\/\/www.facebook.com\/radiojingles24\/","https:\/\/x.com\/radiojingles24"]}]}},"jetpack_sharing_enabled":true,"_links":{"self":[{"href":"https:\/\/radiojingles24.com\/fr\/wp-json\/wp\/v2\/pages\/88474","targetHints":{"allow":["GET"]}}],"collection":[{"href":"https:\/\/radiojingles24.com\/fr\/wp-json\/wp\/v2\/pages"}],"about":[{"href":"https:\/\/radiojingles24.com\/fr\/wp-json\/wp\/v2\/types\/page"}],"author":[{"embeddable":true,"href":"https:\/\/radiojingles24.com\/fr\/wp-json\/wp\/v2\/users\/1"}],"replies":[{"embeddable":true,"href":"https:\/\/radiojingles24.com\/fr\/wp-json\/wp\/v2\/comments?post=88474"}],"version-history":[{"count":1,"href":"https:\/\/radiojingles24.com\/fr\/wp-json\/wp\/v2\/pages\/88474\/revisions"}],"predecessor-version":[{"id":88475,"href":"https:\/\/radiojingles24.com\/fr\/wp-json\/wp\/v2\/pages\/88474\/revisions\/88475"}],"wp:attachment":[{"href":"https:\/\/radiojingles24.com\/fr\/wp-json\/wp\/v2\/media?parent=88474"}],"curies":[{"name":"wp","href":"https:\/\/api.w.org\/{rel}","templated":true}]}}