{"id":88476,"date":"2021-02-10T16:42:33","date_gmt":"2021-02-10T16:42:33","guid":{"rendered":"https:\/\/radiojingles24.com\/?page_id=88476"},"modified":"2021-02-10T16:42:33","modified_gmt":"2021-02-10T16:42:33","slug":"require-dj-voice-overs","status":"publish","type":"page","link":"https:\/\/radiojingles24.com\/fr\/require-dj-voice-overs\/","title":{"rendered":"Exiger des voix off DJ"},"content":{"rendered":"<div id=\"fws_69e5150bf3314\"  data-midnight=\"dark\"  data-bg-mobile-hidden=\"\" class=\"wpb_row vc_row-fluid vc_row top-level standard_section\"  style=\"padding-top: 0px; padding-bottom: 0px; \"><div class=\"row-bg-wrap\" data-bg-animation=\"none\"><div class=\"inner-wrap\"><div class=\"row-bg\"  style=\"\"><\/div><\/div><div class=\"row-bg-overlay\" ><\/div><\/div><div class=\"col span_12 dark left\">\n\t<div  class=\"vc_col-sm-12 wpb_column column_container vc_column_container col no-extra-padding\"  data-t-w-inherits=\"default\" data-border-radius=\"none\" data-shadow=\"none\" data-border-animation=\"\" data-border-animation-delay=\"\" data-border-width=\"none\" data-border-style=\"solid\" data-border-color=\"\" data-bg-cover=\"\" data-padding-pos=\"all\" data-has-bg-color=\"false\" data-bg-color=\"\" data-bg-opacity=\"1\" data-hover-bg=\"\" data-hover-bg-opacity=\"1\" data-animation=\"\" data-delay=\"0\"><div class=\"column-bg-overlay\"><\/div>\n\t\t<div class=\"vc_column-inner\">\n\t\t\t<div class=\"wpb_wrapper\">\n\t\t\t\t\r\n\t<div class=\"wpb_text_column wpb_content_element\" >\r\n\t\t<div class=\"wpb_wrapper\">\r\n\t\t\t<p><span style=\"font-weight: 400;\">Avez-vous besoin d&#039;une voix off de DJ pour \u00eatre produite rapidement et \u00e0 un prix abordable? <\/span><a href=\"https:\/\/radiojingles24.com\/fr\/\"><span style=\"font-weight: 400;\">Radio Jingles 24<\/span><\/a><span style=\"font-weight: 400;\"> vous a couvert. Nous proposons une gamme diversifi\u00e9e de DJ drops rapides, simples et professionnels, de jingles radio, de production commerciale et de jingles chant\u00e9s. Nos solutions sont livr\u00e9es de mani\u00e8re efficace et efficiente - g\u00e9n\u00e9ralement en seulement 24 heures, et conviennent \u00e0 tout, de la radio communautaire et commerciale aux DJ et aux stations de radio Internet.\u00a0<\/span><\/p>\n<p><span style=\"font-weight: 400;\">Notre \u00e9quipe d&#039;experts a plus de 10 ans d&#039;exp\u00e9rience dans la production audio, vous pouvez donc \u00eatre assur\u00e9 que l&#039;audio livr\u00e9 aura une excellente qualit\u00e9 sonore. Nous cr\u00e9ons des sons en utilisant notre vaste catalogue de SFX et de musique libre de droits. Si vous \u00eates une station de radio locale, un podcasteur, un DJ ou tout simplement quelqu&#039;un qui a besoin d&#039;une voix off produite rapidement et professionnellement, dites-nous bonjour aujourd&#039;hui.\u00a0<\/span><\/p>\n<p><b>Quelques informations g\u00e9n\u00e9rales sur les jingles radio 24<\/b><\/p>\n<p><span style=\"font-weight: 400;\">Avec une d\u00e9cennie d&#039;exp\u00e9rience derri\u00e8re nous, nous sommes des leaders de la production audio chez Radio Jingles 24. Nous utilisons les meilleurs talents disponibles dans l&#039;industrie de la voix off et les exploitons pour cr\u00e9er un son de qualit\u00e9 sup\u00e9rieure imbattable. Notre \u00e9quipe vous propose une s\u00e9lection de voix uniques d&#039;artistes professionnels, hommes et femmes, livr\u00e9s chez vous en 1 jour, 7 jours sur 7. Quels que soient vos besoins ou exigences sp\u00e9cifiques, nous pouvons trouver une solution qui y r\u00e9pond et d\u00e9passe vos attentes. Nous avons travaill\u00e9 en coordination avec un certain nombre de clients de haut niveau, notamment Cash Converters, Corby Radio, Spotlight et UKRD Group. Il y a un certain nombre de t\u00e9moignages pour nos voix off DJ de clients satisfaits sur notre site Web.<\/span><\/p>\n<p><b>Vous recherchez des DJ Voice Overs?<\/b><\/p>\n<p><span style=\"font-weight: 400;\">Si vous avez besoin d&#039;un <\/span><a href=\"https:\/\/radiojingles24.com\/fr\/categorie-produit\/dj-drops\/\"><span style=\"font-weight: 400;\">Voix off DJ<\/span><\/a><span style=\"font-weight: 400;\">, Radio Jingles 24 a deux options; notre pack DJ essentiel \u00e0 25 \u00a3 et notre Pro DJ Drop Pack \u00e0 55 \u00a3. Notre forfait essentiel comprend 3 x DJ Drops avec Vocal FX, ainsi que des copies s\u00e8ches de celles-ci. Vous recevrez \u00e9galement 6 fichiers audio pour un usage personnel. Si vous souhaitez acheter notre Pro DJ Drop Pack, vous recevrez 3 x 10 secondes DJ Drops avec Vocal FX et des copies s\u00e8ches; et 2 x Drops DJ compl\u00e8tement produits jusqu&#039;\u00e0 10 secondes avec Musique, SFX et Vocal FX ainsi que les copies s\u00e8ches. Au total, cela fournit 10 fichiers audio \u00e0 utiliser.\u00a0<\/span><\/p>\n<p><span style=\"font-weight: 400;\">Vous pouvez choisir des formats de fichiers, notamment MP3, WAVE et AIFF. Ces deux forfaits sont des options extr\u00eamement attrayantes \u00e0 des prix tr\u00e8s raisonnables. Notre objectif est de produire et de vous envoyer votre audio dans un d\u00e9lai maximum de 24 heures. Si vous en avez besoin encore plus t\u00f4t, faites-le nous savoir et nous verrons ce que nous pouvons faire.<\/span><\/p>\n<p><b>Avez-vous besoin d&#039;aide pour un futur projet?\u00a0<\/b><\/p>\n<p><span style=\"font-weight: 400;\">Contactez-nous d\u00e8s aujourd&#039;hui pour obtenir des voix off professionnelles de DJ. Vous pouvez nous appeler au <\/span><span style=\"font-weight: 400;\">+44 0113 5346686 (Royaume-Uni) ou +1 (212) 710-1350 (USA) et nous serons heureux de r\u00e9pondre \u00e0 toutes vos questions concernant nos services. Vous pouvez \u00e9galement nous envoyer un e-mail \u00e0 <\/span><a href=\"mailto:info@radiojingles24.com\"><span style=\"font-weight: 400;\">info@radiojingles24.com<\/span><\/a> <span style=\"font-weight: 400;\">et nous vous r\u00e9pondrons sous peu. Sinon, n&#039;h\u00e9sitez pas \u00e0 nous envoyer un message via le formulaire de demande sur notre site Web. Nous avons h\u00e2te d&#039;avoir de tes nouvelles.<\/span><\/p>\n\r\n\t\t<\/div>\r\n\t<\/div>\r\n\n\t\t\t<\/div> \n\t\t<\/div>\n\t<\/div> \n<\/div><\/div>","protected":false},"excerpt":{"rendered":"Vous avez besoin d&#039;une voix off DJ \u00e0 produire rapidement et \u00e0 un prix abordable ? Radio Jingles 24 a ce qu&#039;il vous faut. Nous offrons une gamme vari\u00e9e de solutions rapides, simples et...","protected":false},"author":1,"featured_media":0,"parent":0,"menu_order":0,"comment_status":"closed","ping_status":"closed","template":"","meta":{"_exactmetrics_skip_tracking":false,"_exactmetrics_sitenote_active":false,"_exactmetrics_sitenote_note":"","_exactmetrics_sitenote_category":0,"footnotes":""},"class_list":["post-88476","page","type-page","status-publish"],"yoast_head":"<!-- This site is optimized with the Yoast SEO plugin v26.8 - https:\/\/yoast.com\/product\/yoast-seo-wordpress\/ -->\n<title>Radio Jingles 24: Radio Jingles | DJ Drops | Podcast Intros | Sung Jingles<\/title>\n<meta name=\"description\" content=\"Radio Jingles, Sung Jingles, DJ Drops, and Podcast Intros for commercial, community and internet radio stations. UK Based. Prices from \u00a35. Order online.\" \/>\n<meta name=\"robots\" content=\"index, follow, max-snippet:-1, max-image-preview:large, max-video-preview:-1\" \/>\n<link rel=\"canonical\" href=\"https:\/\/radiojingles24.com\/fr\/require-dj-voice-overs\/\" \/>\n<meta property=\"og:locale\" content=\"fr_FR\" \/>\n<meta property=\"og:type\" content=\"article\" \/>\n<meta property=\"og:title\" content=\"Radio Jingles 24: Radio Jingles | DJ Drops | Podcast Intros | Sung Jingles\" \/>\n<meta property=\"og:description\" content=\"Radio Jingles, Sung Jingles, DJ Drops, and Podcast Intros for commercial, community and internet radio stations. UK Based. Prices from \u00a35. Order online.\" \/>\n<meta property=\"og:url\" content=\"https:\/\/radiojingles24.com\/fr\/require-dj-voice-overs\/\" \/>\n<meta property=\"og:site_name\" content=\"Radio Jingles 24: Radio Jingles | DJ Drops | Podcast Intros | Sung Jingles\" \/>\n<meta property=\"article:publisher\" content=\"https:\/\/www.facebook.com\/radiojingles24\/\" \/>\n<meta name=\"twitter:card\" content=\"summary_large_image\" \/>\n<meta name=\"twitter:site\" content=\"@radiojingles24\" \/>\n<meta name=\"twitter:label1\" content=\"Dur\u00e9e de lecture estim\u00e9e\" \/>\n\t<meta name=\"twitter:data1\" content=\"3 minutes\" \/>\n<script type=\"application\/ld+json\" class=\"yoast-schema-graph\">{\"@context\":\"https:\/\/schema.org\",\"@graph\":[{\"@type\":\"WebPage\",\"@id\":\"https:\/\/radiojingles24.com\/require-dj-voice-overs\/\",\"url\":\"https:\/\/radiojingles24.com\/require-dj-voice-overs\/\",\"name\":\"Radio Jingles 24: Radio Jingles | DJ Drops | Podcast Intros | Sung Jingles\",\"isPartOf\":{\"@id\":\"https:\/\/radiojingles24.com\/#website\"},\"datePublished\":\"2021-02-10T16:42:33+00:00\",\"description\":\"Radio Jingles, Sung Jingles, DJ Drops, and Podcast Intros for commercial, community and internet radio stations. UK Based. Prices from \u00a35. Order online.\",\"breadcrumb\":{\"@id\":\"https:\/\/radiojingles24.com\/require-dj-voice-overs\/#breadcrumb\"},\"inLanguage\":\"fr-FR\",\"potentialAction\":[{\"@type\":\"ReadAction\",\"target\":[\"https:\/\/radiojingles24.com\/require-dj-voice-overs\/\"]}]},{\"@type\":\"BreadcrumbList\",\"@id\":\"https:\/\/radiojingles24.com\/require-dj-voice-overs\/#breadcrumb\",\"itemListElement\":[{\"@type\":\"ListItem\",\"position\":1,\"name\":\"Home\",\"item\":\"https:\/\/radiojingles24.com\/de\/\"},{\"@type\":\"ListItem\",\"position\":2,\"name\":\"Require DJ Voice Overs\"}]},{\"@type\":\"WebSite\",\"@id\":\"https:\/\/radiojingles24.com\/#website\",\"url\":\"https:\/\/radiojingles24.com\/\",\"name\":\"Radio Jingles 24: Radio Jingles | DJ Drops | Podcast Intros | Sung Jingles\",\"description\":\"Radio Jingles, Sung Jingles, DJ Drops, and Podcast Intros for commercial, community and internet radio stations. UK Based. Prices from \u00a35. Order online.\",\"publisher\":{\"@id\":\"https:\/\/radiojingles24.com\/#organization\"},\"potentialAction\":[{\"@type\":\"SearchAction\",\"target\":{\"@type\":\"EntryPoint\",\"urlTemplate\":\"https:\/\/radiojingles24.com\/?s={search_term_string}\"},\"query-input\":{\"@type\":\"PropertyValueSpecification\",\"valueRequired\":true,\"valueName\":\"search_term_string\"}}],\"inLanguage\":\"fr-FR\"},{\"@type\":\"Organization\",\"@id\":\"https:\/\/radiojingles24.com\/#organization\",\"name\":\"Radio Jingles 24\",\"url\":\"https:\/\/radiojingles24.com\/\",\"logo\":{\"@type\":\"ImageObject\",\"inLanguage\":\"fr-FR\",\"@id\":\"https:\/\/radiojingles24.com\/#\/schema\/logo\/image\/\",\"url\":\"https:\/\/radiojingles24.com\/wp-content\/uploads\/2019\/11\/RadioJingle1-1.jpg\",\"contentUrl\":\"https:\/\/radiojingles24.com\/wp-content\/uploads\/2019\/11\/RadioJingle1-1.jpg\",\"width\":512,\"height\":158,\"caption\":\"Radio Jingles 24\"},\"image\":{\"@id\":\"https:\/\/radiojingles24.com\/#\/schema\/logo\/image\/\"},\"sameAs\":[\"https:\/\/www.facebook.com\/radiojingles24\/\",\"https:\/\/x.com\/radiojingles24\"]}]}<\/script>\n<!-- \/ Yoast SEO plugin. -->","yoast_head_json":{"title":"Radio Jingles 24: Radio Jingles | DJ Drops | Podcast Intros | Jingles chant\u00e9s","description":"Radio Jingles, Sung Jingles, DJ Drops et Podcast Intros pour les stations de radio commerciales, communautaires et Internet. Bas\u00e9 au Royaume-Uni. Prix \u00e0 partir de 5 \u00a3. Commander en ligne.","robots":{"index":"index","follow":"follow","max-snippet":"max-snippet:-1","max-image-preview":"max-image-preview:large","max-video-preview":"max-video-preview:-1"},"canonical":"https:\/\/radiojingles24.com\/fr\/require-dj-voice-overs\/","og_locale":"fr_FR","og_type":"article","og_title":"Radio Jingles 24: Radio Jingles | DJ Drops | Podcast Intros | Sung Jingles","og_description":"Radio Jingles, Sung Jingles, DJ Drops, and Podcast Intros for commercial, community and internet radio stations. UK Based. Prices from \u00a35. Order online.","og_url":"https:\/\/radiojingles24.com\/fr\/require-dj-voice-overs\/","og_site_name":"Radio Jingles 24: Radio Jingles | DJ Drops | Podcast Intros | Sung Jingles","article_publisher":"https:\/\/www.facebook.com\/radiojingles24\/","twitter_card":"summary_large_image","twitter_site":"@radiojingles24","twitter_misc":{"Dur\u00e9e de lecture estim\u00e9e":"3 minutes"},"schema":{"@context":"https:\/\/schema.org","@graph":[{"@type":"WebPage","@id":"https:\/\/radiojingles24.com\/require-dj-voice-overs\/","url":"https:\/\/radiojingles24.com\/require-dj-voice-overs\/","name":"Radio Jingles 24: Radio Jingles | DJ Drops | Podcast Intros | Jingles chant\u00e9s","isPartOf":{"@id":"https:\/\/radiojingles24.com\/#website"},"datePublished":"2021-02-10T16:42:33+00:00","description":"Radio Jingles, Sung Jingles, DJ Drops et Podcast Intros pour les stations de radio commerciales, communautaires et Internet. Bas\u00e9 au Royaume-Uni. Prix \u00e0 partir de 5 \u00a3. Commander en ligne.","breadcrumb":{"@id":"https:\/\/radiojingles24.com\/require-dj-voice-overs\/#breadcrumb"},"inLanguage":"fr-FR","potentialAction":[{"@type":"ReadAction","target":["https:\/\/radiojingles24.com\/require-dj-voice-overs\/"]}]},{"@type":"BreadcrumbList","@id":"https:\/\/radiojingles24.com\/require-dj-voice-overs\/#breadcrumb","itemListElement":[{"@type":"ListItem","position":1,"name":"Home","item":"https:\/\/radiojingles24.com\/de\/"},{"@type":"ListItem","position":2,"name":"Require DJ Voice Overs"}]},{"@type":"WebSite","@id":"https:\/\/radiojingles24.com\/#website","url":"https:\/\/radiojingles24.com\/","name":"Radio Jingles 24: Radio Jingles | DJ Drops | Podcast Intros | Jingles chant\u00e9s","description":"Radio Jingles, Sung Jingles, DJ Drops et Podcast Intros pour les stations de radio commerciales, communautaires et Internet. Bas\u00e9 au Royaume-Uni. Prix \u00e0 partir de 5 \u00a3. Commander en ligne.","publisher":{"@id":"https:\/\/radiojingles24.com\/#organization"},"potentialAction":[{"@type":"SearchAction","target":{"@type":"EntryPoint","urlTemplate":"https:\/\/radiojingles24.com\/?s={search_term_string}"},"query-input":{"@type":"PropertyValueSpecification","valueRequired":true,"valueName":"search_term_string"}}],"inLanguage":"fr-FR"},{"@type":"Organization","@id":"https:\/\/radiojingles24.com\/#organization","name":"Radio Jingles 24","url":"https:\/\/radiojingles24.com\/","logo":{"@type":"ImageObject","inLanguage":"fr-FR","@id":"https:\/\/radiojingles24.com\/#\/schema\/logo\/image\/","url":"https:\/\/radiojingles24.com\/wp-content\/uploads\/2019\/11\/RadioJingle1-1.jpg","contentUrl":"https:\/\/radiojingles24.com\/wp-content\/uploads\/2019\/11\/RadioJingle1-1.jpg","width":512,"height":158,"caption":"Radio Jingles 24"},"image":{"@id":"https:\/\/radiojingles24.com\/#\/schema\/logo\/image\/"},"sameAs":["https:\/\/www.facebook.com\/radiojingles24\/","https:\/\/x.com\/radiojingles24"]}]}},"jetpack_sharing_enabled":true,"_links":{"self":[{"href":"https:\/\/radiojingles24.com\/fr\/wp-json\/wp\/v2\/pages\/88476","targetHints":{"allow":["GET"]}}],"collection":[{"href":"https:\/\/radiojingles24.com\/fr\/wp-json\/wp\/v2\/pages"}],"about":[{"href":"https:\/\/radiojingles24.com\/fr\/wp-json\/wp\/v2\/types\/page"}],"author":[{"embeddable":true,"href":"https:\/\/radiojingles24.com\/fr\/wp-json\/wp\/v2\/users\/1"}],"replies":[{"embeddable":true,"href":"https:\/\/radiojingles24.com\/fr\/wp-json\/wp\/v2\/comments?post=88476"}],"version-history":[{"count":1,"href":"https:\/\/radiojingles24.com\/fr\/wp-json\/wp\/v2\/pages\/88476\/revisions"}],"predecessor-version":[{"id":88477,"href":"https:\/\/radiojingles24.com\/fr\/wp-json\/wp\/v2\/pages\/88476\/revisions\/88477"}],"wp:attachment":[{"href":"https:\/\/radiojingles24.com\/fr\/wp-json\/wp\/v2\/media?parent=88476"}],"curies":[{"name":"wp","href":"https:\/\/api.w.org\/{rel}","templated":true}]}}