{"id":89348,"date":"2021-04-06T14:43:04","date_gmt":"2021-04-06T14:43:04","guid":{"rendered":"https:\/\/radiojingles24.com\/?page_id=89348"},"modified":"2021-04-06T14:43:04","modified_gmt":"2021-04-06T14:43:04","slug":"searching-for-a-jingle-maker-app","status":"publish","type":"page","link":"https:\/\/radiojingles24.com\/fr\/searching-for-a-jingle-maker-app\/","title":{"rendered":"Vous recherchez une application Jingle Maker\u00a0?"},"content":{"rendered":"<div id=\"fws_69f1a51ebae75\"  data-midnight=\"dark\"  data-bg-mobile-hidden=\"\" class=\"wpb_row vc_row-fluid vc_row top-level standard_section\"  style=\"padding-top: 0px; padding-bottom: 0px; \"><div class=\"row-bg-wrap\" data-bg-animation=\"none\"><div class=\"inner-wrap\"><div class=\"row-bg\"  style=\"\"><\/div><\/div><div class=\"row-bg-overlay\" ><\/div><\/div><div class=\"col span_12 dark left\">\n\t<div  class=\"vc_col-sm-12 wpb_column column_container vc_column_container col no-extra-padding\"  data-t-w-inherits=\"default\" data-border-radius=\"none\" data-shadow=\"none\" data-border-animation=\"\" data-border-animation-delay=\"\" data-border-width=\"none\" data-border-style=\"solid\" data-border-color=\"\" data-bg-cover=\"\" data-padding-pos=\"all\" data-has-bg-color=\"false\" data-bg-color=\"\" data-bg-opacity=\"1\" data-hover-bg=\"\" data-hover-bg-opacity=\"1\" data-animation=\"\" data-delay=\"0\"><div class=\"column-bg-overlay\"><\/div>\n\t\t<div class=\"vc_column-inner\">\n\t\t\t<div class=\"wpb_wrapper\">\n\t\t\t\t\r\n\t<div class=\"wpb_text_column wpb_content_element\" >\r\n\t\t<div class=\"wpb_wrapper\">\r\n\t\t\t<p><span style=\"font-weight: 400;\">Cherchez-vous \u00e0 cr\u00e9er un jingle pour vous d\u00e9marquer sur le march\u00e9? Voulez-vous un moyen simple et facile d&#039;obtenir le jingle id\u00e9al? Ici \u00e0 <\/span><a href=\"https:\/\/radiojingles24.com\/fr\/\"><span style=\"font-weight: 400;\">Radio Jingle 24<\/span><\/a><span style=\"font-weight: 400;\">, nous avons une application de cr\u00e9ation de jingle pratique qui rendra l&#039;ensemble du processus simple et facile \u00e0 g\u00e9rer. Vous aurez tout ce dont vous avez besoin pour cr\u00e9er un jingle accrocheur et m\u00e9morable dans la paume de votre main. Nous travaillons dur pour vous offrir la meilleure repr\u00e9sentation possible de votre marque. Nous pouvons vous proposer des voix off professionnelles ou des jingles chant\u00e9s dans presque tous les styles, de la vieille radio classique aux chanteurs modernes. Pourquoi ne pas nous contacter aujourd&#039;hui et faire conna\u00eetre votre marque avec l&#039;application Jingle Maker de Radio Jingle 24?\u00a0<\/span><\/p>\n<h2><b>Pourquoi investir dans un Jingle?<\/b><\/h2>\n<p><span style=\"font-weight: 400;\">Les jingles sont un <\/span><a href=\"https:\/\/radiojingles24.com\/fr\/about\/\"><span style=\"font-weight: 400;\">grande forme de publicit\u00e9<\/span><\/a><span style=\"font-weight: 400;\"> et ils sont ancr\u00e9s dans le tissu du marketing depuis les ann\u00e9es 50. Malgr\u00e9 le paysage en constante \u00e9volution du marketing et de la publicit\u00e9, les jingles sont rest\u00e9s un aliment de base, utilis\u00e9s par des entreprises de presque toutes les tailles. Ce qui rend les jingles si efficaces, c&#039;est qu&#039;ils restent coinc\u00e9s dans votre t\u00eate. M\u00eame si un jingle est quelque peu r\u00e9p\u00e9titif, il est toujours m\u00e9morable et parfois un jingle plus irritant peut \u00eatre plus efficace car plus de gens s&#039;en souviennent.\u00a0<\/span><\/p>\n<p><span style=\"font-weight: 400;\">Vous pouvez probablement imm\u00e9diatement penser aux jingles r\u00e9ussis que vous avez entendus et vous souvenir des entreprises qui les ont \u00e9crits. De \u00abWe Buy Any Car\u00bb au num\u00e9ro \u00abHastings Direct\u00bb, les jingles peuvent rester dans votre t\u00eate pendant des ann\u00e9es. Et une fois que vous avez cr\u00e9\u00e9 un jingle sur notre application de cr\u00e9ation de jingle, il devient presque une publicit\u00e9 gratuite car il colle dans le cerveau des gens et rend votre marque instantan\u00e9ment reconnaissable.<\/span><\/p>\n<p><b>Comment Radio Jingle 24 peut-il aider?<\/b><\/p>\n<p><span style=\"font-weight: 400;\">Ici, \u00e0 Radio Jingle 24, nous essayons de garder les choses simples. Nous savons que l&#039;\u00e9criture d&#039;un jingle peut sembler une t\u00e2che \u00e9crasante \u00e0 entreprendre, en particulier si vous devez embaucher un auteur-compositeur et des musiciens pour cr\u00e9er le jingle pour vous. Nous nous effor\u00e7ons donc de vous simplifier la vie gr\u00e2ce \u00e0 notre application de cr\u00e9ation de jingle. Avec cette application, vous pourrez choisir exactement ce que vous voulez faire.\u00a0<\/span><\/p>\n<p><span style=\"font-weight: 400;\">Qu&#039;il s&#039;agisse d&#039;une piste audio compl\u00e8te, d&#039;un court jingle ou d&#039;une voix off pour votre prochaine publicit\u00e9 t\u00e9l\u00e9vis\u00e9e ou radiophonique, nous pouvons y arriver. T\u00e9l\u00e9chargez simplement votre sc\u00e9nario, choisissez votre style et votre acteur et nous ferons le reste. Notre application de cr\u00e9ation de jingle est facile \u00e0 utiliser et vous aurez votre nouveau jingle dans les 24 heures. Penchez-vous sur la puissance du jingle, avec Radio Jingle 24.<\/span><\/p>\n<p><b>Int\u00e9ress\u00e9 par la cr\u00e9ation d&#039;un Jingle?<\/b><\/p>\n<p><span style=\"font-weight: 400;\">Si vous souhaitez cr\u00e9er votre propre jingle personnalis\u00e9 juste pour vous, n&#039;h\u00e9sitez pas \u00e0 essayer notre application de cr\u00e9ation de jingle. Notre \u00e9quipe d&#039;excellents chanteurs et chanteurs sera en mesure de cr\u00e9er exactement le style et la longueur de jingle que vous esp\u00e9riez. Pour des jingles cr\u00e9atifs et m\u00e9morables, choisissez Radio Jingle 24. Vous pouvez nous appeler au 01135 346686 ou nous envoyer un courriel \u00e0 <\/span><a href=\"mailto:info@radiojingles24.com\"><span style=\"font-weight: 400;\">info@radiojingles24.com<\/span><\/a><span style=\"font-weight: 400;\">. Nous sommes impatients de travailler avec vous.<\/span><\/p>\n\r\n\t\t<\/div>\r\n\t<\/div>\r\n\n\t\t\t<\/div> \n\t\t<\/div>\n\t<\/div> \n<\/div><\/div>","protected":false},"excerpt":{"rendered":"Cherchez-vous \u00e0 cr\u00e9er un jingle pour vous d\u00e9marquer sur le march\u00e9\u00a0? Voulez-vous un moyen simple et facile d&#039;obtenir le jingle id\u00e9al? Ici \u00e0 Radio...","protected":false},"author":1,"featured_media":0,"parent":0,"menu_order":0,"comment_status":"closed","ping_status":"closed","template":"","meta":{"_exactmetrics_skip_tracking":false,"_exactmetrics_sitenote_active":false,"_exactmetrics_sitenote_note":"","_exactmetrics_sitenote_category":0,"footnotes":""},"class_list":["post-89348","page","type-page","status-publish"],"yoast_head":"<!-- This site is optimized with the Yoast SEO plugin v26.8 - https:\/\/yoast.com\/product\/yoast-seo-wordpress\/ -->\n<title>Radio Jingles 24: Radio Jingles | DJ Drops | Podcast Intros | Sung Jingles<\/title>\n<meta name=\"description\" content=\"Radio Jingles, Sung Jingles, DJ Drops, and Podcast Intros for commercial, community and internet radio stations. UK Based. Prices from \u00a35. Order online.\" \/>\n<meta name=\"robots\" content=\"index, follow, max-snippet:-1, max-image-preview:large, max-video-preview:-1\" \/>\n<link rel=\"canonical\" href=\"https:\/\/radiojingles24.com\/fr\/searching-for-a-jingle-maker-app\/\" \/>\n<meta property=\"og:locale\" content=\"fr_FR\" \/>\n<meta property=\"og:type\" content=\"article\" \/>\n<meta property=\"og:title\" content=\"Radio Jingles 24: Radio Jingles | DJ Drops | Podcast Intros | Sung Jingles\" \/>\n<meta property=\"og:description\" content=\"Radio Jingles, Sung Jingles, DJ Drops, and Podcast Intros for commercial, community and internet radio stations. UK Based. Prices from \u00a35. Order online.\" \/>\n<meta property=\"og:url\" content=\"https:\/\/radiojingles24.com\/fr\/searching-for-a-jingle-maker-app\/\" \/>\n<meta property=\"og:site_name\" content=\"Radio Jingles 24: Radio Jingles | DJ Drops | Podcast Intros | Sung Jingles\" \/>\n<meta property=\"article:publisher\" content=\"https:\/\/www.facebook.com\/radiojingles24\/\" \/>\n<meta name=\"twitter:card\" content=\"summary_large_image\" \/>\n<meta name=\"twitter:site\" content=\"@radiojingles24\" \/>\n<meta name=\"twitter:label1\" content=\"Dur\u00e9e de lecture estim\u00e9e\" \/>\n\t<meta name=\"twitter:data1\" content=\"3 minutes\" \/>\n<script type=\"application\/ld+json\" class=\"yoast-schema-graph\">{\"@context\":\"https:\/\/schema.org\",\"@graph\":[{\"@type\":\"WebPage\",\"@id\":\"https:\/\/radiojingles24.com\/fr\/searching-for-a-jingle-maker-app\/\",\"url\":\"https:\/\/radiojingles24.com\/fr\/searching-for-a-jingle-maker-app\/\",\"name\":\"Radio Jingles 24: Radio Jingles | DJ Drops | Podcast Intros | Sung Jingles\",\"isPartOf\":{\"@id\":\"https:\/\/radiojingles24.com\/#website\"},\"datePublished\":\"2021-04-06T14:43:04+00:00\",\"description\":\"Radio Jingles, Sung Jingles, DJ Drops, and Podcast Intros for commercial, community and internet radio stations. UK Based. Prices from \u00a35. Order online.\",\"breadcrumb\":{\"@id\":\"https:\/\/radiojingles24.com\/fr\/searching-for-a-jingle-maker-app\/#breadcrumb\"},\"inLanguage\":\"fr-FR\",\"potentialAction\":[{\"@type\":\"ReadAction\",\"target\":[\"https:\/\/radiojingles24.com\/fr\/searching-for-a-jingle-maker-app\/\"]}]},{\"@type\":\"BreadcrumbList\",\"@id\":\"https:\/\/radiojingles24.com\/fr\/searching-for-a-jingle-maker-app\/#breadcrumb\",\"itemListElement\":[{\"@type\":\"ListItem\",\"position\":1,\"name\":\"Home\",\"item\":\"https:\/\/radiojingles24.com\/de\/\"},{\"@type\":\"ListItem\",\"position\":2,\"name\":\"Searching for a Jingle Maker App?\"}]},{\"@type\":\"WebSite\",\"@id\":\"https:\/\/radiojingles24.com\/#website\",\"url\":\"https:\/\/radiojingles24.com\/\",\"name\":\"Radio Jingles 24: Radio Jingles | DJ Drops | Podcast Intros | Sung Jingles\",\"description\":\"Radio Jingles, Sung Jingles, DJ Drops, and Podcast Intros for commercial, community and internet radio stations. UK Based. Prices from \u00a35. Order online.\",\"publisher\":{\"@id\":\"https:\/\/radiojingles24.com\/#organization\"},\"potentialAction\":[{\"@type\":\"SearchAction\",\"target\":{\"@type\":\"EntryPoint\",\"urlTemplate\":\"https:\/\/radiojingles24.com\/?s={search_term_string}\"},\"query-input\":{\"@type\":\"PropertyValueSpecification\",\"valueRequired\":true,\"valueName\":\"search_term_string\"}}],\"inLanguage\":\"fr-FR\"},{\"@type\":\"Organization\",\"@id\":\"https:\/\/radiojingles24.com\/#organization\",\"name\":\"Radio Jingles 24\",\"url\":\"https:\/\/radiojingles24.com\/\",\"logo\":{\"@type\":\"ImageObject\",\"inLanguage\":\"fr-FR\",\"@id\":\"https:\/\/radiojingles24.com\/#\/schema\/logo\/image\/\",\"url\":\"https:\/\/radiojingles24.com\/wp-content\/uploads\/2019\/11\/RadioJingle1-1.jpg\",\"contentUrl\":\"https:\/\/radiojingles24.com\/wp-content\/uploads\/2019\/11\/RadioJingle1-1.jpg\",\"width\":512,\"height\":158,\"caption\":\"Radio Jingles 24\"},\"image\":{\"@id\":\"https:\/\/radiojingles24.com\/#\/schema\/logo\/image\/\"},\"sameAs\":[\"https:\/\/www.facebook.com\/radiojingles24\/\",\"https:\/\/x.com\/radiojingles24\"]}]}<\/script>\n<!-- \/ Yoast SEO plugin. -->","yoast_head_json":{"title":"Radio Jingles 24: Radio Jingles | DJ Drops | Podcast Intros | Jingles chant\u00e9s","description":"Radio Jingles, Sung Jingles, DJ Drops et Podcast Intros pour les stations de radio commerciales, communautaires et Internet. Bas\u00e9 au Royaume-Uni. Prix \u00e0 partir de 5 \u00a3. Commander en ligne.","robots":{"index":"index","follow":"follow","max-snippet":"max-snippet:-1","max-image-preview":"max-image-preview:large","max-video-preview":"max-video-preview:-1"},"canonical":"https:\/\/radiojingles24.com\/fr\/searching-for-a-jingle-maker-app\/","og_locale":"fr_FR","og_type":"article","og_title":"Radio Jingles 24: Radio Jingles | DJ Drops | Podcast Intros | Sung Jingles","og_description":"Radio Jingles, Sung Jingles, DJ Drops, and Podcast Intros for commercial, community and internet radio stations. UK Based. Prices from \u00a35. Order online.","og_url":"https:\/\/radiojingles24.com\/fr\/searching-for-a-jingle-maker-app\/","og_site_name":"Radio Jingles 24: Radio Jingles | DJ Drops | Podcast Intros | Sung Jingles","article_publisher":"https:\/\/www.facebook.com\/radiojingles24\/","twitter_card":"summary_large_image","twitter_site":"@radiojingles24","twitter_misc":{"Dur\u00e9e de lecture estim\u00e9e":"3 minutes"},"schema":{"@context":"https:\/\/schema.org","@graph":[{"@type":"WebPage","@id":"https:\/\/radiojingles24.com\/fr\/searching-for-a-jingle-maker-app\/","url":"https:\/\/radiojingles24.com\/fr\/searching-for-a-jingle-maker-app\/","name":"Radio Jingles 24: Radio Jingles | DJ Drops | Podcast Intros | Jingles chant\u00e9s","isPartOf":{"@id":"https:\/\/radiojingles24.com\/#website"},"datePublished":"2021-04-06T14:43:04+00:00","description":"Radio Jingles, Sung Jingles, DJ Drops et Podcast Intros pour les stations de radio commerciales, communautaires et Internet. Bas\u00e9 au Royaume-Uni. Prix \u00e0 partir de 5 \u00a3. Commander en ligne.","breadcrumb":{"@id":"https:\/\/radiojingles24.com\/fr\/searching-for-a-jingle-maker-app\/#breadcrumb"},"inLanguage":"fr-FR","potentialAction":[{"@type":"ReadAction","target":["https:\/\/radiojingles24.com\/fr\/searching-for-a-jingle-maker-app\/"]}]},{"@type":"BreadcrumbList","@id":"https:\/\/radiojingles24.com\/fr\/searching-for-a-jingle-maker-app\/#breadcrumb","itemListElement":[{"@type":"ListItem","position":1,"name":"Home","item":"https:\/\/radiojingles24.com\/de\/"},{"@type":"ListItem","position":2,"name":"Searching for a Jingle Maker App?"}]},{"@type":"WebSite","@id":"https:\/\/radiojingles24.com\/#website","url":"https:\/\/radiojingles24.com\/","name":"Radio Jingles 24: Radio Jingles | DJ Drops | Podcast Intros | Jingles chant\u00e9s","description":"Radio Jingles, Sung Jingles, DJ Drops et Podcast Intros pour les stations de radio commerciales, communautaires et Internet. Bas\u00e9 au Royaume-Uni. Prix \u00e0 partir de 5 \u00a3. Commander en ligne.","publisher":{"@id":"https:\/\/radiojingles24.com\/#organization"},"potentialAction":[{"@type":"SearchAction","target":{"@type":"EntryPoint","urlTemplate":"https:\/\/radiojingles24.com\/?s={search_term_string}"},"query-input":{"@type":"PropertyValueSpecification","valueRequired":true,"valueName":"search_term_string"}}],"inLanguage":"fr-FR"},{"@type":"Organization","@id":"https:\/\/radiojingles24.com\/#organization","name":"Radio Jingles 24","url":"https:\/\/radiojingles24.com\/","logo":{"@type":"ImageObject","inLanguage":"fr-FR","@id":"https:\/\/radiojingles24.com\/#\/schema\/logo\/image\/","url":"https:\/\/radiojingles24.com\/wp-content\/uploads\/2019\/11\/RadioJingle1-1.jpg","contentUrl":"https:\/\/radiojingles24.com\/wp-content\/uploads\/2019\/11\/RadioJingle1-1.jpg","width":512,"height":158,"caption":"Radio Jingles 24"},"image":{"@id":"https:\/\/radiojingles24.com\/#\/schema\/logo\/image\/"},"sameAs":["https:\/\/www.facebook.com\/radiojingles24\/","https:\/\/x.com\/radiojingles24"]}]}},"jetpack_sharing_enabled":true,"_links":{"self":[{"href":"https:\/\/radiojingles24.com\/fr\/wp-json\/wp\/v2\/pages\/89348","targetHints":{"allow":["GET"]}}],"collection":[{"href":"https:\/\/radiojingles24.com\/fr\/wp-json\/wp\/v2\/pages"}],"about":[{"href":"https:\/\/radiojingles24.com\/fr\/wp-json\/wp\/v2\/types\/page"}],"author":[{"embeddable":true,"href":"https:\/\/radiojingles24.com\/fr\/wp-json\/wp\/v2\/users\/1"}],"replies":[{"embeddable":true,"href":"https:\/\/radiojingles24.com\/fr\/wp-json\/wp\/v2\/comments?post=89348"}],"version-history":[{"count":1,"href":"https:\/\/radiojingles24.com\/fr\/wp-json\/wp\/v2\/pages\/89348\/revisions"}],"predecessor-version":[{"id":89349,"href":"https:\/\/radiojingles24.com\/fr\/wp-json\/wp\/v2\/pages\/89348\/revisions\/89349"}],"wp:attachment":[{"href":"https:\/\/radiojingles24.com\/fr\/wp-json\/wp\/v2\/media?parent=89348"}],"curies":[{"name":"wp","href":"https:\/\/api.w.org\/{rel}","templated":true}]}}