{"id":89352,"date":"2021-04-06T14:48:00","date_gmt":"2021-04-06T14:48:00","guid":{"rendered":"https:\/\/radiojingles24.com\/?page_id=89352"},"modified":"2021-04-06T14:48:00","modified_gmt":"2021-04-06T14:48:00","slug":"would-you-like-to-produce-a-podcast-jingle","status":"publish","type":"page","link":"https:\/\/radiojingles24.com\/fr\/would-you-like-to-produce-a-podcast-jingle\/","title":{"rendered":"Souhaitez-vous produire un jingle de podcast\u00a0?"},"content":{"rendered":"<div id=\"fws_69e2573c68251\"  data-midnight=\"dark\"  data-bg-mobile-hidden=\"\" class=\"wpb_row vc_row-fluid vc_row top-level standard_section\"  style=\"padding-top: 0px; padding-bottom: 0px; \"><div class=\"row-bg-wrap\" data-bg-animation=\"none\"><div class=\"inner-wrap\"><div class=\"row-bg\"  style=\"\"><\/div><\/div><div class=\"row-bg-overlay\" ><\/div><\/div><div class=\"col span_12 dark left\">\n\t<div  class=\"vc_col-sm-12 wpb_column column_container vc_column_container col no-extra-padding\"  data-t-w-inherits=\"default\" data-border-radius=\"none\" data-shadow=\"none\" data-border-animation=\"\" data-border-animation-delay=\"\" data-border-width=\"none\" data-border-style=\"solid\" data-border-color=\"\" data-bg-cover=\"\" data-padding-pos=\"all\" data-has-bg-color=\"false\" data-bg-color=\"\" data-bg-opacity=\"1\" data-hover-bg=\"\" data-hover-bg-opacity=\"1\" data-animation=\"\" data-delay=\"0\"><div class=\"column-bg-overlay\"><\/div>\n\t\t<div class=\"vc_column-inner\">\n\t\t\t<div class=\"wpb_wrapper\">\n\t\t\t\t\r\n\t<div class=\"wpb_text_column wpb_content_element\" >\r\n\t\t<div class=\"wpb_wrapper\">\r\n\t\t\t<p><span style=\"font-weight: 400;\">Avez-vous votre propre podcast pour lequel vous aimeriez cr\u00e9er un jingle de podcast? Vous \u00eates arriv\u00e9 au bon endroit. Bienvenue \u00e0 <\/span><a href=\"https:\/\/radiojingles24.com\/fr\/\"><span style=\"font-weight: 400;\">Radio Jingles 24<\/span><\/a><span style=\"font-weight: 400;\">, nous offrons une gamme diversifi\u00e9e de services audio et de jingle. Cela comprend la production de jingles radio professionnels, de jingles chant\u00e9s, de DJ drops et de production commerciale, pour n&#039;en nommer que quelques-uns.\u00a0<\/span><\/p>\n<p><span style=\"font-weight: 400;\">Quels que soient vos besoins audio, nos ing\u00e9nieurs du son sp\u00e9cialis\u00e9s peuvent vous fournir des solutions sonores de haute qualit\u00e9 dans un certain nombre de formats accessibles tels que MP3, HQ WAVE et AIFF. Et nous vous le livrerons le plus rapidement possible - g\u00e9n\u00e9ralement, vous recevrez vos jingles dans les 24 heures. Pourquoi ne pas nous contacter d\u00e8s aujourd&#039;hui pour plus d&#039;informations?<\/span><\/p>\n<p><b>Comment pouvons-nous vous aider?<\/b><\/p>\n<p><span style=\"font-weight: 400;\">Si vous h\u00e9bergez ou produisez une \u00e9mission de podcast, ici \u00e0 Radio Jingles 24, nous proposons d&#039;excellents jingles de podcast qui sonneront bien et garderont vos auditeurs engag\u00e9s. Notre <\/span><a href=\"https:\/\/radiojingles24.com\/fr\/produit\/intro-outro-podcast-pack\/\"><span style=\"font-weight: 400;\">pack de podcast intro et outro<\/span><\/a><span style=\"font-weight: 400;\"> propose un certain nombre de jingles de podcast et de voix off pour que vous puissiez choisir parmi des artistes tels que Paul, Jo, Laura, Mike et John. Nous avons une gamme d&#039;artistes professionnels de la voix masculine et f\u00e9minine, chacun \u00e9tant individuel et distinct \u00e0 sa mani\u00e8re. Chaque intro et outro dure 30 secondes chacune, et est exprim\u00e9e et produite avec de la musique, Vocal FX et SFX.\u00a0<\/span><\/p>\n<p><span style=\"font-weight: 400;\">Tout ce que vous avez \u00e0 faire est de nous fournir un script de 30 secondes et de nous indiquer si vous avez des exigences particuli\u00e8res. Nous pouvons <\/span><a href=\"https:\/\/radiojingles24.com\/fr\/produit\/intro-outro-podcast-pack\/\"><span style=\"font-weight: 400;\">produisez votre jingle de podcast<\/span><\/a><span style=\"font-weight: 400;\"> dans trois formats de fichiers: MP3, WAVE et AIFF, et vous recevrez les copies finales ainsi que les copies s\u00e8ches, donc il y aura 4 fichiers audio qui vous parviendront au total. Nous garantissons que nos jingles de podcast \u00e9l\u00e8veront vos \u00e9pisodes de podcast au niveau sup\u00e9rieur avec un son de qualit\u00e9 sup\u00e9rieure qui distingue votre \u00e9mission des autres. \u00c0 un prix de seulement 40 \u00a3 pour la production, il s&#039;agit d&#039;une option tr\u00e8s abordable et exceptionnelle dont vous devriez profiter aujourd&#039;hui.<\/span><\/p>\n<p><b>Pourquoi choisir Radio Jingles 24?<\/b><\/p>\n<p><span style=\"font-weight: 400;\">Si vous souhaitez faire produire un jingle de podcast pour votre \u00e9mission, nous vous livrerons cet audio dans un d\u00e9lai maximum de 24 heures. En r\u00e8gle g\u00e9n\u00e9rale, nous vous enverrons votre audio en quelques heures seulement, et si vous avez un besoin urgent d&#039;un jingle, nous pouvons vous offrir un service encore plus rapide - si vous nous appelez au: 0113534 6686.\u00a0<\/span><\/p>\n<p><span style=\"font-weight: 400;\">Si vous avez besoin d&#039;une solution sur mesure ou souhaitez discuter de quelque chose de plus, vous pouvez toujours nous appeler; l&#039;\u00e9quipe se fera un plaisir de vous aider et de vous garantir une solution optimale. Nous nous engageons \u00e0 produire des sons de qualit\u00e9 qui augmentent la popularit\u00e9 de votre podcast et incitent les gens \u00e0 l&#039;\u00e9couter. Nous visons \u00e0 aller plus loin et \u00e0 aller au-del\u00e0 de vos attentes avec un service client et une assistance de premi\u00e8re classe tout au long de votre utilisation de notre service.\u00a0<\/span><\/p>\n<p><b>Fa\u00e7ons de nous joindre\u00a0<\/b><\/p>\n<p><span style=\"font-weight: 400;\">Si vous \u00eates int\u00e9ress\u00e9 par notre service de jingle de podcast, n&#039;h\u00e9sitez pas \u00e0 nous contacter d\u00e8s aujourd&#039;hui. Vous pouvez nous envoyer un courriel \u00e0 <\/span><a href=\"mailto:info@radiojingles24.com\"><span style=\"font-weight: 400;\">info@radiojingles24.com<\/span><\/a><span style=\"font-weight: 400;\"> et nous vous contacterons sous peu. Vous pouvez \u00e9galement nous appeler au: +44 (0) 113 5346686 (UK) ou +1 (212) 710-1350 (US). Quelles que soient vos exigences, n&#039;h\u00e9sitez pas \u00e0 nous contacter et \u00e0 parler avec l&#039;un de nos experts.\u00a0<\/span><\/p>\n\r\n\t\t<\/div>\r\n\t<\/div>\r\n\n\t\t\t<\/div> \n\t\t<\/div>\n\t<\/div> \n<\/div><\/div>","protected":false},"excerpt":{"rendered":"Avez-vous votre propre podcast pour lequel vous aimeriez cr\u00e9er un jingle de podcast\u00a0? Vous \u00eates arriv\u00e9 au bon endroit. Bienvenue sur Radio Jingles 24, nous vous proposons une...","protected":false},"author":1,"featured_media":0,"parent":0,"menu_order":0,"comment_status":"closed","ping_status":"closed","template":"","meta":{"_exactmetrics_skip_tracking":false,"_exactmetrics_sitenote_active":false,"_exactmetrics_sitenote_note":"","_exactmetrics_sitenote_category":0,"footnotes":""},"class_list":["post-89352","page","type-page","status-publish"],"yoast_head":"<!-- This site is optimized with the Yoast SEO plugin v26.8 - https:\/\/yoast.com\/product\/yoast-seo-wordpress\/ -->\n<title>Radio Jingles 24: Radio Jingles | DJ Drops | Podcast Intros | Sung Jingles<\/title>\n<meta name=\"description\" content=\"Radio Jingles, Sung Jingles, DJ Drops, and Podcast Intros for commercial, community and internet radio stations. UK Based. Prices from \u00a35. Order online.\" \/>\n<meta name=\"robots\" content=\"index, follow, max-snippet:-1, max-image-preview:large, max-video-preview:-1\" \/>\n<link rel=\"canonical\" href=\"https:\/\/radiojingles24.com\/fr\/would-you-like-to-produce-a-podcast-jingle\/\" \/>\n<meta property=\"og:locale\" content=\"fr_FR\" \/>\n<meta property=\"og:type\" content=\"article\" \/>\n<meta property=\"og:title\" content=\"Radio Jingles 24: Radio Jingles | DJ Drops | Podcast Intros | Sung Jingles\" \/>\n<meta property=\"og:description\" content=\"Radio Jingles, Sung Jingles, DJ Drops, and Podcast Intros for commercial, community and internet radio stations. UK Based. Prices from \u00a35. Order online.\" \/>\n<meta property=\"og:url\" content=\"https:\/\/radiojingles24.com\/fr\/would-you-like-to-produce-a-podcast-jingle\/\" \/>\n<meta property=\"og:site_name\" content=\"Radio Jingles 24: Radio Jingles | DJ Drops | Podcast Intros | Sung Jingles\" \/>\n<meta property=\"article:publisher\" content=\"https:\/\/www.facebook.com\/radiojingles24\/\" \/>\n<meta name=\"twitter:card\" content=\"summary_large_image\" \/>\n<meta name=\"twitter:site\" content=\"@radiojingles24\" \/>\n<meta name=\"twitter:label1\" content=\"Dur\u00e9e de lecture estim\u00e9e\" \/>\n\t<meta name=\"twitter:data1\" content=\"3 minutes\" \/>\n<script type=\"application\/ld+json\" class=\"yoast-schema-graph\">{\"@context\":\"https:\/\/schema.org\",\"@graph\":[{\"@type\":\"WebPage\",\"@id\":\"https:\/\/radiojingles24.com\/fr\/would-you-like-to-produce-a-podcast-jingle\/\",\"url\":\"https:\/\/radiojingles24.com\/fr\/would-you-like-to-produce-a-podcast-jingle\/\",\"name\":\"Radio Jingles 24: Radio Jingles | DJ Drops | Podcast Intros | Sung Jingles\",\"isPartOf\":{\"@id\":\"https:\/\/radiojingles24.com\/#website\"},\"datePublished\":\"2021-04-06T14:48:00+00:00\",\"description\":\"Radio Jingles, Sung Jingles, DJ Drops, and Podcast Intros for commercial, community and internet radio stations. UK Based. Prices from \u00a35. Order online.\",\"breadcrumb\":{\"@id\":\"https:\/\/radiojingles24.com\/fr\/would-you-like-to-produce-a-podcast-jingle\/#breadcrumb\"},\"inLanguage\":\"fr-FR\",\"potentialAction\":[{\"@type\":\"ReadAction\",\"target\":[\"https:\/\/radiojingles24.com\/fr\/would-you-like-to-produce-a-podcast-jingle\/\"]}]},{\"@type\":\"BreadcrumbList\",\"@id\":\"https:\/\/radiojingles24.com\/fr\/would-you-like-to-produce-a-podcast-jingle\/#breadcrumb\",\"itemListElement\":[{\"@type\":\"ListItem\",\"position\":1,\"name\":\"Home\",\"item\":\"https:\/\/radiojingles24.com\/de\/\"},{\"@type\":\"ListItem\",\"position\":2,\"name\":\"Would you Like To Produce a Podcast Jingle?\"}]},{\"@type\":\"WebSite\",\"@id\":\"https:\/\/radiojingles24.com\/#website\",\"url\":\"https:\/\/radiojingles24.com\/\",\"name\":\"Radio Jingles 24: Radio Jingles | DJ Drops | Podcast Intros | Sung Jingles\",\"description\":\"Radio Jingles, Sung Jingles, DJ Drops, and Podcast Intros for commercial, community and internet radio stations. UK Based. Prices from \u00a35. Order online.\",\"publisher\":{\"@id\":\"https:\/\/radiojingles24.com\/#organization\"},\"potentialAction\":[{\"@type\":\"SearchAction\",\"target\":{\"@type\":\"EntryPoint\",\"urlTemplate\":\"https:\/\/radiojingles24.com\/?s={search_term_string}\"},\"query-input\":{\"@type\":\"PropertyValueSpecification\",\"valueRequired\":true,\"valueName\":\"search_term_string\"}}],\"inLanguage\":\"fr-FR\"},{\"@type\":\"Organization\",\"@id\":\"https:\/\/radiojingles24.com\/#organization\",\"name\":\"Radio Jingles 24\",\"url\":\"https:\/\/radiojingles24.com\/\",\"logo\":{\"@type\":\"ImageObject\",\"inLanguage\":\"fr-FR\",\"@id\":\"https:\/\/radiojingles24.com\/#\/schema\/logo\/image\/\",\"url\":\"https:\/\/radiojingles24.com\/wp-content\/uploads\/2019\/11\/RadioJingle1-1.jpg\",\"contentUrl\":\"https:\/\/radiojingles24.com\/wp-content\/uploads\/2019\/11\/RadioJingle1-1.jpg\",\"width\":512,\"height\":158,\"caption\":\"Radio Jingles 24\"},\"image\":{\"@id\":\"https:\/\/radiojingles24.com\/#\/schema\/logo\/image\/\"},\"sameAs\":[\"https:\/\/www.facebook.com\/radiojingles24\/\",\"https:\/\/x.com\/radiojingles24\"]}]}<\/script>\n<!-- \/ Yoast SEO plugin. -->","yoast_head_json":{"title":"Radio Jingles 24: Radio Jingles | DJ Drops | Podcast Intros | Jingles chant\u00e9s","description":"Radio Jingles, Sung Jingles, DJ Drops et Podcast Intros pour les stations de radio commerciales, communautaires et Internet. Bas\u00e9 au Royaume-Uni. Prix \u00e0 partir de 5 \u00a3. Commander en ligne.","robots":{"index":"index","follow":"follow","max-snippet":"max-snippet:-1","max-image-preview":"max-image-preview:large","max-video-preview":"max-video-preview:-1"},"canonical":"https:\/\/radiojingles24.com\/fr\/would-you-like-to-produce-a-podcast-jingle\/","og_locale":"fr_FR","og_type":"article","og_title":"Radio Jingles 24: Radio Jingles | DJ Drops | Podcast Intros | Sung Jingles","og_description":"Radio Jingles, Sung Jingles, DJ Drops, and Podcast Intros for commercial, community and internet radio stations. UK Based. Prices from \u00a35. Order online.","og_url":"https:\/\/radiojingles24.com\/fr\/would-you-like-to-produce-a-podcast-jingle\/","og_site_name":"Radio Jingles 24: Radio Jingles | DJ Drops | Podcast Intros | Sung Jingles","article_publisher":"https:\/\/www.facebook.com\/radiojingles24\/","twitter_card":"summary_large_image","twitter_site":"@radiojingles24","twitter_misc":{"Dur\u00e9e de lecture estim\u00e9e":"3 minutes"},"schema":{"@context":"https:\/\/schema.org","@graph":[{"@type":"WebPage","@id":"https:\/\/radiojingles24.com\/fr\/would-you-like-to-produce-a-podcast-jingle\/","url":"https:\/\/radiojingles24.com\/fr\/would-you-like-to-produce-a-podcast-jingle\/","name":"Radio Jingles 24: Radio Jingles | DJ Drops | Podcast Intros | Jingles chant\u00e9s","isPartOf":{"@id":"https:\/\/radiojingles24.com\/#website"},"datePublished":"2021-04-06T14:48:00+00:00","description":"Radio Jingles, Sung Jingles, DJ Drops et Podcast Intros pour les stations de radio commerciales, communautaires et Internet. Bas\u00e9 au Royaume-Uni. Prix \u00e0 partir de 5 \u00a3. Commander en ligne.","breadcrumb":{"@id":"https:\/\/radiojingles24.com\/fr\/would-you-like-to-produce-a-podcast-jingle\/#breadcrumb"},"inLanguage":"fr-FR","potentialAction":[{"@type":"ReadAction","target":["https:\/\/radiojingles24.com\/fr\/would-you-like-to-produce-a-podcast-jingle\/"]}]},{"@type":"BreadcrumbList","@id":"https:\/\/radiojingles24.com\/fr\/would-you-like-to-produce-a-podcast-jingle\/#breadcrumb","itemListElement":[{"@type":"ListItem","position":1,"name":"Home","item":"https:\/\/radiojingles24.com\/de\/"},{"@type":"ListItem","position":2,"name":"Would you Like To Produce a Podcast Jingle?"}]},{"@type":"WebSite","@id":"https:\/\/radiojingles24.com\/#website","url":"https:\/\/radiojingles24.com\/","name":"Radio Jingles 24: Radio Jingles | DJ Drops | Podcast Intros | Jingles chant\u00e9s","description":"Radio Jingles, Sung Jingles, DJ Drops et Podcast Intros pour les stations de radio commerciales, communautaires et Internet. Bas\u00e9 au Royaume-Uni. Prix \u00e0 partir de 5 \u00a3. Commander en ligne.","publisher":{"@id":"https:\/\/radiojingles24.com\/#organization"},"potentialAction":[{"@type":"SearchAction","target":{"@type":"EntryPoint","urlTemplate":"https:\/\/radiojingles24.com\/?s={search_term_string}"},"query-input":{"@type":"PropertyValueSpecification","valueRequired":true,"valueName":"search_term_string"}}],"inLanguage":"fr-FR"},{"@type":"Organization","@id":"https:\/\/radiojingles24.com\/#organization","name":"Radio Jingles 24","url":"https:\/\/radiojingles24.com\/","logo":{"@type":"ImageObject","inLanguage":"fr-FR","@id":"https:\/\/radiojingles24.com\/#\/schema\/logo\/image\/","url":"https:\/\/radiojingles24.com\/wp-content\/uploads\/2019\/11\/RadioJingle1-1.jpg","contentUrl":"https:\/\/radiojingles24.com\/wp-content\/uploads\/2019\/11\/RadioJingle1-1.jpg","width":512,"height":158,"caption":"Radio Jingles 24"},"image":{"@id":"https:\/\/radiojingles24.com\/#\/schema\/logo\/image\/"},"sameAs":["https:\/\/www.facebook.com\/radiojingles24\/","https:\/\/x.com\/radiojingles24"]}]}},"jetpack_sharing_enabled":true,"_links":{"self":[{"href":"https:\/\/radiojingles24.com\/fr\/wp-json\/wp\/v2\/pages\/89352","targetHints":{"allow":["GET"]}}],"collection":[{"href":"https:\/\/radiojingles24.com\/fr\/wp-json\/wp\/v2\/pages"}],"about":[{"href":"https:\/\/radiojingles24.com\/fr\/wp-json\/wp\/v2\/types\/page"}],"author":[{"embeddable":true,"href":"https:\/\/radiojingles24.com\/fr\/wp-json\/wp\/v2\/users\/1"}],"replies":[{"embeddable":true,"href":"https:\/\/radiojingles24.com\/fr\/wp-json\/wp\/v2\/comments?post=89352"}],"version-history":[{"count":1,"href":"https:\/\/radiojingles24.com\/fr\/wp-json\/wp\/v2\/pages\/89352\/revisions"}],"predecessor-version":[{"id":89353,"href":"https:\/\/radiojingles24.com\/fr\/wp-json\/wp\/v2\/pages\/89352\/revisions\/89353"}],"wp:attachment":[{"href":"https:\/\/radiojingles24.com\/fr\/wp-json\/wp\/v2\/media?parent=89352"}],"curies":[{"name":"wp","href":"https:\/\/api.w.org\/{rel}","templated":true}]}}