{"id":89464,"date":"2021-04-14T10:47:50","date_gmt":"2021-04-14T10:47:50","guid":{"rendered":"https:\/\/radiojingles24.com\/?page_id=89464"},"modified":"2021-04-14T10:47:50","modified_gmt":"2021-04-14T10:47:50","slug":"want-to-hear-radio-voice-over-samples","status":"publish","type":"page","link":"https:\/\/radiojingles24.com\/fr\/want-to-hear-radio-voice-over-samples\/","title":{"rendered":"Vous voulez entendre la voix radio sur des \u00e9chantillons?"},"content":{"rendered":"<div id=\"fws_69f27d9d11db8\"  data-midnight=\"dark\"  data-bg-mobile-hidden=\"\" class=\"wpb_row vc_row-fluid vc_row top-level standard_section\"  style=\"padding-top: 0px; padding-bottom: 0px; \"><div class=\"row-bg-wrap\" data-bg-animation=\"none\"><div class=\"inner-wrap\"><div class=\"row-bg\"  style=\"\"><\/div><\/div><div class=\"row-bg-overlay\" ><\/div><\/div><div class=\"col span_12 dark left\">\n\t<div  class=\"vc_col-sm-12 wpb_column column_container vc_column_container col no-extra-padding\"  data-t-w-inherits=\"default\" data-border-radius=\"none\" data-shadow=\"none\" data-border-animation=\"\" data-border-animation-delay=\"\" data-border-width=\"none\" data-border-style=\"solid\" data-border-color=\"\" data-bg-cover=\"\" data-padding-pos=\"all\" data-has-bg-color=\"false\" data-bg-color=\"\" data-bg-opacity=\"1\" data-hover-bg=\"\" data-hover-bg-opacity=\"1\" data-animation=\"\" data-delay=\"0\"><div class=\"column-bg-overlay\"><\/div>\n\t\t<div class=\"vc_column-inner\">\n\t\t\t<div class=\"wpb_wrapper\">\n\t\t\t\t\r\n\t<div class=\"wpb_text_column wpb_content_element\" >\r\n\t\t<div class=\"wpb_wrapper\">\r\n\t\t\t<p><span style=\"font-weight: 400;\">Cherchez-vous des \u00e9chantillons de voix off radio? Eh bien, vous \u00eates au bon endroit. Bienvenue \u00e0 <\/span><a href=\"https:\/\/radiojingles24.com\/fr\/\"><span style=\"font-weight: 400;\">Radio Jingles 24<\/span><\/a><span style=\"font-weight: 400;\">. Nous sommes une entreprise ind\u00e9pendante fournissant des jingles radio de premi\u00e8re classe, des DJ drops, une production commerciale et des jingles chant\u00e9s. Tous nos jingles radio sont rapidement produits, faciles \u00e0 utiliser et enregistr\u00e9s selon les normes professionnelles. Nous pouvons produire des \u00e9chantillons de voix off radio pour tous nos clients, et nos solutions sont adapt\u00e9es aux radios et DJs communautaires, commerciaux et Internet.\u00a0<\/span><\/p>\n<h2>Vous voulez entendre la voix radio sur des \u00e9chantillons?<\/h2>\n<p><span style=\"font-weight: 400;\">Nous avons travaill\u00e9 avec un certain nombre de clients renomm\u00e9s, notamment la radio Tameside, la radio Corby, les Cash Converters et plus encore. Quels que soient vos besoins ou vos exigences en mati\u00e8re d&#039;\u00e9chantillons de voix off radio, nous sommes certains que nous avons des professionnels de l&#039;audio qui peuvent vous fournir une solution qui r\u00e9pond \u00e0 vos exigences. Si vous souhaitez nous contacter \u00e0 propos d&#039;\u00e9chantillons de voix off radio, n&#039;h\u00e9sitez pas \u00e0 nous contacter d\u00e8s aujourd&#039;hui.\u00a0<\/span><\/p>\n<p><b>Comment Radio Jingles 24 peut vous aider?<\/b><\/p>\n<p><span style=\"font-weight: 400;\">Si vous venez \u00e0 Radio Jingles 24, il existe une large gamme de <\/span><a href=\"https:\/\/radiojingles24.com\/fr\/#voices\"><span style=\"font-weight: 400;\">\u00e9chantillons de voix off radio<\/span><\/a><span style=\"font-weight: 400;\"> pour vous de choisir. Il existe un certain nombre d&#039;options, notamment si vous souhaitez qu&#039;il soit sec ou enti\u00e8rement produit avec de la musique et SFX; la longueur de l&#039;audio; le script et plus encore. Une fois que vous avez choisi votre voix off et \u00e9crit votre sc\u00e9nario, notre \u00e9quipe de professionnels de l&#039;audio peut se mettre au travail pour produire votre \u00e9chantillon de voix off radio. Nous enregistrons toutes les voix off dans un studio professionnel, ce qui permet une meilleure qualit\u00e9 sonore et des performances audio.\u00a0<\/span><\/p>\n<p><span style=\"font-weight: 400;\">Apr\u00e8s l&#039;enregistrement, nous \u00e9diterons, produirons et ma\u00eetriserons votre jingle afin qu&#039;il r\u00e9ponde aux normes \u00e9lev\u00e9es que nous visons constamment. En r\u00e8gle g\u00e9n\u00e9rale, nous visons \u00e0 fournir tous les \u00e9chantillons de voix off radio dans un d\u00e9lai de 24 heures, et nous sommes g\u00e9n\u00e9ralement encore plus rapides que cela. Nous pouvons envoyer un \u00e9chantillon de voix off radio dans une vari\u00e9t\u00e9 de formats de fichiers, y compris HQ Wave, MP3 ou AIFF. Tout l&#039;audio que nous produisons est 100% libre de droits. Nous avons un certain nombre d&#039;artistes voix off et chanteurs diff\u00e9rents, qui sont tous extr\u00eamement capables de produire des voix off radio de haute qualit\u00e9.\u00a0<\/span><\/p>\n<p><span style=\"font-weight: 400;\">Vous avez le choix entre des voix f\u00e9minines et masculines, vous avez donc la possibilit\u00e9 de d\u00e9cider quel ton convient le mieux \u00e0 votre station et \u00e0 votre public. Nous sommes une \u00e9quipe professionnelle d&#039;artistes voix off et nous avons d\u00e9velopp\u00e9 une r\u00e9putation pour fournir un service de premi\u00e8re classe. Nous avons de nombreux t\u00e9moignages et critiques fantastiques sur notre site Web. Si vous souhaitez d\u00e9couvrir ce que nous avons d&#039;autre \u00e0 offrir, rendez-vous sur notre site Web d\u00e8s aujourd&#039;hui.<\/span><\/p>\n<p><b>Souhaitez-vous nous contacter?<\/b><\/p>\n<p><span style=\"font-weight: 400;\">Si vous souhaitez nous contacter \u00e0 propos de nos \u00e9chantillons de voix off radio, n&#039;h\u00e9sitez pas \u00e0 nous contacter. Vous pouvez nous appeler au +44 (0) 113 5346686 (Royaume-Uni) ou au +1 (212) 710-1350 (USA) pour parler \u00e0 un membre de notre \u00e9quipe. Si vous souhaitez nous envoyer un e-mail, veuillez nous \u00e9crire \u00e0 <\/span><a href=\"mailto:info@radiojingles24.com\"><span style=\"font-weight: 400;\">info@radiojingles24.com<\/span><\/a><span style=\"font-weight: 400;\"> et nous vous r\u00e9pondrons le plus rapidement possible. Nous esp\u00e9rons avoir de vos nouvelles bient\u00f4t.\u00a0<\/span><\/p>\n\r\n\t\t<\/div>\r\n\t<\/div>\r\n\n\t\t\t<\/div> \n\t\t<\/div>\n\t<\/div> \n<\/div><\/div>","protected":false},"excerpt":{"rendered":"Are you searching for radio voice over samples? Well then you've come to the right place. Welcome to Radio Jingles 24. We are an independent business providing first class radio...","protected":false},"author":1,"featured_media":0,"parent":0,"menu_order":0,"comment_status":"closed","ping_status":"closed","template":"","meta":{"_exactmetrics_skip_tracking":false,"_exactmetrics_sitenote_active":false,"_exactmetrics_sitenote_note":"","_exactmetrics_sitenote_category":0,"footnotes":""},"class_list":["post-89464","page","type-page","status-publish"],"yoast_head":"<!-- This site is optimized with the Yoast SEO plugin v26.8 - https:\/\/yoast.com\/product\/yoast-seo-wordpress\/ -->\n<title>Radio Jingles 24: Radio Jingles | DJ Drops | Podcast Intros | Sung Jingles<\/title>\n<meta name=\"description\" content=\"Radio Jingles, Sung Jingles, DJ Drops, and Podcast Intros for commercial, community and internet radio stations. UK Based. Prices from \u00a35. Order online.\" \/>\n<meta name=\"robots\" content=\"index, follow, max-snippet:-1, max-image-preview:large, max-video-preview:-1\" \/>\n<link rel=\"canonical\" href=\"https:\/\/radiojingles24.com\/fr\/want-to-hear-radio-voice-over-samples\/\" \/>\n<meta property=\"og:locale\" content=\"fr_FR\" \/>\n<meta property=\"og:type\" content=\"article\" \/>\n<meta property=\"og:title\" content=\"Radio Jingles 24: Radio Jingles | DJ Drops | Podcast Intros | Sung Jingles\" \/>\n<meta property=\"og:description\" content=\"Radio Jingles, Sung Jingles, DJ Drops, and Podcast Intros for commercial, community and internet radio stations. UK Based. Prices from \u00a35. Order online.\" \/>\n<meta property=\"og:url\" content=\"https:\/\/radiojingles24.com\/fr\/want-to-hear-radio-voice-over-samples\/\" \/>\n<meta property=\"og:site_name\" content=\"Radio Jingles 24: Radio Jingles | DJ Drops | Podcast Intros | Sung Jingles\" \/>\n<meta property=\"article:publisher\" content=\"https:\/\/www.facebook.com\/radiojingles24\/\" \/>\n<meta name=\"twitter:card\" content=\"summary_large_image\" \/>\n<meta name=\"twitter:site\" content=\"@radiojingles24\" \/>\n<meta name=\"twitter:label1\" content=\"Dur\u00e9e de lecture estim\u00e9e\" \/>\n\t<meta name=\"twitter:data1\" content=\"3 minutes\" \/>\n<script type=\"application\/ld+json\" class=\"yoast-schema-graph\">{\"@context\":\"https:\/\/schema.org\",\"@graph\":[{\"@type\":\"WebPage\",\"@id\":\"https:\/\/radiojingles24.com\/es\/want-to-hear-radio-voice-over-samples\/\",\"url\":\"https:\/\/radiojingles24.com\/es\/want-to-hear-radio-voice-over-samples\/\",\"name\":\"Radio Jingles 24: Radio Jingles | DJ Drops | Podcast Intros | Sung Jingles\",\"isPartOf\":{\"@id\":\"https:\/\/radiojingles24.com\/#website\"},\"datePublished\":\"2021-04-14T10:47:50+00:00\",\"description\":\"Radio Jingles, Sung Jingles, DJ Drops, and Podcast Intros for commercial, community and internet radio stations. UK Based. Prices from \u00a35. Order online.\",\"breadcrumb\":{\"@id\":\"https:\/\/radiojingles24.com\/es\/want-to-hear-radio-voice-over-samples\/#breadcrumb\"},\"inLanguage\":\"fr-FR\",\"potentialAction\":[{\"@type\":\"ReadAction\",\"target\":[\"https:\/\/radiojingles24.com\/es\/want-to-hear-radio-voice-over-samples\/\"]}]},{\"@type\":\"BreadcrumbList\",\"@id\":\"https:\/\/radiojingles24.com\/es\/want-to-hear-radio-voice-over-samples\/#breadcrumb\",\"itemListElement\":[{\"@type\":\"ListItem\",\"position\":1,\"name\":\"Home\",\"item\":\"https:\/\/radiojingles24.com\/de\/\"},{\"@type\":\"ListItem\",\"position\":2,\"name\":\"Want to Hear Radio Voice over Samples?\"}]},{\"@type\":\"WebSite\",\"@id\":\"https:\/\/radiojingles24.com\/#website\",\"url\":\"https:\/\/radiojingles24.com\/\",\"name\":\"Radio Jingles 24: Radio Jingles | DJ Drops | Podcast Intros | Sung Jingles\",\"description\":\"Radio Jingles, Sung Jingles, DJ Drops, and Podcast Intros for commercial, community and internet radio stations. UK Based. Prices from \u00a35. Order online.\",\"publisher\":{\"@id\":\"https:\/\/radiojingles24.com\/#organization\"},\"potentialAction\":[{\"@type\":\"SearchAction\",\"target\":{\"@type\":\"EntryPoint\",\"urlTemplate\":\"https:\/\/radiojingles24.com\/?s={search_term_string}\"},\"query-input\":{\"@type\":\"PropertyValueSpecification\",\"valueRequired\":true,\"valueName\":\"search_term_string\"}}],\"inLanguage\":\"fr-FR\"},{\"@type\":\"Organization\",\"@id\":\"https:\/\/radiojingles24.com\/#organization\",\"name\":\"Radio Jingles 24\",\"url\":\"https:\/\/radiojingles24.com\/\",\"logo\":{\"@type\":\"ImageObject\",\"inLanguage\":\"fr-FR\",\"@id\":\"https:\/\/radiojingles24.com\/#\/schema\/logo\/image\/\",\"url\":\"https:\/\/radiojingles24.com\/wp-content\/uploads\/2019\/11\/RadioJingle1-1.jpg\",\"contentUrl\":\"https:\/\/radiojingles24.com\/wp-content\/uploads\/2019\/11\/RadioJingle1-1.jpg\",\"width\":512,\"height\":158,\"caption\":\"Radio Jingles 24\"},\"image\":{\"@id\":\"https:\/\/radiojingles24.com\/#\/schema\/logo\/image\/\"},\"sameAs\":[\"https:\/\/www.facebook.com\/radiojingles24\/\",\"https:\/\/x.com\/radiojingles24\"]}]}<\/script>\n<!-- \/ Yoast SEO plugin. -->","yoast_head_json":{"title":"Radio Jingles 24: Radio Jingles | DJ Drops | Podcast Intros | Jingles chant\u00e9s","description":"Radio Jingles, Sung Jingles, DJ Drops et Podcast Intros pour les stations de radio commerciales, communautaires et Internet. Bas\u00e9 au Royaume-Uni. Prix \u00e0 partir de 5 \u00a3. Commander en ligne.","robots":{"index":"index","follow":"follow","max-snippet":"max-snippet:-1","max-image-preview":"max-image-preview:large","max-video-preview":"max-video-preview:-1"},"canonical":"https:\/\/radiojingles24.com\/fr\/want-to-hear-radio-voice-over-samples\/","og_locale":"fr_FR","og_type":"article","og_title":"Radio Jingles 24: Radio Jingles | DJ Drops | Podcast Intros | Sung Jingles","og_description":"Radio Jingles, Sung Jingles, DJ Drops, and Podcast Intros for commercial, community and internet radio stations. UK Based. Prices from \u00a35. Order online.","og_url":"https:\/\/radiojingles24.com\/fr\/want-to-hear-radio-voice-over-samples\/","og_site_name":"Radio Jingles 24: Radio Jingles | DJ Drops | Podcast Intros | Sung Jingles","article_publisher":"https:\/\/www.facebook.com\/radiojingles24\/","twitter_card":"summary_large_image","twitter_site":"@radiojingles24","twitter_misc":{"Dur\u00e9e de lecture estim\u00e9e":"3 minutes"},"schema":{"@context":"https:\/\/schema.org","@graph":[{"@type":"WebPage","@id":"https:\/\/radiojingles24.com\/es\/want-to-hear-radio-voice-over-samples\/","url":"https:\/\/radiojingles24.com\/es\/want-to-hear-radio-voice-over-samples\/","name":"Radio Jingles 24: Radio Jingles | DJ Drops | Podcast Intros | Jingles chant\u00e9s","isPartOf":{"@id":"https:\/\/radiojingles24.com\/#website"},"datePublished":"2021-04-14T10:47:50+00:00","description":"Radio Jingles, Sung Jingles, DJ Drops et Podcast Intros pour les stations de radio commerciales, communautaires et Internet. Bas\u00e9 au Royaume-Uni. Prix \u00e0 partir de 5 \u00a3. Commander en ligne.","breadcrumb":{"@id":"https:\/\/radiojingles24.com\/es\/want-to-hear-radio-voice-over-samples\/#breadcrumb"},"inLanguage":"fr-FR","potentialAction":[{"@type":"ReadAction","target":["https:\/\/radiojingles24.com\/es\/want-to-hear-radio-voice-over-samples\/"]}]},{"@type":"BreadcrumbList","@id":"https:\/\/radiojingles24.com\/es\/want-to-hear-radio-voice-over-samples\/#breadcrumb","itemListElement":[{"@type":"ListItem","position":1,"name":"Home","item":"https:\/\/radiojingles24.com\/de\/"},{"@type":"ListItem","position":2,"name":"Want to Hear Radio Voice over Samples?"}]},{"@type":"WebSite","@id":"https:\/\/radiojingles24.com\/#website","url":"https:\/\/radiojingles24.com\/","name":"Radio Jingles 24: Radio Jingles | DJ Drops | Podcast Intros | Jingles chant\u00e9s","description":"Radio Jingles, Sung Jingles, DJ Drops et Podcast Intros pour les stations de radio commerciales, communautaires et Internet. Bas\u00e9 au Royaume-Uni. Prix \u00e0 partir de 5 \u00a3. Commander en ligne.","publisher":{"@id":"https:\/\/radiojingles24.com\/#organization"},"potentialAction":[{"@type":"SearchAction","target":{"@type":"EntryPoint","urlTemplate":"https:\/\/radiojingles24.com\/?s={search_term_string}"},"query-input":{"@type":"PropertyValueSpecification","valueRequired":true,"valueName":"search_term_string"}}],"inLanguage":"fr-FR"},{"@type":"Organization","@id":"https:\/\/radiojingles24.com\/#organization","name":"Radio Jingles 24","url":"https:\/\/radiojingles24.com\/","logo":{"@type":"ImageObject","inLanguage":"fr-FR","@id":"https:\/\/radiojingles24.com\/#\/schema\/logo\/image\/","url":"https:\/\/radiojingles24.com\/wp-content\/uploads\/2019\/11\/RadioJingle1-1.jpg","contentUrl":"https:\/\/radiojingles24.com\/wp-content\/uploads\/2019\/11\/RadioJingle1-1.jpg","width":512,"height":158,"caption":"Radio Jingles 24"},"image":{"@id":"https:\/\/radiojingles24.com\/#\/schema\/logo\/image\/"},"sameAs":["https:\/\/www.facebook.com\/radiojingles24\/","https:\/\/x.com\/radiojingles24"]}]}},"jetpack_sharing_enabled":true,"_links":{"self":[{"href":"https:\/\/radiojingles24.com\/fr\/wp-json\/wp\/v2\/pages\/89464","targetHints":{"allow":["GET"]}}],"collection":[{"href":"https:\/\/radiojingles24.com\/fr\/wp-json\/wp\/v2\/pages"}],"about":[{"href":"https:\/\/radiojingles24.com\/fr\/wp-json\/wp\/v2\/types\/page"}],"author":[{"embeddable":true,"href":"https:\/\/radiojingles24.com\/fr\/wp-json\/wp\/v2\/users\/1"}],"replies":[{"embeddable":true,"href":"https:\/\/radiojingles24.com\/fr\/wp-json\/wp\/v2\/comments?post=89464"}],"version-history":[{"count":1,"href":"https:\/\/radiojingles24.com\/fr\/wp-json\/wp\/v2\/pages\/89464\/revisions"}],"predecessor-version":[{"id":89465,"href":"https:\/\/radiojingles24.com\/fr\/wp-json\/wp\/v2\/pages\/89464\/revisions\/89465"}],"wp:attachment":[{"href":"https:\/\/radiojingles24.com\/fr\/wp-json\/wp\/v2\/media?parent=89464"}],"curies":[{"name":"wp","href":"https:\/\/api.w.org\/{rel}","templated":true}]}}