{"id":90767,"date":"2021-07-27T11:56:55","date_gmt":"2021-07-27T11:56:55","guid":{"rendered":"https:\/\/radiojingles24.com\/?page_id=90767"},"modified":"2021-07-27T11:56:55","modified_gmt":"2021-07-27T11:56:55","slug":"want-to-create-podcast-jingle-music","status":"publish","type":"page","link":"https:\/\/radiojingles24.com\/fr\/want-to-create-podcast-jingle-music\/","title":{"rendered":"Vous voulez cr\u00e9er de la musique Podcast Jingle\u00a0?"},"content":{"rendered":"<div id=\"fws_69d301376fba9\"  data-midnight=\"dark\"  data-bg-mobile-hidden=\"\" class=\"wpb_row vc_row-fluid vc_row top-level standard_section\"  style=\"padding-top: 0px; padding-bottom: 0px; \"><div class=\"row-bg-wrap\" data-bg-animation=\"none\"><div class=\"inner-wrap\"><div class=\"row-bg\"  style=\"\"><\/div><\/div><div class=\"row-bg-overlay\" ><\/div><\/div><div class=\"col span_12 dark left\">\n\t<div  class=\"vc_col-sm-12 wpb_column column_container vc_column_container col no-extra-padding\"  data-t-w-inherits=\"default\" data-border-radius=\"none\" data-shadow=\"none\" data-border-animation=\"\" data-border-animation-delay=\"\" data-border-width=\"none\" data-border-style=\"solid\" data-border-color=\"\" data-bg-cover=\"\" data-padding-pos=\"all\" data-has-bg-color=\"false\" data-bg-color=\"\" data-bg-opacity=\"1\" data-hover-bg=\"\" data-hover-bg-opacity=\"1\" data-animation=\"\" data-delay=\"0\"><div class=\"column-bg-overlay\"><\/div>\n\t\t<div class=\"vc_column-inner\">\n\t\t\t<div class=\"wpb_wrapper\">\n\t\t\t\t\r\n\t<div class=\"wpb_text_column wpb_content_element\" >\r\n\t\t<div class=\"wpb_wrapper\">\r\n\t\t\t<p><span style=\"font-weight: 400;\">H\u00e9bergez-vous une \u00e9mission de podcast hebdomadaire? Seriez-vous int\u00e9ress\u00e9 \u00e0 avoir votre propre musique de jingle de podcast\u00a0? Eh bien, vous \u00eates au bon endroit. Bienvenue \u00e0 <\/span><a href=\"https:\/\/radiojingles24.com\/fr\/\"><span style=\"font-weight: 400;\">Radio Jingles 24<\/span><\/a><span style=\"font-weight: 400;\">. Nous pouvons produire un son de qualit\u00e9 sup\u00e9rieure pour votre podcast. Notre \u00e9quipe est sp\u00e9cialis\u00e9e dans la production de jingles de podcast, de jingles radio, de jingles chant\u00e9s, de DJ drops et de production commerciale rapides, simples et professionnels.\u00a0<\/span><\/p>\n<p><span style=\"font-weight: 400;\">Notre service est rapide et efficace - nous visons \u00e0 ce que toute notre musique de jingle podcast soit livr\u00e9e dans les 24 heures. Nous avons travaill\u00e9 avec un large \u00e9ventail de clients au fil des ans, des podcasts et \u00e9missions de radio aux DJ et stations, de sorte que votre musique de jingle de podcast sera entre de tr\u00e8s bonnes mains. Si vous souhaitez faire produire un jingle podcast, contactez-nous d\u00e8s aujourd&#039;hui pour en savoir plus.\u00a0<\/span><\/p>\n<h2>Podcast Jingle Musique<\/h2>\n<p><span style=\"font-weight: 400;\">Ici \u00e0 Radio Jingles 24, nous pouvons vous fournir une qualit\u00e9 professionnelle <\/span><a href=\"https:\/\/radiojingles24.com\/fr\/produit\/intro-outro-podcast-pack\/\"><span style=\"font-weight: 400;\">musique de jingle de podcast<\/span><\/a><span style=\"font-weight: 400;\"> qui r\u00e9pond \u00e0 vos besoins et exigences. Nous proposons un pack podcast d&#039;introduction et de fin, qui comprend une introduction de 30 secondes et une fin de 30 secondes pour votre \u00e9mission ou \u00e9pisode de podcast. Dans le cadre de ce forfait, le jingle sera exprim\u00e9 par un acteur professionnel et exp\u00e9riment\u00e9 de votre choix. De plus, l&#039;intro et l&#039;outro seront doubl\u00e9s et enti\u00e8rement produits avec des effets sp\u00e9ciaux, de la musique et des effets vocaux.\u00a0<\/span><\/p>\n<p>&nbsp;<\/p>\n<p><span style=\"font-weight: 400;\">Nous veillerons \u00e0 ce que vous obteniez un jingle accrocheur et de haute qualit\u00e9 qui se d\u00e9marque de la foule et attire les auditeurs dans votre podcast. Si vous optez pour ce pack de musique jingle podcast, vous recevrez un total de 4 fichiers audio, car nous incluons \u00e9galement les copies s\u00e8ches de l&#039;intro et de l&#039;outro. En r\u00e8gle g\u00e9n\u00e9rale, nous nous engageons \u00e0 livrer tout l&#039;audio dans un d\u00e9lai maximum de 24 heures, et g\u00e9n\u00e9ralement, nous envoyons l&#039;audio en quelques heures seulement.\u00a0<\/span><\/p>\n<p>&nbsp;<\/p>\n<p><span style=\"font-weight: 400;\">Si vous souhaitez personnellement obtenir votre musique de jingle podcast encore plus rapidement que cela, veuillez nous le faire savoir en appelant le 0113 534 6686, et nous nous chargerons de ce que cela se produise. Quoi que vous souhaitiez discuter de votre musique de jingle podcast, n&#039;h\u00e9sitez pas \u00e0 nous contacter pour explorer les diff\u00e9rentes possibilit\u00e9s avec notre \u00e9quipe.\u00a0<\/span><\/p>\n<p>&nbsp;<\/p>\n<p><b>Avez-vous un projet de podcast en t\u00eate ?<\/b><\/p>\n<p>&nbsp;<\/p>\n<p><span style=\"font-weight: 400;\">Si vous envisagez d&#039;enregistrer un nouveau podcast et que vous souhaitez obtenir votre propre musique de jingle de podcast personnelle, contactez Radio Jingles 24 d\u00e8s aujourd&#039;hui pour en savoir plus. N&#039;h\u00e9sitez pas \u00e0 <\/span><a href=\"https:\/\/radiojingles24.com\/fr\/contact-us\/\"><span style=\"font-weight: 400;\">laissez nous vos coordonn\u00e9es<\/span><\/a><span style=\"font-weight: 400;\"> et un message via le formulaire en ligne affich\u00e9 sur la page de contact de notre site Web, et l&#039;un des membres de notre \u00e9quipe amicale vous contactera.\u00a0<\/span><\/p>\n<p><span style=\"font-weight: 400;\">Si vous pr\u00e9f\u00e9rez nous envoyer un e-mail \u00e0 la place, n&#039;h\u00e9sitez pas \u00e0 nous \u00e9crire \u00e0 : <\/span><a href=\"mailto:info@radiojingles24.com\"><span style=\"font-weight: 400;\">info@radiojingles24.com<\/span><\/a><span style=\"font-weight: 400;\"> et nous vous r\u00e9pondrons dans les plus brefs d\u00e9lais. Sinon, n&#039;h\u00e9sitez pas \u00e0 nous appeler au +44 0113 5346686 au Royaume-Uni ou au +1 (212) 710-1350 depuis les \u00c9tats-Unis. Nous sommes disponibles pour r\u00e9pondre \u00e0 toutes vos questions et vous fournir toutes les informations dont vous avez besoin. Nous sommes impatients de vous entendre bient\u00f4t.\u00a0<\/span><\/p>\n\r\n\t\t<\/div>\r\n\t<\/div>\r\n\n\t\t\t<\/div> \n\t\t<\/div>\n\t<\/div> \n<\/div><\/div>","protected":false},"excerpt":{"rendered":"Organisez-vous une \u00e9mission de podcast hebdomadaire\u00a0? Seriez-vous int\u00e9ress\u00e9 \u00e0 avoir votre propre musique de jingle de podcast\u00a0? Eh bien, vous \u00eates au bon endroit. Bienvenue \u00e0 Radio...","protected":false},"author":1,"featured_media":0,"parent":0,"menu_order":0,"comment_status":"closed","ping_status":"closed","template":"","meta":{"_exactmetrics_skip_tracking":false,"_exactmetrics_sitenote_active":false,"_exactmetrics_sitenote_note":"","_exactmetrics_sitenote_category":0,"footnotes":""},"class_list":["post-90767","page","type-page","status-publish"],"yoast_head":"<!-- This site is optimized with the Yoast SEO plugin v26.8 - https:\/\/yoast.com\/product\/yoast-seo-wordpress\/ -->\n<title>Radio Jingles 24: Radio Jingles | DJ Drops | Podcast Intros | Sung Jingles<\/title>\n<meta name=\"description\" content=\"Radio Jingles, Sung Jingles, DJ Drops, and Podcast Intros for commercial, community and internet radio stations. UK Based. Prices from \u00a35. Order online.\" \/>\n<meta name=\"robots\" content=\"index, follow, max-snippet:-1, max-image-preview:large, max-video-preview:-1\" \/>\n<link rel=\"canonical\" href=\"https:\/\/radiojingles24.com\/fr\/want-to-create-podcast-jingle-music\/\" \/>\n<meta property=\"og:locale\" content=\"fr_FR\" \/>\n<meta property=\"og:type\" content=\"article\" \/>\n<meta property=\"og:title\" content=\"Radio Jingles 24: Radio Jingles | DJ Drops | Podcast Intros | Sung Jingles\" \/>\n<meta property=\"og:description\" content=\"Radio Jingles, Sung Jingles, DJ Drops, and Podcast Intros for commercial, community and internet radio stations. UK Based. Prices from \u00a35. Order online.\" \/>\n<meta property=\"og:url\" content=\"https:\/\/radiojingles24.com\/fr\/want-to-create-podcast-jingle-music\/\" \/>\n<meta property=\"og:site_name\" content=\"Radio Jingles 24: Radio Jingles | DJ Drops | Podcast Intros | Sung Jingles\" \/>\n<meta property=\"article:publisher\" content=\"https:\/\/www.facebook.com\/radiojingles24\/\" \/>\n<meta name=\"twitter:card\" content=\"summary_large_image\" \/>\n<meta name=\"twitter:site\" content=\"@radiojingles24\" \/>\n<meta name=\"twitter:label1\" content=\"Dur\u00e9e de lecture estim\u00e9e\" \/>\n\t<meta name=\"twitter:data1\" content=\"3 minutes\" \/>\n<script type=\"application\/ld+json\" class=\"yoast-schema-graph\">{\"@context\":\"https:\/\/schema.org\",\"@graph\":[{\"@type\":\"WebPage\",\"@id\":\"https:\/\/radiojingles24.com\/want-to-create-podcast-jingle-music\/\",\"url\":\"https:\/\/radiojingles24.com\/want-to-create-podcast-jingle-music\/\",\"name\":\"Radio Jingles 24: Radio Jingles | DJ Drops | Podcast Intros | Sung Jingles\",\"isPartOf\":{\"@id\":\"https:\/\/radiojingles24.com\/#website\"},\"datePublished\":\"2021-07-27T11:56:55+00:00\",\"description\":\"Radio Jingles, Sung Jingles, DJ Drops, and Podcast Intros for commercial, community and internet radio stations. UK Based. Prices from \u00a35. Order online.\",\"breadcrumb\":{\"@id\":\"https:\/\/radiojingles24.com\/want-to-create-podcast-jingle-music\/#breadcrumb\"},\"inLanguage\":\"fr-FR\",\"potentialAction\":[{\"@type\":\"ReadAction\",\"target\":[\"https:\/\/radiojingles24.com\/want-to-create-podcast-jingle-music\/\"]}]},{\"@type\":\"BreadcrumbList\",\"@id\":\"https:\/\/radiojingles24.com\/want-to-create-podcast-jingle-music\/#breadcrumb\",\"itemListElement\":[{\"@type\":\"ListItem\",\"position\":1,\"name\":\"Home\",\"item\":\"https:\/\/radiojingles24.com\/de\/\"},{\"@type\":\"ListItem\",\"position\":2,\"name\":\"Want to Create Podcast Jingle Music?\"}]},{\"@type\":\"WebSite\",\"@id\":\"https:\/\/radiojingles24.com\/#website\",\"url\":\"https:\/\/radiojingles24.com\/\",\"name\":\"Radio Jingles 24: Radio Jingles | DJ Drops | Podcast Intros | Sung Jingles\",\"description\":\"Radio Jingles, Sung Jingles, DJ Drops, and Podcast Intros for commercial, community and internet radio stations. UK Based. Prices from \u00a35. Order online.\",\"publisher\":{\"@id\":\"https:\/\/radiojingles24.com\/#organization\"},\"potentialAction\":[{\"@type\":\"SearchAction\",\"target\":{\"@type\":\"EntryPoint\",\"urlTemplate\":\"https:\/\/radiojingles24.com\/?s={search_term_string}\"},\"query-input\":{\"@type\":\"PropertyValueSpecification\",\"valueRequired\":true,\"valueName\":\"search_term_string\"}}],\"inLanguage\":\"fr-FR\"},{\"@type\":\"Organization\",\"@id\":\"https:\/\/radiojingles24.com\/#organization\",\"name\":\"Radio Jingles 24\",\"url\":\"https:\/\/radiojingles24.com\/\",\"logo\":{\"@type\":\"ImageObject\",\"inLanguage\":\"fr-FR\",\"@id\":\"https:\/\/radiojingles24.com\/#\/schema\/logo\/image\/\",\"url\":\"https:\/\/radiojingles24.com\/wp-content\/uploads\/2019\/11\/RadioJingle1-1.jpg\",\"contentUrl\":\"https:\/\/radiojingles24.com\/wp-content\/uploads\/2019\/11\/RadioJingle1-1.jpg\",\"width\":512,\"height\":158,\"caption\":\"Radio Jingles 24\"},\"image\":{\"@id\":\"https:\/\/radiojingles24.com\/#\/schema\/logo\/image\/\"},\"sameAs\":[\"https:\/\/www.facebook.com\/radiojingles24\/\",\"https:\/\/x.com\/radiojingles24\"]}]}<\/script>\n<!-- \/ Yoast SEO plugin. -->","yoast_head_json":{"title":"Radio Jingles 24: Radio Jingles | DJ Drops | Podcast Intros | Jingles chant\u00e9s","description":"Radio Jingles, Sung Jingles, DJ Drops et Podcast Intros pour les stations de radio commerciales, communautaires et Internet. Bas\u00e9 au Royaume-Uni. Prix \u00e0 partir de 5 \u00a3. Commander en ligne.","robots":{"index":"index","follow":"follow","max-snippet":"max-snippet:-1","max-image-preview":"max-image-preview:large","max-video-preview":"max-video-preview:-1"},"canonical":"https:\/\/radiojingles24.com\/fr\/want-to-create-podcast-jingle-music\/","og_locale":"fr_FR","og_type":"article","og_title":"Radio Jingles 24: Radio Jingles | DJ Drops | Podcast Intros | Sung Jingles","og_description":"Radio Jingles, Sung Jingles, DJ Drops, and Podcast Intros for commercial, community and internet radio stations. UK Based. Prices from \u00a35. Order online.","og_url":"https:\/\/radiojingles24.com\/fr\/want-to-create-podcast-jingle-music\/","og_site_name":"Radio Jingles 24: Radio Jingles | DJ Drops | Podcast Intros | Sung Jingles","article_publisher":"https:\/\/www.facebook.com\/radiojingles24\/","twitter_card":"summary_large_image","twitter_site":"@radiojingles24","twitter_misc":{"Dur\u00e9e de lecture estim\u00e9e":"3 minutes"},"schema":{"@context":"https:\/\/schema.org","@graph":[{"@type":"WebPage","@id":"https:\/\/radiojingles24.com\/want-to-create-podcast-jingle-music\/","url":"https:\/\/radiojingles24.com\/want-to-create-podcast-jingle-music\/","name":"Radio Jingles 24: Radio Jingles | DJ Drops | Podcast Intros | Jingles chant\u00e9s","isPartOf":{"@id":"https:\/\/radiojingles24.com\/#website"},"datePublished":"2021-07-27T11:56:55+00:00","description":"Radio Jingles, Sung Jingles, DJ Drops et Podcast Intros pour les stations de radio commerciales, communautaires et Internet. Bas\u00e9 au Royaume-Uni. Prix \u00e0 partir de 5 \u00a3. Commander en ligne.","breadcrumb":{"@id":"https:\/\/radiojingles24.com\/want-to-create-podcast-jingle-music\/#breadcrumb"},"inLanguage":"fr-FR","potentialAction":[{"@type":"ReadAction","target":["https:\/\/radiojingles24.com\/want-to-create-podcast-jingle-music\/"]}]},{"@type":"BreadcrumbList","@id":"https:\/\/radiojingles24.com\/want-to-create-podcast-jingle-music\/#breadcrumb","itemListElement":[{"@type":"ListItem","position":1,"name":"Home","item":"https:\/\/radiojingles24.com\/de\/"},{"@type":"ListItem","position":2,"name":"Want to Create Podcast Jingle Music?"}]},{"@type":"WebSite","@id":"https:\/\/radiojingles24.com\/#website","url":"https:\/\/radiojingles24.com\/","name":"Radio Jingles 24: Radio Jingles | DJ Drops | Podcast Intros | Jingles chant\u00e9s","description":"Radio Jingles, Sung Jingles, DJ Drops et Podcast Intros pour les stations de radio commerciales, communautaires et Internet. Bas\u00e9 au Royaume-Uni. Prix \u00e0 partir de 5 \u00a3. Commander en ligne.","publisher":{"@id":"https:\/\/radiojingles24.com\/#organization"},"potentialAction":[{"@type":"SearchAction","target":{"@type":"EntryPoint","urlTemplate":"https:\/\/radiojingles24.com\/?s={search_term_string}"},"query-input":{"@type":"PropertyValueSpecification","valueRequired":true,"valueName":"search_term_string"}}],"inLanguage":"fr-FR"},{"@type":"Organization","@id":"https:\/\/radiojingles24.com\/#organization","name":"Radio Jingles 24","url":"https:\/\/radiojingles24.com\/","logo":{"@type":"ImageObject","inLanguage":"fr-FR","@id":"https:\/\/radiojingles24.com\/#\/schema\/logo\/image\/","url":"https:\/\/radiojingles24.com\/wp-content\/uploads\/2019\/11\/RadioJingle1-1.jpg","contentUrl":"https:\/\/radiojingles24.com\/wp-content\/uploads\/2019\/11\/RadioJingle1-1.jpg","width":512,"height":158,"caption":"Radio Jingles 24"},"image":{"@id":"https:\/\/radiojingles24.com\/#\/schema\/logo\/image\/"},"sameAs":["https:\/\/www.facebook.com\/radiojingles24\/","https:\/\/x.com\/radiojingles24"]}]}},"jetpack_sharing_enabled":true,"_links":{"self":[{"href":"https:\/\/radiojingles24.com\/fr\/wp-json\/wp\/v2\/pages\/90767","targetHints":{"allow":["GET"]}}],"collection":[{"href":"https:\/\/radiojingles24.com\/fr\/wp-json\/wp\/v2\/pages"}],"about":[{"href":"https:\/\/radiojingles24.com\/fr\/wp-json\/wp\/v2\/types\/page"}],"author":[{"embeddable":true,"href":"https:\/\/radiojingles24.com\/fr\/wp-json\/wp\/v2\/users\/1"}],"replies":[{"embeddable":true,"href":"https:\/\/radiojingles24.com\/fr\/wp-json\/wp\/v2\/comments?post=90767"}],"version-history":[{"count":1,"href":"https:\/\/radiojingles24.com\/fr\/wp-json\/wp\/v2\/pages\/90767\/revisions"}],"predecessor-version":[{"id":90769,"href":"https:\/\/radiojingles24.com\/fr\/wp-json\/wp\/v2\/pages\/90767\/revisions\/90769"}],"wp:attachment":[{"href":"https:\/\/radiojingles24.com\/fr\/wp-json\/wp\/v2\/media?parent=90767"}],"curies":[{"name":"wp","href":"https:\/\/api.w.org\/{rel}","templated":true}]}}