{"id":90768,"date":"2021-07-27T11:57:56","date_gmt":"2021-07-27T11:57:56","guid":{"rendered":"https:\/\/radiojingles24.com\/?page_id=90768"},"modified":"2021-07-27T11:57:56","modified_gmt":"2021-07-27T11:57:56","slug":"would-you-like-to-create-a-jingle-for-your-business","status":"publish","type":"page","link":"https:\/\/radiojingles24.com\/fr\/would-you-like-to-create-a-jingle-for-your-business\/","title":{"rendered":"Souhaitez-vous cr\u00e9er un jingle pour votre entreprise\u00a0?"},"content":{"rendered":"<div id=\"fws_69f2d3c04ea24\"  data-midnight=\"dark\"  data-bg-mobile-hidden=\"\" class=\"wpb_row vc_row-fluid vc_row top-level standard_section\"  style=\"padding-top: 0px; padding-bottom: 0px; \"><div class=\"row-bg-wrap\" data-bg-animation=\"none\"><div class=\"inner-wrap\"><div class=\"row-bg\"  style=\"\"><\/div><\/div><div class=\"row-bg-overlay\" ><\/div><\/div><div class=\"col span_12 dark left\">\n\t<div  class=\"vc_col-sm-12 wpb_column column_container vc_column_container col no-extra-padding\"  data-t-w-inherits=\"default\" data-border-radius=\"none\" data-shadow=\"none\" data-border-animation=\"\" data-border-animation-delay=\"\" data-border-width=\"none\" data-border-style=\"solid\" data-border-color=\"\" data-bg-cover=\"\" data-padding-pos=\"all\" data-has-bg-color=\"false\" data-bg-color=\"\" data-bg-opacity=\"1\" data-hover-bg=\"\" data-hover-bg-opacity=\"1\" data-animation=\"\" data-delay=\"0\"><div class=\"column-bg-overlay\"><\/div>\n\t\t<div class=\"vc_column-inner\">\n\t\t\t<div class=\"wpb_wrapper\">\n\t\t\t\t\r\n\t<div class=\"wpb_text_column wpb_content_element\" >\r\n\t\t<div class=\"wpb_wrapper\">\r\n\t\t\t<p><span style=\"font-weight: 400;\">\u00cates-vous \u00e0 la recherche d&#039;une entreprise de premier ordre capable de cr\u00e9er un jingle pour votre entreprise\u00a0? Si tel est le cas, alors <\/span><a href=\"https:\/\/radiojingles24.com\/fr\/\"><span style=\"font-weight: 400;\">Radio Jingles 24<\/span><\/a><span style=\"font-weight: 400;\"> est l&#039;entreprise que vous recherchez. Nous sommes sp\u00e9cialis\u00e9s dans la production de jingles radio et podcast professionnels de haute qualit\u00e9, de DJ drops, de production commerciale et de jingles chant\u00e9s. Nos jingles sont id\u00e9aux pour tous les types de clients, des entreprises et organisations commerciales aux stations de radio communautaires et Internet ou aux DJ.\u00a0<\/span><\/p>\n<p><span style=\"font-weight: 400;\">Au cours de nos nombreuses ann\u00e9es de travail dans l&#039;industrie, nous avons travaill\u00e9 avec une grande vari\u00e9t\u00e9 de clients, notamment Corby Radio, Cash Converters, Canalside Radio, UKRD Group, etc. Nous promettons un service de haut niveau, personnalis\u00e9 pour r\u00e9pondre aux besoins et exigences de votre entreprise. Nous nous effor\u00e7ons de vous fournir un jingle qui 100% correspond \u00e0 vos sp\u00e9cifications, et vous laisse enti\u00e8rement satisfait. Si vous souhaitez cr\u00e9er un jingle pour votre entreprise, contactez-nous d\u00e8s aujourd&#039;hui.\u00a0<\/span><\/p>\n<h2><b>Cr\u00e9ez un jingle pour votre entreprise<\/b><\/h2>\n<p><span style=\"font-weight: 400;\">Si vous souhaitez <\/span><a href=\"https:\/\/radiojingles24.com\/fr\/\"><span style=\"font-weight: 400;\">cr\u00e9er un jingle pour votre entreprise<\/span><\/a><span style=\"font-weight: 400;\">, alors le processus est incroyablement simple. Tout ce que vous avez \u00e0 faire est de choisir les options que vous souhaitez. Nous aurons besoin de savoir si vous souhaitez que le jingle soit sec ou enti\u00e8rement produit avec Musique\/SFX, combien de temps vous voulez que l&#039;audio dure, quelle voix off vous souhaitez et quel est votre script.\u00a0<\/span><\/p>\n<p><span style=\"font-weight: 400;\">Une fois que nous saurons tout cela, nous nous mettrons \u00e0 enregistrer votre jingle dans notre studio professionnel, avant de l&#039;\u00e9diter, de produire et de masteriser votre jingle afin qu&#039;il r\u00e9ponde \u00e0 toutes vos exigences personnelles. Nous livrons g\u00e9n\u00e9ralement des jingles dans les 24 heures, et parfois, nous le faisons encore plus rapidement. Il existe un certain nombre de formats disponibles de HQ WAVE et MP3 \u00e0 AIFF, et c&#039;est \u00e0 vous de d\u00e9cider lequel vous souhaitez opter. Tous nos jingles sont 100% libres de droits.\u00a0<\/span><\/p>\n<p><span style=\"font-weight: 400;\">Il existe de nombreuses raisons pour lesquelles c&#039;est une excellente d\u00e9cision de cr\u00e9er un jingle pour votre entreprise. Les jingles sont un excellent moyen d&#039;am\u00e9liorer la notori\u00e9t\u00e9 de la marque, en cr\u00e9ant un message qui reste grav\u00e9 dans la m\u00e9moire de l&#039;auditeur. De plus, les jingles attirent de nouveaux clients, car un jingle accrocheur et intelligent cr\u00e9era un nouveau lien avec un auditeur, le connectant \u00e9motionnellement \u00e0 votre entreprise. Les jingles sont un moyen simple d&#039;augmenter votre client\u00e8le, alors pourquoi ne pas nous contacter d\u00e8s aujourd&#039;hui pour cr\u00e9er le v\u00f4tre ?<\/span><\/p>\n<p><b>Souhaitez-vous faire une demande?<\/b><\/p>\n<p><span style=\"font-weight: 400;\">Si vous souhaitez d\u00e9couvrir comment Radio Jingles 24 peut cr\u00e9er un jingle pour votre entreprise, contactez-nous d\u00e8s aujourd&#039;hui. Nous sommes toujours heureux de r\u00e9pondre \u00e0 toutes vos questions, de vous donner plus de d\u00e9tails sur nos services de jingle et de discuter des options qui s&#039;offrent \u00e0 vous. N&#039;h\u00e9sitez pas \u00e0 nous laisser un message et vos coordonn\u00e9es via le <\/span><a href=\"https:\/\/radiojingles24.com\/fr\/contact-us\/\"><span style=\"font-weight: 400;\">formulaire en ligne<\/span><\/a><span style=\"font-weight: 400;\"> sur la page contact de notre site, et nous vous r\u00e9pondrons dans les plus brefs d\u00e9lais.\u00a0<\/span><\/p>\n<p><span style=\"font-weight: 400;\">Si vous souhaitez avoir une consultation t\u00e9l\u00e9phonique avec l&#039;un des membres de notre \u00e9quipe, n&#039;h\u00e9sitez pas \u00e0 nous appeler au +44 0113 5346686 si vous \u00eates bas\u00e9 au ou au +1 (212) 710-1350 depuis les \u00c9tats-Unis. Pour nous envoyer un email, \u00e9crivez-nous \u00e0 <\/span><a href=\"mailto:info@radiojingles24.com\"><span style=\"font-weight: 400;\">info@radiojingles24.com<\/span><\/a><span style=\"font-weight: 400;\"> et nous vous r\u00e9pondrons sous peu. Nous esp\u00e9rons pouvoir vous servir bient\u00f4t.<\/span><\/p>\n\r\n\t\t<\/div>\r\n\t<\/div>\r\n\n\t\t\t<\/div> \n\t\t<\/div>\n\t<\/div> \n<\/div><\/div>","protected":false},"excerpt":{"rendered":"\u00cates-vous \u00e0 la recherche d&#039;une entreprise de premier plan qui peut cr\u00e9er un jingle pour votre entreprise\u00a0? Si tel est le cas, alors Radio Jingles 24 est l&#039;entreprise que vous recherchez...","protected":false},"author":1,"featured_media":0,"parent":0,"menu_order":0,"comment_status":"closed","ping_status":"closed","template":"","meta":{"_exactmetrics_skip_tracking":false,"_exactmetrics_sitenote_active":false,"_exactmetrics_sitenote_note":"","_exactmetrics_sitenote_category":0,"footnotes":""},"class_list":["post-90768","page","type-page","status-publish"],"yoast_head":"<!-- This site is optimized with the Yoast SEO plugin v26.8 - https:\/\/yoast.com\/product\/yoast-seo-wordpress\/ -->\n<title>Radio Jingles 24: Radio Jingles | DJ Drops | Podcast Intros | Sung Jingles<\/title>\n<meta name=\"description\" content=\"Radio Jingles, Sung Jingles, DJ Drops, and Podcast Intros for commercial, community and internet radio stations. UK Based. Prices from \u00a35. Order online.\" \/>\n<meta name=\"robots\" content=\"index, follow, max-snippet:-1, max-image-preview:large, max-video-preview:-1\" \/>\n<link rel=\"canonical\" href=\"https:\/\/radiojingles24.com\/fr\/would-you-like-to-create-a-jingle-for-your-business\/\" \/>\n<meta property=\"og:locale\" content=\"fr_FR\" \/>\n<meta property=\"og:type\" content=\"article\" \/>\n<meta property=\"og:title\" content=\"Radio Jingles 24: Radio Jingles | DJ Drops | Podcast Intros | Sung Jingles\" \/>\n<meta property=\"og:description\" content=\"Radio Jingles, Sung Jingles, DJ Drops, and Podcast Intros for commercial, community and internet radio stations. UK Based. Prices from \u00a35. Order online.\" \/>\n<meta property=\"og:url\" content=\"https:\/\/radiojingles24.com\/fr\/would-you-like-to-create-a-jingle-for-your-business\/\" \/>\n<meta property=\"og:site_name\" content=\"Radio Jingles 24: Radio Jingles | DJ Drops | Podcast Intros | Sung Jingles\" \/>\n<meta property=\"article:publisher\" content=\"https:\/\/www.facebook.com\/radiojingles24\/\" \/>\n<meta name=\"twitter:card\" content=\"summary_large_image\" \/>\n<meta name=\"twitter:site\" content=\"@radiojingles24\" \/>\n<meta name=\"twitter:label1\" content=\"Dur\u00e9e de lecture estim\u00e9e\" \/>\n\t<meta name=\"twitter:data1\" content=\"3 minutes\" \/>\n<script type=\"application\/ld+json\" class=\"yoast-schema-graph\">{\"@context\":\"https:\/\/schema.org\",\"@graph\":[{\"@type\":\"WebPage\",\"@id\":\"https:\/\/radiojingles24.com\/fr\/would-you-like-to-create-a-jingle-for-your-business\/\",\"url\":\"https:\/\/radiojingles24.com\/fr\/would-you-like-to-create-a-jingle-for-your-business\/\",\"name\":\"Radio Jingles 24: Radio Jingles | DJ Drops | Podcast Intros | Sung Jingles\",\"isPartOf\":{\"@id\":\"https:\/\/radiojingles24.com\/#website\"},\"datePublished\":\"2021-07-27T11:57:56+00:00\",\"description\":\"Radio Jingles, Sung Jingles, DJ Drops, and Podcast Intros for commercial, community and internet radio stations. UK Based. Prices from \u00a35. Order online.\",\"breadcrumb\":{\"@id\":\"https:\/\/radiojingles24.com\/fr\/would-you-like-to-create-a-jingle-for-your-business\/#breadcrumb\"},\"inLanguage\":\"fr-FR\",\"potentialAction\":[{\"@type\":\"ReadAction\",\"target\":[\"https:\/\/radiojingles24.com\/fr\/would-you-like-to-create-a-jingle-for-your-business\/\"]}]},{\"@type\":\"BreadcrumbList\",\"@id\":\"https:\/\/radiojingles24.com\/fr\/would-you-like-to-create-a-jingle-for-your-business\/#breadcrumb\",\"itemListElement\":[{\"@type\":\"ListItem\",\"position\":1,\"name\":\"Home\",\"item\":\"https:\/\/radiojingles24.com\/de\/\"},{\"@type\":\"ListItem\",\"position\":2,\"name\":\"Would you Like to Create a Jingle for your Business?\"}]},{\"@type\":\"WebSite\",\"@id\":\"https:\/\/radiojingles24.com\/#website\",\"url\":\"https:\/\/radiojingles24.com\/\",\"name\":\"Radio Jingles 24: Radio Jingles | DJ Drops | Podcast Intros | Sung Jingles\",\"description\":\"Radio Jingles, Sung Jingles, DJ Drops, and Podcast Intros for commercial, community and internet radio stations. UK Based. Prices from \u00a35. Order online.\",\"publisher\":{\"@id\":\"https:\/\/radiojingles24.com\/#organization\"},\"potentialAction\":[{\"@type\":\"SearchAction\",\"target\":{\"@type\":\"EntryPoint\",\"urlTemplate\":\"https:\/\/radiojingles24.com\/?s={search_term_string}\"},\"query-input\":{\"@type\":\"PropertyValueSpecification\",\"valueRequired\":true,\"valueName\":\"search_term_string\"}}],\"inLanguage\":\"fr-FR\"},{\"@type\":\"Organization\",\"@id\":\"https:\/\/radiojingles24.com\/#organization\",\"name\":\"Radio Jingles 24\",\"url\":\"https:\/\/radiojingles24.com\/\",\"logo\":{\"@type\":\"ImageObject\",\"inLanguage\":\"fr-FR\",\"@id\":\"https:\/\/radiojingles24.com\/#\/schema\/logo\/image\/\",\"url\":\"https:\/\/radiojingles24.com\/wp-content\/uploads\/2019\/11\/RadioJingle1-1.jpg\",\"contentUrl\":\"https:\/\/radiojingles24.com\/wp-content\/uploads\/2019\/11\/RadioJingle1-1.jpg\",\"width\":512,\"height\":158,\"caption\":\"Radio Jingles 24\"},\"image\":{\"@id\":\"https:\/\/radiojingles24.com\/#\/schema\/logo\/image\/\"},\"sameAs\":[\"https:\/\/www.facebook.com\/radiojingles24\/\",\"https:\/\/x.com\/radiojingles24\"]}]}<\/script>\n<!-- \/ Yoast SEO plugin. -->","yoast_head_json":{"title":"Radio Jingles 24: Radio Jingles | DJ Drops | Podcast Intros | Jingles chant\u00e9s","description":"Radio Jingles, Sung Jingles, DJ Drops et Podcast Intros pour les stations de radio commerciales, communautaires et Internet. Bas\u00e9 au Royaume-Uni. Prix \u00e0 partir de 5 \u00a3. Commander en ligne.","robots":{"index":"index","follow":"follow","max-snippet":"max-snippet:-1","max-image-preview":"max-image-preview:large","max-video-preview":"max-video-preview:-1"},"canonical":"https:\/\/radiojingles24.com\/fr\/would-you-like-to-create-a-jingle-for-your-business\/","og_locale":"fr_FR","og_type":"article","og_title":"Radio Jingles 24: Radio Jingles | DJ Drops | Podcast Intros | Sung Jingles","og_description":"Radio Jingles, Sung Jingles, DJ Drops, and Podcast Intros for commercial, community and internet radio stations. UK Based. Prices from \u00a35. Order online.","og_url":"https:\/\/radiojingles24.com\/fr\/would-you-like-to-create-a-jingle-for-your-business\/","og_site_name":"Radio Jingles 24: Radio Jingles | DJ Drops | Podcast Intros | Sung Jingles","article_publisher":"https:\/\/www.facebook.com\/radiojingles24\/","twitter_card":"summary_large_image","twitter_site":"@radiojingles24","twitter_misc":{"Dur\u00e9e de lecture estim\u00e9e":"3 minutes"},"schema":{"@context":"https:\/\/schema.org","@graph":[{"@type":"WebPage","@id":"https:\/\/radiojingles24.com\/fr\/would-you-like-to-create-a-jingle-for-your-business\/","url":"https:\/\/radiojingles24.com\/fr\/would-you-like-to-create-a-jingle-for-your-business\/","name":"Radio Jingles 24: Radio Jingles | DJ Drops | Podcast Intros | Jingles chant\u00e9s","isPartOf":{"@id":"https:\/\/radiojingles24.com\/#website"},"datePublished":"2021-07-27T11:57:56+00:00","description":"Radio Jingles, Sung Jingles, DJ Drops et Podcast Intros pour les stations de radio commerciales, communautaires et Internet. Bas\u00e9 au Royaume-Uni. Prix \u00e0 partir de 5 \u00a3. Commander en ligne.","breadcrumb":{"@id":"https:\/\/radiojingles24.com\/fr\/would-you-like-to-create-a-jingle-for-your-business\/#breadcrumb"},"inLanguage":"fr-FR","potentialAction":[{"@type":"ReadAction","target":["https:\/\/radiojingles24.com\/fr\/would-you-like-to-create-a-jingle-for-your-business\/"]}]},{"@type":"BreadcrumbList","@id":"https:\/\/radiojingles24.com\/fr\/would-you-like-to-create-a-jingle-for-your-business\/#breadcrumb","itemListElement":[{"@type":"ListItem","position":1,"name":"Home","item":"https:\/\/radiojingles24.com\/de\/"},{"@type":"ListItem","position":2,"name":"Would you Like to Create a Jingle for your Business?"}]},{"@type":"WebSite","@id":"https:\/\/radiojingles24.com\/#website","url":"https:\/\/radiojingles24.com\/","name":"Radio Jingles 24: Radio Jingles | DJ Drops | Podcast Intros | Jingles chant\u00e9s","description":"Radio Jingles, Sung Jingles, DJ Drops et Podcast Intros pour les stations de radio commerciales, communautaires et Internet. Bas\u00e9 au Royaume-Uni. Prix \u00e0 partir de 5 \u00a3. Commander en ligne.","publisher":{"@id":"https:\/\/radiojingles24.com\/#organization"},"potentialAction":[{"@type":"SearchAction","target":{"@type":"EntryPoint","urlTemplate":"https:\/\/radiojingles24.com\/?s={search_term_string}"},"query-input":{"@type":"PropertyValueSpecification","valueRequired":true,"valueName":"search_term_string"}}],"inLanguage":"fr-FR"},{"@type":"Organization","@id":"https:\/\/radiojingles24.com\/#organization","name":"Radio Jingles 24","url":"https:\/\/radiojingles24.com\/","logo":{"@type":"ImageObject","inLanguage":"fr-FR","@id":"https:\/\/radiojingles24.com\/#\/schema\/logo\/image\/","url":"https:\/\/radiojingles24.com\/wp-content\/uploads\/2019\/11\/RadioJingle1-1.jpg","contentUrl":"https:\/\/radiojingles24.com\/wp-content\/uploads\/2019\/11\/RadioJingle1-1.jpg","width":512,"height":158,"caption":"Radio Jingles 24"},"image":{"@id":"https:\/\/radiojingles24.com\/#\/schema\/logo\/image\/"},"sameAs":["https:\/\/www.facebook.com\/radiojingles24\/","https:\/\/x.com\/radiojingles24"]}]}},"jetpack_sharing_enabled":true,"_links":{"self":[{"href":"https:\/\/radiojingles24.com\/fr\/wp-json\/wp\/v2\/pages\/90768","targetHints":{"allow":["GET"]}}],"collection":[{"href":"https:\/\/radiojingles24.com\/fr\/wp-json\/wp\/v2\/pages"}],"about":[{"href":"https:\/\/radiojingles24.com\/fr\/wp-json\/wp\/v2\/types\/page"}],"author":[{"embeddable":true,"href":"https:\/\/radiojingles24.com\/fr\/wp-json\/wp\/v2\/users\/1"}],"replies":[{"embeddable":true,"href":"https:\/\/radiojingles24.com\/fr\/wp-json\/wp\/v2\/comments?post=90768"}],"version-history":[{"count":1,"href":"https:\/\/radiojingles24.com\/fr\/wp-json\/wp\/v2\/pages\/90768\/revisions"}],"predecessor-version":[{"id":90770,"href":"https:\/\/radiojingles24.com\/fr\/wp-json\/wp\/v2\/pages\/90768\/revisions\/90770"}],"wp:attachment":[{"href":"https:\/\/radiojingles24.com\/fr\/wp-json\/wp\/v2\/media?parent=90768"}],"curies":[{"name":"wp","href":"https:\/\/api.w.org\/{rel}","templated":true}]}}