{"id":90771,"date":"2021-07-27T12:16:54","date_gmt":"2021-07-27T12:16:54","guid":{"rendered":"https:\/\/radiojingles24.com\/?page_id=90771"},"modified":"2021-07-27T12:16:54","modified_gmt":"2021-07-27T12:16:54","slug":"are-you-in-need-of-voice-over-work","status":"publish","type":"page","link":"https:\/\/radiojingles24.com\/fr\/are-you-in-need-of-voice-over-work\/","title":{"rendered":"Avez-vous besoin d&#039;un travail de voix off\u00a0?"},"content":{"rendered":"<div id=\"fws_69d8d0be14e04\"  data-midnight=\"dark\"  data-bg-mobile-hidden=\"\" class=\"wpb_row vc_row-fluid vc_row top-level standard_section\"  style=\"padding-top: 0px; padding-bottom: 0px; \"><div class=\"row-bg-wrap\" data-bg-animation=\"none\"><div class=\"inner-wrap\"><div class=\"row-bg\"  style=\"\"><\/div><\/div><div class=\"row-bg-overlay\" ><\/div><\/div><div class=\"col span_12 dark left\">\n\t<div  class=\"vc_col-sm-12 wpb_column column_container vc_column_container col no-extra-padding\"  data-t-w-inherits=\"default\" data-border-radius=\"none\" data-shadow=\"none\" data-border-animation=\"\" data-border-animation-delay=\"\" data-border-width=\"none\" data-border-style=\"solid\" data-border-color=\"\" data-bg-cover=\"\" data-padding-pos=\"all\" data-has-bg-color=\"false\" data-bg-color=\"\" data-bg-opacity=\"1\" data-hover-bg=\"\" data-hover-bg-opacity=\"1\" data-animation=\"\" data-delay=\"0\"><div class=\"column-bg-overlay\"><\/div>\n\t\t<div class=\"vc_column-inner\">\n\t\t\t<div class=\"wpb_wrapper\">\n\t\t\t\t\r\n\t<div class=\"wpb_text_column wpb_content_element\" >\r\n\t\t<div class=\"wpb_wrapper\">\r\n\t\t\t<p><span style=\"font-weight: 400;\">Avez-vous besoin d&#039;une entreprise fiable qui peut vous fournir un travail de voix off de haute qualit\u00e9 ? Si tu fais, <\/span><a href=\"https:\/\/radiojingles24.com\/fr\/\"><span style=\"font-weight: 400;\">Radio Jingles 24<\/span><\/a><span style=\"font-weight: 400;\"> attend votre appel. Notre soci\u00e9t\u00e9 fournit des jingles, des voix off et de nombreux autres services audio rapides et de premi\u00e8re classe aux clients qui recherchent des m\u00e9thodes de publicit\u00e9, d&#039;engagement et de meilleures exp\u00e9riences d&#039;\u00e9coute. Nous avons travaill\u00e9 avec de nombreux clients qui nous ont donn\u00e9 des commentaires fantastiques et ont recommand\u00e9 nos services.\u00a0<\/span><\/p>\n<h2><b>Quels sont les services que nous offrons?\u00a0<\/b><\/h2>\n<p><span style=\"font-weight: 400;\">Une publicit\u00e9 ennuyeuse ne va pas aider votre entreprise, mais en ajoutant <\/span><a href=\"https:\/\/radiojingles24.com\/fr\/#cat-cks\"><span style=\"font-weight: 400;\">travail voix off<\/span><\/a><span style=\"font-weight: 400;\"> pour votre publicit\u00e9, cela peut \u00eatre un excellent moyen de la rendre plus attrayante, vivante et accrocheuse, afin qu&#039;elle retienne l&#039;attention des auditeurs. Nous voulons \u00eatre en mesure de donner \u00e0 nos clients un large choix de voix qu&#039;ils aimeraient utiliser pour leur travail de voix off, tous sont qualifi\u00e9s et exp\u00e9riment\u00e9s dans ce qu&#039;ils font, et sonnent bien.\u00a0<\/span><\/p>\n<p><span style=\"font-weight: 400;\">Nous pouvons vous proposer un travail de voix off chant\u00e9e ou parl\u00e9e, en fonction de l&#039;ambiance que vous souhaitez cr\u00e9er. Tout ce que vous avez \u00e0 faire est de nous envoyer votre script, de choisir votre voix et production pr\u00e9f\u00e9r\u00e9e et le format pr\u00e9f\u00e9r\u00e9. Une fois cela fait, nous commencerons le processus d&#039;enregistrement, en utilisant notre studio professionnel, afin que votre audio soit de haute qualit\u00e9.\u00a0<\/span><\/p>\n<p><span style=\"font-weight: 400;\">Nous pouvons fournir un travail de voix off, pour des choses telles que <\/span><a href=\"https:\/\/radiojingles24.com\/fr\/produit\/sung-audio\/\"><span style=\"font-weight: 400;\">jingles accrocheurs<\/span><\/a><span style=\"font-weight: 400;\">, DJ drops, production commerciale, podcasts et nous pouvons \u00e9galement vous aider avec la marchandise. Notre site Web regorge de diff\u00e9rents services et forfaits, alors n&#039;h\u00e9sitez pas \u00e0 parcourir pour voir plus de d\u00e9tails sur ce que nous pouvons faire, et si vous souhaitez plus d&#039;informations ou \u00eates int\u00e9ress\u00e9, contactez-nous. Si vous ne trouvez pas quelque chose que vous voulez, contactez-nous quand m\u00eame et nous verrons ce que nous pouvons faire pour vous.\u00a0<\/span><\/p>\n<p>&nbsp;<\/p>\n<p><b>Pourquoi utiliser notre entreprise pour le travail de voix off ?\u00a0<\/b><\/p>\n<p>&nbsp;<\/p>\n<p><span style=\"font-weight: 400;\">L&#039;\u00e9quipe de Radio Jingles 24 a plus d&#039;une d\u00e9cennie d&#039;exp\u00e9rience dans ce que nous faisons, et vous pouvez donc avoir confiance que nos services sont un art. Les voix dont nous disposons pour votre travail de voix off, ou pour l&#039;un de nos autres services, sont brillamment talentueuses et ont vraiment la capacit\u00e9 de transformer une publicit\u00e9 ordinaire en quelque chose qui attire l&#039;attention d&#039;un public. En nous choisissant pour faire votre travail de voix off, non seulement vous obtiendrez un produit fini r\u00e9pondant \u00e0 des normes \u00e9lev\u00e9es, mais vous l&#039;obtiendrez \u00e9galement rapidement et \u00e0 des prix abordables. Nous nous effor\u00e7ons de vous rendre votre voix off dans les 24 heures. Si vous souhaitez une preuve suppl\u00e9mentaire de pourquoi venir dans notre entreprise pour votre travail de voix off est une bonne chose, jetez un \u0153il \u00e0 <\/span><a href=\"https:\/\/radiojingles24.com\/fr\/#reviews\"><span style=\"font-weight: 400;\">nos avis<\/span><\/a><span style=\"font-weight: 400;\">.\u00a0<\/span><\/p>\n<p><b>Avez-vous des questions?\u00a0<\/b><\/p>\n<p>&nbsp;<\/p>\n<p><span style=\"font-weight: 400;\">Si vous souhaitez que Radio Jingles 24 s&#039;occupe de votre travail de voix off et que vous souhaitez discuter de vos besoins, vous pouvez nous contacter par e-mail. <\/span><a href=\"mailto:info@radiojingles24.com\"><span style=\"font-weight: 400;\">info@radiojingles24.com<\/span><\/a><span style=\"font-weight: 400;\">, notre <\/span><a href=\"https:\/\/radiojingles24.com\/fr\/contact-us\/\"><span style=\"font-weight: 400;\">formulaire de contact<\/span><\/a><span style=\"font-weight: 400;\">, ou vous pouvez nous appeler au 0113 534 6686 (Royaume-Uni) ou au +1 (212) 710-1350 (\u00c9tats-Unis). Nous serons heureux de discuter avec vous de votre travail de voix off et nous r\u00e9pondrons \u00e0 votre message aussit\u00f4t que nous pouvons.\u00a0\u00a0<\/span><\/p>\n\r\n\t\t<\/div>\r\n\t<\/div>\r\n\n\t\t\t<\/div> \n\t\t<\/div>\n\t<\/div> \n<\/div><\/div>","protected":false},"excerpt":{"rendered":"Avez-vous besoin d&#039;une entreprise fiable qui peut vous fournir un travail de voix off de haute qualit\u00e9 ? Si vous le faites, Radio Jingles 24 attend votre appel. Notre entreprise livre...","protected":false},"author":1,"featured_media":0,"parent":0,"menu_order":0,"comment_status":"closed","ping_status":"closed","template":"","meta":{"_exactmetrics_skip_tracking":false,"_exactmetrics_sitenote_active":false,"_exactmetrics_sitenote_note":"","_exactmetrics_sitenote_category":0,"footnotes":""},"class_list":["post-90771","page","type-page","status-publish"],"yoast_head":"<!-- This site is optimized with the Yoast SEO plugin v26.8 - https:\/\/yoast.com\/product\/yoast-seo-wordpress\/ -->\n<title>Radio Jingles 24: Radio Jingles | DJ Drops | Podcast Intros | Sung Jingles<\/title>\n<meta name=\"description\" content=\"Radio Jingles, Sung Jingles, DJ Drops, and Podcast Intros for commercial, community and internet radio stations. UK Based. Prices from \u00a35. Order online.\" \/>\n<meta name=\"robots\" content=\"index, follow, max-snippet:-1, max-image-preview:large, max-video-preview:-1\" \/>\n<link rel=\"canonical\" href=\"https:\/\/radiojingles24.com\/fr\/are-you-in-need-of-voice-over-work\/\" \/>\n<meta property=\"og:locale\" content=\"fr_FR\" \/>\n<meta property=\"og:type\" content=\"article\" \/>\n<meta property=\"og:title\" content=\"Radio Jingles 24: Radio Jingles | DJ Drops | Podcast Intros | Sung Jingles\" \/>\n<meta property=\"og:description\" content=\"Radio Jingles, Sung Jingles, DJ Drops, and Podcast Intros for commercial, community and internet radio stations. UK Based. Prices from \u00a35. Order online.\" \/>\n<meta property=\"og:url\" content=\"https:\/\/radiojingles24.com\/fr\/are-you-in-need-of-voice-over-work\/\" \/>\n<meta property=\"og:site_name\" content=\"Radio Jingles 24: Radio Jingles | DJ Drops | Podcast Intros | Sung Jingles\" \/>\n<meta property=\"article:publisher\" content=\"https:\/\/www.facebook.com\/radiojingles24\/\" \/>\n<meta name=\"twitter:card\" content=\"summary_large_image\" \/>\n<meta name=\"twitter:site\" content=\"@radiojingles24\" \/>\n<meta name=\"twitter:label1\" content=\"Dur\u00e9e de lecture estim\u00e9e\" \/>\n\t<meta name=\"twitter:data1\" content=\"3 minutes\" \/>\n<script type=\"application\/ld+json\" class=\"yoast-schema-graph\">{\"@context\":\"https:\/\/schema.org\",\"@graph\":[{\"@type\":\"WebPage\",\"@id\":\"https:\/\/radiojingles24.com\/it\/are-you-in-need-of-voice-over-work\/\",\"url\":\"https:\/\/radiojingles24.com\/it\/are-you-in-need-of-voice-over-work\/\",\"name\":\"Radio Jingles 24: Radio Jingles | DJ Drops | Podcast Intros | Sung Jingles\",\"isPartOf\":{\"@id\":\"https:\/\/radiojingles24.com\/#website\"},\"datePublished\":\"2021-07-27T12:16:54+00:00\",\"description\":\"Radio Jingles, Sung Jingles, DJ Drops, and Podcast Intros for commercial, community and internet radio stations. UK Based. Prices from \u00a35. Order online.\",\"breadcrumb\":{\"@id\":\"https:\/\/radiojingles24.com\/it\/are-you-in-need-of-voice-over-work\/#breadcrumb\"},\"inLanguage\":\"fr-FR\",\"potentialAction\":[{\"@type\":\"ReadAction\",\"target\":[\"https:\/\/radiojingles24.com\/it\/are-you-in-need-of-voice-over-work\/\"]}]},{\"@type\":\"BreadcrumbList\",\"@id\":\"https:\/\/radiojingles24.com\/it\/are-you-in-need-of-voice-over-work\/#breadcrumb\",\"itemListElement\":[{\"@type\":\"ListItem\",\"position\":1,\"name\":\"Home\",\"item\":\"https:\/\/radiojingles24.com\/de\/\"},{\"@type\":\"ListItem\",\"position\":2,\"name\":\"Are You in Need of Voice Over Work?\"}]},{\"@type\":\"WebSite\",\"@id\":\"https:\/\/radiojingles24.com\/#website\",\"url\":\"https:\/\/radiojingles24.com\/\",\"name\":\"Radio Jingles 24: Radio Jingles | DJ Drops | Podcast Intros | Sung Jingles\",\"description\":\"Radio Jingles, Sung Jingles, DJ Drops, and Podcast Intros for commercial, community and internet radio stations. UK Based. Prices from \u00a35. Order online.\",\"publisher\":{\"@id\":\"https:\/\/radiojingles24.com\/#organization\"},\"potentialAction\":[{\"@type\":\"SearchAction\",\"target\":{\"@type\":\"EntryPoint\",\"urlTemplate\":\"https:\/\/radiojingles24.com\/?s={search_term_string}\"},\"query-input\":{\"@type\":\"PropertyValueSpecification\",\"valueRequired\":true,\"valueName\":\"search_term_string\"}}],\"inLanguage\":\"fr-FR\"},{\"@type\":\"Organization\",\"@id\":\"https:\/\/radiojingles24.com\/#organization\",\"name\":\"Radio Jingles 24\",\"url\":\"https:\/\/radiojingles24.com\/\",\"logo\":{\"@type\":\"ImageObject\",\"inLanguage\":\"fr-FR\",\"@id\":\"https:\/\/radiojingles24.com\/#\/schema\/logo\/image\/\",\"url\":\"https:\/\/radiojingles24.com\/wp-content\/uploads\/2019\/11\/RadioJingle1-1.jpg\",\"contentUrl\":\"https:\/\/radiojingles24.com\/wp-content\/uploads\/2019\/11\/RadioJingle1-1.jpg\",\"width\":512,\"height\":158,\"caption\":\"Radio Jingles 24\"},\"image\":{\"@id\":\"https:\/\/radiojingles24.com\/#\/schema\/logo\/image\/\"},\"sameAs\":[\"https:\/\/www.facebook.com\/radiojingles24\/\",\"https:\/\/x.com\/radiojingles24\"]}]}<\/script>\n<!-- \/ Yoast SEO plugin. -->","yoast_head_json":{"title":"Radio Jingles 24: Radio Jingles | DJ Drops | Podcast Intros | Jingles chant\u00e9s","description":"Radio Jingles, Sung Jingles, DJ Drops et Podcast Intros pour les stations de radio commerciales, communautaires et Internet. Bas\u00e9 au Royaume-Uni. Prix \u00e0 partir de 5 \u00a3. Commander en ligne.","robots":{"index":"index","follow":"follow","max-snippet":"max-snippet:-1","max-image-preview":"max-image-preview:large","max-video-preview":"max-video-preview:-1"},"canonical":"https:\/\/radiojingles24.com\/fr\/are-you-in-need-of-voice-over-work\/","og_locale":"fr_FR","og_type":"article","og_title":"Radio Jingles 24: Radio Jingles | DJ Drops | Podcast Intros | Sung Jingles","og_description":"Radio Jingles, Sung Jingles, DJ Drops, and Podcast Intros for commercial, community and internet radio stations. UK Based. Prices from \u00a35. Order online.","og_url":"https:\/\/radiojingles24.com\/fr\/are-you-in-need-of-voice-over-work\/","og_site_name":"Radio Jingles 24: Radio Jingles | DJ Drops | Podcast Intros | Sung Jingles","article_publisher":"https:\/\/www.facebook.com\/radiojingles24\/","twitter_card":"summary_large_image","twitter_site":"@radiojingles24","twitter_misc":{"Dur\u00e9e de lecture estim\u00e9e":"3 minutes"},"schema":{"@context":"https:\/\/schema.org","@graph":[{"@type":"WebPage","@id":"https:\/\/radiojingles24.com\/it\/are-you-in-need-of-voice-over-work\/","url":"https:\/\/radiojingles24.com\/it\/are-you-in-need-of-voice-over-work\/","name":"Radio Jingles 24: Radio Jingles | DJ Drops | Podcast Intros | Jingles chant\u00e9s","isPartOf":{"@id":"https:\/\/radiojingles24.com\/#website"},"datePublished":"2021-07-27T12:16:54+00:00","description":"Radio Jingles, Sung Jingles, DJ Drops et Podcast Intros pour les stations de radio commerciales, communautaires et Internet. Bas\u00e9 au Royaume-Uni. Prix \u00e0 partir de 5 \u00a3. Commander en ligne.","breadcrumb":{"@id":"https:\/\/radiojingles24.com\/it\/are-you-in-need-of-voice-over-work\/#breadcrumb"},"inLanguage":"fr-FR","potentialAction":[{"@type":"ReadAction","target":["https:\/\/radiojingles24.com\/it\/are-you-in-need-of-voice-over-work\/"]}]},{"@type":"BreadcrumbList","@id":"https:\/\/radiojingles24.com\/it\/are-you-in-need-of-voice-over-work\/#breadcrumb","itemListElement":[{"@type":"ListItem","position":1,"name":"Home","item":"https:\/\/radiojingles24.com\/de\/"},{"@type":"ListItem","position":2,"name":"Are You in Need of Voice Over Work?"}]},{"@type":"WebSite","@id":"https:\/\/radiojingles24.com\/#website","url":"https:\/\/radiojingles24.com\/","name":"Radio Jingles 24: Radio Jingles | DJ Drops | Podcast Intros | Jingles chant\u00e9s","description":"Radio Jingles, Sung Jingles, DJ Drops et Podcast Intros pour les stations de radio commerciales, communautaires et Internet. Bas\u00e9 au Royaume-Uni. Prix \u00e0 partir de 5 \u00a3. Commander en ligne.","publisher":{"@id":"https:\/\/radiojingles24.com\/#organization"},"potentialAction":[{"@type":"SearchAction","target":{"@type":"EntryPoint","urlTemplate":"https:\/\/radiojingles24.com\/?s={search_term_string}"},"query-input":{"@type":"PropertyValueSpecification","valueRequired":true,"valueName":"search_term_string"}}],"inLanguage":"fr-FR"},{"@type":"Organization","@id":"https:\/\/radiojingles24.com\/#organization","name":"Radio Jingles 24","url":"https:\/\/radiojingles24.com\/","logo":{"@type":"ImageObject","inLanguage":"fr-FR","@id":"https:\/\/radiojingles24.com\/#\/schema\/logo\/image\/","url":"https:\/\/radiojingles24.com\/wp-content\/uploads\/2019\/11\/RadioJingle1-1.jpg","contentUrl":"https:\/\/radiojingles24.com\/wp-content\/uploads\/2019\/11\/RadioJingle1-1.jpg","width":512,"height":158,"caption":"Radio Jingles 24"},"image":{"@id":"https:\/\/radiojingles24.com\/#\/schema\/logo\/image\/"},"sameAs":["https:\/\/www.facebook.com\/radiojingles24\/","https:\/\/x.com\/radiojingles24"]}]}},"jetpack_sharing_enabled":true,"_links":{"self":[{"href":"https:\/\/radiojingles24.com\/fr\/wp-json\/wp\/v2\/pages\/90771","targetHints":{"allow":["GET"]}}],"collection":[{"href":"https:\/\/radiojingles24.com\/fr\/wp-json\/wp\/v2\/pages"}],"about":[{"href":"https:\/\/radiojingles24.com\/fr\/wp-json\/wp\/v2\/types\/page"}],"author":[{"embeddable":true,"href":"https:\/\/radiojingles24.com\/fr\/wp-json\/wp\/v2\/users\/1"}],"replies":[{"embeddable":true,"href":"https:\/\/radiojingles24.com\/fr\/wp-json\/wp\/v2\/comments?post=90771"}],"version-history":[{"count":1,"href":"https:\/\/radiojingles24.com\/fr\/wp-json\/wp\/v2\/pages\/90771\/revisions"}],"predecessor-version":[{"id":90774,"href":"https:\/\/radiojingles24.com\/fr\/wp-json\/wp\/v2\/pages\/90771\/revisions\/90774"}],"wp:attachment":[{"href":"https:\/\/radiojingles24.com\/fr\/wp-json\/wp\/v2\/media?parent=90771"}],"curies":[{"name":"wp","href":"https:\/\/api.w.org\/{rel}","templated":true}]}}