{"id":90907,"date":"2021-08-06T15:03:10","date_gmt":"2021-08-06T15:03:10","guid":{"rendered":"https:\/\/radiojingles24.com\/?page_id=90907"},"modified":"2021-08-06T15:03:10","modified_gmt":"2021-08-06T15:03:10","slug":"need-a-dj-intro-voice-to-download","status":"publish","type":"page","link":"https:\/\/radiojingles24.com\/fr\/need-a-dj-intro-voice-to-download\/","title":{"rendered":"Besoin d&#039;une voix d&#039;intro DJ \u00e0 t\u00e9l\u00e9charger\u00a0?"},"content":{"rendered":"<div id=\"fws_69d293025c225\"  data-midnight=\"dark\"  data-bg-mobile-hidden=\"\" class=\"wpb_row vc_row-fluid vc_row top-level standard_section\"  style=\"padding-top: 0px; padding-bottom: 0px; \"><div class=\"row-bg-wrap\" data-bg-animation=\"none\"><div class=\"inner-wrap\"><div class=\"row-bg\"  style=\"\"><\/div><\/div><div class=\"row-bg-overlay\" ><\/div><\/div><div class=\"col span_12 dark left\">\n\t<div  class=\"vc_col-sm-12 wpb_column column_container vc_column_container col no-extra-padding\"  data-t-w-inherits=\"default\" data-border-radius=\"none\" data-shadow=\"none\" data-border-animation=\"\" data-border-animation-delay=\"\" data-border-width=\"none\" data-border-style=\"solid\" data-border-color=\"\" data-bg-cover=\"\" data-padding-pos=\"all\" data-has-bg-color=\"false\" data-bg-color=\"\" data-bg-opacity=\"1\" data-hover-bg=\"\" data-hover-bg-opacity=\"1\" data-animation=\"\" data-delay=\"0\"><div class=\"column-bg-overlay\"><\/div>\n\t\t<div class=\"vc_column-inner\">\n\t\t\t<div class=\"wpb_wrapper\">\n\t\t\t\t\r\n\t<div class=\"wpb_text_column wpb_content_element\" >\r\n\t\t<div class=\"wpb_wrapper\">\r\n\t\t\t<p><span style=\"font-weight: 400;\">\u00cates-vous \u00e0 la recherche d&#039;une voix d&#039;intro DJ de haute qualit\u00e9 \u00e0 t\u00e9l\u00e9charger\u00a0? Alors vous \u00eates tomb\u00e9 sur la bonne entreprise. Bienvenue \u00e0 <\/span><a href=\"https:\/\/radiojingles24.com\/fr\/\"><span style=\"font-weight: 400;\">Radio Jingles 24<\/span><\/a><span style=\"font-weight: 400;\">. Nous nous sp\u00e9cialisons dans la production de gouttes DJ professionnelles, de jingles radio, de production commerciale et de jingles chant\u00e9s. Notre audio est enregistr\u00e9 et produit en studio et livr\u00e9 aux clients en seulement 24 heures. Que vous soyez dans une radio commerciale, Internet ou communautaire, Radio Jingles 24 peut g\u00e9n\u00e9rer un son in\u00e9gal\u00e9, parfait pour toutes les stations de radio et les DJ.\u00a0<\/span><\/p>\n<p><span style=\"font-weight: 400;\">Les clients \u00e0 qui nous avons fourni de l&#039;audio incluent de grands noms tels que Global, Holiday Radio, Cash Converters et Spotlight. Quelles que soient vos exigences sp\u00e9cifiques, que vous souhaitiez utiliser votre propre script personnel ou choisir un artiste de voix off en particulier, nous pouvons r\u00e9pondre \u00e0 vos besoins et produire un son imbattable que vos auditeurs adoreront. Donc, si vous cherchez une voix d&#039;intro DJ originale \u00e0 t\u00e9l\u00e9charger, contactez Radio Jingles 24 d\u00e8s aujourd&#039;hui.\u00a0<\/span><\/p>\n<h2><b>DJ Drops personnalis\u00e9s enregistr\u00e9s dans notre studio professionnel<\/b><\/h2>\n<p><span style=\"font-weight: 400;\">Si vous essayez de t\u00e9l\u00e9charger une voix d&#039;intro DJ, alors Radio Jingles 24 est le choix num\u00e9ro un. Nous pouvons enregistrer une intro de DJ dans notre studio et l&#039;\u00e9diter en fonction de vos besoins personnels. Trois packs DJ diff\u00e9rents sont disponibles : notre pack &#039;Essential DJ&#039;, le pack &#039;Pro DJ Drop&#039; et le pack &#039;DJ Drops Vol.1&#039;. Notre &#039;Essential DJ Pack&#039; propose trois intros DJ avec Vocal FX, ainsi que les copies s\u00e8ches, ce qui fait un \u00e9norme 6 fichiers audio au total.\u00a0<\/span><\/p>\n<p><span style=\"font-weight: 400;\">Vous pouvez choisir votre propre script et choisir parmi notre s\u00e9lection diversifi\u00e9e d&#039;artistes voix off masculine et f\u00e9minine. Avec une gamme de styles de voix off disponibles, il y a la voix d&#039;introduction DJ parfaite pour chaque client. \u00c0 partir de seulement 25 \u00a3, ce pack de voix d&#039;intro DJ est d&#039;un rapport qualit\u00e9-prix incroyable. Tout votre audio sera livr\u00e9 dans les 24 heures, et cela peut \u00eatre encore plus t\u00f4t si n\u00e9cessaire. Pour demander une voix d&#039;intro DJ \u00e0 t\u00e9l\u00e9charger aujourd&#039;hui, visitez le site Web de Radio Jingles 24 maintenant.<\/span><\/p>\n<h2><b>Avantages de choisir Radio Jingles 24<\/b><\/h2>\n<p><span style=\"font-weight: 400;\">Si vous avez besoin d&#039;une voix d&#039;intro DJ \u00e0 t\u00e9l\u00e9charger, nous produisons en trois formats ; HQ WAVE, MP3 et AIFF. Notre audio est 100% libre de droits et peut \u00eatre utilis\u00e9 imm\u00e9diatement dans les \u00e9missions de radio, les \u00e9missions de podcast et plus encore.\u00a0<\/span><\/p>\n<p><span style=\"font-weight: 400;\">Tout l&#039;audio est produit par des artistes de voix off de premier plan et talentueux qui ont travaill\u00e9 sur une vari\u00e9t\u00e9 de projets de voix off tout au long de leur carri\u00e8re dans l&#039;industrie. Consultez nos t\u00e9moignages 5 \u00e9toiles sur le site Web de Radio Jingles 24 pour voir ce que nos clients ont \u00e0 dire sur notre service.\u00a0<\/span><\/p>\n<h2><b>Vous avez un projet \u00e0 venir en t\u00eate ?<\/b><\/h2>\n<p><span style=\"font-weight: 400;\">Si vous recherchez une voix d&#039;intro DJ professionnelle \u00e0 t\u00e9l\u00e9charger, alors Radio Jingles 24 est l&#039;endroit o\u00f9 venir. Contactez-nous en remplissant le formulaire de contact affich\u00e9 sur notre site, en laissant vos coordonn\u00e9es et un message. Sinon, n&#039;h\u00e9sitez pas \u00e0 nous envoyer un e-mail en nous \u00e9crivant \u00e0 <\/span><a href=\"mailto:info@radiojingles24.com\"><span style=\"font-weight: 400;\">info@radiojingles24.com<\/span><\/a><span style=\"font-weight: 400;\">. Notre \u00e9quipe vous r\u00e9pondra dans les plus brefs d\u00e9lais.\u00a0<\/span><\/p>\n<p><span style=\"font-weight: 400;\">Si vous souhaitez nous parler, appelez-nous au +44 0113 5346686 depuis le Royaume-Uni ou au +1 (212) 710-1350 si vous \u00eates bas\u00e9 aux \u00c9tats-Unis. Radio Jingles 24 peut discuter de votre projet plus en profondeur et r\u00e9pondre \u00e0 toutes vos questions.<\/span><\/p>\n\r\n\t\t<\/div>\r\n\t<\/div>\r\n\n\t\t\t<\/div> \n\t\t<\/div>\n\t<\/div> \n<\/div><\/div>","protected":false},"excerpt":{"rendered":"\u00cates-vous \u00e0 la recherche d&#039;une voix d&#039;intro DJ de haute qualit\u00e9 \u00e0 t\u00e9l\u00e9charger\u00a0? Alors vous \u00eates tomb\u00e9 sur la bonne entreprise. Bienvenue sur Radio Jingles 24. Nous nous sp\u00e9cialisons dans la production de...","protected":false},"author":1,"featured_media":0,"parent":0,"menu_order":0,"comment_status":"closed","ping_status":"closed","template":"","meta":{"_exactmetrics_skip_tracking":false,"_exactmetrics_sitenote_active":false,"_exactmetrics_sitenote_note":"","_exactmetrics_sitenote_category":0,"footnotes":""},"class_list":["post-90907","page","type-page","status-publish"],"yoast_head":"<!-- This site is optimized with the Yoast SEO plugin v26.8 - https:\/\/yoast.com\/product\/yoast-seo-wordpress\/ -->\n<title>Radio Jingles 24: Radio Jingles | DJ Drops | Podcast Intros | Sung Jingles<\/title>\n<meta name=\"description\" content=\"Radio Jingles, Sung Jingles, DJ Drops, and Podcast Intros for commercial, community and internet radio stations. UK Based. Prices from \u00a35. Order online.\" \/>\n<meta name=\"robots\" content=\"index, follow, max-snippet:-1, max-image-preview:large, max-video-preview:-1\" \/>\n<link rel=\"canonical\" href=\"https:\/\/radiojingles24.com\/fr\/need-a-dj-intro-voice-to-download\/\" \/>\n<meta property=\"og:locale\" content=\"fr_FR\" \/>\n<meta property=\"og:type\" content=\"article\" \/>\n<meta property=\"og:title\" content=\"Radio Jingles 24: Radio Jingles | DJ Drops | Podcast Intros | Sung Jingles\" \/>\n<meta property=\"og:description\" content=\"Radio Jingles, Sung Jingles, DJ Drops, and Podcast Intros for commercial, community and internet radio stations. UK Based. Prices from \u00a35. Order online.\" \/>\n<meta property=\"og:url\" content=\"https:\/\/radiojingles24.com\/fr\/need-a-dj-intro-voice-to-download\/\" \/>\n<meta property=\"og:site_name\" content=\"Radio Jingles 24: Radio Jingles | DJ Drops | Podcast Intros | Sung Jingles\" \/>\n<meta property=\"article:publisher\" content=\"https:\/\/www.facebook.com\/radiojingles24\/\" \/>\n<meta name=\"twitter:card\" content=\"summary_large_image\" \/>\n<meta name=\"twitter:site\" content=\"@radiojingles24\" \/>\n<meta name=\"twitter:label1\" content=\"Dur\u00e9e de lecture estim\u00e9e\" \/>\n\t<meta name=\"twitter:data1\" content=\"3 minutes\" \/>\n<script type=\"application\/ld+json\" class=\"yoast-schema-graph\">{\"@context\":\"https:\/\/schema.org\",\"@graph\":[{\"@type\":\"WebPage\",\"@id\":\"https:\/\/radiojingles24.com\/need-a-dj-intro-voice-to-download\/\",\"url\":\"https:\/\/radiojingles24.com\/need-a-dj-intro-voice-to-download\/\",\"name\":\"Radio Jingles 24: Radio Jingles | DJ Drops | Podcast Intros | Sung Jingles\",\"isPartOf\":{\"@id\":\"https:\/\/radiojingles24.com\/#website\"},\"datePublished\":\"2021-08-06T15:03:10+00:00\",\"description\":\"Radio Jingles, Sung Jingles, DJ Drops, and Podcast Intros for commercial, community and internet radio stations. UK Based. Prices from \u00a35. Order online.\",\"breadcrumb\":{\"@id\":\"https:\/\/radiojingles24.com\/need-a-dj-intro-voice-to-download\/#breadcrumb\"},\"inLanguage\":\"fr-FR\",\"potentialAction\":[{\"@type\":\"ReadAction\",\"target\":[\"https:\/\/radiojingles24.com\/need-a-dj-intro-voice-to-download\/\"]}]},{\"@type\":\"BreadcrumbList\",\"@id\":\"https:\/\/radiojingles24.com\/need-a-dj-intro-voice-to-download\/#breadcrumb\",\"itemListElement\":[{\"@type\":\"ListItem\",\"position\":1,\"name\":\"Home\",\"item\":\"https:\/\/radiojingles24.com\/de\/\"},{\"@type\":\"ListItem\",\"position\":2,\"name\":\"Need a DJ Intro Voice to Download?\"}]},{\"@type\":\"WebSite\",\"@id\":\"https:\/\/radiojingles24.com\/#website\",\"url\":\"https:\/\/radiojingles24.com\/\",\"name\":\"Radio Jingles 24: Radio Jingles | DJ Drops | Podcast Intros | Sung Jingles\",\"description\":\"Radio Jingles, Sung Jingles, DJ Drops, and Podcast Intros for commercial, community and internet radio stations. UK Based. Prices from \u00a35. Order online.\",\"publisher\":{\"@id\":\"https:\/\/radiojingles24.com\/#organization\"},\"potentialAction\":[{\"@type\":\"SearchAction\",\"target\":{\"@type\":\"EntryPoint\",\"urlTemplate\":\"https:\/\/radiojingles24.com\/?s={search_term_string}\"},\"query-input\":{\"@type\":\"PropertyValueSpecification\",\"valueRequired\":true,\"valueName\":\"search_term_string\"}}],\"inLanguage\":\"fr-FR\"},{\"@type\":\"Organization\",\"@id\":\"https:\/\/radiojingles24.com\/#organization\",\"name\":\"Radio Jingles 24\",\"url\":\"https:\/\/radiojingles24.com\/\",\"logo\":{\"@type\":\"ImageObject\",\"inLanguage\":\"fr-FR\",\"@id\":\"https:\/\/radiojingles24.com\/#\/schema\/logo\/image\/\",\"url\":\"https:\/\/radiojingles24.com\/wp-content\/uploads\/2019\/11\/RadioJingle1-1.jpg\",\"contentUrl\":\"https:\/\/radiojingles24.com\/wp-content\/uploads\/2019\/11\/RadioJingle1-1.jpg\",\"width\":512,\"height\":158,\"caption\":\"Radio Jingles 24\"},\"image\":{\"@id\":\"https:\/\/radiojingles24.com\/#\/schema\/logo\/image\/\"},\"sameAs\":[\"https:\/\/www.facebook.com\/radiojingles24\/\",\"https:\/\/x.com\/radiojingles24\"]}]}<\/script>\n<!-- \/ Yoast SEO plugin. -->","yoast_head_json":{"title":"Radio Jingles 24: Radio Jingles | DJ Drops | Podcast Intros | Jingles chant\u00e9s","description":"Radio Jingles, Sung Jingles, DJ Drops et Podcast Intros pour les stations de radio commerciales, communautaires et Internet. Bas\u00e9 au Royaume-Uni. Prix \u00e0 partir de 5 \u00a3. Commander en ligne.","robots":{"index":"index","follow":"follow","max-snippet":"max-snippet:-1","max-image-preview":"max-image-preview:large","max-video-preview":"max-video-preview:-1"},"canonical":"https:\/\/radiojingles24.com\/fr\/need-a-dj-intro-voice-to-download\/","og_locale":"fr_FR","og_type":"article","og_title":"Radio Jingles 24: Radio Jingles | DJ Drops | Podcast Intros | Sung Jingles","og_description":"Radio Jingles, Sung Jingles, DJ Drops, and Podcast Intros for commercial, community and internet radio stations. UK Based. Prices from \u00a35. Order online.","og_url":"https:\/\/radiojingles24.com\/fr\/need-a-dj-intro-voice-to-download\/","og_site_name":"Radio Jingles 24: Radio Jingles | DJ Drops | Podcast Intros | Sung Jingles","article_publisher":"https:\/\/www.facebook.com\/radiojingles24\/","twitter_card":"summary_large_image","twitter_site":"@radiojingles24","twitter_misc":{"Dur\u00e9e de lecture estim\u00e9e":"3 minutes"},"schema":{"@context":"https:\/\/schema.org","@graph":[{"@type":"WebPage","@id":"https:\/\/radiojingles24.com\/need-a-dj-intro-voice-to-download\/","url":"https:\/\/radiojingles24.com\/need-a-dj-intro-voice-to-download\/","name":"Radio Jingles 24: Radio Jingles | DJ Drops | Podcast Intros | Jingles chant\u00e9s","isPartOf":{"@id":"https:\/\/radiojingles24.com\/#website"},"datePublished":"2021-08-06T15:03:10+00:00","description":"Radio Jingles, Sung Jingles, DJ Drops et Podcast Intros pour les stations de radio commerciales, communautaires et Internet. Bas\u00e9 au Royaume-Uni. Prix \u00e0 partir de 5 \u00a3. Commander en ligne.","breadcrumb":{"@id":"https:\/\/radiojingles24.com\/need-a-dj-intro-voice-to-download\/#breadcrumb"},"inLanguage":"fr-FR","potentialAction":[{"@type":"ReadAction","target":["https:\/\/radiojingles24.com\/need-a-dj-intro-voice-to-download\/"]}]},{"@type":"BreadcrumbList","@id":"https:\/\/radiojingles24.com\/need-a-dj-intro-voice-to-download\/#breadcrumb","itemListElement":[{"@type":"ListItem","position":1,"name":"Home","item":"https:\/\/radiojingles24.com\/de\/"},{"@type":"ListItem","position":2,"name":"Need a DJ Intro Voice to Download?"}]},{"@type":"WebSite","@id":"https:\/\/radiojingles24.com\/#website","url":"https:\/\/radiojingles24.com\/","name":"Radio Jingles 24: Radio Jingles | DJ Drops | Podcast Intros | Jingles chant\u00e9s","description":"Radio Jingles, Sung Jingles, DJ Drops et Podcast Intros pour les stations de radio commerciales, communautaires et Internet. Bas\u00e9 au Royaume-Uni. Prix \u00e0 partir de 5 \u00a3. Commander en ligne.","publisher":{"@id":"https:\/\/radiojingles24.com\/#organization"},"potentialAction":[{"@type":"SearchAction","target":{"@type":"EntryPoint","urlTemplate":"https:\/\/radiojingles24.com\/?s={search_term_string}"},"query-input":{"@type":"PropertyValueSpecification","valueRequired":true,"valueName":"search_term_string"}}],"inLanguage":"fr-FR"},{"@type":"Organization","@id":"https:\/\/radiojingles24.com\/#organization","name":"Radio Jingles 24","url":"https:\/\/radiojingles24.com\/","logo":{"@type":"ImageObject","inLanguage":"fr-FR","@id":"https:\/\/radiojingles24.com\/#\/schema\/logo\/image\/","url":"https:\/\/radiojingles24.com\/wp-content\/uploads\/2019\/11\/RadioJingle1-1.jpg","contentUrl":"https:\/\/radiojingles24.com\/wp-content\/uploads\/2019\/11\/RadioJingle1-1.jpg","width":512,"height":158,"caption":"Radio Jingles 24"},"image":{"@id":"https:\/\/radiojingles24.com\/#\/schema\/logo\/image\/"},"sameAs":["https:\/\/www.facebook.com\/radiojingles24\/","https:\/\/x.com\/radiojingles24"]}]}},"jetpack_sharing_enabled":true,"_links":{"self":[{"href":"https:\/\/radiojingles24.com\/fr\/wp-json\/wp\/v2\/pages\/90907","targetHints":{"allow":["GET"]}}],"collection":[{"href":"https:\/\/radiojingles24.com\/fr\/wp-json\/wp\/v2\/pages"}],"about":[{"href":"https:\/\/radiojingles24.com\/fr\/wp-json\/wp\/v2\/types\/page"}],"author":[{"embeddable":true,"href":"https:\/\/radiojingles24.com\/fr\/wp-json\/wp\/v2\/users\/1"}],"replies":[{"embeddable":true,"href":"https:\/\/radiojingles24.com\/fr\/wp-json\/wp\/v2\/comments?post=90907"}],"version-history":[{"count":1,"href":"https:\/\/radiojingles24.com\/fr\/wp-json\/wp\/v2\/pages\/90907\/revisions"}],"predecessor-version":[{"id":90909,"href":"https:\/\/radiojingles24.com\/fr\/wp-json\/wp\/v2\/pages\/90907\/revisions\/90909"}],"wp:attachment":[{"href":"https:\/\/radiojingles24.com\/fr\/wp-json\/wp\/v2\/media?parent=90907"}],"curies":[{"name":"wp","href":"https:\/\/api.w.org\/{rel}","templated":true}]}}