{"id":90908,"date":"2021-08-06T15:09:12","date_gmt":"2021-08-06T15:09:12","guid":{"rendered":"https:\/\/radiojingles24.com\/?page_id=90908"},"modified":"2021-08-06T15:09:12","modified_gmt":"2021-08-06T15:09:12","slug":"require-dj-voiceovers-for-your-show","status":"publish","type":"page","link":"https:\/\/radiojingles24.com\/fr\/require-dj-voiceovers-for-your-show\/","title":{"rendered":"Avez-vous besoin de voix off DJ pour votre spectacle\u00a0?"},"content":{"rendered":"<div id=\"fws_69d2d0e3b846d\"  data-midnight=\"dark\"  data-bg-mobile-hidden=\"\" class=\"wpb_row vc_row-fluid vc_row top-level standard_section\"  style=\"padding-top: 0px; padding-bottom: 0px; \"><div class=\"row-bg-wrap\" data-bg-animation=\"none\"><div class=\"inner-wrap\"><div class=\"row-bg\"  style=\"\"><\/div><\/div><div class=\"row-bg-overlay\" ><\/div><\/div><div class=\"col span_12 dark left\">\n\t<div  class=\"vc_col-sm-12 wpb_column column_container vc_column_container col no-extra-padding\"  data-t-w-inherits=\"default\" data-border-radius=\"none\" data-shadow=\"none\" data-border-animation=\"\" data-border-animation-delay=\"\" data-border-width=\"none\" data-border-style=\"solid\" data-border-color=\"\" data-bg-cover=\"\" data-padding-pos=\"all\" data-has-bg-color=\"false\" data-bg-color=\"\" data-bg-opacity=\"1\" data-hover-bg=\"\" data-hover-bg-opacity=\"1\" data-animation=\"\" data-delay=\"0\"><div class=\"column-bg-overlay\"><\/div>\n\t\t<div class=\"vc_column-inner\">\n\t\t\t<div class=\"wpb_wrapper\">\n\t\t\t\t\r\n\t<div class=\"wpb_text_column wpb_content_element\" >\r\n\t\t<div class=\"wpb_wrapper\">\r\n\t\t\t<p><span style=\"font-weight: 400;\">Vous souhaitez commander des voix off DJ professionnelles pour votre radio ou votre \u00e9mission ? Alors vous \u00eates au bon endroit, bienvenue sur <\/span><a href=\"https:\/\/radiojingles24.com\/fr\/\"><span style=\"font-weight: 400;\">Radio Jingles 24<\/span><\/a><span style=\"font-weight: 400;\">. Nous pouvons produire des voix off DJ de haute qualit\u00e9, des jingles radio, des jingles chant\u00e9s et plus encore, le tout dans un d\u00e9lai de 24 heures. Nos artistes de voix off exp\u00e9riment\u00e9s et talentueux enregistreront votre audio selon les normes les plus \u00e9lev\u00e9es, offrant un son d&#039;expert \u00e0 des prix imbattables. Les clients avec lesquels nous avons travaill\u00e9 incluent Global, Radio X, Cash Converters, UKRD Group et plus encore.\u00a0<\/span><\/p>\n<p><span style=\"font-weight: 400;\">Quelles que soient vos exigences en mati\u00e8re de voix off DJ - que vous souhaitiez que votre audio soit sec ou enti\u00e8rement produit avec Musique\/SFX - Radio Jingles 24 peut produire un morceau audio exceptionnel qui correspond \u00e0 vos besoins. L&#039;enregistrement, l&#039;\u00e9dition et la production de votre audio sont complets du d\u00e9but \u00e0 la fin, garantissant que votre voix off DJ sonne de mani\u00e8re professionnelle. Donc, si vous cherchez <\/span><a href=\"https:\/\/radiojingles24.com\/fr\/categorie-produit\/dj-drops\/\"><span style=\"font-weight: 400;\">Voix off DJ<\/span><\/a><span style=\"font-weight: 400;\">, pourquoi ne pas contacter Radio Jingles 24 d\u00e8s aujourd&#039;hui ?<\/span><\/p>\n<h2><b>Forfaits personnalis\u00e9s pour les voix off DJ<\/b><\/h2>\n<p><span style=\"font-weight: 400;\">Ici, \u00e0 Radio Jingles 24, nous proposons un certain nombre de forfaits audio DJ aux clients. Notre &#039;Essential DJ Pack&#039; propose 3 DJ drops avec effets vocaux, y compris les copies s\u00e8ches. Cela vous donnera 6 fichiers audio \u00e0 utiliser dans vos DJ sets, \u00e9missions de radio et podcasts. Avec une gamme d&#039;artistes voix off masculine et f\u00e9minine parmi lesquels choisir, vous pouvez cr\u00e9er 3 voix off DJ uniques - chacune avec un script diff\u00e9rent.\u00a0<\/span><\/p>\n<p><span style=\"font-weight: 400;\">Si vous avez des instructions sp\u00e9ciales, nos artistes peuvent les adapter et enregistrer votre audio exactement comme vous le souhaitez. Nous produisons des voix off DJ dans trois formats de fichiers ; MP3, WAVE et AIFF, pour que votre son puisse \u00eatre utilis\u00e9 sur plusieurs plateformes. Tout cela est offert pour la valeur imbattable de seulement 25 \u00a3. Notre objectif est de livrer votre voix off DJ dans un d\u00e9lai maximum de 24 heures. En r\u00e8gle g\u00e9n\u00e9rale, l&#039;audio est livr\u00e9 en quelques heures seulement.<\/span><\/p>\n<h2><b>Pourquoi utiliser Radio Jingles 24 ?<\/b><\/h2>\n<p><span style=\"font-weight: 400;\">Nos voix off DJ sont magistralement enregistr\u00e9es et produites par des artistes voix off qualifi\u00e9s avec des ann\u00e9es d&#039;exp\u00e9rience dans la fourniture d&#039;un son de qualit\u00e9. Tout l&#039;audio que nous livrons est 100% libre de droits, pr\u00eat \u00e0 l&#039;emploi imm\u00e9diatement. Avec des scripts personnalis\u00e9s, les clients peuvent cr\u00e9er des voix off DJ selon leurs souhaits.\u00a0<\/span><\/p>\n<p><span style=\"font-weight: 400;\">En plus des voix off DJ, nous pouvons \u00e9galement produire des jingles radio, des jingles podcast et des publicit\u00e9s. Quels que soient vos besoins audio, nos artistes peuvent vous fournir un service exceptionnel. Ne nous croyez pas ? Jetez un \u0153il \u00e0 nos critiques 5 \u00e9toiles exceptionnelles sur le site Web de Radio Jingles 24.\u00a0<\/span><\/p>\n<h2><b>Cr\u00e9ez votre voix off DJ professionnelle aujourd&#039;hui<\/b><\/h2>\n<p><span style=\"font-weight: 400;\">Radio Jingles 24 peut fournir aux clients des voix off de DJ in\u00e9gal\u00e9es dans une vari\u00e9t\u00e9 de formats audio, y compris HQ WAVE, MP3 ou AIFF. Pour commencer d\u00e8s aujourd&#039;hui \u00e0 produire votre voix off de DJ, contactez-nous via le formulaire de contact affich\u00e9 sur la page de contact de notre site Web. Veuillez laisser votre nom, votre num\u00e9ro de t\u00e9l\u00e9phone et un message, et notre \u00e9quipe vous r\u00e9pondra dans les plus brefs d\u00e9lais.\u00a0<\/span><\/p>\n<p><span style=\"font-weight: 400;\">Vous pouvez \u00e9galement nous envoyer un courriel \u00e0 <\/span><a href=\"mailto:info@radiojingles24.com\"><span style=\"font-weight: 400;\">info@radiojingles24.com<\/span><\/a><span style=\"font-weight: 400;\">. Sinon, n&#039;h\u00e9sitez pas \u00e0 nous appeler au +44 0113 5346686 depuis le Royaume-Uni ou au +1 (212) 710-1350 si vous appelez depuis les \u00c9tats-Unis. Nous sommes impatients de vous entendre bient\u00f4t.<\/span><\/p>\n\r\n\t\t<\/div>\r\n\t<\/div>\r\n\n\t\t\t<\/div> \n\t\t<\/div>\n\t<\/div> \n<\/div><\/div>","protected":false},"excerpt":{"rendered":"Vous souhaitez commander des voix off DJ professionnelles pour votre radio ou votre \u00e9mission ? Alors vous \u00eates au bon endroit, bienvenue sur Radio Jingles 24. Nous pouvons produire des...","protected":false},"author":1,"featured_media":0,"parent":0,"menu_order":0,"comment_status":"closed","ping_status":"closed","template":"","meta":{"_exactmetrics_skip_tracking":false,"_exactmetrics_sitenote_active":false,"_exactmetrics_sitenote_note":"","_exactmetrics_sitenote_category":0,"footnotes":""},"class_list":["post-90908","page","type-page","status-publish"],"yoast_head":"<!-- This site is optimized with the Yoast SEO plugin v26.8 - https:\/\/yoast.com\/product\/yoast-seo-wordpress\/ -->\n<title>Radio Jingles 24: Radio Jingles | DJ Drops | Podcast Intros | Sung Jingles<\/title>\n<meta name=\"description\" content=\"Radio Jingles, Sung Jingles, DJ Drops, and Podcast Intros for commercial, community and internet radio stations. UK Based. Prices from \u00a35. Order online.\" \/>\n<meta name=\"robots\" content=\"index, follow, max-snippet:-1, max-image-preview:large, max-video-preview:-1\" \/>\n<link rel=\"canonical\" href=\"https:\/\/radiojingles24.com\/fr\/require-dj-voiceovers-for-your-show\/\" \/>\n<meta property=\"og:locale\" content=\"fr_FR\" \/>\n<meta property=\"og:type\" content=\"article\" \/>\n<meta property=\"og:title\" content=\"Radio Jingles 24: Radio Jingles | DJ Drops | Podcast Intros | Sung Jingles\" \/>\n<meta property=\"og:description\" content=\"Radio Jingles, Sung Jingles, DJ Drops, and Podcast Intros for commercial, community and internet radio stations. UK Based. Prices from \u00a35. Order online.\" \/>\n<meta property=\"og:url\" content=\"https:\/\/radiojingles24.com\/fr\/require-dj-voiceovers-for-your-show\/\" \/>\n<meta property=\"og:site_name\" content=\"Radio Jingles 24: Radio Jingles | DJ Drops | Podcast Intros | Sung Jingles\" \/>\n<meta property=\"article:publisher\" content=\"https:\/\/www.facebook.com\/radiojingles24\/\" \/>\n<meta name=\"twitter:card\" content=\"summary_large_image\" \/>\n<meta name=\"twitter:site\" content=\"@radiojingles24\" \/>\n<meta name=\"twitter:label1\" content=\"Dur\u00e9e de lecture estim\u00e9e\" \/>\n\t<meta name=\"twitter:data1\" content=\"3 minutes\" \/>\n<script type=\"application\/ld+json\" class=\"yoast-schema-graph\">{\"@context\":\"https:\/\/schema.org\",\"@graph\":[{\"@type\":\"WebPage\",\"@id\":\"https:\/\/radiojingles24.com\/it\/require-dj-voiceovers-for-your-show\/\",\"url\":\"https:\/\/radiojingles24.com\/it\/require-dj-voiceovers-for-your-show\/\",\"name\":\"Radio Jingles 24: Radio Jingles | DJ Drops | Podcast Intros | Sung Jingles\",\"isPartOf\":{\"@id\":\"https:\/\/radiojingles24.com\/#website\"},\"datePublished\":\"2021-08-06T15:09:12+00:00\",\"description\":\"Radio Jingles, Sung Jingles, DJ Drops, and Podcast Intros for commercial, community and internet radio stations. UK Based. Prices from \u00a35. Order online.\",\"breadcrumb\":{\"@id\":\"https:\/\/radiojingles24.com\/it\/require-dj-voiceovers-for-your-show\/#breadcrumb\"},\"inLanguage\":\"fr-FR\",\"potentialAction\":[{\"@type\":\"ReadAction\",\"target\":[\"https:\/\/radiojingles24.com\/it\/require-dj-voiceovers-for-your-show\/\"]}]},{\"@type\":\"BreadcrumbList\",\"@id\":\"https:\/\/radiojingles24.com\/it\/require-dj-voiceovers-for-your-show\/#breadcrumb\",\"itemListElement\":[{\"@type\":\"ListItem\",\"position\":1,\"name\":\"Home\",\"item\":\"https:\/\/radiojingles24.com\/de\/\"},{\"@type\":\"ListItem\",\"position\":2,\"name\":\"Require DJ Voiceovers for your Show?\"}]},{\"@type\":\"WebSite\",\"@id\":\"https:\/\/radiojingles24.com\/#website\",\"url\":\"https:\/\/radiojingles24.com\/\",\"name\":\"Radio Jingles 24: Radio Jingles | DJ Drops | Podcast Intros | Sung Jingles\",\"description\":\"Radio Jingles, Sung Jingles, DJ Drops, and Podcast Intros for commercial, community and internet radio stations. UK Based. Prices from \u00a35. Order online.\",\"publisher\":{\"@id\":\"https:\/\/radiojingles24.com\/#organization\"},\"potentialAction\":[{\"@type\":\"SearchAction\",\"target\":{\"@type\":\"EntryPoint\",\"urlTemplate\":\"https:\/\/radiojingles24.com\/?s={search_term_string}\"},\"query-input\":{\"@type\":\"PropertyValueSpecification\",\"valueRequired\":true,\"valueName\":\"search_term_string\"}}],\"inLanguage\":\"fr-FR\"},{\"@type\":\"Organization\",\"@id\":\"https:\/\/radiojingles24.com\/#organization\",\"name\":\"Radio Jingles 24\",\"url\":\"https:\/\/radiojingles24.com\/\",\"logo\":{\"@type\":\"ImageObject\",\"inLanguage\":\"fr-FR\",\"@id\":\"https:\/\/radiojingles24.com\/#\/schema\/logo\/image\/\",\"url\":\"https:\/\/radiojingles24.com\/wp-content\/uploads\/2019\/11\/RadioJingle1-1.jpg\",\"contentUrl\":\"https:\/\/radiojingles24.com\/wp-content\/uploads\/2019\/11\/RadioJingle1-1.jpg\",\"width\":512,\"height\":158,\"caption\":\"Radio Jingles 24\"},\"image\":{\"@id\":\"https:\/\/radiojingles24.com\/#\/schema\/logo\/image\/\"},\"sameAs\":[\"https:\/\/www.facebook.com\/radiojingles24\/\",\"https:\/\/x.com\/radiojingles24\"]}]}<\/script>\n<!-- \/ Yoast SEO plugin. -->","yoast_head_json":{"title":"Radio Jingles 24: Radio Jingles | DJ Drops | Podcast Intros | Jingles chant\u00e9s","description":"Radio Jingles, Sung Jingles, DJ Drops et Podcast Intros pour les stations de radio commerciales, communautaires et Internet. Bas\u00e9 au Royaume-Uni. Prix \u00e0 partir de 5 \u00a3. Commander en ligne.","robots":{"index":"index","follow":"follow","max-snippet":"max-snippet:-1","max-image-preview":"max-image-preview:large","max-video-preview":"max-video-preview:-1"},"canonical":"https:\/\/radiojingles24.com\/fr\/require-dj-voiceovers-for-your-show\/","og_locale":"fr_FR","og_type":"article","og_title":"Radio Jingles 24: Radio Jingles | DJ Drops | Podcast Intros | Sung Jingles","og_description":"Radio Jingles, Sung Jingles, DJ Drops, and Podcast Intros for commercial, community and internet radio stations. UK Based. Prices from \u00a35. Order online.","og_url":"https:\/\/radiojingles24.com\/fr\/require-dj-voiceovers-for-your-show\/","og_site_name":"Radio Jingles 24: Radio Jingles | DJ Drops | Podcast Intros | Sung Jingles","article_publisher":"https:\/\/www.facebook.com\/radiojingles24\/","twitter_card":"summary_large_image","twitter_site":"@radiojingles24","twitter_misc":{"Dur\u00e9e de lecture estim\u00e9e":"3 minutes"},"schema":{"@context":"https:\/\/schema.org","@graph":[{"@type":"WebPage","@id":"https:\/\/radiojingles24.com\/it\/require-dj-voiceovers-for-your-show\/","url":"https:\/\/radiojingles24.com\/it\/require-dj-voiceovers-for-your-show\/","name":"Radio Jingles 24: Radio Jingles | DJ Drops | Podcast Intros | Jingles chant\u00e9s","isPartOf":{"@id":"https:\/\/radiojingles24.com\/#website"},"datePublished":"2021-08-06T15:09:12+00:00","description":"Radio Jingles, Sung Jingles, DJ Drops et Podcast Intros pour les stations de radio commerciales, communautaires et Internet. Bas\u00e9 au Royaume-Uni. Prix \u00e0 partir de 5 \u00a3. Commander en ligne.","breadcrumb":{"@id":"https:\/\/radiojingles24.com\/it\/require-dj-voiceovers-for-your-show\/#breadcrumb"},"inLanguage":"fr-FR","potentialAction":[{"@type":"ReadAction","target":["https:\/\/radiojingles24.com\/it\/require-dj-voiceovers-for-your-show\/"]}]},{"@type":"BreadcrumbList","@id":"https:\/\/radiojingles24.com\/it\/require-dj-voiceovers-for-your-show\/#breadcrumb","itemListElement":[{"@type":"ListItem","position":1,"name":"Home","item":"https:\/\/radiojingles24.com\/de\/"},{"@type":"ListItem","position":2,"name":"Require DJ Voiceovers for your Show?"}]},{"@type":"WebSite","@id":"https:\/\/radiojingles24.com\/#website","url":"https:\/\/radiojingles24.com\/","name":"Radio Jingles 24: Radio Jingles | DJ Drops | Podcast Intros | Jingles chant\u00e9s","description":"Radio Jingles, Sung Jingles, DJ Drops et Podcast Intros pour les stations de radio commerciales, communautaires et Internet. Bas\u00e9 au Royaume-Uni. Prix \u00e0 partir de 5 \u00a3. Commander en ligne.","publisher":{"@id":"https:\/\/radiojingles24.com\/#organization"},"potentialAction":[{"@type":"SearchAction","target":{"@type":"EntryPoint","urlTemplate":"https:\/\/radiojingles24.com\/?s={search_term_string}"},"query-input":{"@type":"PropertyValueSpecification","valueRequired":true,"valueName":"search_term_string"}}],"inLanguage":"fr-FR"},{"@type":"Organization","@id":"https:\/\/radiojingles24.com\/#organization","name":"Radio Jingles 24","url":"https:\/\/radiojingles24.com\/","logo":{"@type":"ImageObject","inLanguage":"fr-FR","@id":"https:\/\/radiojingles24.com\/#\/schema\/logo\/image\/","url":"https:\/\/radiojingles24.com\/wp-content\/uploads\/2019\/11\/RadioJingle1-1.jpg","contentUrl":"https:\/\/radiojingles24.com\/wp-content\/uploads\/2019\/11\/RadioJingle1-1.jpg","width":512,"height":158,"caption":"Radio Jingles 24"},"image":{"@id":"https:\/\/radiojingles24.com\/#\/schema\/logo\/image\/"},"sameAs":["https:\/\/www.facebook.com\/radiojingles24\/","https:\/\/x.com\/radiojingles24"]}]}},"jetpack_sharing_enabled":true,"_links":{"self":[{"href":"https:\/\/radiojingles24.com\/fr\/wp-json\/wp\/v2\/pages\/90908","targetHints":{"allow":["GET"]}}],"collection":[{"href":"https:\/\/radiojingles24.com\/fr\/wp-json\/wp\/v2\/pages"}],"about":[{"href":"https:\/\/radiojingles24.com\/fr\/wp-json\/wp\/v2\/types\/page"}],"author":[{"embeddable":true,"href":"https:\/\/radiojingles24.com\/fr\/wp-json\/wp\/v2\/users\/1"}],"replies":[{"embeddable":true,"href":"https:\/\/radiojingles24.com\/fr\/wp-json\/wp\/v2\/comments?post=90908"}],"version-history":[{"count":1,"href":"https:\/\/radiojingles24.com\/fr\/wp-json\/wp\/v2\/pages\/90908\/revisions"}],"predecessor-version":[{"id":90910,"href":"https:\/\/radiojingles24.com\/fr\/wp-json\/wp\/v2\/pages\/90908\/revisions\/90910"}],"wp:attachment":[{"href":"https:\/\/radiojingles24.com\/fr\/wp-json\/wp\/v2\/media?parent=90908"}],"curies":[{"name":"wp","href":"https:\/\/api.w.org\/{rel}","templated":true}]}}