{"id":91492,"date":"2021-10-14T16:05:33","date_gmt":"2021-10-14T16:05:33","guid":{"rendered":"https:\/\/radiojingles24.com\/?page_id=91492"},"modified":"2021-10-14T16:05:33","modified_gmt":"2021-10-14T16:05:33","slug":"trying-to-find-a-professional-jingle-maker-software","status":"publish","type":"page","link":"https:\/\/radiojingles24.com\/fr\/trying-to-find-a-professional-jingle-maker-software\/","title":{"rendered":"Vous essayez de trouver un logiciel professionnel Jingle Maker\u00a0?"},"content":{"rendered":"<div id=\"fws_69ed568663f1e\"  data-midnight=\"dark\"  data-bg-mobile-hidden=\"\" class=\"wpb_row vc_row-fluid vc_row top-level standard_section\"  style=\"padding-top: 0px; padding-bottom: 0px; \"><div class=\"row-bg-wrap\" data-bg-animation=\"none\"><div class=\"inner-wrap\"><div class=\"row-bg\"  style=\"\"><\/div><\/div><div class=\"row-bg-overlay\" ><\/div><\/div><div class=\"col span_12 dark left\">\n\t<div  class=\"vc_col-sm-12 wpb_column column_container vc_column_container col no-extra-padding\"  data-t-w-inherits=\"default\" data-border-radius=\"none\" data-shadow=\"none\" data-border-animation=\"\" data-border-animation-delay=\"\" data-border-width=\"none\" data-border-style=\"solid\" data-border-color=\"\" data-bg-cover=\"\" data-padding-pos=\"all\" data-has-bg-color=\"false\" data-bg-color=\"\" data-bg-opacity=\"1\" data-hover-bg=\"\" data-hover-bg-opacity=\"1\" data-animation=\"\" data-delay=\"0\"><div class=\"column-bg-overlay\"><\/div>\n\t\t<div class=\"vc_column-inner\">\n\t\t\t<div class=\"wpb_wrapper\">\n\t\t\t\t\r\n\t<div class=\"wpb_text_column wpb_content_element\" >\r\n\t\t<div class=\"wpb_wrapper\">\r\n\t\t\t<p><span style=\"font-weight: 400;\">Vous organisez une \u00e9mission de radio ou un podcast et vous avez besoin d&#039;un jingle accrocheur\u00a0? Vous recherchez un logiciel de cr\u00e9ation de jingle\u00a0? Puis <\/span><a href=\"https:\/\/radiojingles24.com\/fr\/\"><span style=\"font-weight: 400;\">Radio Jingles 24<\/span><\/a><span style=\"font-weight: 400;\"> a exactement ce que vous cherchez. Nous produisons des jingles radio, des DJ drops, des jingles chant\u00e9s et des productions commerciales de qualit\u00e9 professionnelle. Nos sp\u00e9cialistes audio peuvent livrer un jingle de premier ordre en seulement 24 heures - nous promettons une r\u00e9ponse rapide \u00e0 votre demande.\u00a0<\/span><\/p>\n<p><span style=\"font-weight: 400;\">Nous r\u00e9alisons de l&#039;audio pour un large \u00e9ventail de clients, notamment des stations de radio communautaires, commerciales et Internet, ainsi que des DJ et des animateurs de podcast. Il existe une grande vari\u00e9t\u00e9 d&#039;options parmi lesquelles choisir, notamment de la musique, des effets sp\u00e9ciaux et des voix off. Notre logiciel de cr\u00e9ation de jingle cr\u00e9era une pi\u00e8ce audio unique qui sonnera fantastique et attirera l&#039;attention de tous vos auditeurs. Pour cr\u00e9er un jingle aujourd&#039;hui, veuillez contacter notre \u00e9quipe via les m\u00e9thodes ci-dessous.\u00a0<\/span><\/p>\n<h2><b>Que pouvez-vous attendre de Radio Jingles 24 ?<\/b><\/h2>\n<p><span style=\"font-weight: 400;\">Si vous avez besoin d&#039;un jingle pour votre \u00e9mission ou votre station, alors notre <\/span><a href=\"https:\/\/radiojingles24.com\/fr\/#voices\"><span style=\"font-weight: 400;\">logiciel de cr\u00e9ation de jingle moderne<\/span><\/a><span style=\"font-weight: 400;\"> est l&#039;option parfaite. Avec notre logiciel, vous serez en mesure de cr\u00e9er un morceau audio sur mesure qui r\u00e9pond \u00e0 toutes vos exigences. Vous pouvez choisir un artiste sp\u00e9cifique, \u00e9crire votre propre script et choisir la dur\u00e9e de votre audio - en fonction de vos besoins. Tout notre audio est enregistr\u00e9 et produit de mani\u00e8re experte dans notre studio \u00e0 la pointe de la technologie. Cela garantit une qualit\u00e9 audio sup\u00e9rieure \u00e0 tout autre service disponible.\u00a0<\/span><\/p>\n<p><span style=\"font-weight: 400;\">Nous pouvons produire vos jingles dans une gamme de formats tels que HQ WAVE, MP3 ou AIFF. Cela vous donne la possibilit\u00e9 de choisir le format de fichier id\u00e9al pour votre projet, votre station ou votre \u00e9mission. Le d\u00e9lai d&#039;ex\u00e9cution de notre logiciel de cr\u00e9ation de jingle est rapide ; nous nous efforcerons de vous envoyer votre audio en moins de 24 heures, et g\u00e9n\u00e9ralement, nous sommes beaucoup plus rapides que cela. Non seulement cela, mais tout l&#039;audio est libre de droits 100%.\u00a0<\/span><\/p>\n<p><span style=\"font-weight: 400;\">De plus, nos jingles de qualit\u00e9 professionnelle peuvent \u00eatre \u00e0 la fois secs ou enti\u00e8rement produits avec des effets sp\u00e9ciaux ou de la musique. Nous vous enverrons les copies dont vous avez besoin, vous offrant plusieurs options pour utiliser votre jingle. Un service client et une exp\u00e9rience de premi\u00e8re classe sont une garantie lorsque vous venez \u00e0 Radio Jingles 24; nous sommes rapides, efficaces et rentables. Pour en savoir plus sur notre logiciel de cr\u00e9ation de jingle, contactez nos experts audio d\u00e8s aujourd&#039;hui.<\/span><\/p>\n<p><b>Contactez-nous pour cr\u00e9er un jingle de haute qualit\u00e9 aujourd&#039;hui<\/b><\/p>\n<p><span style=\"font-weight: 400;\">Radio Jingles 24 peut produire un jingle de premier ordre qui sonne bien. Pour faire une demande sur notre logiciel de cr\u00e9ation de jingle, veuillez nous contacter en remplissant le formulaire en ligne sur la page de contact de notre site Web. Nous r\u00e9pondrons \u00e0 votre message dans les plus brefs d\u00e9lais. Sinon, n&#039;h\u00e9sitez pas \u00e0 nous \u00e9crire \u00e0 : <\/span><a href=\"mailto:info@radiojingles24.com\"><span style=\"font-weight: 400;\">info@radiojingles24.com<\/span><\/a><span style=\"font-weight: 400;\">.<\/span><\/p>\n<p><span style=\"font-weight: 400;\">Si vous pr\u00e9f\u00e9rez parler avec l&#039;un des membres de notre \u00e9quipe, appelez-nous d\u00e8s maintenant au +44 0113 5346686 (Royaume-Uni) ou au +1 (212) 710-1350 (\u00c9tats-Unis). Notre personnel comp\u00e9tent est l\u00e0 pour vous aider \u00e0 r\u00e9pondre \u00e0 toutes vos questions et vous fournir plus de d\u00e9tails sur notre logiciel de cr\u00e9ation de jingle. En attendant, visitez le site Web de Radio Jingles 24 pour en savoir plus sur notre gamme de solutions audio.<\/span><\/p>\n\r\n\t\t<\/div>\r\n\t<\/div>\r\n\n\t\t\t<\/div> \n\t\t<\/div>\n\t<\/div> \n<\/div><\/div>","protected":false},"excerpt":{"rendered":"Vous h\u00e9bergez une \u00e9mission de radio ou un podcast et avez besoin d&#039;un jingle accrocheur\u00a0? Vous recherchez un logiciel de cr\u00e9ation de jingle\u00a0? Alors Radio Jingles 24 a exactement ce que vous cherchez. Nous produisons...","protected":false},"author":1,"featured_media":0,"parent":0,"menu_order":0,"comment_status":"closed","ping_status":"closed","template":"","meta":{"_exactmetrics_skip_tracking":false,"_exactmetrics_sitenote_active":false,"_exactmetrics_sitenote_note":"","_exactmetrics_sitenote_category":0,"footnotes":""},"class_list":["post-91492","page","type-page","status-publish"],"yoast_head":"<!-- This site is optimized with the Yoast SEO plugin v26.8 - https:\/\/yoast.com\/product\/yoast-seo-wordpress\/ -->\n<title>Radio Jingles 24: Radio Jingles | DJ Drops | Podcast Intros | Sung Jingles<\/title>\n<meta name=\"description\" content=\"Radio Jingles, Sung Jingles, DJ Drops, and Podcast Intros for commercial, community and internet radio stations. UK Based. Prices from \u00a35. Order online.\" \/>\n<meta name=\"robots\" content=\"index, follow, max-snippet:-1, max-image-preview:large, max-video-preview:-1\" \/>\n<link rel=\"canonical\" href=\"https:\/\/radiojingles24.com\/fr\/trying-to-find-a-professional-jingle-maker-software\/\" \/>\n<meta property=\"og:locale\" content=\"fr_FR\" \/>\n<meta property=\"og:type\" content=\"article\" \/>\n<meta property=\"og:title\" content=\"Radio Jingles 24: Radio Jingles | DJ Drops | Podcast Intros | Sung Jingles\" \/>\n<meta property=\"og:description\" content=\"Radio Jingles, Sung Jingles, DJ Drops, and Podcast Intros for commercial, community and internet radio stations. UK Based. Prices from \u00a35. Order online.\" \/>\n<meta property=\"og:url\" content=\"https:\/\/radiojingles24.com\/fr\/trying-to-find-a-professional-jingle-maker-software\/\" \/>\n<meta property=\"og:site_name\" content=\"Radio Jingles 24: Radio Jingles | DJ Drops | Podcast Intros | Sung Jingles\" \/>\n<meta property=\"article:publisher\" content=\"https:\/\/www.facebook.com\/radiojingles24\/\" \/>\n<meta name=\"twitter:card\" content=\"summary_large_image\" \/>\n<meta name=\"twitter:site\" content=\"@radiojingles24\" \/>\n<meta name=\"twitter:label1\" content=\"Dur\u00e9e de lecture estim\u00e9e\" \/>\n\t<meta name=\"twitter:data1\" content=\"3 minutes\" \/>\n<script type=\"application\/ld+json\" class=\"yoast-schema-graph\">{\"@context\":\"https:\/\/schema.org\",\"@graph\":[{\"@type\":\"WebPage\",\"@id\":\"https:\/\/radiojingles24.com\/trying-to-find-a-professional-jingle-maker-software\/\",\"url\":\"https:\/\/radiojingles24.com\/trying-to-find-a-professional-jingle-maker-software\/\",\"name\":\"Radio Jingles 24: Radio Jingles | DJ Drops | Podcast Intros | Sung Jingles\",\"isPartOf\":{\"@id\":\"https:\/\/radiojingles24.com\/#website\"},\"datePublished\":\"2021-10-14T16:05:33+00:00\",\"description\":\"Radio Jingles, Sung Jingles, DJ Drops, and Podcast Intros for commercial, community and internet radio stations. UK Based. Prices from \u00a35. Order online.\",\"breadcrumb\":{\"@id\":\"https:\/\/radiojingles24.com\/trying-to-find-a-professional-jingle-maker-software\/#breadcrumb\"},\"inLanguage\":\"fr-FR\",\"potentialAction\":[{\"@type\":\"ReadAction\",\"target\":[\"https:\/\/radiojingles24.com\/trying-to-find-a-professional-jingle-maker-software\/\"]}]},{\"@type\":\"BreadcrumbList\",\"@id\":\"https:\/\/radiojingles24.com\/trying-to-find-a-professional-jingle-maker-software\/#breadcrumb\",\"itemListElement\":[{\"@type\":\"ListItem\",\"position\":1,\"name\":\"Home\",\"item\":\"https:\/\/radiojingles24.com\/de\/\"},{\"@type\":\"ListItem\",\"position\":2,\"name\":\"Trying to Find a Professional Jingle Maker Software?\"}]},{\"@type\":\"WebSite\",\"@id\":\"https:\/\/radiojingles24.com\/#website\",\"url\":\"https:\/\/radiojingles24.com\/\",\"name\":\"Radio Jingles 24: Radio Jingles | DJ Drops | Podcast Intros | Sung Jingles\",\"description\":\"Radio Jingles, Sung Jingles, DJ Drops, and Podcast Intros for commercial, community and internet radio stations. UK Based. Prices from \u00a35. Order online.\",\"publisher\":{\"@id\":\"https:\/\/radiojingles24.com\/#organization\"},\"potentialAction\":[{\"@type\":\"SearchAction\",\"target\":{\"@type\":\"EntryPoint\",\"urlTemplate\":\"https:\/\/radiojingles24.com\/?s={search_term_string}\"},\"query-input\":{\"@type\":\"PropertyValueSpecification\",\"valueRequired\":true,\"valueName\":\"search_term_string\"}}],\"inLanguage\":\"fr-FR\"},{\"@type\":\"Organization\",\"@id\":\"https:\/\/radiojingles24.com\/#organization\",\"name\":\"Radio Jingles 24\",\"url\":\"https:\/\/radiojingles24.com\/\",\"logo\":{\"@type\":\"ImageObject\",\"inLanguage\":\"fr-FR\",\"@id\":\"https:\/\/radiojingles24.com\/#\/schema\/logo\/image\/\",\"url\":\"https:\/\/radiojingles24.com\/wp-content\/uploads\/2019\/11\/RadioJingle1-1.jpg\",\"contentUrl\":\"https:\/\/radiojingles24.com\/wp-content\/uploads\/2019\/11\/RadioJingle1-1.jpg\",\"width\":512,\"height\":158,\"caption\":\"Radio Jingles 24\"},\"image\":{\"@id\":\"https:\/\/radiojingles24.com\/#\/schema\/logo\/image\/\"},\"sameAs\":[\"https:\/\/www.facebook.com\/radiojingles24\/\",\"https:\/\/x.com\/radiojingles24\"]}]}<\/script>\n<!-- \/ Yoast SEO plugin. -->","yoast_head_json":{"title":"Radio Jingles 24: Radio Jingles | DJ Drops | Podcast Intros | Jingles chant\u00e9s","description":"Radio Jingles, Sung Jingles, DJ Drops et Podcast Intros pour les stations de radio commerciales, communautaires et Internet. Bas\u00e9 au Royaume-Uni. Prix \u00e0 partir de 5 \u00a3. Commander en ligne.","robots":{"index":"index","follow":"follow","max-snippet":"max-snippet:-1","max-image-preview":"max-image-preview:large","max-video-preview":"max-video-preview:-1"},"canonical":"https:\/\/radiojingles24.com\/fr\/trying-to-find-a-professional-jingle-maker-software\/","og_locale":"fr_FR","og_type":"article","og_title":"Radio Jingles 24: Radio Jingles | DJ Drops | Podcast Intros | Sung Jingles","og_description":"Radio Jingles, Sung Jingles, DJ Drops, and Podcast Intros for commercial, community and internet radio stations. UK Based. Prices from \u00a35. Order online.","og_url":"https:\/\/radiojingles24.com\/fr\/trying-to-find-a-professional-jingle-maker-software\/","og_site_name":"Radio Jingles 24: Radio Jingles | DJ Drops | Podcast Intros | Sung Jingles","article_publisher":"https:\/\/www.facebook.com\/radiojingles24\/","twitter_card":"summary_large_image","twitter_site":"@radiojingles24","twitter_misc":{"Dur\u00e9e de lecture estim\u00e9e":"3 minutes"},"schema":{"@context":"https:\/\/schema.org","@graph":[{"@type":"WebPage","@id":"https:\/\/radiojingles24.com\/trying-to-find-a-professional-jingle-maker-software\/","url":"https:\/\/radiojingles24.com\/trying-to-find-a-professional-jingle-maker-software\/","name":"Radio Jingles 24: Radio Jingles | DJ Drops | Podcast Intros | Jingles chant\u00e9s","isPartOf":{"@id":"https:\/\/radiojingles24.com\/#website"},"datePublished":"2021-10-14T16:05:33+00:00","description":"Radio Jingles, Sung Jingles, DJ Drops et Podcast Intros pour les stations de radio commerciales, communautaires et Internet. Bas\u00e9 au Royaume-Uni. Prix \u00e0 partir de 5 \u00a3. Commander en ligne.","breadcrumb":{"@id":"https:\/\/radiojingles24.com\/trying-to-find-a-professional-jingle-maker-software\/#breadcrumb"},"inLanguage":"fr-FR","potentialAction":[{"@type":"ReadAction","target":["https:\/\/radiojingles24.com\/trying-to-find-a-professional-jingle-maker-software\/"]}]},{"@type":"BreadcrumbList","@id":"https:\/\/radiojingles24.com\/trying-to-find-a-professional-jingle-maker-software\/#breadcrumb","itemListElement":[{"@type":"ListItem","position":1,"name":"Home","item":"https:\/\/radiojingles24.com\/de\/"},{"@type":"ListItem","position":2,"name":"Trying to Find a Professional Jingle Maker Software?"}]},{"@type":"WebSite","@id":"https:\/\/radiojingles24.com\/#website","url":"https:\/\/radiojingles24.com\/","name":"Radio Jingles 24: Radio Jingles | DJ Drops | Podcast Intros | Jingles chant\u00e9s","description":"Radio Jingles, Sung Jingles, DJ Drops et Podcast Intros pour les stations de radio commerciales, communautaires et Internet. Bas\u00e9 au Royaume-Uni. Prix \u00e0 partir de 5 \u00a3. Commander en ligne.","publisher":{"@id":"https:\/\/radiojingles24.com\/#organization"},"potentialAction":[{"@type":"SearchAction","target":{"@type":"EntryPoint","urlTemplate":"https:\/\/radiojingles24.com\/?s={search_term_string}"},"query-input":{"@type":"PropertyValueSpecification","valueRequired":true,"valueName":"search_term_string"}}],"inLanguage":"fr-FR"},{"@type":"Organization","@id":"https:\/\/radiojingles24.com\/#organization","name":"Radio Jingles 24","url":"https:\/\/radiojingles24.com\/","logo":{"@type":"ImageObject","inLanguage":"fr-FR","@id":"https:\/\/radiojingles24.com\/#\/schema\/logo\/image\/","url":"https:\/\/radiojingles24.com\/wp-content\/uploads\/2019\/11\/RadioJingle1-1.jpg","contentUrl":"https:\/\/radiojingles24.com\/wp-content\/uploads\/2019\/11\/RadioJingle1-1.jpg","width":512,"height":158,"caption":"Radio Jingles 24"},"image":{"@id":"https:\/\/radiojingles24.com\/#\/schema\/logo\/image\/"},"sameAs":["https:\/\/www.facebook.com\/radiojingles24\/","https:\/\/x.com\/radiojingles24"]}]}},"jetpack_sharing_enabled":true,"_links":{"self":[{"href":"https:\/\/radiojingles24.com\/fr\/wp-json\/wp\/v2\/pages\/91492","targetHints":{"allow":["GET"]}}],"collection":[{"href":"https:\/\/radiojingles24.com\/fr\/wp-json\/wp\/v2\/pages"}],"about":[{"href":"https:\/\/radiojingles24.com\/fr\/wp-json\/wp\/v2\/types\/page"}],"author":[{"embeddable":true,"href":"https:\/\/radiojingles24.com\/fr\/wp-json\/wp\/v2\/users\/1"}],"replies":[{"embeddable":true,"href":"https:\/\/radiojingles24.com\/fr\/wp-json\/wp\/v2\/comments?post=91492"}],"version-history":[{"count":1,"href":"https:\/\/radiojingles24.com\/fr\/wp-json\/wp\/v2\/pages\/91492\/revisions"}],"predecessor-version":[{"id":91494,"href":"https:\/\/radiojingles24.com\/fr\/wp-json\/wp\/v2\/pages\/91492\/revisions\/91494"}],"wp:attachment":[{"href":"https:\/\/radiojingles24.com\/fr\/wp-json\/wp\/v2\/media?parent=91492"}],"curies":[{"name":"wp","href":"https:\/\/api.w.org\/{rel}","templated":true}]}}