{"id":91713,"date":"2021-11-04T16:05:40","date_gmt":"2021-11-04T16:05:40","guid":{"rendered":"https:\/\/radiojingles24.com\/?page_id=91713"},"modified":"2021-11-04T16:05:40","modified_gmt":"2021-11-04T16:05:40","slug":"trying-to-find-professional-dj-jingle-maker-software","status":"publish","type":"page","link":"https:\/\/radiojingles24.com\/fr\/trying-to-find-professional-dj-jingle-maker-software\/","title":{"rendered":"Trying to Find Professional DJ Jingle Maker Software?"},"content":{"rendered":"<div id=\"fws_69e3e6514124f\"  data-midnight=\"dark\"  data-bg-mobile-hidden=\"\" class=\"wpb_row vc_row-fluid vc_row top-level standard_section\"  style=\"padding-top: 0px; padding-bottom: 0px; \"><div class=\"row-bg-wrap\" data-bg-animation=\"none\"><div class=\"inner-wrap\"><div class=\"row-bg\"  style=\"\"><\/div><\/div><div class=\"row-bg-overlay\" ><\/div><\/div><div class=\"col span_12 dark left\">\n\t<div  class=\"vc_col-sm-12 wpb_column column_container vc_column_container col no-extra-padding\"  data-t-w-inherits=\"default\" data-border-radius=\"none\" data-shadow=\"none\" data-border-animation=\"\" data-border-animation-delay=\"\" data-border-width=\"none\" data-border-style=\"solid\" data-border-color=\"\" data-bg-cover=\"\" data-padding-pos=\"all\" data-has-bg-color=\"false\" data-bg-color=\"\" data-bg-opacity=\"1\" data-hover-bg=\"\" data-hover-bg-opacity=\"1\" data-animation=\"\" data-delay=\"0\"><div class=\"column-bg-overlay\"><\/div>\n\t\t<div class=\"vc_column-inner\">\n\t\t\t<div class=\"wpb_wrapper\">\n\t\t\t\t\r\n\t<div class=\"wpb_text_column wpb_content_element\" >\r\n\t\t<div class=\"wpb_wrapper\">\r\n\t\t\t<p><span style=\"font-weight: 400;\">\u00cates-vous \u00e0 la recherche d&#039;un logiciel de cr\u00e9ation de jingle DJ professionnel ? Alors vous \u00eates au bon endroit. Bienvenue \u00e0 <\/span><a href=\"https:\/\/radiojingles24.com\/fr\/\"><span style=\"font-weight: 400;\">Radio Jingles 24<\/span><\/a><span style=\"font-weight: 400;\">, nous pouvons cr\u00e9er un jingle DJ de haute qualit\u00e9 pour votre \u00e9mission de radio, podcast ou DJ set. Notre \u00e9quipe est sp\u00e9cialis\u00e9e dans la production d&#039;audio rapide, simple et de premier ordre, y compris des jungles radio, des DJ drops, des productions commerciales et des jingles chant\u00e9s.\u00a0<\/span><\/p>\n<p><span style=\"font-weight: 400;\">Que vous animiez une \u00e9mission de radio hebdomadaire sur une radio communautaire ou que vous choisissiez les morceaux en tant que DJ dans un club local, Radio Jingles 24 peut vous fournir un son in\u00e9gal\u00e9 enregistr\u00e9 par les principaux artistes de la voix off. Nous avons travaill\u00e9 avec un certain nombre de clients de premier plan, notamment Global, Radio X, Cash Converters et plus encore.\u00a0<\/span><\/p>\n<p>&nbsp;<\/p>\n<p><span style=\"font-weight: 400;\">Quels que soient vos besoins ou exigences audio DJ individuels, nous pouvons vous fournir un son de qualit\u00e9 sup\u00e9rieure qui attire les auditeurs et incite le public \u00e0 revenir \u00e0 votre \u00e9mission. Visitez notre site Web pour en savoir plus sur notre logiciel DJ jingle maker d\u00e8s aujourd&#039;hui.\u00a0<\/span><\/p>\n<p>&nbsp;<\/p>\n<p><b>Large gamme d&#039;options audio DJ<\/b><\/p>\n<p>&nbsp;<\/p>\n<p><span style=\"font-weight: 400;\">Ici \u00e0 Radio Jingles 24, nous cr\u00e9ons un son in\u00e9gal\u00e9 en utilisant notre propre <\/span><a href=\"https:\/\/radiojingles24.com\/fr\/produit\/essential-dj-pack\/\"><span style=\"font-weight: 400;\">Logiciel de cr\u00e9ation de jingle DJ<\/span><\/a><span style=\"font-weight: 400;\">. Si vous \u00eates DJ dans une station ou un club local, nous pouvons cr\u00e9er et produire un jingle qui sonne superbement et fait passer votre spectacle au niveau sup\u00e9rieur. Notre pack DJ essentiel comprend \u00e9galement 3x DJ drops avec effets vocaux. Nous vous enverrons \u00e9galement les copies s\u00e8ches de ceux-ci - en additionnant pour vous fournir un total de 6 fichiers audio.\u00a0<\/span><\/p>\n<p>&nbsp;<\/p>\n<p><span style=\"font-weight: 400;\">Avec des prix commen\u00e7ant \u00e0 seulement 25,00 \u00a3, notre logiciel de cr\u00e9ation de jingles DJ est d&#039;un rapport qualit\u00e9-prix exceptionnel. Il existe un certain nombre d&#039;artistes voix off disponibles, y compris des options masculines et f\u00e9minines. Nous pouvons enregistrer un jingle DJ selon vos besoins. Par exemple, vous pouvez choisir votre propre script pour notre artiste voix off, ainsi que nous donner des instructions sp\u00e9ciales.\u00a0<\/span><\/p>\n<p>&nbsp;<\/p>\n<p><span style=\"font-weight: 400;\">Notre logiciel DJ Jingle maker fournit de l&#039;audio dans un certain nombre de formats de fichiers diff\u00e9rents. Ceux-ci incluent MP3, WAVE et AIFF. Nous visons \u00e0 livrer tous les jingles audio DJ dans un d\u00e9lai maximum de 24 heures. En r\u00e8gle g\u00e9n\u00e9rale, nous sommes en mesure de livrer votre audio en quelques heures et si vous en avez besoin encore plus rapidement, ce n&#039;est pas un probl\u00e8me pour notre \u00e9quipe. Appelez-nous d\u00e8s aujourd&#039;hui pour discuter plus en d\u00e9tail de nos forfaits de jingle DJ.\u00a0<\/span><\/p>\n<p>&nbsp;<\/p>\n<p><b>Discutez de vos besoins audio avec nos experts<\/b><\/p>\n<p>&nbsp;<\/p>\n<p><span style=\"font-weight: 400;\">Si vous avez \u00e9t\u00e9 \u00e0 la recherche d&#039;un logiciel de cr\u00e9ation de jingle DJ et que vous souhaitez en savoir plus sur Radio Jingles 24, contactez-nous. Envoyez-nous un message via le formulaire en ligne sur la page de contact de notre site Web, et nous vous contacterons pour discuter plus en d\u00e9tail des besoins de votre projet. Vous pouvez \u00e9galement nous envoyer un e-mail \u00e0 <\/span><a href=\"mailto:info@radiojingles24.com\"><span style=\"font-weight: 400;\">info@radiojingles24.com<\/span><\/a><span style=\"font-weight: 400;\">.<\/span><\/p>\n<p><span style=\"font-weight: 400;\">Si vous pr\u00e9f\u00e9rez nous appeler, n&#039;h\u00e9sitez pas \u00e0 appeler le +44 0113 5346686 (Royaume-Uni) ou le +1 (212) 710-1350 (\u00c9tats-Unis). Nous pouvons r\u00e9pondre \u00e0 toutes vos questions, vous fournir plus d&#039;informations sur nos solutions de jingle DJ et discuter de votre projet. Visitez le site Web de Radio Jingles 24 pour en savoir plus sur tous nos services.<\/span><\/p>\n\r\n\t\t<\/div>\r\n\t<\/div>\r\n\n\t\t\t<\/div> \n\t\t<\/div>\n\t<\/div> \n<\/div><\/div>","protected":false},"excerpt":{"rendered":"Are you searching for professional DJ jingle maker software? Then you have come to the right place. Welcome to Radio Jingles 24, we can create a high-quality DJ jingle for...","protected":false},"author":1,"featured_media":0,"parent":0,"menu_order":0,"comment_status":"closed","ping_status":"closed","template":"","meta":{"_exactmetrics_skip_tracking":false,"_exactmetrics_sitenote_active":false,"_exactmetrics_sitenote_note":"","_exactmetrics_sitenote_category":0,"footnotes":""},"class_list":["post-91713","page","type-page","status-publish"],"yoast_head":"<!-- This site is optimized with the Yoast SEO plugin v26.8 - https:\/\/yoast.com\/product\/yoast-seo-wordpress\/ -->\n<title>Radio Jingles 24: Radio Jingles | DJ Drops | Podcast Intros | Sung Jingles<\/title>\n<meta name=\"description\" content=\"Radio Jingles, Sung Jingles, DJ Drops, and Podcast Intros for commercial, community and internet radio stations. UK Based. Prices from \u00a35. Order online.\" \/>\n<meta name=\"robots\" content=\"index, follow, max-snippet:-1, max-image-preview:large, max-video-preview:-1\" \/>\n<link rel=\"canonical\" href=\"https:\/\/radiojingles24.com\/fr\/trying-to-find-professional-dj-jingle-maker-software\/\" \/>\n<meta property=\"og:locale\" content=\"fr_FR\" \/>\n<meta property=\"og:type\" content=\"article\" \/>\n<meta property=\"og:title\" content=\"Radio Jingles 24: Radio Jingles | DJ Drops | Podcast Intros | Sung Jingles\" \/>\n<meta property=\"og:description\" content=\"Radio Jingles, Sung Jingles, DJ Drops, and Podcast Intros for commercial, community and internet radio stations. UK Based. Prices from \u00a35. Order online.\" \/>\n<meta property=\"og:url\" content=\"https:\/\/radiojingles24.com\/fr\/trying-to-find-professional-dj-jingle-maker-software\/\" \/>\n<meta property=\"og:site_name\" content=\"Radio Jingles 24: Radio Jingles | DJ Drops | Podcast Intros | Sung Jingles\" \/>\n<meta property=\"article:publisher\" content=\"https:\/\/www.facebook.com\/radiojingles24\/\" \/>\n<meta name=\"twitter:card\" content=\"summary_large_image\" \/>\n<meta name=\"twitter:site\" content=\"@radiojingles24\" \/>\n<meta name=\"twitter:label1\" content=\"Dur\u00e9e de lecture estim\u00e9e\" \/>\n\t<meta name=\"twitter:data1\" content=\"3 minutes\" \/>\n<script type=\"application\/ld+json\" class=\"yoast-schema-graph\">{\"@context\":\"https:\/\/schema.org\",\"@graph\":[{\"@type\":\"WebPage\",\"@id\":\"https:\/\/radiojingles24.com\/es\/trying-to-find-professional-dj-jingle-maker-software\/\",\"url\":\"https:\/\/radiojingles24.com\/es\/trying-to-find-professional-dj-jingle-maker-software\/\",\"name\":\"Radio Jingles 24: Radio Jingles | DJ Drops | Podcast Intros | Sung Jingles\",\"isPartOf\":{\"@id\":\"https:\/\/radiojingles24.com\/#website\"},\"datePublished\":\"2021-11-04T16:05:40+00:00\",\"description\":\"Radio Jingles, Sung Jingles, DJ Drops, and Podcast Intros for commercial, community and internet radio stations. UK Based. Prices from \u00a35. Order online.\",\"breadcrumb\":{\"@id\":\"https:\/\/radiojingles24.com\/es\/trying-to-find-professional-dj-jingle-maker-software\/#breadcrumb\"},\"inLanguage\":\"fr-FR\",\"potentialAction\":[{\"@type\":\"ReadAction\",\"target\":[\"https:\/\/radiojingles24.com\/es\/trying-to-find-professional-dj-jingle-maker-software\/\"]}]},{\"@type\":\"BreadcrumbList\",\"@id\":\"https:\/\/radiojingles24.com\/es\/trying-to-find-professional-dj-jingle-maker-software\/#breadcrumb\",\"itemListElement\":[{\"@type\":\"ListItem\",\"position\":1,\"name\":\"Home\",\"item\":\"https:\/\/radiojingles24.com\/de\/\"},{\"@type\":\"ListItem\",\"position\":2,\"name\":\"Trying to Find Professional DJ Jingle Maker Software?\"}]},{\"@type\":\"WebSite\",\"@id\":\"https:\/\/radiojingles24.com\/#website\",\"url\":\"https:\/\/radiojingles24.com\/\",\"name\":\"Radio Jingles 24: Radio Jingles | DJ Drops | Podcast Intros | Sung Jingles\",\"description\":\"Radio Jingles, Sung Jingles, DJ Drops, and Podcast Intros for commercial, community and internet radio stations. UK Based. Prices from \u00a35. Order online.\",\"publisher\":{\"@id\":\"https:\/\/radiojingles24.com\/#organization\"},\"potentialAction\":[{\"@type\":\"SearchAction\",\"target\":{\"@type\":\"EntryPoint\",\"urlTemplate\":\"https:\/\/radiojingles24.com\/?s={search_term_string}\"},\"query-input\":{\"@type\":\"PropertyValueSpecification\",\"valueRequired\":true,\"valueName\":\"search_term_string\"}}],\"inLanguage\":\"fr-FR\"},{\"@type\":\"Organization\",\"@id\":\"https:\/\/radiojingles24.com\/#organization\",\"name\":\"Radio Jingles 24\",\"url\":\"https:\/\/radiojingles24.com\/\",\"logo\":{\"@type\":\"ImageObject\",\"inLanguage\":\"fr-FR\",\"@id\":\"https:\/\/radiojingles24.com\/#\/schema\/logo\/image\/\",\"url\":\"https:\/\/radiojingles24.com\/wp-content\/uploads\/2019\/11\/RadioJingle1-1.jpg\",\"contentUrl\":\"https:\/\/radiojingles24.com\/wp-content\/uploads\/2019\/11\/RadioJingle1-1.jpg\",\"width\":512,\"height\":158,\"caption\":\"Radio Jingles 24\"},\"image\":{\"@id\":\"https:\/\/radiojingles24.com\/#\/schema\/logo\/image\/\"},\"sameAs\":[\"https:\/\/www.facebook.com\/radiojingles24\/\",\"https:\/\/x.com\/radiojingles24\"]}]}<\/script>\n<!-- \/ Yoast SEO plugin. -->","yoast_head_json":{"title":"Radio Jingles 24: Radio Jingles | DJ Drops | Podcast Intros | Jingles chant\u00e9s","description":"Radio Jingles, Sung Jingles, DJ Drops et Podcast Intros pour les stations de radio commerciales, communautaires et Internet. Bas\u00e9 au Royaume-Uni. Prix \u00e0 partir de 5 \u00a3. Commander en ligne.","robots":{"index":"index","follow":"follow","max-snippet":"max-snippet:-1","max-image-preview":"max-image-preview:large","max-video-preview":"max-video-preview:-1"},"canonical":"https:\/\/radiojingles24.com\/fr\/trying-to-find-professional-dj-jingle-maker-software\/","og_locale":"fr_FR","og_type":"article","og_title":"Radio Jingles 24: Radio Jingles | DJ Drops | Podcast Intros | Sung Jingles","og_description":"Radio Jingles, Sung Jingles, DJ Drops, and Podcast Intros for commercial, community and internet radio stations. UK Based. Prices from \u00a35. Order online.","og_url":"https:\/\/radiojingles24.com\/fr\/trying-to-find-professional-dj-jingle-maker-software\/","og_site_name":"Radio Jingles 24: Radio Jingles | DJ Drops | Podcast Intros | Sung Jingles","article_publisher":"https:\/\/www.facebook.com\/radiojingles24\/","twitter_card":"summary_large_image","twitter_site":"@radiojingles24","twitter_misc":{"Dur\u00e9e de lecture estim\u00e9e":"3 minutes"},"schema":{"@context":"https:\/\/schema.org","@graph":[{"@type":"WebPage","@id":"https:\/\/radiojingles24.com\/es\/trying-to-find-professional-dj-jingle-maker-software\/","url":"https:\/\/radiojingles24.com\/es\/trying-to-find-professional-dj-jingle-maker-software\/","name":"Radio Jingles 24: Radio Jingles | DJ Drops | Podcast Intros | Jingles chant\u00e9s","isPartOf":{"@id":"https:\/\/radiojingles24.com\/#website"},"datePublished":"2021-11-04T16:05:40+00:00","description":"Radio Jingles, Sung Jingles, DJ Drops et Podcast Intros pour les stations de radio commerciales, communautaires et Internet. Bas\u00e9 au Royaume-Uni. Prix \u00e0 partir de 5 \u00a3. Commander en ligne.","breadcrumb":{"@id":"https:\/\/radiojingles24.com\/es\/trying-to-find-professional-dj-jingle-maker-software\/#breadcrumb"},"inLanguage":"fr-FR","potentialAction":[{"@type":"ReadAction","target":["https:\/\/radiojingles24.com\/es\/trying-to-find-professional-dj-jingle-maker-software\/"]}]},{"@type":"BreadcrumbList","@id":"https:\/\/radiojingles24.com\/es\/trying-to-find-professional-dj-jingle-maker-software\/#breadcrumb","itemListElement":[{"@type":"ListItem","position":1,"name":"Home","item":"https:\/\/radiojingles24.com\/de\/"},{"@type":"ListItem","position":2,"name":"Trying to Find Professional DJ Jingle Maker Software?"}]},{"@type":"WebSite","@id":"https:\/\/radiojingles24.com\/#website","url":"https:\/\/radiojingles24.com\/","name":"Radio Jingles 24: Radio Jingles | DJ Drops | Podcast Intros | Jingles chant\u00e9s","description":"Radio Jingles, Sung Jingles, DJ Drops et Podcast Intros pour les stations de radio commerciales, communautaires et Internet. Bas\u00e9 au Royaume-Uni. Prix \u00e0 partir de 5 \u00a3. Commander en ligne.","publisher":{"@id":"https:\/\/radiojingles24.com\/#organization"},"potentialAction":[{"@type":"SearchAction","target":{"@type":"EntryPoint","urlTemplate":"https:\/\/radiojingles24.com\/?s={search_term_string}"},"query-input":{"@type":"PropertyValueSpecification","valueRequired":true,"valueName":"search_term_string"}}],"inLanguage":"fr-FR"},{"@type":"Organization","@id":"https:\/\/radiojingles24.com\/#organization","name":"Radio Jingles 24","url":"https:\/\/radiojingles24.com\/","logo":{"@type":"ImageObject","inLanguage":"fr-FR","@id":"https:\/\/radiojingles24.com\/#\/schema\/logo\/image\/","url":"https:\/\/radiojingles24.com\/wp-content\/uploads\/2019\/11\/RadioJingle1-1.jpg","contentUrl":"https:\/\/radiojingles24.com\/wp-content\/uploads\/2019\/11\/RadioJingle1-1.jpg","width":512,"height":158,"caption":"Radio Jingles 24"},"image":{"@id":"https:\/\/radiojingles24.com\/#\/schema\/logo\/image\/"},"sameAs":["https:\/\/www.facebook.com\/radiojingles24\/","https:\/\/x.com\/radiojingles24"]}]}},"jetpack_sharing_enabled":true,"_links":{"self":[{"href":"https:\/\/radiojingles24.com\/fr\/wp-json\/wp\/v2\/pages\/91713","targetHints":{"allow":["GET"]}}],"collection":[{"href":"https:\/\/radiojingles24.com\/fr\/wp-json\/wp\/v2\/pages"}],"about":[{"href":"https:\/\/radiojingles24.com\/fr\/wp-json\/wp\/v2\/types\/page"}],"author":[{"embeddable":true,"href":"https:\/\/radiojingles24.com\/fr\/wp-json\/wp\/v2\/users\/1"}],"replies":[{"embeddable":true,"href":"https:\/\/radiojingles24.com\/fr\/wp-json\/wp\/v2\/comments?post=91713"}],"version-history":[{"count":1,"href":"https:\/\/radiojingles24.com\/fr\/wp-json\/wp\/v2\/pages\/91713\/revisions"}],"predecessor-version":[{"id":91715,"href":"https:\/\/radiojingles24.com\/fr\/wp-json\/wp\/v2\/pages\/91713\/revisions\/91715"}],"wp:attachment":[{"href":"https:\/\/radiojingles24.com\/fr\/wp-json\/wp\/v2\/media?parent=91713"}],"curies":[{"name":"wp","href":"https:\/\/api.w.org\/{rel}","templated":true}]}}