{"id":92382,"date":"2022-01-19T11:20:32","date_gmt":"2022-01-19T11:20:32","guid":{"rendered":"https:\/\/radiojingles24.com\/?page_id=92382"},"modified":"2022-01-19T11:20:32","modified_gmt":"2022-01-19T11:20:32","slug":"are-you-looking-to-buy-jingles","status":"publish","type":"page","link":"https:\/\/radiojingles24.com\/fr\/are-you-looking-to-buy-jingles\/","title":{"rendered":"Vous cherchez \u00e0 acheter des jingles ?"},"content":{"rendered":"<div id=\"fws_69d569ff7faef\"  data-midnight=\"dark\"  data-bg-mobile-hidden=\"\" class=\"wpb_row vc_row-fluid vc_row top-level standard_section\"  style=\"padding-top: 0px; padding-bottom: 0px; \"><div class=\"row-bg-wrap\" data-bg-animation=\"none\"><div class=\"inner-wrap\"><div class=\"row-bg\"  style=\"\"><\/div><\/div><div class=\"row-bg-overlay\" ><\/div><\/div><div class=\"col span_12 dark left\">\n\t<div  class=\"vc_col-sm-12 wpb_column column_container vc_column_container col no-extra-padding\"  data-t-w-inherits=\"default\" data-border-radius=\"none\" data-shadow=\"none\" data-border-animation=\"\" data-border-animation-delay=\"\" data-border-width=\"none\" data-border-style=\"solid\" data-border-color=\"\" data-bg-cover=\"\" data-padding-pos=\"all\" data-has-bg-color=\"false\" data-bg-color=\"\" data-bg-opacity=\"1\" data-hover-bg=\"\" data-hover-bg-opacity=\"1\" data-animation=\"\" data-delay=\"0\"><div class=\"column-bg-overlay\"><\/div>\n\t\t<div class=\"vc_column-inner\">\n\t\t\t<div class=\"wpb_wrapper\">\n\t\t\t\t\r\n\t<div class=\"wpb_text_column wpb_content_element\" >\r\n\t\t<div class=\"wpb_wrapper\">\r\n\t\t\t<p><span style=\"font-weight: 400;\">Avez-vous r\u00e9cemment lanc\u00e9 votre propre station de radio ou avez-vous besoin de nouveau contenu et cherchez-vous \u00e0 acheter des jingles ? Alors vous \u00eates au bon endroit. Bienvenue \u00e0 <\/span><a href=\"https:\/\/radiojingles24.com\/fr\/\"><span style=\"font-weight: 400;\">Radio Jingles 24<\/span><\/a><span style=\"font-weight: 400;\">, nous sommes une soci\u00e9t\u00e9 de production d&#039;images bas\u00e9e au Royaume-Uni avec plus de 10 ans d&#039;exp\u00e9rience dans l&#039;industrie.\u00a0<\/span><\/p>\n<p>&nbsp;<\/p>\n<p><span style=\"font-weight: 400;\">Cette exp\u00e9rience au fil des ans nous a permis de d\u00e9velopper et de reconcevoir nos produits, de sorte que nous avons enfin trouv\u00e9 quelque chose qui convient \u00e0 toutes les exigences et qui peut \u00e9galement suivre les tendances en constante \u00e9volution. En tant qu&#039;entreprise, nous proposons des jingles pour toutes sortes d&#039;aspects cr\u00e9atifs au sein de l&#039;industrie, allant des jingles de DJ radio, des jingles de podcast et des jingles de production commerciale, pour n&#039;en nommer que quelques-uns.\u00a0<\/span><\/p>\n<p>&nbsp;<\/p>\n<p><b>En regardant nos services\u00a0<\/b><\/p>\n<p>&nbsp;<\/p>\n<p><span style=\"font-weight: 400;\">Lorsque vous cherchez \u00e0 acheter des jingles, il est crucial que vous sachiez exactement ce que vous recherchez, pour la cat\u00e9gorie dans laquelle vous cherchez \u00e0 cr\u00e9er. Par exemple, nous proposons une gamme de sons et de jingles que vous pouvez acheter pour les podcasts, les radios et DJs, il y a donc forc\u00e9ment une option pour vous.<\/span><\/p>\n<p><span style=\"font-weight: 400;\"><br \/>\n<\/span><span style=\"font-weight: 400;\">Si vous cherchez \u00e0 acheter des jingles pour votre podcast que vous venez de cr\u00e9er, ou que vous venez peut-\u00eatre de commencer \u00e0 diffuser, alors notre <\/span><a href=\"https:\/\/radiojingles24.com\/fr\/produit\/podcastpackvol1\/\"><span style=\"font-weight: 400;\">pack de podcasts vol.1<\/span><\/a><span style=\"font-weight: 400;\"> sera l&#039;option id\u00e9ale pour vous. Dans ce pack, vous avez la possibilit\u00e9 de choisir parmi une vari\u00e9t\u00e9 de nos voix populaires. C&#039;est id\u00e9al pour ceux qui d\u00e9butent et qui peuvent avoir besoin d&#039;id\u00e9es sur le contenu futur, ou qui peuvent avoir besoin d&#039;aide pour savoir quoi publier et comment changer leur podcast par rapport \u00e0 leur contenu habituel.\u00a0<\/span><\/p>\n<p>&nbsp;<\/p>\n<p><span style=\"font-weight: 400;\">Ces jingles particuliers que vous pouvez acheter sont des phrases tr\u00e8s utiles, elles vont de &quot;bienvenue \u00e0 nouveau&quot;, jusqu&#039;\u00e0 &quot;l&#039;invit\u00e9 sp\u00e9cial de cette semaine est&quot;, donc peu importe le son dont vous avez besoin, nous aurons le bon pour vous . Ensuite, nous avons notre pack de podcasts d&#039;intro et d&#039;outro, qui, lorsque vous achetez les jingles, viendra \u00e9galement avec une vari\u00e9t\u00e9 de choix.\u00a0<\/span><\/p>\n<p>&nbsp;<\/p>\n<p><span style=\"font-weight: 400;\">Dans ce pack, vous choisissez parmi une gamme de voix off pr\u00e9enregistr\u00e9es, vous donnant la possibilit\u00e9 d&#039;\u00e9couter un certain nombre de tonalit\u00e9s et de voir celle qui vous convient le mieux. Ensuite, une fois cette d\u00e9cision prise, vous pouvez cr\u00e9er votre propre script adapt\u00e9 \u00e0 votre contenu et \u00e0 votre public - en le personnalisant enti\u00e8rement.<\/span><\/p>\n<p>&nbsp;<\/p>\n<p><b>Voudriez vous plus d&#039;informations?<\/b><\/p>\n<p>&nbsp;<\/p>\n<p><span style=\"font-weight: 400;\">Chez Radio Jingles 24, nous croyons en la satisfaction de nos clients et viserons toujours \u00e0 d\u00e9passer vos attentes. Nous produirons tous les jingles r\u00e9alis\u00e9s dans les 24 heures. Nous pensons que l&#039;achat de jingles devrait \u00eatre un processus passionnant et le d\u00e9but d&#039;un nouveau d\u00e9bouch\u00e9 cr\u00e9atif, plut\u00f4t qu&#039;un processus dans lequel vous devez attendre que quelque chose commence.<\/span><\/p>\n<p><span style=\"font-weight: 400;\">Si vous souhaitez plus d&#039;informations sur la fa\u00e7on d&#039;acheter des jingles, n&#039;h\u00e9sitez pas \u00e0 visiter notre site Web \u00e0 <\/span><a href=\"http:\/\/radiojingles24.com\/fr\/\"><span style=\"font-weight: 400;\">radiojingles24.com<\/span><\/a><span style=\"font-weight: 400;\"> ou, vous pouvez t\u00e9l\u00e9phoner \u00e0 un membre de notre \u00e9quipe d\u00e8s aujourd&#039;hui au +44 (0) 113 5346686 pour le Royaume-Uni ou au +1 (212) 710-1350 pour les \u00c9tats-Unis.<\/span><\/p>\n\r\n\t\t<\/div>\r\n\t<\/div>\r\n\n\t\t\t<\/div> \n\t\t<\/div>\n\t<\/div> \n<\/div><\/div>","protected":false},"excerpt":{"rendered":"Avez-vous r\u00e9cemment lanc\u00e9 votre propre station de radio ou avez-vous besoin de nouveau contenu et cherchez-vous \u00e0 acheter des jingles ? Alors vous \u00eates venu \u00e0 droite...","protected":false},"author":1,"featured_media":0,"parent":0,"menu_order":0,"comment_status":"closed","ping_status":"closed","template":"","meta":{"_exactmetrics_skip_tracking":false,"_exactmetrics_sitenote_active":false,"_exactmetrics_sitenote_note":"","_exactmetrics_sitenote_category":0,"footnotes":""},"class_list":["post-92382","page","type-page","status-publish"],"yoast_head":"<!-- This site is optimized with the Yoast SEO plugin v26.8 - https:\/\/yoast.com\/product\/yoast-seo-wordpress\/ -->\n<title>Radio Jingles 24: Radio Jingles | DJ Drops | Podcast Intros | Sung Jingles<\/title>\n<meta name=\"description\" content=\"Radio Jingles, Sung Jingles, DJ Drops, and Podcast Intros for commercial, community and internet radio stations. UK Based. Prices from \u00a35. Order online.\" \/>\n<meta name=\"robots\" content=\"index, follow, max-snippet:-1, max-image-preview:large, max-video-preview:-1\" \/>\n<link rel=\"canonical\" href=\"https:\/\/radiojingles24.com\/fr\/are-you-looking-to-buy-jingles\/\" \/>\n<meta property=\"og:locale\" content=\"fr_FR\" \/>\n<meta property=\"og:type\" content=\"article\" \/>\n<meta property=\"og:title\" content=\"Radio Jingles 24: Radio Jingles | DJ Drops | Podcast Intros | Sung Jingles\" \/>\n<meta property=\"og:description\" content=\"Radio Jingles, Sung Jingles, DJ Drops, and Podcast Intros for commercial, community and internet radio stations. UK Based. Prices from \u00a35. Order online.\" \/>\n<meta property=\"og:url\" content=\"https:\/\/radiojingles24.com\/fr\/are-you-looking-to-buy-jingles\/\" \/>\n<meta property=\"og:site_name\" content=\"Radio Jingles 24: Radio Jingles | DJ Drops | Podcast Intros | Sung Jingles\" \/>\n<meta property=\"article:publisher\" content=\"https:\/\/www.facebook.com\/radiojingles24\/\" \/>\n<meta name=\"twitter:card\" content=\"summary_large_image\" \/>\n<meta name=\"twitter:site\" content=\"@radiojingles24\" \/>\n<meta name=\"twitter:label1\" content=\"Dur\u00e9e de lecture estim\u00e9e\" \/>\n\t<meta name=\"twitter:data1\" content=\"3 minutes\" \/>\n<script type=\"application\/ld+json\" class=\"yoast-schema-graph\">{\"@context\":\"https:\/\/schema.org\",\"@graph\":[{\"@type\":\"WebPage\",\"@id\":\"https:\/\/radiojingles24.com\/are-you-looking-to-buy-jingles\/\",\"url\":\"https:\/\/radiojingles24.com\/are-you-looking-to-buy-jingles\/\",\"name\":\"Radio Jingles 24: Radio Jingles | DJ Drops | Podcast Intros | Sung Jingles\",\"isPartOf\":{\"@id\":\"https:\/\/radiojingles24.com\/#website\"},\"datePublished\":\"2022-01-19T11:20:32+00:00\",\"description\":\"Radio Jingles, Sung Jingles, DJ Drops, and Podcast Intros for commercial, community and internet radio stations. UK Based. Prices from \u00a35. Order online.\",\"breadcrumb\":{\"@id\":\"https:\/\/radiojingles24.com\/are-you-looking-to-buy-jingles\/#breadcrumb\"},\"inLanguage\":\"fr-FR\",\"potentialAction\":[{\"@type\":\"ReadAction\",\"target\":[\"https:\/\/radiojingles24.com\/are-you-looking-to-buy-jingles\/\"]}]},{\"@type\":\"BreadcrumbList\",\"@id\":\"https:\/\/radiojingles24.com\/are-you-looking-to-buy-jingles\/#breadcrumb\",\"itemListElement\":[{\"@type\":\"ListItem\",\"position\":1,\"name\":\"Home\",\"item\":\"https:\/\/radiojingles24.com\/de\/\"},{\"@type\":\"ListItem\",\"position\":2,\"name\":\"Are you Looking to Buy Jingles?\"}]},{\"@type\":\"WebSite\",\"@id\":\"https:\/\/radiojingles24.com\/#website\",\"url\":\"https:\/\/radiojingles24.com\/\",\"name\":\"Radio Jingles 24: Radio Jingles | DJ Drops | Podcast Intros | Sung Jingles\",\"description\":\"Radio Jingles, Sung Jingles, DJ Drops, and Podcast Intros for commercial, community and internet radio stations. UK Based. Prices from \u00a35. Order online.\",\"publisher\":{\"@id\":\"https:\/\/radiojingles24.com\/#organization\"},\"potentialAction\":[{\"@type\":\"SearchAction\",\"target\":{\"@type\":\"EntryPoint\",\"urlTemplate\":\"https:\/\/radiojingles24.com\/?s={search_term_string}\"},\"query-input\":{\"@type\":\"PropertyValueSpecification\",\"valueRequired\":true,\"valueName\":\"search_term_string\"}}],\"inLanguage\":\"fr-FR\"},{\"@type\":\"Organization\",\"@id\":\"https:\/\/radiojingles24.com\/#organization\",\"name\":\"Radio Jingles 24\",\"url\":\"https:\/\/radiojingles24.com\/\",\"logo\":{\"@type\":\"ImageObject\",\"inLanguage\":\"fr-FR\",\"@id\":\"https:\/\/radiojingles24.com\/#\/schema\/logo\/image\/\",\"url\":\"https:\/\/radiojingles24.com\/wp-content\/uploads\/2019\/11\/RadioJingle1-1.jpg\",\"contentUrl\":\"https:\/\/radiojingles24.com\/wp-content\/uploads\/2019\/11\/RadioJingle1-1.jpg\",\"width\":512,\"height\":158,\"caption\":\"Radio Jingles 24\"},\"image\":{\"@id\":\"https:\/\/radiojingles24.com\/#\/schema\/logo\/image\/\"},\"sameAs\":[\"https:\/\/www.facebook.com\/radiojingles24\/\",\"https:\/\/x.com\/radiojingles24\"]}]}<\/script>\n<!-- \/ Yoast SEO plugin. -->","yoast_head_json":{"title":"Radio Jingles 24: Radio Jingles | DJ Drops | Podcast Intros | Jingles chant\u00e9s","description":"Radio Jingles, Sung Jingles, DJ Drops et Podcast Intros pour les stations de radio commerciales, communautaires et Internet. Bas\u00e9 au Royaume-Uni. Prix \u00e0 partir de 5 \u00a3. Commander en ligne.","robots":{"index":"index","follow":"follow","max-snippet":"max-snippet:-1","max-image-preview":"max-image-preview:large","max-video-preview":"max-video-preview:-1"},"canonical":"https:\/\/radiojingles24.com\/fr\/are-you-looking-to-buy-jingles\/","og_locale":"fr_FR","og_type":"article","og_title":"Radio Jingles 24: Radio Jingles | DJ Drops | Podcast Intros | Sung Jingles","og_description":"Radio Jingles, Sung Jingles, DJ Drops, and Podcast Intros for commercial, community and internet radio stations. UK Based. Prices from \u00a35. Order online.","og_url":"https:\/\/radiojingles24.com\/fr\/are-you-looking-to-buy-jingles\/","og_site_name":"Radio Jingles 24: Radio Jingles | DJ Drops | Podcast Intros | Sung Jingles","article_publisher":"https:\/\/www.facebook.com\/radiojingles24\/","twitter_card":"summary_large_image","twitter_site":"@radiojingles24","twitter_misc":{"Dur\u00e9e de lecture estim\u00e9e":"3 minutes"},"schema":{"@context":"https:\/\/schema.org","@graph":[{"@type":"WebPage","@id":"https:\/\/radiojingles24.com\/are-you-looking-to-buy-jingles\/","url":"https:\/\/radiojingles24.com\/are-you-looking-to-buy-jingles\/","name":"Radio Jingles 24: Radio Jingles | DJ Drops | Podcast Intros | Jingles chant\u00e9s","isPartOf":{"@id":"https:\/\/radiojingles24.com\/#website"},"datePublished":"2022-01-19T11:20:32+00:00","description":"Radio Jingles, Sung Jingles, DJ Drops et Podcast Intros pour les stations de radio commerciales, communautaires et Internet. Bas\u00e9 au Royaume-Uni. Prix \u00e0 partir de 5 \u00a3. Commander en ligne.","breadcrumb":{"@id":"https:\/\/radiojingles24.com\/are-you-looking-to-buy-jingles\/#breadcrumb"},"inLanguage":"fr-FR","potentialAction":[{"@type":"ReadAction","target":["https:\/\/radiojingles24.com\/are-you-looking-to-buy-jingles\/"]}]},{"@type":"BreadcrumbList","@id":"https:\/\/radiojingles24.com\/are-you-looking-to-buy-jingles\/#breadcrumb","itemListElement":[{"@type":"ListItem","position":1,"name":"Home","item":"https:\/\/radiojingles24.com\/de\/"},{"@type":"ListItem","position":2,"name":"Are you Looking to Buy Jingles?"}]},{"@type":"WebSite","@id":"https:\/\/radiojingles24.com\/#website","url":"https:\/\/radiojingles24.com\/","name":"Radio Jingles 24: Radio Jingles | DJ Drops | Podcast Intros | Jingles chant\u00e9s","description":"Radio Jingles, Sung Jingles, DJ Drops et Podcast Intros pour les stations de radio commerciales, communautaires et Internet. Bas\u00e9 au Royaume-Uni. Prix \u00e0 partir de 5 \u00a3. Commander en ligne.","publisher":{"@id":"https:\/\/radiojingles24.com\/#organization"},"potentialAction":[{"@type":"SearchAction","target":{"@type":"EntryPoint","urlTemplate":"https:\/\/radiojingles24.com\/?s={search_term_string}"},"query-input":{"@type":"PropertyValueSpecification","valueRequired":true,"valueName":"search_term_string"}}],"inLanguage":"fr-FR"},{"@type":"Organization","@id":"https:\/\/radiojingles24.com\/#organization","name":"Radio Jingles 24","url":"https:\/\/radiojingles24.com\/","logo":{"@type":"ImageObject","inLanguage":"fr-FR","@id":"https:\/\/radiojingles24.com\/#\/schema\/logo\/image\/","url":"https:\/\/radiojingles24.com\/wp-content\/uploads\/2019\/11\/RadioJingle1-1.jpg","contentUrl":"https:\/\/radiojingles24.com\/wp-content\/uploads\/2019\/11\/RadioJingle1-1.jpg","width":512,"height":158,"caption":"Radio Jingles 24"},"image":{"@id":"https:\/\/radiojingles24.com\/#\/schema\/logo\/image\/"},"sameAs":["https:\/\/www.facebook.com\/radiojingles24\/","https:\/\/x.com\/radiojingles24"]}]}},"jetpack_sharing_enabled":true,"_links":{"self":[{"href":"https:\/\/radiojingles24.com\/fr\/wp-json\/wp\/v2\/pages\/92382","targetHints":{"allow":["GET"]}}],"collection":[{"href":"https:\/\/radiojingles24.com\/fr\/wp-json\/wp\/v2\/pages"}],"about":[{"href":"https:\/\/radiojingles24.com\/fr\/wp-json\/wp\/v2\/types\/page"}],"author":[{"embeddable":true,"href":"https:\/\/radiojingles24.com\/fr\/wp-json\/wp\/v2\/users\/1"}],"replies":[{"embeddable":true,"href":"https:\/\/radiojingles24.com\/fr\/wp-json\/wp\/v2\/comments?post=92382"}],"version-history":[{"count":1,"href":"https:\/\/radiojingles24.com\/fr\/wp-json\/wp\/v2\/pages\/92382\/revisions"}],"predecessor-version":[{"id":92385,"href":"https:\/\/radiojingles24.com\/fr\/wp-json\/wp\/v2\/pages\/92382\/revisions\/92385"}],"wp:attachment":[{"href":"https:\/\/radiojingles24.com\/fr\/wp-json\/wp\/v2\/media?parent=92382"}],"curies":[{"name":"wp","href":"https:\/\/api.w.org\/{rel}","templated":true}]}}