{"id":92503,"date":"2022-02-01T13:46:46","date_gmt":"2022-02-01T13:46:46","guid":{"rendered":"https:\/\/radiojingles24.com\/?page_id=92503"},"modified":"2022-02-01T13:46:46","modified_gmt":"2022-02-01T13:46:46","slug":"are-you-looking-for-voice-over-agents-in-london","status":"publish","type":"page","link":"https:\/\/radiojingles24.com\/fr\/are-you-looking-for-voice-over-agents-in-london\/","title":{"rendered":"\u00cates-vous \u00e0 la recherche d&#039;agents de voix off \u00e0 Londres\u00a0?"},"content":{"rendered":"<div id=\"fws_69d63e4bd1879\"  data-midnight=\"dark\"  data-bg-mobile-hidden=\"\" class=\"wpb_row vc_row-fluid vc_row top-level standard_section\"  style=\"padding-top: 0px; padding-bottom: 0px; \"><div class=\"row-bg-wrap\" data-bg-animation=\"none\"><div class=\"inner-wrap\"><div class=\"row-bg\"  style=\"\"><\/div><\/div><div class=\"row-bg-overlay\" ><\/div><\/div><div class=\"col span_12 dark left\">\n\t<div  class=\"vc_col-sm-12 wpb_column column_container vc_column_container col no-extra-padding\"  data-t-w-inherits=\"default\" data-border-radius=\"none\" data-shadow=\"none\" data-border-animation=\"\" data-border-animation-delay=\"\" data-border-width=\"none\" data-border-style=\"solid\" data-border-color=\"\" data-bg-cover=\"\" data-padding-pos=\"all\" data-has-bg-color=\"false\" data-bg-color=\"\" data-bg-opacity=\"1\" data-hover-bg=\"\" data-hover-bg-opacity=\"1\" data-animation=\"\" data-delay=\"0\"><div class=\"column-bg-overlay\"><\/div>\n\t\t<div class=\"vc_column-inner\">\n\t\t\t<div class=\"wpb_wrapper\">\n\t\t\t\t\r\n\t<div class=\"wpb_text_column wpb_content_element\" >\r\n\t\t<div class=\"wpb_wrapper\">\r\n\t\t\t<p><span style=\"font-weight: 400;\">Vous cherchez \u00e0 vous d\u00e9marquer de la foule lorsqu&#039;il s&#039;agit de faire conna\u00eetre votre marque? Peut-\u00eatre avez-vous besoin d&#039;une nouvelle voix pour votre station de radio ? Ici \u00e0 <\/span><a href=\"https:\/\/radiojingles24.com\/fr\/\"><span style=\"font-weight: 400;\">Radio Jingles 24<\/span><\/a><span style=\"font-weight: 400;\"> nous avons l&#039;exp\u00e9rience et les connaissances n\u00e9cessaires lors de la cr\u00e9ation et de la production de jingles pour l&#039;imagerie des stations de radio, de jingles radio chant\u00e9s, de publicit\u00e9s et de publicit\u00e9s, de podcasts audio et de DJ drops depuis plus de 10 ans. Nos services s&#039;adressent \u00e0 tous ceux qui ont besoin d&#039;une voix off professionnelle rapide et unique, que ce soit pour les radios commerciales, communautaires et internet, les radios DJ ou encore les podcasteurs.\u00a0<\/span><\/p>\n<h2><b>Pourquoi choisir Radio Jingles 24 comme Voice Over Agents \u00e0 Londres ?<\/b><\/h2>\n<p><span style=\"font-weight: 400;\">Contrairement \u00e0 nos concurrents, nous produisons des jingles et des voix off abordables et sur mesure qui seront compl\u00e9t\u00e9s et vous seront livr\u00e9s dans les 24 heures; parfait pour les demandes de derni\u00e8re minute. Notre vaste catalogue de musique et d&#039;effets libres de droits garantit un son exceptionnel et vous permet de vous d\u00e9marquer des autres annonceurs de votre secteur. Chez Radio Jingles 24 peut vous proposer une s\u00e9lection des meilleurs talents du moment, o\u00f9 vous pourrez ensuite choisir lequel de <\/span><a href=\"https:\/\/radiojingles24.com\/fr\/#voices\"><span style=\"font-weight: 400;\">nos voix off<\/span><\/a><span style=\"font-weight: 400;\"> vous pensez convenir le mieux \u00e0 votre projet.\u00a0<\/span><\/p>\n<p><span style=\"font-weight: 400;\">Nous suivons un processus simple qui ne n\u00e9cessite que peu d&#039;interventions de votre part ; afin que nous ne prenions pas trop de temps dans votre journ\u00e9e. Vous aurez la possibilit\u00e9 de choisir des d\u00e9tails sp\u00e9cifiques sur le style de jingle ou de voix off que vous recherchez. A ce stade, vous pourrez \u00e9galement envoyer un script ; que ce soit pour un enregistrement de 10 secondes utilisant 20 \u00e0 25 mots, jusqu&#039;\u00e0 une minute compl\u00e8te utilisant 120 \u00e0 150 mots, nous sommes en mesure de r\u00e9pondre \u00e0 vos demandes.\u00a0<\/span><\/p>\n<p><span style=\"font-weight: 400;\">Nous enregistrerons ensuite votre voix ici dans notre studio en utilisant le haut-parleur ou le chanteur que vous avez choisi et le sc\u00e9nario que vous nous avez fourni, suivi d&#039;un montage adapt\u00e9 \u00e0 vos sp\u00e9cifications et de la production compl\u00e8te finale pour ma\u00eetriser votre jingle.<\/span><\/p>\n<p><span style=\"font-weight: 400;\">Enfin, nous vous livrerons votre produit fini sous forme de fichier HQ WAVE, MP3 ou AIFF, 100% libre de droits, le tout dans les 24 heures suivant votre consultation initiale ! Que demander de plus \u00e0 un agent voix off \u00e0 Londres ? Simple, non ? Nous sommes fiers de notre processus rapide et facile et, gr\u00e2ce \u00e0 notre exp\u00e9rience, nous avons constat\u00e9 que nos clients sont toujours pleinement satisfaits de notre travail ; nous sommes donc s\u00fbrs que vous allez adorer ce que nous avons en r\u00e9serve pour vous.<\/span><\/p>\n<p><b>Pr\u00eat \u00e0 commencer?<\/b><\/p>\n<p><span style=\"font-weight: 400;\">Si vous aimez le son de ce que nous avons \u00e0 offrir ici \u00e0 Radio Jingles 24 ou si vous avez un d\u00e9fi \u00e0 nous proposer qui ne figure peut-\u00eatre pas sur notre site Web ? Nous aimerions vraiment en savoir plus. Tu peux <\/span><a href=\"https:\/\/radiojingles24.com\/fr\/contact-us\/\"><span style=\"font-weight: 400;\">contactez-nous aujourd&#039;hui<\/span><\/a><span style=\"font-weight: 400;\"> via notre formulaire de messagerie disponible sur notre site Web pour plus d&#039;informations sur nos services existants ou sur mesure.\u00a0<\/span><\/p>\n<p><span style=\"font-weight: 400;\">Nous vous invitons \u00e9galement \u00e0 nous appeler au +44 (0) 113 5346686 si vous appelez du Royaume-Uni, ou composez le +1 (212) 710-1350 si vous vous connectez avec nous depuis les \u00c9tats-Unis. Alternativement, vous pouvez nous envoyer un courriel \u00e0 <\/span><a href=\"mailto:info@radiojingles24.com\"><span style=\"font-weight: 400;\">info@radiojingles24.com<\/span><\/a><span style=\"font-weight: 400;\"> o\u00f9 un membre de notre \u00e9quipe pourra r\u00e9pondre \u00e0 toutes vos questions ou requ\u00eates concernant notre entreprise et les services qui vous sont propos\u00e9s.\u00a0<\/span><\/p>\n\r\n\t\t<\/div>\r\n\t<\/div>\r\n\n\t\t\t<\/div> \n\t\t<\/div>\n\t<\/div> \n<\/div><\/div>","protected":false},"excerpt":{"rendered":"Vous cherchez \u00e0 vous d\u00e9marquer de la foule lorsqu&#039;il s&#039;agit de faire conna\u00eetre votre marque? Peut-\u00eatre avez-vous besoin d&#039;une nouvelle voix pour votre station de radio ? Ici \u00e0 Radio Jingles...","protected":false},"author":1,"featured_media":0,"parent":0,"menu_order":0,"comment_status":"closed","ping_status":"closed","template":"","meta":{"_exactmetrics_skip_tracking":false,"_exactmetrics_sitenote_active":false,"_exactmetrics_sitenote_note":"","_exactmetrics_sitenote_category":0,"footnotes":""},"class_list":["post-92503","page","type-page","status-publish"],"yoast_head":"<!-- This site is optimized with the Yoast SEO plugin v26.8 - https:\/\/yoast.com\/product\/yoast-seo-wordpress\/ -->\n<title>Radio Jingles 24: Radio Jingles | DJ Drops | Podcast Intros | Sung Jingles<\/title>\n<meta name=\"description\" content=\"Radio Jingles, Sung Jingles, DJ Drops, and Podcast Intros for commercial, community and internet radio stations. UK Based. Prices from \u00a35. Order online.\" \/>\n<meta name=\"robots\" content=\"index, follow, max-snippet:-1, max-image-preview:large, max-video-preview:-1\" \/>\n<link rel=\"canonical\" href=\"https:\/\/radiojingles24.com\/fr\/are-you-looking-for-voice-over-agents-in-london\/\" \/>\n<meta property=\"og:locale\" content=\"fr_FR\" \/>\n<meta property=\"og:type\" content=\"article\" \/>\n<meta property=\"og:title\" content=\"Radio Jingles 24: Radio Jingles | DJ Drops | Podcast Intros | Sung Jingles\" \/>\n<meta property=\"og:description\" content=\"Radio Jingles, Sung Jingles, DJ Drops, and Podcast Intros for commercial, community and internet radio stations. UK Based. Prices from \u00a35. Order online.\" \/>\n<meta property=\"og:url\" content=\"https:\/\/radiojingles24.com\/fr\/are-you-looking-for-voice-over-agents-in-london\/\" \/>\n<meta property=\"og:site_name\" content=\"Radio Jingles 24: Radio Jingles | DJ Drops | Podcast Intros | Sung Jingles\" \/>\n<meta property=\"article:publisher\" content=\"https:\/\/www.facebook.com\/radiojingles24\/\" \/>\n<meta name=\"twitter:card\" content=\"summary_large_image\" \/>\n<meta name=\"twitter:site\" content=\"@radiojingles24\" \/>\n<meta name=\"twitter:label1\" content=\"Dur\u00e9e de lecture estim\u00e9e\" \/>\n\t<meta name=\"twitter:data1\" content=\"3 minutes\" \/>\n<script type=\"application\/ld+json\" class=\"yoast-schema-graph\">{\"@context\":\"https:\/\/schema.org\",\"@graph\":[{\"@type\":\"WebPage\",\"@id\":\"https:\/\/radiojingles24.com\/de\/are-you-looking-for-voice-over-agents-in-london\/\",\"url\":\"https:\/\/radiojingles24.com\/de\/are-you-looking-for-voice-over-agents-in-london\/\",\"name\":\"Radio Jingles 24: Radio Jingles | DJ Drops | Podcast Intros | Sung Jingles\",\"isPartOf\":{\"@id\":\"https:\/\/radiojingles24.com\/#website\"},\"datePublished\":\"2022-02-01T13:46:46+00:00\",\"description\":\"Radio Jingles, Sung Jingles, DJ Drops, and Podcast Intros for commercial, community and internet radio stations. UK Based. Prices from \u00a35. Order online.\",\"breadcrumb\":{\"@id\":\"https:\/\/radiojingles24.com\/de\/are-you-looking-for-voice-over-agents-in-london\/#breadcrumb\"},\"inLanguage\":\"fr-FR\",\"potentialAction\":[{\"@type\":\"ReadAction\",\"target\":[\"https:\/\/radiojingles24.com\/de\/are-you-looking-for-voice-over-agents-in-london\/\"]}]},{\"@type\":\"BreadcrumbList\",\"@id\":\"https:\/\/radiojingles24.com\/de\/are-you-looking-for-voice-over-agents-in-london\/#breadcrumb\",\"itemListElement\":[{\"@type\":\"ListItem\",\"position\":1,\"name\":\"Home\",\"item\":\"https:\/\/radiojingles24.com\/de\/\"},{\"@type\":\"ListItem\",\"position\":2,\"name\":\"Are you Looking for Voice Over Agents in London?\"}]},{\"@type\":\"WebSite\",\"@id\":\"https:\/\/radiojingles24.com\/#website\",\"url\":\"https:\/\/radiojingles24.com\/\",\"name\":\"Radio Jingles 24: Radio Jingles | DJ Drops | Podcast Intros | Sung Jingles\",\"description\":\"Radio Jingles, Sung Jingles, DJ Drops, and Podcast Intros for commercial, community and internet radio stations. UK Based. Prices from \u00a35. Order online.\",\"publisher\":{\"@id\":\"https:\/\/radiojingles24.com\/#organization\"},\"potentialAction\":[{\"@type\":\"SearchAction\",\"target\":{\"@type\":\"EntryPoint\",\"urlTemplate\":\"https:\/\/radiojingles24.com\/?s={search_term_string}\"},\"query-input\":{\"@type\":\"PropertyValueSpecification\",\"valueRequired\":true,\"valueName\":\"search_term_string\"}}],\"inLanguage\":\"fr-FR\"},{\"@type\":\"Organization\",\"@id\":\"https:\/\/radiojingles24.com\/#organization\",\"name\":\"Radio Jingles 24\",\"url\":\"https:\/\/radiojingles24.com\/\",\"logo\":{\"@type\":\"ImageObject\",\"inLanguage\":\"fr-FR\",\"@id\":\"https:\/\/radiojingles24.com\/#\/schema\/logo\/image\/\",\"url\":\"https:\/\/radiojingles24.com\/wp-content\/uploads\/2019\/11\/RadioJingle1-1.jpg\",\"contentUrl\":\"https:\/\/radiojingles24.com\/wp-content\/uploads\/2019\/11\/RadioJingle1-1.jpg\",\"width\":512,\"height\":158,\"caption\":\"Radio Jingles 24\"},\"image\":{\"@id\":\"https:\/\/radiojingles24.com\/#\/schema\/logo\/image\/\"},\"sameAs\":[\"https:\/\/www.facebook.com\/radiojingles24\/\",\"https:\/\/x.com\/radiojingles24\"]}]}<\/script>\n<!-- \/ Yoast SEO plugin. -->","yoast_head_json":{"title":"Radio Jingles 24: Radio Jingles | DJ Drops | Podcast Intros | Jingles chant\u00e9s","description":"Radio Jingles, Sung Jingles, DJ Drops et Podcast Intros pour les stations de radio commerciales, communautaires et Internet. Bas\u00e9 au Royaume-Uni. Prix \u00e0 partir de 5 \u00a3. Commander en ligne.","robots":{"index":"index","follow":"follow","max-snippet":"max-snippet:-1","max-image-preview":"max-image-preview:large","max-video-preview":"max-video-preview:-1"},"canonical":"https:\/\/radiojingles24.com\/fr\/are-you-looking-for-voice-over-agents-in-london\/","og_locale":"fr_FR","og_type":"article","og_title":"Radio Jingles 24: Radio Jingles | DJ Drops | Podcast Intros | Sung Jingles","og_description":"Radio Jingles, Sung Jingles, DJ Drops, and Podcast Intros for commercial, community and internet radio stations. UK Based. Prices from \u00a35. Order online.","og_url":"https:\/\/radiojingles24.com\/fr\/are-you-looking-for-voice-over-agents-in-london\/","og_site_name":"Radio Jingles 24: Radio Jingles | DJ Drops | Podcast Intros | Sung Jingles","article_publisher":"https:\/\/www.facebook.com\/radiojingles24\/","twitter_card":"summary_large_image","twitter_site":"@radiojingles24","twitter_misc":{"Dur\u00e9e de lecture estim\u00e9e":"3 minutes"},"schema":{"@context":"https:\/\/schema.org","@graph":[{"@type":"WebPage","@id":"https:\/\/radiojingles24.com\/de\/are-you-looking-for-voice-over-agents-in-london\/","url":"https:\/\/radiojingles24.com\/de\/are-you-looking-for-voice-over-agents-in-london\/","name":"Radio Jingles 24: Radio Jingles | DJ Drops | Podcast Intros | Jingles chant\u00e9s","isPartOf":{"@id":"https:\/\/radiojingles24.com\/#website"},"datePublished":"2022-02-01T13:46:46+00:00","description":"Radio Jingles, Sung Jingles, DJ Drops et Podcast Intros pour les stations de radio commerciales, communautaires et Internet. Bas\u00e9 au Royaume-Uni. Prix \u00e0 partir de 5 \u00a3. Commander en ligne.","breadcrumb":{"@id":"https:\/\/radiojingles24.com\/de\/are-you-looking-for-voice-over-agents-in-london\/#breadcrumb"},"inLanguage":"fr-FR","potentialAction":[{"@type":"ReadAction","target":["https:\/\/radiojingles24.com\/de\/are-you-looking-for-voice-over-agents-in-london\/"]}]},{"@type":"BreadcrumbList","@id":"https:\/\/radiojingles24.com\/de\/are-you-looking-for-voice-over-agents-in-london\/#breadcrumb","itemListElement":[{"@type":"ListItem","position":1,"name":"Home","item":"https:\/\/radiojingles24.com\/de\/"},{"@type":"ListItem","position":2,"name":"Are you Looking for Voice Over Agents in London?"}]},{"@type":"WebSite","@id":"https:\/\/radiojingles24.com\/#website","url":"https:\/\/radiojingles24.com\/","name":"Radio Jingles 24: Radio Jingles | DJ Drops | Podcast Intros | Jingles chant\u00e9s","description":"Radio Jingles, Sung Jingles, DJ Drops et Podcast Intros pour les stations de radio commerciales, communautaires et Internet. Bas\u00e9 au Royaume-Uni. Prix \u00e0 partir de 5 \u00a3. Commander en ligne.","publisher":{"@id":"https:\/\/radiojingles24.com\/#organization"},"potentialAction":[{"@type":"SearchAction","target":{"@type":"EntryPoint","urlTemplate":"https:\/\/radiojingles24.com\/?s={search_term_string}"},"query-input":{"@type":"PropertyValueSpecification","valueRequired":true,"valueName":"search_term_string"}}],"inLanguage":"fr-FR"},{"@type":"Organization","@id":"https:\/\/radiojingles24.com\/#organization","name":"Radio Jingles 24","url":"https:\/\/radiojingles24.com\/","logo":{"@type":"ImageObject","inLanguage":"fr-FR","@id":"https:\/\/radiojingles24.com\/#\/schema\/logo\/image\/","url":"https:\/\/radiojingles24.com\/wp-content\/uploads\/2019\/11\/RadioJingle1-1.jpg","contentUrl":"https:\/\/radiojingles24.com\/wp-content\/uploads\/2019\/11\/RadioJingle1-1.jpg","width":512,"height":158,"caption":"Radio Jingles 24"},"image":{"@id":"https:\/\/radiojingles24.com\/#\/schema\/logo\/image\/"},"sameAs":["https:\/\/www.facebook.com\/radiojingles24\/","https:\/\/x.com\/radiojingles24"]}]}},"jetpack_sharing_enabled":true,"_links":{"self":[{"href":"https:\/\/radiojingles24.com\/fr\/wp-json\/wp\/v2\/pages\/92503","targetHints":{"allow":["GET"]}}],"collection":[{"href":"https:\/\/radiojingles24.com\/fr\/wp-json\/wp\/v2\/pages"}],"about":[{"href":"https:\/\/radiojingles24.com\/fr\/wp-json\/wp\/v2\/types\/page"}],"author":[{"embeddable":true,"href":"https:\/\/radiojingles24.com\/fr\/wp-json\/wp\/v2\/users\/1"}],"replies":[{"embeddable":true,"href":"https:\/\/radiojingles24.com\/fr\/wp-json\/wp\/v2\/comments?post=92503"}],"version-history":[{"count":1,"href":"https:\/\/radiojingles24.com\/fr\/wp-json\/wp\/v2\/pages\/92503\/revisions"}],"predecessor-version":[{"id":92507,"href":"https:\/\/radiojingles24.com\/fr\/wp-json\/wp\/v2\/pages\/92503\/revisions\/92507"}],"wp:attachment":[{"href":"https:\/\/radiojingles24.com\/fr\/wp-json\/wp\/v2\/media?parent=92503"}],"curies":[{"name":"wp","href":"https:\/\/api.w.org\/{rel}","templated":true}]}}