{"id":93747,"date":"2022-03-21T11:58:23","date_gmt":"2022-03-21T11:58:23","guid":{"rendered":"https:\/\/radiojingles24.com\/?page_id=93747"},"modified":"2022-06-03T12:00:02","modified_gmt":"2022-06-03T12:00:02","slug":"jingle-for-a-podcast","status":"publish","type":"page","link":"https:\/\/radiojingles24.com\/fr\/jingle-for-a-podcast\/","title":{"rendered":"Vous voulez savoir comment cr\u00e9er un jingle pour un podcast\u00a0?"},"content":{"rendered":"<div id=\"fws_69d69be14c2b4\"  data-midnight=\"dark\"  data-bg-mobile-hidden=\"\" class=\"wpb_row vc_row-fluid vc_row top-level standard_section\"  style=\"padding-top: 0px; padding-bottom: 0px; \"><div class=\"row-bg-wrap\" data-bg-animation=\"none\"><div class=\"inner-wrap\"><div class=\"row-bg\"  style=\"\"><\/div><\/div><div class=\"row-bg-overlay\" ><\/div><\/div><div class=\"col span_12 dark left\">\n\t<div  class=\"vc_col-sm-12 wpb_column column_container vc_column_container col no-extra-padding\"  data-t-w-inherits=\"default\" data-border-radius=\"none\" data-shadow=\"none\" data-border-animation=\"\" data-border-animation-delay=\"\" data-border-width=\"none\" data-border-style=\"solid\" data-border-color=\"\" data-bg-cover=\"\" data-padding-pos=\"all\" data-has-bg-color=\"false\" data-bg-color=\"\" data-bg-opacity=\"1\" data-hover-bg=\"\" data-hover-bg-opacity=\"1\" data-animation=\"\" data-delay=\"0\"><div class=\"column-bg-overlay\"><\/div>\n\t\t<div class=\"vc_column-inner\">\n\t\t\t<div class=\"wpb_wrapper\">\n\t\t\t\t\r\n\t<div class=\"wpb_text_column wpb_content_element\" >\r\n\t\t<div class=\"wpb_wrapper\">\r\n\t\t\t<p><span style=\"font-weight: 400;\">Vous lancez un nouveau podcast ? Peut-\u00eatre souhaitez-vous mettre \u00e0 jour votre introduction de podcast existante en ajoutant un jingle standard professionnel\u00a0? Eh bien, ici \u00e0 <\/span><a href=\"https:\/\/radiojingles24.com\/fr\/\"><span style=\"font-weight: 400;\">Radio Jingles 24<\/span><\/a><span style=\"font-weight: 400;\"> nous avons ce qu&#039;il vous faut avec notre cr\u00e9ateur de jingles sur mesure simple mais efficace\u00a0; et cela ne prend que 24 heures pour cr\u00e9er. Au cours des 10 derni\u00e8res ann\u00e9es, notre \u00e9quipe d&#039;experts a cherch\u00e9 haut et bas la meilleure solution facile \u00e0 utiliser pour les clients et les entreprises autonomes qui veulent savoir comment cr\u00e9er un jingle pour un podcast et il est s\u00fbr de dire que nous avons enfin l&#039;a trouv\u00e9. Cr\u00e9ez votre propre jingle aujourd&#039;hui en seulement 5 minutes en utilisant <\/span><strong><a href=\"https:\/\/radiojingles24.com\/fr\/produit\/spoken-audio\/\">notre g\u00e9n\u00e9rateur de jingle<\/a><\/strong><span style=\"font-weight: 400;\"> sur notre site Internet.<\/span><\/p>\n<p>&nbsp;<\/p>\n<p><b>Rendez votre podcast m\u00e9morable<\/b><\/p>\n<p>&nbsp;<\/p>\n<p><span style=\"font-weight: 400;\">Alors, vous voulez savoir comment cr\u00e9er un jingle pour un podcast ? Commen\u00e7ons par la premi\u00e8re \u00e9tape. Vous cherchez un jingle parl\u00e9 ou chant\u00e9 ? Heureusement, nous avons une grande vari\u00e9t\u00e9 de voix ; \u00e0 la fois <\/span><a href=\"https:\/\/radiojingles24.com\/fr\/#voices\"><span style=\"font-weight: 400;\"><strong>orateurs et chanteurs<\/strong><\/span><\/a><span style=\"font-weight: 400;\">, qui, nous en sommes s\u00fbrs, conviendra parfaitement \u00e0 votre podcast. Selon la voix que vous avez choisie, vous pouvez vous attendre \u00e0 payer entre 5 et 20\u00a0\u00a3\u00a0; cela augmentera au fur et \u00e0 mesure que vous progresserez dans le processus de g\u00e9n\u00e9ration.\u00a0<\/span><\/p>\n<p>&nbsp;<\/p>\n<p><span style=\"font-weight: 400;\">Une fois que vous \u00eates satisfait de votre voix, on vous demandera un script, c&#039;est exactement ce que vous aimeriez \u00eatre <\/span><a href=\"https:\/\/radiojingles24.com\/fr\/produit\/spoken-audio\/\"><span style=\"font-weight: 400;\"><strong>parl\u00e9<\/strong><\/span><\/a><span style=\"font-weight: 400;\"> ou alors <\/span><strong><a href=\"https:\/\/radiojingles24.com\/fr\/produit\/sung-audio\/\">chant\u00e9<\/a><\/strong><span style=\"font-weight: 400;\"> pendant le jingle; encore une fois, le prix d\u00e9pend du nombre de mots que vous souhaitez utiliser et nous ajusterons le prix ajout\u00e9 en cons\u00e9quence. \u00c0 ce stade, vous avez \u00e9galement la possibilit\u00e9 de nous fournir des d\u00e9tails suppl\u00e9mentaires, tels que des conseils sur la prononciation des mots ou l&#039;accent mis sur des mots particuliers.\u00a0<\/span><\/p>\n<p>&nbsp;<\/p>\n<p><span style=\"font-weight: 400;\">Apr\u00e8s cela, vous pouvez ensuite ajouter la production. Vous voyez comment votre jingle se met en place\u00a0? \u00c0 ce stade, vous pouvez ajouter de la musique, des effets vocaux ou des effets sonores pour former votre audio pour un prix de seulement 4,50 \u00a3. Enfin, indiquez-nous dans quel format vous souhaitez recevoir votre jingle complet\u00a0; que ce soit au format MP3, WAVE ou AIFF, laissez-nous le reste. Simple. Vous n&#039;\u00eates pas s\u00fbr d&#039;\u00eatre pr\u00eat \u00e0 poursuivre ce processus\u00a0? Pourquoi ne pas v\u00e9rifier <\/span><strong><a href=\"https:\/\/radiojingles24.com\/fr\/categorie-produit\/podcast-intro\/\">nos forfaits podcasts<\/a><\/strong><span style=\"font-weight: 400;\"> pour plus d&#039;inspiration.<\/span><\/p>\n<p>&nbsp;<\/p>\n<p><b>Cr\u00e9ez votre podcast Jingle en 4 \u00e9tapes faciles<\/b><\/p>\n<p>&nbsp;<\/p>\n<p><span style=\"font-weight: 400;\">La cr\u00e9ation de jingle n&#039;a jamais \u00e9t\u00e9 aussi facile qu&#039;avec Radio Jingles 24, alors pourquoi manquer quand vous pouvez d\u00e9couvrir comment cr\u00e9er un jingle pour un podcast en quelques minutes. En cliquant sur notre option Cr\u00e9er votre propre jingle sur notre site Web, vous serez instantan\u00e9ment dirig\u00e9 vers notre s\u00e9lection de voix off et de chanteurs, parcourez simplement les voix et choisissez celle qui vous convient le mieux, \u00e0 vous et \u00e0 votre podcast. Une fois que vous avez votre voix, continuez \u00e0 travers les \u00e9tapes d\u00e9crites et regardez votre jingle prendre vie.\u00a0<\/span><\/p>\n<p>&nbsp;<\/p>\n<p><span style=\"font-weight: 400;\">Si vous tombez sur un probl\u00e8me en cours de route ou si vous souhaitez simplement parler \u00e0 notre \u00e9quipe avant de poursuivre votre g\u00e9n\u00e9ration de jingle, vous pouvez <\/span><strong><a href=\"https:\/\/radiojingles24.com\/fr\/contact-us\/\">entrer en contact<\/a><\/strong><span style=\"font-weight: 400;\"> avec nous en appelant le +44 (0) 113 5346686 ou en nous envoyant un e-mail \u00e0 <\/span><a href=\"mailto:info@radiojingles24.com\"><span style=\"font-weight: 400;\">info@radiojingles24.com<\/span><\/a><span style=\"font-weight: 400;\"> et nous serons heureux de r\u00e9pondre \u00e0 toutes vos questions ou requ\u00eates.<\/span><\/p>\n\r\n\t\t<\/div>\r\n\t<\/div>\r\n\n\t\t\t<\/div> \n\t\t<\/div>\n\t<\/div> \n<\/div><\/div>","protected":false},"excerpt":{"rendered":"Vous lancez un nouveau podcast ? Peut-\u00eatre souhaitez-vous mettre \u00e0 jour votre introduction de podcast existante en ajoutant un jingle standard professionnel\u00a0? Eh bien, ici \u00e0 Radio Jingles 24, nous vous avons...","protected":false},"author":1,"featured_media":0,"parent":0,"menu_order":0,"comment_status":"closed","ping_status":"closed","template":"","meta":{"_exactmetrics_skip_tracking":false,"_exactmetrics_sitenote_active":false,"_exactmetrics_sitenote_note":"","_exactmetrics_sitenote_category":0,"footnotes":""},"class_list":["post-93747","page","type-page","status-publish"],"yoast_head":"<!-- This site is optimized with the Yoast SEO plugin v26.8 - https:\/\/yoast.com\/product\/yoast-seo-wordpress\/ -->\n<title>Radio Jingles 24: Radio Jingles | DJ Drops | Podcast Intros | Sung Jingles<\/title>\n<meta name=\"description\" content=\"Radio Jingles, Sung Jingles, DJ Drops, and Podcast Intros for commercial, community and internet radio stations. UK Based. Prices from \u00a35. Order online.\" \/>\n<meta name=\"robots\" content=\"index, follow, max-snippet:-1, max-image-preview:large, max-video-preview:-1\" \/>\n<link rel=\"canonical\" href=\"https:\/\/radiojingles24.com\/fr\/jingle-for-a-podcast\/\" \/>\n<meta property=\"og:locale\" content=\"fr_FR\" \/>\n<meta property=\"og:type\" content=\"article\" \/>\n<meta property=\"og:title\" content=\"Radio Jingles 24: Radio Jingles | DJ Drops | Podcast Intros | Sung Jingles\" \/>\n<meta property=\"og:description\" content=\"Radio Jingles, Sung Jingles, DJ Drops, and Podcast Intros for commercial, community and internet radio stations. UK Based. Prices from \u00a35. Order online.\" \/>\n<meta property=\"og:url\" content=\"https:\/\/radiojingles24.com\/fr\/jingle-for-a-podcast\/\" \/>\n<meta property=\"og:site_name\" content=\"Radio Jingles 24: Radio Jingles | DJ Drops | Podcast Intros | Sung Jingles\" \/>\n<meta property=\"article:publisher\" content=\"https:\/\/www.facebook.com\/radiojingles24\/\" \/>\n<meta property=\"article:modified_time\" content=\"2022-06-03T12:00:02+00:00\" \/>\n<meta name=\"twitter:card\" content=\"summary_large_image\" \/>\n<meta name=\"twitter:site\" content=\"@radiojingles24\" \/>\n<meta name=\"twitter:label1\" content=\"Dur\u00e9e de lecture estim\u00e9e\" \/>\n\t<meta name=\"twitter:data1\" content=\"3 minutes\" \/>\n<script type=\"application\/ld+json\" class=\"yoast-schema-graph\">{\"@context\":\"https:\/\/schema.org\",\"@graph\":[{\"@type\":\"WebPage\",\"@id\":\"https:\/\/radiojingles24.com\/it\/jingle-for-a-podcast\/\",\"url\":\"https:\/\/radiojingles24.com\/it\/jingle-for-a-podcast\/\",\"name\":\"Radio Jingles 24: Radio Jingles | DJ Drops | Podcast Intros | Sung Jingles\",\"isPartOf\":{\"@id\":\"https:\/\/radiojingles24.com\/#website\"},\"datePublished\":\"2022-03-21T11:58:23+00:00\",\"dateModified\":\"2022-06-03T12:00:02+00:00\",\"description\":\"Radio Jingles, Sung Jingles, DJ Drops, and Podcast Intros for commercial, community and internet radio stations. UK Based. Prices from \u00a35. Order online.\",\"breadcrumb\":{\"@id\":\"https:\/\/radiojingles24.com\/it\/jingle-for-a-podcast\/#breadcrumb\"},\"inLanguage\":\"fr-FR\",\"potentialAction\":[{\"@type\":\"ReadAction\",\"target\":[\"https:\/\/radiojingles24.com\/it\/jingle-for-a-podcast\/\"]}]},{\"@type\":\"BreadcrumbList\",\"@id\":\"https:\/\/radiojingles24.com\/it\/jingle-for-a-podcast\/#breadcrumb\",\"itemListElement\":[{\"@type\":\"ListItem\",\"position\":1,\"name\":\"Home\",\"item\":\"https:\/\/radiojingles24.com\/de\/\"},{\"@type\":\"ListItem\",\"position\":2,\"name\":\"Want to Know How To Create A Jingle For a Podcast?\"}]},{\"@type\":\"WebSite\",\"@id\":\"https:\/\/radiojingles24.com\/#website\",\"url\":\"https:\/\/radiojingles24.com\/\",\"name\":\"Radio Jingles 24: Radio Jingles | DJ Drops | Podcast Intros | Sung Jingles\",\"description\":\"Radio Jingles, Sung Jingles, DJ Drops, and Podcast Intros for commercial, community and internet radio stations. UK Based. Prices from \u00a35. Order online.\",\"publisher\":{\"@id\":\"https:\/\/radiojingles24.com\/#organization\"},\"potentialAction\":[{\"@type\":\"SearchAction\",\"target\":{\"@type\":\"EntryPoint\",\"urlTemplate\":\"https:\/\/radiojingles24.com\/?s={search_term_string}\"},\"query-input\":{\"@type\":\"PropertyValueSpecification\",\"valueRequired\":true,\"valueName\":\"search_term_string\"}}],\"inLanguage\":\"fr-FR\"},{\"@type\":\"Organization\",\"@id\":\"https:\/\/radiojingles24.com\/#organization\",\"name\":\"Radio Jingles 24\",\"url\":\"https:\/\/radiojingles24.com\/\",\"logo\":{\"@type\":\"ImageObject\",\"inLanguage\":\"fr-FR\",\"@id\":\"https:\/\/radiojingles24.com\/#\/schema\/logo\/image\/\",\"url\":\"https:\/\/radiojingles24.com\/wp-content\/uploads\/2019\/11\/RadioJingle1-1.jpg\",\"contentUrl\":\"https:\/\/radiojingles24.com\/wp-content\/uploads\/2019\/11\/RadioJingle1-1.jpg\",\"width\":512,\"height\":158,\"caption\":\"Radio Jingles 24\"},\"image\":{\"@id\":\"https:\/\/radiojingles24.com\/#\/schema\/logo\/image\/\"},\"sameAs\":[\"https:\/\/www.facebook.com\/radiojingles24\/\",\"https:\/\/x.com\/radiojingles24\"]}]}<\/script>\n<!-- \/ Yoast SEO plugin. -->","yoast_head_json":{"title":"Radio Jingles 24: Radio Jingles | DJ Drops | Podcast Intros | Jingles chant\u00e9s","description":"Radio Jingles, Sung Jingles, DJ Drops et Podcast Intros pour les stations de radio commerciales, communautaires et Internet. Bas\u00e9 au Royaume-Uni. Prix \u00e0 partir de 5 \u00a3. Commander en ligne.","robots":{"index":"index","follow":"follow","max-snippet":"max-snippet:-1","max-image-preview":"max-image-preview:large","max-video-preview":"max-video-preview:-1"},"canonical":"https:\/\/radiojingles24.com\/fr\/jingle-for-a-podcast\/","og_locale":"fr_FR","og_type":"article","og_title":"Radio Jingles 24: Radio Jingles | DJ Drops | Podcast Intros | Sung Jingles","og_description":"Radio Jingles, Sung Jingles, DJ Drops, and Podcast Intros for commercial, community and internet radio stations. UK Based. Prices from \u00a35. Order online.","og_url":"https:\/\/radiojingles24.com\/fr\/jingle-for-a-podcast\/","og_site_name":"Radio Jingles 24: Radio Jingles | DJ Drops | Podcast Intros | Sung Jingles","article_publisher":"https:\/\/www.facebook.com\/radiojingles24\/","article_modified_time":"2022-06-03T12:00:02+00:00","twitter_card":"summary_large_image","twitter_site":"@radiojingles24","twitter_misc":{"Dur\u00e9e de lecture estim\u00e9e":"3 minutes"},"schema":{"@context":"https:\/\/schema.org","@graph":[{"@type":"WebPage","@id":"https:\/\/radiojingles24.com\/it\/jingle-for-a-podcast\/","url":"https:\/\/radiojingles24.com\/it\/jingle-for-a-podcast\/","name":"Radio Jingles 24: Radio Jingles | DJ Drops | Podcast Intros | Jingles chant\u00e9s","isPartOf":{"@id":"https:\/\/radiojingles24.com\/#website"},"datePublished":"2022-03-21T11:58:23+00:00","dateModified":"2022-06-03T12:00:02+00:00","description":"Radio Jingles, Sung Jingles, DJ Drops et Podcast Intros pour les stations de radio commerciales, communautaires et Internet. Bas\u00e9 au Royaume-Uni. Prix \u00e0 partir de 5 \u00a3. Commander en ligne.","breadcrumb":{"@id":"https:\/\/radiojingles24.com\/it\/jingle-for-a-podcast\/#breadcrumb"},"inLanguage":"fr-FR","potentialAction":[{"@type":"ReadAction","target":["https:\/\/radiojingles24.com\/it\/jingle-for-a-podcast\/"]}]},{"@type":"BreadcrumbList","@id":"https:\/\/radiojingles24.com\/it\/jingle-for-a-podcast\/#breadcrumb","itemListElement":[{"@type":"ListItem","position":1,"name":"Home","item":"https:\/\/radiojingles24.com\/de\/"},{"@type":"ListItem","position":2,"name":"Want to Know How To Create A Jingle For a Podcast?"}]},{"@type":"WebSite","@id":"https:\/\/radiojingles24.com\/#website","url":"https:\/\/radiojingles24.com\/","name":"Radio Jingles 24: Radio Jingles | DJ Drops | Podcast Intros | Jingles chant\u00e9s","description":"Radio Jingles, Sung Jingles, DJ Drops et Podcast Intros pour les stations de radio commerciales, communautaires et Internet. Bas\u00e9 au Royaume-Uni. Prix \u00e0 partir de 5 \u00a3. Commander en ligne.","publisher":{"@id":"https:\/\/radiojingles24.com\/#organization"},"potentialAction":[{"@type":"SearchAction","target":{"@type":"EntryPoint","urlTemplate":"https:\/\/radiojingles24.com\/?s={search_term_string}"},"query-input":{"@type":"PropertyValueSpecification","valueRequired":true,"valueName":"search_term_string"}}],"inLanguage":"fr-FR"},{"@type":"Organization","@id":"https:\/\/radiojingles24.com\/#organization","name":"Radio Jingles 24","url":"https:\/\/radiojingles24.com\/","logo":{"@type":"ImageObject","inLanguage":"fr-FR","@id":"https:\/\/radiojingles24.com\/#\/schema\/logo\/image\/","url":"https:\/\/radiojingles24.com\/wp-content\/uploads\/2019\/11\/RadioJingle1-1.jpg","contentUrl":"https:\/\/radiojingles24.com\/wp-content\/uploads\/2019\/11\/RadioJingle1-1.jpg","width":512,"height":158,"caption":"Radio Jingles 24"},"image":{"@id":"https:\/\/radiojingles24.com\/#\/schema\/logo\/image\/"},"sameAs":["https:\/\/www.facebook.com\/radiojingles24\/","https:\/\/x.com\/radiojingles24"]}]}},"jetpack_sharing_enabled":true,"_links":{"self":[{"href":"https:\/\/radiojingles24.com\/fr\/wp-json\/wp\/v2\/pages\/93747","targetHints":{"allow":["GET"]}}],"collection":[{"href":"https:\/\/radiojingles24.com\/fr\/wp-json\/wp\/v2\/pages"}],"about":[{"href":"https:\/\/radiojingles24.com\/fr\/wp-json\/wp\/v2\/types\/page"}],"author":[{"embeddable":true,"href":"https:\/\/radiojingles24.com\/fr\/wp-json\/wp\/v2\/users\/1"}],"replies":[{"embeddable":true,"href":"https:\/\/radiojingles24.com\/fr\/wp-json\/wp\/v2\/comments?post=93747"}],"version-history":[{"count":1,"href":"https:\/\/radiojingles24.com\/fr\/wp-json\/wp\/v2\/pages\/93747\/revisions"}],"predecessor-version":[{"id":93748,"href":"https:\/\/radiojingles24.com\/fr\/wp-json\/wp\/v2\/pages\/93747\/revisions\/93748"}],"wp:attachment":[{"href":"https:\/\/radiojingles24.com\/fr\/wp-json\/wp\/v2\/media?parent=93747"}],"curies":[{"name":"wp","href":"https:\/\/api.w.org\/{rel}","templated":true}]}}