{"id":93751,"date":"2022-03-30T12:05:21","date_gmt":"2022-03-30T12:05:21","guid":{"rendered":"https:\/\/radiojingles24.com\/?page_id=93751"},"modified":"2022-06-03T12:08:38","modified_gmt":"2022-06-03T12:08:38","slug":"radio-voice-over-samples","status":"publish","type":"page","link":"https:\/\/radiojingles24.com\/fr\/radio-voice-over-samples\/","title":{"rendered":"\u00cates-vous \u00e0 la recherche d&#039;\u00e9chantillons de voix off radio professionnelles\u00a0?"},"content":{"rendered":"<div id=\"fws_69d7a457d781c\"  data-midnight=\"dark\"  data-bg-mobile-hidden=\"\" class=\"wpb_row vc_row-fluid vc_row top-level standard_section\"  style=\"padding-top: 0px; padding-bottom: 0px; \"><div class=\"row-bg-wrap\" data-bg-animation=\"none\"><div class=\"inner-wrap\"><div class=\"row-bg\"  style=\"\"><\/div><\/div><div class=\"row-bg-overlay\" ><\/div><\/div><div class=\"col span_12 dark left\">\n\t<div  class=\"vc_col-sm-12 wpb_column column_container vc_column_container col no-extra-padding\"  data-t-w-inherits=\"default\" data-border-radius=\"none\" data-shadow=\"none\" data-border-animation=\"\" data-border-animation-delay=\"\" data-border-width=\"none\" data-border-style=\"solid\" data-border-color=\"\" data-bg-cover=\"\" data-padding-pos=\"all\" data-has-bg-color=\"false\" data-bg-color=\"\" data-bg-opacity=\"1\" data-hover-bg=\"\" data-hover-bg-opacity=\"1\" data-animation=\"\" data-delay=\"0\"><div class=\"column-bg-overlay\"><\/div>\n\t\t<div class=\"vc_column-inner\">\n\t\t\t<div class=\"wpb_wrapper\">\n\t\t\t\t\r\n\t<div class=\"wpb_text_column wpb_content_element\" >\r\n\t\t<div class=\"wpb_wrapper\">\r\n\t\t\t<p><span style=\"font-weight: 400;\">Vous cherchez une nouvelle introduction accrocheuse \u00e0 votre station de radio\u00a0? Voulez-vous v\u00e9rifier quelques \u00e9chantillons avant de prendre la d\u00e9cision d&#039;aller de l&#039;avant et de cr\u00e9er votre propre jingle\u00a0? Ici \u00e0 <\/span><strong><a href=\"https:\/\/radiojingles24.com\/fr\/\">Radio Jingles 24<\/a><\/strong><span style=\"font-weight: 400;\"> vous pouvez faire exactement cela, vous pouvez cr\u00e9er votre voix radio souhait\u00e9e qui sera pr\u00eate \u00e0 \u00eatre t\u00e9l\u00e9charg\u00e9e et utilis\u00e9e en seulement 24 heures\u00a0; pas de tracas et pas de compagnies de poursuite pour votre jingle final.<\/span><\/p>\n<p>&nbsp;<\/p>\n<p><span style=\"font-weight: 400;\">Cr\u00e9er votre propre jingle sur mesure n&#039;a jamais \u00e9t\u00e9 aussi facile qu&#039;avec notre logiciel simple et facile \u00e0 utiliser qui est garanti pour cr\u00e9er le jingle professionnel dont vous avez besoin pour votre station de radio, podcast, publicit\u00e9 ou m\u00eame marque DJ.\u00a0<\/span><\/p>\n<p>&nbsp;<\/p>\n<p><span style=\"font-weight: 400;\">Notre \u00e9quipe d&#039;experts hautement qualifi\u00e9s vous guidera \u00e0 chaque \u00e9tape du processus, depuis la fourniture d&#039;\u00e9chantillons de voix off radio et vous aidant \u00e0 choisir la meilleure voix en fonction de l&#039;objectif de votre jingle, jusqu&#039;au t\u00e9l\u00e9chargement de votre produit fini. Construisez votre <\/span><strong><a href=\"https:\/\/radiojingles24.com\/fr\/produit\/spoken-audio\/\">parl\u00e9<\/a><\/strong><span style=\"font-weight: 400;\"> ou alors <\/span><strong><a href=\"https:\/\/radiojingles24.com\/fr\/produit\/sung-audio\/\">chant\u00e9<\/a><\/strong><span style=\"font-weight: 400;\"> Jingle aujourd&#039;hui sur notre site Web.<\/span><\/p>\n<p>&nbsp;<\/p>\n<p><b>Faites en sorte que votre station de radio se d\u00e9marque de la foule avec un Jingle Radio Jingles 24<\/b><\/p>\n<p>&nbsp;<\/p>\n<p><span style=\"font-weight: 400;\">Chez Radio Jingles 24, nous comprenons qu&#039;attirer vos auditeurs existants et nouveaux est votre principale priorit\u00e9, donc dans cet esprit, nous aimerions profiter de l&#039;occasion pour vous en dire plus sur nos \u00e9chantillons de voix off radio et comment utiliser ces \u00e9chantillons pour cr\u00e9er le v\u00f4tre. jingle peut avoir un impact important sur vos auditeurs et votre station de radio.\u00a0<\/span><\/p>\n<p>&nbsp;<\/p>\n<p><span style=\"font-weight: 400;\">Maintenant, nous savons tous que les slogans et les slogans restent dans l&#039;esprit des gens, donc ajouter de la musique, des effets sonores ou des effets vocaux restera s\u00fbrement encore plus. Il est prouv\u00e9 qu&#039;attraper des jingles est plus susceptible d&#039;attirer l&#039;attention d&#039;un public et de rester dans son esprit plus longtemps.\u00a0<\/span><\/p>\n<p>&nbsp;<\/p>\n<p><span style=\"font-weight: 400;\">Avec plus de 10 voix au choix et une grande s\u00e9lection d&#039;effets et de musique au choix, Radio Jingles 24 est la soci\u00e9t\u00e9 de qualit\u00e9 et abordable pour vous fournir votre propre jingle radio. En savoir plus sur <\/span><strong><a href=\"https:\/\/radiojingles24.com\/fr\/#voices\">nos voix, d\u00e9mos et extraits de voix off radio<\/a><\/strong><span style=\"font-weight: 400;\"> sur notre site Internet.<\/span><\/p>\n<p>&nbsp;<\/p>\n<p><b>D\u00e9couvrez la puissance de votre propre radio Jingle avec Radio Jingles 24<\/b><\/p>\n<p>&nbsp;<\/p>\n<p><span style=\"font-weight: 400;\">Que vous ayez r\u00e9cemment lanc\u00e9 votre propre station de radio ou que vous cherchiez \u00e0 changer un peu les choses, nos \u00e9chantillons de voix off radio \u00e0 Radio Jingles 24 sont le meilleur moyen d&#039;avoir un avant-go\u00fbt du jingle sur mesure que nos professionnels peuvent cr\u00e9er pour vous. Si vous aimez le son de nos \u00e9chantillons de voix off radio et que vous souhaitez avoir votre propre jingle radio sp\u00e9cialement con\u00e7u pour votre station de radio, alors <\/span><strong><a href=\"https:\/\/radiojingles24.com\/fr\/contact-us\/\">entrer en contact<\/a><\/strong><span style=\"font-weight: 400;\"> avec nous aujourd&#039;hui.\u00a0<\/span><\/p>\n<p><span style=\"font-weight: 400;\">Vous pouvez nous appeler au +44 (0) 113 5346686 o\u00f9 nous serons heureux de r\u00e9pondre \u00e0 toutes vos questions ou demandes concernant notre entreprise, les produits que nous proposons et les services que nous pouvons adapter pour r\u00e9pondre \u00e0 vos besoins sp\u00e9cifiques. Alternativement, vous pouvez nous envoyer un e-mail \u00e0 <\/span><strong><a href=\"mailto:info@radiojingles24.com\">info@radiojingles24.com<\/a><\/strong><span style=\"font-weight: 400;\"> et nous vous contacterons sous peu pour discuter plus en d\u00e9tail de votre demande.<\/span><\/p>\n\r\n\t\t<\/div>\r\n\t<\/div>\r\n\n\t\t\t<\/div> \n\t\t<\/div>\n\t<\/div> \n<\/div><\/div>","protected":false},"excerpt":{"rendered":"Vous cherchez une nouvelle introduction accrocheuse \u00e0 votre station de radio\u00a0? Voulez-vous v\u00e9rifier quelques \u00e9chantillons avant de prendre la d\u00e9cision d&#039;aller de l&#039;avant et de cr\u00e9er votre...","protected":false},"author":1,"featured_media":0,"parent":0,"menu_order":0,"comment_status":"closed","ping_status":"closed","template":"","meta":{"_exactmetrics_skip_tracking":false,"_exactmetrics_sitenote_active":false,"_exactmetrics_sitenote_note":"","_exactmetrics_sitenote_category":0,"footnotes":""},"class_list":["post-93751","page","type-page","status-publish"],"yoast_head":"<!-- This site is optimized with the Yoast SEO plugin v26.8 - https:\/\/yoast.com\/product\/yoast-seo-wordpress\/ -->\n<title>Radio Jingles 24: Radio Jingles | DJ Drops | Podcast Intros | Sung Jingles<\/title>\n<meta name=\"description\" content=\"Radio Jingles, Sung Jingles, DJ Drops, and Podcast Intros for commercial, community and internet radio stations. UK Based. Prices from \u00a35. Order online.\" \/>\n<meta name=\"robots\" content=\"index, follow, max-snippet:-1, max-image-preview:large, max-video-preview:-1\" \/>\n<link rel=\"canonical\" href=\"https:\/\/radiojingles24.com\/fr\/radio-voice-over-samples\/\" \/>\n<meta property=\"og:locale\" content=\"fr_FR\" \/>\n<meta property=\"og:type\" content=\"article\" \/>\n<meta property=\"og:title\" content=\"Radio Jingles 24: Radio Jingles | DJ Drops | Podcast Intros | Sung Jingles\" \/>\n<meta property=\"og:description\" content=\"Radio Jingles, Sung Jingles, DJ Drops, and Podcast Intros for commercial, community and internet radio stations. UK Based. Prices from \u00a35. Order online.\" \/>\n<meta property=\"og:url\" content=\"https:\/\/radiojingles24.com\/fr\/radio-voice-over-samples\/\" \/>\n<meta property=\"og:site_name\" content=\"Radio Jingles 24: Radio Jingles | DJ Drops | Podcast Intros | Sung Jingles\" \/>\n<meta property=\"article:publisher\" content=\"https:\/\/www.facebook.com\/radiojingles24\/\" \/>\n<meta property=\"article:modified_time\" content=\"2022-06-03T12:08:38+00:00\" \/>\n<meta name=\"twitter:card\" content=\"summary_large_image\" \/>\n<meta name=\"twitter:site\" content=\"@radiojingles24\" \/>\n<meta name=\"twitter:label1\" content=\"Dur\u00e9e de lecture estim\u00e9e\" \/>\n\t<meta name=\"twitter:data1\" content=\"3 minutes\" \/>\n<script type=\"application\/ld+json\" class=\"yoast-schema-graph\">{\"@context\":\"https:\/\/schema.org\",\"@graph\":[{\"@type\":\"WebPage\",\"@id\":\"https:\/\/radiojingles24.com\/es\/radio-voice-over-samples\/\",\"url\":\"https:\/\/radiojingles24.com\/es\/radio-voice-over-samples\/\",\"name\":\"Radio Jingles 24: Radio Jingles | DJ Drops | Podcast Intros | Sung Jingles\",\"isPartOf\":{\"@id\":\"https:\/\/radiojingles24.com\/#website\"},\"datePublished\":\"2022-03-30T12:05:21+00:00\",\"dateModified\":\"2022-06-03T12:08:38+00:00\",\"description\":\"Radio Jingles, Sung Jingles, DJ Drops, and Podcast Intros for commercial, community and internet radio stations. UK Based. Prices from \u00a35. Order online.\",\"breadcrumb\":{\"@id\":\"https:\/\/radiojingles24.com\/es\/radio-voice-over-samples\/#breadcrumb\"},\"inLanguage\":\"fr-FR\",\"potentialAction\":[{\"@type\":\"ReadAction\",\"target\":[\"https:\/\/radiojingles24.com\/es\/radio-voice-over-samples\/\"]}]},{\"@type\":\"BreadcrumbList\",\"@id\":\"https:\/\/radiojingles24.com\/es\/radio-voice-over-samples\/#breadcrumb\",\"itemListElement\":[{\"@type\":\"ListItem\",\"position\":1,\"name\":\"Home\",\"item\":\"https:\/\/radiojingles24.com\/de\/\"},{\"@type\":\"ListItem\",\"position\":2,\"name\":\"Are you Searching for Professional Radio Voice Over Samples?\"}]},{\"@type\":\"WebSite\",\"@id\":\"https:\/\/radiojingles24.com\/#website\",\"url\":\"https:\/\/radiojingles24.com\/\",\"name\":\"Radio Jingles 24: Radio Jingles | DJ Drops | Podcast Intros | Sung Jingles\",\"description\":\"Radio Jingles, Sung Jingles, DJ Drops, and Podcast Intros for commercial, community and internet radio stations. UK Based. Prices from \u00a35. Order online.\",\"publisher\":{\"@id\":\"https:\/\/radiojingles24.com\/#organization\"},\"potentialAction\":[{\"@type\":\"SearchAction\",\"target\":{\"@type\":\"EntryPoint\",\"urlTemplate\":\"https:\/\/radiojingles24.com\/?s={search_term_string}\"},\"query-input\":{\"@type\":\"PropertyValueSpecification\",\"valueRequired\":true,\"valueName\":\"search_term_string\"}}],\"inLanguage\":\"fr-FR\"},{\"@type\":\"Organization\",\"@id\":\"https:\/\/radiojingles24.com\/#organization\",\"name\":\"Radio Jingles 24\",\"url\":\"https:\/\/radiojingles24.com\/\",\"logo\":{\"@type\":\"ImageObject\",\"inLanguage\":\"fr-FR\",\"@id\":\"https:\/\/radiojingles24.com\/#\/schema\/logo\/image\/\",\"url\":\"https:\/\/radiojingles24.com\/wp-content\/uploads\/2019\/11\/RadioJingle1-1.jpg\",\"contentUrl\":\"https:\/\/radiojingles24.com\/wp-content\/uploads\/2019\/11\/RadioJingle1-1.jpg\",\"width\":512,\"height\":158,\"caption\":\"Radio Jingles 24\"},\"image\":{\"@id\":\"https:\/\/radiojingles24.com\/#\/schema\/logo\/image\/\"},\"sameAs\":[\"https:\/\/www.facebook.com\/radiojingles24\/\",\"https:\/\/x.com\/radiojingles24\"]}]}<\/script>\n<!-- \/ Yoast SEO plugin. -->","yoast_head_json":{"title":"Radio Jingles 24: Radio Jingles | DJ Drops | Podcast Intros | Jingles chant\u00e9s","description":"Radio Jingles, Sung Jingles, DJ Drops et Podcast Intros pour les stations de radio commerciales, communautaires et Internet. Bas\u00e9 au Royaume-Uni. Prix \u00e0 partir de 5 \u00a3. Commander en ligne.","robots":{"index":"index","follow":"follow","max-snippet":"max-snippet:-1","max-image-preview":"max-image-preview:large","max-video-preview":"max-video-preview:-1"},"canonical":"https:\/\/radiojingles24.com\/fr\/radio-voice-over-samples\/","og_locale":"fr_FR","og_type":"article","og_title":"Radio Jingles 24: Radio Jingles | DJ Drops | Podcast Intros | Sung Jingles","og_description":"Radio Jingles, Sung Jingles, DJ Drops, and Podcast Intros for commercial, community and internet radio stations. UK Based. Prices from \u00a35. Order online.","og_url":"https:\/\/radiojingles24.com\/fr\/radio-voice-over-samples\/","og_site_name":"Radio Jingles 24: Radio Jingles | DJ Drops | Podcast Intros | Sung Jingles","article_publisher":"https:\/\/www.facebook.com\/radiojingles24\/","article_modified_time":"2022-06-03T12:08:38+00:00","twitter_card":"summary_large_image","twitter_site":"@radiojingles24","twitter_misc":{"Dur\u00e9e de lecture estim\u00e9e":"3 minutes"},"schema":{"@context":"https:\/\/schema.org","@graph":[{"@type":"WebPage","@id":"https:\/\/radiojingles24.com\/es\/radio-voice-over-samples\/","url":"https:\/\/radiojingles24.com\/es\/radio-voice-over-samples\/","name":"Radio Jingles 24: Radio Jingles | DJ Drops | Podcast Intros | Jingles chant\u00e9s","isPartOf":{"@id":"https:\/\/radiojingles24.com\/#website"},"datePublished":"2022-03-30T12:05:21+00:00","dateModified":"2022-06-03T12:08:38+00:00","description":"Radio Jingles, Sung Jingles, DJ Drops et Podcast Intros pour les stations de radio commerciales, communautaires et Internet. Bas\u00e9 au Royaume-Uni. Prix \u00e0 partir de 5 \u00a3. Commander en ligne.","breadcrumb":{"@id":"https:\/\/radiojingles24.com\/es\/radio-voice-over-samples\/#breadcrumb"},"inLanguage":"fr-FR","potentialAction":[{"@type":"ReadAction","target":["https:\/\/radiojingles24.com\/es\/radio-voice-over-samples\/"]}]},{"@type":"BreadcrumbList","@id":"https:\/\/radiojingles24.com\/es\/radio-voice-over-samples\/#breadcrumb","itemListElement":[{"@type":"ListItem","position":1,"name":"Home","item":"https:\/\/radiojingles24.com\/de\/"},{"@type":"ListItem","position":2,"name":"Are you Searching for Professional Radio Voice Over Samples?"}]},{"@type":"WebSite","@id":"https:\/\/radiojingles24.com\/#website","url":"https:\/\/radiojingles24.com\/","name":"Radio Jingles 24: Radio Jingles | DJ Drops | Podcast Intros | Jingles chant\u00e9s","description":"Radio Jingles, Sung Jingles, DJ Drops et Podcast Intros pour les stations de radio commerciales, communautaires et Internet. Bas\u00e9 au Royaume-Uni. Prix \u00e0 partir de 5 \u00a3. Commander en ligne.","publisher":{"@id":"https:\/\/radiojingles24.com\/#organization"},"potentialAction":[{"@type":"SearchAction","target":{"@type":"EntryPoint","urlTemplate":"https:\/\/radiojingles24.com\/?s={search_term_string}"},"query-input":{"@type":"PropertyValueSpecification","valueRequired":true,"valueName":"search_term_string"}}],"inLanguage":"fr-FR"},{"@type":"Organization","@id":"https:\/\/radiojingles24.com\/#organization","name":"Radio Jingles 24","url":"https:\/\/radiojingles24.com\/","logo":{"@type":"ImageObject","inLanguage":"fr-FR","@id":"https:\/\/radiojingles24.com\/#\/schema\/logo\/image\/","url":"https:\/\/radiojingles24.com\/wp-content\/uploads\/2019\/11\/RadioJingle1-1.jpg","contentUrl":"https:\/\/radiojingles24.com\/wp-content\/uploads\/2019\/11\/RadioJingle1-1.jpg","width":512,"height":158,"caption":"Radio Jingles 24"},"image":{"@id":"https:\/\/radiojingles24.com\/#\/schema\/logo\/image\/"},"sameAs":["https:\/\/www.facebook.com\/radiojingles24\/","https:\/\/x.com\/radiojingles24"]}]}},"jetpack_sharing_enabled":true,"_links":{"self":[{"href":"https:\/\/radiojingles24.com\/fr\/wp-json\/wp\/v2\/pages\/93751","targetHints":{"allow":["GET"]}}],"collection":[{"href":"https:\/\/radiojingles24.com\/fr\/wp-json\/wp\/v2\/pages"}],"about":[{"href":"https:\/\/radiojingles24.com\/fr\/wp-json\/wp\/v2\/types\/page"}],"author":[{"embeddable":true,"href":"https:\/\/radiojingles24.com\/fr\/wp-json\/wp\/v2\/users\/1"}],"replies":[{"embeddable":true,"href":"https:\/\/radiojingles24.com\/fr\/wp-json\/wp\/v2\/comments?post=93751"}],"version-history":[{"count":1,"href":"https:\/\/radiojingles24.com\/fr\/wp-json\/wp\/v2\/pages\/93751\/revisions"}],"predecessor-version":[{"id":93752,"href":"https:\/\/radiojingles24.com\/fr\/wp-json\/wp\/v2\/pages\/93751\/revisions\/93752"}],"wp:attachment":[{"href":"https:\/\/radiojingles24.com\/fr\/wp-json\/wp\/v2\/media?parent=93751"}],"curies":[{"name":"wp","href":"https:\/\/api.w.org\/{rel}","templated":true}]}}