{"id":93753,"date":"2022-03-30T12:09:30","date_gmt":"2022-03-30T12:09:30","guid":{"rendered":"https:\/\/radiojingles24.com\/?page_id=93753"},"modified":"2022-06-03T12:11:28","modified_gmt":"2022-06-03T12:11:28","slug":"voice-over-agents-in-london","status":"publish","type":"page","link":"https:\/\/radiojingles24.com\/fr\/voice-over-agents-in-london\/","title":{"rendered":"Trying to Source Voice Over Agents in London?"},"content":{"rendered":"<div id=\"fws_69d2a33260d0c\"  data-midnight=\"dark\"  data-bg-mobile-hidden=\"\" class=\"wpb_row vc_row-fluid vc_row top-level standard_section\"  style=\"padding-top: 0px; padding-bottom: 0px; \"><div class=\"row-bg-wrap\" data-bg-animation=\"none\"><div class=\"inner-wrap\"><div class=\"row-bg\"  style=\"\"><\/div><\/div><div class=\"row-bg-overlay\" ><\/div><\/div><div class=\"col span_12 dark left\">\n\t<div  class=\"vc_col-sm-12 wpb_column column_container vc_column_container col no-extra-padding\"  data-t-w-inherits=\"default\" data-border-radius=\"none\" data-shadow=\"none\" data-border-animation=\"\" data-border-animation-delay=\"\" data-border-width=\"none\" data-border-style=\"solid\" data-border-color=\"\" data-bg-cover=\"\" data-padding-pos=\"all\" data-has-bg-color=\"false\" data-bg-color=\"\" data-bg-opacity=\"1\" data-hover-bg=\"\" data-hover-bg-opacity=\"1\" data-animation=\"\" data-delay=\"0\"><div class=\"column-bg-overlay\"><\/div>\n\t\t<div class=\"vc_column-inner\">\n\t\t\t<div class=\"wpb_wrapper\">\n\t\t\t\t\r\n\t<div class=\"wpb_text_column wpb_content_element\" >\r\n\t\t<div class=\"wpb_wrapper\">\r\n\t\t\t<p><span style=\"font-weight: 400;\">Vous avez besoin d&#039;une voix off professionnelle pour votre radio, podcast ou publicit\u00e9 ? Vous cherchez un moyen simple et rapide de cr\u00e9er votre propre jingle ? Si tel est le cas, ne cherchez pas plus loin car <\/span><strong><a href=\"https:\/\/radiojingles24.com\/fr\/\">Radio Jingles 24<\/a><\/strong><span style=\"font-weight: 400;\"> sont vos agents de voix off recommand\u00e9s et incontournables \u00e0 Londres qui ont cr\u00e9\u00e9 le moyen le plus simple de cr\u00e9er votre propre jingle de qualit\u00e9 experte en seulement 24 heures.\u00a0<\/span><\/p>\n<p>&nbsp;<\/p>\n<p><span style=\"font-weight: 400;\">Nos ann\u00e9es d&#039;exp\u00e9rience dans l&#039;industrie commerciale et musicale nous ont permis d&#039;\u00e9largir nos services afin d&#039;offrir la vaste gamme de voix off et de jingles pour lesquels nous sommes bien connus. Gr\u00e2ce \u00e0 nos clients pr\u00e9c\u00e9dents et existants, Radio Jingles 24 est en mesure de se d\u00e9marquer de nos concurrents non seulement pour la cr\u00e9ation de jingles professionnels en seulement 24 heures pour un prix avantageux, mais aussi pour notre souci du d\u00e9tail et notre service client de premi\u00e8re classe. .<\/span><\/p>\n<p>&nbsp;<\/p>\n<p><b>Pourquoi choisir nos agents Voice Over \u00e0 Londres ?<\/b><\/p>\n<p>&nbsp;<\/p>\n<p><span style=\"font-weight: 400;\">Si vous \u00eates \u00e0 la recherche d&#039;agents voix off \u00e0 Londres pour vous aider \u00e0 cr\u00e9er un jingle sur mesure sp\u00e9cifiquement pour votre station de radio, podcast, publicit\u00e9 ou autre, alors vous \u00eates au bon endroit. Chez Radio Jingles 24, nous pensons qu&#039;il est pr\u00e9f\u00e9rable d&#039;atteindre vos auditeurs existants et nouveaux gr\u00e2ce \u00e0 un jingle accrocheur, facile \u00e0 retenir et imm\u00e9diatement reconnaissable.\u00a0<\/span><\/p>\n<p>&nbsp;<\/p>\n<p><span style=\"font-weight: 400;\">Avec notre logiciel de cr\u00e9ation de jingle de haute qualit\u00e9, vous pouvez cr\u00e9er votre propre jingle exactement comme vous l&#039;aimez, qu&#039;il s&#039;agisse d&#039;un <\/span><strong><a href=\"https:\/\/radiojingles24.com\/fr\/produit\/spoken-audio\/\">jingle parl\u00e9<\/a><\/strong><span style=\"font-weight: 400;\"> ou alors <\/span><strong><a href=\"https:\/\/radiojingles24.com\/fr\/produit\/sung-audio\/\">jingle chant\u00e9<\/a><\/strong><span style=\"font-weight: 400;\">, avec ou sans effets sonores ou musicaux, que vous ayez d\u00e9j\u00e0 pr\u00e9vu un script informatif ou m\u00eame un slogan accrocheur de 5 mots \u00e0 suivre par nos voix. Cr\u00e9er votre propre jingle n&#039;a jamais \u00e9t\u00e9 aussi facile ni aussi rapide avec nos agents voix off \u00e0 Londres. Obtenez votre propre voix off en seulement 24 heures en suivant le guide d\u00e9taill\u00e9 et le processus \u00e9tape par \u00e9tape que nos experts ont mis en place pour vous sur <\/span><a href=\"https:\/\/radiojingles24.com\/fr\/\"><span style=\"font-weight: 400;\">notre site Web<\/span><\/a><span style=\"font-weight: 400;\">.<\/span><\/p>\n<p>&nbsp;<\/p>\n<p><b>Cr\u00e9ez votre jingle aujourd&#039;hui en utilisant Radio Jingles 24<\/b><\/p>\n<p>&nbsp;<\/p>\n<p><span style=\"font-weight: 400;\">Alors, pourquoi attendre qu&#039;une entreprise cr\u00e9e votre jingle par le biais de nombreux e-mails indiquant ce dont vous avez besoin alors que vous pouvez cr\u00e9er votre propre jingle sans tracas en utilisant notre logiciel de cr\u00e9ation de jingle simple en ligne aujourd&#039;hui.<\/span><\/p>\n<p>&nbsp;<\/p>\n<p><span style=\"font-weight: 400;\">Si vous souhaitez en savoir plus sur le processus que vous pouvez utiliser lorsque vous faites confiance \u00e0 nos agents de voix off \u00e0 Londres pour vous fournir votre jingle accrocheur et largement reconnaissable, alors <\/span><strong><a href=\"https:\/\/radiojingles24.com\/fr\/contact-us\/\">entrer en contact<\/a><\/strong><span style=\"font-weight: 400;\"> avec nous aujourd&#039;hui.\u00a0<\/span><\/p>\n<p><span style=\"font-weight: 400;\">Vous pouvez nous appeler au +44 (0) 113 5346686 o\u00f9 un membre de notre \u00e9quipe se fera un plaisir de vous fournir les informations suppl\u00e9mentaires que vous recherchez. D&#039;autre part, vous pouvez \u00e9galement nous envoyer un e-mail \u00e0 <\/span><strong><a href=\"mailto:info@radiojingles24.com\">info@radiojingles24.com<\/a><\/strong><span style=\"font-weight: 400;\"> o\u00f9 nous vous contacterons bient\u00f4t pour discuter plus en d\u00e9tail de votre demande et lancer le processus de cr\u00e9ation de votre jingle d\u00e8s que possible.<\/span><\/p>\n\r\n\t\t<\/div>\r\n\t<\/div>\r\n\n\t\t\t<\/div> \n\t\t<\/div>\n\t<\/div> \n<\/div><\/div>","protected":false},"excerpt":{"rendered":"Do you need a professional voice over for your radio station, podcast or commercial? Are you looking for a quick and easy way to create your very own jingle? If...","protected":false},"author":1,"featured_media":0,"parent":0,"menu_order":0,"comment_status":"closed","ping_status":"closed","template":"","meta":{"_exactmetrics_skip_tracking":false,"_exactmetrics_sitenote_active":false,"_exactmetrics_sitenote_note":"","_exactmetrics_sitenote_category":0,"footnotes":""},"class_list":["post-93753","page","type-page","status-publish"],"yoast_head":"<!-- This site is optimized with the Yoast SEO plugin v26.8 - https:\/\/yoast.com\/product\/yoast-seo-wordpress\/ -->\n<title>Radio Jingles 24: Radio Jingles | DJ Drops | Podcast Intros | Sung Jingles<\/title>\n<meta name=\"description\" content=\"Radio Jingles, Sung Jingles, DJ Drops, and Podcast Intros for commercial, community and internet radio stations. UK Based. Prices from \u00a35. Order online.\" \/>\n<meta name=\"robots\" content=\"index, follow, max-snippet:-1, max-image-preview:large, max-video-preview:-1\" \/>\n<link rel=\"canonical\" href=\"https:\/\/radiojingles24.com\/fr\/voice-over-agents-in-london\/\" \/>\n<meta property=\"og:locale\" content=\"fr_FR\" \/>\n<meta property=\"og:type\" content=\"article\" \/>\n<meta property=\"og:title\" content=\"Radio Jingles 24: Radio Jingles | DJ Drops | Podcast Intros | Sung Jingles\" \/>\n<meta property=\"og:description\" content=\"Radio Jingles, Sung Jingles, DJ Drops, and Podcast Intros for commercial, community and internet radio stations. UK Based. Prices from \u00a35. Order online.\" \/>\n<meta property=\"og:url\" content=\"https:\/\/radiojingles24.com\/fr\/voice-over-agents-in-london\/\" \/>\n<meta property=\"og:site_name\" content=\"Radio Jingles 24: Radio Jingles | DJ Drops | Podcast Intros | Sung Jingles\" \/>\n<meta property=\"article:publisher\" content=\"https:\/\/www.facebook.com\/radiojingles24\/\" \/>\n<meta property=\"article:modified_time\" content=\"2022-06-03T12:11:28+00:00\" \/>\n<meta name=\"twitter:card\" content=\"summary_large_image\" \/>\n<meta name=\"twitter:site\" content=\"@radiojingles24\" \/>\n<meta name=\"twitter:label1\" content=\"Dur\u00e9e de lecture estim\u00e9e\" \/>\n\t<meta name=\"twitter:data1\" content=\"3 minutes\" \/>\n<script type=\"application\/ld+json\" class=\"yoast-schema-graph\">{\"@context\":\"https:\/\/schema.org\",\"@graph\":[{\"@type\":\"WebPage\",\"@id\":\"https:\/\/radiojingles24.com\/es\/voice-over-agents-in-london\/\",\"url\":\"https:\/\/radiojingles24.com\/es\/voice-over-agents-in-london\/\",\"name\":\"Radio Jingles 24: Radio Jingles | DJ Drops | Podcast Intros | Sung Jingles\",\"isPartOf\":{\"@id\":\"https:\/\/radiojingles24.com\/#website\"},\"datePublished\":\"2022-03-30T12:09:30+00:00\",\"dateModified\":\"2022-06-03T12:11:28+00:00\",\"description\":\"Radio Jingles, Sung Jingles, DJ Drops, and Podcast Intros for commercial, community and internet radio stations. UK Based. Prices from \u00a35. Order online.\",\"breadcrumb\":{\"@id\":\"https:\/\/radiojingles24.com\/es\/voice-over-agents-in-london\/#breadcrumb\"},\"inLanguage\":\"fr-FR\",\"potentialAction\":[{\"@type\":\"ReadAction\",\"target\":[\"https:\/\/radiojingles24.com\/es\/voice-over-agents-in-london\/\"]}]},{\"@type\":\"BreadcrumbList\",\"@id\":\"https:\/\/radiojingles24.com\/es\/voice-over-agents-in-london\/#breadcrumb\",\"itemListElement\":[{\"@type\":\"ListItem\",\"position\":1,\"name\":\"Home\",\"item\":\"https:\/\/radiojingles24.com\/de\/\"},{\"@type\":\"ListItem\",\"position\":2,\"name\":\"Trying to Source Voice Over Agents in London?\"}]},{\"@type\":\"WebSite\",\"@id\":\"https:\/\/radiojingles24.com\/#website\",\"url\":\"https:\/\/radiojingles24.com\/\",\"name\":\"Radio Jingles 24: Radio Jingles | DJ Drops | Podcast Intros | Sung Jingles\",\"description\":\"Radio Jingles, Sung Jingles, DJ Drops, and Podcast Intros for commercial, community and internet radio stations. UK Based. Prices from \u00a35. Order online.\",\"publisher\":{\"@id\":\"https:\/\/radiojingles24.com\/#organization\"},\"potentialAction\":[{\"@type\":\"SearchAction\",\"target\":{\"@type\":\"EntryPoint\",\"urlTemplate\":\"https:\/\/radiojingles24.com\/?s={search_term_string}\"},\"query-input\":{\"@type\":\"PropertyValueSpecification\",\"valueRequired\":true,\"valueName\":\"search_term_string\"}}],\"inLanguage\":\"fr-FR\"},{\"@type\":\"Organization\",\"@id\":\"https:\/\/radiojingles24.com\/#organization\",\"name\":\"Radio Jingles 24\",\"url\":\"https:\/\/radiojingles24.com\/\",\"logo\":{\"@type\":\"ImageObject\",\"inLanguage\":\"fr-FR\",\"@id\":\"https:\/\/radiojingles24.com\/#\/schema\/logo\/image\/\",\"url\":\"https:\/\/radiojingles24.com\/wp-content\/uploads\/2019\/11\/RadioJingle1-1.jpg\",\"contentUrl\":\"https:\/\/radiojingles24.com\/wp-content\/uploads\/2019\/11\/RadioJingle1-1.jpg\",\"width\":512,\"height\":158,\"caption\":\"Radio Jingles 24\"},\"image\":{\"@id\":\"https:\/\/radiojingles24.com\/#\/schema\/logo\/image\/\"},\"sameAs\":[\"https:\/\/www.facebook.com\/radiojingles24\/\",\"https:\/\/x.com\/radiojingles24\"]}]}<\/script>\n<!-- \/ Yoast SEO plugin. -->","yoast_head_json":{"title":"Radio Jingles 24: Radio Jingles | DJ Drops | Podcast Intros | Jingles chant\u00e9s","description":"Radio Jingles, Sung Jingles, DJ Drops et Podcast Intros pour les stations de radio commerciales, communautaires et Internet. Bas\u00e9 au Royaume-Uni. Prix \u00e0 partir de 5 \u00a3. Commander en ligne.","robots":{"index":"index","follow":"follow","max-snippet":"max-snippet:-1","max-image-preview":"max-image-preview:large","max-video-preview":"max-video-preview:-1"},"canonical":"https:\/\/radiojingles24.com\/fr\/voice-over-agents-in-london\/","og_locale":"fr_FR","og_type":"article","og_title":"Radio Jingles 24: Radio Jingles | DJ Drops | Podcast Intros | Sung Jingles","og_description":"Radio Jingles, Sung Jingles, DJ Drops, and Podcast Intros for commercial, community and internet radio stations. UK Based. Prices from \u00a35. Order online.","og_url":"https:\/\/radiojingles24.com\/fr\/voice-over-agents-in-london\/","og_site_name":"Radio Jingles 24: Radio Jingles | DJ Drops | Podcast Intros | Sung Jingles","article_publisher":"https:\/\/www.facebook.com\/radiojingles24\/","article_modified_time":"2022-06-03T12:11:28+00:00","twitter_card":"summary_large_image","twitter_site":"@radiojingles24","twitter_misc":{"Dur\u00e9e de lecture estim\u00e9e":"3 minutes"},"schema":{"@context":"https:\/\/schema.org","@graph":[{"@type":"WebPage","@id":"https:\/\/radiojingles24.com\/es\/voice-over-agents-in-london\/","url":"https:\/\/radiojingles24.com\/es\/voice-over-agents-in-london\/","name":"Radio Jingles 24: Radio Jingles | DJ Drops | Podcast Intros | Jingles chant\u00e9s","isPartOf":{"@id":"https:\/\/radiojingles24.com\/#website"},"datePublished":"2022-03-30T12:09:30+00:00","dateModified":"2022-06-03T12:11:28+00:00","description":"Radio Jingles, Sung Jingles, DJ Drops et Podcast Intros pour les stations de radio commerciales, communautaires et Internet. Bas\u00e9 au Royaume-Uni. Prix \u00e0 partir de 5 \u00a3. Commander en ligne.","breadcrumb":{"@id":"https:\/\/radiojingles24.com\/es\/voice-over-agents-in-london\/#breadcrumb"},"inLanguage":"fr-FR","potentialAction":[{"@type":"ReadAction","target":["https:\/\/radiojingles24.com\/es\/voice-over-agents-in-london\/"]}]},{"@type":"BreadcrumbList","@id":"https:\/\/radiojingles24.com\/es\/voice-over-agents-in-london\/#breadcrumb","itemListElement":[{"@type":"ListItem","position":1,"name":"Home","item":"https:\/\/radiojingles24.com\/de\/"},{"@type":"ListItem","position":2,"name":"Trying to Source Voice Over Agents in London?"}]},{"@type":"WebSite","@id":"https:\/\/radiojingles24.com\/#website","url":"https:\/\/radiojingles24.com\/","name":"Radio Jingles 24: Radio Jingles | DJ Drops | Podcast Intros | Jingles chant\u00e9s","description":"Radio Jingles, Sung Jingles, DJ Drops et Podcast Intros pour les stations de radio commerciales, communautaires et Internet. Bas\u00e9 au Royaume-Uni. Prix \u00e0 partir de 5 \u00a3. Commander en ligne.","publisher":{"@id":"https:\/\/radiojingles24.com\/#organization"},"potentialAction":[{"@type":"SearchAction","target":{"@type":"EntryPoint","urlTemplate":"https:\/\/radiojingles24.com\/?s={search_term_string}"},"query-input":{"@type":"PropertyValueSpecification","valueRequired":true,"valueName":"search_term_string"}}],"inLanguage":"fr-FR"},{"@type":"Organization","@id":"https:\/\/radiojingles24.com\/#organization","name":"Radio Jingles 24","url":"https:\/\/radiojingles24.com\/","logo":{"@type":"ImageObject","inLanguage":"fr-FR","@id":"https:\/\/radiojingles24.com\/#\/schema\/logo\/image\/","url":"https:\/\/radiojingles24.com\/wp-content\/uploads\/2019\/11\/RadioJingle1-1.jpg","contentUrl":"https:\/\/radiojingles24.com\/wp-content\/uploads\/2019\/11\/RadioJingle1-1.jpg","width":512,"height":158,"caption":"Radio Jingles 24"},"image":{"@id":"https:\/\/radiojingles24.com\/#\/schema\/logo\/image\/"},"sameAs":["https:\/\/www.facebook.com\/radiojingles24\/","https:\/\/x.com\/radiojingles24"]}]}},"jetpack_sharing_enabled":true,"_links":{"self":[{"href":"https:\/\/radiojingles24.com\/fr\/wp-json\/wp\/v2\/pages\/93753","targetHints":{"allow":["GET"]}}],"collection":[{"href":"https:\/\/radiojingles24.com\/fr\/wp-json\/wp\/v2\/pages"}],"about":[{"href":"https:\/\/radiojingles24.com\/fr\/wp-json\/wp\/v2\/types\/page"}],"author":[{"embeddable":true,"href":"https:\/\/radiojingles24.com\/fr\/wp-json\/wp\/v2\/users\/1"}],"replies":[{"embeddable":true,"href":"https:\/\/radiojingles24.com\/fr\/wp-json\/wp\/v2\/comments?post=93753"}],"version-history":[{"count":1,"href":"https:\/\/radiojingles24.com\/fr\/wp-json\/wp\/v2\/pages\/93753\/revisions"}],"predecessor-version":[{"id":93754,"href":"https:\/\/radiojingles24.com\/fr\/wp-json\/wp\/v2\/pages\/93753\/revisions\/93754"}],"wp:attachment":[{"href":"https:\/\/radiojingles24.com\/fr\/wp-json\/wp\/v2\/media?parent=93753"}],"curies":[{"name":"wp","href":"https:\/\/api.w.org\/{rel}","templated":true}]}}