{"id":93879,"date":"2022-05-03T07:51:29","date_gmt":"2022-05-03T07:51:29","guid":{"rendered":"https:\/\/radiojingles24.com\/?page_id=93879"},"modified":"2022-06-17T07:53:22","modified_gmt":"2022-06-17T07:53:22","slug":"professionals-jingle-maker-software","status":"publish","type":"page","link":"https:\/\/radiojingles24.com\/fr\/professionals-jingle-maker-software\/","title":{"rendered":"Besoin de rendre votre station reconnaissable avec un logiciel professionnel Jingle Maker\u00a0?"},"content":{"rendered":"<div id=\"fws_69d6202bd35f2\"  data-midnight=\"dark\"  data-bg-mobile-hidden=\"\" class=\"wpb_row vc_row-fluid vc_row top-level standard_section\"  style=\"padding-top: 0px; padding-bottom: 0px; \"><div class=\"row-bg-wrap\" data-bg-animation=\"none\"><div class=\"inner-wrap\"><div class=\"row-bg\"  style=\"\"><\/div><\/div><div class=\"row-bg-overlay\" ><\/div><\/div><div class=\"col span_12 dark left\">\n\t<div  class=\"vc_col-sm-12 wpb_column column_container vc_column_container col no-extra-padding\"  data-t-w-inherits=\"default\" data-border-radius=\"none\" data-shadow=\"none\" data-border-animation=\"\" data-border-animation-delay=\"\" data-border-width=\"none\" data-border-style=\"solid\" data-border-color=\"\" data-bg-cover=\"\" data-padding-pos=\"all\" data-has-bg-color=\"false\" data-bg-color=\"\" data-bg-opacity=\"1\" data-hover-bg=\"\" data-hover-bg-opacity=\"1\" data-animation=\"\" data-delay=\"0\"><div class=\"column-bg-overlay\"><\/div>\n\t\t<div class=\"vc_column-inner\">\n\t\t\t<div class=\"wpb_wrapper\">\n\t\t\t\t\r\n\t<div class=\"wpb_text_column wpb_content_element\" >\r\n\t\t<div class=\"wpb_wrapper\">\r\n\t\t\t<p><span style=\"font-weight: 400;\">\u00cates-vous \u00e0 la recherche d&#039;un cr\u00e9ateur de logiciel de jingle facile \u00e0 utiliser ? Avez-vous besoin de cr\u00e9er un jingle professionnel sans avoir \u00e0 payer les prix qui vont avec ? Eh bien, avec le logiciel expert de cr\u00e9ation de jingles de <\/span><a href=\"https:\/\/radiojingles24.com\/fr\/\"><span style=\"font-weight: 400;\">Radio Jingles 24<\/span><\/a><span style=\"font-weight: 400;\"> vous pouvez profiter de la libert\u00e9 soit <\/span><a href=\"https:\/\/radiojingles24.com\/fr\/produit\/spoken-audio\/\"><span style=\"font-weight: 400;\">parl\u00e9<\/span><\/a><span style=\"font-weight: 400;\"> ou alors <\/span><a href=\"https:\/\/radiojingles24.com\/fr\/produit\/sung-audio\/\"><span style=\"font-weight: 400;\">chant\u00e9<\/span><\/a><span style=\"font-weight: 400;\"> mod\u00e8les de jingle, plus de 10 artistes voix off, une large s\u00e9lection de <\/span><a href=\"https:\/\/radiojingles24.com\/fr\/#voices\"><span style=\"font-weight: 400;\">effets sonores et musicaux<\/span><\/a><span style=\"font-weight: 400;\"> et votre choix de m\u00e9thode de t\u00e9l\u00e9chargement, le tout au prix le plus comp\u00e9titif \u00e0 ce jour en seulement 24 heures.<\/span><\/p>\n<p>&nbsp;<\/p>\n<p><span style=\"font-weight: 400;\">Avec plus de 10 ans d&#039;exp\u00e9rience dans l&#039;industrie, Radio Jingles 24 a \u00e9t\u00e9 en mesure de ma\u00eetriser l&#039;art de cr\u00e9er des audios pour une grande vari\u00e9t\u00e9 de clients, y compris ; mais sans s&#039;y limiter, les publicit\u00e9s commerciales, les stations de radio Internet et num\u00e9riques, les DJ et les h\u00f4tes de podcast. Notre logiciel de cr\u00e9ation de jingles cr\u00e9era une pi\u00e8ce audio unique qui sonne de mani\u00e8re fantastique et attire l&#039;attention de tous vos auditeurs.\u00a0<\/span><\/p>\n<p>&nbsp;<\/p>\n<p><span style=\"font-weight: 400;\">Pour cr\u00e9er votre propre jingle \u00e0 l&#039;aide de notre logiciel de cr\u00e9ation de jingle, rendez-vous sur <\/span><a href=\"https:\/\/radiojingles24.com\/fr\/\"><span style=\"font-weight: 400;\">notre site Web<\/span><\/a><span style=\"font-weight: 400;\"> ou alors <\/span><a href=\"https:\/\/radiojingles24.com\/fr\/contact-us\/\"><span style=\"font-weight: 400;\">contactez notre \u00e9quipe<\/span><\/a><span style=\"font-weight: 400;\"> aujourd&#039;hui.<\/span><\/p>\n<p>&nbsp;<\/p>\n<p><b>Jingles professionnels pour le plaisir de tous<\/b><\/p>\n<p>&nbsp;<\/p>\n<p><span style=\"font-weight: 400;\">Que vous soyez un DJ exp\u00e9riment\u00e9 ou un cr\u00e9ateur commercial, un podcasteur amateur ou un animateur de radio, notre logiciel de cr\u00e9ation de jingle ici \u00e0 Radio Jingles 24 a quelque chose pour vous. Maintenant, nous comprenons tous que souvent, pour b\u00e9n\u00e9ficier des avantages d&#039;un service professionnel, vous devez \u00e9galement \u00eatre pr\u00eat \u00e0 en payer le prix, mais gr\u00e2ce \u00e0 notre logiciel de cr\u00e9ation de jingle facile \u00e0 utiliser et \u00e9conomique, vous pouvez choisir l&#039;essentiel fonctionnalit\u00e9s que vous aimeriez ajouter \u00e0 votre propre jingle pour seulement 5 \u00a3.<\/span><\/p>\n<p>&nbsp;<\/p>\n<p><span style=\"font-weight: 400;\">La beaut\u00e9 de notre logiciel de cr\u00e9ation de jingle est que tout au long du processus de cr\u00e9ation, vous pouvez voir le prix que vous recherchez actuellement pour votre jingle, ainsi que le prix de tous les extras facultatifs\u00a0; et ne vous inqui\u00e9tez pas, vous pouvez exp\u00e9rimenter en cours de route et m\u00eame revenir en arri\u00e8re si vous changez d&#039;avis ou si les choses commencent \u00e0 d\u00e9passer votre budget.<\/span><\/p>\n<p>&nbsp;<\/p>\n<p><b>Ensemble, attirons votre public<\/b><\/p>\n<p>&nbsp;<\/p>\n<p><span style=\"font-weight: 400;\">Donc, si le moment est venu pour vous de trouver un jingle unique \u00e0 l&#039;aide de notre logiciel de cr\u00e9ation de jingle professionnel, nous aimerions avoir de vos nouvelles. Si vous souhaitez parler directement \u00e0 un membre de notre \u00e9quipe, vous pouvez <\/span><a href=\"https:\/\/radiojingles24.com\/fr\/contact-us\/\"><span style=\"font-weight: 400;\">entrer en contact<\/span><\/a><span style=\"font-weight: 400;\"> avec Radio Jingles 24 en nous appelant au +44 (0) 113 5346686 o\u00f9 nous sommes \u00e0 votre disposition pour r\u00e9pondre \u00e0 toutes vos questions concernant nos services de premi\u00e8re classe et le logiciel de cr\u00e9ation de jingles que nous utilisons pour chacun de nos clients jingles .<\/span><\/p>\n<p><span style=\"font-weight: 400;\">Nous vous invitons \u00e9galement \u00e0 nous contacter par e-mail si vous pr\u00e9f\u00e9rez envoyer votre correspondance par voie num\u00e9rique, il vous suffit d&#039;envoyer votre demande \u00e0 notre adresse. <\/span><a href=\"mailto:info@radiojingles24.com\"><span style=\"font-weight: 400;\">info@radiojingles24.com<\/span><\/a><span style=\"font-weight: 400;\"> et nous vous r\u00e9pondrons rapidement avec les informations suppl\u00e9mentaires que vous recherchez et tout ce que vous devez savoir sur l&#039;utilisation de notre logiciel de cr\u00e9ation de jingle ici \u00e0 Radio Jingles 24.<\/span><\/p>\n\r\n\t\t<\/div>\r\n\t<\/div>\r\n\n\t\t\t<\/div> \n\t\t<\/div>\n\t<\/div> \n<\/div><\/div>","protected":false},"excerpt":{"rendered":"\u00cates-vous \u00e0 la recherche d&#039;un cr\u00e9ateur de logiciel de jingle facile \u00e0 utiliser ? Avez-vous besoin de cr\u00e9er un jingle professionnel sans avoir \u00e0 payer les prix qui vont avec ? Bien,...","protected":false},"author":1,"featured_media":0,"parent":0,"menu_order":0,"comment_status":"closed","ping_status":"closed","template":"","meta":{"_exactmetrics_skip_tracking":false,"_exactmetrics_sitenote_active":false,"_exactmetrics_sitenote_note":"","_exactmetrics_sitenote_category":0,"footnotes":""},"class_list":["post-93879","page","type-page","status-publish"],"yoast_head":"<!-- This site is optimized with the Yoast SEO plugin v26.8 - https:\/\/yoast.com\/product\/yoast-seo-wordpress\/ -->\n<title>Radio Jingles 24: Radio Jingles | DJ Drops | Podcast Intros | Sung Jingles<\/title>\n<meta name=\"description\" content=\"Radio Jingles, Sung Jingles, DJ Drops, and Podcast Intros for commercial, community and internet radio stations. UK Based. Prices from \u00a35. Order online.\" \/>\n<meta name=\"robots\" content=\"index, follow, max-snippet:-1, max-image-preview:large, max-video-preview:-1\" \/>\n<link rel=\"canonical\" href=\"https:\/\/radiojingles24.com\/fr\/professionals-jingle-maker-software\/\" \/>\n<meta property=\"og:locale\" content=\"fr_FR\" \/>\n<meta property=\"og:type\" content=\"article\" \/>\n<meta property=\"og:title\" content=\"Radio Jingles 24: Radio Jingles | DJ Drops | Podcast Intros | Sung Jingles\" \/>\n<meta property=\"og:description\" content=\"Radio Jingles, Sung Jingles, DJ Drops, and Podcast Intros for commercial, community and internet radio stations. UK Based. Prices from \u00a35. Order online.\" \/>\n<meta property=\"og:url\" content=\"https:\/\/radiojingles24.com\/fr\/professionals-jingle-maker-software\/\" \/>\n<meta property=\"og:site_name\" content=\"Radio Jingles 24: Radio Jingles | DJ Drops | Podcast Intros | Sung Jingles\" \/>\n<meta property=\"article:publisher\" content=\"https:\/\/www.facebook.com\/radiojingles24\/\" \/>\n<meta property=\"article:modified_time\" content=\"2022-06-17T07:53:22+00:00\" \/>\n<meta name=\"twitter:card\" content=\"summary_large_image\" \/>\n<meta name=\"twitter:site\" content=\"@radiojingles24\" \/>\n<meta name=\"twitter:label1\" content=\"Dur\u00e9e de lecture estim\u00e9e\" \/>\n\t<meta name=\"twitter:data1\" content=\"3 minutes\" \/>\n<script type=\"application\/ld+json\" class=\"yoast-schema-graph\">{\"@context\":\"https:\/\/schema.org\",\"@graph\":[{\"@type\":\"WebPage\",\"@id\":\"https:\/\/radiojingles24.com\/it\/professionals-jingle-maker-software\/\",\"url\":\"https:\/\/radiojingles24.com\/it\/professionals-jingle-maker-software\/\",\"name\":\"Radio Jingles 24: Radio Jingles | DJ Drops | Podcast Intros | Sung Jingles\",\"isPartOf\":{\"@id\":\"https:\/\/radiojingles24.com\/#website\"},\"datePublished\":\"2022-05-03T07:51:29+00:00\",\"dateModified\":\"2022-06-17T07:53:22+00:00\",\"description\":\"Radio Jingles, Sung Jingles, DJ Drops, and Podcast Intros for commercial, community and internet radio stations. UK Based. Prices from \u00a35. Order online.\",\"breadcrumb\":{\"@id\":\"https:\/\/radiojingles24.com\/it\/professionals-jingle-maker-software\/#breadcrumb\"},\"inLanguage\":\"fr-FR\",\"potentialAction\":[{\"@type\":\"ReadAction\",\"target\":[\"https:\/\/radiojingles24.com\/it\/professionals-jingle-maker-software\/\"]}]},{\"@type\":\"BreadcrumbList\",\"@id\":\"https:\/\/radiojingles24.com\/it\/professionals-jingle-maker-software\/#breadcrumb\",\"itemListElement\":[{\"@type\":\"ListItem\",\"position\":1,\"name\":\"Home\",\"item\":\"https:\/\/radiojingles24.com\/de\/\"},{\"@type\":\"ListItem\",\"position\":2,\"name\":\"Need to Make your Station Recognisable with a Professional Jingle Maker Software?\"}]},{\"@type\":\"WebSite\",\"@id\":\"https:\/\/radiojingles24.com\/#website\",\"url\":\"https:\/\/radiojingles24.com\/\",\"name\":\"Radio Jingles 24: Radio Jingles | DJ Drops | Podcast Intros | Sung Jingles\",\"description\":\"Radio Jingles, Sung Jingles, DJ Drops, and Podcast Intros for commercial, community and internet radio stations. UK Based. Prices from \u00a35. Order online.\",\"publisher\":{\"@id\":\"https:\/\/radiojingles24.com\/#organization\"},\"potentialAction\":[{\"@type\":\"SearchAction\",\"target\":{\"@type\":\"EntryPoint\",\"urlTemplate\":\"https:\/\/radiojingles24.com\/?s={search_term_string}\"},\"query-input\":{\"@type\":\"PropertyValueSpecification\",\"valueRequired\":true,\"valueName\":\"search_term_string\"}}],\"inLanguage\":\"fr-FR\"},{\"@type\":\"Organization\",\"@id\":\"https:\/\/radiojingles24.com\/#organization\",\"name\":\"Radio Jingles 24\",\"url\":\"https:\/\/radiojingles24.com\/\",\"logo\":{\"@type\":\"ImageObject\",\"inLanguage\":\"fr-FR\",\"@id\":\"https:\/\/radiojingles24.com\/#\/schema\/logo\/image\/\",\"url\":\"https:\/\/radiojingles24.com\/wp-content\/uploads\/2019\/11\/RadioJingle1-1.jpg\",\"contentUrl\":\"https:\/\/radiojingles24.com\/wp-content\/uploads\/2019\/11\/RadioJingle1-1.jpg\",\"width\":512,\"height\":158,\"caption\":\"Radio Jingles 24\"},\"image\":{\"@id\":\"https:\/\/radiojingles24.com\/#\/schema\/logo\/image\/\"},\"sameAs\":[\"https:\/\/www.facebook.com\/radiojingles24\/\",\"https:\/\/x.com\/radiojingles24\"]}]}<\/script>\n<!-- \/ Yoast SEO plugin. -->","yoast_head_json":{"title":"Radio Jingles 24: Radio Jingles | DJ Drops | Podcast Intros | Jingles chant\u00e9s","description":"Radio Jingles, Sung Jingles, DJ Drops et Podcast Intros pour les stations de radio commerciales, communautaires et Internet. Bas\u00e9 au Royaume-Uni. Prix \u00e0 partir de 5 \u00a3. Commander en ligne.","robots":{"index":"index","follow":"follow","max-snippet":"max-snippet:-1","max-image-preview":"max-image-preview:large","max-video-preview":"max-video-preview:-1"},"canonical":"https:\/\/radiojingles24.com\/fr\/professionals-jingle-maker-software\/","og_locale":"fr_FR","og_type":"article","og_title":"Radio Jingles 24: Radio Jingles | DJ Drops | Podcast Intros | Sung Jingles","og_description":"Radio Jingles, Sung Jingles, DJ Drops, and Podcast Intros for commercial, community and internet radio stations. UK Based. Prices from \u00a35. Order online.","og_url":"https:\/\/radiojingles24.com\/fr\/professionals-jingle-maker-software\/","og_site_name":"Radio Jingles 24: Radio Jingles | DJ Drops | Podcast Intros | Sung Jingles","article_publisher":"https:\/\/www.facebook.com\/radiojingles24\/","article_modified_time":"2022-06-17T07:53:22+00:00","twitter_card":"summary_large_image","twitter_site":"@radiojingles24","twitter_misc":{"Dur\u00e9e de lecture estim\u00e9e":"3 minutes"},"schema":{"@context":"https:\/\/schema.org","@graph":[{"@type":"WebPage","@id":"https:\/\/radiojingles24.com\/it\/professionals-jingle-maker-software\/","url":"https:\/\/radiojingles24.com\/it\/professionals-jingle-maker-software\/","name":"Radio Jingles 24: Radio Jingles | DJ Drops | Podcast Intros | Jingles chant\u00e9s","isPartOf":{"@id":"https:\/\/radiojingles24.com\/#website"},"datePublished":"2022-05-03T07:51:29+00:00","dateModified":"2022-06-17T07:53:22+00:00","description":"Radio Jingles, Sung Jingles, DJ Drops et Podcast Intros pour les stations de radio commerciales, communautaires et Internet. Bas\u00e9 au Royaume-Uni. Prix \u00e0 partir de 5 \u00a3. Commander en ligne.","breadcrumb":{"@id":"https:\/\/radiojingles24.com\/it\/professionals-jingle-maker-software\/#breadcrumb"},"inLanguage":"fr-FR","potentialAction":[{"@type":"ReadAction","target":["https:\/\/radiojingles24.com\/it\/professionals-jingle-maker-software\/"]}]},{"@type":"BreadcrumbList","@id":"https:\/\/radiojingles24.com\/it\/professionals-jingle-maker-software\/#breadcrumb","itemListElement":[{"@type":"ListItem","position":1,"name":"Home","item":"https:\/\/radiojingles24.com\/de\/"},{"@type":"ListItem","position":2,"name":"Need to Make your Station Recognisable with a Professional Jingle Maker Software?"}]},{"@type":"WebSite","@id":"https:\/\/radiojingles24.com\/#website","url":"https:\/\/radiojingles24.com\/","name":"Radio Jingles 24: Radio Jingles | DJ Drops | Podcast Intros | Jingles chant\u00e9s","description":"Radio Jingles, Sung Jingles, DJ Drops et Podcast Intros pour les stations de radio commerciales, communautaires et Internet. Bas\u00e9 au Royaume-Uni. Prix \u00e0 partir de 5 \u00a3. Commander en ligne.","publisher":{"@id":"https:\/\/radiojingles24.com\/#organization"},"potentialAction":[{"@type":"SearchAction","target":{"@type":"EntryPoint","urlTemplate":"https:\/\/radiojingles24.com\/?s={search_term_string}"},"query-input":{"@type":"PropertyValueSpecification","valueRequired":true,"valueName":"search_term_string"}}],"inLanguage":"fr-FR"},{"@type":"Organization","@id":"https:\/\/radiojingles24.com\/#organization","name":"Radio Jingles 24","url":"https:\/\/radiojingles24.com\/","logo":{"@type":"ImageObject","inLanguage":"fr-FR","@id":"https:\/\/radiojingles24.com\/#\/schema\/logo\/image\/","url":"https:\/\/radiojingles24.com\/wp-content\/uploads\/2019\/11\/RadioJingle1-1.jpg","contentUrl":"https:\/\/radiojingles24.com\/wp-content\/uploads\/2019\/11\/RadioJingle1-1.jpg","width":512,"height":158,"caption":"Radio Jingles 24"},"image":{"@id":"https:\/\/radiojingles24.com\/#\/schema\/logo\/image\/"},"sameAs":["https:\/\/www.facebook.com\/radiojingles24\/","https:\/\/x.com\/radiojingles24"]}]}},"jetpack_sharing_enabled":true,"_links":{"self":[{"href":"https:\/\/radiojingles24.com\/fr\/wp-json\/wp\/v2\/pages\/93879","targetHints":{"allow":["GET"]}}],"collection":[{"href":"https:\/\/radiojingles24.com\/fr\/wp-json\/wp\/v2\/pages"}],"about":[{"href":"https:\/\/radiojingles24.com\/fr\/wp-json\/wp\/v2\/types\/page"}],"author":[{"embeddable":true,"href":"https:\/\/radiojingles24.com\/fr\/wp-json\/wp\/v2\/users\/1"}],"replies":[{"embeddable":true,"href":"https:\/\/radiojingles24.com\/fr\/wp-json\/wp\/v2\/comments?post=93879"}],"version-history":[{"count":2,"href":"https:\/\/radiojingles24.com\/fr\/wp-json\/wp\/v2\/pages\/93879\/revisions"}],"predecessor-version":[{"id":93881,"href":"https:\/\/radiojingles24.com\/fr\/wp-json\/wp\/v2\/pages\/93879\/revisions\/93881"}],"wp:attachment":[{"href":"https:\/\/radiojingles24.com\/fr\/wp-json\/wp\/v2\/media?parent=93879"}],"curies":[{"name":"wp","href":"https:\/\/api.w.org\/{rel}","templated":true}]}}