{"id":93885,"date":"2022-06-10T07:57:41","date_gmt":"2022-06-10T07:57:41","guid":{"rendered":"https:\/\/radiojingles24.com\/?page_id=93885"},"modified":"2022-06-17T07:58:39","modified_gmt":"2022-06-17T07:58:39","slug":"free-jingle-for-your-podcast","status":"publish","type":"page","link":"https:\/\/radiojingles24.com\/fr\/free-jingle-for-your-podcast\/","title":{"rendered":"In Search of a Royalty Free Jingle for your Podcast?"},"content":{"rendered":"<div id=\"fws_69d6a6325e882\"  data-midnight=\"dark\"  data-bg-mobile-hidden=\"\" class=\"wpb_row vc_row-fluid vc_row top-level standard_section\"  style=\"padding-top: 0px; padding-bottom: 0px; \"><div class=\"row-bg-wrap\" data-bg-animation=\"none\"><div class=\"inner-wrap\"><div class=\"row-bg\"  style=\"\"><\/div><\/div><div class=\"row-bg-overlay\" ><\/div><\/div><div class=\"col span_12 dark left\">\n\t<div  class=\"vc_col-sm-12 wpb_column column_container vc_column_container col no-extra-padding\"  data-t-w-inherits=\"default\" data-border-radius=\"none\" data-shadow=\"none\" data-border-animation=\"\" data-border-animation-delay=\"\" data-border-width=\"none\" data-border-style=\"solid\" data-border-color=\"\" data-bg-cover=\"\" data-padding-pos=\"all\" data-has-bg-color=\"false\" data-bg-color=\"\" data-bg-opacity=\"1\" data-hover-bg=\"\" data-hover-bg-opacity=\"1\" data-animation=\"\" data-delay=\"0\"><div class=\"column-bg-overlay\"><\/div>\n\t\t<div class=\"vc_column-inner\">\n\t\t\t<div class=\"wpb_wrapper\">\n\t\t\t\t\r\n\t<div class=\"wpb_text_column wpb_content_element\" >\r\n\t\t<div class=\"wpb_wrapper\">\r\n\t\t\t<p><span style=\"font-weight: 400;\">Si vous avez un podcast et que vous souhaitez cr\u00e9er un jingle, vous recherchez peut-\u00eatre une entreprise capable de cr\u00e9er un jingle libre de droits. Ne cherchez pas plus loin que <\/span><a href=\"https:\/\/radiojingles24.com\/fr\/\"><span style=\"font-weight: 400;\">Radio Jingles 24<\/span><\/a><span style=\"font-weight: 400;\">, toute notre production est libre de droits et nous pouvons vous cr\u00e9er un jingle \u00e0 utiliser pour votre podcast en moins de 24 heures. Nous produisons des jingles \u00e9conomiques pour les clients et nous avons plus de 10 ans d&#039;exp\u00e9rience dans la production audio. Vous pouvez donc nous faire confiance pour cr\u00e9er un jingle efficace et de haute qualit\u00e9 pour votre podcast.\u00a0<\/span><\/p>\n<p>&nbsp;<\/p>\n<p><span style=\"font-weight: 400;\">Nous sommes une soci\u00e9t\u00e9 de production d&#039;images bas\u00e9e au Royaume-Uni, sp\u00e9cialis\u00e9e dans les jingles de podcast, les jingles radio chant\u00e9s, les publicit\u00e9s, l&#039;imagerie des stations de radio et les DJ Drops, ainsi que des services de production commerciale \u00e9tendus. Nous n&#039;utilisons que les meilleurs talents de Radio Jingles 24, afin que votre jingle de podcast sonne au mieux. Nous op\u00e9rons 7 jours sur 7 et vous livrerons votre jingle \u00e0 utiliser en moins de 24 heures, enti\u00e8rement libre de droits.<\/span><\/p>\n<p>&nbsp;<\/p>\n<p><a href=\"https:\/\/radiojingles24.com\/fr\/\"><span style=\"font-weight: 400;\">Visitez notre site Internet<\/span><\/a><span style=\"font-weight: 400;\"> pour en savoir plus sur nos services de jingle de podcast.\u00a0<\/span><\/p>\n<p>&nbsp;<\/p>\n<p><b>Que signifie libre de droits\u00a0?<\/b><\/p>\n<p>&nbsp;<\/p>\n<p><span style=\"font-weight: 400;\">Libre de droits est un terme utilis\u00e9 pour d\u00e9crire un \u00e9l\u00e9ment de contenu ; de la musique, une photographie ou une vid\u00e9o, que vous n&#039;ayez pas \u00e0 payer de royalties ou de droits de licence pour chaque utilisation. Les redevances sont une m\u00e9thode permettant aux cr\u00e9ateurs de gagner de l&#039;argent sur leurs actifs afin que, lorsque vous utilisez leur musique ou leurs photographies, ils re\u00e7oivent un paiement. Lorsque vous utilisez de la musique libre de droits, vous n&#039;avez pas \u00e0 payer le cr\u00e9ateur chaque fois que vous utilisez son contenu. Habituellement, vous devez payer des frais uniques pour acc\u00e9der au contenu libre de droits, puis vous pouvez l&#039;utiliser autant de fois que vous le souhaitez sans payer un centime.<\/span><\/p>\n<p>&nbsp;<\/p>\n<p><b>Musique libre de droits sur Radio Jingles 24<\/b><\/p>\n<p>&nbsp;<\/p>\n<p><span style=\"font-weight: 400;\">Chez Radio Jingles 24, toutes nos productions que nous utilisons sont libres de droits. Cela signifie que vous pouvez utiliser votre jingle o\u00f9 et comme bon vous semble, en le pr\u00e9sentant sur votre podcast, vos vid\u00e9os YouTube, vos publicit\u00e9s et plus encore. Lorsque vous achetez votre jingle chez nous, vous en \u00eates enti\u00e8rement propri\u00e9taire ainsi que les droits sur l&#039;ensemble de l&#039;audio de votre jingle. Nous avons un \u00e9norme catalogue de musique et de SFX libres de droits pour votre cr\u00e9ation de jingle afin que vous n&#039;ayez plus \u00e0 vous soucier des redevances.<\/span><\/p>\n<p>&nbsp;<\/p>\n<p><b>Cr\u00e9er votre Podcast Jingle avec Radio Jingles 24<\/b><\/p>\n<p>&nbsp;<\/p>\n<p><span style=\"font-weight: 400;\">Radio Jingles 24 peut enti\u00e8rement produire le jingle de podcast de vos r\u00eaves et enregistrer une voix off pour vous si n\u00e9cessaire dans notre studio professionnel. Nous avons une gamme de<\/span> <a href=\"https:\/\/radiojingles24.com\/fr\/#voices\"><span style=\"font-weight: 400;\">artistes voix off et chanteurs<\/span><\/a> <span style=\"font-weight: 400;\">\u00e0 choisir, dans une vari\u00e9t\u00e9 de tons et de styles adapt\u00e9s \u00e0 votre podcast. Vous pouvez choisir votre voix off pour parler ou chanter votre script, et nous \u00e9diterons et produirons enti\u00e8rement votre jingle pour vous ! Vous pouvez choisir la dur\u00e9e de l&#039;audio, de la parole, des SFX et personnaliser enti\u00e8rement votre jingle en fonction de votre podcast. Ensuite, nous vous livrerons votre jingle dans les 24 heures ; g\u00e9n\u00e9ralement plus t\u00f4t, votre jingle vous sera envoy\u00e9 sous forme de fichier HQ WAVE, MP3 ou AIFF, 100% libre de droits.\u00a0<\/span><\/p>\n<p>&nbsp;<\/p>\n<p><b>Avez-vous un projet en t\u00eate?<\/b><\/p>\n<p><span style=\"font-weight: 400;\">Si vous avez un projet en t\u00eate et que vous souhaitez que nous cr\u00e9ions le jingle libre de droits parfait pour votre podcast, alors <\/span><a href=\"https:\/\/radiojingles24.com\/fr\/contact-us\/\"><span style=\"font-weight: 400;\">Nous contacter<\/span><\/a><span style=\"font-weight: 400;\"> aujourd&#039;hui. Vous pouvez remplir notre <\/span><a href=\"https:\/\/radiojingles24.com\/fr\/contact-us\/\"><span style=\"font-weight: 400;\">formulaire de demande en ligne<\/span><\/a><span style=\"font-weight: 400;\"> et un membre de notre \u00e9quipe vous contactera sous peu pour discuter de votre jingle de podcast. Ou si vous avez des questions et souhaitez nous contacter directement, vous pouvez nous appeler au + 44 0113 534 6686 ou nous envoyer un e-mail \u00e0 <\/span><a href=\"mailto:info@radiojingles24.com\"><span style=\"font-weight: 400;\">info@radiojingles24.com<\/span><\/a><span style=\"font-weight: 400;\"> parler \u00e0 un membre de notre \u00e9quipe.<\/span><\/p>\n\r\n\t\t<\/div>\r\n\t<\/div>\r\n\n\t\t\t<\/div> \n\t\t<\/div>\n\t<\/div> \n<\/div><\/div>","protected":false},"excerpt":{"rendered":"If you have a podcast and are interested in creating a jingle, you may be looking for a business that can create a jingle that is royalty-free. Look no further...","protected":false},"author":1,"featured_media":0,"parent":0,"menu_order":0,"comment_status":"closed","ping_status":"closed","template":"","meta":{"_exactmetrics_skip_tracking":false,"_exactmetrics_sitenote_active":false,"_exactmetrics_sitenote_note":"","_exactmetrics_sitenote_category":0,"footnotes":""},"class_list":["post-93885","page","type-page","status-publish"],"yoast_head":"<!-- This site is optimized with the Yoast SEO plugin v26.8 - https:\/\/yoast.com\/product\/yoast-seo-wordpress\/ -->\n<title>Radio Jingles 24: Radio Jingles | DJ Drops | Podcast Intros | Sung Jingles<\/title>\n<meta name=\"description\" content=\"Radio Jingles, Sung Jingles, DJ Drops, and Podcast Intros for commercial, community and internet radio stations. UK Based. Prices from \u00a35. Order online.\" \/>\n<meta name=\"robots\" content=\"index, follow, max-snippet:-1, max-image-preview:large, max-video-preview:-1\" \/>\n<link rel=\"canonical\" href=\"https:\/\/radiojingles24.com\/fr\/free-jingle-for-your-podcast\/\" \/>\n<meta property=\"og:locale\" content=\"fr_FR\" \/>\n<meta property=\"og:type\" content=\"article\" \/>\n<meta property=\"og:title\" content=\"Radio Jingles 24: Radio Jingles | DJ Drops | Podcast Intros | Sung Jingles\" \/>\n<meta property=\"og:description\" content=\"Radio Jingles, Sung Jingles, DJ Drops, and Podcast Intros for commercial, community and internet radio stations. UK Based. Prices from \u00a35. Order online.\" \/>\n<meta property=\"og:url\" content=\"https:\/\/radiojingles24.com\/fr\/free-jingle-for-your-podcast\/\" \/>\n<meta property=\"og:site_name\" content=\"Radio Jingles 24: Radio Jingles | DJ Drops | Podcast Intros | Sung Jingles\" \/>\n<meta property=\"article:publisher\" content=\"https:\/\/www.facebook.com\/radiojingles24\/\" \/>\n<meta property=\"article:modified_time\" content=\"2022-06-17T07:58:39+00:00\" \/>\n<meta name=\"twitter:card\" content=\"summary_large_image\" \/>\n<meta name=\"twitter:site\" content=\"@radiojingles24\" \/>\n<meta name=\"twitter:label1\" content=\"Dur\u00e9e de lecture estim\u00e9e\" \/>\n\t<meta name=\"twitter:data1\" content=\"3 minutes\" \/>\n<script type=\"application\/ld+json\" class=\"yoast-schema-graph\">{\"@context\":\"https:\/\/schema.org\",\"@graph\":[{\"@type\":\"WebPage\",\"@id\":\"https:\/\/radiojingles24.com\/fr\/free-jingle-for-your-podcast\/\",\"url\":\"https:\/\/radiojingles24.com\/fr\/free-jingle-for-your-podcast\/\",\"name\":\"Radio Jingles 24: Radio Jingles | DJ Drops | Podcast Intros | Sung Jingles\",\"isPartOf\":{\"@id\":\"https:\/\/radiojingles24.com\/#website\"},\"datePublished\":\"2022-06-10T07:57:41+00:00\",\"dateModified\":\"2022-06-17T07:58:39+00:00\",\"description\":\"Radio Jingles, Sung Jingles, DJ Drops, and Podcast Intros for commercial, community and internet radio stations. UK Based. Prices from \u00a35. Order online.\",\"breadcrumb\":{\"@id\":\"https:\/\/radiojingles24.com\/fr\/free-jingle-for-your-podcast\/#breadcrumb\"},\"inLanguage\":\"fr-FR\",\"potentialAction\":[{\"@type\":\"ReadAction\",\"target\":[\"https:\/\/radiojingles24.com\/fr\/free-jingle-for-your-podcast\/\"]}]},{\"@type\":\"BreadcrumbList\",\"@id\":\"https:\/\/radiojingles24.com\/fr\/free-jingle-for-your-podcast\/#breadcrumb\",\"itemListElement\":[{\"@type\":\"ListItem\",\"position\":1,\"name\":\"Home\",\"item\":\"https:\/\/radiojingles24.com\/de\/\"},{\"@type\":\"ListItem\",\"position\":2,\"name\":\"In Search of a Royalty Free Jingle for your Podcast?\"}]},{\"@type\":\"WebSite\",\"@id\":\"https:\/\/radiojingles24.com\/#website\",\"url\":\"https:\/\/radiojingles24.com\/\",\"name\":\"Radio Jingles 24: Radio Jingles | DJ Drops | Podcast Intros | Sung Jingles\",\"description\":\"Radio Jingles, Sung Jingles, DJ Drops, and Podcast Intros for commercial, community and internet radio stations. UK Based. Prices from \u00a35. Order online.\",\"publisher\":{\"@id\":\"https:\/\/radiojingles24.com\/#organization\"},\"potentialAction\":[{\"@type\":\"SearchAction\",\"target\":{\"@type\":\"EntryPoint\",\"urlTemplate\":\"https:\/\/radiojingles24.com\/?s={search_term_string}\"},\"query-input\":{\"@type\":\"PropertyValueSpecification\",\"valueRequired\":true,\"valueName\":\"search_term_string\"}}],\"inLanguage\":\"fr-FR\"},{\"@type\":\"Organization\",\"@id\":\"https:\/\/radiojingles24.com\/#organization\",\"name\":\"Radio Jingles 24\",\"url\":\"https:\/\/radiojingles24.com\/\",\"logo\":{\"@type\":\"ImageObject\",\"inLanguage\":\"fr-FR\",\"@id\":\"https:\/\/radiojingles24.com\/#\/schema\/logo\/image\/\",\"url\":\"https:\/\/radiojingles24.com\/wp-content\/uploads\/2019\/11\/RadioJingle1-1.jpg\",\"contentUrl\":\"https:\/\/radiojingles24.com\/wp-content\/uploads\/2019\/11\/RadioJingle1-1.jpg\",\"width\":512,\"height\":158,\"caption\":\"Radio Jingles 24\"},\"image\":{\"@id\":\"https:\/\/radiojingles24.com\/#\/schema\/logo\/image\/\"},\"sameAs\":[\"https:\/\/www.facebook.com\/radiojingles24\/\",\"https:\/\/x.com\/radiojingles24\"]}]}<\/script>\n<!-- \/ Yoast SEO plugin. -->","yoast_head_json":{"title":"Radio Jingles 24: Radio Jingles | DJ Drops | Podcast Intros | Jingles chant\u00e9s","description":"Radio Jingles, Sung Jingles, DJ Drops et Podcast Intros pour les stations de radio commerciales, communautaires et Internet. Bas\u00e9 au Royaume-Uni. Prix \u00e0 partir de 5 \u00a3. Commander en ligne.","robots":{"index":"index","follow":"follow","max-snippet":"max-snippet:-1","max-image-preview":"max-image-preview:large","max-video-preview":"max-video-preview:-1"},"canonical":"https:\/\/radiojingles24.com\/fr\/free-jingle-for-your-podcast\/","og_locale":"fr_FR","og_type":"article","og_title":"Radio Jingles 24: Radio Jingles | DJ Drops | Podcast Intros | Sung Jingles","og_description":"Radio Jingles, Sung Jingles, DJ Drops, and Podcast Intros for commercial, community and internet radio stations. UK Based. Prices from \u00a35. Order online.","og_url":"https:\/\/radiojingles24.com\/fr\/free-jingle-for-your-podcast\/","og_site_name":"Radio Jingles 24: Radio Jingles | DJ Drops | Podcast Intros | Sung Jingles","article_publisher":"https:\/\/www.facebook.com\/radiojingles24\/","article_modified_time":"2022-06-17T07:58:39+00:00","twitter_card":"summary_large_image","twitter_site":"@radiojingles24","twitter_misc":{"Dur\u00e9e de lecture estim\u00e9e":"3 minutes"},"schema":{"@context":"https:\/\/schema.org","@graph":[{"@type":"WebPage","@id":"https:\/\/radiojingles24.com\/fr\/free-jingle-for-your-podcast\/","url":"https:\/\/radiojingles24.com\/fr\/free-jingle-for-your-podcast\/","name":"Radio Jingles 24: Radio Jingles | DJ Drops | Podcast Intros | Jingles chant\u00e9s","isPartOf":{"@id":"https:\/\/radiojingles24.com\/#website"},"datePublished":"2022-06-10T07:57:41+00:00","dateModified":"2022-06-17T07:58:39+00:00","description":"Radio Jingles, Sung Jingles, DJ Drops et Podcast Intros pour les stations de radio commerciales, communautaires et Internet. Bas\u00e9 au Royaume-Uni. Prix \u00e0 partir de 5 \u00a3. Commander en ligne.","breadcrumb":{"@id":"https:\/\/radiojingles24.com\/fr\/free-jingle-for-your-podcast\/#breadcrumb"},"inLanguage":"fr-FR","potentialAction":[{"@type":"ReadAction","target":["https:\/\/radiojingles24.com\/fr\/free-jingle-for-your-podcast\/"]}]},{"@type":"BreadcrumbList","@id":"https:\/\/radiojingles24.com\/fr\/free-jingle-for-your-podcast\/#breadcrumb","itemListElement":[{"@type":"ListItem","position":1,"name":"Home","item":"https:\/\/radiojingles24.com\/de\/"},{"@type":"ListItem","position":2,"name":"In Search of a Royalty Free Jingle for your Podcast?"}]},{"@type":"WebSite","@id":"https:\/\/radiojingles24.com\/#website","url":"https:\/\/radiojingles24.com\/","name":"Radio Jingles 24: Radio Jingles | DJ Drops | Podcast Intros | Jingles chant\u00e9s","description":"Radio Jingles, Sung Jingles, DJ Drops et Podcast Intros pour les stations de radio commerciales, communautaires et Internet. Bas\u00e9 au Royaume-Uni. Prix \u00e0 partir de 5 \u00a3. Commander en ligne.","publisher":{"@id":"https:\/\/radiojingles24.com\/#organization"},"potentialAction":[{"@type":"SearchAction","target":{"@type":"EntryPoint","urlTemplate":"https:\/\/radiojingles24.com\/?s={search_term_string}"},"query-input":{"@type":"PropertyValueSpecification","valueRequired":true,"valueName":"search_term_string"}}],"inLanguage":"fr-FR"},{"@type":"Organization","@id":"https:\/\/radiojingles24.com\/#organization","name":"Radio Jingles 24","url":"https:\/\/radiojingles24.com\/","logo":{"@type":"ImageObject","inLanguage":"fr-FR","@id":"https:\/\/radiojingles24.com\/#\/schema\/logo\/image\/","url":"https:\/\/radiojingles24.com\/wp-content\/uploads\/2019\/11\/RadioJingle1-1.jpg","contentUrl":"https:\/\/radiojingles24.com\/wp-content\/uploads\/2019\/11\/RadioJingle1-1.jpg","width":512,"height":158,"caption":"Radio Jingles 24"},"image":{"@id":"https:\/\/radiojingles24.com\/#\/schema\/logo\/image\/"},"sameAs":["https:\/\/www.facebook.com\/radiojingles24\/","https:\/\/x.com\/radiojingles24"]}]}},"jetpack_sharing_enabled":true,"_links":{"self":[{"href":"https:\/\/radiojingles24.com\/fr\/wp-json\/wp\/v2\/pages\/93885","targetHints":{"allow":["GET"]}}],"collection":[{"href":"https:\/\/radiojingles24.com\/fr\/wp-json\/wp\/v2\/pages"}],"about":[{"href":"https:\/\/radiojingles24.com\/fr\/wp-json\/wp\/v2\/types\/page"}],"author":[{"embeddable":true,"href":"https:\/\/radiojingles24.com\/fr\/wp-json\/wp\/v2\/users\/1"}],"replies":[{"embeddable":true,"href":"https:\/\/radiojingles24.com\/fr\/wp-json\/wp\/v2\/comments?post=93885"}],"version-history":[{"count":1,"href":"https:\/\/radiojingles24.com\/fr\/wp-json\/wp\/v2\/pages\/93885\/revisions"}],"predecessor-version":[{"id":93886,"href":"https:\/\/radiojingles24.com\/fr\/wp-json\/wp\/v2\/pages\/93885\/revisions\/93886"}],"wp:attachment":[{"href":"https:\/\/radiojingles24.com\/fr\/wp-json\/wp\/v2\/media?parent=93885"}],"curies":[{"name":"wp","href":"https:\/\/api.w.org\/{rel}","templated":true}]}}