{"id":93887,"date":"2022-06-10T07:59:09","date_gmt":"2022-06-10T07:59:09","guid":{"rendered":"https:\/\/radiojingles24.com\/?page_id=93887"},"modified":"2022-06-17T08:00:22","modified_gmt":"2022-06-17T08:00:22","slug":"professional-voice-over-artist","status":"publish","type":"page","link":"https:\/\/radiojingles24.com\/fr\/professional-voice-over-artist\/","title":{"rendered":"Votre station de radio recherche-t-elle un artiste voix off professionnel\u00a0?"},"content":{"rendered":"<div id=\"fws_6a024bacdefd1\"  data-midnight=\"dark\"  data-bg-mobile-hidden=\"\" class=\"wpb_row vc_row-fluid vc_row top-level standard_section\"  style=\"padding-top: 0px; padding-bottom: 0px; \"><div class=\"row-bg-wrap\" data-bg-animation=\"none\"><div class=\"inner-wrap\"><div class=\"row-bg\"  style=\"\"><\/div><\/div><div class=\"row-bg-overlay\" ><\/div><\/div><div class=\"col span_12 dark left\">\n\t<div  class=\"vc_col-sm-12 wpb_column column_container vc_column_container col no-extra-padding\"  data-t-w-inherits=\"default\" data-border-radius=\"none\" data-shadow=\"none\" data-border-animation=\"\" data-border-animation-delay=\"\" data-border-width=\"none\" data-border-style=\"solid\" data-border-color=\"\" data-bg-cover=\"\" data-padding-pos=\"all\" data-has-bg-color=\"false\" data-bg-color=\"\" data-bg-opacity=\"1\" data-hover-bg=\"\" data-hover-bg-opacity=\"1\" data-animation=\"\" data-delay=\"0\"><div class=\"column-bg-overlay\"><\/div>\n\t\t<div class=\"vc_column-inner\">\n\t\t\t<div class=\"wpb_wrapper\">\n\t\t\t\t\r\n\t<div class=\"wpb_text_column wpb_content_element\" >\r\n\t\t<div class=\"wpb_wrapper\">\r\n\t\t\t<p><span style=\"font-weight: 400;\">Si vous cherchez d\u00e9sesp\u00e9r\u00e9ment un artiste voix off professionnel \u00e0 embaucher pour le jingle de votre station de radio, alors <\/span><a href=\"https:\/\/radiojingles24.com\/fr\/\"><span style=\"font-weight: 400;\">Radio Jingles 24<\/span><\/a><span style=\"font-weight: 400;\"> aura exactement ce que vous cherchez. Nous avons une large gamme de produits incroyables <\/span><a href=\"https:\/\/radiojingles24.com\/fr\/#voices\"><span style=\"font-weight: 400;\">artistes voix off<\/span><\/a><span style=\"font-weight: 400;\"> qui peut soit parler soit chanter votre jingle\u00a0; nous pouvons \u00e9galement le produire pour vous aussi. Chez Radio Jingles 24, nous cr\u00e9ons des jingles radio rapides, faciles et professionnels qui peuvent vous \u00eatre livr\u00e9s dans les 24 heures ; nos jingles sont id\u00e9aux pour les stations de radio communautaires, commerciales et Internet.\u00a0<\/span><\/p>\n<p>&nbsp;<\/p>\n<p><span style=\"font-weight: 400;\">Nous n&#039;utilisons que les meilleurs voix off pour nos jingles, et avec plus de 10 ans d&#039;exp\u00e9rience, vous pouvez nous faire confiance pour cr\u00e9er pour vous un jingle radio qui repr\u00e9sentera parfaitement votre station et votre marque. Nous pouvons r\u00e9pondre \u00e0 toutes les demandes, s&#039;il y a quelque chose que vous ne pouvez pas voir sur notre site Web, contactez-nous pour un devis personnalis\u00e9. Tous nos jingles sont livr\u00e9s de mani\u00e8re experte, avec un service incroyablement rapide et une qualit\u00e9 de premi\u00e8re classe.\u00a0<\/span><\/p>\n<p>&nbsp;<\/p>\n<p><span style=\"font-weight: 400;\">Si vous souhaitez que Radio Jingles 24 enregistre, produise et cr\u00e9e le jingle parfait pour votre station de radio - <\/span><a href=\"https:\/\/radiojingles24.com\/fr\/contact-us\/\"><span style=\"font-weight: 400;\">Nous contacter<\/span><\/a><span style=\"font-weight: 400;\"> pour plus d&#039;informations aujourd&#039;hui.\u00a0<\/span><\/p>\n<p>&nbsp;<\/p>\n<p><b>Comment choisir l&#039;artiste voix off radio pour votre station<\/b><\/p>\n<p>&nbsp;<\/p>\n<p><span style=\"font-weight: 400;\">Il peut \u00eatre difficile de choisir la bonne voix pour le jingle de votre station de radio, et c&#039;est une d\u00e9cision importante car votre station de radio sera repr\u00e9sent\u00e9e par la voix que vous choisissez. Vous devez bien r\u00e9fl\u00e9chir si c&#039;est la bonne voix pour votre jingle ou votre marque - vous voulez quelqu&#039;un qui correspond \u00e0 votre identit\u00e9 et qui a le bon style et le bon ton de voix qui correspondent \u00e0 votre station.\u00a0<\/span><\/p>\n<p>&nbsp;<\/p>\n<p><span style=\"font-weight: 400;\">Selon vous, quel sexe repr\u00e9sentera le mieux votre station et sonnera le mieux lorsque vous lirez ou chanterez le sc\u00e9nario ou les paroles que vous avez \u00e9crits\u00a0? Vous pouvez \u00e9couter des exemples de leurs travaux ant\u00e9rieurs et voir ce que vous pensez \u00eatre le mieux adapt\u00e9 et le ton et le style de l&#039;artiste vocal que vous pr\u00e9f\u00e9rez. Certains artistes vocaux ont un ton conversationnel plus bavard et informatif, tandis que d&#039;autres semblent beaucoup plus persuasifs et professionnels.\u00a0<\/span><\/p>\n<p>&nbsp;<\/p>\n<p><span style=\"font-weight: 400;\">N&#039;h\u00e9sitez pas \u00e0 \u00e9couter les options et \u00e0 r\u00e9fl\u00e9chir \u00e0 ce qui convient le mieux \u00e0 votre station. Gardez \u00e9galement \u00e0 l&#039;esprit votre public cible et le type de voix qu&#039;il souhaite entendre et qui est reconnaissable lors de l&#039;\u00e9coute de votre station.<\/span><\/p>\n<p>&nbsp;<\/p>\n<p><b>Nos artistes voix off<\/b><\/p>\n<p>&nbsp;<\/p>\n<p><span style=\"font-weight: 400;\">Nous avons un large \u00e9ventail d&#039;artistes voix off \u00e0 Radio Jingles 24, pour r\u00e9pondre \u00e0 tous vos besoins de jingle radio. Nous avons \u00e0 la fois des voix off parl\u00e9es et chant\u00e9es, selon que vous cherchez quelqu&#039;un pour lire un sc\u00e9nario ou chanter. Nous avons un vaste catalogue de musique et d&#039;effets sp\u00e9ciaux libres de droits disponibles pour accompagner vos artistes voix off, vous pouvez donc \u00eatre assur\u00e9 que votre son fini sera fantastique. Nos artistes ont enregistr\u00e9 des jingles pour BBC Radio 1 &amp; 2, Sky Radio, Virgin et le Beat 92.5 et ont chant\u00e9 pour certaines des plus grandes soci\u00e9t\u00e9s de jingle au monde.\u00a0<\/span><\/p>\n<p>&nbsp;<\/p>\n<p><span style=\"font-weight: 400;\">Vous pouvez choisir une voix s\u00e9rieuse, mature et convaincante pour votre jingle radio, ou une voix entra\u00eenante et bavarde. Ou si vous cherchez un chanteur, nous avons des voix douces, douces et relaxantes ainsi que des voix de pavot optimistes et \u00e9mouvantes. Vous pouvez \u00e9couter des d\u00e9mos de nos artistes voix off et chanteurs<\/span> <span style=\"font-weight: 400;\">sur notre site Internet. Une fois que vous avez choisi la voix pour vous, nous enregistrerons votre voix off dans notre studio, puis \u00e9diterons, produirons enti\u00e8rement et masteriserons votre jingle pour vous.\u00a0<\/span><\/p>\n<p>&nbsp;<\/p>\n<p><b>Pr\u00eat \u00e0 enregistrer votre jingle radio\u00a0?<\/b><\/p>\n<p>&nbsp;<\/p>\n<p><span style=\"font-weight: 400;\">Si vous souhaitez en savoir plus sur nos artistes voix off radio et souhaitez commencer \u00e0 cr\u00e9er votre jingle radio, alors <\/span><a href=\"https:\/\/radiojingles24.com\/fr\/contact-us\/\"><span style=\"font-weight: 400;\">contactez-nous aujourd&#039;hui<\/span><\/a><span style=\"font-weight: 400;\">. Nous vous contacterons peu de temps apr\u00e8s avoir re\u00e7u votre demande pour commencer \u00e0 travailler sur votre jingle et travaillerons en \u00e9troite collaboration avec vous pour nous assurer qu&#039;il r\u00e9ponde et d\u00e9passe vos attentes. Vous pouvez remplir notre <\/span><a href=\"https:\/\/radiojingles24.com\/fr\/contact-us\/\"><span style=\"font-weight: 400;\">formulaire de demande en ligne<\/span><\/a><span style=\"font-weight: 400;\">, ou si vous pr\u00e9f\u00e9rez nous contacter directement, vous pouvez nous appeler au +44 0113 534 6686 ou nous envoyer un e-mail \u00e0 <\/span><a href=\"mailto:info@radiojingles24.com\"><span style=\"font-weight: 400;\">info@radiojingles24.com<\/span><\/a><span style=\"font-weight: 400;\">.\u00a0<\/span><\/p>\n\r\n\t\t<\/div>\r\n\t<\/div>\r\n\n\t\t\t<\/div> \n\t\t<\/div>\n\t<\/div> \n<\/div><\/div>","protected":false},"excerpt":{"rendered":"Si vous cherchez d\u00e9sesp\u00e9r\u00e9ment un artiste voix off professionnel \u00e0 embaucher pour le jingle de votre station de radio, alors Radio Jingles 24 aura exactement ce que vous cherchez. Nous...","protected":false},"author":1,"featured_media":0,"parent":0,"menu_order":0,"comment_status":"closed","ping_status":"closed","template":"","meta":{"_exactmetrics_skip_tracking":false,"_exactmetrics_sitenote_active":false,"_exactmetrics_sitenote_note":"","_exactmetrics_sitenote_category":0,"footnotes":""},"class_list":["post-93887","page","type-page","status-publish"],"yoast_head":"<!-- This site is optimized with the Yoast SEO plugin v26.8 - https:\/\/yoast.com\/product\/yoast-seo-wordpress\/ -->\n<title>Radio Jingles 24: Radio Jingles | DJ Drops | Podcast Intros | Sung Jingles<\/title>\n<meta name=\"description\" content=\"Radio Jingles, Sung Jingles, DJ Drops, and Podcast Intros for commercial, community and internet radio stations. UK Based. Prices from \u00a35. Order online.\" \/>\n<meta name=\"robots\" content=\"index, follow, max-snippet:-1, max-image-preview:large, max-video-preview:-1\" \/>\n<link rel=\"canonical\" href=\"https:\/\/radiojingles24.com\/fr\/professional-voice-over-artist\/\" \/>\n<meta property=\"og:locale\" content=\"fr_FR\" \/>\n<meta property=\"og:type\" content=\"article\" \/>\n<meta property=\"og:title\" content=\"Radio Jingles 24: Radio Jingles | DJ Drops | Podcast Intros | Sung Jingles\" \/>\n<meta property=\"og:description\" content=\"Radio Jingles, Sung Jingles, DJ Drops, and Podcast Intros for commercial, community and internet radio stations. UK Based. Prices from \u00a35. Order online.\" \/>\n<meta property=\"og:url\" content=\"https:\/\/radiojingles24.com\/fr\/professional-voice-over-artist\/\" \/>\n<meta property=\"og:site_name\" content=\"Radio Jingles 24: Radio Jingles | DJ Drops | Podcast Intros | Sung Jingles\" \/>\n<meta property=\"article:publisher\" content=\"https:\/\/www.facebook.com\/radiojingles24\/\" \/>\n<meta property=\"article:modified_time\" content=\"2022-06-17T08:00:22+00:00\" \/>\n<meta name=\"twitter:card\" content=\"summary_large_image\" \/>\n<meta name=\"twitter:site\" content=\"@radiojingles24\" \/>\n<meta name=\"twitter:label1\" content=\"Dur\u00e9e de lecture estim\u00e9e\" \/>\n\t<meta name=\"twitter:data1\" content=\"4 minutes\" \/>\n<script type=\"application\/ld+json\" class=\"yoast-schema-graph\">{\"@context\":\"https:\/\/schema.org\",\"@graph\":[{\"@type\":\"WebPage\",\"@id\":\"https:\/\/radiojingles24.com\/it\/professional-voice-over-artist\/\",\"url\":\"https:\/\/radiojingles24.com\/it\/professional-voice-over-artist\/\",\"name\":\"Radio Jingles 24: Radio Jingles | DJ Drops | Podcast Intros | Sung Jingles\",\"isPartOf\":{\"@id\":\"https:\/\/radiojingles24.com\/#website\"},\"datePublished\":\"2022-06-10T07:59:09+00:00\",\"dateModified\":\"2022-06-17T08:00:22+00:00\",\"description\":\"Radio Jingles, Sung Jingles, DJ Drops, and Podcast Intros for commercial, community and internet radio stations. UK Based. Prices from \u00a35. Order online.\",\"breadcrumb\":{\"@id\":\"https:\/\/radiojingles24.com\/it\/professional-voice-over-artist\/#breadcrumb\"},\"inLanguage\":\"fr-FR\",\"potentialAction\":[{\"@type\":\"ReadAction\",\"target\":[\"https:\/\/radiojingles24.com\/it\/professional-voice-over-artist\/\"]}]},{\"@type\":\"BreadcrumbList\",\"@id\":\"https:\/\/radiojingles24.com\/it\/professional-voice-over-artist\/#breadcrumb\",\"itemListElement\":[{\"@type\":\"ListItem\",\"position\":1,\"name\":\"Home\",\"item\":\"https:\/\/radiojingles24.com\/de\/\"},{\"@type\":\"ListItem\",\"position\":2,\"name\":\"Is your Radio Station Looking for a Professional Voice Over Artist?\"}]},{\"@type\":\"WebSite\",\"@id\":\"https:\/\/radiojingles24.com\/#website\",\"url\":\"https:\/\/radiojingles24.com\/\",\"name\":\"Radio Jingles 24: Radio Jingles | DJ Drops | Podcast Intros | Sung Jingles\",\"description\":\"Radio Jingles, Sung Jingles, DJ Drops, and Podcast Intros for commercial, community and internet radio stations. UK Based. Prices from \u00a35. Order online.\",\"publisher\":{\"@id\":\"https:\/\/radiojingles24.com\/#organization\"},\"potentialAction\":[{\"@type\":\"SearchAction\",\"target\":{\"@type\":\"EntryPoint\",\"urlTemplate\":\"https:\/\/radiojingles24.com\/?s={search_term_string}\"},\"query-input\":{\"@type\":\"PropertyValueSpecification\",\"valueRequired\":true,\"valueName\":\"search_term_string\"}}],\"inLanguage\":\"fr-FR\"},{\"@type\":\"Organization\",\"@id\":\"https:\/\/radiojingles24.com\/#organization\",\"name\":\"Radio Jingles 24\",\"url\":\"https:\/\/radiojingles24.com\/\",\"logo\":{\"@type\":\"ImageObject\",\"inLanguage\":\"fr-FR\",\"@id\":\"https:\/\/radiojingles24.com\/#\/schema\/logo\/image\/\",\"url\":\"https:\/\/radiojingles24.com\/wp-content\/uploads\/2019\/11\/RadioJingle1-1.jpg\",\"contentUrl\":\"https:\/\/radiojingles24.com\/wp-content\/uploads\/2019\/11\/RadioJingle1-1.jpg\",\"width\":512,\"height\":158,\"caption\":\"Radio Jingles 24\"},\"image\":{\"@id\":\"https:\/\/radiojingles24.com\/#\/schema\/logo\/image\/\"},\"sameAs\":[\"https:\/\/www.facebook.com\/radiojingles24\/\",\"https:\/\/x.com\/radiojingles24\"]}]}<\/script>\n<!-- \/ Yoast SEO plugin. -->","yoast_head_json":{"title":"Radio Jingles 24: Radio Jingles | DJ Drops | Podcast Intros | Jingles chant\u00e9s","description":"Radio Jingles, Sung Jingles, DJ Drops et Podcast Intros pour les stations de radio commerciales, communautaires et Internet. Bas\u00e9 au Royaume-Uni. Prix \u00e0 partir de 5 \u00a3. Commander en ligne.","robots":{"index":"index","follow":"follow","max-snippet":"max-snippet:-1","max-image-preview":"max-image-preview:large","max-video-preview":"max-video-preview:-1"},"canonical":"https:\/\/radiojingles24.com\/fr\/professional-voice-over-artist\/","og_locale":"fr_FR","og_type":"article","og_title":"Radio Jingles 24: Radio Jingles | DJ Drops | Podcast Intros | Sung Jingles","og_description":"Radio Jingles, Sung Jingles, DJ Drops, and Podcast Intros for commercial, community and internet radio stations. UK Based. Prices from \u00a35. Order online.","og_url":"https:\/\/radiojingles24.com\/fr\/professional-voice-over-artist\/","og_site_name":"Radio Jingles 24: Radio Jingles | DJ Drops | Podcast Intros | Sung Jingles","article_publisher":"https:\/\/www.facebook.com\/radiojingles24\/","article_modified_time":"2022-06-17T08:00:22+00:00","twitter_card":"summary_large_image","twitter_site":"@radiojingles24","twitter_misc":{"Dur\u00e9e de lecture estim\u00e9e":"4 minutes"},"schema":{"@context":"https:\/\/schema.org","@graph":[{"@type":"WebPage","@id":"https:\/\/radiojingles24.com\/it\/professional-voice-over-artist\/","url":"https:\/\/radiojingles24.com\/it\/professional-voice-over-artist\/","name":"Radio Jingles 24: Radio Jingles | DJ Drops | Podcast Intros | Jingles chant\u00e9s","isPartOf":{"@id":"https:\/\/radiojingles24.com\/#website"},"datePublished":"2022-06-10T07:59:09+00:00","dateModified":"2022-06-17T08:00:22+00:00","description":"Radio Jingles, Sung Jingles, DJ Drops et Podcast Intros pour les stations de radio commerciales, communautaires et Internet. Bas\u00e9 au Royaume-Uni. Prix \u00e0 partir de 5 \u00a3. Commander en ligne.","breadcrumb":{"@id":"https:\/\/radiojingles24.com\/it\/professional-voice-over-artist\/#breadcrumb"},"inLanguage":"fr-FR","potentialAction":[{"@type":"ReadAction","target":["https:\/\/radiojingles24.com\/it\/professional-voice-over-artist\/"]}]},{"@type":"BreadcrumbList","@id":"https:\/\/radiojingles24.com\/it\/professional-voice-over-artist\/#breadcrumb","itemListElement":[{"@type":"ListItem","position":1,"name":"Home","item":"https:\/\/radiojingles24.com\/de\/"},{"@type":"ListItem","position":2,"name":"Is your Radio Station Looking for a Professional Voice Over Artist?"}]},{"@type":"WebSite","@id":"https:\/\/radiojingles24.com\/#website","url":"https:\/\/radiojingles24.com\/","name":"Radio Jingles 24: Radio Jingles | DJ Drops | Podcast Intros | Jingles chant\u00e9s","description":"Radio Jingles, Sung Jingles, DJ Drops et Podcast Intros pour les stations de radio commerciales, communautaires et Internet. Bas\u00e9 au Royaume-Uni. Prix \u00e0 partir de 5 \u00a3. Commander en ligne.","publisher":{"@id":"https:\/\/radiojingles24.com\/#organization"},"potentialAction":[{"@type":"SearchAction","target":{"@type":"EntryPoint","urlTemplate":"https:\/\/radiojingles24.com\/?s={search_term_string}"},"query-input":{"@type":"PropertyValueSpecification","valueRequired":true,"valueName":"search_term_string"}}],"inLanguage":"fr-FR"},{"@type":"Organization","@id":"https:\/\/radiojingles24.com\/#organization","name":"Radio Jingles 24","url":"https:\/\/radiojingles24.com\/","logo":{"@type":"ImageObject","inLanguage":"fr-FR","@id":"https:\/\/radiojingles24.com\/#\/schema\/logo\/image\/","url":"https:\/\/radiojingles24.com\/wp-content\/uploads\/2019\/11\/RadioJingle1-1.jpg","contentUrl":"https:\/\/radiojingles24.com\/wp-content\/uploads\/2019\/11\/RadioJingle1-1.jpg","width":512,"height":158,"caption":"Radio Jingles 24"},"image":{"@id":"https:\/\/radiojingles24.com\/#\/schema\/logo\/image\/"},"sameAs":["https:\/\/www.facebook.com\/radiojingles24\/","https:\/\/x.com\/radiojingles24"]}]}},"jetpack_sharing_enabled":true,"_links":{"self":[{"href":"https:\/\/radiojingles24.com\/fr\/wp-json\/wp\/v2\/pages\/93887","targetHints":{"allow":["GET"]}}],"collection":[{"href":"https:\/\/radiojingles24.com\/fr\/wp-json\/wp\/v2\/pages"}],"about":[{"href":"https:\/\/radiojingles24.com\/fr\/wp-json\/wp\/v2\/types\/page"}],"author":[{"embeddable":true,"href":"https:\/\/radiojingles24.com\/fr\/wp-json\/wp\/v2\/users\/1"}],"replies":[{"embeddable":true,"href":"https:\/\/radiojingles24.com\/fr\/wp-json\/wp\/v2\/comments?post=93887"}],"version-history":[{"count":1,"href":"https:\/\/radiojingles24.com\/fr\/wp-json\/wp\/v2\/pages\/93887\/revisions"}],"predecessor-version":[{"id":93888,"href":"https:\/\/radiojingles24.com\/fr\/wp-json\/wp\/v2\/pages\/93887\/revisions\/93888"}],"wp:attachment":[{"href":"https:\/\/radiojingles24.com\/fr\/wp-json\/wp\/v2\/media?parent=93887"}],"curies":[{"name":"wp","href":"https:\/\/api.w.org\/{rel}","templated":true}]}}