{"id":93890,"date":"2022-06-10T08:02:23","date_gmt":"2022-06-10T08:02:23","guid":{"rendered":"https:\/\/radiojingles24.com\/?page_id=93890"},"modified":"2022-06-17T08:03:32","modified_gmt":"2022-06-17T08:03:32","slug":"professional-voice-over-jingle","status":"publish","type":"page","link":"https:\/\/radiojingles24.com\/fr\/professional-voice-over-jingle\/","title":{"rendered":"Besoin d&#039;aide pour cr\u00e9er un jingle voix off professionnel\u00a0?"},"content":{"rendered":"<div id=\"fws_69d68811cbace\"  data-midnight=\"dark\"  data-bg-mobile-hidden=\"\" class=\"wpb_row vc_row-fluid vc_row top-level standard_section\"  style=\"padding-top: 0px; padding-bottom: 0px; \"><div class=\"row-bg-wrap\" data-bg-animation=\"none\"><div class=\"inner-wrap\"><div class=\"row-bg\"  style=\"\"><\/div><\/div><div class=\"row-bg-overlay\" ><\/div><\/div><div class=\"col span_12 dark left\">\n\t<div  class=\"vc_col-sm-12 wpb_column column_container vc_column_container col no-extra-padding\"  data-t-w-inherits=\"default\" data-border-radius=\"none\" data-shadow=\"none\" data-border-animation=\"\" data-border-animation-delay=\"\" data-border-width=\"none\" data-border-style=\"solid\" data-border-color=\"\" data-bg-cover=\"\" data-padding-pos=\"all\" data-has-bg-color=\"false\" data-bg-color=\"\" data-bg-opacity=\"1\" data-hover-bg=\"\" data-hover-bg-opacity=\"1\" data-animation=\"\" data-delay=\"0\"><div class=\"column-bg-overlay\"><\/div>\n\t\t<div class=\"vc_column-inner\">\n\t\t\t<div class=\"wpb_wrapper\">\n\t\t\t\t\r\n\t<div class=\"wpb_text_column wpb_content_element\" >\r\n\t\t<div class=\"wpb_wrapper\">\r\n\t\t\t<p><span style=\"font-weight: 400;\">Vous avez besoin d&#039;un jingle voix off \u00e9conomique et de haute qualit\u00e9 pour votre station de radio, votre cha\u00eene YouTube, votre publicit\u00e9 ou votre podcast\u00a0? Les jingles sont essentiels pour cr\u00e9er une voix pour votre marque et aider \u00e0 cr\u00e9er une identit\u00e9. Ici \u00e0 <\/span><a href=\"https:\/\/radiojingles24.com\/fr\/\"><span style=\"font-weight: 400;\">Radio Jingles 24<\/span><\/a><span style=\"font-weight: 400;\"> nous pouvons vous aider \u00e0 cr\u00e9er le jingle parfait. Nous savons \u00e0 quel point il est important d&#039;avoir une voix off jingle qui parle \u00e0 vos auditeurs et les fait se sentir connect\u00e9s \u00e0 vous et \u00e0 votre \u00e9mission, c&#039;est pourquoi nous avons un \u00e9norme catalogue de musique libre de droits, SFX et voix off - pour cr\u00e9er le jingle parfait pour vous.\u00a0<\/span><\/p>\n<p>&nbsp;<\/p>\n<p><span style=\"font-weight: 400;\">Radio Jingles 24 est une soci\u00e9t\u00e9 de production d&#039;images bas\u00e9e au Royaume-Uni, avec plus de 10 ans d&#039;exp\u00e9rience dans la cr\u00e9ation de superbes sons et jingles pour une vari\u00e9t\u00e9 d&#039;utilisations audio. Vous pouvez choisir la voix off parfaite pour votre jingle, ainsi que personnaliser la dur\u00e9e de votre jingle, la musique, les effets, le script et plus encore. Nous offrons \u00e0 nos clients un d\u00e9lai d&#039;ex\u00e9cution extr\u00eamement rapide, votre jingle \u00e9tant chez vous en moins de 24 heures dans un format audio qui vous convient. Nous sommes fiers de notre fantastique service client, ainsi que de la qualit\u00e9 et du soin apport\u00e9s \u00e0 chaque jingle que nous cr\u00e9ons.<\/span><\/p>\n<p>&nbsp;<\/p>\n<p><span style=\"font-weight: 400;\">Pr\u00eat \u00e0 ce que nous cr\u00e9ions votre jingle voix off\u00a0? <\/span><a href=\"https:\/\/radiojingles24.com\/fr\/contact-us\/\"><span style=\"font-weight: 400;\">Contactez-nous<\/span><\/a><span style=\"font-weight: 400;\"> aujourd&#039;hui.<\/span><\/p>\n<p>&nbsp;<\/p>\n<p><b>Bienvenue sur Radio Jingles 24<\/b><\/p>\n<p>&nbsp;<\/p>\n<p><span style=\"font-weight: 400;\">Chez Radio Jingles 24, nous offrons aux clients des jingles rapides, faciles et professionnels pour un certain nombre de besoins - que ce soit pour votre podcast, votre publicit\u00e9, votre station de radio ou votre cha\u00eene YouTube. Quiconque a besoin d&#039;un jingle cr\u00e9\u00e9, nous pouvons vous aider. Nous avons un \u00e9norme catalogue de musique et SFX libres de droits\u00a0; nous sommes s\u00fbrs d&#039;avoir quelque chose pour r\u00e9pondre \u00e0 vos besoins.\u00a0<\/span><\/p>\n<p>&nbsp;<\/p>\n<p><span style=\"font-weight: 400;\">Avec plus de 10 ans d&#039;exp\u00e9rience dans la production audio, vous pouvez \u00eatre assur\u00e9 que votre son fini sera fantastique. Notre \u00e9quipe travaillera sa magie pour cr\u00e9er un jingle personnalis\u00e9 et sur mesure adapt\u00e9 \u00e0 vous et \u00e0 vos besoins, cr\u00e9ant le jingle voix off parfait qui est sp\u00e9cifique \u00e0 vous et \u00e0 votre marque.<\/span><\/p>\n<p>&nbsp;<\/p>\n<p><b>Nos voix<\/b><\/p>\n<p>&nbsp;<\/p>\n<p><span style=\"font-weight: 400;\">Vous pouvez \u00e9couter <\/span><a href=\"https:\/\/radiojingles24.com\/fr\/#voices\"><span style=\"font-weight: 400;\">d\u00e9mos de nos voix off et chanteurs<\/span><\/a><span style=\"font-weight: 400;\"> sur notre site Web pour entendre quelques-unes des options de voix off dont nous disposons pour nos jingles. Choisissez parmi notre gamme de voix off pour trouver la voix parfaite pour votre jingle - que vous recherchiez un ton autoritaire, s\u00e9duisant ou comique, nous aurons une voix pour vous. Nous avons une gamme de voix off disponibles avec des voix f\u00e9minines et masculines, donc quel que soit le type de voix que vous recherchez, vous pouvez la trouver avec Radio Jingles 24.<\/span><\/p>\n<p>&nbsp;<\/p>\n<p><b>Pr\u00eat \u00e0 cr\u00e9er votre jingle voix off\u00a0?<\/b><\/p>\n<p><span style=\"font-weight: 400;\">Vous pouvez contacter notre \u00e9quipe d\u00e8s aujourd&#039;hui en remplissant notre <\/span><a href=\"https:\/\/radiojingles24.com\/fr\/contact-us\/\"><span style=\"font-weight: 400;\">formulaire en ligne<\/span><\/a><span style=\"font-weight: 400;\"> et un membre de notre \u00e9quipe vous contactera. Notre \u00e9quipe se fera un plaisir de vous aider et de r\u00e9pondre \u00e0 toutes vos questions concernant nos services de jingle. Ou bien, vous pouvez nous appeler au + 44 0113 534 6686 (Royaume-Uni) ou + 1 (212) 710 - 1350 (US), ou envoyer un e-mail \u00e0 notre \u00e9quipe directement \u00e0 <\/span><a href=\"mailto:info@radiojingles24.com\"><span style=\"font-weight: 400;\">info@radiojingles24.com<\/span><\/a><span style=\"font-weight: 400;\">. Si vous souhaitez en savoir plus sur nous et nos services ici \u00e0 Radio Jingles 24, vous pouvez en savoir plus sur notre site Web. Nous avons h\u00e2te d&#039;avoir de tes nouvelles.<\/span><\/p>\n\r\n\t\t<\/div>\r\n\t<\/div>\r\n\n\t\t\t<\/div> \n\t\t<\/div>\n\t<\/div> \n<\/div><\/div>","protected":false},"excerpt":{"rendered":"Vous avez besoin d&#039;un jingle voix off \u00e9conomique et de haute qualit\u00e9 pour votre station de radio, votre cha\u00eene YouTube, votre publicit\u00e9 ou votre podcast\u00a0? Les jingles sont essentiels pour cr\u00e9er une voix pour votre marque en aidant...","protected":false},"author":1,"featured_media":0,"parent":0,"menu_order":0,"comment_status":"closed","ping_status":"closed","template":"","meta":{"_exactmetrics_skip_tracking":false,"_exactmetrics_sitenote_active":false,"_exactmetrics_sitenote_note":"","_exactmetrics_sitenote_category":0,"footnotes":""},"class_list":["post-93890","page","type-page","status-publish"],"yoast_head":"<!-- This site is optimized with the Yoast SEO plugin v26.8 - https:\/\/yoast.com\/product\/yoast-seo-wordpress\/ -->\n<title>Radio Jingles 24: Radio Jingles | DJ Drops | Podcast Intros | Sung Jingles<\/title>\n<meta name=\"description\" content=\"Radio Jingles, Sung Jingles, DJ Drops, and Podcast Intros for commercial, community and internet radio stations. UK Based. Prices from \u00a35. Order online.\" \/>\n<meta name=\"robots\" content=\"index, follow, max-snippet:-1, max-image-preview:large, max-video-preview:-1\" \/>\n<link rel=\"canonical\" href=\"https:\/\/radiojingles24.com\/fr\/professional-voice-over-jingle\/\" \/>\n<meta property=\"og:locale\" content=\"fr_FR\" \/>\n<meta property=\"og:type\" content=\"article\" \/>\n<meta property=\"og:title\" content=\"Radio Jingles 24: Radio Jingles | DJ Drops | Podcast Intros | Sung Jingles\" \/>\n<meta property=\"og:description\" content=\"Radio Jingles, Sung Jingles, DJ Drops, and Podcast Intros for commercial, community and internet radio stations. UK Based. Prices from \u00a35. Order online.\" \/>\n<meta property=\"og:url\" content=\"https:\/\/radiojingles24.com\/fr\/professional-voice-over-jingle\/\" \/>\n<meta property=\"og:site_name\" content=\"Radio Jingles 24: Radio Jingles | DJ Drops | Podcast Intros | Sung Jingles\" \/>\n<meta property=\"article:publisher\" content=\"https:\/\/www.facebook.com\/radiojingles24\/\" \/>\n<meta property=\"article:modified_time\" content=\"2022-06-17T08:03:32+00:00\" \/>\n<meta name=\"twitter:card\" content=\"summary_large_image\" \/>\n<meta name=\"twitter:site\" content=\"@radiojingles24\" \/>\n<meta name=\"twitter:label1\" content=\"Dur\u00e9e de lecture estim\u00e9e\" \/>\n\t<meta name=\"twitter:data1\" content=\"3 minutes\" \/>\n<script type=\"application\/ld+json\" class=\"yoast-schema-graph\">{\"@context\":\"https:\/\/schema.org\",\"@graph\":[{\"@type\":\"WebPage\",\"@id\":\"https:\/\/radiojingles24.com\/professional-voice-over-jingle\/\",\"url\":\"https:\/\/radiojingles24.com\/professional-voice-over-jingle\/\",\"name\":\"Radio Jingles 24: Radio Jingles | DJ Drops | Podcast Intros | Sung Jingles\",\"isPartOf\":{\"@id\":\"https:\/\/radiojingles24.com\/#website\"},\"datePublished\":\"2022-06-10T08:02:23+00:00\",\"dateModified\":\"2022-06-17T08:03:32+00:00\",\"description\":\"Radio Jingles, Sung Jingles, DJ Drops, and Podcast Intros for commercial, community and internet radio stations. UK Based. Prices from \u00a35. Order online.\",\"breadcrumb\":{\"@id\":\"https:\/\/radiojingles24.com\/professional-voice-over-jingle\/#breadcrumb\"},\"inLanguage\":\"fr-FR\",\"potentialAction\":[{\"@type\":\"ReadAction\",\"target\":[\"https:\/\/radiojingles24.com\/professional-voice-over-jingle\/\"]}]},{\"@type\":\"BreadcrumbList\",\"@id\":\"https:\/\/radiojingles24.com\/professional-voice-over-jingle\/#breadcrumb\",\"itemListElement\":[{\"@type\":\"ListItem\",\"position\":1,\"name\":\"Home\",\"item\":\"https:\/\/radiojingles24.com\/de\/\"},{\"@type\":\"ListItem\",\"position\":2,\"name\":\"Need Help Creating a Professional Voice Over Jingle?\"}]},{\"@type\":\"WebSite\",\"@id\":\"https:\/\/radiojingles24.com\/#website\",\"url\":\"https:\/\/radiojingles24.com\/\",\"name\":\"Radio Jingles 24: Radio Jingles | DJ Drops | Podcast Intros | Sung Jingles\",\"description\":\"Radio Jingles, Sung Jingles, DJ Drops, and Podcast Intros for commercial, community and internet radio stations. UK Based. Prices from \u00a35. Order online.\",\"publisher\":{\"@id\":\"https:\/\/radiojingles24.com\/#organization\"},\"potentialAction\":[{\"@type\":\"SearchAction\",\"target\":{\"@type\":\"EntryPoint\",\"urlTemplate\":\"https:\/\/radiojingles24.com\/?s={search_term_string}\"},\"query-input\":{\"@type\":\"PropertyValueSpecification\",\"valueRequired\":true,\"valueName\":\"search_term_string\"}}],\"inLanguage\":\"fr-FR\"},{\"@type\":\"Organization\",\"@id\":\"https:\/\/radiojingles24.com\/#organization\",\"name\":\"Radio Jingles 24\",\"url\":\"https:\/\/radiojingles24.com\/\",\"logo\":{\"@type\":\"ImageObject\",\"inLanguage\":\"fr-FR\",\"@id\":\"https:\/\/radiojingles24.com\/#\/schema\/logo\/image\/\",\"url\":\"https:\/\/radiojingles24.com\/wp-content\/uploads\/2019\/11\/RadioJingle1-1.jpg\",\"contentUrl\":\"https:\/\/radiojingles24.com\/wp-content\/uploads\/2019\/11\/RadioJingle1-1.jpg\",\"width\":512,\"height\":158,\"caption\":\"Radio Jingles 24\"},\"image\":{\"@id\":\"https:\/\/radiojingles24.com\/#\/schema\/logo\/image\/\"},\"sameAs\":[\"https:\/\/www.facebook.com\/radiojingles24\/\",\"https:\/\/x.com\/radiojingles24\"]}]}<\/script>\n<!-- \/ Yoast SEO plugin. -->","yoast_head_json":{"title":"Radio Jingles 24: Radio Jingles | DJ Drops | Podcast Intros | Jingles chant\u00e9s","description":"Radio Jingles, Sung Jingles, DJ Drops et Podcast Intros pour les stations de radio commerciales, communautaires et Internet. Bas\u00e9 au Royaume-Uni. Prix \u00e0 partir de 5 \u00a3. Commander en ligne.","robots":{"index":"index","follow":"follow","max-snippet":"max-snippet:-1","max-image-preview":"max-image-preview:large","max-video-preview":"max-video-preview:-1"},"canonical":"https:\/\/radiojingles24.com\/fr\/professional-voice-over-jingle\/","og_locale":"fr_FR","og_type":"article","og_title":"Radio Jingles 24: Radio Jingles | DJ Drops | Podcast Intros | Sung Jingles","og_description":"Radio Jingles, Sung Jingles, DJ Drops, and Podcast Intros for commercial, community and internet radio stations. UK Based. Prices from \u00a35. Order online.","og_url":"https:\/\/radiojingles24.com\/fr\/professional-voice-over-jingle\/","og_site_name":"Radio Jingles 24: Radio Jingles | DJ Drops | Podcast Intros | Sung Jingles","article_publisher":"https:\/\/www.facebook.com\/radiojingles24\/","article_modified_time":"2022-06-17T08:03:32+00:00","twitter_card":"summary_large_image","twitter_site":"@radiojingles24","twitter_misc":{"Dur\u00e9e de lecture estim\u00e9e":"3 minutes"},"schema":{"@context":"https:\/\/schema.org","@graph":[{"@type":"WebPage","@id":"https:\/\/radiojingles24.com\/professional-voice-over-jingle\/","url":"https:\/\/radiojingles24.com\/professional-voice-over-jingle\/","name":"Radio Jingles 24: Radio Jingles | DJ Drops | Podcast Intros | Jingles chant\u00e9s","isPartOf":{"@id":"https:\/\/radiojingles24.com\/#website"},"datePublished":"2022-06-10T08:02:23+00:00","dateModified":"2022-06-17T08:03:32+00:00","description":"Radio Jingles, Sung Jingles, DJ Drops et Podcast Intros pour les stations de radio commerciales, communautaires et Internet. Bas\u00e9 au Royaume-Uni. Prix \u00e0 partir de 5 \u00a3. Commander en ligne.","breadcrumb":{"@id":"https:\/\/radiojingles24.com\/professional-voice-over-jingle\/#breadcrumb"},"inLanguage":"fr-FR","potentialAction":[{"@type":"ReadAction","target":["https:\/\/radiojingles24.com\/professional-voice-over-jingle\/"]}]},{"@type":"BreadcrumbList","@id":"https:\/\/radiojingles24.com\/professional-voice-over-jingle\/#breadcrumb","itemListElement":[{"@type":"ListItem","position":1,"name":"Home","item":"https:\/\/radiojingles24.com\/de\/"},{"@type":"ListItem","position":2,"name":"Need Help Creating a Professional Voice Over Jingle?"}]},{"@type":"WebSite","@id":"https:\/\/radiojingles24.com\/#website","url":"https:\/\/radiojingles24.com\/","name":"Radio Jingles 24: Radio Jingles | DJ Drops | Podcast Intros | Jingles chant\u00e9s","description":"Radio Jingles, Sung Jingles, DJ Drops et Podcast Intros pour les stations de radio commerciales, communautaires et Internet. Bas\u00e9 au Royaume-Uni. Prix \u00e0 partir de 5 \u00a3. Commander en ligne.","publisher":{"@id":"https:\/\/radiojingles24.com\/#organization"},"potentialAction":[{"@type":"SearchAction","target":{"@type":"EntryPoint","urlTemplate":"https:\/\/radiojingles24.com\/?s={search_term_string}"},"query-input":{"@type":"PropertyValueSpecification","valueRequired":true,"valueName":"search_term_string"}}],"inLanguage":"fr-FR"},{"@type":"Organization","@id":"https:\/\/radiojingles24.com\/#organization","name":"Radio Jingles 24","url":"https:\/\/radiojingles24.com\/","logo":{"@type":"ImageObject","inLanguage":"fr-FR","@id":"https:\/\/radiojingles24.com\/#\/schema\/logo\/image\/","url":"https:\/\/radiojingles24.com\/wp-content\/uploads\/2019\/11\/RadioJingle1-1.jpg","contentUrl":"https:\/\/radiojingles24.com\/wp-content\/uploads\/2019\/11\/RadioJingle1-1.jpg","width":512,"height":158,"caption":"Radio Jingles 24"},"image":{"@id":"https:\/\/radiojingles24.com\/#\/schema\/logo\/image\/"},"sameAs":["https:\/\/www.facebook.com\/radiojingles24\/","https:\/\/x.com\/radiojingles24"]}]}},"jetpack_sharing_enabled":true,"_links":{"self":[{"href":"https:\/\/radiojingles24.com\/fr\/wp-json\/wp\/v2\/pages\/93890","targetHints":{"allow":["GET"]}}],"collection":[{"href":"https:\/\/radiojingles24.com\/fr\/wp-json\/wp\/v2\/pages"}],"about":[{"href":"https:\/\/radiojingles24.com\/fr\/wp-json\/wp\/v2\/types\/page"}],"author":[{"embeddable":true,"href":"https:\/\/radiojingles24.com\/fr\/wp-json\/wp\/v2\/users\/1"}],"replies":[{"embeddable":true,"href":"https:\/\/radiojingles24.com\/fr\/wp-json\/wp\/v2\/comments?post=93890"}],"version-history":[{"count":1,"href":"https:\/\/radiojingles24.com\/fr\/wp-json\/wp\/v2\/pages\/93890\/revisions"}],"predecessor-version":[{"id":93891,"href":"https:\/\/radiojingles24.com\/fr\/wp-json\/wp\/v2\/pages\/93890\/revisions\/93891"}],"wp:attachment":[{"href":"https:\/\/radiojingles24.com\/fr\/wp-json\/wp\/v2\/media?parent=93890"}],"curies":[{"name":"wp","href":"https:\/\/api.w.org\/{rel}","templated":true}]}}