{"id":93892,"date":"2022-06-10T08:03:57","date_gmt":"2022-06-10T08:03:57","guid":{"rendered":"https:\/\/radiojingles24.com\/?page_id=93892"},"modified":"2022-06-17T08:04:48","modified_gmt":"2022-06-17T08:04:48","slug":"perfect-jingle-for-your-podcast","status":"publish","type":"page","link":"https:\/\/radiojingles24.com\/fr\/perfect-jingle-for-your-podcast\/","title":{"rendered":"Vous voulez cr\u00e9er le jingle parfait pour votre podcast\u00a0?"},"content":{"rendered":"<div id=\"fws_69d50ea0d1766\"  data-midnight=\"dark\"  data-bg-mobile-hidden=\"\" class=\"wpb_row vc_row-fluid vc_row top-level standard_section\"  style=\"padding-top: 0px; padding-bottom: 0px; \"><div class=\"row-bg-wrap\" data-bg-animation=\"none\"><div class=\"inner-wrap\"><div class=\"row-bg\"  style=\"\"><\/div><\/div><div class=\"row-bg-overlay\" ><\/div><\/div><div class=\"col span_12 dark left\">\n\t<div  class=\"vc_col-sm-12 wpb_column column_container vc_column_container col no-extra-padding\"  data-t-w-inherits=\"default\" data-border-radius=\"none\" data-shadow=\"none\" data-border-animation=\"\" data-border-animation-delay=\"\" data-border-width=\"none\" data-border-style=\"solid\" data-border-color=\"\" data-bg-cover=\"\" data-padding-pos=\"all\" data-has-bg-color=\"false\" data-bg-color=\"\" data-bg-opacity=\"1\" data-hover-bg=\"\" data-hover-bg-opacity=\"1\" data-animation=\"\" data-delay=\"0\"><div class=\"column-bg-overlay\"><\/div>\n\t\t<div class=\"vc_column-inner\">\n\t\t\t<div class=\"wpb_wrapper\">\n\t\t\t\t\r\n\t<div class=\"wpb_text_column wpb_content_element\" >\r\n\t\t<div class=\"wpb_wrapper\">\r\n\t\t\t<p><span style=\"font-weight: 400;\">Cherchez-vous \u00e0 cr\u00e9er le jingle parfait pour votre podcast qui am\u00e9liorera l&#039;exp\u00e9rience audio de vos auditeurs et vous donnera une voix vraiment unique dont il a besoin\u00a0? Bienvenue \u00e0 <\/span><a href=\"https:\/\/radiojingles24.com\/fr\/\"><span style=\"font-weight: 400;\">Radio Jingles 24<\/span><\/a><span style=\"font-weight: 400;\">, une soci\u00e9t\u00e9 de production d&#039;images bas\u00e9e au Royaume-Uni avec plus de 10 ans d&#039;exp\u00e9rience dans la cr\u00e9ation de superbes sons et jingles pour une gamme d&#039;utilisations audio.<\/span><\/p>\n<p>&nbsp;<\/p>\n<p><span style=\"font-weight: 400;\">Nous cr\u00e9ons des jingles de podcast, des jingles radio chant\u00e9s, des jingles commerciaux, des DJ drops et des images de stations de radio, tout en offrant des services de production commerciale \u00e9tendus. Vous pouvez d\u00e9cider de votre voix off, de votre script, de la dur\u00e9e de l&#039;audio, de la musique, des effets et bien plus encore pour le rendre unique et sur mesure. Notre \u00e9quipe cr\u00e9era votre jingle de podcast personnalis\u00e9 et vous le fera livrer dans les 24 heures, 7 jours sur 7, ce qui rend notre service rapide et efficace.<\/span><\/p>\n<p>&nbsp;<\/p>\n<p><span style=\"font-weight: 400;\">Pr\u00eat pour que nous cr\u00e9ions votre jingle de podcast\u00a0? <\/span><a href=\"https:\/\/radiojingles24.com\/fr\/contact-us\/\"><span style=\"font-weight: 400;\">Contactez-nous<\/span><\/a><span style=\"font-weight: 400;\"> aujourd&#039;hui.<\/span><\/p>\n<p>&nbsp;<\/p>\n<p><b>Pourquoi un jingle de podcast est-il important\u00a0?<\/b><\/p>\n<p>&nbsp;<\/p>\n<p><span style=\"font-weight: 400;\">Vous pensez peut-\u00eatre, ai-je vraiment besoin d&#039;un jingle pour mon podcast ? La r\u00e9ponse est oui. Avoir une musique coh\u00e9rente dans votre podcast aidera \u00e0 familiariser vos auditeurs et les fera se sentir plus connect\u00e9s \u00e0 vous et \u00e0 votre \u00e9mission. Nous nous souvenons tous des th\u00e8mes et des jingles des \u00e9missions, des cha\u00eenes YouTube et des stations de radio que nous \u00e9coutons - et c&#039;est pourquoi c&#039;est tout aussi important pour un podcast.\u00a0<\/span><\/p>\n<p>&nbsp;<\/p>\n<p><span style=\"font-weight: 400;\">Un jingle est particuli\u00e8rement essentiel pour un podcast car il n&#039;y a pas de vid\u00e9o ou de visuels, juste l&#039;audio, vous devez donc vous assurer que vous vous d\u00e9marquez et que vous restez dans la m\u00e9moire de vos auditeurs. Vous devez \u00e9tablir votre podcast comme une marque \u00e0 part enti\u00e8re et donner \u00e0 vos auditeurs quelque chose dont ils se souviendront. Les jingles sont aussi parfois connus comme le \u00ab\u00a0logo visuel\u00a0\u00bb du son et offrent \u00e0 vos auditeurs une exp\u00e9rience audio compl\u00e8te.<\/span><\/p>\n<p>&nbsp;<\/p>\n<p><b>Comment \u00e7a fonctionne<\/b><\/p>\n<p>&nbsp;<\/p>\n<ul>\n<li aria-level=\"1\"><b>Choisissez vos options<\/b><\/li>\n<\/ul>\n<p>&nbsp;<\/p>\n<p><span style=\"font-weight: 400;\">D&#039;abord, dites-nous un peu ce que vous attendez de votre jingle et donnez-nous les informations sur votre podcast dont nous avons besoin pour cr\u00e9er votre chef-d&#039;\u0153uvre. \u00c9crivez votre script, choisissez votre voix off ou envoyez-nous la v\u00f4tre, s\u00e9lectionnez la dur\u00e9e de l&#039;audio, choisissez votre musique et d\u00e9cidez si vous voulez que votre jingle soit sec ou enti\u00e8rement produit avec de la musique ou des effets sp\u00e9ciaux.\u00a0<\/span><\/p>\n<p>&nbsp;<\/p>\n<ul>\n<li aria-level=\"1\"><b>Nous enregistrons<\/b><\/li>\n<\/ul>\n<p>&nbsp;<\/p>\n<p><span style=\"font-weight: 400;\">Ensuite, notre \u00e9quipe travaillera sa magie. Nous produirons, \u00e9diterons et masteriserons enti\u00e8rement votre jingle de podcast.<\/span><\/p>\n<p>&nbsp;<\/p>\n<ul>\n<li aria-level=\"1\"><b>Nous livrons<\/b><\/li>\n<\/ul>\n<p>&nbsp;<\/p>\n<p><span style=\"font-weight: 400;\">Nous livrons tous nos jingles sous 24h. Votre jingle peut vous \u00eatre envoy\u00e9 sous forme de fichier HQ WAVE, MP3 ou AIFF, 100% libre de droits.<\/span><\/p>\n<p>&nbsp;<\/p>\n<p><b>Explorez nos options de jingle de podcast<\/b><\/p>\n<p>&nbsp;<\/p>\n<p><span style=\"font-weight: 400;\">Chez Radio Jingles 24, nous offrons \u00e0 nos clients des jingles rapides, faciles et professionnels pour un certain nombre de besoins - que ce soit pour votre podcast, votre publicit\u00e9, votre station de radio ou votre cha\u00eene YouTube. Nous avons un \u00e9norme catalogue de musique et de SFX libres de droits, nous sommes donc s\u00fbrs d&#039;avoir quelque chose que vous aimerez. Nous avons plus de 10 ans d&#039;exp\u00e9rience dans la production audio, vous pouvez donc \u00eatre assur\u00e9 que le son fini sera fantastique.<\/span><\/p>\n<p><span style=\"font-weight: 400;\">Vous pouvez contacter notre \u00e9quipe d\u00e8s aujourd&#039;hui en remplissant notre <\/span><a href=\"https:\/\/radiojingles24.com\/fr\/contact-us\/\"><span style=\"font-weight: 400;\">formulaire en ligne<\/span><\/a><span style=\"font-weight: 400;\"> et un membre de notre \u00e9quipe vous contactera. Notre \u00e9quipe se fera un plaisir de vous aider et de r\u00e9pondre \u00e0 toutes vos questions concernant nos services de cr\u00e9ation de jingles. Ou bien, vous pouvez nous appeler au + 44 0113 534 6686 (Royaume-Uni) ou + 1 (212) 710 - 1350 (US), ou envoyer un e-mail \u00e0 notre \u00e9quipe directement \u00e0 <\/span><a href=\"mailto:info@radiojingles24.com\"><span style=\"font-weight: 400;\">info@radiojingles24.com<\/span><\/a><span style=\"font-weight: 400;\">.<\/span><\/p>\n\r\n\t\t<\/div>\r\n\t<\/div>\r\n\n\t\t\t<\/div> \n\t\t<\/div>\n\t<\/div> \n<\/div><\/div>","protected":false},"excerpt":{"rendered":"Cherchez-vous \u00e0 cr\u00e9er le jingle parfait pour votre podcast qui am\u00e9liorera l&#039;exp\u00e9rience audio de vos auditeurs et vous donnera une voix vraiment unique dont il a besoin\u00a0? Accueillir...","protected":false},"author":1,"featured_media":0,"parent":0,"menu_order":0,"comment_status":"closed","ping_status":"closed","template":"","meta":{"_exactmetrics_skip_tracking":false,"_exactmetrics_sitenote_active":false,"_exactmetrics_sitenote_note":"","_exactmetrics_sitenote_category":0,"footnotes":""},"class_list":["post-93892","page","type-page","status-publish"],"yoast_head":"<!-- This site is optimized with the Yoast SEO plugin v26.8 - https:\/\/yoast.com\/product\/yoast-seo-wordpress\/ -->\n<title>Radio Jingles 24: Radio Jingles | DJ Drops | Podcast Intros | Sung Jingles<\/title>\n<meta name=\"description\" content=\"Radio Jingles, Sung Jingles, DJ Drops, and Podcast Intros for commercial, community and internet radio stations. UK Based. Prices from \u00a35. Order online.\" \/>\n<meta name=\"robots\" content=\"index, follow, max-snippet:-1, max-image-preview:large, max-video-preview:-1\" \/>\n<link rel=\"canonical\" href=\"https:\/\/radiojingles24.com\/fr\/perfect-jingle-for-your-podcast\/\" \/>\n<meta property=\"og:locale\" content=\"fr_FR\" \/>\n<meta property=\"og:type\" content=\"article\" \/>\n<meta property=\"og:title\" content=\"Radio Jingles 24: Radio Jingles | DJ Drops | Podcast Intros | Sung Jingles\" \/>\n<meta property=\"og:description\" content=\"Radio Jingles, Sung Jingles, DJ Drops, and Podcast Intros for commercial, community and internet radio stations. UK Based. Prices from \u00a35. Order online.\" \/>\n<meta property=\"og:url\" content=\"https:\/\/radiojingles24.com\/fr\/perfect-jingle-for-your-podcast\/\" \/>\n<meta property=\"og:site_name\" content=\"Radio Jingles 24: Radio Jingles | DJ Drops | Podcast Intros | Sung Jingles\" \/>\n<meta property=\"article:publisher\" content=\"https:\/\/www.facebook.com\/radiojingles24\/\" \/>\n<meta property=\"article:modified_time\" content=\"2022-06-17T08:04:48+00:00\" \/>\n<meta name=\"twitter:card\" content=\"summary_large_image\" \/>\n<meta name=\"twitter:site\" content=\"@radiojingles24\" \/>\n<meta name=\"twitter:label1\" content=\"Dur\u00e9e de lecture estim\u00e9e\" \/>\n\t<meta name=\"twitter:data1\" content=\"3 minutes\" \/>\n<script type=\"application\/ld+json\" class=\"yoast-schema-graph\">{\"@context\":\"https:\/\/schema.org\",\"@graph\":[{\"@type\":\"WebPage\",\"@id\":\"https:\/\/radiojingles24.com\/perfect-jingle-for-your-podcast\/\",\"url\":\"https:\/\/radiojingles24.com\/perfect-jingle-for-your-podcast\/\",\"name\":\"Radio Jingles 24: Radio Jingles | DJ Drops | Podcast Intros | Sung Jingles\",\"isPartOf\":{\"@id\":\"https:\/\/radiojingles24.com\/#website\"},\"datePublished\":\"2022-06-10T08:03:57+00:00\",\"dateModified\":\"2022-06-17T08:04:48+00:00\",\"description\":\"Radio Jingles, Sung Jingles, DJ Drops, and Podcast Intros for commercial, community and internet radio stations. UK Based. Prices from \u00a35. Order online.\",\"breadcrumb\":{\"@id\":\"https:\/\/radiojingles24.com\/perfect-jingle-for-your-podcast\/#breadcrumb\"},\"inLanguage\":\"fr-FR\",\"potentialAction\":[{\"@type\":\"ReadAction\",\"target\":[\"https:\/\/radiojingles24.com\/perfect-jingle-for-your-podcast\/\"]}]},{\"@type\":\"BreadcrumbList\",\"@id\":\"https:\/\/radiojingles24.com\/perfect-jingle-for-your-podcast\/#breadcrumb\",\"itemListElement\":[{\"@type\":\"ListItem\",\"position\":1,\"name\":\"Home\",\"item\":\"https:\/\/radiojingles24.com\/de\/\"},{\"@type\":\"ListItem\",\"position\":2,\"name\":\"Want to Create the Perfect Jingle for your Podcast?\"}]},{\"@type\":\"WebSite\",\"@id\":\"https:\/\/radiojingles24.com\/#website\",\"url\":\"https:\/\/radiojingles24.com\/\",\"name\":\"Radio Jingles 24: Radio Jingles | DJ Drops | Podcast Intros | Sung Jingles\",\"description\":\"Radio Jingles, Sung Jingles, DJ Drops, and Podcast Intros for commercial, community and internet radio stations. UK Based. Prices from \u00a35. Order online.\",\"publisher\":{\"@id\":\"https:\/\/radiojingles24.com\/#organization\"},\"potentialAction\":[{\"@type\":\"SearchAction\",\"target\":{\"@type\":\"EntryPoint\",\"urlTemplate\":\"https:\/\/radiojingles24.com\/?s={search_term_string}\"},\"query-input\":{\"@type\":\"PropertyValueSpecification\",\"valueRequired\":true,\"valueName\":\"search_term_string\"}}],\"inLanguage\":\"fr-FR\"},{\"@type\":\"Organization\",\"@id\":\"https:\/\/radiojingles24.com\/#organization\",\"name\":\"Radio Jingles 24\",\"url\":\"https:\/\/radiojingles24.com\/\",\"logo\":{\"@type\":\"ImageObject\",\"inLanguage\":\"fr-FR\",\"@id\":\"https:\/\/radiojingles24.com\/#\/schema\/logo\/image\/\",\"url\":\"https:\/\/radiojingles24.com\/wp-content\/uploads\/2019\/11\/RadioJingle1-1.jpg\",\"contentUrl\":\"https:\/\/radiojingles24.com\/wp-content\/uploads\/2019\/11\/RadioJingle1-1.jpg\",\"width\":512,\"height\":158,\"caption\":\"Radio Jingles 24\"},\"image\":{\"@id\":\"https:\/\/radiojingles24.com\/#\/schema\/logo\/image\/\"},\"sameAs\":[\"https:\/\/www.facebook.com\/radiojingles24\/\",\"https:\/\/x.com\/radiojingles24\"]}]}<\/script>\n<!-- \/ Yoast SEO plugin. -->","yoast_head_json":{"title":"Radio Jingles 24: Radio Jingles | DJ Drops | Podcast Intros | Jingles chant\u00e9s","description":"Radio Jingles, Sung Jingles, DJ Drops et Podcast Intros pour les stations de radio commerciales, communautaires et Internet. Bas\u00e9 au Royaume-Uni. Prix \u00e0 partir de 5 \u00a3. Commander en ligne.","robots":{"index":"index","follow":"follow","max-snippet":"max-snippet:-1","max-image-preview":"max-image-preview:large","max-video-preview":"max-video-preview:-1"},"canonical":"https:\/\/radiojingles24.com\/fr\/perfect-jingle-for-your-podcast\/","og_locale":"fr_FR","og_type":"article","og_title":"Radio Jingles 24: Radio Jingles | DJ Drops | Podcast Intros | Sung Jingles","og_description":"Radio Jingles, Sung Jingles, DJ Drops, and Podcast Intros for commercial, community and internet radio stations. UK Based. Prices from \u00a35. Order online.","og_url":"https:\/\/radiojingles24.com\/fr\/perfect-jingle-for-your-podcast\/","og_site_name":"Radio Jingles 24: Radio Jingles | DJ Drops | Podcast Intros | Sung Jingles","article_publisher":"https:\/\/www.facebook.com\/radiojingles24\/","article_modified_time":"2022-06-17T08:04:48+00:00","twitter_card":"summary_large_image","twitter_site":"@radiojingles24","twitter_misc":{"Dur\u00e9e de lecture estim\u00e9e":"3 minutes"},"schema":{"@context":"https:\/\/schema.org","@graph":[{"@type":"WebPage","@id":"https:\/\/radiojingles24.com\/perfect-jingle-for-your-podcast\/","url":"https:\/\/radiojingles24.com\/perfect-jingle-for-your-podcast\/","name":"Radio Jingles 24: Radio Jingles | DJ Drops | Podcast Intros | Jingles chant\u00e9s","isPartOf":{"@id":"https:\/\/radiojingles24.com\/#website"},"datePublished":"2022-06-10T08:03:57+00:00","dateModified":"2022-06-17T08:04:48+00:00","description":"Radio Jingles, Sung Jingles, DJ Drops et Podcast Intros pour les stations de radio commerciales, communautaires et Internet. Bas\u00e9 au Royaume-Uni. Prix \u00e0 partir de 5 \u00a3. Commander en ligne.","breadcrumb":{"@id":"https:\/\/radiojingles24.com\/perfect-jingle-for-your-podcast\/#breadcrumb"},"inLanguage":"fr-FR","potentialAction":[{"@type":"ReadAction","target":["https:\/\/radiojingles24.com\/perfect-jingle-for-your-podcast\/"]}]},{"@type":"BreadcrumbList","@id":"https:\/\/radiojingles24.com\/perfect-jingle-for-your-podcast\/#breadcrumb","itemListElement":[{"@type":"ListItem","position":1,"name":"Home","item":"https:\/\/radiojingles24.com\/de\/"},{"@type":"ListItem","position":2,"name":"Want to Create the Perfect Jingle for your Podcast?"}]},{"@type":"WebSite","@id":"https:\/\/radiojingles24.com\/#website","url":"https:\/\/radiojingles24.com\/","name":"Radio Jingles 24: Radio Jingles | DJ Drops | Podcast Intros | Jingles chant\u00e9s","description":"Radio Jingles, Sung Jingles, DJ Drops et Podcast Intros pour les stations de radio commerciales, communautaires et Internet. Bas\u00e9 au Royaume-Uni. Prix \u00e0 partir de 5 \u00a3. Commander en ligne.","publisher":{"@id":"https:\/\/radiojingles24.com\/#organization"},"potentialAction":[{"@type":"SearchAction","target":{"@type":"EntryPoint","urlTemplate":"https:\/\/radiojingles24.com\/?s={search_term_string}"},"query-input":{"@type":"PropertyValueSpecification","valueRequired":true,"valueName":"search_term_string"}}],"inLanguage":"fr-FR"},{"@type":"Organization","@id":"https:\/\/radiojingles24.com\/#organization","name":"Radio Jingles 24","url":"https:\/\/radiojingles24.com\/","logo":{"@type":"ImageObject","inLanguage":"fr-FR","@id":"https:\/\/radiojingles24.com\/#\/schema\/logo\/image\/","url":"https:\/\/radiojingles24.com\/wp-content\/uploads\/2019\/11\/RadioJingle1-1.jpg","contentUrl":"https:\/\/radiojingles24.com\/wp-content\/uploads\/2019\/11\/RadioJingle1-1.jpg","width":512,"height":158,"caption":"Radio Jingles 24"},"image":{"@id":"https:\/\/radiojingles24.com\/#\/schema\/logo\/image\/"},"sameAs":["https:\/\/www.facebook.com\/radiojingles24\/","https:\/\/x.com\/radiojingles24"]}]}},"jetpack_sharing_enabled":true,"_links":{"self":[{"href":"https:\/\/radiojingles24.com\/fr\/wp-json\/wp\/v2\/pages\/93892","targetHints":{"allow":["GET"]}}],"collection":[{"href":"https:\/\/radiojingles24.com\/fr\/wp-json\/wp\/v2\/pages"}],"about":[{"href":"https:\/\/radiojingles24.com\/fr\/wp-json\/wp\/v2\/types\/page"}],"author":[{"embeddable":true,"href":"https:\/\/radiojingles24.com\/fr\/wp-json\/wp\/v2\/users\/1"}],"replies":[{"embeddable":true,"href":"https:\/\/radiojingles24.com\/fr\/wp-json\/wp\/v2\/comments?post=93892"}],"version-history":[{"count":1,"href":"https:\/\/radiojingles24.com\/fr\/wp-json\/wp\/v2\/pages\/93892\/revisions"}],"predecessor-version":[{"id":93893,"href":"https:\/\/radiojingles24.com\/fr\/wp-json\/wp\/v2\/pages\/93892\/revisions\/93893"}],"wp:attachment":[{"href":"https:\/\/radiojingles24.com\/fr\/wp-json\/wp\/v2\/media?parent=93892"}],"curies":[{"name":"wp","href":"https:\/\/api.w.org\/{rel}","templated":true}]}}