{"id":7563,"date":"2019-12-03T04:19:44","date_gmt":"2019-12-03T04:19:44","guid":{"rendered":"https:\/\/radiojingles24.com\/?post_type=product&#038;p=7563"},"modified":"2022-11-20T13:19:08","modified_gmt":"2022-11-20T13:19:08","slug":"pro-dj-drop-pack","status":"publish","type":"product","link":"https:\/\/radiojingles24.com\/fr\/produit\/pro-dj-drop-pack\/","title":{"rendered":"Pack Pro DJ Drop"},"content":{"rendered":"<ul>\n<li style=\"list-style-type: none;\">\n<ul>\u00c9conomisez de l&#039;argent en achetant un pack de DJ Drops \u00e0 utiliser sur votre DJ Set!<\/ul>\n<\/li>\n<\/ul>\n<p>Vous achetez x3 10 secondes DJ Drops avec Vocal FX, nous vous enverrons \u00e9galement les copies Dry de celles-ci!<\/p>\n<p>Vous recevez \u00e9galement x2 Drops DJ enti\u00e8rement produits, jusqu&#039;\u00e0 10 secondes avec Musique, SFX et Vocal FX, ainsi que des copies s\u00e8ches de celles-ci!<\/p>\n<p>Vous recevrez donc au total 10 fichiers audio!<\/p>\n<p>Lors du paiement, veuillez vous assurer que votre adresse e-mail est correctement saisie, car c&#039;est ici que nous vous livrerons votre audio.<\/p>\n<p>Toutes les principales cartes de cr\u00e9dit \/ d\u00e9bit accept\u00e9es via PayPal.<\/p>\n<p><strong>N&#039;OUBLIEZ PAS - TOUTE L&#039;AUDIO EST LIVR\u00c9E DANS UN MAXIMUM DE 24 HEURES, MAIS G\u00c9N\u00c9RALEMENT EN QUELQUES HEURES.<br \/>\n<\/strong><em>BESOIN DE VOTRE AUDIO SUPER RAPIDE? PAS DE PROBLEME - FAITES-MOI SAVOIR SUR 0113534 6686<\/em><\/p>\n<p>Si vous souhaitez discuter de quelque chose \u00e0 propos de votre audio ou si vous souhaitez discuter de quelque chose de plus sur mesure, veuillez nous contacter par e-mail info@radiojingles24.com ou appelez-nous\u00a0<em>0113 534 6686<\/em><\/p>","protected":false},"excerpt":{"rendered":"<p>\u00c9conomisez de l&#039;argent en achetant un paquet de DJ Drops \u00e0 utiliser sur votre DJ Set ! Vous achetez x3 DJ Drops de 10 secondes avec Vocal FX,\u2026<\/p>","protected":false},"featured_media":7626,"comment_status":"open","ping_status":"closed","template":"","meta":{"_exactmetrics_skip_tracking":false,"_exactmetrics_sitenote_active":false,"_exactmetrics_sitenote_note":"","_exactmetrics_sitenote_category":0},"product_brand":[],"product_cat":[485],"product_tag":[],"class_list":{"0":"post-7563","1":"product","2":"type-product","3":"status-publish","4":"has-post-thumbnail","6":"product_cat-djs","7":"tm-has-options","9":"first","10":"instock","11":"taxable","12":"shipping-taxable","13":"purchasable","14":"product-type-simple"},"yoast_head":"<!-- This site is optimized with the Yoast SEO plugin v26.8 - https:\/\/yoast.com\/product\/yoast-seo-wordpress\/ -->\n<title>Pro DJ Drop Pack - Radio Jingles 24: Radio Jingles | DJ Drops | Podcast Intros | Sung Jingles<\/title>\n<meta name=\"robots\" content=\"index, follow, max-snippet:-1, max-image-preview:large, max-video-preview:-1\" \/>\n<link rel=\"canonical\" href=\"https:\/\/radiojingles24.com\/fr\/produit\/pro-dj-drop-pack\/\" \/>\n<meta property=\"og:locale\" content=\"fr_FR\" \/>\n<meta property=\"og:type\" content=\"article\" \/>\n<meta property=\"og:title\" content=\"Pro DJ Drop Pack - Radio Jingles 24: Radio Jingles | DJ Drops | Podcast Intros | Sung Jingles\" \/>\n<meta property=\"og:description\" content=\"Save money by buying a package of DJ Drops to use on your DJ Set! You&#8217;re buying x3 10 second DJ Drops with Vocal FX,...\" \/>\n<meta property=\"og:url\" content=\"https:\/\/radiojingles24.com\/fr\/produit\/pro-dj-drop-pack\/\" \/>\n<meta property=\"og:site_name\" content=\"Radio Jingles 24: Radio Jingles | DJ Drops | Podcast Intros | Sung Jingles\" \/>\n<meta property=\"article:publisher\" content=\"https:\/\/www.facebook.com\/radiojingles24\/\" \/>\n<meta property=\"article:modified_time\" content=\"2022-11-20T13:19:08+00:00\" \/>\n<meta property=\"og:image\" content=\"https:\/\/radiojingles24.com\/wp-content\/uploads\/2019\/12\/dj-mixer.png\" \/>\n\t<meta property=\"og:image:width\" content=\"512\" \/>\n\t<meta property=\"og:image:height\" content=\"512\" \/>\n\t<meta property=\"og:image:type\" content=\"image\/png\" \/>\n<meta name=\"twitter:card\" content=\"summary_large_image\" \/>\n<meta name=\"twitter:site\" content=\"@radiojingles24\" \/>\n<meta name=\"twitter:label1\" content=\"Dur\u00e9e de lecture estim\u00e9e\" \/>\n\t<meta name=\"twitter:data1\" content=\"1 minute\" \/>\n<script type=\"application\/ld+json\" class=\"yoast-schema-graph\">{\"@context\":\"https:\/\/schema.org\",\"@graph\":[{\"@type\":\"WebPage\",\"@id\":\"https:\/\/radiojingles24.com\/product\/pro-dj-drop-pack\/\",\"url\":\"https:\/\/radiojingles24.com\/product\/pro-dj-drop-pack\/\",\"name\":\"Pro DJ Drop Pack - Radio Jingles 24: Radio Jingles | DJ Drops | Podcast Intros | Sung Jingles\",\"isPartOf\":{\"@id\":\"https:\/\/radiojingles24.com\/#website\"},\"primaryImageOfPage\":{\"@id\":\"https:\/\/radiojingles24.com\/product\/pro-dj-drop-pack\/#primaryimage\"},\"image\":{\"@id\":\"https:\/\/radiojingles24.com\/product\/pro-dj-drop-pack\/#primaryimage\"},\"thumbnailUrl\":\"https:\/\/radiojingles24.com\/wp-content\/uploads\/2019\/12\/dj-mixer.png\",\"datePublished\":\"2019-12-03T04:19:44+00:00\",\"dateModified\":\"2022-11-20T13:19:08+00:00\",\"breadcrumb\":{\"@id\":\"https:\/\/radiojingles24.com\/product\/pro-dj-drop-pack\/#breadcrumb\"},\"inLanguage\":\"fr-FR\",\"potentialAction\":[{\"@type\":\"ReadAction\",\"target\":[\"https:\/\/radiojingles24.com\/product\/pro-dj-drop-pack\/\"]}]},{\"@type\":\"ImageObject\",\"inLanguage\":\"fr-FR\",\"@id\":\"https:\/\/radiojingles24.com\/product\/pro-dj-drop-pack\/#primaryimage\",\"url\":\"https:\/\/radiojingles24.com\/wp-content\/uploads\/2019\/12\/dj-mixer.png\",\"contentUrl\":\"https:\/\/radiojingles24.com\/wp-content\/uploads\/2019\/12\/dj-mixer.png\",\"width\":512,\"height\":512},{\"@type\":\"BreadcrumbList\",\"@id\":\"https:\/\/radiojingles24.com\/product\/pro-dj-drop-pack\/#breadcrumb\",\"itemListElement\":[{\"@type\":\"ListItem\",\"position\":1,\"name\":\"Home\",\"item\":\"https:\/\/radiojingles24.com\/de\/\"},{\"@type\":\"ListItem\",\"position\":2,\"name\":\"Produits\",\"item\":\"https:\/\/radiojingles24.com\/fr\/shop\/\"},{\"@type\":\"ListItem\",\"position\":3,\"name\":\"Pro DJ Drop Pack\"}]},{\"@type\":\"WebSite\",\"@id\":\"https:\/\/radiojingles24.com\/#website\",\"url\":\"https:\/\/radiojingles24.com\/\",\"name\":\"Radio Jingles 24: Radio Jingles | DJ Drops | Podcast Intros | Sung Jingles\",\"description\":\"Radio Jingles, Sung Jingles, DJ Drops, and Podcast Intros for commercial, community and internet radio stations. UK Based. Prices from \u00a35. Order online.\",\"publisher\":{\"@id\":\"https:\/\/radiojingles24.com\/#organization\"},\"potentialAction\":[{\"@type\":\"SearchAction\",\"target\":{\"@type\":\"EntryPoint\",\"urlTemplate\":\"https:\/\/radiojingles24.com\/?s={search_term_string}\"},\"query-input\":{\"@type\":\"PropertyValueSpecification\",\"valueRequired\":true,\"valueName\":\"search_term_string\"}}],\"inLanguage\":\"fr-FR\"},{\"@type\":\"Organization\",\"@id\":\"https:\/\/radiojingles24.com\/#organization\",\"name\":\"Radio Jingles 24\",\"url\":\"https:\/\/radiojingles24.com\/\",\"logo\":{\"@type\":\"ImageObject\",\"inLanguage\":\"fr-FR\",\"@id\":\"https:\/\/radiojingles24.com\/#\/schema\/logo\/image\/\",\"url\":\"https:\/\/radiojingles24.com\/wp-content\/uploads\/2019\/11\/RadioJingle1-1.jpg\",\"contentUrl\":\"https:\/\/radiojingles24.com\/wp-content\/uploads\/2019\/11\/RadioJingle1-1.jpg\",\"width\":512,\"height\":158,\"caption\":\"Radio Jingles 24\"},\"image\":{\"@id\":\"https:\/\/radiojingles24.com\/#\/schema\/logo\/image\/\"},\"sameAs\":[\"https:\/\/www.facebook.com\/radiojingles24\/\",\"https:\/\/x.com\/radiojingles24\"]}]}<\/script>\n<!-- \/ Yoast SEO plugin. -->","yoast_head_json":{"title":"Pro DJ Drop Pack - Radio Jingles 24: Radio Jingles | DJ Drops | Podcast Intros | Jingles chant\u00e9s","robots":{"index":"index","follow":"follow","max-snippet":"max-snippet:-1","max-image-preview":"max-image-preview:large","max-video-preview":"max-video-preview:-1"},"canonical":"https:\/\/radiojingles24.com\/fr\/produit\/pro-dj-drop-pack\/","og_locale":"fr_FR","og_type":"article","og_title":"Pro DJ Drop Pack - Radio Jingles 24: Radio Jingles | DJ Drops | Podcast Intros | Sung Jingles","og_description":"Save money by buying a package of DJ Drops to use on your DJ Set! You&#8217;re buying x3 10 second DJ Drops with Vocal FX,...","og_url":"https:\/\/radiojingles24.com\/fr\/produit\/pro-dj-drop-pack\/","og_site_name":"Radio Jingles 24: Radio Jingles | DJ Drops | Podcast Intros | Sung Jingles","article_publisher":"https:\/\/www.facebook.com\/radiojingles24\/","article_modified_time":"2022-11-20T13:19:08+00:00","og_image":[{"width":512,"height":512,"url":"https:\/\/radiojingles24.com\/wp-content\/uploads\/2019\/12\/dj-mixer.png","type":"image\/png"}],"twitter_card":"summary_large_image","twitter_site":"@radiojingles24","twitter_misc":{"Dur\u00e9e de lecture estim\u00e9e":"1 minute"},"schema":{"@context":"https:\/\/schema.org","@graph":[{"@type":"WebPage","@id":"https:\/\/radiojingles24.com\/product\/pro-dj-drop-pack\/","url":"https:\/\/radiojingles24.com\/product\/pro-dj-drop-pack\/","name":"Pro DJ Drop Pack - Radio Jingles 24: Radio Jingles | DJ Drops | Podcast Intros | Jingles chant\u00e9s","isPartOf":{"@id":"https:\/\/radiojingles24.com\/#website"},"primaryImageOfPage":{"@id":"https:\/\/radiojingles24.com\/product\/pro-dj-drop-pack\/#primaryimage"},"image":{"@id":"https:\/\/radiojingles24.com\/product\/pro-dj-drop-pack\/#primaryimage"},"thumbnailUrl":"https:\/\/radiojingles24.com\/wp-content\/uploads\/2019\/12\/dj-mixer.png","datePublished":"2019-12-03T04:19:44+00:00","dateModified":"2022-11-20T13:19:08+00:00","breadcrumb":{"@id":"https:\/\/radiojingles24.com\/product\/pro-dj-drop-pack\/#breadcrumb"},"inLanguage":"fr-FR","potentialAction":[{"@type":"ReadAction","target":["https:\/\/radiojingles24.com\/product\/pro-dj-drop-pack\/"]}]},{"@type":"ImageObject","inLanguage":"fr-FR","@id":"https:\/\/radiojingles24.com\/product\/pro-dj-drop-pack\/#primaryimage","url":"https:\/\/radiojingles24.com\/wp-content\/uploads\/2019\/12\/dj-mixer.png","contentUrl":"https:\/\/radiojingles24.com\/wp-content\/uploads\/2019\/12\/dj-mixer.png","width":512,"height":512},{"@type":"BreadcrumbList","@id":"https:\/\/radiojingles24.com\/product\/pro-dj-drop-pack\/#breadcrumb","itemListElement":[{"@type":"ListItem","position":1,"name":"Home","item":"https:\/\/radiojingles24.com\/de\/"},{"@type":"ListItem","position":2,"name":"Produits","item":"https:\/\/radiojingles24.com\/fr\/shop\/"},{"@type":"ListItem","position":3,"name":"Pro DJ Drop Pack"}]},{"@type":"WebSite","@id":"https:\/\/radiojingles24.com\/#website","url":"https:\/\/radiojingles24.com\/","name":"Radio Jingles 24: Radio Jingles | DJ Drops | Podcast Intros | Jingles chant\u00e9s","description":"Radio Jingles, Sung Jingles, DJ Drops et Podcast Intros pour les stations de radio commerciales, communautaires et Internet. Bas\u00e9 au Royaume-Uni. Prix \u00e0 partir de 5 \u00a3. Commander en ligne.","publisher":{"@id":"https:\/\/radiojingles24.com\/#organization"},"potentialAction":[{"@type":"SearchAction","target":{"@type":"EntryPoint","urlTemplate":"https:\/\/radiojingles24.com\/?s={search_term_string}"},"query-input":{"@type":"PropertyValueSpecification","valueRequired":true,"valueName":"search_term_string"}}],"inLanguage":"fr-FR"},{"@type":"Organization","@id":"https:\/\/radiojingles24.com\/#organization","name":"Radio Jingles 24","url":"https:\/\/radiojingles24.com\/","logo":{"@type":"ImageObject","inLanguage":"fr-FR","@id":"https:\/\/radiojingles24.com\/#\/schema\/logo\/image\/","url":"https:\/\/radiojingles24.com\/wp-content\/uploads\/2019\/11\/RadioJingle1-1.jpg","contentUrl":"https:\/\/radiojingles24.com\/wp-content\/uploads\/2019\/11\/RadioJingle1-1.jpg","width":512,"height":158,"caption":"Radio Jingles 24"},"image":{"@id":"https:\/\/radiojingles24.com\/#\/schema\/logo\/image\/"},"sameAs":["https:\/\/www.facebook.com\/radiojingles24\/","https:\/\/x.com\/radiojingles24"]}]}},"jetpack_sharing_enabled":true,"_links":{"self":[{"href":"https:\/\/radiojingles24.com\/fr\/wp-json\/wp\/v2\/product\/7563","targetHints":{"allow":["GET"]}}],"collection":[{"href":"https:\/\/radiojingles24.com\/fr\/wp-json\/wp\/v2\/product"}],"about":[{"href":"https:\/\/radiojingles24.com\/fr\/wp-json\/wp\/v2\/types\/product"}],"replies":[{"embeddable":true,"href":"https:\/\/radiojingles24.com\/fr\/wp-json\/wp\/v2\/comments?post=7563"}],"wp:featuredmedia":[{"embeddable":true,"href":"https:\/\/radiojingles24.com\/fr\/wp-json\/wp\/v2\/media\/7626"}],"wp:attachment":[{"href":"https:\/\/radiojingles24.com\/fr\/wp-json\/wp\/v2\/media?parent=7563"}],"wp:term":[{"taxonomy":"product_brand","embeddable":true,"href":"https:\/\/radiojingles24.com\/fr\/wp-json\/wp\/v2\/product_brand?post=7563"},{"taxonomy":"product_cat","embeddable":true,"href":"https:\/\/radiojingles24.com\/fr\/wp-json\/wp\/v2\/product_cat?post=7563"},{"taxonomy":"product_tag","embeddable":true,"href":"https:\/\/radiojingles24.com\/fr\/wp-json\/wp\/v2\/product_tag?post=7563"}],"curies":[{"name":"wp","href":"https:\/\/api.w.org\/{rel}","templated":true}]}}