{"id":90401,"date":"2021-06-23T11:26:26","date_gmt":"2021-06-23T11:26:26","guid":{"rendered":"https:\/\/radiojingles24.com\/?post_type=product&#038;p=90401"},"modified":"2026-04-01T10:50:49","modified_gmt":"2026-04-01T10:50:49","slug":"classicjinglesvol1","status":"publish","type":"product","link":"https:\/\/radiojingles24.com\/fr\/produit\/classicjinglesvol1\/","title":{"rendered":"Classique Radio Jingles Vol. 1"},"content":{"rendered":"<div id=\"fws_69d6803031e57\"  data-midnight=\"dark\"  data-bg-mobile-hidden=\"\" class=\"wpb_row vc_row-fluid vc_row top-level standard_section\"  style=\"padding-top: 0px; padding-bottom: 0px; \"><div class=\"row-bg-wrap\" data-bg-animation=\"none\"><div class=\"inner-wrap\"><div class=\"row-bg\"  style=\"\"><\/div><\/div><div class=\"row-bg-overlay\" ><\/div><\/div><div class=\"col span_12 dark left\">\n\t<div  class=\"vc_col-sm-12 wpb_column column_container vc_column_container col no-extra-padding\"  data-t-w-inherits=\"default\" data-border-radius=\"none\" data-shadow=\"none\" data-border-animation=\"\" data-border-animation-delay=\"\" data-border-width=\"none\" data-border-style=\"solid\" data-border-color=\"\" data-bg-cover=\"\" data-padding-pos=\"all\" data-has-bg-color=\"false\" data-bg-color=\"\" data-bg-opacity=\"1\" data-hover-bg=\"\" data-hover-bg-opacity=\"1\" data-animation=\"\" data-delay=\"0\"><div class=\"column-bg-overlay\"><\/div>\n\t\t<div class=\"vc_column-inner\">\n\t\t\t<div class=\"wpb_wrapper\">\n\t\t\t\t\r\n\t<div class=\"wpb_text_column wpb_content_element\" >\r\n\t\t<div class=\"wpb_wrapper\">\r\n\t\t\t<audio class=\"wp-audio-shortcode\" id=\"audio-90401-1\" preload=\"none\" style=\"width: 100%;\" controls=\"controls\"><source type=\"audio\/mpeg\" src=\"https:\/\/radiojingles24.com\/wp-content\/uploads\/2021\/06\/Jingle-Pack-Demos_02.mp3?_=1\" \/><a href=\"https:\/\/radiojingles24.com\/wp-content\/uploads\/2021\/06\/Jingle-Pack-Demos_02.mp3\">https:\/\/radiojingles24.com\/wp-content\/uploads\/2021\/06\/Jingle-Pack-Demos_02.mp3<\/a><\/audio>\n<p>11 pochettes t\u00e9l\u00e9chargeables instantan\u00e9es parfaites \u00e0 utiliser pour votre station de radio Classic Oldies, toutes enti\u00e8rement produites et exprim\u00e9es par toutes nos voix populaires.<\/p>\n<p>Doublures incluses\u00a0:<\/p>\n<p>Votre station num\u00e9ro un en or oldies \u2013 Mike<\/p>\n<p>Jouer juste des oldies dor\u00e9s \u2013 Craig<\/p>\n<p>Vous ramener dans le temps \u2013 Jason<\/p>\n<p>C&#039;est un petit-d\u00e9jeuner dor\u00e9, jouer plus de vieux vieux dor\u00e9s \u2013 Laura<\/p>\n<p>L&#039;actualit\u00e9 de votre communaut\u00e9 \u2013 John<\/p>\n<p>Dans votre ville et dans votre communaut\u00e9 \u2013 Stephen<\/p>\n<p>Les plus grands succ\u00e8s des ann\u00e9es 60, 70, 80, 90 et aujourd&#039;hui \u2013 Ally<\/p>\n<p>Encore de la bonne musique en route \u2013 Paul<\/p>\n<p>Contactez-nous via le site Web \u2013 Jo<\/p>\n<p>Sizzler d&#039;\u00e9t\u00e9 - Mike<\/p>\n<p>De superbes chansons toute la nuit \u2013 Craig<\/p>\n<p>Tous les fichiers seront disponibles instantan\u00e9ment apr\u00e8s l&#039;achat sous forme de fichiers st\u00e9r\u00e9o MP3 \u00e0 320 kbps en un seul t\u00e9l\u00e9chargement ZIP.<\/p>\n\r\n\t\t<\/div>\r\n\t<\/div>\r\n\n\t\t\t<\/div> \n\t\t<\/div>\n\t<\/div> \n<\/div><\/div>","protected":false},"excerpt":{"rendered":"https:\/\/radiojingles24.com\/wp-content\/uploads\/2021\/06\/Jingle-Pack-Demos_02.mp3 11 doublures t\u00e9l\u00e9chargeables instantan\u00e9ment parfaites \u00e0 utiliser pour votre station de radio Classic Oldies, toutes enti\u00e8rement produites et exprim\u00e9es par tous nos populaires voix. Doublures incluses : Votre num\u00e9ro un en or...","protected":false},"featured_media":7651,"comment_status":"open","ping_status":"closed","template":"","meta":{"_exactmetrics_skip_tracking":false,"_exactmetrics_sitenote_active":false,"_exactmetrics_sitenote_note":"","_exactmetrics_sitenote_category":0},"product_brand":[],"product_cat":[488,89,481,557],"product_tag":[],"class_list":{"0":"post-90401","1":"product","2":"type-product","3":"status-publish","4":"has-post-thumbnail","6":"product_cat-instant-downloads","7":"product_cat-jingles","8":"product_cat-radio","9":"product_cat-sale","10":"tm-no-options","12":"first","13":"instock","14":"sale","15":"downloadable","16":"taxable","17":"shipping-taxable","18":"purchasable","19":"product-type-simple"},"yoast_head":"<!-- This site is optimized with the Yoast SEO plugin v26.8 - https:\/\/yoast.com\/product\/yoast-seo-wordpress\/ -->\n<title>Classic Radio Jingles Vol. 1 - Radio Jingles 24: Radio Jingles | DJ Drops | Podcast Intros | Sung Jingles<\/title>\n<meta name=\"robots\" content=\"index, follow, max-snippet:-1, max-image-preview:large, max-video-preview:-1\" \/>\n<link rel=\"canonical\" href=\"https:\/\/radiojingles24.com\/fr\/produit\/classicjinglesvol1\/\" \/>\n<meta property=\"og:locale\" content=\"fr_FR\" \/>\n<meta property=\"og:type\" content=\"article\" \/>\n<meta property=\"og:title\" content=\"Classic Radio Jingles Vol. 1 - Radio Jingles 24: Radio Jingles | DJ Drops | Podcast Intros | Sung Jingles\" \/>\n<meta property=\"og:url\" content=\"https:\/\/radiojingles24.com\/fr\/produit\/classicjinglesvol1\/\" \/>\n<meta property=\"og:site_name\" content=\"Radio Jingles 24: Radio Jingles | DJ Drops | Podcast Intros | Sung Jingles\" \/>\n<meta property=\"article:publisher\" content=\"https:\/\/www.facebook.com\/radiojingles24\/\" \/>\n<meta property=\"article:modified_time\" content=\"2026-04-01T10:50:49+00:00\" \/>\n<meta property=\"og:image\" content=\"https:\/\/radiojingles24.com\/wp-content\/uploads\/2019\/12\/vol1.png\" \/>\n\t<meta property=\"og:image:width\" content=\"512\" \/>\n\t<meta property=\"og:image:height\" content=\"512\" \/>\n\t<meta property=\"og:image:type\" content=\"image\/png\" \/>\n<meta name=\"twitter:card\" content=\"summary_large_image\" \/>\n<meta name=\"twitter:site\" content=\"@radiojingles24\" \/>\n<meta name=\"twitter:label1\" content=\"Dur\u00e9e de lecture estim\u00e9e\" \/>\n\t<meta name=\"twitter:data1\" content=\"1 minute\" \/>\n<script type=\"application\/ld+json\" class=\"yoast-schema-graph\">{\"@context\":\"https:\/\/schema.org\",\"@graph\":[{\"@type\":\"WebPage\",\"@id\":\"https:\/\/radiojingles24.com\/product\/classicjinglesvol1\/\",\"url\":\"https:\/\/radiojingles24.com\/product\/classicjinglesvol1\/\",\"name\":\"Classic Radio Jingles Vol. 1 - Radio Jingles 24: Radio Jingles | DJ Drops | Podcast Intros | Sung Jingles\",\"isPartOf\":{\"@id\":\"https:\/\/radiojingles24.com\/#website\"},\"primaryImageOfPage\":{\"@id\":\"https:\/\/radiojingles24.com\/product\/classicjinglesvol1\/#primaryimage\"},\"image\":{\"@id\":\"https:\/\/radiojingles24.com\/product\/classicjinglesvol1\/#primaryimage\"},\"thumbnailUrl\":\"https:\/\/radiojingles24.com\/wp-content\/uploads\/2019\/12\/vol1.png\",\"datePublished\":\"2021-06-23T11:26:26+00:00\",\"dateModified\":\"2026-04-01T10:50:49+00:00\",\"breadcrumb\":{\"@id\":\"https:\/\/radiojingles24.com\/product\/classicjinglesvol1\/#breadcrumb\"},\"inLanguage\":\"fr-FR\",\"potentialAction\":[{\"@type\":\"ReadAction\",\"target\":[\"https:\/\/radiojingles24.com\/product\/classicjinglesvol1\/\"]}]},{\"@type\":\"ImageObject\",\"inLanguage\":\"fr-FR\",\"@id\":\"https:\/\/radiojingles24.com\/product\/classicjinglesvol1\/#primaryimage\",\"url\":\"https:\/\/radiojingles24.com\/wp-content\/uploads\/2019\/12\/vol1.png\",\"contentUrl\":\"https:\/\/radiojingles24.com\/wp-content\/uploads\/2019\/12\/vol1.png\",\"width\":512,\"height\":512},{\"@type\":\"BreadcrumbList\",\"@id\":\"https:\/\/radiojingles24.com\/product\/classicjinglesvol1\/#breadcrumb\",\"itemListElement\":[{\"@type\":\"ListItem\",\"position\":1,\"name\":\"Home\",\"item\":\"https:\/\/radiojingles24.com\/de\/\"},{\"@type\":\"ListItem\",\"position\":2,\"name\":\"Produits\",\"item\":\"https:\/\/radiojingles24.com\/fr\/shop\/\"},{\"@type\":\"ListItem\",\"position\":3,\"name\":\"Classic Radio Jingles Vol. 1\"}]},{\"@type\":\"WebSite\",\"@id\":\"https:\/\/radiojingles24.com\/#website\",\"url\":\"https:\/\/radiojingles24.com\/\",\"name\":\"Radio Jingles 24: Radio Jingles | DJ Drops | Podcast Intros | Sung Jingles\",\"description\":\"Radio Jingles, Sung Jingles, DJ Drops, and Podcast Intros for commercial, community and internet radio stations. UK Based. Prices from \u00a35. Order online.\",\"publisher\":{\"@id\":\"https:\/\/radiojingles24.com\/#organization\"},\"potentialAction\":[{\"@type\":\"SearchAction\",\"target\":{\"@type\":\"EntryPoint\",\"urlTemplate\":\"https:\/\/radiojingles24.com\/?s={search_term_string}\"},\"query-input\":{\"@type\":\"PropertyValueSpecification\",\"valueRequired\":true,\"valueName\":\"search_term_string\"}}],\"inLanguage\":\"fr-FR\"},{\"@type\":\"Organization\",\"@id\":\"https:\/\/radiojingles24.com\/#organization\",\"name\":\"Radio Jingles 24\",\"url\":\"https:\/\/radiojingles24.com\/\",\"logo\":{\"@type\":\"ImageObject\",\"inLanguage\":\"fr-FR\",\"@id\":\"https:\/\/radiojingles24.com\/#\/schema\/logo\/image\/\",\"url\":\"https:\/\/radiojingles24.com\/wp-content\/uploads\/2019\/11\/RadioJingle1-1.jpg\",\"contentUrl\":\"https:\/\/radiojingles24.com\/wp-content\/uploads\/2019\/11\/RadioJingle1-1.jpg\",\"width\":512,\"height\":158,\"caption\":\"Radio Jingles 24\"},\"image\":{\"@id\":\"https:\/\/radiojingles24.com\/#\/schema\/logo\/image\/\"},\"sameAs\":[\"https:\/\/www.facebook.com\/radiojingles24\/\",\"https:\/\/x.com\/radiojingles24\"]}]}<\/script>\n<!-- \/ Yoast SEO plugin. -->","yoast_head_json":{"title":"Classique Radio Jingles Vol. 1 - Jingles radio 24 : Jingles radio | DJ Drops | Pr\u00e9sentations des podcasts | Jingles chant\u00e9s","robots":{"index":"index","follow":"follow","max-snippet":"max-snippet:-1","max-image-preview":"max-image-preview:large","max-video-preview":"max-video-preview:-1"},"canonical":"https:\/\/radiojingles24.com\/fr\/produit\/classicjinglesvol1\/","og_locale":"fr_FR","og_type":"article","og_title":"Classic Radio Jingles Vol. 1 - Radio Jingles 24: Radio Jingles | DJ Drops | Podcast Intros | Sung Jingles","og_url":"https:\/\/radiojingles24.com\/fr\/produit\/classicjinglesvol1\/","og_site_name":"Radio Jingles 24: Radio Jingles | DJ Drops | Podcast Intros | Sung Jingles","article_publisher":"https:\/\/www.facebook.com\/radiojingles24\/","article_modified_time":"2026-04-01T10:50:49+00:00","og_image":[{"width":512,"height":512,"url":"https:\/\/radiojingles24.com\/wp-content\/uploads\/2019\/12\/vol1.png","type":"image\/png"}],"twitter_card":"summary_large_image","twitter_site":"@radiojingles24","twitter_misc":{"Dur\u00e9e de lecture estim\u00e9e":"1 minute"},"schema":{"@context":"https:\/\/schema.org","@graph":[{"@type":"WebPage","@id":"https:\/\/radiojingles24.com\/product\/classicjinglesvol1\/","url":"https:\/\/radiojingles24.com\/product\/classicjinglesvol1\/","name":"Classique Radio Jingles Vol. 1 - Jingles radio 24 : Jingles radio | DJ Drops | Pr\u00e9sentations des podcasts | Jingles chant\u00e9s","isPartOf":{"@id":"https:\/\/radiojingles24.com\/#website"},"primaryImageOfPage":{"@id":"https:\/\/radiojingles24.com\/product\/classicjinglesvol1\/#primaryimage"},"image":{"@id":"https:\/\/radiojingles24.com\/product\/classicjinglesvol1\/#primaryimage"},"thumbnailUrl":"https:\/\/radiojingles24.com\/wp-content\/uploads\/2019\/12\/vol1.png","datePublished":"2021-06-23T11:26:26+00:00","dateModified":"2026-04-01T10:50:49+00:00","breadcrumb":{"@id":"https:\/\/radiojingles24.com\/product\/classicjinglesvol1\/#breadcrumb"},"inLanguage":"fr-FR","potentialAction":[{"@type":"ReadAction","target":["https:\/\/radiojingles24.com\/product\/classicjinglesvol1\/"]}]},{"@type":"ImageObject","inLanguage":"fr-FR","@id":"https:\/\/radiojingles24.com\/product\/classicjinglesvol1\/#primaryimage","url":"https:\/\/radiojingles24.com\/wp-content\/uploads\/2019\/12\/vol1.png","contentUrl":"https:\/\/radiojingles24.com\/wp-content\/uploads\/2019\/12\/vol1.png","width":512,"height":512},{"@type":"BreadcrumbList","@id":"https:\/\/radiojingles24.com\/product\/classicjinglesvol1\/#breadcrumb","itemListElement":[{"@type":"ListItem","position":1,"name":"Home","item":"https:\/\/radiojingles24.com\/de\/"},{"@type":"ListItem","position":2,"name":"Produits","item":"https:\/\/radiojingles24.com\/fr\/shop\/"},{"@type":"ListItem","position":3,"name":"Classic Radio Jingles Vol. 1"}]},{"@type":"WebSite","@id":"https:\/\/radiojingles24.com\/#website","url":"https:\/\/radiojingles24.com\/","name":"Radio Jingles 24: Radio Jingles | DJ Drops | Podcast Intros | Jingles chant\u00e9s","description":"Radio Jingles, Sung Jingles, DJ Drops et Podcast Intros pour les stations de radio commerciales, communautaires et Internet. Bas\u00e9 au Royaume-Uni. Prix \u00e0 partir de 5 \u00a3. Commander en ligne.","publisher":{"@id":"https:\/\/radiojingles24.com\/#organization"},"potentialAction":[{"@type":"SearchAction","target":{"@type":"EntryPoint","urlTemplate":"https:\/\/radiojingles24.com\/?s={search_term_string}"},"query-input":{"@type":"PropertyValueSpecification","valueRequired":true,"valueName":"search_term_string"}}],"inLanguage":"fr-FR"},{"@type":"Organization","@id":"https:\/\/radiojingles24.com\/#organization","name":"Radio Jingles 24","url":"https:\/\/radiojingles24.com\/","logo":{"@type":"ImageObject","inLanguage":"fr-FR","@id":"https:\/\/radiojingles24.com\/#\/schema\/logo\/image\/","url":"https:\/\/radiojingles24.com\/wp-content\/uploads\/2019\/11\/RadioJingle1-1.jpg","contentUrl":"https:\/\/radiojingles24.com\/wp-content\/uploads\/2019\/11\/RadioJingle1-1.jpg","width":512,"height":158,"caption":"Radio Jingles 24"},"image":{"@id":"https:\/\/radiojingles24.com\/#\/schema\/logo\/image\/"},"sameAs":["https:\/\/www.facebook.com\/radiojingles24\/","https:\/\/x.com\/radiojingles24"]}]}},"jetpack_sharing_enabled":true,"_links":{"self":[{"href":"https:\/\/radiojingles24.com\/fr\/wp-json\/wp\/v2\/product\/90401","targetHints":{"allow":["GET"]}}],"collection":[{"href":"https:\/\/radiojingles24.com\/fr\/wp-json\/wp\/v2\/product"}],"about":[{"href":"https:\/\/radiojingles24.com\/fr\/wp-json\/wp\/v2\/types\/product"}],"replies":[{"embeddable":true,"href":"https:\/\/radiojingles24.com\/fr\/wp-json\/wp\/v2\/comments?post=90401"}],"wp:featuredmedia":[{"embeddable":true,"href":"https:\/\/radiojingles24.com\/fr\/wp-json\/wp\/v2\/media\/7651"}],"wp:attachment":[{"href":"https:\/\/radiojingles24.com\/fr\/wp-json\/wp\/v2\/media?parent=90401"}],"wp:term":[{"taxonomy":"product_brand","embeddable":true,"href":"https:\/\/radiojingles24.com\/fr\/wp-json\/wp\/v2\/product_brand?post=90401"},{"taxonomy":"product_cat","embeddable":true,"href":"https:\/\/radiojingles24.com\/fr\/wp-json\/wp\/v2\/product_cat?post=90401"},{"taxonomy":"product_tag","embeddable":true,"href":"https:\/\/radiojingles24.com\/fr\/wp-json\/wp\/v2\/product_tag?post=90401"}],"curies":[{"name":"wp","href":"https:\/\/api.w.org\/{rel}","templated":true}]}}