{"id":97920,"date":"2023-09-18T16:34:45","date_gmt":"2023-09-18T16:34:45","guid":{"rendered":"https:\/\/radiojingles24.com\/?post_type=product&#038;p=97920"},"modified":"2026-04-01T10:59:13","modified_gmt":"2026-04-01T10:59:13","slug":"premium-jingle-offer","status":"publish","type":"product","link":"https:\/\/radiojingles24.com\/fr\/produit\/premium-jingle-offer\/","title":{"rendered":"SPECIAL OFFER &#8211; Premium Oldies 14 Sung Jingle with Music \u00a379"},"content":{"rendered":"<p>Lors du paiement, veuillez vous assurer que votre adresse e-mail est correctement saisie, car c&#039;est ici que nous vous livrerons votre audio.<\/p>\n<p>Toutes les principales cartes de cr\u00e9dit \/ d\u00e9bit accept\u00e9es via PayPal.<\/p>\n<p><strong>N&#039;OUBLIEZ PAS - TOUTE L&#039;AUDIO EST LIVR\u00c9E DANS UN MAXIMUM DE 24 HEURES, MAIS G\u00c9N\u00c9RALEMENT EN QUELQUES HEURES.<br \/>\n<\/strong><em>BESOIN DE VOTRE AUDIO SUPER RAPIDE? PAS DE PROBLEME - FAITES-MOI SAVOIR SUR 0113534 6686<\/em><\/p>\n<p>Si vous souhaitez discuter de quelque chose \u00e0 propos de votre audio ou si vous souhaitez discuter de quelque chose de plus sur mesure, veuillez nous contacter par e-mail info@radiojingles24.com ou appelez-nous\u00a0<em>0113 534 6686<\/em><\/p>","protected":false},"excerpt":{"rendered":"<p>Lors du paiement, assurez-vous que votre adresse e-mail est correctement saisie, car c&#039;est l\u00e0 que nous livrerons votre audio. Toutes les principales cartes de cr\u00e9dit\/d\u00e9bit accept\u00e9es via PayPal\u2026.<\/p>","protected":false},"featured_media":6045,"comment_status":"closed","ping_status":"closed","template":"","meta":{"_exactmetrics_skip_tracking":false,"_exactmetrics_sitenote_active":false,"_exactmetrics_sitenote_note":"","_exactmetrics_sitenote_category":0},"product_brand":[],"product_cat":[89,481,557],"product_tag":[],"class_list":{"0":"post-97920","1":"product","2":"type-product","3":"status-publish","4":"has-post-thumbnail","6":"product_cat-jingles","7":"product_cat-radio","8":"product_cat-sale","9":"tm-has-options","11":"first","12":"instock","13":"sale","14":"virtual","15":"taxable","16":"purchasable","17":"product-type-simple"},"yoast_head":"<!-- This site is optimized with the Yoast SEO plugin v26.8 - https:\/\/yoast.com\/product\/yoast-seo-wordpress\/ -->\n<title>SPECIAL OFFER - Premium Oldies 14 Sung Jingle with Music \u00a379 - Radio Jingles 24: Radio Jingles | DJ Drops | Podcast Intros | Sung Jingles<\/title>\n<meta name=\"robots\" content=\"index, follow, max-snippet:-1, max-image-preview:large, max-video-preview:-1\" \/>\n<link rel=\"canonical\" href=\"https:\/\/radiojingles24.com\/fr\/produit\/premium-jingle-offer\/\" \/>\n<meta property=\"og:locale\" content=\"fr_FR\" \/>\n<meta property=\"og:type\" content=\"article\" \/>\n<meta property=\"og:title\" content=\"SPECIAL OFFER - Premium Oldies 14 Sung Jingle with Music \u00a379 - Radio Jingles 24: Radio Jingles | DJ Drops | Podcast Intros | Sung Jingles\" \/>\n<meta property=\"og:description\" content=\"During checkout please ensure your email address is entered correctly, as this is where we\u2019ll deliver your audio. All major credit\/debit cards accepted through PayPal....\" \/>\n<meta property=\"og:url\" content=\"https:\/\/radiojingles24.com\/fr\/produit\/premium-jingle-offer\/\" \/>\n<meta property=\"og:site_name\" content=\"Radio Jingles 24: Radio Jingles | DJ Drops | Podcast Intros | Sung Jingles\" \/>\n<meta property=\"article:publisher\" content=\"https:\/\/www.facebook.com\/radiojingles24\/\" \/>\n<meta property=\"article:modified_time\" content=\"2026-04-01T10:59:13+00:00\" \/>\n<meta property=\"og:image\" content=\"https:\/\/radiojingles24.com\/wp-content\/uploads\/2019\/11\/7Asset-1.png\" \/>\n\t<meta property=\"og:image:width\" content=\"492\" \/>\n\t<meta property=\"og:image:height\" content=\"492\" \/>\n\t<meta property=\"og:image:type\" content=\"image\/png\" \/>\n<meta name=\"twitter:card\" content=\"summary_large_image\" \/>\n<meta name=\"twitter:site\" content=\"@radiojingles24\" \/>\n<meta name=\"twitter:label1\" content=\"Dur\u00e9e de lecture estim\u00e9e\" \/>\n\t<meta name=\"twitter:data1\" content=\"1 minute\" \/>\n<script type=\"application\/ld+json\" class=\"yoast-schema-graph\">{\"@context\":\"https:\/\/schema.org\",\"@graph\":[{\"@type\":\"WebPage\",\"@id\":\"https:\/\/radiojingles24.com\/product\/premium-jingle-offer\/\",\"url\":\"https:\/\/radiojingles24.com\/product\/premium-jingle-offer\/\",\"name\":\"SPECIAL OFFER - Premium Oldies 14 Sung Jingle with Music \u00a379 - Radio Jingles 24: Radio Jingles | DJ Drops | Podcast Intros | Sung Jingles\",\"isPartOf\":{\"@id\":\"https:\/\/radiojingles24.com\/#website\"},\"primaryImageOfPage\":{\"@id\":\"https:\/\/radiojingles24.com\/product\/premium-jingle-offer\/#primaryimage\"},\"image\":{\"@id\":\"https:\/\/radiojingles24.com\/product\/premium-jingle-offer\/#primaryimage\"},\"thumbnailUrl\":\"https:\/\/radiojingles24.com\/wp-content\/uploads\/2019\/11\/7Asset-1.png\",\"datePublished\":\"2023-09-18T16:34:45+00:00\",\"dateModified\":\"2026-04-01T10:59:13+00:00\",\"breadcrumb\":{\"@id\":\"https:\/\/radiojingles24.com\/product\/premium-jingle-offer\/#breadcrumb\"},\"inLanguage\":\"fr-FR\",\"potentialAction\":[{\"@type\":\"ReadAction\",\"target\":[\"https:\/\/radiojingles24.com\/product\/premium-jingle-offer\/\"]}]},{\"@type\":\"ImageObject\",\"inLanguage\":\"fr-FR\",\"@id\":\"https:\/\/radiojingles24.com\/product\/premium-jingle-offer\/#primaryimage\",\"url\":\"https:\/\/radiojingles24.com\/wp-content\/uploads\/2019\/11\/7Asset-1.png\",\"contentUrl\":\"https:\/\/radiojingles24.com\/wp-content\/uploads\/2019\/11\/7Asset-1.png\",\"width\":492,\"height\":492},{\"@type\":\"BreadcrumbList\",\"@id\":\"https:\/\/radiojingles24.com\/product\/premium-jingle-offer\/#breadcrumb\",\"itemListElement\":[{\"@type\":\"ListItem\",\"position\":1,\"name\":\"Home\",\"item\":\"https:\/\/radiojingles24.com\/de\/\"},{\"@type\":\"ListItem\",\"position\":2,\"name\":\"Produits\",\"item\":\"https:\/\/radiojingles24.com\/fr\/shop\/\"},{\"@type\":\"ListItem\",\"position\":3,\"name\":\"SPECIAL OFFER &#8211; Premium Oldies 14 Sung Jingle with Music \u00a379\"}]},{\"@type\":\"WebSite\",\"@id\":\"https:\/\/radiojingles24.com\/#website\",\"url\":\"https:\/\/radiojingles24.com\/\",\"name\":\"Radio Jingles 24: Radio Jingles | DJ Drops | Podcast Intros | Sung Jingles\",\"description\":\"Radio Jingles, Sung Jingles, DJ Drops, and Podcast Intros for commercial, community and internet radio stations. UK Based. Prices from \u00a35. Order online.\",\"publisher\":{\"@id\":\"https:\/\/radiojingles24.com\/#organization\"},\"potentialAction\":[{\"@type\":\"SearchAction\",\"target\":{\"@type\":\"EntryPoint\",\"urlTemplate\":\"https:\/\/radiojingles24.com\/?s={search_term_string}\"},\"query-input\":{\"@type\":\"PropertyValueSpecification\",\"valueRequired\":true,\"valueName\":\"search_term_string\"}}],\"inLanguage\":\"fr-FR\"},{\"@type\":\"Organization\",\"@id\":\"https:\/\/radiojingles24.com\/#organization\",\"name\":\"Radio Jingles 24\",\"url\":\"https:\/\/radiojingles24.com\/\",\"logo\":{\"@type\":\"ImageObject\",\"inLanguage\":\"fr-FR\",\"@id\":\"https:\/\/radiojingles24.com\/#\/schema\/logo\/image\/\",\"url\":\"https:\/\/radiojingles24.com\/wp-content\/uploads\/2019\/11\/RadioJingle1-1.jpg\",\"contentUrl\":\"https:\/\/radiojingles24.com\/wp-content\/uploads\/2019\/11\/RadioJingle1-1.jpg\",\"width\":512,\"height\":158,\"caption\":\"Radio Jingles 24\"},\"image\":{\"@id\":\"https:\/\/radiojingles24.com\/#\/schema\/logo\/image\/\"},\"sameAs\":[\"https:\/\/www.facebook.com\/radiojingles24\/\",\"https:\/\/x.com\/radiojingles24\"]}]}<\/script>\n<!-- \/ Yoast SEO plugin. -->","yoast_head_json":{"title":"SPECIAL OFFER - Premium Oldies 14 Sung Jingle with Music \u00a379 - Radio Jingles 24: Radio Jingles | DJ Drops | Podcast Intros | Sung Jingles","robots":{"index":"index","follow":"follow","max-snippet":"max-snippet:-1","max-image-preview":"max-image-preview:large","max-video-preview":"max-video-preview:-1"},"canonical":"https:\/\/radiojingles24.com\/fr\/produit\/premium-jingle-offer\/","og_locale":"fr_FR","og_type":"article","og_title":"SPECIAL OFFER - Premium Oldies 14 Sung Jingle with Music \u00a379 - Radio Jingles 24: Radio Jingles | DJ Drops | Podcast Intros | Sung Jingles","og_description":"During checkout please ensure your email address is entered correctly, as this is where we\u2019ll deliver your audio. All major credit\/debit cards accepted through PayPal....","og_url":"https:\/\/radiojingles24.com\/fr\/produit\/premium-jingle-offer\/","og_site_name":"Radio Jingles 24: Radio Jingles | DJ Drops | Podcast Intros | Sung Jingles","article_publisher":"https:\/\/www.facebook.com\/radiojingles24\/","article_modified_time":"2026-04-01T10:59:13+00:00","og_image":[{"width":492,"height":492,"url":"https:\/\/radiojingles24.com\/wp-content\/uploads\/2019\/11\/7Asset-1.png","type":"image\/png"}],"twitter_card":"summary_large_image","twitter_site":"@radiojingles24","twitter_misc":{"Dur\u00e9e de lecture estim\u00e9e":"1 minute"},"schema":{"@context":"https:\/\/schema.org","@graph":[{"@type":"WebPage","@id":"https:\/\/radiojingles24.com\/product\/premium-jingle-offer\/","url":"https:\/\/radiojingles24.com\/product\/premium-jingle-offer\/","name":"SPECIAL OFFER - Premium Oldies 14 Sung Jingle with Music \u00a379 - Radio Jingles 24: Radio Jingles | DJ Drops | Podcast Intros | Sung Jingles","isPartOf":{"@id":"https:\/\/radiojingles24.com\/#website"},"primaryImageOfPage":{"@id":"https:\/\/radiojingles24.com\/product\/premium-jingle-offer\/#primaryimage"},"image":{"@id":"https:\/\/radiojingles24.com\/product\/premium-jingle-offer\/#primaryimage"},"thumbnailUrl":"https:\/\/radiojingles24.com\/wp-content\/uploads\/2019\/11\/7Asset-1.png","datePublished":"2023-09-18T16:34:45+00:00","dateModified":"2026-04-01T10:59:13+00:00","breadcrumb":{"@id":"https:\/\/radiojingles24.com\/product\/premium-jingle-offer\/#breadcrumb"},"inLanguage":"fr-FR","potentialAction":[{"@type":"ReadAction","target":["https:\/\/radiojingles24.com\/product\/premium-jingle-offer\/"]}]},{"@type":"ImageObject","inLanguage":"fr-FR","@id":"https:\/\/radiojingles24.com\/product\/premium-jingle-offer\/#primaryimage","url":"https:\/\/radiojingles24.com\/wp-content\/uploads\/2019\/11\/7Asset-1.png","contentUrl":"https:\/\/radiojingles24.com\/wp-content\/uploads\/2019\/11\/7Asset-1.png","width":492,"height":492},{"@type":"BreadcrumbList","@id":"https:\/\/radiojingles24.com\/product\/premium-jingle-offer\/#breadcrumb","itemListElement":[{"@type":"ListItem","position":1,"name":"Home","item":"https:\/\/radiojingles24.com\/de\/"},{"@type":"ListItem","position":2,"name":"Produits","item":"https:\/\/radiojingles24.com\/fr\/shop\/"},{"@type":"ListItem","position":3,"name":"SPECIAL OFFER &#8211; Premium Oldies 14 Sung Jingle with Music \u00a379"}]},{"@type":"WebSite","@id":"https:\/\/radiojingles24.com\/#website","url":"https:\/\/radiojingles24.com\/","name":"Radio Jingles 24: Radio Jingles | DJ Drops | Podcast Intros | Jingles chant\u00e9s","description":"Radio Jingles, Sung Jingles, DJ Drops et Podcast Intros pour les stations de radio commerciales, communautaires et Internet. Bas\u00e9 au Royaume-Uni. Prix \u00e0 partir de 5 \u00a3. Commander en ligne.","publisher":{"@id":"https:\/\/radiojingles24.com\/#organization"},"potentialAction":[{"@type":"SearchAction","target":{"@type":"EntryPoint","urlTemplate":"https:\/\/radiojingles24.com\/?s={search_term_string}"},"query-input":{"@type":"PropertyValueSpecification","valueRequired":true,"valueName":"search_term_string"}}],"inLanguage":"fr-FR"},{"@type":"Organization","@id":"https:\/\/radiojingles24.com\/#organization","name":"Radio Jingles 24","url":"https:\/\/radiojingles24.com\/","logo":{"@type":"ImageObject","inLanguage":"fr-FR","@id":"https:\/\/radiojingles24.com\/#\/schema\/logo\/image\/","url":"https:\/\/radiojingles24.com\/wp-content\/uploads\/2019\/11\/RadioJingle1-1.jpg","contentUrl":"https:\/\/radiojingles24.com\/wp-content\/uploads\/2019\/11\/RadioJingle1-1.jpg","width":512,"height":158,"caption":"Radio Jingles 24"},"image":{"@id":"https:\/\/radiojingles24.com\/#\/schema\/logo\/image\/"},"sameAs":["https:\/\/www.facebook.com\/radiojingles24\/","https:\/\/x.com\/radiojingles24"]}]}},"jetpack_sharing_enabled":true,"_links":{"self":[{"href":"https:\/\/radiojingles24.com\/fr\/wp-json\/wp\/v2\/product\/97920","targetHints":{"allow":["GET"]}}],"collection":[{"href":"https:\/\/radiojingles24.com\/fr\/wp-json\/wp\/v2\/product"}],"about":[{"href":"https:\/\/radiojingles24.com\/fr\/wp-json\/wp\/v2\/types\/product"}],"replies":[{"embeddable":true,"href":"https:\/\/radiojingles24.com\/fr\/wp-json\/wp\/v2\/comments?post=97920"}],"wp:featuredmedia":[{"embeddable":true,"href":"https:\/\/radiojingles24.com\/fr\/wp-json\/wp\/v2\/media\/6045"}],"wp:attachment":[{"href":"https:\/\/radiojingles24.com\/fr\/wp-json\/wp\/v2\/media?parent=97920"}],"wp:term":[{"taxonomy":"product_brand","embeddable":true,"href":"https:\/\/radiojingles24.com\/fr\/wp-json\/wp\/v2\/product_brand?post=97920"},{"taxonomy":"product_cat","embeddable":true,"href":"https:\/\/radiojingles24.com\/fr\/wp-json\/wp\/v2\/product_cat?post=97920"},{"taxonomy":"product_tag","embeddable":true,"href":"https:\/\/radiojingles24.com\/fr\/wp-json\/wp\/v2\/product_tag?post=97920"}],"curies":[{"name":"wp","href":"https:\/\/api.w.org\/{rel}","templated":true}]}}